{"id":131,"date":"2022-08-12T12:58:24","date_gmt":"2022-08-12T16:58:24","guid":{"rendered":"https:\/\/businessagility.education\/blog\/?page_id=131"},"modified":"2022-08-12T12:58:24","modified_gmt":"2022-08-12T16:58:24","slug":"business-agility-finland","status":"publish","type":"page","link":"https:\/\/businessagility.education\/blog\/zh\/business-agility-finland\/","title":{"rendered":"\u82ac\u5170\u4e1a\u52a1\u654f\u6377\u6027"},"content":{"rendered":"<figure class=\"wp-block-image size-full\"><img loading=\"lazy\" decoding=\"async\" width=\"640\" height=\"427\" src=\"https:\/\/businessagility.education\/blog\/wp-content\/uploads\/2022\/08\/business-agility-blog-finland.png\" alt=\"business agility finland\" class=\"wp-image-132\" srcset=\"https:\/\/businessagility.education\/blog\/wp-content\/uploads\/2022\/08\/business-agility-blog-finland.png 640w, https:\/\/businessagility.education\/blog\/wp-content\/uploads\/2022\/08\/business-agility-blog-finland-300x200.png 300w, https:\/\/businessagility.education\/blog\/wp-content\/uploads\/2022\/08\/business-agility-blog-finland-18x12.png 18w\" sizes=\"auto, (max-width: 640px) 100vw, 640px\" \/><\/figure>\n\n\n\n<h2 id=\"agilemarketingfinland\">\u82ac\u5170\u7684\u654f\u6377\u8425\u9500<\/h2>\n\n\n\n<p>\u5173\u4e8e\u82ac\u5170\u654f\u6377\u8425\u9500\u7684\u6587\u732e\u7efc\u8ff0\u548c\u77e5\u8bc6\u4f53\u7cfb\u8d21\u732e\u6b63\u5728\u5f00\u53d1\u4e2d - \u4e3b\u9898\uff1a\u654f\u6377\u8425\u9500\u82ac\u5170 ketter\u00e4 markkinointi.<\/p>\n\n\n\n<h2 class=\"wp-block-heading\">\u654f\u6377\u8425\u9500\u4e16\u754c\uff1a\u82ac\u5170\u5927\u5b66<\/h2>\n\n\n\n<p>\u82ac\u5170\u5927\u5b66\u548c\u82ac\u5170\u7814\u7a76\u4eba\u5458\u63a5\u53d7\u6216\u8868\u8fbe\u654f\u6377\u8425\u9500\u5ba3\u8a00\u4ef7\u503c\u89c2\u7684\u654f\u6377\u8425\u9500\u6587\u732e\u7efc\u8ff0\uff1a\"\u901a\u8fc7\u654f\u6377\u8425\u9500\u548c\u7ec4\u7ec7\u8425\u9500\u6280\u672f\uff0c\u63d0\u9ad8\u5e02\u573a\u8425\u9500\u80fd\u529b\"--\u300a\u82ac\u5170\u5927\u5b66\u548c\u7814\u7a76\u4eba\u5458\u7684\u654f\u6377\u8425\u9500\u80fd\u529b\u300b\uff08L\u00f6yd\u00e4mme parempia tapoja tuottaa arvoa asiakaillemme ja organisaatioillemme tekem\u00e4ll\u00e4 markkinointia uusilla tavoilla\uff09\u3002 <a href=\"https:\/\/agilemarketingmanifesto.org\/languages\/finnish\/\" target=\"_blank\" rel=\"noreferrer noopener\">https:\/\/agilemarketingmanifesto.org\/languages\/finnish\/<\/a><\/p>\n\n\n\n<h2 class=\"wp-block-heading\">\u82ac\u5170\u654f\u6377\u8425\u9500\u76f8\u5173\u7814\u7a76<\/h2>\n\n\n\n<h4 class=\"wp-block-heading\">\u82ac\u5170\u5927\u5b66\uff1a\u589e\u957f\u9ed1\u5ba2<\/h4>\n\n\n\n<h3 class=\"wp-block-heading\">\u82ac\u5170\u54c8\u52a0-\u8d6b\u5229\u4e9a\u5e94\u7528\u79d1\u5b66\u5927\u5b66<\/h3>\n\n\n\n<h4 class=\"wp-block-heading\"><strong>\u9a6c\u5c14\u79d1-\u9a6c\u57fa\u548c\u56fe\u4f0a\u4e9a-\u6258\u4f0a\u6c83\u62c9<\/strong><\/h4>\n\n\n\n<h6 class=\"wp-block-heading\">2021<\/h6>\n\n\n\n<p>\"eCom \u9700\u8981\u9488\u5bf9\u5176\u8fd0\u8425\u6a21\u5f0f\u5236\u5b9a\u6218\u7565\uff0c\u5e76\u5728\u9009\u5b9a\u5e02\u573a\u91c7\u53d6\u7075\u6d3b\u7684\u8425\u9500\u7b56\u7565\u548c\u884c\u52a8\"\u3002<\/p>\n\n\n\n<p>M\u00e4ki, M., &amp; Toivola, T. 2021.\u82ac\u5170\u4e2d\u5c0f\u578b\u7535\u5b50\u5546\u52a1\u516c\u53f8\u7684\u5168\u7403\u5e02\u573a\u8fdb\u5165\u3002&nbsp;<em>\u6280\u672f\u521b\u65b0\u7ba1\u7406\u8bc4\u8bba<\/em>, 11(1): 11-21. <\/p>\n\n\n\n<p><a href=\"http:\/\/doi.org\/10.22215\/timreview\/1413\" target=\"_blank\" rel=\"noreferrer noopener\">http:\/\/doi.org\/10.22215\/timreview\/1413 <\/a><\/p>","protected":false},"excerpt":{"rendered":"<p>\u82ac\u5170\u7684\u654f\u6377\u8425\u9500 \u6587\u732e\u7efc\u8ff0\u548c\u5bf9\u82ac\u5170\u654f\u6377\u8425\u9500\u77e5\u8bc6\u4f53\u7cfb\u7684\u8d21\u732e\u6b63\u5728\u5f00\u53d1\u4e2d - \u4e3b\u9898\uff1a\u82ac\u5170\u7684\u654f\u6377\u8425\u9500 ketter\u00e4 markkinointi.\u654f\u6377\u8425\u9500\u4e16\u754c\uff1a\u82ac\u5170\u9ad8\u6821\u654f\u6377\u8425\u9500\u6587\u732e\u7efc\u8ff0 \u82ac\u5170\u9ad8\u6821\u548c\u7814\u7a76\u4eba\u5458\u63a5\u53d7\u6216\u8868\u8fbe\u654f\u6377\u8425\u9500\u5ba3\u8a00\u7684\u4ef7\u503c\u89c2\uff1a\"L\u00f6yd\u00e4mme[......\uff3d<\/p>","protected":false},"author":1,"featured_media":0,"parent":0,"menu_order":0,"comment_status":"closed","ping_status":"closed","template":"","meta":{"footnotes":""},"class_list":["post-131","page","type-page","status-publish","hentry"],"yoast_head":"<!-- This site is optimized with the Yoast SEO plugin v24.9 - https:\/\/yoast.com\/wordpress\/plugins\/seo\/ -->\n<title>Business Agility Finland - Agile HR, Agile Sales &amp; Marketing, Agile Finance<\/title>\n<meta name=\"description\" content=\"Business Agility, Agile Sales, Agile HR and Agile Marketing in Finland Universities. Agility in Business Research and Education in Finland\" \/>\n<meta name=\"robots\" content=\"index, follow, max-snippet:-1, max-image-preview:large, max-video-preview:-1\" \/>\n<link rel=\"canonical\" href=\"https:\/\/businessagility.education\/blog\/zh\/business-agility-finland\/\" \/>\n<meta property=\"og:locale\" content=\"zh_HK\" \/>\n<meta property=\"og:type\" content=\"article\" \/>\n<meta property=\"og:title\" content=\"Business Agility Finland - Agile HR, Agile Sales &amp; Marketing, Agile Finance\" \/>\n<meta property=\"og:description\" content=\"Business Agility, Agile Sales, Agile HR and Agile Marketing in Finland Universities. Agility in Business Research and Education in Finland\" \/>\n<meta property=\"og:url\" content=\"https:\/\/businessagility.education\/blog\/zh\/business-agility-finland\/\" \/>\n<meta property=\"og:site_name\" content=\"Business Agility+AI\" \/>\n<meta property=\"og:image\" content=\"https:\/\/businessagility.education\/blog\/wp-content\/uploads\/2022\/08\/business-agility-blog-finland.png\" \/>\n<meta name=\"twitter:card\" content=\"summary_large_image\" \/>\n<meta name=\"twitter:label1\" content=\"\u9810\u8a08\u95b1\u8b80\u6642\u9593\" \/>\n\t<meta name=\"twitter:data1\" content=\"1 \u5206\u9418\" \/>\n<script type=\"application\/ld+json\" class=\"yoast-schema-graph\">{\"@context\":\"https:\/\/schema.org\",\"@graph\":[{\"@type\":\"WebPage\",\"@id\":\"https:\/\/businessagility.education\/blog\/business-agility-finland\/\",\"url\":\"https:\/\/businessagility.education\/blog\/business-agility-finland\/\",\"name\":\"Business Agility Finland - Agile HR, Agile Sales & Marketing, Agile Finance\",\"isPartOf\":{\"@id\":\"https:\/\/businessagility.education\/blog\/#website\"},\"primaryImageOfPage\":{\"@id\":\"https:\/\/businessagility.education\/blog\/business-agility-finland\/#primaryimage\"},\"image\":{\"@id\":\"https:\/\/businessagility.education\/blog\/business-agility-finland\/#primaryimage\"},\"thumbnailUrl\":\"https:\/\/businessagility.education\/blog\/wp-content\/uploads\/2022\/08\/business-agility-blog-finland.png\",\"datePublished\":\"2022-08-12T16:58:24+00:00\",\"description\":\"Business Agility, Agile Sales, Agile HR and Agile Marketing in Finland Universities. Agility in Business Research and Education in Finland\",\"breadcrumb\":{\"@id\":\"https:\/\/businessagility.education\/blog\/business-agility-finland\/#breadcrumb\"},\"inLanguage\":\"zh-HK\",\"potentialAction\":[{\"@type\":\"ReadAction\",\"target\":[\"https:\/\/businessagility.education\/blog\/business-agility-finland\/\"]}]},{\"@type\":\"ImageObject\",\"inLanguage\":\"zh-HK\",\"@id\":\"https:\/\/businessagility.education\/blog\/business-agility-finland\/#primaryimage\",\"url\":\"https:\/\/businessagility.education\/blog\/wp-content\/uploads\/2022\/08\/business-agility-blog-finland.png\",\"contentUrl\":\"https:\/\/businessagility.education\/blog\/wp-content\/uploads\/2022\/08\/business-agility-blog-finland.png\"},{\"@type\":\"BreadcrumbList\",\"@id\":\"https:\/\/businessagility.education\/blog\/business-agility-finland\/#breadcrumb\",\"itemListElement\":[{\"@type\":\"ListItem\",\"position\":1,\"name\":\"Home\",\"item\":\"https:\/\/businessagility.education\/blog\/\"},{\"@type\":\"ListItem\",\"position\":2,\"name\":\"Business Agility Finland\"}]},{\"@type\":\"WebSite\",\"@id\":\"https:\/\/businessagility.education\/blog\/#website\",\"url\":\"https:\/\/businessagility.education\/blog\/\",\"name\":\"Business Agility+AI\",\"description\":\"The Business Agility + Artificial Intelligence Blog\",\"publisher\":{\"@id\":\"https:\/\/businessagility.education\/blog\/#organization\"},\"potentialAction\":[{\"@type\":\"SearchAction\",\"target\":{\"@type\":\"EntryPoint\",\"urlTemplate\":\"https:\/\/businessagility.education\/blog\/?s={search_term_string}\"},\"query-input\":{\"@type\":\"PropertyValueSpecification\",\"valueRequired\":true,\"valueName\":\"search_term_string\"}}],\"inLanguage\":\"zh-HK\"},{\"@type\":\"Organization\",\"@id\":\"https:\/\/businessagility.education\/blog\/#organization\",\"name\":\"Business Agility+AI\",\"url\":\"https:\/\/businessagility.education\/blog\/\",\"logo\":{\"@type\":\"ImageObject\",\"inLanguage\":\"zh-HK\",\"@id\":\"https:\/\/businessagility.education\/blog\/#\/schema\/logo\/image\/\",\"url\":\"https:\/\/businessagility.education\/blog\/wp-content\/uploads\/2022\/06\/business-agility-blog-logo.png\",\"contentUrl\":\"https:\/\/businessagility.education\/blog\/wp-content\/uploads\/2022\/06\/business-agility-blog-logo.png\",\"width\":200,\"height\":100,\"caption\":\"Business Agility+AI\"},\"image\":{\"@id\":\"https:\/\/businessagility.education\/blog\/#\/schema\/logo\/image\/\"}}]}<\/script>\n<!-- \/ Yoast SEO plugin. -->","yoast_head_json":{"title":"Business Agility Finland - Agile HR, Agile Sales & Marketing, Agile Finance","description":"Business Agility, Agile Sales, Agile HR and Agile Marketing in Finland Universities. Agility in Business Research and Education in Finland","robots":{"index":"index","follow":"follow","max-snippet":"max-snippet:-1","max-image-preview":"max-image-preview:large","max-video-preview":"max-video-preview:-1"},"canonical":"https:\/\/businessagility.education\/blog\/zh\/business-agility-finland\/","og_locale":"zh_HK","og_type":"article","og_title":"Business Agility Finland - Agile HR, Agile Sales & Marketing, Agile Finance","og_description":"Business Agility, Agile Sales, Agile HR and Agile Marketing in Finland Universities. Agility in Business Research and Education in Finland","og_url":"https:\/\/businessagility.education\/blog\/zh\/business-agility-finland\/","og_site_name":"Business Agility+AI","og_image":[{"url":"https:\/\/businessagility.education\/blog\/wp-content\/uploads\/2022\/08\/business-agility-blog-finland.png","type":"","width":"","height":""}],"twitter_card":"summary_large_image","twitter_misc":{"\u9810\u8a08\u95b1\u8b80\u6642\u9593":"1 \u5206\u9418"},"schema":{"@context":"https:\/\/schema.org","@graph":[{"@type":"WebPage","@id":"https:\/\/businessagility.education\/blog\/business-agility-finland\/","url":"https:\/\/businessagility.education\/blog\/business-agility-finland\/","name":"Business Agility Finland - Agile HR, Agile Sales & Marketing, Agile Finance","isPartOf":{"@id":"https:\/\/businessagility.education\/blog\/#website"},"primaryImageOfPage":{"@id":"https:\/\/businessagility.education\/blog\/business-agility-finland\/#primaryimage"},"image":{"@id":"https:\/\/businessagility.education\/blog\/business-agility-finland\/#primaryimage"},"thumbnailUrl":"https:\/\/businessagility.education\/blog\/wp-content\/uploads\/2022\/08\/business-agility-blog-finland.png","datePublished":"2022-08-12T16:58:24+00:00","description":"Business Agility, Agile Sales, Agile HR and Agile Marketing in Finland Universities. Agility in Business Research and Education in Finland","breadcrumb":{"@id":"https:\/\/businessagility.education\/blog\/business-agility-finland\/#breadcrumb"},"inLanguage":"zh-HK","potentialAction":[{"@type":"ReadAction","target":["https:\/\/businessagility.education\/blog\/business-agility-finland\/"]}]},{"@type":"ImageObject","inLanguage":"zh-HK","@id":"https:\/\/businessagility.education\/blog\/business-agility-finland\/#primaryimage","url":"https:\/\/businessagility.education\/blog\/wp-content\/uploads\/2022\/08\/business-agility-blog-finland.png","contentUrl":"https:\/\/businessagility.education\/blog\/wp-content\/uploads\/2022\/08\/business-agility-blog-finland.png"},{"@type":"BreadcrumbList","@id":"https:\/\/businessagility.education\/blog\/business-agility-finland\/#breadcrumb","itemListElement":[{"@type":"ListItem","position":1,"name":"Home","item":"https:\/\/businessagility.education\/blog\/"},{"@type":"ListItem","position":2,"name":"Business Agility Finland"}]},{"@type":"WebSite","@id":"https:\/\/businessagility.education\/blog\/#website","url":"https:\/\/businessagility.education\/blog\/","name":"Business Agility+AI","description":"The Business Agility + Artificial Intelligence Blog","publisher":{"@id":"https:\/\/businessagility.education\/blog\/#organization"},"potentialAction":[{"@type":"SearchAction","target":{"@type":"EntryPoint","urlTemplate":"https:\/\/businessagility.education\/blog\/?s={search_term_string}"},"query-input":{"@type":"PropertyValueSpecification","valueRequired":true,"valueName":"search_term_string"}}],"inLanguage":"zh-HK"},{"@type":"Organization","@id":"https:\/\/businessagility.education\/blog\/#organization","name":"Business Agility+AI","url":"https:\/\/businessagility.education\/blog\/","logo":{"@type":"ImageObject","inLanguage":"zh-HK","@id":"https:\/\/businessagility.education\/blog\/#\/schema\/logo\/image\/","url":"https:\/\/businessagility.education\/blog\/wp-content\/uploads\/2022\/06\/business-agility-blog-logo.png","contentUrl":"https:\/\/businessagility.education\/blog\/wp-content\/uploads\/2022\/06\/business-agility-blog-logo.png","width":200,"height":100,"caption":"Business Agility+AI"},"image":{"@id":"https:\/\/businessagility.education\/blog\/#\/schema\/logo\/image\/"}}]}},"_links":{"self":[{"href":"https:\/\/businessagility.education\/blog\/zh\/wp-json\/wp\/v2\/pages\/131","targetHints":{"allow":["GET"]}}],"collection":[{"href":"https:\/\/businessagility.education\/blog\/zh\/wp-json\/wp\/v2\/pages"}],"about":[{"href":"https:\/\/businessagility.education\/blog\/zh\/wp-json\/wp\/v2\/types\/page"}],"author":[{"embeddable":true,"href":"https:\/\/businessagility.education\/blog\/zh\/wp-json\/wp\/v2\/users\/1"}],"replies":[{"embeddable":true,"href":"https:\/\/businessagility.education\/blog\/zh\/wp-json\/wp\/v2\/comments?post=131"}],"version-history":[{"count":1,"href":"https:\/\/businessagility.education\/blog\/zh\/wp-json\/wp\/v2\/pages\/131\/revisions"}],"predecessor-version":[{"id":133,"href":"https:\/\/businessagility.education\/blog\/zh\/wp-json\/wp\/v2\/pages\/131\/revisions\/133"}],"wp:attachment":[{"href":"https:\/\/businessagility.education\/blog\/zh\/wp-json\/wp\/v2\/media?parent=131"}],"curies":[{"name":"wp","href":"https:\/\/api.w.org\/{rel}","templated":true}]}}