{"id":73,"date":"2022-07-11T12:30:08","date_gmt":"2022-07-11T16:30:08","guid":{"rendered":"https:\/\/businessagility.education\/blog\/?page_id=73"},"modified":"2022-08-15T14:19:45","modified_gmt":"2022-08-15T18:19:45","slug":"business-agility","status":"publish","type":"page","link":"https:\/\/businessagility.education\/blog\/pt\/business-agility\/","title":{"rendered":"Agilidade nos neg\u00f3cios: Sobre os ombros de gigantes e gigantescas"},"content":{"rendered":"<p>Bem-vindo ao Lar dos Acad\u00eamicos em Educa\u00e7\u00e3o e Pesquisa sobre Business Agility! Este \u00e9 meu blog pessoal, meu nome \u00e9 Thomas Hormaza Dow. Embora o nome deste blog seja \"Home of Business Agility Education\", eu o chamo de \"On the Shoulders of Giants\" (Nos ombros de gigantes) <strong>e Giantesses<\/strong>\", pois esse t\u00edtulo me veio \u00e0 mente depois de ler o trabalho de Robert K. Merton e, \u00e9 claro, o pref\u00e1cio de Umberto Eco. Ele serve como meu lembrete e dever de reconhecer que \"tudo que \u00e9 importante j\u00e1 foi dito antes por algu\u00e9m que n\u00e3o o descobriu\". - Alfred North Whitehead.<\/p>\n\n\n\n<p class=\"has-text-align-left\"><strong>IntrAgility, InterAgility e ExtrAgility \u00e9 uma autorreflex\u00e3o educacional para a agilidade nos neg\u00f3cios al\u00e9m das habilidades \u00e1geis de formas<\/strong><\/p>\n\n\n\n<h6 class=\"wp-block-heading\">Pequeno esclarecimento entre M-Skills e <strong><em>\u03c0<\/em><\/strong>-Habilidades moldadas<\/h6>\n\n\n\n<p>Optamos por incluir M-Skills em vez de <strong><em>\u03c0<\/em><\/strong> porque n\u00e3o \u00e9 <a href=\"https:\/\/www.scientificamerican.com\/article\/let-s-use-tau-it-s-easier-than-pi\/\" target=\"_blank\" rel=\"noreferrer noopener\">t=2\u03c0 de qualquer forma, certo?<\/a> Sem mencionar que <strong><em>\u03c0<\/em><\/strong> n\u00e3o \u00e9 N nem M em grego, <strong><em>\u03c0<\/em><\/strong> \u00e9 um P! Pense nisso, <strong>Habilidades P<\/strong> n\u00e3o tem a mesma sonoridade quando voc\u00ea a v\u00ea dessa forma, n\u00e3o concorda? \ud83d\ude03  <\/p>\n\n\n\n<hr class=\"wp-block-separator has-alpha-channel-opacity\"\/>\n\n\n\n<h4 class=\"wp-block-heading\"><strong>O desenvolvimento de habilidades de agilidade nos neg\u00f3cios \u00e9 um processo cont\u00ednuo - a efic\u00e1cia depende do contexto!<\/strong><\/h4>\n\n\n\n<div class=\"wp-block-media-text alignwide is-stacked-on-mobile is-style-default\"><figure class=\"wp-block-media-text__media\"><img loading=\"lazy\" decoding=\"async\" width=\"600\" height=\"340\" src=\"https:\/\/businessagility.education\/blog\/wp-content\/uploads\/2022\/08\/business-agility-i-shaped-skills.png\" alt=\"business agility personal agility i-shaped skills\" class=\"wp-image-100 size-full\" srcset=\"https:\/\/businessagility.education\/blog\/wp-content\/uploads\/2022\/08\/business-agility-i-shaped-skills.png 600w, https:\/\/businessagility.education\/blog\/wp-content\/uploads\/2022\/08\/business-agility-i-shaped-skills-300x170.png 300w, https:\/\/businessagility.education\/blog\/wp-content\/uploads\/2022\/08\/business-agility-i-shaped-skills-18x10.png 18w\" sizes=\"auto, (max-width: 600px) 100vw, 600px\" \/><\/figure><div class=\"wp-block-media-text__content\">\n<p class=\"has-medium-font-size\">A agilidade pessoal \u00e9 uma habilidade em forma de I, nossa mentalidade, intelig\u00eancia emocional, habilidades interpessoais, introspec\u00e7\u00e3o. Esse tipo de agilidade tem a ver com nossa maneira de trabalhar, nossas tarefas, testes e aprendizado.<\/p>\n<\/div><\/div>\n\n\n\n<hr class=\"wp-block-separator has-alpha-channel-opacity is-style-wide\"\/>\n\n\n\n<div class=\"wp-block-media-text alignwide has-media-on-the-right is-stacked-on-mobile\"><figure class=\"wp-block-media-text__media\"><img loading=\"lazy\" decoding=\"async\" width=\"600\" height=\"337\" src=\"https:\/\/businessagility.education\/blog\/wp-content\/uploads\/2022\/08\/business-agility-t-shaped-skills.png\" alt=\"business agility intragility t-shaped skills\" class=\"wp-image-101 size-full\" srcset=\"https:\/\/businessagility.education\/blog\/wp-content\/uploads\/2022\/08\/business-agility-t-shaped-skills.png 600w, https:\/\/businessagility.education\/blog\/wp-content\/uploads\/2022\/08\/business-agility-t-shaped-skills-300x169.png 300w, https:\/\/businessagility.education\/blog\/wp-content\/uploads\/2022\/08\/business-agility-t-shaped-skills-18x10.png 18w\" sizes=\"auto, (max-width: 600px) 100vw, 600px\" \/><\/figure><div class=\"wp-block-media-text__content\">\n<h5 class=\"wp-block-heading\" id=\"intragility\">Agilidade nos neg\u00f3cios<\/h5>\n\n\n\n<p class=\"has-medium-font-size\">IntrAgility \u00e9 uma habilidade em forma de T, de dentro para fora, eficaz em departamentos (por exemplo, Agile Marketing, Agile HR, Agile Finance), mas pode ser limitada se for aplicada somente em uma subfun\u00e7\u00e3o.<\/p>\n<\/div><\/div>\n\n\n\n<hr class=\"wp-block-separator has-alpha-channel-opacity is-style-wide\"\/>\n\n\n\n<div class=\"wp-block-media-text alignwide is-stacked-on-mobile\"><figure class=\"wp-block-media-text__media\"><img loading=\"lazy\" decoding=\"async\" width=\"600\" height=\"336\" src=\"https:\/\/businessagility.education\/blog\/wp-content\/uploads\/2022\/08\/business-agility-m-shaped-skills.png\" alt=\"business agility interagility m-shaped skills\" class=\"wp-image-102 size-full\" srcset=\"https:\/\/businessagility.education\/blog\/wp-content\/uploads\/2022\/08\/business-agility-m-shaped-skills.png 600w, https:\/\/businessagility.education\/blog\/wp-content\/uploads\/2022\/08\/business-agility-m-shaped-skills-300x168.png 300w, https:\/\/businessagility.education\/blog\/wp-content\/uploads\/2022\/08\/business-agility-m-shaped-skills-18x10.png 18w\" sizes=\"auto, (max-width: 600px) 100vw, 600px\" \/><\/figure><div class=\"wp-block-media-text__content\">\n<h5 class=\"wp-block-heading\" id=\"interagility\">InterAgilidade nos neg\u00f3cios<\/h5>\n\n\n\n<p class=\"has-medium-font-size\">InterAgility \u00e9 uma habilidade em forma de M, que descreve visualmente uma forma definida por habilidades gerais + especializadas, mas que se estende a mais de uma subfun\u00e7\u00e3o de neg\u00f3cios.<\/p>\n<\/div><\/div>\n\n\n\n<hr class=\"wp-block-separator has-alpha-channel-opacity is-style-wide\"\/>\n\n\n\n<div class=\"wp-block-media-text alignwide has-media-on-the-right is-stacked-on-mobile\"><figure class=\"wp-block-media-text__media\"><img loading=\"lazy\" decoding=\"async\" width=\"600\" height=\"337\" src=\"https:\/\/businessagility.education\/blog\/wp-content\/uploads\/2022\/08\/business-agility-phi-shaped-skills.png\" alt=\"business agility extragility (phi) \u03a6-shaped skills\" class=\"wp-image-103 size-full\" srcset=\"https:\/\/businessagility.education\/blog\/wp-content\/uploads\/2022\/08\/business-agility-phi-shaped-skills.png 600w, https:\/\/businessagility.education\/blog\/wp-content\/uploads\/2022\/08\/business-agility-phi-shaped-skills-300x169.png 300w, https:\/\/businessagility.education\/blog\/wp-content\/uploads\/2022\/08\/business-agility-phi-shaped-skills-18x10.png 18w\" sizes=\"auto, (max-width: 600px) 100vw, 600px\" \/><\/figure><div class=\"wp-block-media-text__content\">\n<h5 class=\"wp-block-heading\" id=\"extragility\">Agilidade nos neg\u00f3cios<\/h5>\n\n\n\n<p class=\"has-medium-font-size\">ExtrAgility \u00e9 uma habilidade em forma de (phi) \u03a6, uma vis\u00e3o hol\u00edstica e abrange aspectos da responsabilidade social corporativa e dos Objetivos de Desenvolvimento Sustent\u00e1vel (SDGs).<\/p>\n<\/div><\/div>\n\n\n\n<hr class=\"wp-block-separator has-alpha-channel-opacity is-style-wide\"\/>\n\n\n\n<h4 class=\"wp-block-heading\"><strong>IntrAgilidade, InterAgilidade e ExtrAgilidade<\/strong> Fontes<\/h4>\n\n\n\n<p>Hormaza Dow, T. (2022, abril). Estudo estrutural comparativo de sites e proposta de intragilidade, interagilidade e extragilidade como estrutura contextual para orientar um caminho de agilidade empresarial adaptativa [Projeto de MBA]. Universidade Laval, Faculdade de Administra\u00e7\u00e3o de Empresas (FSA) Quebec, Canad\u00e1.<\/p>\n\n\n\n<h4 class=\"wp-block-heading\">Fontes de imagens<\/h4>\n\n\n\n<p>Imagens adquiridas e adaptadas de https:\/\/www.shutterstock.com\/g\/TarikVision<\/p>\n\n\n\n<h4 class=\"wp-block-heading\">Baixar <strong>IntrAgilidade, InterAgilidade e ExtrAgilidade<\/strong> Autorreflex\u00e3o de habilidades PDF<\/h4>\n\n\n\n<div data-wp-interactive=\"core\/file\" class=\"wp-block-file\"><object data-wp-bind--hidden=\"!state.hasPdfPreview\" hidden class=\"wp-block-file__embed\" data=\"https:\/\/businessagility.education\/blog\/wp-content\/uploads\/2022\/08\/Business-Agility-Skills-MicroSession.pdf\" type=\"application\/pdf\" style=\"width:100%;height:600px\" aria-label=\"Incorporado de Embed of Business-Agility-Skills-MicroSession.\"><\/object><a id=\"wp-block-file--media-e3dd839e-e03b-4fcf-aec7-d71324134279\" href=\"https:\/\/businessagility.education\/blog\/wp-content\/uploads\/2022\/08\/Business-Agility-Skills-MicroSession.pdf\">MicroSess\u00e3o de habilidades de agilidade nos neg\u00f3cios<\/a><a href=\"https:\/\/businessagility.education\/blog\/wp-content\/uploads\/2022\/08\/Business-Agility-Skills-MicroSession.pdf\" class=\"wp-block-file__button\" download aria-describedby=\"wp-block-file--media-e3dd839e-e03b-4fcf-aec7-d71324134279\">Baixar<\/a><\/div>","protected":false},"excerpt":{"rendered":"<p>Bem-vindo ao Lar dos Acad\u00eamicos em Educa\u00e7\u00e3o e Pesquisa sobre Business Agility! Este \u00e9 meu blog pessoal, meu nome \u00e9 Thomas Hormaza Dow. Embora o nome deste blog seja \"Home of Business Agility Education\", eu o chamo de \"On the Shoulders of Giants and Giantesses\" (Nos ombros de gigantes e gigantes), pois esse t\u00edtulo me veio \u00e0 mente [...]<\/p>","protected":false},"author":1,"featured_media":97,"parent":0,"menu_order":0,"comment_status":"closed","ping_status":"closed","template":"","meta":{"footnotes":""},"class_list":["post-73","page","type-page","status-publish","has-post-thumbnail","hentry"],"yoast_head":"<!-- This site is optimized with the Yoast SEO plugin v24.9 - https:\/\/yoast.com\/wordpress\/plugins\/seo\/ -->\n<title>Business Agility: On the Shoulders of Giants and Giantesses - Business Agility+AI<\/title>\n<meta name=\"robots\" content=\"index, follow, max-snippet:-1, max-image-preview:large, max-video-preview:-1\" \/>\n<link rel=\"canonical\" href=\"https:\/\/businessagility.education\/blog\/pt\/business-agility\/\" \/>\n<meta property=\"og:locale\" content=\"pt_BR\" \/>\n<meta property=\"og:type\" content=\"article\" \/>\n<meta property=\"og:title\" content=\"Business Agility: On the Shoulders of Giants and Giantesses - Business Agility+AI\" \/>\n<meta property=\"og:description\" content=\"Welcome to the Home of Academics in Business Agility Education and Research! This is my personal Blog, my name is Thomas Hormaza Dow. Although the name of this is the Home of Business Agility Education, I call this open literature review Blog \u201cOn the Shoulders of Giants and Giantesses\u201d as that title came to me [&hellip;]\" \/>\n<meta property=\"og:url\" content=\"https:\/\/businessagility.education\/blog\/pt\/business-agility\/\" \/>\n<meta property=\"og:site_name\" content=\"Business Agility+AI\" \/>\n<meta property=\"article:modified_time\" content=\"2022-08-15T18:19:45+00:00\" \/>\n<meta property=\"og:image\" content=\"https:\/\/businessagility.education\/blog\/wp-content\/uploads\/2022\/08\/business-agility-skill-development.jpg\" \/>\n\t<meta property=\"og:image:width\" content=\"1543\" \/>\n\t<meta property=\"og:image:height\" content=\"877\" \/>\n\t<meta property=\"og:image:type\" content=\"image\/jpeg\" \/>\n<meta name=\"twitter:card\" content=\"summary_large_image\" \/>\n<meta name=\"twitter:label1\" content=\"Est. tempo de leitura\" \/>\n\t<meta name=\"twitter:data1\" content=\"3 minutos\" \/>\n<script type=\"application\/ld+json\" class=\"yoast-schema-graph\">{\"@context\":\"https:\/\/schema.org\",\"@graph\":[{\"@type\":\"WebPage\",\"@id\":\"https:\/\/businessagility.education\/blog\/business-agility\/\",\"url\":\"https:\/\/businessagility.education\/blog\/business-agility\/\",\"name\":\"Business Agility: On the Shoulders of Giants and Giantesses - Business Agility+AI\",\"isPartOf\":{\"@id\":\"https:\/\/businessagility.education\/blog\/#website\"},\"primaryImageOfPage\":{\"@id\":\"https:\/\/businessagility.education\/blog\/business-agility\/#primaryimage\"},\"image\":{\"@id\":\"https:\/\/businessagility.education\/blog\/business-agility\/#primaryimage\"},\"thumbnailUrl\":\"https:\/\/businessagility.education\/blog\/wp-content\/uploads\/2022\/08\/business-agility-skill-development.jpg\",\"datePublished\":\"2022-07-11T16:30:08+00:00\",\"dateModified\":\"2022-08-15T18:19:45+00:00\",\"breadcrumb\":{\"@id\":\"https:\/\/businessagility.education\/blog\/business-agility\/#breadcrumb\"},\"inLanguage\":\"pt-BR\",\"potentialAction\":[{\"@type\":\"ReadAction\",\"target\":[\"https:\/\/businessagility.education\/blog\/business-agility\/\"]}]},{\"@type\":\"ImageObject\",\"inLanguage\":\"pt-BR\",\"@id\":\"https:\/\/businessagility.education\/blog\/business-agility\/#primaryimage\",\"url\":\"https:\/\/businessagility.education\/blog\/wp-content\/uploads\/2022\/08\/business-agility-skill-development.jpg\",\"contentUrl\":\"https:\/\/businessagility.education\/blog\/wp-content\/uploads\/2022\/08\/business-agility-skill-development.jpg\",\"width\":1543,\"height\":877,\"caption\":\"business agility skill development\"},{\"@type\":\"BreadcrumbList\",\"@id\":\"https:\/\/businessagility.education\/blog\/business-agility\/#breadcrumb\",\"itemListElement\":[{\"@type\":\"ListItem\",\"position\":1,\"name\":\"Home\",\"item\":\"https:\/\/businessagility.education\/blog\/\"},{\"@type\":\"ListItem\",\"position\":2,\"name\":\"Business Agility: On the Shoulders of Giants and Giantesses\"}]},{\"@type\":\"WebSite\",\"@id\":\"https:\/\/businessagility.education\/blog\/#website\",\"url\":\"https:\/\/businessagility.education\/blog\/\",\"name\":\"Business Agility+AI\",\"description\":\"The Business Agility + Artificial Intelligence Blog\",\"publisher\":{\"@id\":\"https:\/\/businessagility.education\/blog\/#organization\"},\"potentialAction\":[{\"@type\":\"SearchAction\",\"target\":{\"@type\":\"EntryPoint\",\"urlTemplate\":\"https:\/\/businessagility.education\/blog\/?s={search_term_string}\"},\"query-input\":{\"@type\":\"PropertyValueSpecification\",\"valueRequired\":true,\"valueName\":\"search_term_string\"}}],\"inLanguage\":\"pt-BR\"},{\"@type\":\"Organization\",\"@id\":\"https:\/\/businessagility.education\/blog\/#organization\",\"name\":\"Business Agility+AI\",\"url\":\"https:\/\/businessagility.education\/blog\/\",\"logo\":{\"@type\":\"ImageObject\",\"inLanguage\":\"pt-BR\",\"@id\":\"https:\/\/businessagility.education\/blog\/#\/schema\/logo\/image\/\",\"url\":\"https:\/\/businessagility.education\/blog\/wp-content\/uploads\/2022\/06\/business-agility-blog-logo.png\",\"contentUrl\":\"https:\/\/businessagility.education\/blog\/wp-content\/uploads\/2022\/06\/business-agility-blog-logo.png\",\"width\":200,\"height\":100,\"caption\":\"Business Agility+AI\"},\"image\":{\"@id\":\"https:\/\/businessagility.education\/blog\/#\/schema\/logo\/image\/\"}}]}<\/script>\n<!-- \/ Yoast SEO plugin. -->","yoast_head_json":{"title":"Business Agility: On the Shoulders of Giants and Giantesses - Business Agility+AI","robots":{"index":"index","follow":"follow","max-snippet":"max-snippet:-1","max-image-preview":"max-image-preview:large","max-video-preview":"max-video-preview:-1"},"canonical":"https:\/\/businessagility.education\/blog\/pt\/business-agility\/","og_locale":"pt_BR","og_type":"article","og_title":"Business Agility: On the Shoulders of Giants and Giantesses - Business Agility+AI","og_description":"Welcome to the Home of Academics in Business Agility Education and Research! This is my personal Blog, my name is Thomas Hormaza Dow. Although the name of this is the Home of Business Agility Education, I call this open literature review Blog \u201cOn the Shoulders of Giants and Giantesses\u201d as that title came to me [&hellip;]","og_url":"https:\/\/businessagility.education\/blog\/pt\/business-agility\/","og_site_name":"Business Agility+AI","article_modified_time":"2022-08-15T18:19:45+00:00","og_image":[{"width":1543,"height":877,"url":"https:\/\/businessagility.education\/blog\/wp-content\/uploads\/2022\/08\/business-agility-skill-development.jpg","type":"image\/jpeg"}],"twitter_card":"summary_large_image","twitter_misc":{"Est. tempo de leitura":"3 minutos"},"schema":{"@context":"https:\/\/schema.org","@graph":[{"@type":"WebPage","@id":"https:\/\/businessagility.education\/blog\/business-agility\/","url":"https:\/\/businessagility.education\/blog\/business-agility\/","name":"Business Agility: On the Shoulders of Giants and Giantesses - Business Agility+AI","isPartOf":{"@id":"https:\/\/businessagility.education\/blog\/#website"},"primaryImageOfPage":{"@id":"https:\/\/businessagility.education\/blog\/business-agility\/#primaryimage"},"image":{"@id":"https:\/\/businessagility.education\/blog\/business-agility\/#primaryimage"},"thumbnailUrl":"https:\/\/businessagility.education\/blog\/wp-content\/uploads\/2022\/08\/business-agility-skill-development.jpg","datePublished":"2022-07-11T16:30:08+00:00","dateModified":"2022-08-15T18:19:45+00:00","breadcrumb":{"@id":"https:\/\/businessagility.education\/blog\/business-agility\/#breadcrumb"},"inLanguage":"pt-BR","potentialAction":[{"@type":"ReadAction","target":["https:\/\/businessagility.education\/blog\/business-agility\/"]}]},{"@type":"ImageObject","inLanguage":"pt-BR","@id":"https:\/\/businessagility.education\/blog\/business-agility\/#primaryimage","url":"https:\/\/businessagility.education\/blog\/wp-content\/uploads\/2022\/08\/business-agility-skill-development.jpg","contentUrl":"https:\/\/businessagility.education\/blog\/wp-content\/uploads\/2022\/08\/business-agility-skill-development.jpg","width":1543,"height":877,"caption":"business agility skill development"},{"@type":"BreadcrumbList","@id":"https:\/\/businessagility.education\/blog\/business-agility\/#breadcrumb","itemListElement":[{"@type":"ListItem","position":1,"name":"Home","item":"https:\/\/businessagility.education\/blog\/"},{"@type":"ListItem","position":2,"name":"Business Agility: On the Shoulders of Giants and Giantesses"}]},{"@type":"WebSite","@id":"https:\/\/businessagility.education\/blog\/#website","url":"https:\/\/businessagility.education\/blog\/","name":"Business Agility+AI","description":"The Business Agility + Artificial Intelligence Blog","publisher":{"@id":"https:\/\/businessagility.education\/blog\/#organization"},"potentialAction":[{"@type":"SearchAction","target":{"@type":"EntryPoint","urlTemplate":"https:\/\/businessagility.education\/blog\/?s={search_term_string}"},"query-input":{"@type":"PropertyValueSpecification","valueRequired":true,"valueName":"search_term_string"}}],"inLanguage":"pt-BR"},{"@type":"Organization","@id":"https:\/\/businessagility.education\/blog\/#organization","name":"Business Agility+AI","url":"https:\/\/businessagility.education\/blog\/","logo":{"@type":"ImageObject","inLanguage":"pt-BR","@id":"https:\/\/businessagility.education\/blog\/#\/schema\/logo\/image\/","url":"https:\/\/businessagility.education\/blog\/wp-content\/uploads\/2022\/06\/business-agility-blog-logo.png","contentUrl":"https:\/\/businessagility.education\/blog\/wp-content\/uploads\/2022\/06\/business-agility-blog-logo.png","width":200,"height":100,"caption":"Business Agility+AI"},"image":{"@id":"https:\/\/businessagility.education\/blog\/#\/schema\/logo\/image\/"}}]}},"_links":{"self":[{"href":"https:\/\/businessagility.education\/blog\/pt\/wp-json\/wp\/v2\/pages\/73","targetHints":{"allow":["GET"]}}],"collection":[{"href":"https:\/\/businessagility.education\/blog\/pt\/wp-json\/wp\/v2\/pages"}],"about":[{"href":"https:\/\/businessagility.education\/blog\/pt\/wp-json\/wp\/v2\/types\/page"}],"author":[{"embeddable":true,"href":"https:\/\/businessagility.education\/blog\/pt\/wp-json\/wp\/v2\/users\/1"}],"replies":[{"embeddable":true,"href":"https:\/\/businessagility.education\/blog\/pt\/wp-json\/wp\/v2\/comments?post=73"}],"version-history":[{"count":15,"href":"https:\/\/businessagility.education\/blog\/pt\/wp-json\/wp\/v2\/pages\/73\/revisions"}],"predecessor-version":[{"id":194,"href":"https:\/\/businessagility.education\/blog\/pt\/wp-json\/wp\/v2\/pages\/73\/revisions\/194"}],"wp:featuredmedia":[{"embeddable":true,"href":"https:\/\/businessagility.education\/blog\/pt\/wp-json\/wp\/v2\/media\/97"}],"wp:attachment":[{"href":"https:\/\/businessagility.education\/blog\/pt\/wp-json\/wp\/v2\/media?parent=73"}],"curies":[{"name":"wp","href":"https:\/\/api.w.org\/{rel}","templated":true}]}}