{"id":68,"date":"2022-07-10T07:46:09","date_gmt":"2022-07-10T11:46:09","guid":{"rendered":"https:\/\/businessagility.education\/blog\/?page_id=68"},"modified":"2022-07-10T07:46:10","modified_gmt":"2022-07-10T11:46:10","slug":"business-agility-hub","status":"publish","type":"page","link":"https:\/\/businessagility.education\/blog\/pt\/business-agility-hub\/","title":{"rendered":"Voc\u00ea est\u00e1 procurando um Grupo de Agilidade Empresarial para compartilhar, trocar e crescer livremente?"},"content":{"rendered":"<p class=\"has-text-align-left\">O HUB onde os profissionais de Business Agility v\u00e3o para compartilhar, trocar e crescer:<\/p>\n\n\n\n<ul class=\"wp-block-list\"><li>Compartilhe: trazemos desafios de neg\u00f3cios<\/li><li>Interc\u00e2mbio: trabalhamos juntos\u00a0<\/li><li>Crescer: expandimos nosso corpo coletivo de conhecimento<\/li><\/ul>\n\n\n\n<h3 class=\"wp-block-heading\">Sobre o Business Agility HUB<\/h3>\n\n\n\n<p class=\"has-text-align-center\">100% GR\u00c1TIS! Sem ego, sem interesse comercial, sem pseudoci\u00eancia, sempre neutro. Defendemos o esp\u00edrito de generosidade n\u00e3o calculada e inclus\u00e3o total. Pedimos isso porque, se houver restri\u00e7\u00f5es comerciais, isso acabar\u00e1 se tornando restritivo para algu\u00e9m que n\u00e3o pode pagar por um coach, uma ferramenta, um acesso a dados ou um processo pago.<\/p>\n\n\n\n<p class=\"has-text-align-center\"><a href=\"https:\/\/www.linkedin.com\/groups\/12677045\/\" target=\"_blank\" rel=\"noreferrer noopener\">Junte-se a n\u00f3s no HUB<\/a>!<\/p>\n\n\n<div class=\"wp-block-image\">\n<figure class=\"aligncenter size-full\"><img loading=\"lazy\" decoding=\"async\" width=\"560\" height=\"290\" src=\"https:\/\/businessagility.education\/blog\/wp-content\/uploads\/2022\/07\/business-agility-hub-linkedin.jpg\" alt=\"\" class=\"wp-image-69\" srcset=\"https:\/\/businessagility.education\/blog\/wp-content\/uploads\/2022\/07\/business-agility-hub-linkedin.jpg 560w, https:\/\/businessagility.education\/blog\/wp-content\/uploads\/2022\/07\/business-agility-hub-linkedin-300x155.jpg 300w, https:\/\/businessagility.education\/blog\/wp-content\/uploads\/2022\/07\/business-agility-hub-linkedin-18x9.jpg 18w, https:\/\/businessagility.education\/blog\/wp-content\/uploads\/2022\/07\/business-agility-hub-linkedin-421x218.jpg 421w\" sizes=\"auto, (max-width: 560px) 100vw, 560px\" \/><figcaption>O Centro de Agilidade Empresarial<\/figcaption><\/figure>\n<\/div>","protected":false},"excerpt":{"rendered":"<p>The HUB where Business Agility Professionals go to Share, Exchange and Grow: Share: we bring business challenges Exchange: we work on them together\u00a0 Grow: we expand our collective Body of knowledge About the Business Agility HUB 100% FREE! No Ego, No Commercial Interest, No Pseudo-Science, Always Neutral. We uphold the spirit of uncalculated generosity and [&hellip;]<\/p>","protected":false},"author":1,"featured_media":0,"parent":0,"menu_order":0,"comment_status":"closed","ping_status":"closed","template":"","meta":{"footnotes":""},"class_list":["post-68","page","type-page","status-publish","hentry"],"yoast_head":"<!-- This site is optimized with the Yoast SEO plugin v24.9 - https:\/\/yoast.com\/wordpress\/plugins\/seo\/ -->\n<title>Are you Searching for a Business Agility Group to freely Share, Exchange and Grow? - Business Agility<\/title>\n<meta name=\"description\" content=\"Business Agility HUB Group 100% FREE! Come Freely Share, Exchange and Grow in disciplines such as Agile Marketing, Sales, HR, and Finance\" \/>\n<meta name=\"robots\" content=\"index, follow, max-snippet:-1, max-image-preview:large, max-video-preview:-1\" \/>\n<link rel=\"canonical\" href=\"https:\/\/businessagility.education\/blog\/pt\/business-agility-hub\/\" \/>\n<meta property=\"og:locale\" content=\"pt_BR\" \/>\n<meta property=\"og:type\" content=\"article\" \/>\n<meta property=\"og:title\" content=\"Are you Searching for a Business Agility Group to freely Share, Exchange and Grow? - Business Agility\" \/>\n<meta property=\"og:description\" content=\"Business Agility HUB Group 100% FREE! Come Freely Share, Exchange and Grow in disciplines such as Agile Marketing, Sales, HR, and Finance\" \/>\n<meta property=\"og:url\" content=\"https:\/\/businessagility.education\/blog\/pt\/business-agility-hub\/\" \/>\n<meta property=\"og:site_name\" content=\"Business Agility+AI\" \/>\n<meta property=\"article:modified_time\" content=\"2022-07-10T11:46:10+00:00\" \/>\n<meta property=\"og:image\" content=\"https:\/\/businessagility.education\/blog\/wp-content\/uploads\/2022\/07\/business-agility-hub-linkedin.jpg\" \/>\n<meta name=\"twitter:card\" content=\"summary_large_image\" \/>\n<meta name=\"twitter:label1\" content=\"Est. tempo de leitura\" \/>\n\t<meta name=\"twitter:data1\" content=\"1 minuto\" \/>\n<script type=\"application\/ld+json\" class=\"yoast-schema-graph\">{\"@context\":\"https:\/\/schema.org\",\"@graph\":[{\"@type\":\"WebPage\",\"@id\":\"https:\/\/businessagility.education\/blog\/business-agility-hub\/\",\"url\":\"https:\/\/businessagility.education\/blog\/business-agility-hub\/\",\"name\":\"Are you Searching for a Business Agility Group to freely Share, Exchange and Grow? - Business Agility\",\"isPartOf\":{\"@id\":\"https:\/\/businessagility.education\/blog\/#website\"},\"primaryImageOfPage\":{\"@id\":\"https:\/\/businessagility.education\/blog\/business-agility-hub\/#primaryimage\"},\"image\":{\"@id\":\"https:\/\/businessagility.education\/blog\/business-agility-hub\/#primaryimage\"},\"thumbnailUrl\":\"https:\/\/businessagility.education\/blog\/wp-content\/uploads\/2022\/07\/business-agility-hub-linkedin.jpg\",\"datePublished\":\"2022-07-10T11:46:09+00:00\",\"dateModified\":\"2022-07-10T11:46:10+00:00\",\"description\":\"Business Agility HUB Group 100% FREE! Come Freely Share, Exchange and Grow in disciplines such as Agile Marketing, Sales, HR, and Finance\",\"breadcrumb\":{\"@id\":\"https:\/\/businessagility.education\/blog\/business-agility-hub\/#breadcrumb\"},\"inLanguage\":\"pt-BR\",\"potentialAction\":[{\"@type\":\"ReadAction\",\"target\":[\"https:\/\/businessagility.education\/blog\/business-agility-hub\/\"]}]},{\"@type\":\"ImageObject\",\"inLanguage\":\"pt-BR\",\"@id\":\"https:\/\/businessagility.education\/blog\/business-agility-hub\/#primaryimage\",\"url\":\"https:\/\/businessagility.education\/blog\/wp-content\/uploads\/2022\/07\/business-agility-hub-linkedin.jpg\",\"contentUrl\":\"https:\/\/businessagility.education\/blog\/wp-content\/uploads\/2022\/07\/business-agility-hub-linkedin.jpg\"},{\"@type\":\"BreadcrumbList\",\"@id\":\"https:\/\/businessagility.education\/blog\/business-agility-hub\/#breadcrumb\",\"itemListElement\":[{\"@type\":\"ListItem\",\"position\":1,\"name\":\"Home\",\"item\":\"https:\/\/businessagility.education\/blog\/\"},{\"@type\":\"ListItem\",\"position\":2,\"name\":\"Are you Searching for a Business Agility Group to freely Share, Exchange and Grow?\"}]},{\"@type\":\"WebSite\",\"@id\":\"https:\/\/businessagility.education\/blog\/#website\",\"url\":\"https:\/\/businessagility.education\/blog\/\",\"name\":\"Business Agility+AI\",\"description\":\"The Business Agility + Artificial Intelligence Blog\",\"publisher\":{\"@id\":\"https:\/\/businessagility.education\/blog\/#organization\"},\"potentialAction\":[{\"@type\":\"SearchAction\",\"target\":{\"@type\":\"EntryPoint\",\"urlTemplate\":\"https:\/\/businessagility.education\/blog\/?s={search_term_string}\"},\"query-input\":{\"@type\":\"PropertyValueSpecification\",\"valueRequired\":true,\"valueName\":\"search_term_string\"}}],\"inLanguage\":\"pt-BR\"},{\"@type\":\"Organization\",\"@id\":\"https:\/\/businessagility.education\/blog\/#organization\",\"name\":\"Business Agility+AI\",\"url\":\"https:\/\/businessagility.education\/blog\/\",\"logo\":{\"@type\":\"ImageObject\",\"inLanguage\":\"pt-BR\",\"@id\":\"https:\/\/businessagility.education\/blog\/#\/schema\/logo\/image\/\",\"url\":\"https:\/\/businessagility.education\/blog\/wp-content\/uploads\/2022\/06\/business-agility-blog-logo.png\",\"contentUrl\":\"https:\/\/businessagility.education\/blog\/wp-content\/uploads\/2022\/06\/business-agility-blog-logo.png\",\"width\":200,\"height\":100,\"caption\":\"Business Agility+AI\"},\"image\":{\"@id\":\"https:\/\/businessagility.education\/blog\/#\/schema\/logo\/image\/\"}}]}<\/script>\n<!-- \/ Yoast SEO plugin. -->","yoast_head_json":{"title":"Are you Searching for a Business Agility Group to freely Share, Exchange and Grow? - Business Agility","description":"Business Agility HUB Group 100% FREE! Come Freely Share, Exchange and Grow in disciplines such as Agile Marketing, Sales, HR, and Finance","robots":{"index":"index","follow":"follow","max-snippet":"max-snippet:-1","max-image-preview":"max-image-preview:large","max-video-preview":"max-video-preview:-1"},"canonical":"https:\/\/businessagility.education\/blog\/pt\/business-agility-hub\/","og_locale":"pt_BR","og_type":"article","og_title":"Are you Searching for a Business Agility Group to freely Share, Exchange and Grow? - Business Agility","og_description":"Business Agility HUB Group 100% FREE! Come Freely Share, Exchange and Grow in disciplines such as Agile Marketing, Sales, HR, and Finance","og_url":"https:\/\/businessagility.education\/blog\/pt\/business-agility-hub\/","og_site_name":"Business Agility+AI","article_modified_time":"2022-07-10T11:46:10+00:00","og_image":[{"url":"https:\/\/businessagility.education\/blog\/wp-content\/uploads\/2022\/07\/business-agility-hub-linkedin.jpg","type":"","width":"","height":""}],"twitter_card":"summary_large_image","twitter_misc":{"Est. tempo de leitura":"1 minuto"},"schema":{"@context":"https:\/\/schema.org","@graph":[{"@type":"WebPage","@id":"https:\/\/businessagility.education\/blog\/business-agility-hub\/","url":"https:\/\/businessagility.education\/blog\/business-agility-hub\/","name":"Are you Searching for a Business Agility Group to freely Share, Exchange and Grow? - Business Agility","isPartOf":{"@id":"https:\/\/businessagility.education\/blog\/#website"},"primaryImageOfPage":{"@id":"https:\/\/businessagility.education\/blog\/business-agility-hub\/#primaryimage"},"image":{"@id":"https:\/\/businessagility.education\/blog\/business-agility-hub\/#primaryimage"},"thumbnailUrl":"https:\/\/businessagility.education\/blog\/wp-content\/uploads\/2022\/07\/business-agility-hub-linkedin.jpg","datePublished":"2022-07-10T11:46:09+00:00","dateModified":"2022-07-10T11:46:10+00:00","description":"Business Agility HUB Group 100% FREE! Come Freely Share, Exchange and Grow in disciplines such as Agile Marketing, Sales, HR, and Finance","breadcrumb":{"@id":"https:\/\/businessagility.education\/blog\/business-agility-hub\/#breadcrumb"},"inLanguage":"pt-BR","potentialAction":[{"@type":"ReadAction","target":["https:\/\/businessagility.education\/blog\/business-agility-hub\/"]}]},{"@type":"ImageObject","inLanguage":"pt-BR","@id":"https:\/\/businessagility.education\/blog\/business-agility-hub\/#primaryimage","url":"https:\/\/businessagility.education\/blog\/wp-content\/uploads\/2022\/07\/business-agility-hub-linkedin.jpg","contentUrl":"https:\/\/businessagility.education\/blog\/wp-content\/uploads\/2022\/07\/business-agility-hub-linkedin.jpg"},{"@type":"BreadcrumbList","@id":"https:\/\/businessagility.education\/blog\/business-agility-hub\/#breadcrumb","itemListElement":[{"@type":"ListItem","position":1,"name":"Home","item":"https:\/\/businessagility.education\/blog\/"},{"@type":"ListItem","position":2,"name":"Are you Searching for a Business Agility Group to freely Share, Exchange and Grow?"}]},{"@type":"WebSite","@id":"https:\/\/businessagility.education\/blog\/#website","url":"https:\/\/businessagility.education\/blog\/","name":"Business Agility+AI","description":"The Business Agility + Artificial Intelligence Blog","publisher":{"@id":"https:\/\/businessagility.education\/blog\/#organization"},"potentialAction":[{"@type":"SearchAction","target":{"@type":"EntryPoint","urlTemplate":"https:\/\/businessagility.education\/blog\/?s={search_term_string}"},"query-input":{"@type":"PropertyValueSpecification","valueRequired":true,"valueName":"search_term_string"}}],"inLanguage":"pt-BR"},{"@type":"Organization","@id":"https:\/\/businessagility.education\/blog\/#organization","name":"Business Agility+AI","url":"https:\/\/businessagility.education\/blog\/","logo":{"@type":"ImageObject","inLanguage":"pt-BR","@id":"https:\/\/businessagility.education\/blog\/#\/schema\/logo\/image\/","url":"https:\/\/businessagility.education\/blog\/wp-content\/uploads\/2022\/06\/business-agility-blog-logo.png","contentUrl":"https:\/\/businessagility.education\/blog\/wp-content\/uploads\/2022\/06\/business-agility-blog-logo.png","width":200,"height":100,"caption":"Business Agility+AI"},"image":{"@id":"https:\/\/businessagility.education\/blog\/#\/schema\/logo\/image\/"}}]}},"_links":{"self":[{"href":"https:\/\/businessagility.education\/blog\/pt\/wp-json\/wp\/v2\/pages\/68","targetHints":{"allow":["GET"]}}],"collection":[{"href":"https:\/\/businessagility.education\/blog\/pt\/wp-json\/wp\/v2\/pages"}],"about":[{"href":"https:\/\/businessagility.education\/blog\/pt\/wp-json\/wp\/v2\/types\/page"}],"author":[{"embeddable":true,"href":"https:\/\/businessagility.education\/blog\/pt\/wp-json\/wp\/v2\/users\/1"}],"replies":[{"embeddable":true,"href":"https:\/\/businessagility.education\/blog\/pt\/wp-json\/wp\/v2\/comments?post=68"}],"version-history":[{"count":2,"href":"https:\/\/businessagility.education\/blog\/pt\/wp-json\/wp\/v2\/pages\/68\/revisions"}],"predecessor-version":[{"id":71,"href":"https:\/\/businessagility.education\/blog\/pt\/wp-json\/wp\/v2\/pages\/68\/revisions\/71"}],"wp:attachment":[{"href":"https:\/\/businessagility.education\/blog\/pt\/wp-json\/wp\/v2\/media?parent=68"}],"curies":[{"name":"wp","href":"https:\/\/api.w.org\/{rel}","templated":true}]}}