{"id":555,"date":"2025-04-13T15:28:58","date_gmt":"2025-04-13T19:28:58","guid":{"rendered":"https:\/\/businessagility.education\/blog\/?page_id=555"},"modified":"2025-04-18T12:27:21","modified_gmt":"2025-04-18T16:27:21","slug":"ai-for-sales-executives","status":"publish","type":"page","link":"https:\/\/businessagility.education\/blog\/pt\/ai-for-sales-executives\/","title":{"rendered":"IA para executivos de vendas"},"content":{"rendered":"<p><\/p>\n\n\n\n<h3 class=\"wp-block-heading\">O roteiro completo de 6 meses para l\u00edderes de vendas<\/h3>\n\n\n\n<p>Este abrangente roteiro de aprendizado de seis meses foi projetado para ajudar os executivos de vendas a integrar com confian\u00e7a a Intelig\u00eancia Artificial (IA) em seus fluxos de trabalho de vendas e estrat\u00e9gias de longo prazo. Ele combina ferramentas pr\u00e1ticas, cursos essenciais, insights \u00e9ticos e estruturas Agile para transformar a forma como os l\u00edderes de vendas pensam, operam e lideram.<\/p>\n\n\n\n<p><\/p>\n\n\n\n<figure class=\"wp-block-embed is-type-video is-provider-youtube wp-block-embed-youtube wp-embed-aspect-16-9 wp-has-aspect-ratio\"><div class=\"wp-block-embed__wrapper\">\n<iframe loading=\"lazy\" title=\"IA para executivos de vendas O melhor roteiro de 6 meses para l\u00edderes de vendas\" width=\"580\" height=\"326\" src=\"https:\/\/www.youtube.com\/embed\/nPNX4Stizl0?feature=oembed\" frameborder=\"0\" allow=\"accelerometer; autoplay; clipboard-write; encrypted-media; gyroscope; picture-in-picture; web-share\" referrerpolicy=\"strict-origin-when-cross-origin\" allowfullscreen><\/iframe>\n<\/div><\/figure>\n\n\n\n<p><\/p>\n\n\n\n<hr class=\"wp-block-separator has-alpha-channel-opacity\"\/>\n\n\n\n<h2 class=\"wp-block-heading\">M\u00eas 1: Experimente a IA primeiro<\/h2>\n\n\n\n<p><strong>Meta<\/strong>: Desenvolva a curiosidade e a confian\u00e7a fazendo experimentos com ferramentas de IA.<\/p>\n\n\n\n<p><strong>Por que isso \u00e9 importante<\/strong>: Experimentar a IA em primeira m\u00e3o por meio de tarefas pr\u00e1ticas aumenta o envolvimento e estabelece uma base motivacional para um aprendizado mais profundo.<\/p>\n\n\n\n<p><strong>Ferramentas e cursos:<\/strong><\/p>\n\n\n\n<ul class=\"wp-block-list\">\n<li>ChatGPT: <a>https:\/\/chat.openai.com\/<\/a><\/li>\n\n\n\n<li>Academia OpenAI: <a>https:\/\/academy.openai.com\/<\/a> <\/li>\n<\/ul>\n\n\n\n<p><strong>Principais atividades:<\/strong><\/p>\n\n\n\n<ul class=\"wp-block-list\">\n<li>Gere e-mails de vendas, propostas e respostas usando o ChatGPT.<\/li>\n\n\n\n<li>Reflita sobre como a IA pode melhorar seu trabalho di\u00e1rio.<\/li>\n<\/ul>\n\n\n\n<p><strong>Leitura recomendada:<\/strong><\/p>\n\n\n\n<ul class=\"wp-block-list\">\n<li><strong>Cap\u00edtulo 1: Introdu\u00e7\u00e3o \u00e0s vendas \u00e1geis e \u00e0s vendas assistidas por IA<\/strong><br><a>https:\/\/businessagility.education\/blog\/agile-sales-ai-selling-chapter1\/<\/a><\/li>\n<\/ul>\n\n\n\n<p><em>Apresenta a integra\u00e7\u00e3o estrat\u00e9gica do Agile e do<\/em><\/p>\n\n\n\n<ul class=\"wp-block-list\">\n<li><strong>Cap\u00edtulo 2: Al\u00e9m de \"Sempre estar fechando\" e \"Enxaguar e repetir\"<\/strong><br><a href=\"https:\/\/businessagility.education\/blog\/agile-sales-ai-selling-chapter2\/\">https:\/\/businessagility.education\/blog\/agile-sales-ai-selling-chapter2\/<\/a><\/li>\n<\/ul>\n\n\n\n<p><em>Apresenta o caso da moderniza\u00e7\u00e3o das pr\u00e1ticas de vendas usando Agile e IA. Explica por que as vendas tradicionais precisam de uma atualiza\u00e7\u00e3o, preparando o terreno para a ado\u00e7\u00e3o da IA.<\/em><\/p>\n\n\n\n<hr class=\"wp-block-separator has-alpha-channel-opacity\"\/>\n\n\n\n<h2 class=\"wp-block-heading\">M\u00eas 2: Aprenda no\u00e7\u00f5es b\u00e1sicas de IA<\/h2>\n\n\n\n<p><strong>Meta<\/strong>: Compreender os principais conceitos e a terminologia de IA.<\/p>\n\n\n\n<p><strong>Por que isso \u00e9 importante<\/strong>: A compreens\u00e3o dos conceitos fundamentais de IA ajuda os l\u00edderes de vendas a tomar decis\u00f5es informadas, comunicar-se com os fornecedores e orientar a ado\u00e7\u00e3o pela equipe.<\/p>\n\n\n\n<p><strong>Cursos:<\/strong><\/p>\n\n\n\n<ul class=\"wp-block-list\">\n<li>IA para todos - Coursera (Andrew Ng):<br><a>https:\/\/www.coursera.org\/learn\/ai-for-everyone<\/a><\/li>\n\n\n\n<li>Elementos de IA - Universidade de Helsinque e Reaktor:<br><a>https:\/\/www.elementsofai.com\/<\/a><\/li>\n\n\n\n<li>Introdu\u00e7\u00e3o \u00e0 IA do Google - Cres\u00e7a com o Google:<br><a>https:\/\/grow.google\/ai\/<\/a><\/li>\n<\/ul>\n\n\n\n<p><strong>Principais t\u00f3picos:<\/strong><\/p>\n\n\n\n<ul class=\"wp-block-list\">\n<li>Aprendizado de m\u00e1quina, aprendizado profundo, PNL, redes neurais, ci\u00eancia de dados.<\/li>\n<\/ul>\n\n\n\n<p><strong>Leitura recomendada:<\/strong><\/p>\n\n\n\n<ul class=\"wp-block-list\">\n<li><strong>Cap\u00edtulo 6: Mesclando vendas \u00e1geis com capacita\u00e7\u00e3o orientada por IA<\/strong><br><a>https:\/\/businessagility.education\/blog\/agile-sales-ai-selling-chapter6\/<\/a><\/li>\n<\/ul>\n\n\n\n<p><em>Explica como a IA pode aprimorar as estrat\u00e9gias de capacita\u00e7\u00e3o de vendas, a integra\u00e7\u00e3o e os fluxos de trabalho de conte\u00fado. Preenche a lacuna entre a IA e o desenvolvimento da equipe de vendas.<\/em><\/p>\n\n\n\n<hr class=\"wp-block-separator has-alpha-channel-opacity\"\/>\n\n\n\n<h2 class=\"wp-block-heading\">M\u00eas 3: Use IA em vendas<\/h2>\n\n\n\n<p><strong>Meta<\/strong>: Aplique ferramentas de IA para otimizar a gera\u00e7\u00e3o de leads, o CRM e o alcance.<\/p>\n\n\n\n<p><strong>Por que isso \u00e9 importante<\/strong>: Demonstra valor mensur\u00e1vel ao incorporar a IA aos processos de vendas existentes.<\/p>\n\n\n\n<p><strong>Cursos e ferramentas:<\/strong><\/p>\n\n\n\n<ul class=\"wp-block-list\">\n<li>Fundamentos de IA para profissionais de vendas - LinkedIn Learning:<br><a>https:\/\/www.linkedin.com\/learning\/paths\/ai-essentials-for-sales-professionals<\/a><\/li>\n\n\n\n<li>Ferramentas de IA da HubSpot para vendas:<br><a>https:\/\/www.hubspot.com\/products\/sales\/ai<\/a><\/li>\n\n\n\n<li>IA do Salesforce Einstein:<br><a>https:\/\/www.salesforce.com\/products\/einstein\/overview\/<\/a><\/li>\n\n\n\n<li>Gong.io:<br><a>https:\/\/www.gong.io\/<\/a><\/li>\n<\/ul>\n\n\n\n<p><strong>Principais atividades:<\/strong><\/p>\n\n\n\n<ul class=\"wp-block-list\">\n<li>Automatize a pontua\u00e7\u00e3o de leads, os acompanhamentos por e-mail e as percep\u00e7\u00f5es do pipeline.<\/li>\n<\/ul>\n\n\n\n<p><strong>Leitura recomendada:<\/strong><\/p>\n\n\n\n<ul class=\"wp-block-list\">\n<li><strong>Cap\u00edtulo 8: Espectro de profiss\u00f5es de vendas com vendas \u00e1geis e aprimoramentos de vendas assistidas por IA<\/strong><br><a>https:\/\/businessagility.education\/blog\/agile-sales-ai-selling-chapter8\/<\/a><\/li>\n<\/ul>\n\n\n\n<p><em>Mapeia como as ferramentas de IA aprimoram fun\u00e7\u00f5es de vendas espec\u00edficas, ajudando os alunos a personalizar a implementa\u00e7\u00e3o da IA.<\/em><\/p>\n\n\n\n<hr class=\"wp-block-separator has-alpha-channel-opacity\"\/>\n\n\n\n<h2 class=\"wp-block-heading\">M\u00eas 4: Prompting mestre<\/h2>\n\n\n\n<p><strong>Meta<\/strong>: Desenvolver habilidades para interagir com a IA de forma mais eficaz usando a engenharia de prompt.<\/p>\n\n\n\n<p><strong>Por que isso \u00e9 importante<\/strong>: Os prompts bem estruturados produzem melhores resultados de IA, aumentam a consist\u00eancia e reduzem as falhas de comunica\u00e7\u00e3o.<\/p>\n\n\n\n<p><strong>Curso:<\/strong><\/p>\n\n\n\n<ul class=\"wp-block-list\">\n<li>Prompt Engineering for ChatGPT - Coursera:<br><a>https:\/\/www.coursera.org\/learn\/prompt-engineering<\/a><\/li>\n<\/ul>\n\n\n\n<p><strong>Principais atividades:<\/strong><\/p>\n\n\n\n<ul class=\"wp-block-list\">\n<li>Crie uma biblioteca pessoal de solicita\u00e7\u00f5es: tratamento de obje\u00e7\u00f5es, reda\u00e7\u00e3o de e-mails, perguntas de descoberta.<\/li>\n<\/ul>\n\n\n\n<p><strong>Leitura recomendada:<\/strong><\/p>\n\n\n\n<ul class=\"wp-block-list\">\n<li><strong>Cap\u00edtulo 9: Excel\u00eancia \u00e1gil em vendas: Integra\u00e7\u00e3o de Scrum e Kanban<\/strong><br><a>https:\/\/businessagility.education\/blog\/agile-sales-ai-selling-chapter9\/<\/a><\/li>\n<\/ul>\n\n\n\n<p><em>Vincula estruturas Agile a intera\u00e7\u00f5es iterativas de IA. Incentiva a experimenta\u00e7\u00e3o estruturada e os ciclos de feedback.<\/em><\/p>\n\n\n\n<hr class=\"wp-block-separator has-alpha-channel-opacity\"\/>\n\n\n\n<h2 class=\"wp-block-heading\">M\u00eas 5: Aprenda IA respons\u00e1vel<\/h2>\n\n\n\n<p><strong>Meta<\/strong>: Entenda como usar a IA de forma \u00e9tica e respons\u00e1vel nas intera\u00e7\u00f5es com os clientes.<\/p>\n\n\n\n<p><strong>Por que isso \u00e9 importante<\/strong>: Criar confian\u00e7a por meio do uso \u00e9tico da IA \u00e9 essencial para a reputa\u00e7\u00e3o, a conformidade e o sucesso a longo prazo.<\/p>\n\n\n\n<p><strong>Cursos e recursos:<\/strong><\/p>\n\n\n\n<ul class=\"wp-block-list\">\n<li>IA respons\u00e1vel - Google:<br><a>https:\/\/grow.google\/ai\/<\/a><\/li>\n\n\n\n<li>IA na \u00e9tica de vendas - Guia do Salesforce:<br><a>https:\/\/www.salesforce.com\/resources\/articles\/ai-in-sales\/<\/a><\/li>\n\n\n\n<li>Princ\u00edpios de \u00e9tica de IA da OCDE:<br><a>https:\/\/www.oecd.org\/going-digital\/ai\/principles\/<\/a><\/li>\n<\/ul>\n\n\n\n<p><strong>Principais t\u00f3picos:<\/strong><\/p>\n\n\n\n<ul class=\"wp-block-list\">\n<li>Alucina\u00e7\u00f5es de IA, vi\u00e9s algor\u00edtmico, privacidade de dados, confian\u00e7a do cliente.<\/li>\n<\/ul>\n\n\n\n<p><strong>Leitura recomendada:<\/strong><\/p>\n\n\n\n<ul class=\"wp-block-list\">\n<li><strong>Cap\u00edtulo 3: O foco no cliente como pedra angular das vendas \u00e1geis e das vendas assistidas por IA<\/strong><br><a>https:\/\/businessagility.education\/blog\/agile-sales-ai-selling-chapter3\/<\/a><\/li>\n<\/ul>\n\n\n\n<p><em>Explica como o pensamento que prioriza o cliente sustenta as pr\u00e1ticas \u00e9ticas de IA.<\/em><\/p>\n\n\n\n<ul class=\"wp-block-list\">\n<li><strong>Cap\u00edtulo 4: Complementaridade entre humanos e IA em vendas<\/strong><br><a>https:\/\/businessagility.education\/blog\/agile-sales-ai-selling-chapter4\/<\/a><\/li>\n<\/ul>\n\n\n\n<p><em>Enquadra o uso \u00e9tico da IA como uma for\u00e7a colaborativa que complementa, e n\u00e3o substitui, os esfor\u00e7os humanos de vendas.<\/em><\/p>\n\n\n\n<hr class=\"wp-block-separator has-alpha-channel-opacity\"\/>\n\n\n\n<h2 class=\"wp-block-heading\">M\u00eas 6: Criar uma estrat\u00e9gia de vendas com IA<\/h2>\n\n\n\n<p><strong>Meta<\/strong>: Projete e lidere o plano de ado\u00e7\u00e3o de IA de longo prazo da sua equipe.<\/p>\n\n\n\n<p><strong>Por que isso \u00e9 importante<\/strong>: O alinhamento estrat\u00e9gico garante valor sustent\u00e1vel, gerenciamento de mudan\u00e7as mais suave e resultados escalon\u00e1veis.<\/p>\n\n\n\n<p><strong>Curso:<\/strong><\/p>\n\n\n\n<ul class=\"wp-block-list\">\n<li>IA para l\u00edderes empresariais - edX:<br><a>https:\/\/www.edx.org\/course\/ai-for-business-leaders<\/a><\/li>\n<\/ul>\n\n\n\n<p><strong>Principais atividades:<\/strong><\/p>\n\n\n\n<ul class=\"wp-block-list\">\n<li>Elabore o roteiro de IA da sua equipe.<\/li>\n\n\n\n<li>Identificar KPIs: convers\u00e3o de leads, tempo do ciclo de vendas, satisfa\u00e7\u00e3o do cliente.<\/li>\n\n\n\n<li>Planeje o treinamento da equipe e as fases piloto.<\/li>\n<\/ul>\n\n\n\n<p><strong>Leitura recomendada:<\/strong><\/p>\n\n\n\n<ul class=\"wp-block-list\">\n<li><strong>Cap\u00edtulo 5: O processo de vendas \u00e1geis em oito etapas e o processo de vendas assistidas por IA<\/strong><br><a>https:\/\/businessagility.education\/blog\/agile-sales-ai-selling-chapter5\/<\/a><\/li>\n<\/ul>\n\n\n\n<p><em>Fornece um fluxo de trabalho de vendas estruturado que as ferramentas de IA podem apoiar e aprimorar.<\/em><\/p>\n\n\n\n<hr class=\"wp-block-separator has-alpha-channel-opacity\"\/>\n\n\n\n<p>Este roteiro ajuda os l\u00edderes de vendas n\u00e3o apenas a adotar a IA, mas tamb\u00e9m a lider\u00e1-la - com uma base s\u00f3lida em pensamento \u00e1gil, responsabilidade \u00e9tica e implementa\u00e7\u00e3o estrat\u00e9gica. Para obter orienta\u00e7\u00e3o, <a href=\"https:\/\/www.linkedin.com\/company\/business-agility-education\/\">Entre em contato conosco<\/a>!<\/p>\n\n\n\n<p><\/p>\n\n\n\n<div data-wp-interactive=\"core\/file\" class=\"wp-block-file\"><object data-wp-bind--hidden=\"!state.hasPdfPreview\" hidden class=\"wp-block-file__embed\" data=\"https:\/\/businessagility.education\/blog\/wp-content\/uploads\/2025\/04\/AI-for-Sales-Executives.pdf\" type=\"application\/pdf\" style=\"width:100%;height:600px\" aria-label=\"Incorporado de AI-for-Sales-Executives.\"><\/object><a id=\"wp-block-file--media-9f09009a-7d0b-40dd-817a-fda11b477e01\" href=\"https:\/\/businessagility.education\/blog\/wp-content\/uploads\/2025\/04\/AI-for-Sales-Executives.pdf\">IA para executivos de vendas<\/a><a href=\"https:\/\/businessagility.education\/blog\/wp-content\/uploads\/2025\/04\/AI-for-Sales-Executives.pdf\" class=\"wp-block-file__button wp-element-button\" download aria-describedby=\"wp-block-file--media-9f09009a-7d0b-40dd-817a-fda11b477e01\">Baixar<\/a><\/div>","protected":false},"excerpt":{"rendered":"<p>The Complete 6-Month Roadmap for Sales Leaders This comprehensive 6-month learning roadmap is designed to help sales executives confidently integrate Artificial Intelligence (AI) into their sales workflows and long-term strategies. It combines hands-on tools, essential courses, ethical insights, and Agile frameworks to transform how sales leaders think, operate, and lead. Month 1: Try AI First [&hellip;]<\/p>","protected":false},"author":1,"featured_media":559,"parent":0,"menu_order":0,"comment_status":"closed","ping_status":"closed","template":"","meta":{"footnotes":""},"class_list":["post-555","page","type-page","status-publish","has-post-thumbnail","hentry"],"yoast_head":"<!-- This site is optimized with the Yoast SEO plugin v24.9 - https:\/\/yoast.com\/wordpress\/plugins\/seo\/ -->\n<title>AI for Sales Executives - Business Agility+AI<\/title>\n<meta name=\"description\" content=\"AI for Sales Executives 6-month roadmap helps sales executives master AI tools, strategy, and ethics, step by step + PDF &amp; Video\" \/>\n<meta name=\"robots\" content=\"index, follow, max-snippet:-1, max-image-preview:large, max-video-preview:-1\" \/>\n<link rel=\"canonical\" href=\"https:\/\/businessagility.education\/blog\/pt\/ai-for-sales-executives\/\" \/>\n<meta property=\"og:locale\" content=\"pt_BR\" \/>\n<meta property=\"og:type\" content=\"article\" \/>\n<meta property=\"og:title\" content=\"AI for Sales Executives - Business Agility+AI\" \/>\n<meta property=\"og:description\" content=\"AI for Sales Executives 6-month roadmap helps sales executives master AI tools, strategy, and ethics, step by step + PDF &amp; Video\" \/>\n<meta property=\"og:url\" content=\"https:\/\/businessagility.education\/blog\/pt\/ai-for-sales-executives\/\" \/>\n<meta property=\"og:site_name\" content=\"Business Agility+AI\" \/>\n<meta property=\"article:modified_time\" content=\"2025-04-18T16:27:21+00:00\" \/>\n<meta property=\"og:image\" content=\"https:\/\/businessagility.education\/blog\/wp-content\/uploads\/2025\/04\/ai-for-sales-executives.jpg\" \/>\n\t<meta property=\"og:image:width\" content=\"1597\" \/>\n\t<meta property=\"og:image:height\" content=\"934\" \/>\n\t<meta property=\"og:image:type\" content=\"image\/jpeg\" \/>\n<meta name=\"twitter:card\" content=\"summary_large_image\" \/>\n<meta name=\"twitter:label1\" content=\"Est. tempo de leitura\" \/>\n\t<meta name=\"twitter:data1\" content=\"4 minutos\" \/>\n<script type=\"application\/ld+json\" class=\"yoast-schema-graph\">{\"@context\":\"https:\/\/schema.org\",\"@graph\":[{\"@type\":\"WebPage\",\"@id\":\"https:\/\/businessagility.education\/blog\/ai-for-sales-executives\/\",\"url\":\"https:\/\/businessagility.education\/blog\/ai-for-sales-executives\/\",\"name\":\"AI for Sales Executives - Business Agility+AI\",\"isPartOf\":{\"@id\":\"https:\/\/businessagility.education\/blog\/#website\"},\"primaryImageOfPage\":{\"@id\":\"https:\/\/businessagility.education\/blog\/ai-for-sales-executives\/#primaryimage\"},\"image\":{\"@id\":\"https:\/\/businessagility.education\/blog\/ai-for-sales-executives\/#primaryimage\"},\"thumbnailUrl\":\"https:\/\/businessagility.education\/blog\/wp-content\/uploads\/2025\/04\/ai-for-sales-executives.jpg\",\"datePublished\":\"2025-04-13T19:28:58+00:00\",\"dateModified\":\"2025-04-18T16:27:21+00:00\",\"description\":\"AI for Sales Executives 6-month roadmap helps sales executives master AI tools, strategy, and ethics, step by step + PDF & Video\",\"breadcrumb\":{\"@id\":\"https:\/\/businessagility.education\/blog\/ai-for-sales-executives\/#breadcrumb\"},\"inLanguage\":\"pt-BR\",\"potentialAction\":[{\"@type\":\"ReadAction\",\"target\":[\"https:\/\/businessagility.education\/blog\/ai-for-sales-executives\/\"]}]},{\"@type\":\"ImageObject\",\"inLanguage\":\"pt-BR\",\"@id\":\"https:\/\/businessagility.education\/blog\/ai-for-sales-executives\/#primaryimage\",\"url\":\"https:\/\/businessagility.education\/blog\/wp-content\/uploads\/2025\/04\/ai-for-sales-executives.jpg\",\"contentUrl\":\"https:\/\/businessagility.education\/blog\/wp-content\/uploads\/2025\/04\/ai-for-sales-executives.jpg\",\"width\":1597,\"height\":934,\"caption\":\"AI for Sales Executives\"},{\"@type\":\"BreadcrumbList\",\"@id\":\"https:\/\/businessagility.education\/blog\/ai-for-sales-executives\/#breadcrumb\",\"itemListElement\":[{\"@type\":\"ListItem\",\"position\":1,\"name\":\"Home\",\"item\":\"https:\/\/businessagility.education\/blog\/\"},{\"@type\":\"ListItem\",\"position\":2,\"name\":\"AI for Sales Executives\"}]},{\"@type\":\"WebSite\",\"@id\":\"https:\/\/businessagility.education\/blog\/#website\",\"url\":\"https:\/\/businessagility.education\/blog\/\",\"name\":\"Business Agility+AI\",\"description\":\"The Business Agility + Artificial Intelligence Blog\",\"publisher\":{\"@id\":\"https:\/\/businessagility.education\/blog\/#organization\"},\"potentialAction\":[{\"@type\":\"SearchAction\",\"target\":{\"@type\":\"EntryPoint\",\"urlTemplate\":\"https:\/\/businessagility.education\/blog\/?s={search_term_string}\"},\"query-input\":{\"@type\":\"PropertyValueSpecification\",\"valueRequired\":true,\"valueName\":\"search_term_string\"}}],\"inLanguage\":\"pt-BR\"},{\"@type\":\"Organization\",\"@id\":\"https:\/\/businessagility.education\/blog\/#organization\",\"name\":\"Business Agility+AI\",\"url\":\"https:\/\/businessagility.education\/blog\/\",\"logo\":{\"@type\":\"ImageObject\",\"inLanguage\":\"pt-BR\",\"@id\":\"https:\/\/businessagility.education\/blog\/#\/schema\/logo\/image\/\",\"url\":\"https:\/\/businessagility.education\/blog\/wp-content\/uploads\/2022\/06\/business-agility-blog-logo.png\",\"contentUrl\":\"https:\/\/businessagility.education\/blog\/wp-content\/uploads\/2022\/06\/business-agility-blog-logo.png\",\"width\":200,\"height\":100,\"caption\":\"Business Agility+AI\"},\"image\":{\"@id\":\"https:\/\/businessagility.education\/blog\/#\/schema\/logo\/image\/\"}}]}<\/script>\n<!-- \/ Yoast SEO plugin. -->","yoast_head_json":{"title":"AI for Sales Executives - Business Agility+AI","description":"AI for Sales Executives 6-month roadmap helps sales executives master AI tools, strategy, and ethics, step by step + PDF & Video","robots":{"index":"index","follow":"follow","max-snippet":"max-snippet:-1","max-image-preview":"max-image-preview:large","max-video-preview":"max-video-preview:-1"},"canonical":"https:\/\/businessagility.education\/blog\/pt\/ai-for-sales-executives\/","og_locale":"pt_BR","og_type":"article","og_title":"AI for Sales Executives - Business Agility+AI","og_description":"AI for Sales Executives 6-month roadmap helps sales executives master AI tools, strategy, and ethics, step by step + PDF & Video","og_url":"https:\/\/businessagility.education\/blog\/pt\/ai-for-sales-executives\/","og_site_name":"Business Agility+AI","article_modified_time":"2025-04-18T16:27:21+00:00","og_image":[{"width":1597,"height":934,"url":"https:\/\/businessagility.education\/blog\/wp-content\/uploads\/2025\/04\/ai-for-sales-executives.jpg","type":"image\/jpeg"}],"twitter_card":"summary_large_image","twitter_misc":{"Est. tempo de leitura":"4 minutos"},"schema":{"@context":"https:\/\/schema.org","@graph":[{"@type":"WebPage","@id":"https:\/\/businessagility.education\/blog\/ai-for-sales-executives\/","url":"https:\/\/businessagility.education\/blog\/ai-for-sales-executives\/","name":"AI for Sales Executives - Business Agility+AI","isPartOf":{"@id":"https:\/\/businessagility.education\/blog\/#website"},"primaryImageOfPage":{"@id":"https:\/\/businessagility.education\/blog\/ai-for-sales-executives\/#primaryimage"},"image":{"@id":"https:\/\/businessagility.education\/blog\/ai-for-sales-executives\/#primaryimage"},"thumbnailUrl":"https:\/\/businessagility.education\/blog\/wp-content\/uploads\/2025\/04\/ai-for-sales-executives.jpg","datePublished":"2025-04-13T19:28:58+00:00","dateModified":"2025-04-18T16:27:21+00:00","description":"AI for Sales Executives 6-month roadmap helps sales executives master AI tools, strategy, and ethics, step by step + PDF & Video","breadcrumb":{"@id":"https:\/\/businessagility.education\/blog\/ai-for-sales-executives\/#breadcrumb"},"inLanguage":"pt-BR","potentialAction":[{"@type":"ReadAction","target":["https:\/\/businessagility.education\/blog\/ai-for-sales-executives\/"]}]},{"@type":"ImageObject","inLanguage":"pt-BR","@id":"https:\/\/businessagility.education\/blog\/ai-for-sales-executives\/#primaryimage","url":"https:\/\/businessagility.education\/blog\/wp-content\/uploads\/2025\/04\/ai-for-sales-executives.jpg","contentUrl":"https:\/\/businessagility.education\/blog\/wp-content\/uploads\/2025\/04\/ai-for-sales-executives.jpg","width":1597,"height":934,"caption":"AI for Sales Executives"},{"@type":"BreadcrumbList","@id":"https:\/\/businessagility.education\/blog\/ai-for-sales-executives\/#breadcrumb","itemListElement":[{"@type":"ListItem","position":1,"name":"Home","item":"https:\/\/businessagility.education\/blog\/"},{"@type":"ListItem","position":2,"name":"AI for Sales Executives"}]},{"@type":"WebSite","@id":"https:\/\/businessagility.education\/blog\/#website","url":"https:\/\/businessagility.education\/blog\/","name":"Business Agility+AI","description":"The Business Agility + Artificial Intelligence Blog","publisher":{"@id":"https:\/\/businessagility.education\/blog\/#organization"},"potentialAction":[{"@type":"SearchAction","target":{"@type":"EntryPoint","urlTemplate":"https:\/\/businessagility.education\/blog\/?s={search_term_string}"},"query-input":{"@type":"PropertyValueSpecification","valueRequired":true,"valueName":"search_term_string"}}],"inLanguage":"pt-BR"},{"@type":"Organization","@id":"https:\/\/businessagility.education\/blog\/#organization","name":"Business Agility+AI","url":"https:\/\/businessagility.education\/blog\/","logo":{"@type":"ImageObject","inLanguage":"pt-BR","@id":"https:\/\/businessagility.education\/blog\/#\/schema\/logo\/image\/","url":"https:\/\/businessagility.education\/blog\/wp-content\/uploads\/2022\/06\/business-agility-blog-logo.png","contentUrl":"https:\/\/businessagility.education\/blog\/wp-content\/uploads\/2022\/06\/business-agility-blog-logo.png","width":200,"height":100,"caption":"Business Agility+AI"},"image":{"@id":"https:\/\/businessagility.education\/blog\/#\/schema\/logo\/image\/"}}]}},"_links":{"self":[{"href":"https:\/\/businessagility.education\/blog\/pt\/wp-json\/wp\/v2\/pages\/555","targetHints":{"allow":["GET"]}}],"collection":[{"href":"https:\/\/businessagility.education\/blog\/pt\/wp-json\/wp\/v2\/pages"}],"about":[{"href":"https:\/\/businessagility.education\/blog\/pt\/wp-json\/wp\/v2\/types\/page"}],"author":[{"embeddable":true,"href":"https:\/\/businessagility.education\/blog\/pt\/wp-json\/wp\/v2\/users\/1"}],"replies":[{"embeddable":true,"href":"https:\/\/businessagility.education\/blog\/pt\/wp-json\/wp\/v2\/comments?post=555"}],"version-history":[{"count":4,"href":"https:\/\/businessagility.education\/blog\/pt\/wp-json\/wp\/v2\/pages\/555\/revisions"}],"predecessor-version":[{"id":564,"href":"https:\/\/businessagility.education\/blog\/pt\/wp-json\/wp\/v2\/pages\/555\/revisions\/564"}],"wp:featuredmedia":[{"embeddable":true,"href":"https:\/\/businessagility.education\/blog\/pt\/wp-json\/wp\/v2\/media\/559"}],"wp:attachment":[{"href":"https:\/\/businessagility.education\/blog\/pt\/wp-json\/wp\/v2\/media?parent=555"}],"curies":[{"name":"wp","href":"https:\/\/api.w.org\/{rel}","templated":true}]}}