{"id":379,"date":"2024-10-01T19:23:44","date_gmt":"2024-10-01T23:23:44","guid":{"rendered":"https:\/\/businessagility.education\/blog\/?page_id=379"},"modified":"2024-10-01T19:23:45","modified_gmt":"2024-10-01T23:23:45","slug":"aci-vs-hac","status":"publish","type":"page","link":"https:\/\/businessagility.education\/blog\/pt\/aci-vs-hac\/","title":{"rendered":"Intelig\u00eancia coletiva aumentada (ACI) e complementaridade homem-IA (HAC)"},"content":{"rendered":"<p><\/p>\n\n\n\n<p><strong>ACI e HAC: dois lados da mesma moeda<\/strong><\/p>\n\n\n\n<p>No mundo atual, a rela\u00e7\u00e3o entre os seres humanos e a intelig\u00eancia artificial (IA) est\u00e1 evoluindo rapidamente, e dois termos-chave s\u00e3o frequentemente usados para descrever essa sinergia: <strong>Intelig\u00eancia Coletiva Aumentada (ACI)<\/strong> e <strong>Complementaridade entre humanos e IA (HAC)<\/strong>. Embora esses termos possam parecer inicialmente distintos, ambos apontam para um objetivo comum: aproveitar o poder da colabora\u00e7\u00e3o entre humanos e IA para alcan\u00e7ar resultados que nenhum deles poderia alcan\u00e7ar sozinho. Vamos explorar esses conceitos em mais detalhes e ver por que eles s\u00e3o, essencialmente, dois lados da mesma moeda.<\/p>\n\n\n\n<p><\/p>\n\n\n\n<figure class=\"wp-block-embed is-type-video is-provider-youtube wp-block-embed-youtube wp-embed-aspect-16-9 wp-has-aspect-ratio\"><div class=\"wp-block-embed__wrapper\">\n<iframe loading=\"lazy\" title=\"Intelig\u00eancia coletiva aumentada (ACI) e complementaridade homem-IA (HAC) #aieducation\" width=\"580\" height=\"326\" src=\"https:\/\/www.youtube.com\/embed\/F9Vi0YjGcfA?feature=oembed\" frameborder=\"0\" allow=\"accelerometer; autoplay; clipboard-write; encrypted-media; gyroscope; picture-in-picture; web-share\" referrerpolicy=\"strict-origin-when-cross-origin\" allowfullscreen><\/iframe>\n<\/div><\/figure>\n\n\n\n<p><\/p>\n\n\n\n<h3 class=\"wp-block-heading\">O que \u00e9 a intelig\u00eancia coletiva aumentada (ACI)?<\/h3>\n\n\n\n<p>Augmented Collective Intelligence (ACI) refere-se \u00e0 poderosa intelig\u00eancia coletiva que surge quando humanos e IA colaboram. Ela se baseia na ideia de que humanos e IA, ao trabalharem juntos, podem criar uma sinergia em que seus recursos combinados superam seus pontos fortes individuais. A ACI \u00e9 frequentemente discutida nos c\u00edrculos acad\u00eamicos e de pesquisa, onde o foco \u00e9 entender como as parcerias entre humanos e IA podem levar a decis\u00f5es mais perspicazes, melhor resolu\u00e7\u00e3o de problemas e maior criatividade.<\/p>\n\n\n\n<p>A ideia central da ACI \u00e9 que <strong>A IA pode aumentar as capacidades humanas<\/strong>A IA ajuda indiv\u00edduos e equipes a processar dados complexos, identificar padr\u00f5es e tomar decis\u00f5es informadas com mais rapidez e precis\u00e3o. Por sua vez, os seres humanos contribuem com criatividade, empatia e compreens\u00e3o contextual, \u00e1reas em que a IA \u00e9 menos capaz. Essa intelig\u00eancia coletiva - constru\u00edda com base nos pontos fortes de humanos e m\u00e1quinas - tem o potencial de revolucionar campos como sa\u00fade, educa\u00e7\u00e3o, neg\u00f3cios e governan\u00e7a.<\/p>\n\n\n\n<p>Por exemplo, na \u00e1rea da sa\u00fade, a ACI pode aumentar a precis\u00e3o do diagn\u00f3stico. A IA pode processar rapidamente grandes quantidades de dados de pacientes e sinalizar poss\u00edveis problemas de sa\u00fade que podem passar despercebidos por um m\u00e9dico humano. No entanto, a experi\u00eancia e a empatia do m\u00e9dico s\u00e3o essenciais para contextualizar essas descobertas e tomar as decis\u00f5es finais que melhor atendam ao paciente.<\/p>\n\n\n\n<h3 class=\"wp-block-heading\">O que \u00e9 a complementaridade homem-IA (HAC)?<\/h3>\n\n\n\n<p>Embora a ACI enfatize a ideia de \"intelig\u00eancia coletiva\", a <strong>Complementaridade entre humanos e IA (HAC)<\/strong> concentra-se mais nas fun\u00e7\u00f5es distintas e complementares que os seres humanos e a IA desempenham na colabora\u00e7\u00e3o. O HAC destaca que os seres humanos e a IA trazem habilidades diferentes, mas complementares, para a mesa. Enquanto os humanos se destacam em criatividade, intelig\u00eancia emocional e pensamento estrat\u00e9gico, a IA se destaca em processamento de dados, reconhecimento de padr\u00f5es e execu\u00e7\u00e3o de tarefas repetitivas.<\/p>\n\n\n\n<p>O HAC \u00e9 frequentemente discutido em contextos comerciais e industriais, onde o foco est\u00e1 nas aplica\u00e7\u00f5es pr\u00e1ticas. Nesses contextos, <strong>A IA n\u00e3o \u00e9 vista como um substituto para os trabalhadores humanos, mas como uma ferramenta para complementar e aprimorar o desempenho humano<\/strong>. Em \u00e1reas como finan\u00e7as, atendimento ao cliente e marketing, o HAC pode aumentar a produtividade, melhorar a tomada de decis\u00f5es e aprimorar as experi\u00eancias dos clientes.<\/p>\n\n\n\n<p>Por exemplo, no atendimento ao cliente, os chatbots com tecnologia de IA podem lidar com consultas de rotina, como verificar o status de pedidos ou responder a perguntas comuns, liberando os agentes humanos para se concentrarem em intera\u00e7\u00f5es mais complexas ou com nuances emocionais. Essa abordagem complementar maximiza a efici\u00eancia sem sacrificar o toque pessoal que somente os humanos podem oferecer.<\/p>\n\n\n\n<h3 class=\"wp-block-heading\">ACI e HAC: um conceito unificado<\/h3>\n\n\n\n<p>\u00c0 primeira vista, a ACI e a HAC podem parecer representar ideias diferentes - uma se concentra na intelig\u00eancia coletiva e a outra em habilidades complementares. No entanto, em \u00faltima an\u00e1lise, elas descrevem o mesmo fen\u00f4meno: a parceria produtiva entre humanos e IA.<\/p>\n\n\n\n<ul class=\"wp-block-list\">\n<li><strong>ACI<\/strong> tende a ser usado em contextos te\u00f3ricos ou de pesquisa, enfatizando a intelig\u00eancia coletiva que surge da colabora\u00e7\u00e3o entre humanos e IA.<\/li>\n\n\n\n<li><strong>HAC<\/strong> \u00e9 mais comumente usado em ambientes comerciais e pr\u00e1ticos, enfatizando os pontos fortes distintos, mas complementares, dos seres humanos e da IA.<\/li>\n<\/ul>\n\n\n\n<p>Tanto a ACI quanto a HAC se baseiam na cren\u00e7a de que os seres humanos e a IA n\u00e3o competem entre si, mas podem trabalhar juntos para criar resultados mais impactantes. Seja por meio da intelig\u00eancia coletiva ou da complementaridade, a rela\u00e7\u00e3o entre humanos e IA \u00e9 definida pela ideia de que <strong>o todo \u00e9 maior do que a soma de suas partes<\/strong>.<\/p>\n\n\n\n<h3 class=\"wp-block-heading\">Por que isso \u00e9 importante?<\/h3>\n\n\n\n<p>Compreender a sinergia entre humanos e IA \u00e9 crucial no atual cen\u00e1rio tecnol\u00f3gico em r\u00e1pida evolu\u00e7\u00e3o. As empresas e organiza\u00e7\u00f5es que aproveitam efetivamente a colabora\u00e7\u00e3o entre humanos e IA podem obter uma vantagem competitiva, enquanto as que n\u00e3o o fazem correm o risco de ficar para tr\u00e1s. Independentemente de estarmos falando de ACI ou HAC, a principal conclus\u00e3o \u00e9 a mesma: <strong>a colabora\u00e7\u00e3o entre humanos e IA tem o poder de aumentar a produtividade, a inova\u00e7\u00e3o e a tomada de decis\u00f5es<\/strong> em v\u00e1rios setores.<\/p>\n\n\n\n<p>Por exemplo:<\/p>\n\n\n\n<ul class=\"wp-block-list\">\n<li><strong>Na fabrica\u00e7\u00e3o<\/strong>Em um ambiente de neg\u00f3cios com intelig\u00eancia artificial, as m\u00e1quinas orientadas por IA podem lidar com tarefas repetitivas e precisas, enquanto os humanos se concentram no design e na inova\u00e7\u00e3o.<\/li>\n\n\n\n<li><strong>Em marketing<\/strong>Com a IA, \u00e9 poss\u00edvel analisar os dados do consumidor para prever tend\u00eancias, enquanto os humanos elaboram campanhas criativas que repercutem emocionalmente nos p\u00fablicos-alvo.<\/li>\n\n\n\n<li><strong>Na educa\u00e7\u00e3o<\/strong>Com a IA, \u00e9 poss\u00edvel personalizar as experi\u00eancias de aprendizado analisando os dados dos alunos, enquanto os professores oferecem a intera\u00e7\u00e3o pessoal e a orienta\u00e7\u00e3o essenciais para promover um ambiente de aprendizado positivo.<\/li>\n<\/ul>\n\n\n\n<p>Ao adotar a ACI e a HAC, as organiza\u00e7\u00f5es podem criar ambientes de trabalho onde <strong>A IA aprimora as capacidades humanas<\/strong>permitindo que os funcion\u00e1rios se concentrem em tarefas de n\u00edvel superior que exigem pensamento cr\u00edtico, criatividade e empatia.<\/p>\n\n\n\n<h3 class=\"wp-block-heading\">Escolhendo o termo certo para o p\u00fablico certo<\/h3>\n\n\n\n<p>Uma das principais diferen\u00e7as entre a ACI e a HAC est\u00e1 em seu uso. A ACI costuma ser mais apropriada para discuss\u00f5es acad\u00eamicas, estudos de pesquisa e explora\u00e7\u00f5es te\u00f3ricas de como as capacidades humanas e de IA se cruzam. O HAC, por outro lado, \u00e9 mais adequado para conversas focadas no setor, em que a \u00eanfase est\u00e1 nas aplica\u00e7\u00f5es pr\u00e1ticas da IA no local de trabalho e nos benef\u00edcios da colabora\u00e7\u00e3o entre humanos e IA em dom\u00ednios espec\u00edficos.<\/p>\n\n\n\n<p>No final, a escolha entre ACI e HAC se resume ao contexto e ao p\u00fablico. Independentemente do termo que voc\u00ea usar, a mensagem \u00e9 clara: <strong>humanos e IA, quando trabalham juntos, podem alcan\u00e7ar resultados extraordin\u00e1rios<\/strong>.<\/p>\n\n\n\n<h3 class=\"wp-block-heading\">Conclus\u00e3o<\/h3>\n\n\n\n<p>A Intelig\u00eancia Coletiva Aumentada (ACI) e a Complementaridade Homem-IA (HAC) podem parecer dois conceitos distintos, mas descrevem fundamentalmente a mesma rela\u00e7\u00e3o entre humanos e IA. Ambos enfatizam que a colabora\u00e7\u00e3o entre humanos e IA leva a resultados mais inovadores, eficientes e impactantes. Seja na pesquisa, no setor ou nas opera\u00e7\u00f5es di\u00e1rias, <strong>a combina\u00e7\u00e3o da engenhosidade humana com o poder anal\u00edtico da IA oferece um potencial ilimitado<\/strong> para organiza\u00e7\u00f5es dispostas a abra\u00e7ar essa parceria em evolu\u00e7\u00e3o.<\/p>","protected":false},"excerpt":{"rendered":"<p>ACI e HAC: dois lados da mesma moeda No mundo atual, a rela\u00e7\u00e3o entre os seres humanos e a intelig\u00eancia artificial (IA) est\u00e1 evoluindo rapidamente, e dois termos importantes s\u00e3o frequentemente usados para descrever essa sinergia: Augmented Collective Intelligence (ACI) e Human-AI Complementarity (HAC). Embora esses termos possam parecer inicialmente distintos, ambos apontam para um ponto comum [...]<\/p>","protected":false},"author":1,"featured_media":0,"parent":0,"menu_order":0,"comment_status":"closed","ping_status":"closed","template":"","meta":{"footnotes":""},"class_list":["post-379","page","type-page","status-publish","hentry"],"yoast_head":"<!-- This site is optimized with the Yoast SEO plugin v24.9 - https:\/\/yoast.com\/wordpress\/plugins\/seo\/ -->\n<title>Augmented Collective Intelligence (ACI) and Human-AI Complementarity (HAC) - Business Agility+AI<\/title>\n<meta name=\"description\" content=\"Augmented Collective Intelligence (ACI) and Human-AI Complementarity (HAC) drive innovation by merging human creativity with AI&#039;s data-driven insights\" \/>\n<meta name=\"robots\" content=\"index, follow, max-snippet:-1, max-image-preview:large, max-video-preview:-1\" \/>\n<link rel=\"canonical\" href=\"https:\/\/businessagility.education\/blog\/pt\/aci-vs-hac\/\" \/>\n<meta property=\"og:locale\" content=\"pt_BR\" \/>\n<meta property=\"og:type\" content=\"article\" \/>\n<meta property=\"og:title\" content=\"Augmented Collective Intelligence (ACI) and Human-AI Complementarity (HAC) - Business Agility+AI\" \/>\n<meta property=\"og:description\" content=\"Augmented Collective Intelligence (ACI) and Human-AI Complementarity (HAC) drive innovation by merging human creativity with AI&#039;s data-driven insights\" \/>\n<meta property=\"og:url\" content=\"https:\/\/businessagility.education\/blog\/pt\/aci-vs-hac\/\" \/>\n<meta property=\"og:site_name\" content=\"Business Agility+AI\" \/>\n<meta property=\"article:modified_time\" content=\"2024-10-01T23:23:45+00:00\" \/>\n<meta name=\"twitter:card\" content=\"summary_large_image\" \/>\n<meta name=\"twitter:label1\" content=\"Est. tempo de leitura\" \/>\n\t<meta name=\"twitter:data1\" content=\"5 minutos\" \/>\n<script type=\"application\/ld+json\" class=\"yoast-schema-graph\">{\"@context\":\"https:\/\/schema.org\",\"@graph\":[{\"@type\":\"WebPage\",\"@id\":\"https:\/\/businessagility.education\/blog\/aci-vs-hac\/\",\"url\":\"https:\/\/businessagility.education\/blog\/aci-vs-hac\/\",\"name\":\"Augmented Collective Intelligence (ACI) and Human-AI Complementarity (HAC) - Business Agility+AI\",\"isPartOf\":{\"@id\":\"https:\/\/businessagility.education\/blog\/#website\"},\"datePublished\":\"2024-10-01T23:23:44+00:00\",\"dateModified\":\"2024-10-01T23:23:45+00:00\",\"description\":\"Augmented Collective Intelligence (ACI) and Human-AI Complementarity (HAC) drive innovation by merging human creativity with AI's data-driven insights\",\"breadcrumb\":{\"@id\":\"https:\/\/businessagility.education\/blog\/aci-vs-hac\/#breadcrumb\"},\"inLanguage\":\"pt-BR\",\"potentialAction\":[{\"@type\":\"ReadAction\",\"target\":[\"https:\/\/businessagility.education\/blog\/aci-vs-hac\/\"]}]},{\"@type\":\"BreadcrumbList\",\"@id\":\"https:\/\/businessagility.education\/blog\/aci-vs-hac\/#breadcrumb\",\"itemListElement\":[{\"@type\":\"ListItem\",\"position\":1,\"name\":\"Home\",\"item\":\"https:\/\/businessagility.education\/blog\/\"},{\"@type\":\"ListItem\",\"position\":2,\"name\":\"Augmented Collective Intelligence (ACI) and Human-AI Complementarity (HAC)\"}]},{\"@type\":\"WebSite\",\"@id\":\"https:\/\/businessagility.education\/blog\/#website\",\"url\":\"https:\/\/businessagility.education\/blog\/\",\"name\":\"Business Agility+AI\",\"description\":\"The Business Agility + Artificial Intelligence Blog\",\"publisher\":{\"@id\":\"https:\/\/businessagility.education\/blog\/#organization\"},\"potentialAction\":[{\"@type\":\"SearchAction\",\"target\":{\"@type\":\"EntryPoint\",\"urlTemplate\":\"https:\/\/businessagility.education\/blog\/?s={search_term_string}\"},\"query-input\":{\"@type\":\"PropertyValueSpecification\",\"valueRequired\":true,\"valueName\":\"search_term_string\"}}],\"inLanguage\":\"pt-BR\"},{\"@type\":\"Organization\",\"@id\":\"https:\/\/businessagility.education\/blog\/#organization\",\"name\":\"Business Agility+AI\",\"url\":\"https:\/\/businessagility.education\/blog\/\",\"logo\":{\"@type\":\"ImageObject\",\"inLanguage\":\"pt-BR\",\"@id\":\"https:\/\/businessagility.education\/blog\/#\/schema\/logo\/image\/\",\"url\":\"https:\/\/businessagility.education\/blog\/wp-content\/uploads\/2022\/06\/business-agility-blog-logo.png\",\"contentUrl\":\"https:\/\/businessagility.education\/blog\/wp-content\/uploads\/2022\/06\/business-agility-blog-logo.png\",\"width\":200,\"height\":100,\"caption\":\"Business Agility+AI\"},\"image\":{\"@id\":\"https:\/\/businessagility.education\/blog\/#\/schema\/logo\/image\/\"}}]}<\/script>\n<!-- \/ Yoast SEO plugin. -->","yoast_head_json":{"title":"Augmented Collective Intelligence (ACI) and Human-AI Complementarity (HAC) - Business Agility+AI","description":"Augmented Collective Intelligence (ACI) and Human-AI Complementarity (HAC) drive innovation by merging human creativity with AI's data-driven insights","robots":{"index":"index","follow":"follow","max-snippet":"max-snippet:-1","max-image-preview":"max-image-preview:large","max-video-preview":"max-video-preview:-1"},"canonical":"https:\/\/businessagility.education\/blog\/pt\/aci-vs-hac\/","og_locale":"pt_BR","og_type":"article","og_title":"Augmented Collective Intelligence (ACI) and Human-AI Complementarity (HAC) - Business Agility+AI","og_description":"Augmented Collective Intelligence (ACI) and Human-AI Complementarity (HAC) drive innovation by merging human creativity with AI's data-driven insights","og_url":"https:\/\/businessagility.education\/blog\/pt\/aci-vs-hac\/","og_site_name":"Business Agility+AI","article_modified_time":"2024-10-01T23:23:45+00:00","twitter_card":"summary_large_image","twitter_misc":{"Est. tempo de leitura":"5 minutos"},"schema":{"@context":"https:\/\/schema.org","@graph":[{"@type":"WebPage","@id":"https:\/\/businessagility.education\/blog\/aci-vs-hac\/","url":"https:\/\/businessagility.education\/blog\/aci-vs-hac\/","name":"Augmented Collective Intelligence (ACI) and Human-AI Complementarity (HAC) - Business Agility+AI","isPartOf":{"@id":"https:\/\/businessagility.education\/blog\/#website"},"datePublished":"2024-10-01T23:23:44+00:00","dateModified":"2024-10-01T23:23:45+00:00","description":"Augmented Collective Intelligence (ACI) and Human-AI Complementarity (HAC) drive innovation by merging human creativity with AI's data-driven insights","breadcrumb":{"@id":"https:\/\/businessagility.education\/blog\/aci-vs-hac\/#breadcrumb"},"inLanguage":"pt-BR","potentialAction":[{"@type":"ReadAction","target":["https:\/\/businessagility.education\/blog\/aci-vs-hac\/"]}]},{"@type":"BreadcrumbList","@id":"https:\/\/businessagility.education\/blog\/aci-vs-hac\/#breadcrumb","itemListElement":[{"@type":"ListItem","position":1,"name":"Home","item":"https:\/\/businessagility.education\/blog\/"},{"@type":"ListItem","position":2,"name":"Augmented Collective Intelligence (ACI) and Human-AI Complementarity (HAC)"}]},{"@type":"WebSite","@id":"https:\/\/businessagility.education\/blog\/#website","url":"https:\/\/businessagility.education\/blog\/","name":"Business Agility+AI","description":"The Business Agility + Artificial Intelligence Blog","publisher":{"@id":"https:\/\/businessagility.education\/blog\/#organization"},"potentialAction":[{"@type":"SearchAction","target":{"@type":"EntryPoint","urlTemplate":"https:\/\/businessagility.education\/blog\/?s={search_term_string}"},"query-input":{"@type":"PropertyValueSpecification","valueRequired":true,"valueName":"search_term_string"}}],"inLanguage":"pt-BR"},{"@type":"Organization","@id":"https:\/\/businessagility.education\/blog\/#organization","name":"Business Agility+AI","url":"https:\/\/businessagility.education\/blog\/","logo":{"@type":"ImageObject","inLanguage":"pt-BR","@id":"https:\/\/businessagility.education\/blog\/#\/schema\/logo\/image\/","url":"https:\/\/businessagility.education\/blog\/wp-content\/uploads\/2022\/06\/business-agility-blog-logo.png","contentUrl":"https:\/\/businessagility.education\/blog\/wp-content\/uploads\/2022\/06\/business-agility-blog-logo.png","width":200,"height":100,"caption":"Business Agility+AI"},"image":{"@id":"https:\/\/businessagility.education\/blog\/#\/schema\/logo\/image\/"}}]}},"_links":{"self":[{"href":"https:\/\/businessagility.education\/blog\/pt\/wp-json\/wp\/v2\/pages\/379","targetHints":{"allow":["GET"]}}],"collection":[{"href":"https:\/\/businessagility.education\/blog\/pt\/wp-json\/wp\/v2\/pages"}],"about":[{"href":"https:\/\/businessagility.education\/blog\/pt\/wp-json\/wp\/v2\/types\/page"}],"author":[{"embeddable":true,"href":"https:\/\/businessagility.education\/blog\/pt\/wp-json\/wp\/v2\/users\/1"}],"replies":[{"embeddable":true,"href":"https:\/\/businessagility.education\/blog\/pt\/wp-json\/wp\/v2\/comments?post=379"}],"version-history":[{"count":1,"href":"https:\/\/businessagility.education\/blog\/pt\/wp-json\/wp\/v2\/pages\/379\/revisions"}],"predecessor-version":[{"id":380,"href":"https:\/\/businessagility.education\/blog\/pt\/wp-json\/wp\/v2\/pages\/379\/revisions\/380"}],"wp:attachment":[{"href":"https:\/\/businessagility.education\/blog\/pt\/wp-json\/wp\/v2\/media?parent=379"}],"curies":[{"name":"wp","href":"https:\/\/api.w.org\/{rel}","templated":true}]}}