{"id":367,"date":"2024-09-26T10:51:44","date_gmt":"2024-09-26T14:51:44","guid":{"rendered":"https:\/\/businessagility.education\/blog\/?page_id=367"},"modified":"2024-09-26T10:51:45","modified_gmt":"2024-09-26T14:51:45","slug":"human-ai-work-vs-power-tools","status":"publish","type":"page","link":"https:\/\/businessagility.education\/blog\/pt\/human-ai-work-vs-power-tools\/","title":{"rendered":"Trabalho humano-IA vs. ferramentas el\u00e9tricas"},"content":{"rendered":"<p><\/p>\n\n\n\n<p>RESUMO: Diferentemente das ferramentas el\u00e9tricas, a IA aprende, adapta-se e oferece percep\u00e7\u00f5es preditivas, operando de forma aut\u00f4noma para aprimorar a tomada de decis\u00f5es e a efici\u00eancia. Longe de ser uma simples ajuda, a IA \u00e9 um parceiro estrat\u00e9gico, em constante evolu\u00e7\u00e3o para otimizar os processos de neg\u00f3cios e gerar resultados mais inteligentes e informados por dados.<\/p>\n\n\n\n<p><strong>Por que a IA n\u00e3o \u00e9 uma ferramenta el\u00e9trica como uma furadeira ou uma motosserra<\/strong><\/p>\n\n\n\n<p>Comparar a IA a ferramentas el\u00e9tricas, como uma furadeira ou uma motosserra, parece conveniente a princ\u00edpio. Afinal de contas, ambas s\u00e3o ferramentas projetadas para aprimorar a capacidade humana. Mas essa analogia, embora cativante, subestima muito a profundidade, a versatilidade e o potencial transformador da IA. Vamos explorar por que a IA \u00e9 muito mais do que apenas uma furadeira e por que pensar nela como uma mera ferramenta el\u00e9trica \u00e9 uma simplifica\u00e7\u00e3o exagerada que ignora seu verdadeiro impacto nos neg\u00f3cios modernos.<\/p>\n\n\n\n<p><\/p>\n\n\n\n<figure class=\"wp-block-embed is-type-video is-provider-youtube wp-block-embed-youtube wp-embed-aspect-16-9 wp-has-aspect-ratio\"><div class=\"wp-block-embed__wrapper\">\n<iframe loading=\"lazy\" title=\"Complementaridade entre humanos e IA: IA versus ferramentas el\u00e9tricas Intelig\u00eancia Artificial Educa\u00e7\u00e3o\" width=\"580\" height=\"326\" src=\"https:\/\/www.youtube.com\/embed\/mRE7yclkefc?feature=oembed\" frameborder=\"0\" allow=\"accelerometer; autoplay; clipboard-write; encrypted-media; gyroscope; picture-in-picture; web-share\" referrerpolicy=\"strict-origin-when-cross-origin\" allowfullscreen><\/iframe>\n<\/div><\/figure>\n\n\n\n<p><\/p>\n\n\n\n<h3 class=\"wp-block-heading\"><strong>A IA n\u00e3o \u00e9 espec\u00edfica para uma tarefa, como as ferramentas el\u00e9tricas<\/strong><\/h3>\n\n\n\n<p>Uma furadeira perfura. Uma motosserra corta. As ferramentas el\u00e9tricas s\u00e3o altamente especializadas; elas executam uma tarefa espec\u00edfica, embora muito bem. A IA, por outro lado, n\u00e3o se limita a uma \u00fanica fun\u00e7\u00e3o. \u00c9 como uma caixa de ferramentas completa em um sistema din\u00e2mico que se adapta, aprende e se aplica constantemente a uma ampla gama de problemas. Precisa prever o comportamento do cliente? A IA pode lidar com isso. Quer otimizar sua cadeia de suprimentos? A IA est\u00e1 cuidando disso. Quer automatizar as tarefas administrativas de rotina? Pronto. A IA \u00e9 menos uma ferramenta e mais um parceiro capaz de lidar com v\u00e1rios dom\u00ednios simultaneamente. Embora uma motosserra n\u00e3o se transforme repentinamente em um pulverizador de tinta, a IA pode se flexibilizar em diversas fun\u00e7\u00f5es.<\/p>\n\n\n\n<p><\/p>\n\n\n\n<h3 class=\"wp-block-heading\"><strong>A IA n\u00e3o se limita a fazer - ela aprende e melhora<\/strong><\/h3>\n\n\n\n<p>Depois que voc\u00ea compra uma ferramenta el\u00e9trica, seus recursos permanecem est\u00e1ticos at\u00e9 que ela inevitavelmente se desgaste ou seja substitu\u00edda. A IA, no entanto, melhora com o tempo. Os algoritmos de aprendizado de m\u00e1quina permitem que a IA melhore com base no feedback, otimizando continuamente seu desempenho. Isso significa que a IA n\u00e3o se limita a concluir tarefas - ela aprende com os resultados, refina sua abordagem e se adapta a novos desafios. Imagine se a sua furadeira entendesse melhor o tipo de superf\u00edcie em que est\u00e1 trabalhando, ajustando a velocidade e o torque com perfei\u00e7\u00e3o, sem que voc\u00ea precise orient\u00e1-la. \u00c9 isso que a IA faz com seus dados, evoluindo muito al\u00e9m de uma ferramenta de finalidade \u00fanica.<\/p>\n\n\n\n<p><\/p>\n\n\n\n<h3 class=\"wp-block-heading\"><strong>A IA fornece insights, n\u00e3o apenas execu\u00e7\u00e3o<\/strong><\/h3>\n\n\n\n<p>As ferramentas el\u00e9tricas, por mais avan\u00e7adas que sejam, s\u00e3o t\u00e3o boas quanto as m\u00e3os que as manejam. A IA, por outro lado, n\u00e3o se limita a executar - ela analisa, processa e oferece insights orientados por dados que v\u00e3o al\u00e9m da capacidade humana. Uma furadeira nunca sugerir\u00e1 quais materiais s\u00e3o melhores para seu projeto ou analisar\u00e1 por que sua \u00faltima tentativa falhou. A IA, entretanto, pode prever tend\u00eancias, recomendar estrat\u00e9gias e fazer recomenda\u00e7\u00f5es com base em grandes quantidades de dados. N\u00e3o se trata apenas de uma ferramenta de a\u00e7\u00e3o; \u00e9 um parceiro estrat\u00e9gico que orienta a tomada de decis\u00f5es.<\/p>\n\n\n\n<p><\/p>\n\n\n\n<h3 class=\"wp-block-heading\"><strong>A IA opera de forma aut\u00f4noma<\/strong><\/h3>\n\n\n\n<p>As ferramentas el\u00e9tricas exigem supervis\u00e3o humana constante. N\u00e3o \u00e9 poss\u00edvel configurar uma furadeira e ir embora esperando que ela termine o trabalho de forma aut\u00f4noma. Com a IA, grande parte do trabalho pode ser automatizada e autogerenciada. Os sistemas de IA podem se monitorar, sinalizar problemas e at\u00e9 mesmo ajustar sua abordagem sem supervis\u00e3o constante. Imagine uma ferramenta poderosa que pode terminar o trabalho enquanto voc\u00ea se concentra em atividades mais estrat\u00e9gicas - essa \u00e9 a autonomia que a IA oferece no mundo dos neg\u00f3cios. Ela permite que voc\u00ea se afaste, com a certeza de que ela est\u00e1 trabalhando 24 horas por dia, otimizando processos e fornecendo insights.<\/p>\n\n\n\n<p><\/p>\n\n\n\n<h3 class=\"wp-block-heading\"><strong>O poder da IA est\u00e1 em sua precis\u00e3o orientada por dados<\/strong><\/h3>\n\n\n\n<p>Embora as ferramentas el\u00e9tricas permitam que voc\u00ea trabalhe com mais rapidez ou efici\u00eancia, elas ainda s\u00e3o ferramentas que dependem do seu julgamento para serem precisas. A IA, entretanto, \u00e9 excelente em tomar decis\u00f5es precisas e baseadas em dados. Imagine precisar cortar uma \u00e1rvore e contar com a pot\u00eancia bruta de uma motosserra sem saber qual \u00e9 o \u00e2ngulo mais seguro ou mais eficaz para abord\u00e1-la. A IA elimina essa adivinha\u00e7\u00e3o. Ela processa grandes quantidades de dados, garantindo que suas decis\u00f5es de neg\u00f3cios sejam baseadas em evid\u00eancias emp\u00edricas e n\u00e3o em palpites humanos. Nos neg\u00f3cios, a precis\u00e3o geralmente \u00e9 mais valiosa do que a for\u00e7a bruta, e a IA oferece essa precis\u00e3o em grande escala.<\/p>\n\n\n\n<p><\/p>\n\n\n\n<h3 class=\"wp-block-heading\"><strong>A IA est\u00e1 sempre evoluindo - as ferramentas el\u00e9tricas n\u00e3o est\u00e3o<\/strong><\/h3>\n\n\n\n<p>Sejamos realistas: a tecnologia por tr\u00e1s das furadeiras e motosserras n\u00e3o muda muito. \u00c9 claro que voc\u00ea pode obter uma bateria melhor ou um design mais ergon\u00f4mico, mas, em sua ess\u00eancia, s\u00e3o ferramentas est\u00e1ticas. A IA, por outro lado, \u00e9 uma tecnologia em constante evolu\u00e7\u00e3o. \u00c0 medida que as t\u00e9cnicas de aprendizado de m\u00e1quina s\u00e3o aprimoradas e novos algoritmos s\u00e3o desenvolvidos, a IA se torna mais capaz, mais adapt\u00e1vel e mais relevante para os desafios comerciais emergentes. Essa capacidade de evolu\u00e7\u00e3o garante que a IA continue sendo uma ferramenta de ponta, n\u00e3o limitada pelas mesmas restri\u00e7\u00f5es das ferramentas el\u00e9tricas tradicionais.<\/p>\n\n\n\n<p><\/p>\n\n\n\n<h3 class=\"wp-block-heading\"><strong>A IA pensa - as ferramentas el\u00e9tricas n\u00e3o<\/strong><\/h3>\n\n\n\n<p>Talvez a diferen\u00e7a mais significativa entre a IA e as ferramentas el\u00e9tricas esteja na capacidade da IA de \"pensar\". Enquanto uma motosserra ou furadeira \u00e9 uma extens\u00e3o do esfor\u00e7o humano, a IA introduz um n\u00edvel de cogni\u00e7\u00e3o que lhe permite tomar decis\u00f5es, priorizar tarefas e at\u00e9 mesmo prever resultados futuros. A IA pode identificar padr\u00f5es nos dados que os humanos n\u00e3o conseguem ver, oferecendo solu\u00e7\u00f5es e estrat\u00e9gias que v\u00e3o al\u00e9m da intui\u00e7\u00e3o humana. Ela n\u00e3o est\u00e1 apenas ampliando a capacidade humana - est\u00e1 aumentando-a com um n\u00edvel de intelig\u00eancia que muda radicalmente a forma como os problemas s\u00e3o abordados.<\/p>\n\n\n\n<p><\/p>\n\n\n\n<h3 class=\"wp-block-heading\"><strong>A IA \u00e9 colaborativa, n\u00e3o apenas operacional<\/strong><\/h3>\n\n\n\n<p>Enquanto as ferramentas el\u00e9tricas tornam os seres humanos mais eficientes na execu\u00e7\u00e3o de tarefas, a IA permite uma colabora\u00e7\u00e3o entre a criatividade humana e a intelig\u00eancia da m\u00e1quina. N\u00e3o se trata apenas de fazer o trabalho mais r\u00e1pido - a IA pode introduzir novas formas de pensar sobre os problemas, sugerindo solu\u00e7\u00f5es inovadoras que os humanos talvez n\u00e3o tenham considerado. Essa sinergia colaborativa transforma as empresas, permitindo que elas explorem possibilidades criativas enquanto a IA cuida do trabalho de base orientado por dados.<\/p>\n\n\n\n<p><\/p>\n\n\n\n<h3 class=\"wp-block-heading\">Conclus\u00e3o: A IA \u00e9 um parceiro, n\u00e3o apenas uma ferramenta<\/h3>\n\n\n\n<p>Reduzir a IA \u00e0 mesma categoria das ferramentas el\u00e9tricas faz com que seu potencial seja fundamentalmente perdido. Embora ferramentas como furadeiras e motosserras sejam inegavelmente \u00fateis, elas n\u00e3o t\u00eam a adaptabilidade, a capacidade de aprendizado e o insight estrat\u00e9gico que a IA traz para a mesa. A IA n\u00e3o se trata apenas de fazer as coisas com mais rapidez ou efici\u00eancia - trata-se de desbloquear possibilidades totalmente novas, permitindo que as empresas tomem decis\u00f5es mais inteligentes e orientadas por dados e evoluam continuamente em um cen\u00e1rio em constante mudan\u00e7a.<\/p>\n\n\n\n<p>No final das contas, a IA n\u00e3o \u00e9 uma furadeira ou uma motosserra - \u00e9 um parceiro inteligente. E, assim como qualquer bom parceiro, ela complementa seus pontos fortes, aprende com seu feedback e o ajuda a alcan\u00e7ar mais do que voc\u00ea jamais conseguiria sozinho. Portanto, da pr\u00f3xima vez que algu\u00e9m comparar a IA a uma ferramenta el\u00e9trica, lembre-o de que a IA est\u00e1 em uma liga pr\u00f3pria - uma que pensa, aprende e se transforma.<\/p>\n\n\n\n<p><\/p>\n\n\n\n<p><\/p>\n\n\n\n<p>Foto adaptada de Photo by\u00a0<a href=\"https:\/\/unsplash.com\/@ahsanization?utm_content=creditCopyText&amp;utm_medium=referral&amp;utm_source=unsplash\">Ahsaniza\u00e7\u00e3o \u30c3<\/a><\/p>\n\n\n\n<p><\/p>","protected":false},"excerpt":{"rendered":"<p>RESUMO: Diferentemente das ferramentas el\u00e9tricas, a IA aprende, adapta-se e oferece percep\u00e7\u00f5es preditivas, operando de forma aut\u00f4noma para aprimorar a tomada de decis\u00f5es e a efici\u00eancia. Longe de ser uma simples ajuda, a IA \u00e9 um parceiro estrat\u00e9gico, em constante evolu\u00e7\u00e3o para otimizar os processos de neg\u00f3cios e gerar resultados mais inteligentes e informados por dados. Por que a IA n\u00e3o \u00e9 uma ferramenta el\u00e9trica como uma furadeira ou uma motosserra Comparar a IA com ferramentas el\u00e9tricas [...]<\/p>","protected":false},"author":1,"featured_media":368,"parent":0,"menu_order":0,"comment_status":"closed","ping_status":"closed","template":"","meta":{"footnotes":""},"class_list":["post-367","page","type-page","status-publish","has-post-thumbnail","hentry"],"yoast_head":"<!-- This site is optimized with the Yoast SEO plugin v24.9 - https:\/\/yoast.com\/wordpress\/plugins\/seo\/ -->\n<title>Human-AI Work vs. Power Tools - Business Agility+AI<\/title>\n<meta name=\"description\" content=\"AI isn&#039;t just a tool like a drill; it&#039;s a strategic partner that learns, adapts, and enhances business decision-making, predictive insights and efficiency\" \/>\n<meta name=\"robots\" content=\"index, follow, max-snippet:-1, max-image-preview:large, max-video-preview:-1\" \/>\n<link rel=\"canonical\" href=\"https:\/\/businessagility.education\/blog\/pt\/human-ai-work-vs-power-tools\/\" \/>\n<meta property=\"og:locale\" content=\"pt_BR\" \/>\n<meta property=\"og:type\" content=\"article\" \/>\n<meta property=\"og:title\" content=\"Human-AI Work vs. Power Tools - Business Agility+AI\" \/>\n<meta property=\"og:description\" content=\"AI isn&#039;t just a tool like a drill; it&#039;s a strategic partner that learns, adapts, and enhances business decision-making, predictive insights and efficiency\" \/>\n<meta property=\"og:url\" content=\"https:\/\/businessagility.education\/blog\/pt\/human-ai-work-vs-power-tools\/\" \/>\n<meta property=\"og:site_name\" content=\"Business Agility+AI\" \/>\n<meta property=\"article:modified_time\" content=\"2024-09-26T14:51:45+00:00\" \/>\n<meta property=\"og:image\" content=\"https:\/\/businessagility.education\/blog\/wp-content\/uploads\/2024\/09\/ai-vs-power-tools.jpg\" \/>\n\t<meta property=\"og:image:width\" content=\"926\" \/>\n\t<meta property=\"og:image:height\" content=\"757\" \/>\n\t<meta property=\"og:image:type\" content=\"image\/jpeg\" \/>\n<meta name=\"twitter:card\" content=\"summary_large_image\" \/>\n<meta name=\"twitter:label1\" content=\"Est. tempo de leitura\" \/>\n\t<meta name=\"twitter:data1\" content=\"5 minutos\" \/>\n<script type=\"application\/ld+json\" class=\"yoast-schema-graph\">{\"@context\":\"https:\/\/schema.org\",\"@graph\":[{\"@type\":\"WebPage\",\"@id\":\"https:\/\/businessagility.education\/blog\/human-ai-work-vs-power-tools\/\",\"url\":\"https:\/\/businessagility.education\/blog\/human-ai-work-vs-power-tools\/\",\"name\":\"Human-AI Work vs. Power Tools - Business Agility+AI\",\"isPartOf\":{\"@id\":\"https:\/\/businessagility.education\/blog\/#website\"},\"primaryImageOfPage\":{\"@id\":\"https:\/\/businessagility.education\/blog\/human-ai-work-vs-power-tools\/#primaryimage\"},\"image\":{\"@id\":\"https:\/\/businessagility.education\/blog\/human-ai-work-vs-power-tools\/#primaryimage\"},\"thumbnailUrl\":\"https:\/\/businessagility.education\/blog\/wp-content\/uploads\/2024\/09\/ai-vs-power-tools.jpg\",\"datePublished\":\"2024-09-26T14:51:44+00:00\",\"dateModified\":\"2024-09-26T14:51:45+00:00\",\"description\":\"AI isn't just a tool like a drill; it's a strategic partner that learns, adapts, and enhances business decision-making, predictive insights and efficiency\",\"breadcrumb\":{\"@id\":\"https:\/\/businessagility.education\/blog\/human-ai-work-vs-power-tools\/#breadcrumb\"},\"inLanguage\":\"pt-BR\",\"potentialAction\":[{\"@type\":\"ReadAction\",\"target\":[\"https:\/\/businessagility.education\/blog\/human-ai-work-vs-power-tools\/\"]}]},{\"@type\":\"ImageObject\",\"inLanguage\":\"pt-BR\",\"@id\":\"https:\/\/businessagility.education\/blog\/human-ai-work-vs-power-tools\/#primaryimage\",\"url\":\"https:\/\/businessagility.education\/blog\/wp-content\/uploads\/2024\/09\/ai-vs-power-tools.jpg\",\"contentUrl\":\"https:\/\/businessagility.education\/blog\/wp-content\/uploads\/2024\/09\/ai-vs-power-tools.jpg\",\"width\":926,\"height\":757,\"caption\":\"ai vs power tools\"},{\"@type\":\"BreadcrumbList\",\"@id\":\"https:\/\/businessagility.education\/blog\/human-ai-work-vs-power-tools\/#breadcrumb\",\"itemListElement\":[{\"@type\":\"ListItem\",\"position\":1,\"name\":\"Home\",\"item\":\"https:\/\/businessagility.education\/blog\/\"},{\"@type\":\"ListItem\",\"position\":2,\"name\":\"Human-AI Work vs. Power Tools\"}]},{\"@type\":\"WebSite\",\"@id\":\"https:\/\/businessagility.education\/blog\/#website\",\"url\":\"https:\/\/businessagility.education\/blog\/\",\"name\":\"Business Agility+AI\",\"description\":\"The Business Agility + Artificial Intelligence Blog\",\"publisher\":{\"@id\":\"https:\/\/businessagility.education\/blog\/#organization\"},\"potentialAction\":[{\"@type\":\"SearchAction\",\"target\":{\"@type\":\"EntryPoint\",\"urlTemplate\":\"https:\/\/businessagility.education\/blog\/?s={search_term_string}\"},\"query-input\":{\"@type\":\"PropertyValueSpecification\",\"valueRequired\":true,\"valueName\":\"search_term_string\"}}],\"inLanguage\":\"pt-BR\"},{\"@type\":\"Organization\",\"@id\":\"https:\/\/businessagility.education\/blog\/#organization\",\"name\":\"Business Agility+AI\",\"url\":\"https:\/\/businessagility.education\/blog\/\",\"logo\":{\"@type\":\"ImageObject\",\"inLanguage\":\"pt-BR\",\"@id\":\"https:\/\/businessagility.education\/blog\/#\/schema\/logo\/image\/\",\"url\":\"https:\/\/businessagility.education\/blog\/wp-content\/uploads\/2022\/06\/business-agility-blog-logo.png\",\"contentUrl\":\"https:\/\/businessagility.education\/blog\/wp-content\/uploads\/2022\/06\/business-agility-blog-logo.png\",\"width\":200,\"height\":100,\"caption\":\"Business Agility+AI\"},\"image\":{\"@id\":\"https:\/\/businessagility.education\/blog\/#\/schema\/logo\/image\/\"}}]}<\/script>\n<!-- \/ Yoast SEO plugin. -->","yoast_head_json":{"title":"Human-AI Work vs. Power Tools - Business Agility+AI","description":"AI isn't just a tool like a drill; it's a strategic partner that learns, adapts, and enhances business decision-making, predictive insights and efficiency","robots":{"index":"index","follow":"follow","max-snippet":"max-snippet:-1","max-image-preview":"max-image-preview:large","max-video-preview":"max-video-preview:-1"},"canonical":"https:\/\/businessagility.education\/blog\/pt\/human-ai-work-vs-power-tools\/","og_locale":"pt_BR","og_type":"article","og_title":"Human-AI Work vs. Power Tools - Business Agility+AI","og_description":"AI isn't just a tool like a drill; it's a strategic partner that learns, adapts, and enhances business decision-making, predictive insights and efficiency","og_url":"https:\/\/businessagility.education\/blog\/pt\/human-ai-work-vs-power-tools\/","og_site_name":"Business Agility+AI","article_modified_time":"2024-09-26T14:51:45+00:00","og_image":[{"width":926,"height":757,"url":"https:\/\/businessagility.education\/blog\/wp-content\/uploads\/2024\/09\/ai-vs-power-tools.jpg","type":"image\/jpeg"}],"twitter_card":"summary_large_image","twitter_misc":{"Est. tempo de leitura":"5 minutos"},"schema":{"@context":"https:\/\/schema.org","@graph":[{"@type":"WebPage","@id":"https:\/\/businessagility.education\/blog\/human-ai-work-vs-power-tools\/","url":"https:\/\/businessagility.education\/blog\/human-ai-work-vs-power-tools\/","name":"Human-AI Work vs. Power Tools - Business Agility+AI","isPartOf":{"@id":"https:\/\/businessagility.education\/blog\/#website"},"primaryImageOfPage":{"@id":"https:\/\/businessagility.education\/blog\/human-ai-work-vs-power-tools\/#primaryimage"},"image":{"@id":"https:\/\/businessagility.education\/blog\/human-ai-work-vs-power-tools\/#primaryimage"},"thumbnailUrl":"https:\/\/businessagility.education\/blog\/wp-content\/uploads\/2024\/09\/ai-vs-power-tools.jpg","datePublished":"2024-09-26T14:51:44+00:00","dateModified":"2024-09-26T14:51:45+00:00","description":"AI isn't just a tool like a drill; it's a strategic partner that learns, adapts, and enhances business decision-making, predictive insights and efficiency","breadcrumb":{"@id":"https:\/\/businessagility.education\/blog\/human-ai-work-vs-power-tools\/#breadcrumb"},"inLanguage":"pt-BR","potentialAction":[{"@type":"ReadAction","target":["https:\/\/businessagility.education\/blog\/human-ai-work-vs-power-tools\/"]}]},{"@type":"ImageObject","inLanguage":"pt-BR","@id":"https:\/\/businessagility.education\/blog\/human-ai-work-vs-power-tools\/#primaryimage","url":"https:\/\/businessagility.education\/blog\/wp-content\/uploads\/2024\/09\/ai-vs-power-tools.jpg","contentUrl":"https:\/\/businessagility.education\/blog\/wp-content\/uploads\/2024\/09\/ai-vs-power-tools.jpg","width":926,"height":757,"caption":"ai vs power tools"},{"@type":"BreadcrumbList","@id":"https:\/\/businessagility.education\/blog\/human-ai-work-vs-power-tools\/#breadcrumb","itemListElement":[{"@type":"ListItem","position":1,"name":"Home","item":"https:\/\/businessagility.education\/blog\/"},{"@type":"ListItem","position":2,"name":"Human-AI Work vs. Power Tools"}]},{"@type":"WebSite","@id":"https:\/\/businessagility.education\/blog\/#website","url":"https:\/\/businessagility.education\/blog\/","name":"Business Agility+AI","description":"The Business Agility + Artificial Intelligence Blog","publisher":{"@id":"https:\/\/businessagility.education\/blog\/#organization"},"potentialAction":[{"@type":"SearchAction","target":{"@type":"EntryPoint","urlTemplate":"https:\/\/businessagility.education\/blog\/?s={search_term_string}"},"query-input":{"@type":"PropertyValueSpecification","valueRequired":true,"valueName":"search_term_string"}}],"inLanguage":"pt-BR"},{"@type":"Organization","@id":"https:\/\/businessagility.education\/blog\/#organization","name":"Business Agility+AI","url":"https:\/\/businessagility.education\/blog\/","logo":{"@type":"ImageObject","inLanguage":"pt-BR","@id":"https:\/\/businessagility.education\/blog\/#\/schema\/logo\/image\/","url":"https:\/\/businessagility.education\/blog\/wp-content\/uploads\/2022\/06\/business-agility-blog-logo.png","contentUrl":"https:\/\/businessagility.education\/blog\/wp-content\/uploads\/2022\/06\/business-agility-blog-logo.png","width":200,"height":100,"caption":"Business Agility+AI"},"image":{"@id":"https:\/\/businessagility.education\/blog\/#\/schema\/logo\/image\/"}}]}},"_links":{"self":[{"href":"https:\/\/businessagility.education\/blog\/pt\/wp-json\/wp\/v2\/pages\/367","targetHints":{"allow":["GET"]}}],"collection":[{"href":"https:\/\/businessagility.education\/blog\/pt\/wp-json\/wp\/v2\/pages"}],"about":[{"href":"https:\/\/businessagility.education\/blog\/pt\/wp-json\/wp\/v2\/types\/page"}],"author":[{"embeddable":true,"href":"https:\/\/businessagility.education\/blog\/pt\/wp-json\/wp\/v2\/users\/1"}],"replies":[{"embeddable":true,"href":"https:\/\/businessagility.education\/blog\/pt\/wp-json\/wp\/v2\/comments?post=367"}],"version-history":[{"count":1,"href":"https:\/\/businessagility.education\/blog\/pt\/wp-json\/wp\/v2\/pages\/367\/revisions"}],"predecessor-version":[{"id":369,"href":"https:\/\/businessagility.education\/blog\/pt\/wp-json\/wp\/v2\/pages\/367\/revisions\/369"}],"wp:featuredmedia":[{"embeddable":true,"href":"https:\/\/businessagility.education\/blog\/pt\/wp-json\/wp\/v2\/media\/368"}],"wp:attachment":[{"href":"https:\/\/businessagility.education\/blog\/pt\/wp-json\/wp\/v2\/media?parent=367"}],"curies":[{"name":"wp","href":"https:\/\/api.w.org\/{rel}","templated":true}]}}