{"id":301,"date":"2024-07-06T16:10:26","date_gmt":"2024-07-06T20:10:26","guid":{"rendered":"https:\/\/businessagility.education\/blog\/?page_id=301"},"modified":"2024-07-06T16:10:27","modified_gmt":"2024-07-06T20:10:27","slug":"human-ai-work-vs-cowboy-and-horse","status":"publish","type":"page","link":"https:\/\/businessagility.education\/blog\/pt\/human-ai-work-vs-cowboy-and-horse\/","title":{"rendered":"Trabalho entre humanos e IA vs. vaqueiro e cavalo"},"content":{"rendered":"<p><\/p>\n\n\n\n<h3 class=\"wp-block-heading\">Por que a IA \u00e9 melhor do que um cavalo para sua carreira empresarial<\/h3>\n\n\n\n<p>Comparar a IA a um cavalo de confian\u00e7a pode parecer encantador, mas, na realidade, a IA \u00e9 imensamente mais poderosa. No mundo dos neg\u00f3cios, a IA funciona como uma parceira superalimentada, superando em muito qualquer analogia tradicional. Para aproveitar todo o potencial da IA, \u00e9 fundamental criar confian\u00e7a, fornecendo-lhe dados de alta qualidade e refinando continuamente suas pr\u00f3prias habilidades. Esse relacionamento, semelhante ao de um vaqueiro cuidando de seu cavalo, garante que a IA forne\u00e7a insights precisos e valiosos.<\/p>\n\n\n\n<p>Os recursos da IA superam em muito os de um cavalo; ela pode processar vastos conjuntos de dados, prever tend\u00eancias de mercado e oferecer recomenda\u00e7\u00f5es orientadas por dados instantaneamente. Enquanto um cavalo pode se cansar, a IA opera 24 horas por dia, 7 dias por semana, fornecendo insights consistentes e em tempo real que o mant\u00eam \u00e0 frente da concorr\u00eancia.<\/p>\n\n\n\n<p>A sinergia entre voc\u00ea e a IA transforma o potencial de seus neg\u00f3cios. A IA lida com o trabalho pesado dos dados, liberando-o para se concentrar no planejamento estrat\u00e9gico e na solu\u00e7\u00e3o criativa de problemas. Essa parceria aprimora suas habilidades naturais, tornando-o mais eficiente e inovador.<\/p>\n\n\n\n<p>Em \u00faltima an\u00e1lise, integrar a IA em sua carreira significa adotar um aliado poderoso e adapt\u00e1vel que o impulsiona para frente. Um cowboy pode ser t\u00e3o bom quanto seu cavalo, mas no cen\u00e1rio empresarial, voc\u00ea ser\u00e1 t\u00e3o bom quanto sua IA. Portanto, monte a sela e deixe a IA gui\u00e1-lo a novos patamares em sua jornada profissional.<\/p>\n\n\n\n<p><\/p>\n\n\n\n<blockquote class=\"wp-block-quote is-layout-flow wp-block-quote-is-layout-flow\">\n<p>\"Um caub\u00f3i pode ser t\u00e3o bom quanto seu cavalo, mas voc\u00ea? Voc\u00ea ser\u00e1 t\u00e3o bom quanto sua IA.\"<\/p>\n<cite>Aula de Administra\u00e7\u00e3o 2024 pelo Prof. Thomas Hormaza Dow<\/cite><\/blockquote>\n\n\n\n<p><\/p>\n\n\n\n<figure class=\"wp-block-embed is-type-video is-provider-youtube wp-block-embed-youtube wp-embed-aspect-16-9 wp-has-aspect-ratio\"><div class=\"wp-block-embed__wrapper\">\n<iframe loading=\"lazy\" title=\"Complementaridade entre humanos e IA: O cowboy\/garota \u00e9 t\u00e3o bom quanto seu cavalo. E voc\u00ea? Voc\u00ea \u00e9 t\u00e3o bom quanto sua IA!\" width=\"580\" height=\"326\" src=\"https:\/\/www.youtube.com\/embed\/S1781EoaIRk?feature=oembed\" frameborder=\"0\" allow=\"accelerometer; autoplay; clipboard-write; encrypted-media; gyroscope; picture-in-picture; web-share\" referrerpolicy=\"strict-origin-when-cross-origin\" allowfullscreen><\/iframe>\n<\/div><\/figure>\n\n\n\n<p><\/p>\n\n\n\n<h3 class=\"wp-block-heading\">Por que a IA \u00e9 melhor do que um cavalo para sua carreira empresarial<\/h3>\n\n\n\n<p>Um equ\u00edvoco comum \u00e9 comparar a IA a um cavalo de confian\u00e7a para profissionais de neg\u00f3cios. Embora essa analogia seja pitoresca, ela \u00e9 hilariantemente err\u00f4nea. Vamos nos aprofundar no motivo pelo qual a IA \u00e9 muito mais poderosa do que um cavalo e como ela pode turbinar sua carreira.<\/p>\n\n\n\n<p><\/p>\n\n\n\n<h4 class=\"wp-block-heading\">Confian\u00e7a e cuidado<\/h4>\n\n\n\n<p>Em primeiro lugar, confian\u00e7a e cuidado. Assim como um vaqueiro confia em seu cavalo para navegar em trilhas complicadas, voc\u00ea precisa confiar na IA para gui\u00e1-lo pelo mundo selvagem dos dados comerciais. E como voc\u00ea constr\u00f3i essa confian\u00e7a? Cuidando bem de sua IA. Alimente-a com dados de alta qualidade e mantenha suas pr\u00f3prias habilidades afiadas. Quando voc\u00ea tratar bem a sua IA, ela n\u00e3o apenas o notificar\u00e1 sobre as tend\u00eancias do mercado, mas tamb\u00e9m o ajudar\u00e1 a capturar essas oportunidades de neg\u00f3cios mais r\u00e1pido do que voc\u00ea pode dizer \"boa sorte!\".<\/p>\n\n\n\n<p>Imagine o seguinte: enquanto um cavalo pode ajud\u00e1-lo a percorrer 32 quil\u00f4metros por dia, a IA pode processar terabytes de dados em segundos. Se voc\u00ea j\u00e1 tentou fazer com que um cavalo fizesse contas, voc\u00ea entender\u00e1 a vantagem aqui. Sua IA examinar\u00e1 montanhas de informa\u00e7\u00f5es, encontrando pepitas de ouro (ou tend\u00eancias de mercado, como as chamamos) que voc\u00ea nunca encontraria sozinho.<\/p>\n\n\n\n<p><\/p>\n\n\n\n<h4 class=\"wp-block-heading\">Recursos aprimorados<\/h4>\n\n\n\n<p>Um cavalo pode lev\u00e1-lo do ponto A ao ponto B, mas a IA? A IA o levar\u00e1 do ponto A ao Z, mapeando as melhores rotas, prevendo tend\u00eancias de mercado e analisando vastos conjuntos de dados em um piscar de olhos. Imagine tentar processar todos os dados de suas atividades comerciais com um cavalo - ele provavelmente comeria o papel! A IA n\u00e3o se cansa, n\u00e3o precisa de feno e, definitivamente, n\u00e3o se assustar\u00e1 com uma cobra na grama.<\/p>\n\n\n\n<p>Em sua carreira, voc\u00ea enfrentar\u00e1 in\u00fameras decis\u00f5es em que a IA pode fornecer insights essenciais. Seja para fazer previs\u00f5es de vendas, otimizar cadeias de suprimentos ou desenvolver novos produtos, a IA ser\u00e1 sua aliada inestim\u00e1vel, analisando os n\u00fameros e oferecendo recomenda\u00e7\u00f5es baseadas em dados enquanto voc\u00ea se concentra no panorama geral.<\/p>\n\n\n\n<p><\/p>\n\n\n\n<h4 class=\"wp-block-heading\">Sinergia: A dupla din\u00e2mica de voc\u00ea e a IA<\/h4>\n\n\n\n<p>Por fim, vamos discutir a sinergia. Voc\u00ea e a IA s\u00e3o como a dupla din\u00e2mica do mundo dos neg\u00f3cios. Voc\u00ea fornece a dire\u00e7\u00e3o criativa e a IA fornece os insights orientados por dados. Juntos, voc\u00eas s\u00e3o imbat\u00edveis. Pense nisso: enquanto voc\u00ea est\u00e1 criando estrat\u00e9gias e tomando grandes decis\u00f5es, a IA est\u00e1 analisando n\u00fameros, identificando padr\u00f5es e oferecendo recomenda\u00e7\u00f5es. \u00c9 como ter um companheiro supercomputador que nunca tira um dia de folga!<\/p>\n\n\n\n<p>Pense da seguinte forma: enquanto voc\u00ea est\u00e1 fechando neg\u00f3cios e encantando clientes, a IA est\u00e1 no escrit\u00f3rio, trabalhando incansavelmente para garantir que voc\u00ea tenha as melhores informa\u00e7\u00f5es ao seu alcance. \u00c9 como ter um par extra de olhos e ouvidos, monitorando constantemente o ambiente de neg\u00f3cios e mantendo-o \u00e0 frente da concorr\u00eancia.<\/p>\n\n\n\n<p><\/p>\n\n\n\n<h3 class=\"wp-block-heading\">Conclus\u00e3o: Adotando a IA para o sucesso na carreira<\/h3>\n\n\n\n<p>Concluindo, embora comparar a IA a um cavalo possa ser uma hist\u00f3ria divertida, ela n\u00e3o capta a profundidade, a confiabilidade e o poder que a IA traz para sua carreira. A natureza orientada por dados, os recursos anal\u00edticos e o aprendizado cont\u00ednuo da IA fazem dela um parceiro indispens\u00e1vel para os profissionais de neg\u00f3cios modernos. Ao entender essas distin\u00e7\u00f5es, voc\u00ea poder\u00e1 apreciar melhor o verdadeiro valor da IA e aproveitar todo o seu potencial para impulsionar sua carreira.<\/p>\n\n\n\n<p>Portanto, prepare-se para o sucesso! Sua jornada com a IA come\u00e7a agora. Confie nela, cuide dela e crie uma sinergia poderosa. Lembre-se de que um caub\u00f3i pode ser t\u00e3o bom quanto seu cavalo, mas voc\u00ea? Voc\u00ea ser\u00e1 t\u00e3o bom quanto sua IA. E n\u00e3o se esque\u00e7a de que, no rodeio dos neg\u00f3cios, a IA est\u00e1 protegendo voc\u00ea - apenas segure firme e aproveite a viagem!<\/p>\n\n\n\n<p><\/p>\n\n\n\n<p><\/p>","protected":false},"excerpt":{"rendered":"<p>Por que a IA \u00e9 melhor do que um cavalo para sua carreira empresarial Comparar a IA a um cavalo de confian\u00e7a pode parecer encantador, mas, na realidade, a IA \u00e9 imensamente mais poderosa. No mundo dos neg\u00f3cios, a IA funciona como uma parceira superalimentada, superando em muito qualquer analogia tradicional. Para aproveitar todo o potencial da IA, \u00e9 fundamental criar confian\u00e7a alimentando [...]<\/p>","protected":false},"author":1,"featured_media":302,"parent":0,"menu_order":0,"comment_status":"closed","ping_status":"closed","template":"","meta":{"footnotes":""},"class_list":["post-301","page","type-page","status-publish","has-post-thumbnail","hentry"],"yoast_head":"<!-- This site is optimized with the Yoast SEO plugin v24.9 - https:\/\/yoast.com\/wordpress\/plugins\/seo\/ -->\n<title>Human-AI Work Complementarity vs. Cowboy and Horse - Business Agility+AI + AI<\/title>\n<meta name=\"description\" content=\"&quot;A Cowboy Might Only Be As Good As Their Horse, But You? You\u2019ll Be As Great As Your AI.&quot; Business Class Lecture 2024 by Prof. Thomas Hormaza Dow\" \/>\n<meta name=\"robots\" content=\"index, follow, max-snippet:-1, max-image-preview:large, max-video-preview:-1\" \/>\n<link rel=\"canonical\" href=\"https:\/\/businessagility.education\/blog\/pt\/human-ai-work-vs-cowboy-and-horse\/\" \/>\n<meta property=\"og:locale\" content=\"pt_BR\" \/>\n<meta property=\"og:type\" content=\"article\" \/>\n<meta property=\"og:title\" content=\"Human-AI Work Complementarity vs. Cowboy and Horse - Business Agility+AI + AI\" \/>\n<meta property=\"og:description\" content=\"&quot;A Cowboy Might Only Be As Good As Their Horse, But You? You\u2019ll Be As Great As Your AI.&quot; Business Class Lecture 2024 by Prof. Thomas Hormaza Dow\" \/>\n<meta property=\"og:url\" content=\"https:\/\/businessagility.education\/blog\/pt\/human-ai-work-vs-cowboy-and-horse\/\" \/>\n<meta property=\"og:site_name\" content=\"Business Agility+AI\" \/>\n<meta property=\"article:modified_time\" content=\"2024-07-06T20:10:27+00:00\" \/>\n<meta property=\"og:image\" content=\"https:\/\/businessagility.education\/blog\/wp-content\/uploads\/2024\/07\/human-ai-complementarity-cowboy-horse.png\" \/>\n\t<meta property=\"og:image:width\" content=\"1152\" \/>\n\t<meta property=\"og:image:height\" content=\"738\" \/>\n\t<meta property=\"og:image:type\" content=\"image\/png\" \/>\n<meta name=\"twitter:card\" content=\"summary_large_image\" \/>\n<meta name=\"twitter:label1\" content=\"Est. tempo de leitura\" \/>\n\t<meta name=\"twitter:data1\" content=\"4 minutos\" \/>\n<script type=\"application\/ld+json\" class=\"yoast-schema-graph\">{\"@context\":\"https:\/\/schema.org\",\"@graph\":[{\"@type\":\"WebPage\",\"@id\":\"https:\/\/businessagility.education\/blog\/human-ai-work-vs-cowboy-and-horse\/\",\"url\":\"https:\/\/businessagility.education\/blog\/human-ai-work-vs-cowboy-and-horse\/\",\"name\":\"Human-AI Work Complementarity vs. Cowboy and Horse - Business Agility+AI + AI\",\"isPartOf\":{\"@id\":\"https:\/\/businessagility.education\/blog\/#website\"},\"primaryImageOfPage\":{\"@id\":\"https:\/\/businessagility.education\/blog\/human-ai-work-vs-cowboy-and-horse\/#primaryimage\"},\"image\":{\"@id\":\"https:\/\/businessagility.education\/blog\/human-ai-work-vs-cowboy-and-horse\/#primaryimage\"},\"thumbnailUrl\":\"https:\/\/businessagility.education\/blog\/wp-content\/uploads\/2024\/07\/human-ai-complementarity-cowboy-horse.png\",\"datePublished\":\"2024-07-06T20:10:26+00:00\",\"dateModified\":\"2024-07-06T20:10:27+00:00\",\"description\":\"\\\"A Cowboy Might Only Be As Good As Their Horse, But You? You\u2019ll Be As Great As Your AI.\\\" Business Class Lecture 2024 by Prof. Thomas Hormaza Dow\",\"breadcrumb\":{\"@id\":\"https:\/\/businessagility.education\/blog\/human-ai-work-vs-cowboy-and-horse\/#breadcrumb\"},\"inLanguage\":\"pt-BR\",\"potentialAction\":[{\"@type\":\"ReadAction\",\"target\":[\"https:\/\/businessagility.education\/blog\/human-ai-work-vs-cowboy-and-horse\/\"]}]},{\"@type\":\"ImageObject\",\"inLanguage\":\"pt-BR\",\"@id\":\"https:\/\/businessagility.education\/blog\/human-ai-work-vs-cowboy-and-horse\/#primaryimage\",\"url\":\"https:\/\/businessagility.education\/blog\/wp-content\/uploads\/2024\/07\/human-ai-complementarity-cowboy-horse.png\",\"contentUrl\":\"https:\/\/businessagility.education\/blog\/wp-content\/uploads\/2024\/07\/human-ai-complementarity-cowboy-horse.png\",\"width\":1152,\"height\":738,\"caption\":\"human-ai complementarity\"},{\"@type\":\"BreadcrumbList\",\"@id\":\"https:\/\/businessagility.education\/blog\/human-ai-work-vs-cowboy-and-horse\/#breadcrumb\",\"itemListElement\":[{\"@type\":\"ListItem\",\"position\":1,\"name\":\"Home\",\"item\":\"https:\/\/businessagility.education\/blog\/\"},{\"@type\":\"ListItem\",\"position\":2,\"name\":\"Human-AI Work vs. Cowboy and Horse\"}]},{\"@type\":\"WebSite\",\"@id\":\"https:\/\/businessagility.education\/blog\/#website\",\"url\":\"https:\/\/businessagility.education\/blog\/\",\"name\":\"Business Agility+AI\",\"description\":\"The Business Agility + Artificial Intelligence Blog\",\"publisher\":{\"@id\":\"https:\/\/businessagility.education\/blog\/#organization\"},\"potentialAction\":[{\"@type\":\"SearchAction\",\"target\":{\"@type\":\"EntryPoint\",\"urlTemplate\":\"https:\/\/businessagility.education\/blog\/?s={search_term_string}\"},\"query-input\":{\"@type\":\"PropertyValueSpecification\",\"valueRequired\":true,\"valueName\":\"search_term_string\"}}],\"inLanguage\":\"pt-BR\"},{\"@type\":\"Organization\",\"@id\":\"https:\/\/businessagility.education\/blog\/#organization\",\"name\":\"Business Agility+AI\",\"url\":\"https:\/\/businessagility.education\/blog\/\",\"logo\":{\"@type\":\"ImageObject\",\"inLanguage\":\"pt-BR\",\"@id\":\"https:\/\/businessagility.education\/blog\/#\/schema\/logo\/image\/\",\"url\":\"https:\/\/businessagility.education\/blog\/wp-content\/uploads\/2022\/06\/business-agility-blog-logo.png\",\"contentUrl\":\"https:\/\/businessagility.education\/blog\/wp-content\/uploads\/2022\/06\/business-agility-blog-logo.png\",\"width\":200,\"height\":100,\"caption\":\"Business Agility+AI\"},\"image\":{\"@id\":\"https:\/\/businessagility.education\/blog\/#\/schema\/logo\/image\/\"}}]}<\/script>\n<!-- \/ Yoast SEO plugin. -->","yoast_head_json":{"title":"Human-AI Work Complementarity vs. Cowboy and Horse - Business Agility+AI + AI","description":"\"A Cowboy Might Only Be As Good As Their Horse, But You? You\u2019ll Be As Great As Your AI.\" Business Class Lecture 2024 by Prof. Thomas Hormaza Dow","robots":{"index":"index","follow":"follow","max-snippet":"max-snippet:-1","max-image-preview":"max-image-preview:large","max-video-preview":"max-video-preview:-1"},"canonical":"https:\/\/businessagility.education\/blog\/pt\/human-ai-work-vs-cowboy-and-horse\/","og_locale":"pt_BR","og_type":"article","og_title":"Human-AI Work Complementarity vs. Cowboy and Horse - Business Agility+AI + AI","og_description":"\"A Cowboy Might Only Be As Good As Their Horse, But You? You\u2019ll Be As Great As Your AI.\" Business Class Lecture 2024 by Prof. Thomas Hormaza Dow","og_url":"https:\/\/businessagility.education\/blog\/pt\/human-ai-work-vs-cowboy-and-horse\/","og_site_name":"Business Agility+AI","article_modified_time":"2024-07-06T20:10:27+00:00","og_image":[{"width":1152,"height":738,"url":"https:\/\/businessagility.education\/blog\/wp-content\/uploads\/2024\/07\/human-ai-complementarity-cowboy-horse.png","type":"image\/png"}],"twitter_card":"summary_large_image","twitter_misc":{"Est. tempo de leitura":"4 minutos"},"schema":{"@context":"https:\/\/schema.org","@graph":[{"@type":"WebPage","@id":"https:\/\/businessagility.education\/blog\/human-ai-work-vs-cowboy-and-horse\/","url":"https:\/\/businessagility.education\/blog\/human-ai-work-vs-cowboy-and-horse\/","name":"Human-AI Work Complementarity vs. Cowboy and Horse - Business Agility+AI + AI","isPartOf":{"@id":"https:\/\/businessagility.education\/blog\/#website"},"primaryImageOfPage":{"@id":"https:\/\/businessagility.education\/blog\/human-ai-work-vs-cowboy-and-horse\/#primaryimage"},"image":{"@id":"https:\/\/businessagility.education\/blog\/human-ai-work-vs-cowboy-and-horse\/#primaryimage"},"thumbnailUrl":"https:\/\/businessagility.education\/blog\/wp-content\/uploads\/2024\/07\/human-ai-complementarity-cowboy-horse.png","datePublished":"2024-07-06T20:10:26+00:00","dateModified":"2024-07-06T20:10:27+00:00","description":"\"A Cowboy Might Only Be As Good As Their Horse, But You? You\u2019ll Be As Great As Your AI.\" Business Class Lecture 2024 by Prof. Thomas Hormaza Dow","breadcrumb":{"@id":"https:\/\/businessagility.education\/blog\/human-ai-work-vs-cowboy-and-horse\/#breadcrumb"},"inLanguage":"pt-BR","potentialAction":[{"@type":"ReadAction","target":["https:\/\/businessagility.education\/blog\/human-ai-work-vs-cowboy-and-horse\/"]}]},{"@type":"ImageObject","inLanguage":"pt-BR","@id":"https:\/\/businessagility.education\/blog\/human-ai-work-vs-cowboy-and-horse\/#primaryimage","url":"https:\/\/businessagility.education\/blog\/wp-content\/uploads\/2024\/07\/human-ai-complementarity-cowboy-horse.png","contentUrl":"https:\/\/businessagility.education\/blog\/wp-content\/uploads\/2024\/07\/human-ai-complementarity-cowboy-horse.png","width":1152,"height":738,"caption":"human-ai complementarity"},{"@type":"BreadcrumbList","@id":"https:\/\/businessagility.education\/blog\/human-ai-work-vs-cowboy-and-horse\/#breadcrumb","itemListElement":[{"@type":"ListItem","position":1,"name":"Home","item":"https:\/\/businessagility.education\/blog\/"},{"@type":"ListItem","position":2,"name":"Human-AI Work vs. Cowboy and Horse"}]},{"@type":"WebSite","@id":"https:\/\/businessagility.education\/blog\/#website","url":"https:\/\/businessagility.education\/blog\/","name":"Business Agility+AI","description":"The Business Agility + Artificial Intelligence Blog","publisher":{"@id":"https:\/\/businessagility.education\/blog\/#organization"},"potentialAction":[{"@type":"SearchAction","target":{"@type":"EntryPoint","urlTemplate":"https:\/\/businessagility.education\/blog\/?s={search_term_string}"},"query-input":{"@type":"PropertyValueSpecification","valueRequired":true,"valueName":"search_term_string"}}],"inLanguage":"pt-BR"},{"@type":"Organization","@id":"https:\/\/businessagility.education\/blog\/#organization","name":"Business Agility+AI","url":"https:\/\/businessagility.education\/blog\/","logo":{"@type":"ImageObject","inLanguage":"pt-BR","@id":"https:\/\/businessagility.education\/blog\/#\/schema\/logo\/image\/","url":"https:\/\/businessagility.education\/blog\/wp-content\/uploads\/2022\/06\/business-agility-blog-logo.png","contentUrl":"https:\/\/businessagility.education\/blog\/wp-content\/uploads\/2022\/06\/business-agility-blog-logo.png","width":200,"height":100,"caption":"Business Agility+AI"},"image":{"@id":"https:\/\/businessagility.education\/blog\/#\/schema\/logo\/image\/"}}]}},"_links":{"self":[{"href":"https:\/\/businessagility.education\/blog\/pt\/wp-json\/wp\/v2\/pages\/301","targetHints":{"allow":["GET"]}}],"collection":[{"href":"https:\/\/businessagility.education\/blog\/pt\/wp-json\/wp\/v2\/pages"}],"about":[{"href":"https:\/\/businessagility.education\/blog\/pt\/wp-json\/wp\/v2\/types\/page"}],"author":[{"embeddable":true,"href":"https:\/\/businessagility.education\/blog\/pt\/wp-json\/wp\/v2\/users\/1"}],"replies":[{"embeddable":true,"href":"https:\/\/businessagility.education\/blog\/pt\/wp-json\/wp\/v2\/comments?post=301"}],"version-history":[{"count":1,"href":"https:\/\/businessagility.education\/blog\/pt\/wp-json\/wp\/v2\/pages\/301\/revisions"}],"predecessor-version":[{"id":303,"href":"https:\/\/businessagility.education\/blog\/pt\/wp-json\/wp\/v2\/pages\/301\/revisions\/303"}],"wp:featuredmedia":[{"embeddable":true,"href":"https:\/\/businessagility.education\/blog\/pt\/wp-json\/wp\/v2\/media\/302"}],"wp:attachment":[{"href":"https:\/\/businessagility.education\/blog\/pt\/wp-json\/wp\/v2\/media?parent=301"}],"curies":[{"name":"wp","href":"https:\/\/api.w.org\/{rel}","templated":true}]}}