{"id":195,"date":"2022-08-17T12:25:46","date_gmt":"2022-08-17T16:25:46","guid":{"rendered":"https:\/\/businessagility.education\/blog\/?page_id=195"},"modified":"2022-08-17T13:33:58","modified_gmt":"2022-08-17T17:33:58","slug":"agile-marketing-manifesto","status":"publish","type":"page","link":"https:\/\/businessagility.education\/blog\/pt\/agile-marketing-manifesto\/","title":{"rendered":"Manifesto do Agile Marketing"},"content":{"rendered":"<p>A compara\u00e7\u00e3o lado a lado dos Manifestos a seguir ajuda a ver claramente algumas das principais diferen\u00e7as que surgem entre a vers\u00e3o Agile Dev 2001 e a vers\u00e3o Agile Marketing 2012 e 2021.<\/p>\n\n\n\n<p>Observa\u00e7\u00e3o: o Manifesto do Agile Marketing est\u00e1 sendo modificado pela Equipe de Lideran\u00e7a do Sprint 2 e por centenas de coment\u00e1rios e resultados coletados durante um <a href=\"https:\/\/agilemarketingmanifesto.org\/blog\/help-us-shape-the-future-of-agile-marketing\/\" target=\"_blank\" rel=\"noreferrer noopener\">Pesquisa anunciada em 28 de maio de 2021<\/a>. Forneceremos uma atualiza\u00e7\u00e3o quando o novo documento for publicado em AgileMarketingManifesto.org<\/p>\n\n\n\n<p><a href=\"https:\/\/businessagility.education\/\" target=\"_blank\" rel=\"noreferrer noopener\">In\u00edcio<\/a> \/ <a href=\"https:\/\/businessagility.education\/agile-marketing\" target=\"_blank\" rel=\"noreferrer noopener\">Marketing \u00e1gil<\/a> \/ <a href=\"https:\/\/businessagility.education\/blog\/\">Blog sobre agilidade nos neg\u00f3cios<\/a> \/ <a href=\"https:\/\/businessagility.education\/blog\/agile-marketing-manifesto\/\">Manifesto do Agile Marketing<\/a><\/p>\n\n\n\n<h4 class=\"wp-block-heading\">Compara\u00e7\u00e3o dos valores do Agile e do Agile Marketing<\/h4>\n\n\n\n<h2 class=\"wp-block-heading\">4 Valores \u00e1geis<\/h2>\n\n\n\n<p>O Agile oferece quatro valores simples, mas altamente eficazes, para contribuir com um produto ou servi\u00e7o de alto valor no desenvolvimento e no marketing da Web. Para conseguir isso, a metodologia enfatiza esses valores:<\/p>\n\n\n\n<ul class=\"wp-block-list\"><li>Indiv\u00edduos e intera\u00e7\u00f5es<\/li><li>Produtos de trabalho<\/li><li>Colabora\u00e7\u00e3o com o cliente<\/li><li>Como reagir \u00e0s mudan\u00e7as<\/li><\/ul>\n\n\n\n<h2 class=\"wp-block-heading\">5 valores do Agile Marketing<\/h2>\n\n\n\n<p>O Agile Marketing desenvolveu seu pr\u00f3prio manifesto com 5 valores:<\/p>\n\n\n\n<ul class=\"wp-block-list\"><li>Foco no valor e nos resultados para o cliente<\/li><li>Fornecer valor antecipadamente e com frequ\u00eancia<\/li><li>Aprenda por meio de experimentos e dados<\/li><li>Colabora\u00e7\u00e3o multifuncional<\/li><li>Como reagir \u00e0s mudan\u00e7as<\/li><\/ul>\n\n\n\n<figure class=\"wp-block-table\"><table><thead><tr><th>Valores \u00e1geis<\/th><th>Valores do Agile Marketing<\/th><\/tr><\/thead><tbody><tr><td><a href=\"https:\/\/agilemanifesto.org\/\" target=\"_blank\" rel=\"noreferrer noopener\">AgileManifesto.org<\/a><\/td><td><a href=\"https:\/\/agilemarketingmanifesto.org\/values\/\" target=\"_blank\" rel=\"noreferrer noopener\">AgileMarketingManifesto.org<\/a><\/td><\/tr><tr><td>Manifesto para o desenvolvimento \u00e1gil de software<br><br><br>Estamos descobrindo maneiras melhores de desenvolver<br>software fazendo-o e ajudando outros a faz\u00ea-lo.<br>Por meio desse trabalho, passamos a valorizar:<\/td><td>Manifesto para o marketing \u00e1gil<br><br>Para acompanhar a velocidade e a complexidade do marketing atual, estamos adotando novas formas de trabalho:<\/td><\/tr><tr><td>1. Indiv\u00edduos e intera\u00e7\u00f5es sobre processos e ferramentas<\/td><td>1. Concentrar-se no valor para o cliente e nos resultados comerciais em vez de nas atividades e nos resultados<\/td><\/tr><tr><td>2. Software funcional com documenta\u00e7\u00e3o abrangente<\/td><td>2. Fornecer valor antecipadamente e com frequ\u00eancia em vez de esperar pela perfei\u00e7\u00e3o<\/td><\/tr><tr><td>3. Colabora\u00e7\u00e3o do cliente na negocia\u00e7\u00e3o de contratos<\/td><td>3. Aprender por meio de experimentos e dados em vez de opini\u00f5es e conven\u00e7\u00f5es&nbsp;<\/td><\/tr><tr><td>4. Reagir a mudan\u00e7as em vez de seguir um plano<\/td><td>4. Colabora\u00e7\u00e3o multifuncional em vez de silos e hierarquias&nbsp;<\/td><\/tr><tr><td><\/td><td>5. Responder a mudan\u00e7as em vez de seguir um plano est\u00e1tico&nbsp;<\/td><\/tr><tr><td><\/td><td><\/td><\/tr><tr><td><\/td><td><\/td><\/tr><\/tbody><\/table><figcaption>4 Agile Values e 7 Agile Marketing Values ap\u00f3s setembro de 2021<\/figcaption><\/figure>\n\n\n\n<h4 class=\"wp-block-heading\">Compara\u00e7\u00e3o entre os princ\u00edpios do Agile e do Agile Marketing<\/h4>\n\n\n\n<h3 class=\"wp-block-heading\">12 princ\u00edpios do Agile<\/h3>\n\n\n\n<p>Seja no desenvolvimento web ou no marketing, os 12 princ\u00edpios \u00e1geis fornecem uma \u00f3tima orienta\u00e7\u00e3o para criar um produto ou servi\u00e7o de alto valor para uma empresa. Aqui est\u00e3o os 12 princ\u00edpios baseados no desenvolvimento \u00e1gil, bem como os 10 princ\u00edpios do marketing \u00e1gil:<\/p>\n\n\n\n<p><strong>Para acompanhar a velocidade e a complexidade do marketing atual, estamos adotando uma mentalidade diferente e novas formas de trabalho. Os princ\u00edpios elaboram os Valores<\/strong><\/p>\n\n\n\n<figure class=\"wp-block-table\"><table><thead><tr><th>Princ\u00edpios \u00e1geis<\/th><th>Princ\u00edpios do Agile Marketing<\/th><\/tr><\/thead><tbody><tr><td>AgileManifesto.org<\/td><td>AgileMarketingManifesto.org<\/td><\/tr><tr><td>1. Satisfa\u00e7\u00e3o do cliente por meio da entrega antecipada e cont\u00ednua de software valioso.<\/td><td>1. Um \u00f3timo marketing requer alinhamento estreito, transpar\u00eancia e intera\u00e7\u00f5es de qualidade com clientes internos e externos<\/td><\/tr><tr><td>2. Aceitar mudan\u00e7as nos requisitos, mesmo no final do desenvolvimento.<\/td><td>2. Buscar pontos de vista diferentes e diversificados<\/td><\/tr><tr><td>3. Entregar software funcional com frequ\u00eancia (semanas em vez de meses)<\/td><td>3. Aceitar e reagir \u00e0s mudan\u00e7as para aumentar o valor para o cliente<\/td><\/tr><tr><td>4. Coopera\u00e7\u00e3o estreita e di\u00e1ria entre empres\u00e1rios e desenvolvedores<\/td><td>4. Planeje apenas em um n\u00edvel suficiente para garantir a prioriza\u00e7\u00e3o e a execu\u00e7\u00e3o eficazes<\/td><\/tr><tr><td>5. Os projetos s\u00e3o constru\u00eddos com base em indiv\u00edduos motivados, nos quais se deve confiar<\/td><td>5. Corra riscos e aprenda com seus fracassos<\/td><\/tr><tr><td>6. A conversa face a face \u00e9 a melhor forma de comunica\u00e7\u00e3o (co-localiza\u00e7\u00e3o)<\/td><td>6. Organize-se em equipes pequenas e multifuncionais sempre que poss\u00edvel<\/td><\/tr><tr><td>7. O software de trabalho \u00e9 a principal medida de progresso<\/td><td>7. Criar programas de marketing com pessoas motivadas e confiar nelas para realizar o trabalho<\/td><\/tr><tr><td>8. Desenvolvimento sustent\u00e1vel, capaz de manter um ritmo constante<\/td><td>8. O sucesso do marketing de longo prazo se beneficia da opera\u00e7\u00e3o em um ritmo sustent\u00e1vel<\/td><\/tr><tr><td>9. Aten\u00e7\u00e3o cont\u00ednua \u00e0 excel\u00eancia t\u00e9cnica e ao bom design<\/td><td>9. O marketing \u00e1gil n\u00e3o \u00e9 suficiente. A excel\u00eancia em marketing tamb\u00e9m exige aten\u00e7\u00e3o cont\u00ednua aos fundamentos do marketing<\/td><\/tr><tr><td>10. Simplicidade - a arte de maximizar a quantidade de trabalho n\u00e3o realizado - \u00e9 essencial<\/td><td>10. Buscar a simplicidade<\/td><\/tr><tr><td>11. As melhores arquiteturas, requisitos e projetos surgem de equipes auto-organizadas<\/td><td><\/td><\/tr><tr><td>12. Regularmente, a equipe reflete sobre como se tornar mais eficaz e faz os ajustes necess\u00e1rios<\/td><td><\/td><\/tr><\/tbody><\/table><figcaption>12 Princ\u00edpios \u00c1geis e 10 Princ\u00edpios \u00c1geis de Marketing ap\u00f3s setembro de 2021<\/figcaption><\/figure>\n\n\n\n<p><\/p>\n\n\n\n<h4 class=\"wp-block-heading\">Manifesto de marketing \u00e1gil PDF<\/h4>\n\n\n\n<div data-wp-interactive=\"core\/file\" class=\"wp-block-file\"><object data-wp-bind--hidden=\"!state.hasPdfPreview\" hidden class=\"wp-block-file__embed\" data=\"https:\/\/businessagility.education\/blog\/wp-content\/uploads\/2022\/08\/agile-marketing-manifesto.pdf\" type=\"application\/pdf\" style=\"width:100%;height:600px\" aria-label=\"Incorporado de Embed of agile-marketing-manifesto..\"><\/object><a id=\"wp-block-file--media-449d90dd-4135-440e-9012-2dfa5107f308\" href=\"https:\/\/businessagility.education\/blog\/wp-content\/uploads\/2022\/08\/agile-marketing-manifesto.pdf\">agile-marketing-manifesto<\/a><a href=\"https:\/\/businessagility.education\/blog\/wp-content\/uploads\/2022\/08\/agile-marketing-manifesto.pdf\" class=\"wp-block-file__button\" download aria-describedby=\"wp-block-file--media-449d90dd-4135-440e-9012-2dfa5107f308\">Baixar<\/a><\/div>","protected":false},"excerpt":{"rendered":"<p>The following side by side comparison of Manifestos helps to clearly see some of the main differences emerging between the Agile Dev 2001 version and the Agile Marketing 2012 and 2021 version. Note: Agile Marketing Manifesto is being modified by the Sprint Two Leadership Team and hundreds of comments and results gathered during a Survey [&hellip;]<\/p>","protected":false},"author":1,"featured_media":196,"parent":0,"menu_order":0,"comment_status":"closed","ping_status":"closed","template":"","meta":{"footnotes":""},"class_list":["post-195","page","type-page","status-publish","has-post-thumbnail","hentry"],"yoast_head":"<!-- This site is optimized with the Yoast SEO plugin v24.9 - https:\/\/yoast.com\/wordpress\/plugins\/seo\/ -->\n<title>Agile Marketing Manifesto PDF - Business Agility+AI<\/title>\n<meta name=\"description\" content=\"Agile Marketing Manifesto PDF after Sprint Two (AgileMarketingManifesto,org) side by side comparison with Agile Dev Manifesto 2001\" \/>\n<meta name=\"robots\" content=\"index, follow, max-snippet:-1, max-image-preview:large, max-video-preview:-1\" \/>\n<link rel=\"canonical\" href=\"https:\/\/businessagility.education\/blog\/pt\/agile-marketing-manifesto\/\" \/>\n<meta property=\"og:locale\" content=\"pt_BR\" \/>\n<meta property=\"og:type\" content=\"article\" \/>\n<meta property=\"og:title\" content=\"Agile Marketing Manifesto PDF - Business Agility+AI\" \/>\n<meta property=\"og:description\" content=\"Agile Marketing Manifesto PDF after Sprint Two (AgileMarketingManifesto,org) side by side comparison with Agile Dev Manifesto 2001\" \/>\n<meta property=\"og:url\" content=\"https:\/\/businessagility.education\/blog\/pt\/agile-marketing-manifesto\/\" \/>\n<meta property=\"og:site_name\" content=\"Business Agility+AI\" \/>\n<meta property=\"article:modified_time\" content=\"2022-08-17T17:33:58+00:00\" \/>\n<meta property=\"og:image\" content=\"https:\/\/businessagility.education\/blog\/wp-content\/uploads\/2022\/08\/agile-marketing-manifesto.jpg\" \/>\n\t<meta property=\"og:image:width\" content=\"1024\" \/>\n\t<meta property=\"og:image:height\" content=\"284\" \/>\n\t<meta property=\"og:image:type\" content=\"image\/jpeg\" \/>\n<meta name=\"twitter:card\" content=\"summary_large_image\" \/>\n<meta name=\"twitter:label1\" content=\"Est. tempo de leitura\" \/>\n\t<meta name=\"twitter:data1\" content=\"3 minutos\" \/>\n<script type=\"application\/ld+json\" class=\"yoast-schema-graph\">{\"@context\":\"https:\/\/schema.org\",\"@graph\":[{\"@type\":\"WebPage\",\"@id\":\"https:\/\/businessagility.education\/blog\/agile-marketing-manifesto\/\",\"url\":\"https:\/\/businessagility.education\/blog\/agile-marketing-manifesto\/\",\"name\":\"Agile Marketing Manifesto PDF - Business Agility+AI\",\"isPartOf\":{\"@id\":\"https:\/\/businessagility.education\/blog\/#website\"},\"primaryImageOfPage\":{\"@id\":\"https:\/\/businessagility.education\/blog\/agile-marketing-manifesto\/#primaryimage\"},\"image\":{\"@id\":\"https:\/\/businessagility.education\/blog\/agile-marketing-manifesto\/#primaryimage\"},\"thumbnailUrl\":\"https:\/\/businessagility.education\/blog\/wp-content\/uploads\/2022\/08\/agile-marketing-manifesto.jpg\",\"datePublished\":\"2022-08-17T16:25:46+00:00\",\"dateModified\":\"2022-08-17T17:33:58+00:00\",\"description\":\"Agile Marketing Manifesto PDF after Sprint Two (AgileMarketingManifesto,org) side by side comparison with Agile Dev Manifesto 2001\",\"breadcrumb\":{\"@id\":\"https:\/\/businessagility.education\/blog\/agile-marketing-manifesto\/#breadcrumb\"},\"inLanguage\":\"pt-BR\",\"potentialAction\":[{\"@type\":\"ReadAction\",\"target\":[\"https:\/\/businessagility.education\/blog\/agile-marketing-manifesto\/\"]}]},{\"@type\":\"ImageObject\",\"inLanguage\":\"pt-BR\",\"@id\":\"https:\/\/businessagility.education\/blog\/agile-marketing-manifesto\/#primaryimage\",\"url\":\"https:\/\/businessagility.education\/blog\/wp-content\/uploads\/2022\/08\/agile-marketing-manifesto.jpg\",\"contentUrl\":\"https:\/\/businessagility.education\/blog\/wp-content\/uploads\/2022\/08\/agile-marketing-manifesto.jpg\",\"width\":1024,\"height\":284,\"caption\":\"agile marketing manifesto\"},{\"@type\":\"BreadcrumbList\",\"@id\":\"https:\/\/businessagility.education\/blog\/agile-marketing-manifesto\/#breadcrumb\",\"itemListElement\":[{\"@type\":\"ListItem\",\"position\":1,\"name\":\"Home\",\"item\":\"https:\/\/businessagility.education\/blog\/\"},{\"@type\":\"ListItem\",\"position\":2,\"name\":\"Agile Marketing Manifesto\"}]},{\"@type\":\"WebSite\",\"@id\":\"https:\/\/businessagility.education\/blog\/#website\",\"url\":\"https:\/\/businessagility.education\/blog\/\",\"name\":\"Business Agility+AI\",\"description\":\"The Business Agility + Artificial Intelligence Blog\",\"publisher\":{\"@id\":\"https:\/\/businessagility.education\/blog\/#organization\"},\"potentialAction\":[{\"@type\":\"SearchAction\",\"target\":{\"@type\":\"EntryPoint\",\"urlTemplate\":\"https:\/\/businessagility.education\/blog\/?s={search_term_string}\"},\"query-input\":{\"@type\":\"PropertyValueSpecification\",\"valueRequired\":true,\"valueName\":\"search_term_string\"}}],\"inLanguage\":\"pt-BR\"},{\"@type\":\"Organization\",\"@id\":\"https:\/\/businessagility.education\/blog\/#organization\",\"name\":\"Business Agility+AI\",\"url\":\"https:\/\/businessagility.education\/blog\/\",\"logo\":{\"@type\":\"ImageObject\",\"inLanguage\":\"pt-BR\",\"@id\":\"https:\/\/businessagility.education\/blog\/#\/schema\/logo\/image\/\",\"url\":\"https:\/\/businessagility.education\/blog\/wp-content\/uploads\/2022\/06\/business-agility-blog-logo.png\",\"contentUrl\":\"https:\/\/businessagility.education\/blog\/wp-content\/uploads\/2022\/06\/business-agility-blog-logo.png\",\"width\":200,\"height\":100,\"caption\":\"Business Agility+AI\"},\"image\":{\"@id\":\"https:\/\/businessagility.education\/blog\/#\/schema\/logo\/image\/\"}}]}<\/script>\n<!-- \/ Yoast SEO plugin. -->","yoast_head_json":{"title":"Agile Marketing Manifesto PDF - Business Agility+AI","description":"Agile Marketing Manifesto PDF after Sprint Two (AgileMarketingManifesto,org) side by side comparison with Agile Dev Manifesto 2001","robots":{"index":"index","follow":"follow","max-snippet":"max-snippet:-1","max-image-preview":"max-image-preview:large","max-video-preview":"max-video-preview:-1"},"canonical":"https:\/\/businessagility.education\/blog\/pt\/agile-marketing-manifesto\/","og_locale":"pt_BR","og_type":"article","og_title":"Agile Marketing Manifesto PDF - Business Agility+AI","og_description":"Agile Marketing Manifesto PDF after Sprint Two (AgileMarketingManifesto,org) side by side comparison with Agile Dev Manifesto 2001","og_url":"https:\/\/businessagility.education\/blog\/pt\/agile-marketing-manifesto\/","og_site_name":"Business Agility+AI","article_modified_time":"2022-08-17T17:33:58+00:00","og_image":[{"width":1024,"height":284,"url":"https:\/\/businessagility.education\/blog\/wp-content\/uploads\/2022\/08\/agile-marketing-manifesto.jpg","type":"image\/jpeg"}],"twitter_card":"summary_large_image","twitter_misc":{"Est. tempo de leitura":"3 minutos"},"schema":{"@context":"https:\/\/schema.org","@graph":[{"@type":"WebPage","@id":"https:\/\/businessagility.education\/blog\/agile-marketing-manifesto\/","url":"https:\/\/businessagility.education\/blog\/agile-marketing-manifesto\/","name":"Agile Marketing Manifesto PDF - Business Agility+AI","isPartOf":{"@id":"https:\/\/businessagility.education\/blog\/#website"},"primaryImageOfPage":{"@id":"https:\/\/businessagility.education\/blog\/agile-marketing-manifesto\/#primaryimage"},"image":{"@id":"https:\/\/businessagility.education\/blog\/agile-marketing-manifesto\/#primaryimage"},"thumbnailUrl":"https:\/\/businessagility.education\/blog\/wp-content\/uploads\/2022\/08\/agile-marketing-manifesto.jpg","datePublished":"2022-08-17T16:25:46+00:00","dateModified":"2022-08-17T17:33:58+00:00","description":"Agile Marketing Manifesto PDF after Sprint Two (AgileMarketingManifesto,org) side by side comparison with Agile Dev Manifesto 2001","breadcrumb":{"@id":"https:\/\/businessagility.education\/blog\/agile-marketing-manifesto\/#breadcrumb"},"inLanguage":"pt-BR","potentialAction":[{"@type":"ReadAction","target":["https:\/\/businessagility.education\/blog\/agile-marketing-manifesto\/"]}]},{"@type":"ImageObject","inLanguage":"pt-BR","@id":"https:\/\/businessagility.education\/blog\/agile-marketing-manifesto\/#primaryimage","url":"https:\/\/businessagility.education\/blog\/wp-content\/uploads\/2022\/08\/agile-marketing-manifesto.jpg","contentUrl":"https:\/\/businessagility.education\/blog\/wp-content\/uploads\/2022\/08\/agile-marketing-manifesto.jpg","width":1024,"height":284,"caption":"agile marketing manifesto"},{"@type":"BreadcrumbList","@id":"https:\/\/businessagility.education\/blog\/agile-marketing-manifesto\/#breadcrumb","itemListElement":[{"@type":"ListItem","position":1,"name":"Home","item":"https:\/\/businessagility.education\/blog\/"},{"@type":"ListItem","position":2,"name":"Agile Marketing Manifesto"}]},{"@type":"WebSite","@id":"https:\/\/businessagility.education\/blog\/#website","url":"https:\/\/businessagility.education\/blog\/","name":"Business Agility+AI","description":"The Business Agility + Artificial Intelligence Blog","publisher":{"@id":"https:\/\/businessagility.education\/blog\/#organization"},"potentialAction":[{"@type":"SearchAction","target":{"@type":"EntryPoint","urlTemplate":"https:\/\/businessagility.education\/blog\/?s={search_term_string}"},"query-input":{"@type":"PropertyValueSpecification","valueRequired":true,"valueName":"search_term_string"}}],"inLanguage":"pt-BR"},{"@type":"Organization","@id":"https:\/\/businessagility.education\/blog\/#organization","name":"Business Agility+AI","url":"https:\/\/businessagility.education\/blog\/","logo":{"@type":"ImageObject","inLanguage":"pt-BR","@id":"https:\/\/businessagility.education\/blog\/#\/schema\/logo\/image\/","url":"https:\/\/businessagility.education\/blog\/wp-content\/uploads\/2022\/06\/business-agility-blog-logo.png","contentUrl":"https:\/\/businessagility.education\/blog\/wp-content\/uploads\/2022\/06\/business-agility-blog-logo.png","width":200,"height":100,"caption":"Business Agility+AI"},"image":{"@id":"https:\/\/businessagility.education\/blog\/#\/schema\/logo\/image\/"}}]}},"_links":{"self":[{"href":"https:\/\/businessagility.education\/blog\/pt\/wp-json\/wp\/v2\/pages\/195","targetHints":{"allow":["GET"]}}],"collection":[{"href":"https:\/\/businessagility.education\/blog\/pt\/wp-json\/wp\/v2\/pages"}],"about":[{"href":"https:\/\/businessagility.education\/blog\/pt\/wp-json\/wp\/v2\/types\/page"}],"author":[{"embeddable":true,"href":"https:\/\/businessagility.education\/blog\/pt\/wp-json\/wp\/v2\/users\/1"}],"replies":[{"embeddable":true,"href":"https:\/\/businessagility.education\/blog\/pt\/wp-json\/wp\/v2\/comments?post=195"}],"version-history":[{"count":3,"href":"https:\/\/businessagility.education\/blog\/pt\/wp-json\/wp\/v2\/pages\/195\/revisions"}],"predecessor-version":[{"id":202,"href":"https:\/\/businessagility.education\/blog\/pt\/wp-json\/wp\/v2\/pages\/195\/revisions\/202"}],"wp:featuredmedia":[{"embeddable":true,"href":"https:\/\/businessagility.education\/blog\/pt\/wp-json\/wp\/v2\/media\/196"}],"wp:attachment":[{"href":"https:\/\/businessagility.education\/blog\/pt\/wp-json\/wp\/v2\/media?parent=195"}],"curies":[{"name":"wp","href":"https:\/\/api.w.org\/{rel}","templated":true}]}}