{"id":16,"date":"2022-04-15T17:45:34","date_gmt":"2022-04-15T21:45:34","guid":{"rendered":"https:\/\/businessagility.education\/blog\/?page_id=16"},"modified":"2022-04-15T17:45:34","modified_gmt":"2022-04-15T21:45:34","slug":"terms-and-conditions","status":"publish","type":"page","link":"https:\/\/businessagility.education\/blog\/pt\/terms-and-conditions\/","title":{"rendered":"Termos"},"content":{"rendered":"<h4 class=\"wp-block-heading\">Termos gerais de uso<\/h4>\n\n\n\n<p>Ao usar este site, <a href=\"https:\/\/businessagility.education\/\">businessagility.education<\/a> (O SITE), voc\u00ea concorda com os termos de uso relacionados a ele, seja para uso comercial ou n\u00e3o comercial. Caso n\u00e3o concorde com os termos de uso e com nossa pol\u00edtica de privacidade, n\u00e3o utilize nosso site. O businessagility.education reserva-se o direito de alterar, modificar, adicionar ou remover partes destes Termos de Uso e Privacidade a qualquer momento e sem aviso pr\u00e9vio. N\u00e3o assumimos nenhum compromisso quanto \u00e0 precis\u00e3o ou confiabilidade das exibi\u00e7\u00f5es de servi\u00e7os, produtos, dicas, avisos, declara\u00e7\u00f5es ou outras informa\u00e7\u00f5es exibidas, baixadas ou transmitidas por meio do Servi\u00e7o por n\u00f3s, nossos parceiros, qualquer comerciante e\/ou exibidor, ou qualquer outra pessoa ou entidade. Voc\u00ea assume os riscos que assume ao confiar em qualquer opini\u00e3o, exibi\u00e7\u00e3o ou informa\u00e7\u00e3o. Os links para outros sites que voc\u00ea encontra no businessagility.education, bem como em suas outras propriedades da Web, n\u00e3o s\u00e3o endossos a quaisquer produtos ou servi\u00e7os oferecidos nesses mesmos sites, e o FrenchMarketing.ca n\u00e3o endossou nem aprovou as informa\u00e7\u00f5es contidas nesses sites. Os Termos e Condi\u00e7\u00f5es s\u00e3o regidos pelas leis de Quebec, Canad\u00e1. No caso de um processo legal e\/ou a\u00e7\u00e3o legal, voc\u00ea concorda em nos isentar de qualquer responsabilidade e em nos defender \u00e0s suas custas. Se alguma das disposi\u00e7\u00f5es destes Termos de Uso for rescindida por uma decis\u00e3o judicial, as demais disposi\u00e7\u00f5es permanecer\u00e3o v\u00e1lidas e continuar\u00e3o a ser aplicadas.<\/p>\n\n\n\n<h4 class=\"wp-block-heading\">Direitos autorais Termos de uso<\/h4>\n\n\n\n<p>Voc\u00ea n\u00e3o pode copiar, exibir, distribuir ou reproduzir de outra forma qualquer texto, imagem ou outro formato protegido por direitos autorais encontrado em nosso site.<\/p>\n\n\n\n<h4 class=\"wp-block-heading\">Limita\u00e7\u00e3o de responsabilidade Termos de uso<\/h4>\n\n\n\n<p>N\u00c3O SOMOS RESPONS\u00c1VEIS POR DANOS DE QUALQUER TIPO DECORRENTES DE SEU USO DO SITE. N\u00c3O NOS RESPONSABILIZAMOS POR QUAISQUER DANOS CONSEQUENCIAIS E\/OU INCIDENTAIS RESULTANTES DE SEU USO DO SERVI\u00c7O E DO SITE.<\/p>","protected":false},"excerpt":{"rendered":"<p>Termos Gerais de Uso Ao usar este site, businessagility.education (O SITE), voc\u00ea concorda com os termos de uso relacionados a ele, seja para uso comercial ou n\u00e3o comercial. Se voc\u00ea n\u00e3o concordar com os termos de uso e com nossa pol\u00edtica de privacidade, n\u00e3o use nosso site. O businessagility.education se reserva o direito de alterar, modificar, adicionar [...]<\/p>","protected":false},"author":1,"featured_media":0,"parent":0,"menu_order":0,"comment_status":"closed","ping_status":"closed","template":"","meta":{"footnotes":""},"class_list":["post-16","page","type-page","status-publish","hentry"],"yoast_head":"<!-- This site is optimized with the Yoast SEO plugin v24.9 - https:\/\/yoast.com\/wordpress\/plugins\/seo\/ -->\n<title>Terms - Business Agility+AI<\/title>\n<meta name=\"robots\" content=\"index, follow, max-snippet:-1, max-image-preview:large, max-video-preview:-1\" \/>\n<link rel=\"canonical\" href=\"https:\/\/businessagility.education\/blog\/pt\/terms-and-conditions\/\" \/>\n<meta property=\"og:locale\" content=\"pt_BR\" \/>\n<meta property=\"og:type\" content=\"article\" \/>\n<meta property=\"og:title\" content=\"Terms - Business Agility+AI\" \/>\n<meta property=\"og:description\" content=\"General Terms of Use By using this website, businessagility.education (THE SITE), you agree to the terms of use relating to it, whether for commercial or non-commercial use. If you do not agree with the terms of use and our privacy policy, please do not use our website. businessagility.education reserves the right to change, modify, add [&hellip;]\" \/>\n<meta property=\"og:url\" content=\"https:\/\/businessagility.education\/blog\/pt\/terms-and-conditions\/\" \/>\n<meta property=\"og:site_name\" content=\"Business Agility+AI\" \/>\n<meta name=\"twitter:card\" content=\"summary_large_image\" \/>\n<meta name=\"twitter:label1\" content=\"Est. tempo de leitura\" \/>\n\t<meta name=\"twitter:data1\" content=\"2 minutos\" \/>\n<script type=\"application\/ld+json\" class=\"yoast-schema-graph\">{\"@context\":\"https:\/\/schema.org\",\"@graph\":[{\"@type\":\"WebPage\",\"@id\":\"https:\/\/businessagility.education\/blog\/terms-and-conditions\/\",\"url\":\"https:\/\/businessagility.education\/blog\/terms-and-conditions\/\",\"name\":\"Terms - Business Agility+AI\",\"isPartOf\":{\"@id\":\"https:\/\/businessagility.education\/blog\/#website\"},\"datePublished\":\"2022-04-15T21:45:34+00:00\",\"breadcrumb\":{\"@id\":\"https:\/\/businessagility.education\/blog\/terms-and-conditions\/#breadcrumb\"},\"inLanguage\":\"pt-BR\",\"potentialAction\":[{\"@type\":\"ReadAction\",\"target\":[\"https:\/\/businessagility.education\/blog\/terms-and-conditions\/\"]}]},{\"@type\":\"BreadcrumbList\",\"@id\":\"https:\/\/businessagility.education\/blog\/terms-and-conditions\/#breadcrumb\",\"itemListElement\":[{\"@type\":\"ListItem\",\"position\":1,\"name\":\"Home\",\"item\":\"https:\/\/businessagility.education\/blog\/\"},{\"@type\":\"ListItem\",\"position\":2,\"name\":\"Terms\"}]},{\"@type\":\"WebSite\",\"@id\":\"https:\/\/businessagility.education\/blog\/#website\",\"url\":\"https:\/\/businessagility.education\/blog\/\",\"name\":\"Business Agility+AI\",\"description\":\"The Business Agility + Artificial Intelligence Blog\",\"publisher\":{\"@id\":\"https:\/\/businessagility.education\/blog\/#organization\"},\"potentialAction\":[{\"@type\":\"SearchAction\",\"target\":{\"@type\":\"EntryPoint\",\"urlTemplate\":\"https:\/\/businessagility.education\/blog\/?s={search_term_string}\"},\"query-input\":{\"@type\":\"PropertyValueSpecification\",\"valueRequired\":true,\"valueName\":\"search_term_string\"}}],\"inLanguage\":\"pt-BR\"},{\"@type\":\"Organization\",\"@id\":\"https:\/\/businessagility.education\/blog\/#organization\",\"name\":\"Business Agility+AI\",\"url\":\"https:\/\/businessagility.education\/blog\/\",\"logo\":{\"@type\":\"ImageObject\",\"inLanguage\":\"pt-BR\",\"@id\":\"https:\/\/businessagility.education\/blog\/#\/schema\/logo\/image\/\",\"url\":\"https:\/\/businessagility.education\/blog\/wp-content\/uploads\/2022\/06\/business-agility-blog-logo.png\",\"contentUrl\":\"https:\/\/businessagility.education\/blog\/wp-content\/uploads\/2022\/06\/business-agility-blog-logo.png\",\"width\":200,\"height\":100,\"caption\":\"Business Agility+AI\"},\"image\":{\"@id\":\"https:\/\/businessagility.education\/blog\/#\/schema\/logo\/image\/\"}}]}<\/script>\n<!-- \/ Yoast SEO plugin. -->","yoast_head_json":{"title":"Terms - Business Agility+AI","robots":{"index":"index","follow":"follow","max-snippet":"max-snippet:-1","max-image-preview":"max-image-preview:large","max-video-preview":"max-video-preview:-1"},"canonical":"https:\/\/businessagility.education\/blog\/pt\/terms-and-conditions\/","og_locale":"pt_BR","og_type":"article","og_title":"Terms - Business Agility+AI","og_description":"General Terms of Use By using this website, businessagility.education (THE SITE), you agree to the terms of use relating to it, whether for commercial or non-commercial use. If you do not agree with the terms of use and our privacy policy, please do not use our website. businessagility.education reserves the right to change, modify, add [&hellip;]","og_url":"https:\/\/businessagility.education\/blog\/pt\/terms-and-conditions\/","og_site_name":"Business Agility+AI","twitter_card":"summary_large_image","twitter_misc":{"Est. tempo de leitura":"2 minutos"},"schema":{"@context":"https:\/\/schema.org","@graph":[{"@type":"WebPage","@id":"https:\/\/businessagility.education\/blog\/terms-and-conditions\/","url":"https:\/\/businessagility.education\/blog\/terms-and-conditions\/","name":"Terms - Business Agility+AI","isPartOf":{"@id":"https:\/\/businessagility.education\/blog\/#website"},"datePublished":"2022-04-15T21:45:34+00:00","breadcrumb":{"@id":"https:\/\/businessagility.education\/blog\/terms-and-conditions\/#breadcrumb"},"inLanguage":"pt-BR","potentialAction":[{"@type":"ReadAction","target":["https:\/\/businessagility.education\/blog\/terms-and-conditions\/"]}]},{"@type":"BreadcrumbList","@id":"https:\/\/businessagility.education\/blog\/terms-and-conditions\/#breadcrumb","itemListElement":[{"@type":"ListItem","position":1,"name":"Home","item":"https:\/\/businessagility.education\/blog\/"},{"@type":"ListItem","position":2,"name":"Terms"}]},{"@type":"WebSite","@id":"https:\/\/businessagility.education\/blog\/#website","url":"https:\/\/businessagility.education\/blog\/","name":"Business Agility+AI","description":"The Business Agility + Artificial Intelligence Blog","publisher":{"@id":"https:\/\/businessagility.education\/blog\/#organization"},"potentialAction":[{"@type":"SearchAction","target":{"@type":"EntryPoint","urlTemplate":"https:\/\/businessagility.education\/blog\/?s={search_term_string}"},"query-input":{"@type":"PropertyValueSpecification","valueRequired":true,"valueName":"search_term_string"}}],"inLanguage":"pt-BR"},{"@type":"Organization","@id":"https:\/\/businessagility.education\/blog\/#organization","name":"Business Agility+AI","url":"https:\/\/businessagility.education\/blog\/","logo":{"@type":"ImageObject","inLanguage":"pt-BR","@id":"https:\/\/businessagility.education\/blog\/#\/schema\/logo\/image\/","url":"https:\/\/businessagility.education\/blog\/wp-content\/uploads\/2022\/06\/business-agility-blog-logo.png","contentUrl":"https:\/\/businessagility.education\/blog\/wp-content\/uploads\/2022\/06\/business-agility-blog-logo.png","width":200,"height":100,"caption":"Business Agility+AI"},"image":{"@id":"https:\/\/businessagility.education\/blog\/#\/schema\/logo\/image\/"}}]}},"_links":{"self":[{"href":"https:\/\/businessagility.education\/blog\/pt\/wp-json\/wp\/v2\/pages\/16","targetHints":{"allow":["GET"]}}],"collection":[{"href":"https:\/\/businessagility.education\/blog\/pt\/wp-json\/wp\/v2\/pages"}],"about":[{"href":"https:\/\/businessagility.education\/blog\/pt\/wp-json\/wp\/v2\/types\/page"}],"author":[{"embeddable":true,"href":"https:\/\/businessagility.education\/blog\/pt\/wp-json\/wp\/v2\/users\/1"}],"replies":[{"embeddable":true,"href":"https:\/\/businessagility.education\/blog\/pt\/wp-json\/wp\/v2\/comments?post=16"}],"version-history":[{"count":1,"href":"https:\/\/businessagility.education\/blog\/pt\/wp-json\/wp\/v2\/pages\/16\/revisions"}],"predecessor-version":[{"id":17,"href":"https:\/\/businessagility.education\/blog\/pt\/wp-json\/wp\/v2\/pages\/16\/revisions\/17"}],"wp:attachment":[{"href":"https:\/\/businessagility.education\/blog\/pt\/wp-json\/wp\/v2\/media?parent=16"}],"curies":[{"name":"wp","href":"https:\/\/api.w.org\/{rel}","templated":true}]}}