{"id":134,"date":"2022-08-12T13:10:26","date_gmt":"2022-08-12T17:10:26","guid":{"rendered":"https:\/\/businessagility.education\/blog\/?page_id=134"},"modified":"2022-08-12T13:10:27","modified_gmt":"2022-08-12T17:10:27","slug":"business-agility-ireland","status":"publish","type":"page","link":"https:\/\/businessagility.education\/blog\/pt\/business-agility-ireland\/","title":{"rendered":"Agilidade nos neg\u00f3cios na Irlanda"},"content":{"rendered":"<figure class=\"wp-block-image size-full\"><img loading=\"lazy\" decoding=\"async\" width=\"640\" height=\"427\" src=\"https:\/\/businessagility.education\/blog\/wp-content\/uploads\/2022\/08\/business-agility-blog-ireland.png\" alt=\"Business Agility Ireland\" class=\"wp-image-135\" srcset=\"https:\/\/businessagility.education\/blog\/wp-content\/uploads\/2022\/08\/business-agility-blog-ireland.png 640w, https:\/\/businessagility.education\/blog\/wp-content\/uploads\/2022\/08\/business-agility-blog-ireland-300x200.png 300w, https:\/\/businessagility.education\/blog\/wp-content\/uploads\/2022\/08\/business-agility-blog-ireland-18x12.png 18w\" sizes=\"auto, (max-width: 640px) 100vw, 640px\" \/><\/figure>\n\n\n\n<h2 id=\"agilemarketingireland\">Agile Marketing na Irlanda<\/h2>\n\n\n\n<p>A revis\u00e3o da literatura e as contribui\u00e7\u00f5es para o conjunto de conhecimentos sobre Agile Marketing da Irlanda est\u00e3o em desenvolvimento.<\/p>\n\n\n\n<h2 class=\"wp-block-heading\">Mundo do Agile Marketing: Universidades irlandesas<\/h2>\n\n\n\n<h3 class=\"wp-block-heading\">Trinity College Dublin, Irlanda<\/h3>\n\n\n\n<h5 class=\"wp-block-heading\">Avan\u00e7os na teoria e pr\u00e1tica de marketing<\/h5>\n\n\n\n<p>Este curso aborda os aspectos te\u00f3ricos e hist\u00f3ricos relevantes do marketing, incluindo as tend\u00eancias atuais, como <a href=\"https:\/\/www.tcd.ie\/business\/undergraduate\/module-outlines\/buu44550.php\">Marketing \u00e1gil <\/a><\/p>\n\n\n\n<h2 class=\"wp-block-heading\">T\u00f3picos de pesquisa \u00e1gil relacionados<\/h2>\n\n\n\n<h4 class=\"wp-block-heading\">Agile Marketing para Agile HR &amp; Agile HR para Agile Marketing<\/h4>\n\n\n\n<h3 class=\"wp-block-heading\">Dublin City University, Irlanda<\/h3>\n\n\n\n<h4 class=\"wp-block-heading\">Brian Harney e David G. Collings<\/h4>\n\n\n\n<h6 class=\"wp-block-heading\">2021<\/h6>\n\n\n\n<p>O Dr. Harney e o Dr. Collings come\u00e7am com um poderoso gatilho metacognitivo por meio da apresenta\u00e7\u00e3o de um poema (Ridge, Lola. \"The Destroyer\") para captar a aten\u00e7\u00e3o do leitor de forma inteligente e estabelecer uma base de compara\u00e7\u00e3o para as mudan\u00e7as que est\u00e3o ocorrendo no cen\u00e1rio de RH e a capacidade de resposta exigida pelo RH. <\/p>\n\n\n\n<p>Cita\u00e7\u00f5es: (McMackin &amp; Heffernan, 2020), (Hewett &amp; Shantz, 2021)<\/p>\n\n\n\n<p>Harney, B., &amp; Collings, D. G. (2021). Navegando nos cen\u00e1rios mut\u00e1veis da gest\u00e3o de recursos humanos <em>Revis\u00e3o da gest\u00e3o de recursos humanos<\/em><\/p>\n\n\n\n<p><a href=\"https:\/\/doi.org\/10.1016\/j.hrmr.2021.100824\">https:\/\/doi.org\/10.1016\/j.hrmr.2021.100824<\/a><\/p>\n\n\n\n<h4 class=\"wp-block-heading\">John McMackin e Margaret Heffernan<\/h4>\n\n\n\n<p><strong>2020<\/strong><\/p>\n\n\n\n<p>O Dr. McMackin e o Dr. Heffernan nos fornecem importantes distin\u00e7\u00f5es entre RH para Agile e Agile para RH.<\/p>\n\n\n\n<p>McMackin, J., &amp; Heffernan, M. (2020). Agile for hr: Tudo bem na pr\u00e1tica, mas ser\u00e1 que funciona na teoria? <em>Revis\u00e3o da gest\u00e3o de recursos humanos<\/em><\/p>\n\n\n\n<p><a href=\"https:\/\/doi.org\/10.1016\/j.hrmr.2020.100791\" target=\"_blank\" rel=\"noreferrer noopener\">https:\/\/doi.org\/10.1016\/j.hrmr.2020.100791<\/a><\/p>\n\n\n\n<p><\/p>\n\n\n\n<h3 class=\"wp-block-heading\">Trinity College Dublin, Irlanda<\/h3>\n\n\n\n<h4 class=\"wp-block-heading\">Amanda Shantz (e Rebecca Hewett)<\/h4>\n\n\n\n<p>O Dr. Shantz, juntamente com a Dra. Rebecca Hewett (Rotterdam School of Management, Erasmus University, Holanda), detalham com maestria os benef\u00edcios de se considerar o RH e a cocria\u00e7\u00e3o das partes interessadas.<\/p>\n\n\n\n<p>Hewett, R. &amp; Shantz, A. (2021). Uma teoria da cocria\u00e7\u00e3o de RH <em>Revis\u00e3o da gest\u00e3o de recursos humanos<\/em><\/p>\n\n\n\n<p><a href=\"https:\/\/doi.org\/10.1016\/j.hrmr.2021.100823\">https:\/\/doi.org\/10.1016\/j.hrmr.2021.100823<\/a><\/p>","protected":false},"excerpt":{"rendered":"<p>Agile Marketing na Irlanda A revis\u00e3o da literatura e as contribui\u00e7\u00f5es para o conjunto de conhecimentos sobre Agile Marketing da Irlanda est\u00e3o em desenvolvimento. Mundo do Agile Marketing: Universidades irlandesas Trinity College Dublin, Irlanda Avan\u00e7os na teoria e na pr\u00e1tica do marketing Este curso aborda aspectos te\u00f3ricos e hist\u00f3ricos relevantes do marketing, incluindo tend\u00eancias atuais, como o Agile Marketing [...]<\/p>","protected":false},"author":1,"featured_media":0,"parent":0,"menu_order":0,"comment_status":"closed","ping_status":"closed","template":"","meta":{"footnotes":""},"class_list":["post-134","page","type-page","status-publish","hentry"],"yoast_head":"<!-- This site is optimized with the Yoast SEO plugin v24.9 - https:\/\/yoast.com\/wordpress\/plugins\/seo\/ -->\n<title>Business Agility Ireland - Agile HR, Agile Sales &amp; Marketing, Agile Finance<\/title>\n<meta name=\"description\" content=\"Business Agility Ireland, Agile Sales, Agile HR and Agile Marketing in Ireland Universities. Agility in Business Research and Education in Ireland\" \/>\n<meta name=\"robots\" content=\"index, follow, max-snippet:-1, max-image-preview:large, max-video-preview:-1\" \/>\n<link rel=\"canonical\" href=\"https:\/\/businessagility.education\/blog\/pt\/business-agility-ireland\/\" \/>\n<meta property=\"og:locale\" content=\"pt_BR\" \/>\n<meta property=\"og:type\" content=\"article\" \/>\n<meta property=\"og:title\" content=\"Business Agility Ireland - Agile HR, Agile Sales &amp; Marketing, Agile Finance\" \/>\n<meta property=\"og:description\" content=\"Business Agility Ireland, Agile Sales, Agile HR and Agile Marketing in Ireland Universities. Agility in Business Research and Education in Ireland\" \/>\n<meta property=\"og:url\" content=\"https:\/\/businessagility.education\/blog\/pt\/business-agility-ireland\/\" \/>\n<meta property=\"og:site_name\" content=\"Business Agility+AI\" \/>\n<meta property=\"article:modified_time\" content=\"2022-08-12T17:10:27+00:00\" \/>\n<meta property=\"og:image\" content=\"https:\/\/businessagility.education\/blog\/wp-content\/uploads\/2022\/08\/business-agility-blog-ireland.png\" \/>\n<meta name=\"twitter:card\" content=\"summary_large_image\" \/>\n<meta name=\"twitter:label1\" content=\"Est. tempo de leitura\" \/>\n\t<meta name=\"twitter:data1\" content=\"2 minutos\" \/>\n<script type=\"application\/ld+json\" class=\"yoast-schema-graph\">{\"@context\":\"https:\/\/schema.org\",\"@graph\":[{\"@type\":\"WebPage\",\"@id\":\"https:\/\/businessagility.education\/blog\/business-agility-ireland\/\",\"url\":\"https:\/\/businessagility.education\/blog\/business-agility-ireland\/\",\"name\":\"Business Agility Ireland - Agile HR, Agile Sales & Marketing, Agile Finance\",\"isPartOf\":{\"@id\":\"https:\/\/businessagility.education\/blog\/#website\"},\"primaryImageOfPage\":{\"@id\":\"https:\/\/businessagility.education\/blog\/business-agility-ireland\/#primaryimage\"},\"image\":{\"@id\":\"https:\/\/businessagility.education\/blog\/business-agility-ireland\/#primaryimage\"},\"thumbnailUrl\":\"https:\/\/businessagility.education\/blog\/wp-content\/uploads\/2022\/08\/business-agility-blog-ireland.png\",\"datePublished\":\"2022-08-12T17:10:26+00:00\",\"dateModified\":\"2022-08-12T17:10:27+00:00\",\"description\":\"Business Agility Ireland, Agile Sales, Agile HR and Agile Marketing in Ireland Universities. Agility in Business Research and Education in Ireland\",\"breadcrumb\":{\"@id\":\"https:\/\/businessagility.education\/blog\/business-agility-ireland\/#breadcrumb\"},\"inLanguage\":\"pt-BR\",\"potentialAction\":[{\"@type\":\"ReadAction\",\"target\":[\"https:\/\/businessagility.education\/blog\/business-agility-ireland\/\"]}]},{\"@type\":\"ImageObject\",\"inLanguage\":\"pt-BR\",\"@id\":\"https:\/\/businessagility.education\/blog\/business-agility-ireland\/#primaryimage\",\"url\":\"https:\/\/businessagility.education\/blog\/wp-content\/uploads\/2022\/08\/business-agility-blog-ireland.png\",\"contentUrl\":\"https:\/\/businessagility.education\/blog\/wp-content\/uploads\/2022\/08\/business-agility-blog-ireland.png\"},{\"@type\":\"BreadcrumbList\",\"@id\":\"https:\/\/businessagility.education\/blog\/business-agility-ireland\/#breadcrumb\",\"itemListElement\":[{\"@type\":\"ListItem\",\"position\":1,\"name\":\"Home\",\"item\":\"https:\/\/businessagility.education\/blog\/\"},{\"@type\":\"ListItem\",\"position\":2,\"name\":\"Business Agility Ireland\"}]},{\"@type\":\"WebSite\",\"@id\":\"https:\/\/businessagility.education\/blog\/#website\",\"url\":\"https:\/\/businessagility.education\/blog\/\",\"name\":\"Business Agility+AI\",\"description\":\"The Business Agility + Artificial Intelligence Blog\",\"publisher\":{\"@id\":\"https:\/\/businessagility.education\/blog\/#organization\"},\"potentialAction\":[{\"@type\":\"SearchAction\",\"target\":{\"@type\":\"EntryPoint\",\"urlTemplate\":\"https:\/\/businessagility.education\/blog\/?s={search_term_string}\"},\"query-input\":{\"@type\":\"PropertyValueSpecification\",\"valueRequired\":true,\"valueName\":\"search_term_string\"}}],\"inLanguage\":\"pt-BR\"},{\"@type\":\"Organization\",\"@id\":\"https:\/\/businessagility.education\/blog\/#organization\",\"name\":\"Business Agility+AI\",\"url\":\"https:\/\/businessagility.education\/blog\/\",\"logo\":{\"@type\":\"ImageObject\",\"inLanguage\":\"pt-BR\",\"@id\":\"https:\/\/businessagility.education\/blog\/#\/schema\/logo\/image\/\",\"url\":\"https:\/\/businessagility.education\/blog\/wp-content\/uploads\/2022\/06\/business-agility-blog-logo.png\",\"contentUrl\":\"https:\/\/businessagility.education\/blog\/wp-content\/uploads\/2022\/06\/business-agility-blog-logo.png\",\"width\":200,\"height\":100,\"caption\":\"Business Agility+AI\"},\"image\":{\"@id\":\"https:\/\/businessagility.education\/blog\/#\/schema\/logo\/image\/\"}}]}<\/script>\n<!-- \/ Yoast SEO plugin. -->","yoast_head_json":{"title":"Business Agility Ireland - Agile HR, Agile Sales & Marketing, Agile Finance","description":"Business Agility Ireland, Agile Sales, Agile HR and Agile Marketing in Ireland Universities. Agility in Business Research and Education in Ireland","robots":{"index":"index","follow":"follow","max-snippet":"max-snippet:-1","max-image-preview":"max-image-preview:large","max-video-preview":"max-video-preview:-1"},"canonical":"https:\/\/businessagility.education\/blog\/pt\/business-agility-ireland\/","og_locale":"pt_BR","og_type":"article","og_title":"Business Agility Ireland - Agile HR, Agile Sales & Marketing, Agile Finance","og_description":"Business Agility Ireland, Agile Sales, Agile HR and Agile Marketing in Ireland Universities. Agility in Business Research and Education in Ireland","og_url":"https:\/\/businessagility.education\/blog\/pt\/business-agility-ireland\/","og_site_name":"Business Agility+AI","article_modified_time":"2022-08-12T17:10:27+00:00","og_image":[{"url":"https:\/\/businessagility.education\/blog\/wp-content\/uploads\/2022\/08\/business-agility-blog-ireland.png","type":"","width":"","height":""}],"twitter_card":"summary_large_image","twitter_misc":{"Est. tempo de leitura":"2 minutos"},"schema":{"@context":"https:\/\/schema.org","@graph":[{"@type":"WebPage","@id":"https:\/\/businessagility.education\/blog\/business-agility-ireland\/","url":"https:\/\/businessagility.education\/blog\/business-agility-ireland\/","name":"Business Agility Ireland - Agile HR, Agile Sales & Marketing, Agile Finance","isPartOf":{"@id":"https:\/\/businessagility.education\/blog\/#website"},"primaryImageOfPage":{"@id":"https:\/\/businessagility.education\/blog\/business-agility-ireland\/#primaryimage"},"image":{"@id":"https:\/\/businessagility.education\/blog\/business-agility-ireland\/#primaryimage"},"thumbnailUrl":"https:\/\/businessagility.education\/blog\/wp-content\/uploads\/2022\/08\/business-agility-blog-ireland.png","datePublished":"2022-08-12T17:10:26+00:00","dateModified":"2022-08-12T17:10:27+00:00","description":"Business Agility Ireland, Agile Sales, Agile HR and Agile Marketing in Ireland Universities. Agility in Business Research and Education in Ireland","breadcrumb":{"@id":"https:\/\/businessagility.education\/blog\/business-agility-ireland\/#breadcrumb"},"inLanguage":"pt-BR","potentialAction":[{"@type":"ReadAction","target":["https:\/\/businessagility.education\/blog\/business-agility-ireland\/"]}]},{"@type":"ImageObject","inLanguage":"pt-BR","@id":"https:\/\/businessagility.education\/blog\/business-agility-ireland\/#primaryimage","url":"https:\/\/businessagility.education\/blog\/wp-content\/uploads\/2022\/08\/business-agility-blog-ireland.png","contentUrl":"https:\/\/businessagility.education\/blog\/wp-content\/uploads\/2022\/08\/business-agility-blog-ireland.png"},{"@type":"BreadcrumbList","@id":"https:\/\/businessagility.education\/blog\/business-agility-ireland\/#breadcrumb","itemListElement":[{"@type":"ListItem","position":1,"name":"Home","item":"https:\/\/businessagility.education\/blog\/"},{"@type":"ListItem","position":2,"name":"Business Agility Ireland"}]},{"@type":"WebSite","@id":"https:\/\/businessagility.education\/blog\/#website","url":"https:\/\/businessagility.education\/blog\/","name":"Business Agility+AI","description":"The Business Agility + Artificial Intelligence Blog","publisher":{"@id":"https:\/\/businessagility.education\/blog\/#organization"},"potentialAction":[{"@type":"SearchAction","target":{"@type":"EntryPoint","urlTemplate":"https:\/\/businessagility.education\/blog\/?s={search_term_string}"},"query-input":{"@type":"PropertyValueSpecification","valueRequired":true,"valueName":"search_term_string"}}],"inLanguage":"pt-BR"},{"@type":"Organization","@id":"https:\/\/businessagility.education\/blog\/#organization","name":"Business Agility+AI","url":"https:\/\/businessagility.education\/blog\/","logo":{"@type":"ImageObject","inLanguage":"pt-BR","@id":"https:\/\/businessagility.education\/blog\/#\/schema\/logo\/image\/","url":"https:\/\/businessagility.education\/blog\/wp-content\/uploads\/2022\/06\/business-agility-blog-logo.png","contentUrl":"https:\/\/businessagility.education\/blog\/wp-content\/uploads\/2022\/06\/business-agility-blog-logo.png","width":200,"height":100,"caption":"Business Agility+AI"},"image":{"@id":"https:\/\/businessagility.education\/blog\/#\/schema\/logo\/image\/"}}]}},"_links":{"self":[{"href":"https:\/\/businessagility.education\/blog\/pt\/wp-json\/wp\/v2\/pages\/134","targetHints":{"allow":["GET"]}}],"collection":[{"href":"https:\/\/businessagility.education\/blog\/pt\/wp-json\/wp\/v2\/pages"}],"about":[{"href":"https:\/\/businessagility.education\/blog\/pt\/wp-json\/wp\/v2\/types\/page"}],"author":[{"embeddable":true,"href":"https:\/\/businessagility.education\/blog\/pt\/wp-json\/wp\/v2\/users\/1"}],"replies":[{"embeddable":true,"href":"https:\/\/businessagility.education\/blog\/pt\/wp-json\/wp\/v2\/comments?post=134"}],"version-history":[{"count":1,"href":"https:\/\/businessagility.education\/blog\/pt\/wp-json\/wp\/v2\/pages\/134\/revisions"}],"predecessor-version":[{"id":136,"href":"https:\/\/businessagility.education\/blog\/pt\/wp-json\/wp\/v2\/pages\/134\/revisions\/136"}],"wp:attachment":[{"href":"https:\/\/businessagility.education\/blog\/pt\/wp-json\/wp\/v2\/media?parent=134"}],"curies":[{"name":"wp","href":"https:\/\/api.w.org\/{rel}","templated":true}]}}