{"id":131,"date":"2022-08-12T12:58:24","date_gmt":"2022-08-12T16:58:24","guid":{"rendered":"https:\/\/businessagility.education\/blog\/?page_id=131"},"modified":"2022-08-12T12:58:24","modified_gmt":"2022-08-12T16:58:24","slug":"business-agility-finland","status":"publish","type":"page","link":"https:\/\/businessagility.education\/blog\/pt\/business-agility-finland\/","title":{"rendered":"Agilidade nos neg\u00f3cios Finl\u00e2ndia"},"content":{"rendered":"<figure class=\"wp-block-image size-full\"><img loading=\"lazy\" decoding=\"async\" width=\"640\" height=\"427\" src=\"https:\/\/businessagility.education\/blog\/wp-content\/uploads\/2022\/08\/business-agility-blog-finland.png\" alt=\"business agility finland\" class=\"wp-image-132\" srcset=\"https:\/\/businessagility.education\/blog\/wp-content\/uploads\/2022\/08\/business-agility-blog-finland.png 640w, https:\/\/businessagility.education\/blog\/wp-content\/uploads\/2022\/08\/business-agility-blog-finland-300x200.png 300w, https:\/\/businessagility.education\/blog\/wp-content\/uploads\/2022\/08\/business-agility-blog-finland-18x12.png 18w\" sizes=\"auto, (max-width: 640px) 100vw, 640px\" \/><\/figure>\n\n\n\n<h2 id=\"agilemarketingfinland\">Agile Marketing na Finl\u00e2ndia<\/h2>\n\n\n\n<p>A revis\u00e3o da literatura e as contribui\u00e7\u00f5es para o conjunto de conhecimentos sobre Agile Marketing da Finl\u00e2ndia est\u00e3o em desenvolvimento - T\u00f3picos: Marketing \u00e1gil na Finl\u00e2ndia<\/p>\n\n\n\n<h2 class=\"wp-block-heading\">Mundo do Agile Marketing: Universidades finlandesas<\/h2>\n\n\n\n<p>Revis\u00e3o da literatura sobre agilidade de marketing em universidades finlandesas e pesquisadores da Finl\u00e2ndia que adotam ou expressam os valores do Manifesto de Marketing \u00c1gil: \"L\u00f6yd\u00e4mme parempia tapoja tuottaa arvoa asiakkaillemme ja organisaatioillemme tekem\u00e4ll\u00e4 markkinointia uusilla tavoilla\" - <a href=\"https:\/\/agilemarketingmanifesto.org\/languages\/finnish\/\" target=\"_blank\" rel=\"noreferrer noopener\">https:\/\/agilemarketingmanifesto.org\/languages\/finnish\/<\/a><\/p>\n\n\n\n<h2 class=\"wp-block-heading\">Pesquisa relacionada ao Agile Marketing na Finl\u00e2ndia<\/h2>\n\n\n\n<h4 class=\"wp-block-heading\">Universidades finlandesas: Hacking de crescimento<\/h4>\n\n\n\n<h3 class=\"wp-block-heading\">Universidade de Ci\u00eancias Aplicadas de Haaga-Helia, Finl\u00e2ndia<\/h3>\n\n\n\n<h4 class=\"wp-block-heading\"><strong>Marko M\u00e4ki e Tuija Toivola<\/strong><\/h4>\n\n\n\n<h6 class=\"wp-block-heading\">2021<\/h6>\n\n\n\n<p>\"A eCom precisa de estrat\u00e9gias para seu modo de opera\u00e7\u00e3o, juntamente com t\u00e1ticas e a\u00e7\u00f5es de marketing \u00e1geis em mercados selecionados\"<\/p>\n\n\n\n<p>M\u00e4ki, M., &amp; Toivola, T. 2021. Global Market Entry for Finnish SME eCommerce Companies.&nbsp;<em>Revis\u00e3o da Gest\u00e3o da Inova\u00e7\u00e3o Tecnol\u00f3gica<\/em>, 11(1): 11-21. <\/p>\n\n\n\n<p><a href=\"http:\/\/doi.org\/10.22215\/timreview\/1413\" target=\"_blank\" rel=\"noreferrer noopener\">http:\/\/doi.org\/10.22215\/timreview\/1413 <\/a><\/p>","protected":false},"excerpt":{"rendered":"<p>Agile Marketing na Finl\u00e2ndia A revis\u00e3o da literatura e as contribui\u00e7\u00f5es para o conjunto de conhecimentos sobre Agile Marketing da Finl\u00e2ndia est\u00e3o em desenvolvimento - T\u00f3picos: Marketing \u00e1gil na Finl\u00e2ndia. Mundo do marketing \u00e1gil: Universidades finlandesas Revis\u00e3o da literatura sobre agilidade de marketing em universidades finlandesas e pesquisadores na Finl\u00e2ndia que adotam ou expressam os valores do Manifesto de Marketing \u00c1gil: \"L\u00f6yd\u00e4mme [...]<\/p>","protected":false},"author":1,"featured_media":0,"parent":0,"menu_order":0,"comment_status":"closed","ping_status":"closed","template":"","meta":{"footnotes":""},"class_list":["post-131","page","type-page","status-publish","hentry"],"yoast_head":"<!-- This site is optimized with the Yoast SEO plugin v24.9 - https:\/\/yoast.com\/wordpress\/plugins\/seo\/ -->\n<title>Business Agility Finland - Agile HR, Agile Sales &amp; Marketing, Agile Finance<\/title>\n<meta name=\"description\" content=\"Business Agility, Agile Sales, Agile HR and Agile Marketing in Finland Universities. Agility in Business Research and Education in Finland\" \/>\n<meta name=\"robots\" content=\"index, follow, max-snippet:-1, max-image-preview:large, max-video-preview:-1\" \/>\n<link rel=\"canonical\" href=\"https:\/\/businessagility.education\/blog\/pt\/business-agility-finland\/\" \/>\n<meta property=\"og:locale\" content=\"pt_BR\" \/>\n<meta property=\"og:type\" content=\"article\" \/>\n<meta property=\"og:title\" content=\"Business Agility Finland - Agile HR, Agile Sales &amp; Marketing, Agile Finance\" \/>\n<meta property=\"og:description\" content=\"Business Agility, Agile Sales, Agile HR and Agile Marketing in Finland Universities. Agility in Business Research and Education in Finland\" \/>\n<meta property=\"og:url\" content=\"https:\/\/businessagility.education\/blog\/pt\/business-agility-finland\/\" \/>\n<meta property=\"og:site_name\" content=\"Business Agility+AI\" \/>\n<meta property=\"og:image\" content=\"https:\/\/businessagility.education\/blog\/wp-content\/uploads\/2022\/08\/business-agility-blog-finland.png\" \/>\n<meta name=\"twitter:card\" content=\"summary_large_image\" \/>\n<meta name=\"twitter:label1\" content=\"Est. tempo de leitura\" \/>\n\t<meta name=\"twitter:data1\" content=\"1 minuto\" \/>\n<script type=\"application\/ld+json\" class=\"yoast-schema-graph\">{\"@context\":\"https:\/\/schema.org\",\"@graph\":[{\"@type\":\"WebPage\",\"@id\":\"https:\/\/businessagility.education\/blog\/business-agility-finland\/\",\"url\":\"https:\/\/businessagility.education\/blog\/business-agility-finland\/\",\"name\":\"Business Agility Finland - Agile HR, Agile Sales & Marketing, Agile Finance\",\"isPartOf\":{\"@id\":\"https:\/\/businessagility.education\/blog\/#website\"},\"primaryImageOfPage\":{\"@id\":\"https:\/\/businessagility.education\/blog\/business-agility-finland\/#primaryimage\"},\"image\":{\"@id\":\"https:\/\/businessagility.education\/blog\/business-agility-finland\/#primaryimage\"},\"thumbnailUrl\":\"https:\/\/businessagility.education\/blog\/wp-content\/uploads\/2022\/08\/business-agility-blog-finland.png\",\"datePublished\":\"2022-08-12T16:58:24+00:00\",\"description\":\"Business Agility, Agile Sales, Agile HR and Agile Marketing in Finland Universities. Agility in Business Research and Education in Finland\",\"breadcrumb\":{\"@id\":\"https:\/\/businessagility.education\/blog\/business-agility-finland\/#breadcrumb\"},\"inLanguage\":\"pt-BR\",\"potentialAction\":[{\"@type\":\"ReadAction\",\"target\":[\"https:\/\/businessagility.education\/blog\/business-agility-finland\/\"]}]},{\"@type\":\"ImageObject\",\"inLanguage\":\"pt-BR\",\"@id\":\"https:\/\/businessagility.education\/blog\/business-agility-finland\/#primaryimage\",\"url\":\"https:\/\/businessagility.education\/blog\/wp-content\/uploads\/2022\/08\/business-agility-blog-finland.png\",\"contentUrl\":\"https:\/\/businessagility.education\/blog\/wp-content\/uploads\/2022\/08\/business-agility-blog-finland.png\"},{\"@type\":\"BreadcrumbList\",\"@id\":\"https:\/\/businessagility.education\/blog\/business-agility-finland\/#breadcrumb\",\"itemListElement\":[{\"@type\":\"ListItem\",\"position\":1,\"name\":\"Home\",\"item\":\"https:\/\/businessagility.education\/blog\/\"},{\"@type\":\"ListItem\",\"position\":2,\"name\":\"Business Agility Finland\"}]},{\"@type\":\"WebSite\",\"@id\":\"https:\/\/businessagility.education\/blog\/#website\",\"url\":\"https:\/\/businessagility.education\/blog\/\",\"name\":\"Business Agility+AI\",\"description\":\"The Business Agility + Artificial Intelligence Blog\",\"publisher\":{\"@id\":\"https:\/\/businessagility.education\/blog\/#organization\"},\"potentialAction\":[{\"@type\":\"SearchAction\",\"target\":{\"@type\":\"EntryPoint\",\"urlTemplate\":\"https:\/\/businessagility.education\/blog\/?s={search_term_string}\"},\"query-input\":{\"@type\":\"PropertyValueSpecification\",\"valueRequired\":true,\"valueName\":\"search_term_string\"}}],\"inLanguage\":\"pt-BR\"},{\"@type\":\"Organization\",\"@id\":\"https:\/\/businessagility.education\/blog\/#organization\",\"name\":\"Business Agility+AI\",\"url\":\"https:\/\/businessagility.education\/blog\/\",\"logo\":{\"@type\":\"ImageObject\",\"inLanguage\":\"pt-BR\",\"@id\":\"https:\/\/businessagility.education\/blog\/#\/schema\/logo\/image\/\",\"url\":\"https:\/\/businessagility.education\/blog\/wp-content\/uploads\/2022\/06\/business-agility-blog-logo.png\",\"contentUrl\":\"https:\/\/businessagility.education\/blog\/wp-content\/uploads\/2022\/06\/business-agility-blog-logo.png\",\"width\":200,\"height\":100,\"caption\":\"Business Agility+AI\"},\"image\":{\"@id\":\"https:\/\/businessagility.education\/blog\/#\/schema\/logo\/image\/\"}}]}<\/script>\n<!-- \/ Yoast SEO plugin. -->","yoast_head_json":{"title":"Business Agility Finland - Agile HR, Agile Sales & Marketing, Agile Finance","description":"Business Agility, Agile Sales, Agile HR and Agile Marketing in Finland Universities. Agility in Business Research and Education in Finland","robots":{"index":"index","follow":"follow","max-snippet":"max-snippet:-1","max-image-preview":"max-image-preview:large","max-video-preview":"max-video-preview:-1"},"canonical":"https:\/\/businessagility.education\/blog\/pt\/business-agility-finland\/","og_locale":"pt_BR","og_type":"article","og_title":"Business Agility Finland - Agile HR, Agile Sales & Marketing, Agile Finance","og_description":"Business Agility, Agile Sales, Agile HR and Agile Marketing in Finland Universities. Agility in Business Research and Education in Finland","og_url":"https:\/\/businessagility.education\/blog\/pt\/business-agility-finland\/","og_site_name":"Business Agility+AI","og_image":[{"url":"https:\/\/businessagility.education\/blog\/wp-content\/uploads\/2022\/08\/business-agility-blog-finland.png","type":"","width":"","height":""}],"twitter_card":"summary_large_image","twitter_misc":{"Est. tempo de leitura":"1 minuto"},"schema":{"@context":"https:\/\/schema.org","@graph":[{"@type":"WebPage","@id":"https:\/\/businessagility.education\/blog\/business-agility-finland\/","url":"https:\/\/businessagility.education\/blog\/business-agility-finland\/","name":"Business Agility Finland - Agile HR, Agile Sales & Marketing, Agile Finance","isPartOf":{"@id":"https:\/\/businessagility.education\/blog\/#website"},"primaryImageOfPage":{"@id":"https:\/\/businessagility.education\/blog\/business-agility-finland\/#primaryimage"},"image":{"@id":"https:\/\/businessagility.education\/blog\/business-agility-finland\/#primaryimage"},"thumbnailUrl":"https:\/\/businessagility.education\/blog\/wp-content\/uploads\/2022\/08\/business-agility-blog-finland.png","datePublished":"2022-08-12T16:58:24+00:00","description":"Business Agility, Agile Sales, Agile HR and Agile Marketing in Finland Universities. Agility in Business Research and Education in Finland","breadcrumb":{"@id":"https:\/\/businessagility.education\/blog\/business-agility-finland\/#breadcrumb"},"inLanguage":"pt-BR","potentialAction":[{"@type":"ReadAction","target":["https:\/\/businessagility.education\/blog\/business-agility-finland\/"]}]},{"@type":"ImageObject","inLanguage":"pt-BR","@id":"https:\/\/businessagility.education\/blog\/business-agility-finland\/#primaryimage","url":"https:\/\/businessagility.education\/blog\/wp-content\/uploads\/2022\/08\/business-agility-blog-finland.png","contentUrl":"https:\/\/businessagility.education\/blog\/wp-content\/uploads\/2022\/08\/business-agility-blog-finland.png"},{"@type":"BreadcrumbList","@id":"https:\/\/businessagility.education\/blog\/business-agility-finland\/#breadcrumb","itemListElement":[{"@type":"ListItem","position":1,"name":"Home","item":"https:\/\/businessagility.education\/blog\/"},{"@type":"ListItem","position":2,"name":"Business Agility Finland"}]},{"@type":"WebSite","@id":"https:\/\/businessagility.education\/blog\/#website","url":"https:\/\/businessagility.education\/blog\/","name":"Business Agility+AI","description":"The Business Agility + Artificial Intelligence Blog","publisher":{"@id":"https:\/\/businessagility.education\/blog\/#organization"},"potentialAction":[{"@type":"SearchAction","target":{"@type":"EntryPoint","urlTemplate":"https:\/\/businessagility.education\/blog\/?s={search_term_string}"},"query-input":{"@type":"PropertyValueSpecification","valueRequired":true,"valueName":"search_term_string"}}],"inLanguage":"pt-BR"},{"@type":"Organization","@id":"https:\/\/businessagility.education\/blog\/#organization","name":"Business Agility+AI","url":"https:\/\/businessagility.education\/blog\/","logo":{"@type":"ImageObject","inLanguage":"pt-BR","@id":"https:\/\/businessagility.education\/blog\/#\/schema\/logo\/image\/","url":"https:\/\/businessagility.education\/blog\/wp-content\/uploads\/2022\/06\/business-agility-blog-logo.png","contentUrl":"https:\/\/businessagility.education\/blog\/wp-content\/uploads\/2022\/06\/business-agility-blog-logo.png","width":200,"height":100,"caption":"Business Agility+AI"},"image":{"@id":"https:\/\/businessagility.education\/blog\/#\/schema\/logo\/image\/"}}]}},"_links":{"self":[{"href":"https:\/\/businessagility.education\/blog\/pt\/wp-json\/wp\/v2\/pages\/131","targetHints":{"allow":["GET"]}}],"collection":[{"href":"https:\/\/businessagility.education\/blog\/pt\/wp-json\/wp\/v2\/pages"}],"about":[{"href":"https:\/\/businessagility.education\/blog\/pt\/wp-json\/wp\/v2\/types\/page"}],"author":[{"embeddable":true,"href":"https:\/\/businessagility.education\/blog\/pt\/wp-json\/wp\/v2\/users\/1"}],"replies":[{"embeddable":true,"href":"https:\/\/businessagility.education\/blog\/pt\/wp-json\/wp\/v2\/comments?post=131"}],"version-history":[{"count":1,"href":"https:\/\/businessagility.education\/blog\/pt\/wp-json\/wp\/v2\/pages\/131\/revisions"}],"predecessor-version":[{"id":133,"href":"https:\/\/businessagility.education\/blog\/pt\/wp-json\/wp\/v2\/pages\/131\/revisions\/133"}],"wp:attachment":[{"href":"https:\/\/businessagility.education\/blog\/pt\/wp-json\/wp\/v2\/media?parent=131"}],"curies":[{"name":"wp","href":"https:\/\/api.w.org\/{rel}","templated":true}]}}