{"id":10,"date":"2022-04-15T13:38:35","date_gmt":"2022-04-15T17:38:35","guid":{"rendered":"https:\/\/businessagility.education\/blog\/?page_id=10"},"modified":"2022-04-15T13:43:12","modified_gmt":"2022-04-15T17:43:12","slug":"privacy-policy","status":"publish","type":"page","link":"https:\/\/businessagility.education\/blog\/pt\/privacy-policy\/","title":{"rendered":"Pol\u00edtica de privacidade"},"content":{"rendered":"<h2 class=\"wp-block-heading\">Quem somos<\/h2>\n\n\n\n<p><strong class=\"privacy-policy-tutorial\">Thomas Hormaza Dow<\/strong><\/p>\n\n\n\n<p>https:\/\/businessagility.education\/blog.<\/p>\n\n\n\n<h4 class=\"wp-block-heading\">Tecnologia em nosso site<\/h4>\n\n\n\n<ul class=\"wp-block-list\"><li>HTML, CSS, JavaScript, PHP, SQL<\/li><li>Google Analytics<\/li><li>WordPress<\/li><\/ul>\n\n\n\n<p>Qualquer coisa que voc\u00ea veja em nosso site que sugira que estamos usando cookies \u00e9 apenas devido \u00e0 forma como o WordPress ou o Google Analytics opera. Nosso objetivo \u00e9 proteger todas as informa\u00e7\u00f5es compartilhadas conosco. Sabemos que podemos manter nossa promessa a voc\u00ea porque n\u00e3o coletamos nenhuma informa\u00e7\u00e3o pessoal em nenhum momento. A comunidade est\u00e1 aberta somente a educadores, instrutores, pesquisadores e clientes que conhecemos. Portanto, voc\u00ea n\u00e3o poder\u00e1 se inscrever a menos que o conhe\u00e7amos pessoalmente e tenhamos feito contato com voc\u00ea, bem como obtido seu consentimento para escrever ou contribuir em nosso site. Por fim, observe que este \u00e9 apenas um site informativo, nossa comunica\u00e7\u00e3o com a comunidade ocorre em nosso&nbsp;<a rel=\"noreferrer noopener\" href=\"https:\/\/www.linkedin.com\/company\/business-agility-education\/\" target=\"_blank\">P\u00e1gina do LinkedIn<\/a><\/p>\n\n\n\n<p>Se voc\u00ea tiver alguma preocupa\u00e7\u00e3o ou d\u00favida, escreva para n\u00f3s. Escreva para n\u00f3s aqui:&nbsp;<a href=\"https:\/\/businessagility.education\/blog\/contact\" target=\"_blank\" rel=\"noreferrer noopener\">Entre em contato conosco<\/a><\/p>","protected":false},"excerpt":{"rendered":"<p>Who we are Thomas Hormaza Dow https:\/\/businessagility.education\/blog. Technology on our site HTML, CSS, JavaScript, PHP, SQL Google Analytics WordPress Anything you see on our site that suggests we are using cookies is only due to how WordPress or how Google Analytics operates. Our goal is to protect any information shared with us. We know we [&hellip;]<\/p>","protected":false},"author":1,"featured_media":0,"parent":0,"menu_order":0,"comment_status":"closed","ping_status":"closed","template":"","meta":{"footnotes":""},"class_list":["post-10","page","type-page","status-publish","hentry"],"yoast_head":"<!-- This site is optimized with the Yoast SEO plugin v24.9 - https:\/\/yoast.com\/wordpress\/plugins\/seo\/ -->\n<title>Privacy Policy - Business Agility+AI<\/title>\n<meta name=\"robots\" content=\"index, follow, max-snippet:-1, max-image-preview:large, max-video-preview:-1\" \/>\n<link rel=\"canonical\" href=\"https:\/\/businessagility.education\/blog\/pt\/privacy-policy\/\" \/>\n<meta property=\"og:locale\" content=\"pt_BR\" \/>\n<meta property=\"og:type\" content=\"article\" \/>\n<meta property=\"og:title\" content=\"Privacy Policy - Business Agility+AI\" \/>\n<meta property=\"og:description\" content=\"Who we are Thomas Hormaza Dow https:\/\/businessagility.education\/blog. Technology on our site HTML, CSS, JavaScript, PHP, SQL Google Analytics WordPress Anything you see on our site that suggests we are using cookies is only due to how WordPress or how Google Analytics operates. Our goal is to protect any information shared with us. We know we [&hellip;]\" \/>\n<meta property=\"og:url\" content=\"https:\/\/businessagility.education\/blog\/pt\/privacy-policy\/\" \/>\n<meta property=\"og:site_name\" content=\"Business Agility+AI\" \/>\n<meta property=\"article:modified_time\" content=\"2022-04-15T17:43:12+00:00\" \/>\n<meta name=\"twitter:card\" content=\"summary_large_image\" \/>\n<meta name=\"twitter:label1\" content=\"Est. tempo de leitura\" \/>\n\t<meta name=\"twitter:data1\" content=\"1 minuto\" \/>\n<script type=\"application\/ld+json\" class=\"yoast-schema-graph\">{\"@context\":\"https:\/\/schema.org\",\"@graph\":[{\"@type\":\"WebPage\",\"@id\":\"https:\/\/businessagility.education\/blog\/privacy-policy\/\",\"url\":\"https:\/\/businessagility.education\/blog\/privacy-policy\/\",\"name\":\"Privacy Policy - Business Agility+AI\",\"isPartOf\":{\"@id\":\"https:\/\/businessagility.education\/blog\/#website\"},\"datePublished\":\"2022-04-15T17:38:35+00:00\",\"dateModified\":\"2022-04-15T17:43:12+00:00\",\"breadcrumb\":{\"@id\":\"https:\/\/businessagility.education\/blog\/privacy-policy\/#breadcrumb\"},\"inLanguage\":\"pt-BR\",\"potentialAction\":[{\"@type\":\"ReadAction\",\"target\":[\"https:\/\/businessagility.education\/blog\/privacy-policy\/\"]}]},{\"@type\":\"BreadcrumbList\",\"@id\":\"https:\/\/businessagility.education\/blog\/privacy-policy\/#breadcrumb\",\"itemListElement\":[{\"@type\":\"ListItem\",\"position\":1,\"name\":\"Home\",\"item\":\"https:\/\/businessagility.education\/blog\/\"},{\"@type\":\"ListItem\",\"position\":2,\"name\":\"Privacy Policy\"}]},{\"@type\":\"WebSite\",\"@id\":\"https:\/\/businessagility.education\/blog\/#website\",\"url\":\"https:\/\/businessagility.education\/blog\/\",\"name\":\"Business Agility+AI\",\"description\":\"The Business Agility + Artificial Intelligence Blog\",\"publisher\":{\"@id\":\"https:\/\/businessagility.education\/blog\/#organization\"},\"potentialAction\":[{\"@type\":\"SearchAction\",\"target\":{\"@type\":\"EntryPoint\",\"urlTemplate\":\"https:\/\/businessagility.education\/blog\/?s={search_term_string}\"},\"query-input\":{\"@type\":\"PropertyValueSpecification\",\"valueRequired\":true,\"valueName\":\"search_term_string\"}}],\"inLanguage\":\"pt-BR\"},{\"@type\":\"Organization\",\"@id\":\"https:\/\/businessagility.education\/blog\/#organization\",\"name\":\"Business Agility+AI\",\"url\":\"https:\/\/businessagility.education\/blog\/\",\"logo\":{\"@type\":\"ImageObject\",\"inLanguage\":\"pt-BR\",\"@id\":\"https:\/\/businessagility.education\/blog\/#\/schema\/logo\/image\/\",\"url\":\"https:\/\/businessagility.education\/blog\/wp-content\/uploads\/2022\/06\/business-agility-blog-logo.png\",\"contentUrl\":\"https:\/\/businessagility.education\/blog\/wp-content\/uploads\/2022\/06\/business-agility-blog-logo.png\",\"width\":200,\"height\":100,\"caption\":\"Business Agility+AI\"},\"image\":{\"@id\":\"https:\/\/businessagility.education\/blog\/#\/schema\/logo\/image\/\"}}]}<\/script>\n<!-- \/ Yoast SEO plugin. -->","yoast_head_json":{"title":"Privacy Policy - Business Agility+AI","robots":{"index":"index","follow":"follow","max-snippet":"max-snippet:-1","max-image-preview":"max-image-preview:large","max-video-preview":"max-video-preview:-1"},"canonical":"https:\/\/businessagility.education\/blog\/pt\/privacy-policy\/","og_locale":"pt_BR","og_type":"article","og_title":"Privacy Policy - Business Agility+AI","og_description":"Who we are Thomas Hormaza Dow https:\/\/businessagility.education\/blog. Technology on our site HTML, CSS, JavaScript, PHP, SQL Google Analytics WordPress Anything you see on our site that suggests we are using cookies is only due to how WordPress or how Google Analytics operates. Our goal is to protect any information shared with us. We know we [&hellip;]","og_url":"https:\/\/businessagility.education\/blog\/pt\/privacy-policy\/","og_site_name":"Business Agility+AI","article_modified_time":"2022-04-15T17:43:12+00:00","twitter_card":"summary_large_image","twitter_misc":{"Est. tempo de leitura":"1 minuto"},"schema":{"@context":"https:\/\/schema.org","@graph":[{"@type":"WebPage","@id":"https:\/\/businessagility.education\/blog\/privacy-policy\/","url":"https:\/\/businessagility.education\/blog\/privacy-policy\/","name":"Privacy Policy - Business Agility+AI","isPartOf":{"@id":"https:\/\/businessagility.education\/blog\/#website"},"datePublished":"2022-04-15T17:38:35+00:00","dateModified":"2022-04-15T17:43:12+00:00","breadcrumb":{"@id":"https:\/\/businessagility.education\/blog\/privacy-policy\/#breadcrumb"},"inLanguage":"pt-BR","potentialAction":[{"@type":"ReadAction","target":["https:\/\/businessagility.education\/blog\/privacy-policy\/"]}]},{"@type":"BreadcrumbList","@id":"https:\/\/businessagility.education\/blog\/privacy-policy\/#breadcrumb","itemListElement":[{"@type":"ListItem","position":1,"name":"Home","item":"https:\/\/businessagility.education\/blog\/"},{"@type":"ListItem","position":2,"name":"Privacy Policy"}]},{"@type":"WebSite","@id":"https:\/\/businessagility.education\/blog\/#website","url":"https:\/\/businessagility.education\/blog\/","name":"Business Agility+AI","description":"The Business Agility + Artificial Intelligence Blog","publisher":{"@id":"https:\/\/businessagility.education\/blog\/#organization"},"potentialAction":[{"@type":"SearchAction","target":{"@type":"EntryPoint","urlTemplate":"https:\/\/businessagility.education\/blog\/?s={search_term_string}"},"query-input":{"@type":"PropertyValueSpecification","valueRequired":true,"valueName":"search_term_string"}}],"inLanguage":"pt-BR"},{"@type":"Organization","@id":"https:\/\/businessagility.education\/blog\/#organization","name":"Business Agility+AI","url":"https:\/\/businessagility.education\/blog\/","logo":{"@type":"ImageObject","inLanguage":"pt-BR","@id":"https:\/\/businessagility.education\/blog\/#\/schema\/logo\/image\/","url":"https:\/\/businessagility.education\/blog\/wp-content\/uploads\/2022\/06\/business-agility-blog-logo.png","contentUrl":"https:\/\/businessagility.education\/blog\/wp-content\/uploads\/2022\/06\/business-agility-blog-logo.png","width":200,"height":100,"caption":"Business Agility+AI"},"image":{"@id":"https:\/\/businessagility.education\/blog\/#\/schema\/logo\/image\/"}}]}},"_links":{"self":[{"href":"https:\/\/businessagility.education\/blog\/pt\/wp-json\/wp\/v2\/pages\/10","targetHints":{"allow":["GET"]}}],"collection":[{"href":"https:\/\/businessagility.education\/blog\/pt\/wp-json\/wp\/v2\/pages"}],"about":[{"href":"https:\/\/businessagility.education\/blog\/pt\/wp-json\/wp\/v2\/types\/page"}],"author":[{"embeddable":true,"href":"https:\/\/businessagility.education\/blog\/pt\/wp-json\/wp\/v2\/users\/1"}],"replies":[{"embeddable":true,"href":"https:\/\/businessagility.education\/blog\/pt\/wp-json\/wp\/v2\/comments?post=10"}],"version-history":[{"count":2,"href":"https:\/\/businessagility.education\/blog\/pt\/wp-json\/wp\/v2\/pages\/10\/revisions"}],"predecessor-version":[{"id":13,"href":"https:\/\/businessagility.education\/blog\/pt\/wp-json\/wp\/v2\/pages\/10\/revisions\/13"}],"wp:attachment":[{"href":"https:\/\/businessagility.education\/blog\/pt\/wp-json\/wp\/v2\/media?parent=10"}],"curies":[{"name":"wp","href":"https:\/\/api.w.org\/{rel}","templated":true}]}}