{"id":73,"date":"2022-07-11T12:30:08","date_gmt":"2022-07-11T16:30:08","guid":{"rendered":"https:\/\/businessagility.education\/blog\/?page_id=73"},"modified":"2022-08-15T14:19:45","modified_gmt":"2022-08-15T18:19:45","slug":"business-agility","status":"publish","type":"page","link":"https:\/\/businessagility.education\/blog\/it\/business-agility\/","title":{"rendered":"Agilit\u00e0 aziendale: Sulle spalle di giganti e gigantesse"},"content":{"rendered":"<p>Benvenuti nella casa degli accademici della formazione e della ricerca sulla Business Agility! Questo \u00e8 il mio blog personale, il mio nome \u00e8 Thomas Hormaza Dow. Sebbene il nome di questo blog sia \"Home of Business Agility Education\", io chiamo questo blog di revisione della letteratura \"On the Shoulders of Giants\" (Sulle spalle dei giganti). <strong>e Gigantesse<\/strong>\", titolo che mi \u00e8 venuto in mente dopo aver letto l'opera di Robert K. Merton e, naturalmente, la prefazione di Umberto Eco. Mi serve come promemoria e come dovere per riconoscere che \"Tutto ci\u00f2 che \u00e8 importante \u00e8 gi\u00e0 stato detto da qualcuno che non l'ha scoperto\". - Alfred North Whitehead.<\/p>\n\n\n\n<p class=\"has-text-align-left\"><strong>IntrAgility, InterAgility ed ExtrAgility \u00e8 un'auto-riflessione educativa per l'agilit\u00e0 aziendale al di l\u00e0 delle competenze agili di T-Shapes.<\/strong><\/p>\n\n\n\n<h6 class=\"wp-block-heading\">Piccolo chiarimento tra M-Skills e <strong><em>\u03c0<\/em><\/strong>-Competenze modellate<\/h6>\n\n\n\n<p>Abbiamo scelto di includere le M-Skills invece di <strong><em>\u03c0<\/em><\/strong> perch\u00e9 non \u00e8 <a href=\"https:\/\/www.scientificamerican.com\/article\/let-s-use-tau-it-s-easier-than-pi\/\" target=\"_blank\" rel=\"noreferrer noopener\">t=2\u03c0 comunque, giusto?<\/a> Per non parlare del fatto che <strong><em>\u03c0<\/em><\/strong> non \u00e8 n\u00e9 N n\u00e9 M in greco, <strong><em>\u03c0<\/em><\/strong> \u00e8 una P! Pensateci, <strong>P Competenze<\/strong> non ha lo stesso suono quando lo si guarda in questo modo, non siete d'accordo? \ud83d\ude03  <\/p>\n\n\n\n<hr class=\"wp-block-separator has-alpha-channel-opacity\"\/>\n\n\n\n<h4 class=\"wp-block-heading\"><strong>Lo sviluppo delle competenze di business agility \u00e8 un continuum: l'efficacia dipende dal contesto!<\/strong><\/h4>\n\n\n\n<div class=\"wp-block-media-text alignwide is-stacked-on-mobile is-style-default\"><figure class=\"wp-block-media-text__media\"><img loading=\"lazy\" decoding=\"async\" width=\"600\" height=\"340\" src=\"https:\/\/businessagility.education\/blog\/wp-content\/uploads\/2022\/08\/business-agility-i-shaped-skills.png\" alt=\"business agility personal agility i-shaped skills\" class=\"wp-image-100 size-full\" srcset=\"https:\/\/businessagility.education\/blog\/wp-content\/uploads\/2022\/08\/business-agility-i-shaped-skills.png 600w, https:\/\/businessagility.education\/blog\/wp-content\/uploads\/2022\/08\/business-agility-i-shaped-skills-300x170.png 300w, https:\/\/businessagility.education\/blog\/wp-content\/uploads\/2022\/08\/business-agility-i-shaped-skills-18x10.png 18w\" sizes=\"auto, (max-width: 600px) 100vw, 600px\" \/><\/figure><div class=\"wp-block-media-text__content\">\n<p class=\"has-medium-font-size\">L'agilit\u00e0 personale \u00e8 un'abilit\u00e0 a forma di I, il nostro atteggiamento mentale, l'intelligenza emotiva, le abilit\u00e0 interpersonali e l'introspezione. L'agilit\u00e0 di questo tipo riguarda il nostro modo di lavorare, i nostri compiti, le prove e l'apprendimento.<\/p>\n<\/div><\/div>\n\n\n\n<hr class=\"wp-block-separator has-alpha-channel-opacity is-style-wide\"\/>\n\n\n\n<div class=\"wp-block-media-text alignwide has-media-on-the-right is-stacked-on-mobile\"><figure class=\"wp-block-media-text__media\"><img loading=\"lazy\" decoding=\"async\" width=\"600\" height=\"337\" src=\"https:\/\/businessagility.education\/blog\/wp-content\/uploads\/2022\/08\/business-agility-t-shaped-skills.png\" alt=\"business agility intragility t-shaped skills\" class=\"wp-image-101 size-full\" srcset=\"https:\/\/businessagility.education\/blog\/wp-content\/uploads\/2022\/08\/business-agility-t-shaped-skills.png 600w, https:\/\/businessagility.education\/blog\/wp-content\/uploads\/2022\/08\/business-agility-t-shaped-skills-300x169.png 300w, https:\/\/businessagility.education\/blog\/wp-content\/uploads\/2022\/08\/business-agility-t-shaped-skills-18x10.png 18w\" sizes=\"auto, (max-width: 600px) 100vw, 600px\" \/><\/figure><div class=\"wp-block-media-text__content\">\n<h5 class=\"wp-block-heading\" id=\"intragility\">IntrAgilit\u00e0 aziendale<\/h5>\n\n\n\n<p class=\"has-medium-font-size\">L'IntrAgilit\u00e0 \u00e8 un'abilit\u00e0 a forma di T, dall'interno verso l'esterno, efficace nei dipartimenti (ad esempio, Marketing Agile, Risorse Umane Agile, Finanza Agile), ma pu\u00f2 essere limitata se viene applicata solo all'interno di una sottofunzione.<\/p>\n<\/div><\/div>\n\n\n\n<hr class=\"wp-block-separator has-alpha-channel-opacity is-style-wide\"\/>\n\n\n\n<div class=\"wp-block-media-text alignwide is-stacked-on-mobile\"><figure class=\"wp-block-media-text__media\"><img loading=\"lazy\" decoding=\"async\" width=\"600\" height=\"336\" src=\"https:\/\/businessagility.education\/blog\/wp-content\/uploads\/2022\/08\/business-agility-m-shaped-skills.png\" alt=\"business agility interagility m-shaped skills\" class=\"wp-image-102 size-full\" srcset=\"https:\/\/businessagility.education\/blog\/wp-content\/uploads\/2022\/08\/business-agility-m-shaped-skills.png 600w, https:\/\/businessagility.education\/blog\/wp-content\/uploads\/2022\/08\/business-agility-m-shaped-skills-300x168.png 300w, https:\/\/businessagility.education\/blog\/wp-content\/uploads\/2022\/08\/business-agility-m-shaped-skills-18x10.png 18w\" sizes=\"auto, (max-width: 600px) 100vw, 600px\" \/><\/figure><div class=\"wp-block-media-text__content\">\n<h5 class=\"wp-block-heading\" id=\"interagility\">InterAgilit\u00e0 aziendale<\/h5>\n\n\n\n<p class=\"has-medium-font-size\">L'InterAgilit\u00e0 \u00e8 una competenza a forma di M, che descrive visivamente una forma definita dalle competenze generali e specialistiche, ma che si estende a pi\u00f9 di una sottofunzione aziendale.<\/p>\n<\/div><\/div>\n\n\n\n<hr class=\"wp-block-separator has-alpha-channel-opacity is-style-wide\"\/>\n\n\n\n<div class=\"wp-block-media-text alignwide has-media-on-the-right is-stacked-on-mobile\"><figure class=\"wp-block-media-text__media\"><img loading=\"lazy\" decoding=\"async\" width=\"600\" height=\"337\" src=\"https:\/\/businessagility.education\/blog\/wp-content\/uploads\/2022\/08\/business-agility-phi-shaped-skills.png\" alt=\"business agility extragility (phi) \u03a6-shaped skills\" class=\"wp-image-103 size-full\" srcset=\"https:\/\/businessagility.education\/blog\/wp-content\/uploads\/2022\/08\/business-agility-phi-shaped-skills.png 600w, https:\/\/businessagility.education\/blog\/wp-content\/uploads\/2022\/08\/business-agility-phi-shaped-skills-300x169.png 300w, https:\/\/businessagility.education\/blog\/wp-content\/uploads\/2022\/08\/business-agility-phi-shaped-skills-18x10.png 18w\" sizes=\"auto, (max-width: 600px) 100vw, 600px\" \/><\/figure><div class=\"wp-block-media-text__content\">\n<h5 class=\"wp-block-heading\" id=\"extragility\">EstrAgilit\u00e0 aziendale<\/h5>\n\n\n\n<p class=\"has-medium-font-size\">L'estrAgilit\u00e0 \u00e8 un'abilit\u00e0 a forma di (phi) \u03a6, una visione olistica e comprende aspetti della responsabilit\u00e0 sociale d'impresa e degli Obiettivi di sviluppo sostenibile (SDG).<\/p>\n<\/div><\/div>\n\n\n\n<hr class=\"wp-block-separator has-alpha-channel-opacity is-style-wide\"\/>\n\n\n\n<h4 class=\"wp-block-heading\"><strong>IntrAgilit\u00e0, InterAgilit\u00e0 ed ExtrAgilit\u00e0<\/strong> Fonti<\/h4>\n\n\n\n<p>Hormaza Dow, T. (2022, aprile). Studio strutturale del sito web comparativo e proposta di intragilit\u00e0, interagilit\u00e0 ed extragilit\u00e0 come quadro contestuale per guidare un percorso di agilit\u00e0 aziendale adattivo [Progetto MBA]. Universit\u00e0 Laval, Facolt\u00e0 di amministrazione aziendale (FSA) Quebec, Canada.<\/p>\n\n\n\n<h4 class=\"wp-block-heading\">Fonti di immagini<\/h4>\n\n\n\n<p>Immagini acquistate e adattate da https:\/\/www.shutterstock.com\/g\/TarikVision<\/p>\n\n\n\n<h4 class=\"wp-block-heading\">Scaricare <strong>IntrAgilit\u00e0, InterAgilit\u00e0 ed ExtrAgilit\u00e0<\/strong> Auto-riflessione sulle competenze PDF<\/h4>\n\n\n\n<div data-wp-interactive=\"core\/file\" class=\"wp-block-file\"><object data-wp-bind--hidden=\"!state.hasPdfPreview\" hidden class=\"wp-block-file__embed\" data=\"https:\/\/businessagility.education\/blog\/wp-content\/uploads\/2022\/08\/Business-Agility-Skills-MicroSession.pdf\" type=\"application\/pdf\" style=\"width:100%;height:600px\" aria-label=\"Incorporamento di Embed of Business-Agility-Skills-MicroSession....\"><\/object><a id=\"wp-block-file--media-e3dd839e-e03b-4fcf-aec7-d71324134279\" href=\"https:\/\/businessagility.education\/blog\/wp-content\/uploads\/2022\/08\/Business-Agility-Skills-MicroSession.pdf\">Microsessione sull'agilit\u00e0 aziendale e sulle competenze<\/a><a href=\"https:\/\/businessagility.education\/blog\/wp-content\/uploads\/2022\/08\/Business-Agility-Skills-MicroSession.pdf\" class=\"wp-block-file__button\" download aria-describedby=\"wp-block-file--media-e3dd839e-e03b-4fcf-aec7-d71324134279\">Scaricare<\/a><\/div>","protected":false},"excerpt":{"rendered":"<p>Benvenuti nella casa degli accademici della formazione e della ricerca sulla Business Agility! Questo \u00e8 il mio blog personale, il mio nome \u00e8 Thomas Hormaza Dow. Sebbene il nome di questo blog sia \"Home of Business Agility Education\", ho chiamato questo blog di revisione della letteratura \"On the Shoulders of Giants and Giantesses\" (Sulle spalle dei giganti e delle gigantesse), poich\u00e9 questo titolo mi \u00e8 venuto [...]<\/p>","protected":false},"author":1,"featured_media":97,"parent":0,"menu_order":0,"comment_status":"closed","ping_status":"closed","template":"","meta":{"footnotes":""},"class_list":["post-73","page","type-page","status-publish","has-post-thumbnail","hentry"],"yoast_head":"<!-- This site is optimized with the Yoast SEO plugin v24.9 - https:\/\/yoast.com\/wordpress\/plugins\/seo\/ -->\n<title>Business Agility: On the Shoulders of Giants and Giantesses - Business Agility+AI<\/title>\n<meta name=\"robots\" content=\"index, follow, max-snippet:-1, max-image-preview:large, max-video-preview:-1\" \/>\n<link rel=\"canonical\" href=\"https:\/\/businessagility.education\/blog\/it\/business-agility\/\" \/>\n<meta property=\"og:locale\" content=\"it_IT\" \/>\n<meta property=\"og:type\" content=\"article\" \/>\n<meta property=\"og:title\" content=\"Business Agility: On the Shoulders of Giants and Giantesses - Business Agility+AI\" \/>\n<meta property=\"og:description\" content=\"Welcome to the Home of Academics in Business Agility Education and Research! This is my personal Blog, my name is Thomas Hormaza Dow. Although the name of this is the Home of Business Agility Education, I call this open literature review Blog \u201cOn the Shoulders of Giants and Giantesses\u201d as that title came to me [&hellip;]\" \/>\n<meta property=\"og:url\" content=\"https:\/\/businessagility.education\/blog\/it\/business-agility\/\" \/>\n<meta property=\"og:site_name\" content=\"Business Agility+AI\" \/>\n<meta property=\"article:modified_time\" content=\"2022-08-15T18:19:45+00:00\" \/>\n<meta property=\"og:image\" content=\"https:\/\/businessagility.education\/blog\/wp-content\/uploads\/2022\/08\/business-agility-skill-development.jpg\" \/>\n\t<meta property=\"og:image:width\" content=\"1543\" \/>\n\t<meta property=\"og:image:height\" content=\"877\" \/>\n\t<meta property=\"og:image:type\" content=\"image\/jpeg\" \/>\n<meta name=\"twitter:card\" content=\"summary_large_image\" \/>\n<meta name=\"twitter:label1\" content=\"Tempo di lettura stimato\" \/>\n\t<meta name=\"twitter:data1\" content=\"3 minuti\" \/>\n<script type=\"application\/ld+json\" class=\"yoast-schema-graph\">{\"@context\":\"https:\/\/schema.org\",\"@graph\":[{\"@type\":\"WebPage\",\"@id\":\"https:\/\/businessagility.education\/blog\/business-agility\/\",\"url\":\"https:\/\/businessagility.education\/blog\/business-agility\/\",\"name\":\"Business Agility: On the Shoulders of Giants and Giantesses - Business Agility+AI\",\"isPartOf\":{\"@id\":\"https:\/\/businessagility.education\/blog\/#website\"},\"primaryImageOfPage\":{\"@id\":\"https:\/\/businessagility.education\/blog\/business-agility\/#primaryimage\"},\"image\":{\"@id\":\"https:\/\/businessagility.education\/blog\/business-agility\/#primaryimage\"},\"thumbnailUrl\":\"https:\/\/businessagility.education\/blog\/wp-content\/uploads\/2022\/08\/business-agility-skill-development.jpg\",\"datePublished\":\"2022-07-11T16:30:08+00:00\",\"dateModified\":\"2022-08-15T18:19:45+00:00\",\"breadcrumb\":{\"@id\":\"https:\/\/businessagility.education\/blog\/business-agility\/#breadcrumb\"},\"inLanguage\":\"it-IT\",\"potentialAction\":[{\"@type\":\"ReadAction\",\"target\":[\"https:\/\/businessagility.education\/blog\/business-agility\/\"]}]},{\"@type\":\"ImageObject\",\"inLanguage\":\"it-IT\",\"@id\":\"https:\/\/businessagility.education\/blog\/business-agility\/#primaryimage\",\"url\":\"https:\/\/businessagility.education\/blog\/wp-content\/uploads\/2022\/08\/business-agility-skill-development.jpg\",\"contentUrl\":\"https:\/\/businessagility.education\/blog\/wp-content\/uploads\/2022\/08\/business-agility-skill-development.jpg\",\"width\":1543,\"height\":877,\"caption\":\"business agility skill development\"},{\"@type\":\"BreadcrumbList\",\"@id\":\"https:\/\/businessagility.education\/blog\/business-agility\/#breadcrumb\",\"itemListElement\":[{\"@type\":\"ListItem\",\"position\":1,\"name\":\"Home\",\"item\":\"https:\/\/businessagility.education\/blog\/\"},{\"@type\":\"ListItem\",\"position\":2,\"name\":\"Business Agility: On the Shoulders of Giants and Giantesses\"}]},{\"@type\":\"WebSite\",\"@id\":\"https:\/\/businessagility.education\/blog\/#website\",\"url\":\"https:\/\/businessagility.education\/blog\/\",\"name\":\"Business Agility+AI\",\"description\":\"The Business Agility + Artificial Intelligence Blog\",\"publisher\":{\"@id\":\"https:\/\/businessagility.education\/blog\/#organization\"},\"potentialAction\":[{\"@type\":\"SearchAction\",\"target\":{\"@type\":\"EntryPoint\",\"urlTemplate\":\"https:\/\/businessagility.education\/blog\/?s={search_term_string}\"},\"query-input\":{\"@type\":\"PropertyValueSpecification\",\"valueRequired\":true,\"valueName\":\"search_term_string\"}}],\"inLanguage\":\"it-IT\"},{\"@type\":\"Organization\",\"@id\":\"https:\/\/businessagility.education\/blog\/#organization\",\"name\":\"Business Agility+AI\",\"url\":\"https:\/\/businessagility.education\/blog\/\",\"logo\":{\"@type\":\"ImageObject\",\"inLanguage\":\"it-IT\",\"@id\":\"https:\/\/businessagility.education\/blog\/#\/schema\/logo\/image\/\",\"url\":\"https:\/\/businessagility.education\/blog\/wp-content\/uploads\/2022\/06\/business-agility-blog-logo.png\",\"contentUrl\":\"https:\/\/businessagility.education\/blog\/wp-content\/uploads\/2022\/06\/business-agility-blog-logo.png\",\"width\":200,\"height\":100,\"caption\":\"Business Agility+AI\"},\"image\":{\"@id\":\"https:\/\/businessagility.education\/blog\/#\/schema\/logo\/image\/\"}}]}<\/script>\n<!-- \/ Yoast SEO plugin. -->","yoast_head_json":{"title":"Business Agility: On the Shoulders of Giants and Giantesses - Business Agility+AI","robots":{"index":"index","follow":"follow","max-snippet":"max-snippet:-1","max-image-preview":"max-image-preview:large","max-video-preview":"max-video-preview:-1"},"canonical":"https:\/\/businessagility.education\/blog\/it\/business-agility\/","og_locale":"it_IT","og_type":"article","og_title":"Business Agility: On the Shoulders of Giants and Giantesses - Business Agility+AI","og_description":"Welcome to the Home of Academics in Business Agility Education and Research! This is my personal Blog, my name is Thomas Hormaza Dow. Although the name of this is the Home of Business Agility Education, I call this open literature review Blog \u201cOn the Shoulders of Giants and Giantesses\u201d as that title came to me [&hellip;]","og_url":"https:\/\/businessagility.education\/blog\/it\/business-agility\/","og_site_name":"Business Agility+AI","article_modified_time":"2022-08-15T18:19:45+00:00","og_image":[{"width":1543,"height":877,"url":"https:\/\/businessagility.education\/blog\/wp-content\/uploads\/2022\/08\/business-agility-skill-development.jpg","type":"image\/jpeg"}],"twitter_card":"summary_large_image","twitter_misc":{"Tempo di lettura stimato":"3 minuti"},"schema":{"@context":"https:\/\/schema.org","@graph":[{"@type":"WebPage","@id":"https:\/\/businessagility.education\/blog\/business-agility\/","url":"https:\/\/businessagility.education\/blog\/business-agility\/","name":"Business Agility: On the Shoulders of Giants and Giantesses - Business Agility+AI","isPartOf":{"@id":"https:\/\/businessagility.education\/blog\/#website"},"primaryImageOfPage":{"@id":"https:\/\/businessagility.education\/blog\/business-agility\/#primaryimage"},"image":{"@id":"https:\/\/businessagility.education\/blog\/business-agility\/#primaryimage"},"thumbnailUrl":"https:\/\/businessagility.education\/blog\/wp-content\/uploads\/2022\/08\/business-agility-skill-development.jpg","datePublished":"2022-07-11T16:30:08+00:00","dateModified":"2022-08-15T18:19:45+00:00","breadcrumb":{"@id":"https:\/\/businessagility.education\/blog\/business-agility\/#breadcrumb"},"inLanguage":"it-IT","potentialAction":[{"@type":"ReadAction","target":["https:\/\/businessagility.education\/blog\/business-agility\/"]}]},{"@type":"ImageObject","inLanguage":"it-IT","@id":"https:\/\/businessagility.education\/blog\/business-agility\/#primaryimage","url":"https:\/\/businessagility.education\/blog\/wp-content\/uploads\/2022\/08\/business-agility-skill-development.jpg","contentUrl":"https:\/\/businessagility.education\/blog\/wp-content\/uploads\/2022\/08\/business-agility-skill-development.jpg","width":1543,"height":877,"caption":"business agility skill development"},{"@type":"BreadcrumbList","@id":"https:\/\/businessagility.education\/blog\/business-agility\/#breadcrumb","itemListElement":[{"@type":"ListItem","position":1,"name":"Home","item":"https:\/\/businessagility.education\/blog\/"},{"@type":"ListItem","position":2,"name":"Business Agility: On the Shoulders of Giants and Giantesses"}]},{"@type":"WebSite","@id":"https:\/\/businessagility.education\/blog\/#website","url":"https:\/\/businessagility.education\/blog\/","name":"Business Agility+AI","description":"The Business Agility + Artificial Intelligence Blog","publisher":{"@id":"https:\/\/businessagility.education\/blog\/#organization"},"potentialAction":[{"@type":"SearchAction","target":{"@type":"EntryPoint","urlTemplate":"https:\/\/businessagility.education\/blog\/?s={search_term_string}"},"query-input":{"@type":"PropertyValueSpecification","valueRequired":true,"valueName":"search_term_string"}}],"inLanguage":"it-IT"},{"@type":"Organization","@id":"https:\/\/businessagility.education\/blog\/#organization","name":"Business Agility+AI","url":"https:\/\/businessagility.education\/blog\/","logo":{"@type":"ImageObject","inLanguage":"it-IT","@id":"https:\/\/businessagility.education\/blog\/#\/schema\/logo\/image\/","url":"https:\/\/businessagility.education\/blog\/wp-content\/uploads\/2022\/06\/business-agility-blog-logo.png","contentUrl":"https:\/\/businessagility.education\/blog\/wp-content\/uploads\/2022\/06\/business-agility-blog-logo.png","width":200,"height":100,"caption":"Business Agility+AI"},"image":{"@id":"https:\/\/businessagility.education\/blog\/#\/schema\/logo\/image\/"}}]}},"_links":{"self":[{"href":"https:\/\/businessagility.education\/blog\/it\/wp-json\/wp\/v2\/pages\/73","targetHints":{"allow":["GET"]}}],"collection":[{"href":"https:\/\/businessagility.education\/blog\/it\/wp-json\/wp\/v2\/pages"}],"about":[{"href":"https:\/\/businessagility.education\/blog\/it\/wp-json\/wp\/v2\/types\/page"}],"author":[{"embeddable":true,"href":"https:\/\/businessagility.education\/blog\/it\/wp-json\/wp\/v2\/users\/1"}],"replies":[{"embeddable":true,"href":"https:\/\/businessagility.education\/blog\/it\/wp-json\/wp\/v2\/comments?post=73"}],"version-history":[{"count":15,"href":"https:\/\/businessagility.education\/blog\/it\/wp-json\/wp\/v2\/pages\/73\/revisions"}],"predecessor-version":[{"id":194,"href":"https:\/\/businessagility.education\/blog\/it\/wp-json\/wp\/v2\/pages\/73\/revisions\/194"}],"wp:featuredmedia":[{"embeddable":true,"href":"https:\/\/businessagility.education\/blog\/it\/wp-json\/wp\/v2\/media\/97"}],"wp:attachment":[{"href":"https:\/\/businessagility.education\/blog\/it\/wp-json\/wp\/v2\/media?parent=73"}],"curies":[{"name":"wp","href":"https:\/\/api.w.org\/{rel}","templated":true}]}}