{"id":471,"date":"2023-12-19T13:40:00","date_gmt":"2023-12-19T18:40:00","guid":{"rendered":"https:\/\/businessagility.education\/blog\/?page_id=471"},"modified":"2024-12-01T18:58:49","modified_gmt":"2024-12-01T23:58:49","slug":"agile-finance-manifesto","status":"publish","type":"page","link":"https:\/\/businessagility.education\/blog\/it\/agile-finance-manifesto\/","title":{"rendered":"Manifesto della finanza agile"},"content":{"rendered":"<p>Di seguito sono riportate alcune idee per un confronto incrociato tra il Manifesto della Finanza Agile e il Manifesto del Software Agile originale.<\/p>\n\n\n\n<p><\/p>\n\n\n\n<p>Manifesto della finanza agile<\/p>\n\n\n\n<p><br>Valori<\/p>\n\n\n\n<ol class=\"wp-block-list\">\n<li>Collaborazione con il cliente rispetto a una documentazione eccessiva<br>o Costruire relazioni solide attraverso interazioni regolari e significative con i clienti per comprendere e allinearsi ai loro obiettivi finanziari. Sebbene la documentazione sia essenziale per la conformit\u00e0, \u00e8 necessario concentrarsi su una comunicazione diretta e trasparente per promuovere la fiducia e l'adattabilit\u00e0.<br>o Esempio: Condurre riunioni strategiche bisettimanali con i clienti per rivedere gli obiettivi, discutere i cambiamenti di mercato e adeguare le strategie di investimento, utilizzando una documentazione semplificata a supporto delle decisioni.<\/li>\n\n\n\n<li>Pianificazione finanziaria adattabile rispetto ai budget fissi<br>o Abbracciare piani finanziari in grado di evolvere in base alle condizioni di mercato. Sostituite i rigidi bilanci annuali con previsioni a rotazione e piani di scenario per garantire l'agilit\u00e0 nel rispondere alle opportunit\u00e0 e ai rischi.<br>o Esempio: Implementare un quadro di zero-based budgeting rivisto trimestralmente per riflettere i cambiamenti economici e le priorit\u00e0 aziendali, consentendo una rapida allocazione delle risorse.<\/li>\n\n\n\n<li>Processi decisionali basati sui dati rispetto a processi rigidi<br>o Sfruttare dati e analisi in tempo reale per prendere decisioni finanziarie strategiche. Dare la priorit\u00e0 alle intuizioni attuabili rispetto a processi obsoleti e poco flessibili, bilanciando i risultati tecnologici con le competenze umane.<br>o Esempio: Utilizzare strumenti analitici basati sull'intelligenza artificiale per identificare le tendenze di mercato emergenti e integrare tali intuizioni in processi decisionali dinamici.<\/li>\n\n\n\n<li>Team finanziari interfunzionali anzich\u00e9 isolamento dipartimentale<br>o Favorire la collaborazione interdisciplinare tra i team finanziari, operativi, di marketing e tecnologici. Abbattendo i silos, le strategie finanziarie possono affrontare gli obiettivi organizzativi in modo olistico.<br>o Esempio: Organizzare seminari trimestrali interdipartimentali per allineare gli obiettivi finanziari con quelli operativi e sfruttare le diverse competenze.<\/li>\n<\/ol>\n\n\n\n<hr class=\"wp-block-separator has-alpha-channel-opacity\"\/>\n\n\n\n<p>Principi di finanza agile basati sull'essenza del Manifesto Agile originale<\/p>\n\n\n\n<p><\/p>\n\n\n\n<figure class=\"wp-block-table\"><table class=\"has-fixed-layout\"><tbody><tr><td>Principio #<\/td><td>Principio di finanza agile<\/td><td>Ragionamento<\/td><td>Principio di corrispondenza del software agile<\/td><\/tr><tr><td>1<\/td><td>Soddisfazione del cliente attraverso l'innovazione finanziaria<\/td><td>Questo principio lega l'agilit\u00e0 alla centralit\u00e0 del cliente e all'innovazione, rispondendo direttamente alle esigenze dei clienti. Si allinea bene con il focus di Agile sulla fornitura di valore.<\/td><td>Agile Software Principle #1: \"La nostra massima priorit\u00e0 \u00e8 soddisfare il cliente attraverso la consegna tempestiva e continua di software di valore\", concentrandoci su soluzioni finanziarie innovative.<\/td><\/tr><tr><td>2<\/td><td>Risposte agili per la conformit\u00e0 alle normative<\/td><td>La conformit\u00e0 come opportunit\u00e0 \u00e8 una nuova prospettiva. Un rapido adattamento garantisce l'integrit\u00e0 dell'organizzazione e favorisce un approccio proattivo.<\/td><td>Principio del software agile #2: \"Accogliere i requisiti che cambiano, anche in ritardo nello sviluppo. I processi agili sfruttano il cambiamento per il vantaggio competitivo del cliente\" trattando la conformit\u00e0 in modo adattivo.<\/td><\/tr><tr><td>3<\/td><td>Fornire frequentemente informazioni finanziarie<\/td><td>Fornire frequentemente informazioni finanziarie attuabili, con una preferenza per cicli pi\u00f9 brevi per migliorare il processo decisionale e la reattivit\u00e0.<\/td><td>Principio del software agile #3: \"Consegnare software funzionante frequentemente, da un paio di settimane a un paio di mesi, con una preferenza per i tempi pi\u00f9 brevi\".<\/td><\/tr><tr><td>4<\/td><td>La finanza e le operazioni aziendali devono collaborare quotidianamente<\/td><td>I professionisti della finanza e i leader aziendali devono collaborare strettamente e frequentemente per allineare le strategie finanziarie agli obiettivi operativi.<\/td><td>Principio del software agile #4: \"Gli uomini d'affari e gli sviluppatori devono collaborare quotidianamente per tutta la durata del progetto\".<\/td><\/tr><tr><td>5<\/td><td>Responsabilizzare e fidarsi dei team finanziari<\/td><td>La responsabilizzazione \u00e8 la chiave dell'agilit\u00e0. La fiducia dei team nell'auto-organizzazione aumenta la responsabilit\u00e0, l'innovazione e il morale.<\/td><td>Principio del software agile #5: \"Costruite i progetti attorno a individui motivati. Fornite loro l'ambiente e il supporto di cui hanno bisogno, e fidatevi di loro per portare a termine il lavoro\", responsabilizzando i team finanziari.<\/td><\/tr><tr><td>6<\/td><td>Comunicazione diretta per la chiarezza finanziaria<\/td><td>Una comunicazione chiara e diretta riduce gli errori e si allinea alla preferenza di Agile per le persone e le interazioni.<\/td><td>Principio del software agile #6: \"Il metodo pi\u00f9 efficiente ed efficace per trasmettere informazioni al team di sviluppo e all'interno di esso \u00e8 la conversazione faccia a faccia\", dando priorit\u00e0 alla comunicazione.<\/td><\/tr><tr><td>7<\/td><td>Risultati misurabili come prova dei progressi finanziari<\/td><td>Concentrarsi su risultati misurabili \u00e8 in linea con il principio di Agile di fornire incrementi di lavoro. Comunicare i risultati costruisce la fiducia degli stakeholder.<\/td><td>Principio del software agile #7: \"Il software funzionante \u00e8 la misura principale del progresso\", concentrandosi sulla realizzazione di risultati misurabili come prova del successo finanziario.<\/td><\/tr><tr><td>8<\/td><td>Pratiche di finanza sostenibile per la redditivit\u00e0 a lungo termine<\/td><td>La sostenibilit\u00e0 \u00e8 un'aggiunta opportuna, che si allinea alle priorit\u00e0 di governance ambientale e sociale (ESG). La gestione finanziaria etica ha un'ottima risonanza presso gli stakeholder.<\/td><td>Principio del software agile #8: \"I processi agili promuovono uno sviluppo sostenibile. Gli sponsor, gli sviluppatori e gli utenti dovrebbero essere in grado di mantenere un ritmo costante a tempo indeterminato\" allineando le strategie.<\/td><\/tr><tr><td>9<\/td><td>Migliorare continuamente i modelli e i processi finanziari<\/td><td>Concentrarsi sul perfezionamento dei modelli e dei processi finanziari con un'attenzione costante all'accuratezza, alla chiarezza e all'efficienza.<\/td><td>Principio del software agile #9: \"L'attenzione continua all'eccellenza tecnica e alla buona progettazione aumenta l'agilit\u00e0\".<\/td><\/tr><tr><td>10<\/td><td>Abbracciare la semplicit\u00e0 finanziaria<\/td><td>La semplicit\u00e0 consente alle organizzazioni di agire rapidamente e di allocare le risorse in modo efficace, riducendo le spese generali e permettendo di concentrarsi sugli obiettivi strategici.<\/td><td>Principio del software agile #10: \"La semplicit\u00e0, l'arte di massimizzare la quantit\u00e0 di lavoro non svolto, \u00e8 essenziale\".<\/td><\/tr><tr><td>11<\/td><td>Promuovere team finanziari auto-organizzati<\/td><td>Proprio come lo sviluppo del software prospera quando i team si auto-organizzano, i team finanziari possono fornire soluzioni pi\u00f9 innovative ed efficaci quando hanno la possibilit\u00e0 di operare autonomamente entro confini chiari.<\/td><td>Principio del software agile #11: \"Le migliori architetture, requisiti e progetti emergono da team auto-organizzati\".<\/td><\/tr><tr><td>12<\/td><td>Feedback iterativo per un miglioramento finanziario continuo<\/td><td>I cicli di feedback iterativi rispecchiano l'attenzione di Agile per le retrospettive e il miglioramento continuo. I sondaggi e i feedback sono in linea con il controllo empirico dei processi di Agile.<\/td><td>Principio del software agile #12: \"A intervalli regolari, il team riflette su come diventare pi\u00f9 efficace, quindi mette a punto e regola il proprio comportamento di conseguenza\" attraverso cicli di feedback iterativi.<\/td><\/tr><\/tbody><\/table><\/figure>\n\n\n\n<p>Confronto incrociato di Thomas Hormaza Dow<\/p>","protected":false},"excerpt":{"rendered":"<p>Below are some ideas on a Cross-Comparison of the Agile Finance Manifesto and the original Agile Software Manifesto. Agile Finance Manifesto Values Agile Finance Principles based on the Essence of the Original Agile Manifesto Principle # Agile Finance Principle Reasoning Agile Software Principle Match 1 Client Satisfaction through Financial Innovation This Principle ties agility to [&hellip;]<\/p>","protected":false},"author":1,"featured_media":472,"parent":0,"menu_order":0,"comment_status":"closed","ping_status":"closed","template":"","meta":{"footnotes":""},"class_list":["post-471","page","type-page","status-publish","has-post-thumbnail","hentry"],"yoast_head":"<!-- This site is optimized with the Yoast SEO plugin v24.9 - https:\/\/yoast.com\/wordpress\/plugins\/seo\/ -->\n<title>Agile Finance Manifesto - Business Agility+AI<\/title>\n<meta name=\"description\" content=\"Cross-Comparison of the Agile Finance Manifesto and the original Agile Software Manifesto\" \/>\n<meta name=\"robots\" content=\"index, follow, max-snippet:-1, max-image-preview:large, max-video-preview:-1\" \/>\n<link rel=\"canonical\" href=\"https:\/\/businessagility.education\/blog\/it\/agile-finance-manifesto\/\" \/>\n<meta property=\"og:locale\" content=\"it_IT\" \/>\n<meta property=\"og:type\" content=\"article\" \/>\n<meta property=\"og:title\" content=\"Agile Finance Manifesto - Business Agility+AI\" \/>\n<meta property=\"og:description\" content=\"Cross-Comparison of the Agile Finance Manifesto and the original Agile Software Manifesto\" \/>\n<meta property=\"og:url\" content=\"https:\/\/businessagility.education\/blog\/it\/agile-finance-manifesto\/\" \/>\n<meta property=\"og:site_name\" content=\"Business Agility+AI\" \/>\n<meta property=\"article:modified_time\" content=\"2024-12-01T23:58:49+00:00\" \/>\n<meta property=\"og:image\" content=\"https:\/\/businessagility.education\/blog\/wp-content\/uploads\/2024\/12\/agile-finance-manifesto.jpg\" \/>\n\t<meta property=\"og:image:width\" content=\"1305\" \/>\n\t<meta property=\"og:image:height\" content=\"765\" \/>\n\t<meta property=\"og:image:type\" content=\"image\/jpeg\" \/>\n<meta name=\"twitter:card\" content=\"summary_large_image\" \/>\n<meta name=\"twitter:label1\" content=\"Tempo di lettura stimato\" \/>\n\t<meta name=\"twitter:data1\" content=\"4 minuti\" \/>\n<script type=\"application\/ld+json\" class=\"yoast-schema-graph\">{\"@context\":\"https:\/\/schema.org\",\"@graph\":[{\"@type\":\"WebPage\",\"@id\":\"https:\/\/businessagility.education\/blog\/agile-finance-manifesto\/\",\"url\":\"https:\/\/businessagility.education\/blog\/agile-finance-manifesto\/\",\"name\":\"Agile Finance Manifesto - Business Agility+AI\",\"isPartOf\":{\"@id\":\"https:\/\/businessagility.education\/blog\/#website\"},\"primaryImageOfPage\":{\"@id\":\"https:\/\/businessagility.education\/blog\/agile-finance-manifesto\/#primaryimage\"},\"image\":{\"@id\":\"https:\/\/businessagility.education\/blog\/agile-finance-manifesto\/#primaryimage\"},\"thumbnailUrl\":\"https:\/\/businessagility.education\/blog\/wp-content\/uploads\/2024\/12\/agile-finance-manifesto.jpg\",\"datePublished\":\"2023-12-19T18:40:00+00:00\",\"dateModified\":\"2024-12-01T23:58:49+00:00\",\"description\":\"Cross-Comparison of the Agile Finance Manifesto and the original Agile Software Manifesto\",\"breadcrumb\":{\"@id\":\"https:\/\/businessagility.education\/blog\/agile-finance-manifesto\/#breadcrumb\"},\"inLanguage\":\"it-IT\",\"potentialAction\":[{\"@type\":\"ReadAction\",\"target\":[\"https:\/\/businessagility.education\/blog\/agile-finance-manifesto\/\"]}]},{\"@type\":\"ImageObject\",\"inLanguage\":\"it-IT\",\"@id\":\"https:\/\/businessagility.education\/blog\/agile-finance-manifesto\/#primaryimage\",\"url\":\"https:\/\/businessagility.education\/blog\/wp-content\/uploads\/2024\/12\/agile-finance-manifesto.jpg\",\"contentUrl\":\"https:\/\/businessagility.education\/blog\/wp-content\/uploads\/2024\/12\/agile-finance-manifesto.jpg\",\"width\":1305,\"height\":765,\"caption\":\"Agile Finance Manifesto\"},{\"@type\":\"BreadcrumbList\",\"@id\":\"https:\/\/businessagility.education\/blog\/agile-finance-manifesto\/#breadcrumb\",\"itemListElement\":[{\"@type\":\"ListItem\",\"position\":1,\"name\":\"Home\",\"item\":\"https:\/\/businessagility.education\/blog\/\"},{\"@type\":\"ListItem\",\"position\":2,\"name\":\"Agile Finance Manifesto\"}]},{\"@type\":\"WebSite\",\"@id\":\"https:\/\/businessagility.education\/blog\/#website\",\"url\":\"https:\/\/businessagility.education\/blog\/\",\"name\":\"Business Agility+AI\",\"description\":\"The Business Agility + Artificial Intelligence Blog\",\"publisher\":{\"@id\":\"https:\/\/businessagility.education\/blog\/#organization\"},\"potentialAction\":[{\"@type\":\"SearchAction\",\"target\":{\"@type\":\"EntryPoint\",\"urlTemplate\":\"https:\/\/businessagility.education\/blog\/?s={search_term_string}\"},\"query-input\":{\"@type\":\"PropertyValueSpecification\",\"valueRequired\":true,\"valueName\":\"search_term_string\"}}],\"inLanguage\":\"it-IT\"},{\"@type\":\"Organization\",\"@id\":\"https:\/\/businessagility.education\/blog\/#organization\",\"name\":\"Business Agility+AI\",\"url\":\"https:\/\/businessagility.education\/blog\/\",\"logo\":{\"@type\":\"ImageObject\",\"inLanguage\":\"it-IT\",\"@id\":\"https:\/\/businessagility.education\/blog\/#\/schema\/logo\/image\/\",\"url\":\"https:\/\/businessagility.education\/blog\/wp-content\/uploads\/2022\/06\/business-agility-blog-logo.png\",\"contentUrl\":\"https:\/\/businessagility.education\/blog\/wp-content\/uploads\/2022\/06\/business-agility-blog-logo.png\",\"width\":200,\"height\":100,\"caption\":\"Business Agility+AI\"},\"image\":{\"@id\":\"https:\/\/businessagility.education\/blog\/#\/schema\/logo\/image\/\"}}]}<\/script>\n<!-- \/ Yoast SEO plugin. -->","yoast_head_json":{"title":"Agile Finance Manifesto - Business Agility+AI","description":"Cross-Comparison of the Agile Finance Manifesto and the original Agile Software Manifesto","robots":{"index":"index","follow":"follow","max-snippet":"max-snippet:-1","max-image-preview":"max-image-preview:large","max-video-preview":"max-video-preview:-1"},"canonical":"https:\/\/businessagility.education\/blog\/it\/agile-finance-manifesto\/","og_locale":"it_IT","og_type":"article","og_title":"Agile Finance Manifesto - Business Agility+AI","og_description":"Cross-Comparison of the Agile Finance Manifesto and the original Agile Software Manifesto","og_url":"https:\/\/businessagility.education\/blog\/it\/agile-finance-manifesto\/","og_site_name":"Business Agility+AI","article_modified_time":"2024-12-01T23:58:49+00:00","og_image":[{"width":1305,"height":765,"url":"https:\/\/businessagility.education\/blog\/wp-content\/uploads\/2024\/12\/agile-finance-manifesto.jpg","type":"image\/jpeg"}],"twitter_card":"summary_large_image","twitter_misc":{"Tempo di lettura stimato":"4 minuti"},"schema":{"@context":"https:\/\/schema.org","@graph":[{"@type":"WebPage","@id":"https:\/\/businessagility.education\/blog\/agile-finance-manifesto\/","url":"https:\/\/businessagility.education\/blog\/agile-finance-manifesto\/","name":"Agile Finance Manifesto - Business Agility+AI","isPartOf":{"@id":"https:\/\/businessagility.education\/blog\/#website"},"primaryImageOfPage":{"@id":"https:\/\/businessagility.education\/blog\/agile-finance-manifesto\/#primaryimage"},"image":{"@id":"https:\/\/businessagility.education\/blog\/agile-finance-manifesto\/#primaryimage"},"thumbnailUrl":"https:\/\/businessagility.education\/blog\/wp-content\/uploads\/2024\/12\/agile-finance-manifesto.jpg","datePublished":"2023-12-19T18:40:00+00:00","dateModified":"2024-12-01T23:58:49+00:00","description":"Cross-Comparison of the Agile Finance Manifesto and the original Agile Software Manifesto","breadcrumb":{"@id":"https:\/\/businessagility.education\/blog\/agile-finance-manifesto\/#breadcrumb"},"inLanguage":"it-IT","potentialAction":[{"@type":"ReadAction","target":["https:\/\/businessagility.education\/blog\/agile-finance-manifesto\/"]}]},{"@type":"ImageObject","inLanguage":"it-IT","@id":"https:\/\/businessagility.education\/blog\/agile-finance-manifesto\/#primaryimage","url":"https:\/\/businessagility.education\/blog\/wp-content\/uploads\/2024\/12\/agile-finance-manifesto.jpg","contentUrl":"https:\/\/businessagility.education\/blog\/wp-content\/uploads\/2024\/12\/agile-finance-manifesto.jpg","width":1305,"height":765,"caption":"Agile Finance Manifesto"},{"@type":"BreadcrumbList","@id":"https:\/\/businessagility.education\/blog\/agile-finance-manifesto\/#breadcrumb","itemListElement":[{"@type":"ListItem","position":1,"name":"Home","item":"https:\/\/businessagility.education\/blog\/"},{"@type":"ListItem","position":2,"name":"Agile Finance Manifesto"}]},{"@type":"WebSite","@id":"https:\/\/businessagility.education\/blog\/#website","url":"https:\/\/businessagility.education\/blog\/","name":"Business Agility+AI","description":"The Business Agility + Artificial Intelligence Blog","publisher":{"@id":"https:\/\/businessagility.education\/blog\/#organization"},"potentialAction":[{"@type":"SearchAction","target":{"@type":"EntryPoint","urlTemplate":"https:\/\/businessagility.education\/blog\/?s={search_term_string}"},"query-input":{"@type":"PropertyValueSpecification","valueRequired":true,"valueName":"search_term_string"}}],"inLanguage":"it-IT"},{"@type":"Organization","@id":"https:\/\/businessagility.education\/blog\/#organization","name":"Business Agility+AI","url":"https:\/\/businessagility.education\/blog\/","logo":{"@type":"ImageObject","inLanguage":"it-IT","@id":"https:\/\/businessagility.education\/blog\/#\/schema\/logo\/image\/","url":"https:\/\/businessagility.education\/blog\/wp-content\/uploads\/2022\/06\/business-agility-blog-logo.png","contentUrl":"https:\/\/businessagility.education\/blog\/wp-content\/uploads\/2022\/06\/business-agility-blog-logo.png","width":200,"height":100,"caption":"Business Agility+AI"},"image":{"@id":"https:\/\/businessagility.education\/blog\/#\/schema\/logo\/image\/"}}]}},"_links":{"self":[{"href":"https:\/\/businessagility.education\/blog\/it\/wp-json\/wp\/v2\/pages\/471","targetHints":{"allow":["GET"]}}],"collection":[{"href":"https:\/\/businessagility.education\/blog\/it\/wp-json\/wp\/v2\/pages"}],"about":[{"href":"https:\/\/businessagility.education\/blog\/it\/wp-json\/wp\/v2\/types\/page"}],"author":[{"embeddable":true,"href":"https:\/\/businessagility.education\/blog\/it\/wp-json\/wp\/v2\/users\/1"}],"replies":[{"embeddable":true,"href":"https:\/\/businessagility.education\/blog\/it\/wp-json\/wp\/v2\/comments?post=471"}],"version-history":[{"count":1,"href":"https:\/\/businessagility.education\/blog\/it\/wp-json\/wp\/v2\/pages\/471\/revisions"}],"predecessor-version":[{"id":473,"href":"https:\/\/businessagility.education\/blog\/it\/wp-json\/wp\/v2\/pages\/471\/revisions\/473"}],"wp:featuredmedia":[{"embeddable":true,"href":"https:\/\/businessagility.education\/blog\/it\/wp-json\/wp\/v2\/media\/472"}],"wp:attachment":[{"href":"https:\/\/businessagility.education\/blog\/it\/wp-json\/wp\/v2\/media?parent=471"}],"curies":[{"name":"wp","href":"https:\/\/api.w.org\/{rel}","templated":true}]}}