{"id":43,"date":"2022-06-06T14:43:34","date_gmt":"2022-06-06T18:43:34","guid":{"rendered":"https:\/\/businessagility.education\/blog\/?page_id=43"},"modified":"2022-08-20T11:25:14","modified_gmt":"2022-08-20T15:25:14","slug":"how-to-select-an-agility-framework","status":"publish","type":"page","link":"https:\/\/businessagility.education\/blog\/it\/how-to-select-an-agility-framework\/","title":{"rendered":"Agilit\u00e0 aziendale: come scegliere un framework agile"},"content":{"rendered":"<h3>Agilit\u00e0 aziendale e selezione del framework Agile<\/h3>\n\n\n\n<p>Questa \u00e8 la casa dell'IntrAgility, dell'InterAgility e dell'Extragility, quindi s\u00ec, pensiamo che ci sia un Framework Agile pi\u00f9 adatto in base al tipo di Agility che si sta sperimentando e coltivando. Tuttavia, per il momento ci asterremo da questo argomento e ci concentreremo su come si sceglie un framework Agile?<\/p>\n\n\n\n<p>Da dove cominciamo: Kanban. Scrum. Scrumban ibrido. Cynefin. OPS, DAD. LeSS. Nexus. SAFe. Scrum in scala. Spotify?<\/p>\n\n\n\n<p>Non esiste una soluzione unica e una certezza statistica nella scelta di un framework Agile, ma gli studi suggeriscono che le dimensioni e la complessit\u00e0 dell'organizzazione contano.<\/p>\n\n\n\n<p>Per fare una buona selezione del framework dobbiamo ricercare ci\u00f2 che \u00e8 stato dedotto dalle esperienze e dalle analisi passate. Naturalmente, dobbiamo osservare ci\u00f2 che abbiamo scoperto inizialmente dallo sviluppo agile. Nel fare ci\u00f2, non stiamo affermando che ogni studio porti perfettamente all'applicazione \"adatta allo scopo\" della Business Agility, n\u00e9 facciamo alcuna affermazione in merito alla causalit\u00e0 e alla direzionalit\u00e0.<\/p>\n\n\n\n<p>Tuttavia, di seguito cercheremo di riunire alcune intuizioni raccolte in diversi campi negli ultimi 25 anni. Presteremo attenzione ai potenziali legami che permettono all'Agilit\u00e0 di brillare attraverso l'uso di Framework selezionati, nonch\u00e9 alle variabili come le dimensioni dell'azienda, i livelli di complessit\u00e0 e altri fattori che sembrano suggerire maggiori livelli di successo se considerati.<\/p>\n\n\n\n<h4>Dimensioni dell'azienda e framework Agile<\/h4>\n\n\n\n<h4>Framework agili per le piccole e medie imprese<\/h4>\n\n\n\n<p>Uno studio sull'agilit\u00e0 suggerisce che Kanban si comporta meglio di Scrum nella gestione delle scadenze dei progetti, soprattutto nelle aziende pi\u00f9 piccole con 50 dipendenti o meno, mentre l'analisi dei fattori di pianificazione di Scrum suggerisce che ci sono vantaggi per le piccole e medie imprese con meno di 50 e 100-500 dipendenti (Lei. et al, 2017).<\/p>\n\n\n\n<h4>Framework agili per grandi organizzazioni<\/h4>\n\n\n\n<p>Ci sono almeno nove sfide prevedibili nell'implementazione di framework agili su larga scala e \"restrizioni come i costi, la cultura, la struttura e l'ampiezza del controllo\" (Conboy. et al, 2019). Al di l\u00e0 della scelta del framework tra OPS, DAD, LeSS, Nexus, SAFe, Scrum at Scale e Spotify, ognuno di essi pu\u00f2 adattarsi meglio ad ambienti pi\u00f9 complessi, soprattutto perch\u00e9 questi \"framework si occupano esplicitamente delle complessit\u00e0 affrontate da team di grandi dimensioni, in particolare in termini di livello di controllo, copertura, flessibilit\u00e0, scalabilit\u00e0, trasparenza, eliminazione degli sprechi\" (Almeida. et al, 2021).<\/p>\n\n\n\n<p>La sfida che le grandi organizzazioni si trovano ad affrontare nella scelta di un framework, e questo \u00e8 esattamente ci\u00f2 che intendiamo quando poniamo l'accento su InterAgility ed ExtrAgility, \u00e8 che le macchine, la tecnologia e l'automazione non affrontano i problemi delle persone che stanno alla base del framework scelto. Come sottolinea la Legge di Conway, le disfunzioni che osserviamo nelle nostre comunicazioni tendono a replicarsi nei nostri sistemi, ma anche le circostanze impreviste possono rallentare gli sforzi organizzativi, come si osserva nel fatto che \"eventi comuni ma imprevisti possono portare la comunicazione di progetto al punto di rottura\" (Herbsleb &amp; Grinter, 1999).<\/p>\n\n\n\n<p>La scelta di scalare le pratiche agili e snelle nelle grandi organizzazioni pu\u00f2 essere controversa.<\/p>\n\n\n\n<p>Un buon punto di partenza \u00e8 quello di considerare ed estrarre i punti in comune degli Scaling Agile Frameworks esistenti (Theobald et al, 2019), pur essendo consapevoli delle sfide che si presentano nello Scaling Up Agile, tenendo conto di aspetti quali l'organizzazione, la tecnica, la cultura, i team (Hobbs &amp; Petit, 2017).<\/p>\n\n\n\n<p>Ci sono preoccupazioni e critiche sollevate in alcuni Framework, senza entrare in tutti questi dettagli, un'idea proposta \u00e8 quella di cercare prove misurando il ROI (Schwaber, 2013):<\/p>\n\n\n\n<p>Tempo di ciclo: il tempo pi\u00f9 rapido per realizzare una funzione<\/p>\n\n\n\n<p>Ciclo di rilascio - tempo di rilascio di una release<\/p>\n\n\n\n<p>Difetti - variazione dei difetti<\/p>\n\n\n\n<p>Produttivit\u00e0 - sforzo normalizzato per ottenere un'unit\u00e0 di funzionalit\u00e0 \"fatta\".<\/p>\n\n\n\n<p>Stabilizzazione - dopo il completamento del codice, % di un rilascio viene speso per la stabilizzazione prima del rilascio.<\/p>\n\n\n\n<p>Soddisfazione dei clienti - in aumento o in diminuzione<\/p>\n\n\n\n<p>Soddisfazione dei dipendenti - in aumento o in diminuzione<\/p>\n\n\n\n<h3>Qualche parola sulla struttura OPS<\/h3>\n\n\n\n<p>I lettori sono <strong>fortemente<\/strong> incoraggiati a leggere il lavoro della dott.ssa Soundararajan, che illustra in dettaglio i collegamenti tra i metodi agili e il quadro degli obiettivi, dei principi e delle strategie (OPS). La dottoressa ha valutato con competenza la \"bont\u00e0\" dei metodi agili esaminandone attentamente \"1 l'adeguatezza, 2 la capacit\u00e0 dell'organizzazione di sostenere i principi adottati e le strategie specificate dal metodo e 3 l'efficacia del metodo\". (Soundararajan, 2013). \u00c8 possibile <a href=\"https:\/\/www.proquest.com\/docview\/1532774128\" target=\"_blank\" rel=\"noreferrer noopener\">leggi qui la sua tesi di dottorato<\/a>!<\/p>\n\n\n\n<h3>Complicatezza, complessit\u00e0, caos e ascesa dei framework agili ibridi<\/h3>\n\n\n\n<h4>L'emergere di framework agili ibridi nel marketing agile<\/h4>\n\n\n\n<p>Sappiamo che Agile funziona rispetto ai metodi tradizionali; Standish Group ha condotto uno studio su 25 anni e 50.000 progetti che ci porta a capire che Agile produce 3 volte pi\u00f9 successo (Standish Group, 2011, 2020). Almeno 50% dei marketer riferiscono di utilizzare una versione ibrida di un framework quando non utilizzano Scrum o Kanban. Non sorprende che, qualunque sia il framework utilizzato, purch\u00e9 sia basato su un sottoinsieme di pratiche agili, ci aspettiamo che raggiunga una certa misura di successo. In effetti, la ricerca suggerisce che Scrum e Kanban portano al successo (Lei, et al, 2017), ma non abbiamo molti dati sui Framework ibridi, a parte il fatto che spesso vengono chiamati Scrumban.<\/p>\n\n\n\n<p>Questo \u00e8 probabilmente il motivo per cui stiamo assistendo all'emergere di combinazioni di strutture formali e avanzate nell'ambito della Business Agility. Ad esempio, <a href=\"https:\/\/www.agilemarketingnavigator.org\/\" target=\"_blank\" rel=\"noreferrer noopener\">L'Agile Marketing ha recentemente visto una nuova aggiunta chiamata Agile Marketing Navigator (AMN).<\/a> destinati ad aiutare i marketer a navigare in un ambiente complicato (Ackerman &amp; Seaton, 2022), questo \u00e8 particolarmente vero nel dominio delle best practice.<\/p>\n\n\n\n<h3>Adozione del framework Agile in altri settori aziendali<\/h3>\n\n\n\n<p>Mentre l'Agile Marketing opta spesso per Kanban, Scrum, Hybrid e ora AMN, vi \u00e8 una crescente adozione di Framework in altre funzioni come HR, Finance, Legal, Sales. Per esempio. Sebbene Agile HR non sia prescrittivo sul tipo di framework (ICAgile) alcune aziende stanno utilizzando Scrum (Cappelli &amp; Travis, 2018). Da parte sua, Agile Finance propone un Cynefin Framework per gestire gli strati di complessit\u00e0 (ICAgile).<\/p>\n\n\n\n<p>Una parola importante sulla Cynefin: non \u00e8 nuova, ha una solida esperienza e ha servito numerosi settori industriali proprio perch\u00e9 affronta un ampio spettro che va dal lavoro ordinato a quello non ordinato e dagli ambienti noti\/prevedibili fino a quelli caotici (Kurtz &amp; Snowden, 2003).<\/p>\n\n\n\n<h3>Qual \u00e8 il framework Agile pi\u00f9 adatto alla vostra azienda?<\/h3>\n\n\n\n<p>Come si pu\u00f2 notare, non esiste una risposta definitiva. La chiave sta nel sapere quando selezionare un framework che funzioni per la vostra organizzazione. \u00c8 per questo che dovremmo guardare e ispirarci alle pratiche che troviamo in diverse sottofunzioni aziendali. Tuttavia, ci auguriamo che quanto sopra vi aiuti nella scelta del vostro framework e che consideriate variabili importanti come le dimensioni dell'azienda, gli inventari delle competenze dei dipendenti, i livelli di complessit\u00e0 e altri fattori come la cultura.<\/p>\n\n\n\n<p>Ci auguriamo che, come minimo, lo stato del tipo di competenze (IntrAgilit\u00e0, InterAgilit\u00e0 ed Extragilit\u00e0), le dimensioni dell'azienda e il livello di complessit\u00e0 con cui si ha a che fare aiutino a orientare la scelta!<\/p>\n\n\n\n<p>Fonti<\/p>\n\n\n\n<p>Ackerman, S. e Seaton, M. (2022, 5 maggio). <em>Navigatore del marketing agile<\/em>. AMN. www.agilemarketingnavigator.org<\/p>\n\n\n\n<p>Almeida, Fernando e Eduardo Espinheira. \"Quadri agili su larga scala: Una rassegna comparativa\". Journal of Applied Sciences, Management and Engineering Technology 2.1 (2021): 16-29.<\/p>\n\n\n\n<p>Cappelli, Peter e Anna Tavis. \"Le risorse umane diventano agili\". Harvard Business Review 96.2 (2018): 46-52.<\/p>\n\n\n\n<p>Conboy, K. e Carroll, N. (2019). Implementazione di framework agili su larga scala: sfide e raccomandazioni. IEEE Software, 36(2), 44-50.<\/p>\n\n\n\n<p>Herbsleb, James D. e Grinter, Rebecca E. \"Architetture, coordinamento e distanza: La legge di Conway e oltre\".&nbsp;<em>Software IEEE<\/em>&nbsp;16.5 (1999): 63-70.<\/p>\n\n\n\n<p>Hobbs, Brian e Yvan Petit. \"Metodi agili su grandi progetti in grandi organizzazioni\".&nbsp;<em>Giornale di gestione del progetto<\/em>&nbsp;48.3 (2017): 3-19.<\/p>\n\n\n\n<p>Consorzio Internazionale per l'Agilit\u00e0 (ICAgile). Risultati di apprendimento di Agility in Finance. Accesso al 12 febbraio 2022. www.icagile.com\/media\/pdfs\/learning-outcomes\/agility-in-finance-learning-outcomes.pdf<\/p>\n\n\n\n<p>Consorzio Internazionale per l'Agilit\u00e0 (ICAgile). Risultati di apprendimento dell'Agilit\u00e0 nelle Risorse Umane. Accesso al 12 febbraio 2022. www.icagile.com\/media\/pdfs\/learning-outcomes\/agility-in-hr-learning-outcomes.pdf<\/p>\n\n\n\n<p>Kurtz, C. F. e Snowden, D. J. (2003). Le nuove dinamiche della strategia: Creare senso in un mondo complesso e complicato.&nbsp;<em>Giornale dei sistemi IBM<\/em>,&nbsp;<em>42<\/em>(3), 462-483.<\/p>\n\n\n\n<p>Lei, Howard, et al. \"Un'analisi statistica degli effetti di Scrum e Kanban sui progetti di sviluppo software\". Robotics and Computer-Integrated Manufacturing 43 (2017): 59-67.<\/p>\n\n\n\n<p>Theobald, Sven, Anna Schmitt e Philipp Diebold. \"Confronto tra framework agili a scalare basati sulle pratiche sottostanti\". Conferenza internazionale sullo sviluppo agile del software. Springer, Cham, 2019.<\/p>\n\n\n\n<p>Schwaber, Ken. \"UnSAFe a qualsiasi velocit\u00e0\".&nbsp;<em>Il blog di Ken Schwaber: Dire le cose come stanno<\/em>&nbsp;(2013).<\/p>\n\n\n\n<p>Soundararajan, S. (2013).&nbsp;<em>Valutare i metodi agili: Indagine sull'adeguatezza, la capacit\u00e0 e l'efficacia di un approccio basato su obiettivi, principi e strategie<\/em>&nbsp;(Tesi di dottorato, Virginia Polytechnic Institute and State University).<\/p>","protected":false},"excerpt":{"rendered":"<p>Agilit\u00e0 aziendale e selezione del framework Agile Questa \u00e8 la casa dell'IntrAgilit\u00e0, dell'InterAgilit\u00e0 e dell'Extragilit\u00e0, quindi s\u00ec, pensiamo che ci sia un framework Agile pi\u00f9 adatto in base al tipo di Agilit\u00e0 che si sta sperimentando e coltivando. Tuttavia, per il momento ci asterremo da questo argomento e ci concentreremo su come selezionare [...]<\/p>","protected":false},"author":1,"featured_media":58,"parent":0,"menu_order":0,"comment_status":"closed","ping_status":"closed","template":"","meta":{"footnotes":""},"class_list":["post-43","page","type-page","status-publish","has-post-thumbnail","hentry"],"yoast_head":"<!-- This site is optimized with the Yoast SEO plugin v24.9 - https:\/\/yoast.com\/wordpress\/plugins\/seo\/ -->\n<title>Business Agility Framework Selection - Business Agility Education<\/title>\n<meta name=\"description\" content=\"Selecting an Agility Framework in Business Agility. Kanban. Scrum. Hybrid Scrumban. Cynefin. DAD. LeSS. Nexus. SAFe. Scrum at Scale. Spotify?\" \/>\n<meta name=\"robots\" content=\"index, follow, max-snippet:-1, max-image-preview:large, max-video-preview:-1\" \/>\n<link rel=\"canonical\" href=\"https:\/\/businessagility.education\/blog\/it\/how-to-select-an-agility-framework\/\" \/>\n<meta property=\"og:locale\" content=\"it_IT\" \/>\n<meta property=\"og:type\" content=\"article\" \/>\n<meta property=\"og:title\" content=\"Business Agility Framework Selection - Business Agility Education\" \/>\n<meta property=\"og:description\" content=\"Selecting an Agility Framework in Business Agility. Kanban. Scrum. Hybrid Scrumban. Cynefin. DAD. LeSS. Nexus. SAFe. Scrum at Scale. Spotify?\" \/>\n<meta property=\"og:url\" content=\"https:\/\/businessagility.education\/blog\/it\/how-to-select-an-agility-framework\/\" \/>\n<meta property=\"og:site_name\" content=\"Business Agility+AI\" \/>\n<meta property=\"article:modified_time\" content=\"2022-08-20T15:25:14+00:00\" \/>\n<meta property=\"og:image\" content=\"https:\/\/businessagility.education\/blog\/wp-content\/uploads\/2022\/06\/business-agility-framework.png\" \/>\n\t<meta property=\"og:image:width\" content=\"600\" \/>\n\t<meta property=\"og:image:height\" content=\"400\" \/>\n\t<meta property=\"og:image:type\" content=\"image\/png\" \/>\n<meta name=\"twitter:card\" content=\"summary_large_image\" \/>\n<meta name=\"twitter:label1\" content=\"Tempo di lettura stimato\" \/>\n\t<meta name=\"twitter:data1\" content=\"6 minuti\" \/>\n<script type=\"application\/ld+json\" class=\"yoast-schema-graph\">{\"@context\":\"https:\/\/schema.org\",\"@graph\":[{\"@type\":\"WebPage\",\"@id\":\"https:\/\/businessagility.education\/blog\/how-to-select-an-agility-framework\/\",\"url\":\"https:\/\/businessagility.education\/blog\/how-to-select-an-agility-framework\/\",\"name\":\"Business Agility Framework Selection - Business Agility Education\",\"isPartOf\":{\"@id\":\"https:\/\/businessagility.education\/blog\/#website\"},\"primaryImageOfPage\":{\"@id\":\"https:\/\/businessagility.education\/blog\/how-to-select-an-agility-framework\/#primaryimage\"},\"image\":{\"@id\":\"https:\/\/businessagility.education\/blog\/how-to-select-an-agility-framework\/#primaryimage\"},\"thumbnailUrl\":\"https:\/\/businessagility.education\/blog\/wp-content\/uploads\/2022\/06\/business-agility-framework.png\",\"datePublished\":\"2022-06-06T18:43:34+00:00\",\"dateModified\":\"2022-08-20T15:25:14+00:00\",\"description\":\"Selecting an Agility Framework in Business Agility. Kanban. Scrum. Hybrid Scrumban. Cynefin. DAD. LeSS. Nexus. SAFe. Scrum at Scale. Spotify?\",\"breadcrumb\":{\"@id\":\"https:\/\/businessagility.education\/blog\/how-to-select-an-agility-framework\/#breadcrumb\"},\"inLanguage\":\"it-IT\",\"potentialAction\":[{\"@type\":\"ReadAction\",\"target\":[\"https:\/\/businessagility.education\/blog\/how-to-select-an-agility-framework\/\"]}]},{\"@type\":\"ImageObject\",\"inLanguage\":\"it-IT\",\"@id\":\"https:\/\/businessagility.education\/blog\/how-to-select-an-agility-framework\/#primaryimage\",\"url\":\"https:\/\/businessagility.education\/blog\/wp-content\/uploads\/2022\/06\/business-agility-framework.png\",\"contentUrl\":\"https:\/\/businessagility.education\/blog\/wp-content\/uploads\/2022\/06\/business-agility-framework.png\",\"width\":600,\"height\":400,\"caption\":\"business agility framework\"},{\"@type\":\"BreadcrumbList\",\"@id\":\"https:\/\/businessagility.education\/blog\/how-to-select-an-agility-framework\/#breadcrumb\",\"itemListElement\":[{\"@type\":\"ListItem\",\"position\":1,\"name\":\"Home\",\"item\":\"https:\/\/businessagility.education\/blog\/\"},{\"@type\":\"ListItem\",\"position\":2,\"name\":\"Business Agility: How to Select an Agile Framework\"}]},{\"@type\":\"WebSite\",\"@id\":\"https:\/\/businessagility.education\/blog\/#website\",\"url\":\"https:\/\/businessagility.education\/blog\/\",\"name\":\"Business Agility+AI\",\"description\":\"The Business Agility + Artificial Intelligence Blog\",\"publisher\":{\"@id\":\"https:\/\/businessagility.education\/blog\/#organization\"},\"potentialAction\":[{\"@type\":\"SearchAction\",\"target\":{\"@type\":\"EntryPoint\",\"urlTemplate\":\"https:\/\/businessagility.education\/blog\/?s={search_term_string}\"},\"query-input\":{\"@type\":\"PropertyValueSpecification\",\"valueRequired\":true,\"valueName\":\"search_term_string\"}}],\"inLanguage\":\"it-IT\"},{\"@type\":\"Organization\",\"@id\":\"https:\/\/businessagility.education\/blog\/#organization\",\"name\":\"Business Agility+AI\",\"url\":\"https:\/\/businessagility.education\/blog\/\",\"logo\":{\"@type\":\"ImageObject\",\"inLanguage\":\"it-IT\",\"@id\":\"https:\/\/businessagility.education\/blog\/#\/schema\/logo\/image\/\",\"url\":\"https:\/\/businessagility.education\/blog\/wp-content\/uploads\/2022\/06\/business-agility-blog-logo.png\",\"contentUrl\":\"https:\/\/businessagility.education\/blog\/wp-content\/uploads\/2022\/06\/business-agility-blog-logo.png\",\"width\":200,\"height\":100,\"caption\":\"Business Agility+AI\"},\"image\":{\"@id\":\"https:\/\/businessagility.education\/blog\/#\/schema\/logo\/image\/\"}}]}<\/script>\n<!-- \/ Yoast SEO plugin. -->","yoast_head_json":{"title":"Business Agility Framework Selection - Business Agility Education","description":"Selecting an Agility Framework in Business Agility. Kanban. Scrum. Hybrid Scrumban. Cynefin. DAD. LeSS. Nexus. SAFe. Scrum at Scale. Spotify?","robots":{"index":"index","follow":"follow","max-snippet":"max-snippet:-1","max-image-preview":"max-image-preview:large","max-video-preview":"max-video-preview:-1"},"canonical":"https:\/\/businessagility.education\/blog\/it\/how-to-select-an-agility-framework\/","og_locale":"it_IT","og_type":"article","og_title":"Business Agility Framework Selection - Business Agility Education","og_description":"Selecting an Agility Framework in Business Agility. Kanban. Scrum. Hybrid Scrumban. Cynefin. DAD. LeSS. Nexus. SAFe. Scrum at Scale. Spotify?","og_url":"https:\/\/businessagility.education\/blog\/it\/how-to-select-an-agility-framework\/","og_site_name":"Business Agility+AI","article_modified_time":"2022-08-20T15:25:14+00:00","og_image":[{"width":600,"height":400,"url":"https:\/\/businessagility.education\/blog\/wp-content\/uploads\/2022\/06\/business-agility-framework.png","type":"image\/png"}],"twitter_card":"summary_large_image","twitter_misc":{"Tempo di lettura stimato":"6 minuti"},"schema":{"@context":"https:\/\/schema.org","@graph":[{"@type":"WebPage","@id":"https:\/\/businessagility.education\/blog\/how-to-select-an-agility-framework\/","url":"https:\/\/businessagility.education\/blog\/how-to-select-an-agility-framework\/","name":"Business Agility Framework Selection - Business Agility Education","isPartOf":{"@id":"https:\/\/businessagility.education\/blog\/#website"},"primaryImageOfPage":{"@id":"https:\/\/businessagility.education\/blog\/how-to-select-an-agility-framework\/#primaryimage"},"image":{"@id":"https:\/\/businessagility.education\/blog\/how-to-select-an-agility-framework\/#primaryimage"},"thumbnailUrl":"https:\/\/businessagility.education\/blog\/wp-content\/uploads\/2022\/06\/business-agility-framework.png","datePublished":"2022-06-06T18:43:34+00:00","dateModified":"2022-08-20T15:25:14+00:00","description":"Selecting an Agility Framework in Business Agility. Kanban. Scrum. Hybrid Scrumban. Cynefin. DAD. LeSS. Nexus. SAFe. Scrum at Scale. Spotify?","breadcrumb":{"@id":"https:\/\/businessagility.education\/blog\/how-to-select-an-agility-framework\/#breadcrumb"},"inLanguage":"it-IT","potentialAction":[{"@type":"ReadAction","target":["https:\/\/businessagility.education\/blog\/how-to-select-an-agility-framework\/"]}]},{"@type":"ImageObject","inLanguage":"it-IT","@id":"https:\/\/businessagility.education\/blog\/how-to-select-an-agility-framework\/#primaryimage","url":"https:\/\/businessagility.education\/blog\/wp-content\/uploads\/2022\/06\/business-agility-framework.png","contentUrl":"https:\/\/businessagility.education\/blog\/wp-content\/uploads\/2022\/06\/business-agility-framework.png","width":600,"height":400,"caption":"business agility framework"},{"@type":"BreadcrumbList","@id":"https:\/\/businessagility.education\/blog\/how-to-select-an-agility-framework\/#breadcrumb","itemListElement":[{"@type":"ListItem","position":1,"name":"Home","item":"https:\/\/businessagility.education\/blog\/"},{"@type":"ListItem","position":2,"name":"Business Agility: How to Select an Agile Framework"}]},{"@type":"WebSite","@id":"https:\/\/businessagility.education\/blog\/#website","url":"https:\/\/businessagility.education\/blog\/","name":"Business Agility+AI","description":"The Business Agility + Artificial Intelligence Blog","publisher":{"@id":"https:\/\/businessagility.education\/blog\/#organization"},"potentialAction":[{"@type":"SearchAction","target":{"@type":"EntryPoint","urlTemplate":"https:\/\/businessagility.education\/blog\/?s={search_term_string}"},"query-input":{"@type":"PropertyValueSpecification","valueRequired":true,"valueName":"search_term_string"}}],"inLanguage":"it-IT"},{"@type":"Organization","@id":"https:\/\/businessagility.education\/blog\/#organization","name":"Business Agility+AI","url":"https:\/\/businessagility.education\/blog\/","logo":{"@type":"ImageObject","inLanguage":"it-IT","@id":"https:\/\/businessagility.education\/blog\/#\/schema\/logo\/image\/","url":"https:\/\/businessagility.education\/blog\/wp-content\/uploads\/2022\/06\/business-agility-blog-logo.png","contentUrl":"https:\/\/businessagility.education\/blog\/wp-content\/uploads\/2022\/06\/business-agility-blog-logo.png","width":200,"height":100,"caption":"Business Agility+AI"},"image":{"@id":"https:\/\/businessagility.education\/blog\/#\/schema\/logo\/image\/"}}]}},"_links":{"self":[{"href":"https:\/\/businessagility.education\/blog\/it\/wp-json\/wp\/v2\/pages\/43","targetHints":{"allow":["GET"]}}],"collection":[{"href":"https:\/\/businessagility.education\/blog\/it\/wp-json\/wp\/v2\/pages"}],"about":[{"href":"https:\/\/businessagility.education\/blog\/it\/wp-json\/wp\/v2\/types\/page"}],"author":[{"embeddable":true,"href":"https:\/\/businessagility.education\/blog\/it\/wp-json\/wp\/v2\/users\/1"}],"replies":[{"embeddable":true,"href":"https:\/\/businessagility.education\/blog\/it\/wp-json\/wp\/v2\/comments?post=43"}],"version-history":[{"count":14,"href":"https:\/\/businessagility.education\/blog\/it\/wp-json\/wp\/v2\/pages\/43\/revisions"}],"predecessor-version":[{"id":213,"href":"https:\/\/businessagility.education\/blog\/it\/wp-json\/wp\/v2\/pages\/43\/revisions\/213"}],"wp:featuredmedia":[{"embeddable":true,"href":"https:\/\/businessagility.education\/blog\/it\/wp-json\/wp\/v2\/media\/58"}],"wp:attachment":[{"href":"https:\/\/businessagility.education\/blog\/it\/wp-json\/wp\/v2\/media?parent=43"}],"curies":[{"name":"wp","href":"https:\/\/api.w.org\/{rel}","templated":true}]}}