{"id":379,"date":"2024-10-01T19:23:44","date_gmt":"2024-10-01T23:23:44","guid":{"rendered":"https:\/\/businessagility.education\/blog\/?page_id=379"},"modified":"2024-10-01T19:23:45","modified_gmt":"2024-10-01T23:23:45","slug":"aci-vs-hac","status":"publish","type":"page","link":"https:\/\/businessagility.education\/blog\/it\/aci-vs-hac\/","title":{"rendered":"Intelligenza Collettiva Aumentata (ACI) e Complementariet\u00e0 Uomo-AI (HAC)"},"content":{"rendered":"<p><\/p>\n\n\n\n<p><strong>ACI e HAC: due facce della stessa medaglia<\/strong><\/p>\n\n\n\n<p>Al giorno d'oggi, il rapporto tra gli esseri umani e l'intelligenza artificiale (IA) si sta evolvendo rapidamente e due termini chiave vengono spesso utilizzati per descrivere questa sinergia: <strong>Intelligenza collettiva aumentata (ACI)<\/strong> e <strong>Complementarit\u00e0 uomo-ai (HAC)<\/strong>. Sebbene questi termini possano inizialmente sembrare distinti, entrambi puntano a un obiettivo comune: sfruttare la potenza della collaborazione tra uomo e IA per ottenere risultati che nessuno dei due potrebbe ottenere da solo. Esploriamo questi concetti in modo pi\u00f9 dettagliato e vediamo perch\u00e9 sono, essenzialmente, due facce della stessa medaglia.<\/p>\n\n\n\n<p><\/p>\n\n\n\n<figure class=\"wp-block-embed is-type-video is-provider-youtube wp-block-embed-youtube wp-embed-aspect-16-9 wp-has-aspect-ratio\"><div class=\"wp-block-embed__wrapper\">\n<iframe loading=\"lazy\" title=\"Intelligenza Collettiva Aumentata (ACI) e Complementariet\u00e0 Uomo-AI (HAC) #aieducation\" width=\"580\" height=\"326\" src=\"https:\/\/www.youtube.com\/embed\/F9Vi0YjGcfA?feature=oembed\" frameborder=\"0\" allow=\"accelerometer; autoplay; clipboard-write; encrypted-media; gyroscope; picture-in-picture; web-share\" referrerpolicy=\"strict-origin-when-cross-origin\" allowfullscreen><\/iframe>\n<\/div><\/figure>\n\n\n\n<p><\/p>\n\n\n\n<h3 class=\"wp-block-heading\">Che cos'\u00e8 l'intelligenza collettiva aumentata (ACI)?<\/h3>\n\n\n\n<p>L'Intelligenza Collettiva Aumentata (ACI) si riferisce alla potente intelligenza collettiva che emerge quando esseri umani e IA collaborano. Si basa sull'idea che gli esseri umani e l'IA, quando lavorano insieme, possono creare una sinergia in cui le loro capacit\u00e0 combinate superano i loro punti di forza individuali. L'ACI \u00e8 spesso discussa nei circoli accademici e di ricerca, dove l'attenzione si concentra sulla comprensione del modo in cui le collaborazioni uomo-IA possono portare a decisioni pi\u00f9 perspicaci, a una migliore risoluzione dei problemi e a una maggiore creativit\u00e0.<\/p>\n\n\n\n<p>L'idea centrale di ACI \u00e8 che <strong>L'intelligenza artificiale pu\u00f2 aumentare le capacit\u00e0 umane<\/strong>aiutando individui e team a elaborare dati complessi, identificare modelli e prendere decisioni informate in modo pi\u00f9 rapido e accurato. A loro volta, gli esseri umani contribuiscono alla creativit\u00e0, all'empatia e alla comprensione del contesto, aree in cui l'IA \u00e8 meno capace. Questa intelligenza collettiva, che si basa sui punti di forza sia dell'uomo che della macchina, ha il potenziale per rivoluzionare settori come l'assistenza sanitaria, l'istruzione, l'economia e la governance.<\/p>\n\n\n\n<p>Ad esempio, nel settore sanitario, l'ACI pu\u00f2 migliorare l'accuratezza diagnostica. L'intelligenza artificiale \u00e8 in grado di elaborare rapidamente grandi quantit\u00e0 di dati sui pazienti e di evidenziare potenziali problemi di salute che potrebbero sfuggire a un medico umano. Tuttavia, l'esperienza e l'empatia del medico sono essenziali per contestualizzare questi risultati e prendere le decisioni finali pi\u00f9 utili per il paziente.<\/p>\n\n\n\n<h3 class=\"wp-block-heading\">Che cos'\u00e8 la complementarit\u00e0 uomo-ai (HAC)?<\/h3>\n\n\n\n<p>Mentre l'ACI enfatizza l'idea di \"intelligenza collettiva\". <strong>Complementarit\u00e0 uomo-ai (HAC)<\/strong> si concentra maggiormente sui ruoli distinti e complementari che l'uomo e l'IA svolgono nella collaborazione. L'HAC sottolinea che l'uomo e l'IA apportano competenze diverse ma complementari. Mentre gli esseri umani eccellono in creativit\u00e0, intelligenza emotiva e pensiero strategico, l'IA eccelle nell'elaborazione dei dati, nel riconoscimento dei modelli e nell'esecuzione di compiti ripetitivi.<\/p>\n\n\n\n<p>L'HAC viene spesso discusso in contesti aziendali e industriali, dove l'attenzione si concentra sulle applicazioni pratiche. In questi contesti, <strong>L'IA non \u00e8 vista come un sostituto dei lavoratori umani, ma come uno strumento per integrare e migliorare le prestazioni umane.<\/strong>. In settori come la finanza, il servizio clienti e il marketing, l'HAC pu\u00f2 favorire la produttivit\u00e0, migliorare il processo decisionale e migliorare l'esperienza dei clienti.<\/p>\n\n\n\n<p>Ad esempio, nel servizio clienti, i chatbot alimentati dall'intelligenza artificiale possono gestire le richieste di routine, come controllare lo stato degli ordini o rispondere alle domande pi\u00f9 comuni, lasciando che gli agenti umani si concentrino su interazioni con i clienti pi\u00f9 complesse o con sfumature emotive. Questo approccio complementare massimizza l'efficienza senza sacrificare il tocco personale che solo gli esseri umani possono offrire.<\/p>\n\n\n\n<h3 class=\"wp-block-heading\">ACI e HAC: un concetto unificato<\/h3>\n\n\n\n<p>A prima vista, ACI e HAC potrebbero sembrare idee diverse: una si concentra sull'intelligenza collettiva, l'altra sulle competenze complementari. Tuttavia, in ultima analisi, descrivono lo stesso fenomeno: la partnership produttiva tra esseri umani e IA.<\/p>\n\n\n\n<ul class=\"wp-block-list\">\n<li><strong>ACI<\/strong> tende a essere utilizzato in contesti teorici o di ricerca, enfatizzando l'intelligenza collettiva che nasce dalla collaborazione tra uomo e IA.<\/li>\n\n\n\n<li><strong>HAC<\/strong> \u00e8 pi\u00f9 comunemente utilizzato in contesti aziendali e pratici, enfatizzando i punti di forza distinti ma complementari degli esseri umani e dell'IA.<\/li>\n<\/ul>\n\n\n\n<p>Sia l'ACI che l'HAC si basano sulla convinzione che gli esseri umani e l'IA non siano in competizione, ma possano collaborare per creare risultati di maggiore impatto. Che si tratti di intelligenza collettiva o di complementariet\u00e0, il rapporto uomo-IA \u00e8 definito dall'idea che <strong>il tutto \u00e8 maggiore della somma delle sue parti<\/strong>.<\/p>\n\n\n\n<h3 class=\"wp-block-heading\">Perch\u00e9 \u00e8 importante?<\/h3>\n\n\n\n<p>Comprendere la sinergia tra esseri umani e IA \u00e8 fondamentale nell'attuale panorama tecnologico in rapida evoluzione. Le aziende e le organizzazioni che sfruttano efficacemente la collaborazione tra uomo e IA possono ottenere un vantaggio competitivo, mentre quelle che non lo fanno rischiano di rimanere indietro. Che si parli di ACI o di HAC, la chiave di lettura \u00e8 la stessa: <strong>La collaborazione tra uomo e IA ha il potere di migliorare la produttivit\u00e0, l'innovazione e il processo decisionale.<\/strong> in vari settori.<\/p>\n\n\n\n<p>Ad esempio:<\/p>\n\n\n\n<ul class=\"wp-block-list\">\n<li><strong>Nella produzione<\/strong>Le macchine guidate dall'intelligenza artificiale possono gestire compiti ripetitivi e precisi, mentre gli esseri umani si concentrano sulla progettazione e sull'innovazione.<\/li>\n\n\n\n<li><strong>Nel marketing<\/strong>L'intelligenza artificiale pu\u00f2 analizzare i dati dei consumatori per prevedere le tendenze, mentre gli esseri umani realizzano campagne creative che risuonano emotivamente con il pubblico di riferimento.<\/li>\n\n\n\n<li><strong>Nell'istruzione<\/strong>L'intelligenza artificiale pu\u00f2 personalizzare le esperienze di apprendimento analizzando i dati degli studenti, mentre gli insegnanti forniscono l'interazione personale e la guida essenziale per favorire un ambiente di apprendimento positivo.<\/li>\n<\/ul>\n\n\n\n<p>Abbracciando ACI e HAC, le organizzazioni possono creare ambienti di lavoro dove <strong>L'intelligenza artificiale migliora le capacit\u00e0 umane<\/strong>permettendo ai lavoratori di concentrarsi su compiti di livello superiore che richiedono pensiero critico, creativit\u00e0 ed empatia.<\/p>\n\n\n\n<h3 class=\"wp-block-heading\">Scegliere il termine giusto per il pubblico giusto<\/h3>\n\n\n\n<p>Una delle differenze principali tra ACI e HAC risiede nel loro utilizzo. L'ACI \u00e8 spesso pi\u00f9 appropriato per discussioni accademiche, studi di ricerca ed esplorazioni teoriche su come le capacit\u00e0 umane e dell'IA si intersecano. L'HAC, invece, \u00e8 pi\u00f9 adatto a conversazioni incentrate sull'industria, in cui l'enfasi \u00e8 posta sulle applicazioni pratiche dell'IA sul posto di lavoro e sui benefici della collaborazione tra uomo e IA in ambiti specifici.<\/p>\n\n\n\n<p>Alla fine, la scelta tra ACI e HAC dipende dal contesto e dal pubblico. Indipendentemente dal termine utilizzato, il messaggio \u00e8 chiaro: <strong>gli esseri umani e l'IA, quando lavorano insieme, possono raggiungere risultati straordinari<\/strong>.<\/p>\n\n\n\n<h3 class=\"wp-block-heading\">Conclusione<\/h3>\n\n\n\n<p>L'Augmented Collective Intelligence (ACI) e la Human-AI Complementarity (HAC) possono sembrare due concetti distinti, ma fondamentalmente descrivono la stessa relazione tra esseri umani e IA. Entrambi sottolineano che la collaborazione tra esseri umani e IA porta a risultati pi\u00f9 innovativi, efficienti e d'impatto. Sia nella ricerca che nell'industria o nelle operazioni quotidiane, <strong>la combinazione dell'ingegno umano e della potenza analitica dell'IA offre un potenziale illimitato<\/strong> per le organizzazioni disposte ad abbracciare questa partnership in evoluzione.<\/p>","protected":false},"excerpt":{"rendered":"<p>ACI e HAC: due facce della stessa medaglia Nel mondo di oggi, il rapporto tra gli esseri umani e l'intelligenza artificiale (IA) si sta evolvendo rapidamente e due termini chiave sono spesso utilizzati per descrivere questa sinergia: Augmented Collective Intelligence (ACI) e Human-AI Complementarity (HAC). Sebbene questi termini possano inizialmente sembrare distinti, entrambi puntano verso un comune [...]<\/p>","protected":false},"author":1,"featured_media":0,"parent":0,"menu_order":0,"comment_status":"closed","ping_status":"closed","template":"","meta":{"footnotes":""},"class_list":["post-379","page","type-page","status-publish","hentry"],"yoast_head":"<!-- This site is optimized with the Yoast SEO plugin v24.9 - https:\/\/yoast.com\/wordpress\/plugins\/seo\/ -->\n<title>Augmented Collective Intelligence (ACI) and Human-AI Complementarity (HAC) - Business Agility+AI<\/title>\n<meta name=\"description\" content=\"Augmented Collective Intelligence (ACI) and Human-AI Complementarity (HAC) drive innovation by merging human creativity with AI&#039;s data-driven insights\" \/>\n<meta name=\"robots\" content=\"index, follow, max-snippet:-1, max-image-preview:large, max-video-preview:-1\" \/>\n<link rel=\"canonical\" href=\"https:\/\/businessagility.education\/blog\/it\/aci-vs-hac\/\" \/>\n<meta property=\"og:locale\" content=\"it_IT\" \/>\n<meta property=\"og:type\" content=\"article\" \/>\n<meta property=\"og:title\" content=\"Augmented Collective Intelligence (ACI) and Human-AI Complementarity (HAC) - Business Agility+AI\" \/>\n<meta property=\"og:description\" content=\"Augmented Collective Intelligence (ACI) and Human-AI Complementarity (HAC) drive innovation by merging human creativity with AI&#039;s data-driven insights\" \/>\n<meta property=\"og:url\" content=\"https:\/\/businessagility.education\/blog\/it\/aci-vs-hac\/\" \/>\n<meta property=\"og:site_name\" content=\"Business Agility+AI\" \/>\n<meta property=\"article:modified_time\" content=\"2024-10-01T23:23:45+00:00\" \/>\n<meta name=\"twitter:card\" content=\"summary_large_image\" \/>\n<meta name=\"twitter:label1\" content=\"Tempo di lettura stimato\" \/>\n\t<meta name=\"twitter:data1\" content=\"5 minuti\" \/>\n<script type=\"application\/ld+json\" class=\"yoast-schema-graph\">{\"@context\":\"https:\/\/schema.org\",\"@graph\":[{\"@type\":\"WebPage\",\"@id\":\"https:\/\/businessagility.education\/blog\/aci-vs-hac\/\",\"url\":\"https:\/\/businessagility.education\/blog\/aci-vs-hac\/\",\"name\":\"Augmented Collective Intelligence (ACI) and Human-AI Complementarity (HAC) - Business Agility+AI\",\"isPartOf\":{\"@id\":\"https:\/\/businessagility.education\/blog\/#website\"},\"datePublished\":\"2024-10-01T23:23:44+00:00\",\"dateModified\":\"2024-10-01T23:23:45+00:00\",\"description\":\"Augmented Collective Intelligence (ACI) and Human-AI Complementarity (HAC) drive innovation by merging human creativity with AI's data-driven insights\",\"breadcrumb\":{\"@id\":\"https:\/\/businessagility.education\/blog\/aci-vs-hac\/#breadcrumb\"},\"inLanguage\":\"it-IT\",\"potentialAction\":[{\"@type\":\"ReadAction\",\"target\":[\"https:\/\/businessagility.education\/blog\/aci-vs-hac\/\"]}]},{\"@type\":\"BreadcrumbList\",\"@id\":\"https:\/\/businessagility.education\/blog\/aci-vs-hac\/#breadcrumb\",\"itemListElement\":[{\"@type\":\"ListItem\",\"position\":1,\"name\":\"Home\",\"item\":\"https:\/\/businessagility.education\/blog\/\"},{\"@type\":\"ListItem\",\"position\":2,\"name\":\"Augmented Collective Intelligence (ACI) and Human-AI Complementarity (HAC)\"}]},{\"@type\":\"WebSite\",\"@id\":\"https:\/\/businessagility.education\/blog\/#website\",\"url\":\"https:\/\/businessagility.education\/blog\/\",\"name\":\"Business Agility+AI\",\"description\":\"The Business Agility + Artificial Intelligence Blog\",\"publisher\":{\"@id\":\"https:\/\/businessagility.education\/blog\/#organization\"},\"potentialAction\":[{\"@type\":\"SearchAction\",\"target\":{\"@type\":\"EntryPoint\",\"urlTemplate\":\"https:\/\/businessagility.education\/blog\/?s={search_term_string}\"},\"query-input\":{\"@type\":\"PropertyValueSpecification\",\"valueRequired\":true,\"valueName\":\"search_term_string\"}}],\"inLanguage\":\"it-IT\"},{\"@type\":\"Organization\",\"@id\":\"https:\/\/businessagility.education\/blog\/#organization\",\"name\":\"Business Agility+AI\",\"url\":\"https:\/\/businessagility.education\/blog\/\",\"logo\":{\"@type\":\"ImageObject\",\"inLanguage\":\"it-IT\",\"@id\":\"https:\/\/businessagility.education\/blog\/#\/schema\/logo\/image\/\",\"url\":\"https:\/\/businessagility.education\/blog\/wp-content\/uploads\/2022\/06\/business-agility-blog-logo.png\",\"contentUrl\":\"https:\/\/businessagility.education\/blog\/wp-content\/uploads\/2022\/06\/business-agility-blog-logo.png\",\"width\":200,\"height\":100,\"caption\":\"Business Agility+AI\"},\"image\":{\"@id\":\"https:\/\/businessagility.education\/blog\/#\/schema\/logo\/image\/\"}}]}<\/script>\n<!-- \/ Yoast SEO plugin. -->","yoast_head_json":{"title":"Augmented Collective Intelligence (ACI) and Human-AI Complementarity (HAC) - Business Agility+AI","description":"Augmented Collective Intelligence (ACI) and Human-AI Complementarity (HAC) drive innovation by merging human creativity with AI's data-driven insights","robots":{"index":"index","follow":"follow","max-snippet":"max-snippet:-1","max-image-preview":"max-image-preview:large","max-video-preview":"max-video-preview:-1"},"canonical":"https:\/\/businessagility.education\/blog\/it\/aci-vs-hac\/","og_locale":"it_IT","og_type":"article","og_title":"Augmented Collective Intelligence (ACI) and Human-AI Complementarity (HAC) - Business Agility+AI","og_description":"Augmented Collective Intelligence (ACI) and Human-AI Complementarity (HAC) drive innovation by merging human creativity with AI's data-driven insights","og_url":"https:\/\/businessagility.education\/blog\/it\/aci-vs-hac\/","og_site_name":"Business Agility+AI","article_modified_time":"2024-10-01T23:23:45+00:00","twitter_card":"summary_large_image","twitter_misc":{"Tempo di lettura stimato":"5 minuti"},"schema":{"@context":"https:\/\/schema.org","@graph":[{"@type":"WebPage","@id":"https:\/\/businessagility.education\/blog\/aci-vs-hac\/","url":"https:\/\/businessagility.education\/blog\/aci-vs-hac\/","name":"Augmented Collective Intelligence (ACI) and Human-AI Complementarity (HAC) - Business Agility+AI","isPartOf":{"@id":"https:\/\/businessagility.education\/blog\/#website"},"datePublished":"2024-10-01T23:23:44+00:00","dateModified":"2024-10-01T23:23:45+00:00","description":"Augmented Collective Intelligence (ACI) and Human-AI Complementarity (HAC) drive innovation by merging human creativity with AI's data-driven insights","breadcrumb":{"@id":"https:\/\/businessagility.education\/blog\/aci-vs-hac\/#breadcrumb"},"inLanguage":"it-IT","potentialAction":[{"@type":"ReadAction","target":["https:\/\/businessagility.education\/blog\/aci-vs-hac\/"]}]},{"@type":"BreadcrumbList","@id":"https:\/\/businessagility.education\/blog\/aci-vs-hac\/#breadcrumb","itemListElement":[{"@type":"ListItem","position":1,"name":"Home","item":"https:\/\/businessagility.education\/blog\/"},{"@type":"ListItem","position":2,"name":"Augmented Collective Intelligence (ACI) and Human-AI Complementarity (HAC)"}]},{"@type":"WebSite","@id":"https:\/\/businessagility.education\/blog\/#website","url":"https:\/\/businessagility.education\/blog\/","name":"Business Agility+AI","description":"The Business Agility + Artificial Intelligence Blog","publisher":{"@id":"https:\/\/businessagility.education\/blog\/#organization"},"potentialAction":[{"@type":"SearchAction","target":{"@type":"EntryPoint","urlTemplate":"https:\/\/businessagility.education\/blog\/?s={search_term_string}"},"query-input":{"@type":"PropertyValueSpecification","valueRequired":true,"valueName":"search_term_string"}}],"inLanguage":"it-IT"},{"@type":"Organization","@id":"https:\/\/businessagility.education\/blog\/#organization","name":"Business Agility+AI","url":"https:\/\/businessagility.education\/blog\/","logo":{"@type":"ImageObject","inLanguage":"it-IT","@id":"https:\/\/businessagility.education\/blog\/#\/schema\/logo\/image\/","url":"https:\/\/businessagility.education\/blog\/wp-content\/uploads\/2022\/06\/business-agility-blog-logo.png","contentUrl":"https:\/\/businessagility.education\/blog\/wp-content\/uploads\/2022\/06\/business-agility-blog-logo.png","width":200,"height":100,"caption":"Business Agility+AI"},"image":{"@id":"https:\/\/businessagility.education\/blog\/#\/schema\/logo\/image\/"}}]}},"_links":{"self":[{"href":"https:\/\/businessagility.education\/blog\/it\/wp-json\/wp\/v2\/pages\/379","targetHints":{"allow":["GET"]}}],"collection":[{"href":"https:\/\/businessagility.education\/blog\/it\/wp-json\/wp\/v2\/pages"}],"about":[{"href":"https:\/\/businessagility.education\/blog\/it\/wp-json\/wp\/v2\/types\/page"}],"author":[{"embeddable":true,"href":"https:\/\/businessagility.education\/blog\/it\/wp-json\/wp\/v2\/users\/1"}],"replies":[{"embeddable":true,"href":"https:\/\/businessagility.education\/blog\/it\/wp-json\/wp\/v2\/comments?post=379"}],"version-history":[{"count":1,"href":"https:\/\/businessagility.education\/blog\/it\/wp-json\/wp\/v2\/pages\/379\/revisions"}],"predecessor-version":[{"id":380,"href":"https:\/\/businessagility.education\/blog\/it\/wp-json\/wp\/v2\/pages\/379\/revisions\/380"}],"wp:attachment":[{"href":"https:\/\/businessagility.education\/blog\/it\/wp-json\/wp\/v2\/media?parent=379"}],"curies":[{"name":"wp","href":"https:\/\/api.w.org\/{rel}","templated":true}]}}