{"id":367,"date":"2024-09-26T10:51:44","date_gmt":"2024-09-26T14:51:44","guid":{"rendered":"https:\/\/businessagility.education\/blog\/?page_id=367"},"modified":"2024-09-26T10:51:45","modified_gmt":"2024-09-26T14:51:45","slug":"human-ai-work-vs-power-tools","status":"publish","type":"page","link":"https:\/\/businessagility.education\/blog\/it\/human-ai-work-vs-power-tools\/","title":{"rendered":"Lavoro umano-AI vs. utensili elettrici"},"content":{"rendered":"<p><\/p>\n\n\n\n<p>ABSTRACT: A differenza degli strumenti di potenza, l'IA apprende, si adatta e offre intuizioni predittive, operando autonomamente per migliorare il processo decisionale e l'efficienza. Lungi dall'essere un semplice ausilio, l'IA \u00e8 un partner strategico, in continua evoluzione per ottimizzare i processi aziendali e ottenere risultati pi\u00f9 intelligenti e informati sui dati.<\/p>\n\n\n\n<p><strong>Perch\u00e9 l'intelligenza artificiale non \u00e8 uno strumento elettrico come un trapano o una motosega<\/strong><\/p>\n\n\n\n<p>Paragonare l'intelligenza artificiale a strumenti elettrici come un trapano o una motosega sembra inizialmente conveniente. Dopo tutto, sono entrambi strumenti progettati per migliorare le capacit\u00e0 umane. Tuttavia, questa analogia, per quanto accattivante, sottovaluta in modo eccessivo la profondit\u00e0, la versatilit\u00e0 e il potenziale di trasformazione dell'IA. Vediamo perch\u00e9 l'IA \u00e8 molto pi\u00f9 di un semplice trapano e perch\u00e9 considerarla un semplice strumento di potenza \u00e8 una semplificazione eccessiva che non tiene conto del suo reale impatto sulle aziende moderne.<\/p>\n\n\n\n<p><\/p>\n\n\n\n<figure class=\"wp-block-embed is-type-video is-provider-youtube wp-block-embed-youtube wp-embed-aspect-16-9 wp-has-aspect-ratio\"><div class=\"wp-block-embed__wrapper\">\n<iframe loading=\"lazy\" title=\"Complementariet\u00e0 uomo-IA: Intelligenza Artificiale contro strumenti di potenza Formazione sull&#039;intelligenza artificiale\" width=\"580\" height=\"326\" src=\"https:\/\/www.youtube.com\/embed\/mRE7yclkefc?feature=oembed\" frameborder=\"0\" allow=\"accelerometer; autoplay; clipboard-write; encrypted-media; gyroscope; picture-in-picture; web-share\" referrerpolicy=\"strict-origin-when-cross-origin\" allowfullscreen><\/iframe>\n<\/div><\/figure>\n\n\n\n<p><\/p>\n\n\n\n<h3 class=\"wp-block-heading\"><strong>L'intelligenza artificiale non \u00e8 specifica per un compito come gli utensili elettrici<\/strong><\/h3>\n\n\n\n<p>Un trapano trapana. Una motosega taglia. Gli utensili elettrici sono altamente specializzati; svolgono un compito specifico, anche se molto bene. L'intelligenza artificiale, invece, non si limita a una sola funzione. \u00c8 come un'intera cassetta degli attrezzi racchiusa in un sistema dinamico che si adatta, impara e si applica costantemente a un'ampia gamma di problemi. Avete bisogno di prevedere il comportamento dei clienti? L'intelligenza artificiale \u00e8 in grado di farlo. Volete ottimizzare la vostra catena di approvvigionamento? L'IA se ne occupa. Volete automatizzare le attivit\u00e0 amministrative di routine? Fatto. L'IA \u00e8 meno uno strumento e pi\u00f9 un partner in grado di affrontare pi\u00f9 settori contemporaneamente. Mentre una motosega non si trasformer\u00e0 improvvisamente in uno spruzzatore di vernice, l'IA \u00e8 in grado di adattarsi a diversi ruoli.<\/p>\n\n\n\n<p><\/p>\n\n\n\n<h3 class=\"wp-block-heading\"><strong>L'intelligenza artificiale non si limita a fare, ma apprende e migliora<\/strong><\/h3>\n\n\n\n<p>Una volta acquistato un elettroutensile, le sue capacit\u00e0 rimangono statiche fino a quando inevitabilmente si usura o viene sostituito. L'intelligenza artificiale, invece, migliora nel tempo. Gli algoritmi di apprendimento automatico consentono all'intelligenza artificiale di migliorare in base al feedback, ottimizzando continuamente le sue prestazioni. Ci\u00f2 significa che l'intelligenza artificiale non si limita a completare i compiti, ma impara dai risultati, perfeziona il suo approccio e si adatta alle nuove sfide. Immaginate se il vostro trapano fosse in grado di capire meglio il tipo di superficie su cui sta lavorando, regolando la velocit\u00e0 e la coppia alla perfezione senza che dobbiate guidarlo. Questo \u00e8 ci\u00f2 che l'intelligenza artificiale fa con i vostri dati, evolvendo ben oltre uno strumento monouso.<\/p>\n\n\n\n<p><\/p>\n\n\n\n<h3 class=\"wp-block-heading\"><strong>L'intelligenza artificiale fornisce intuizioni, non solo esecuzione<\/strong><\/h3>\n\n\n\n<p>Gli strumenti di potenza, per quanto avanzati, sono validi solo quanto le mani che li impugnano. L'intelligenza artificiale, invece, non si limita a eseguire, ma analizza, elabora e offre approfondimenti basati sui dati che vanno oltre le capacit\u00e0 umane. Un trapano non potr\u00e0 mai suggerire i materiali migliori per il vostro progetto o analizzare il motivo per cui il vostro ultimo tentativo \u00e8 fallito. L'intelligenza artificiale, invece, \u00e8 in grado di prevedere le tendenze, consigliare strategie e fornire raccomandazioni basate su grandi quantit\u00e0 di dati. Non \u00e8 solo uno strumento di azione, ma un partner strategico che guida il processo decisionale.<\/p>\n\n\n\n<p><\/p>\n\n\n\n<h3 class=\"wp-block-heading\"><strong>L'intelligenza artificiale opera in modo autonomo<\/strong><\/h3>\n\n\n\n<p>Gli utensili elettrici richiedono una costante supervisione umana. Non si pu\u00f2 impostare un trapano e poi andarsene aspettandosi che finisca il lavoro in modo autonomo. Con l'intelligenza artificiale, gran parte del lavoro pu\u00f2 essere automatizzato e autogestito. I sistemi di intelligenza artificiale sono in grado di monitorare se stessi, segnalare problemi e persino modificare il loro approccio senza una costante supervisione. Immaginate uno strumento potente che possa portare a termine il lavoro mentre voi vi concentrate su attivit\u00e0 pi\u00f9 strategiche: questa \u00e8 l'autonomia che l'IA offre nel mondo degli affari. Vi permette di allontanarvi, sicuri che l'intelligenza artificiale stia lavorando 24 ore su 24, ottimizzando i processi e fornendo informazioni.<\/p>\n\n\n\n<p><\/p>\n\n\n\n<h3 class=\"wp-block-heading\"><strong>La potenza dell'IA \u00e8 nella sua precisione basata sui dati<\/strong><\/h3>\n\n\n\n<p>Sebbene gli utensili elettrici consentano di lavorare in modo pi\u00f9 rapido ed efficiente, si tratta pur sempre di strumenti che si affidano al vostro giudizio per la precisione. L'intelligenza artificiale, invece, eccelle nel prendere decisioni precise e basate su dati. Immaginate di dover abbattere un albero e di affidarvi alla potenza grezza di una motosega senza sapere quale sia l'angolazione pi\u00f9 sicura o pi\u00f9 efficace per affrontarlo. L'intelligenza artificiale elimina queste congetture. Elabora grandi quantit\u00e0 di dati, assicurando che le decisioni aziendali siano basate su prove empiriche piuttosto che su intuizioni umane. Nel mondo degli affari, la precisione \u00e8 spesso pi\u00f9 preziosa della forza bruta e l'IA offre questa precisione in abbondanza.<\/p>\n\n\n\n<p><\/p>\n\n\n\n<h3 class=\"wp-block-heading\"><strong>L'intelligenza artificiale \u00e8 in continua evoluzione, ma gli strumenti di potenza no.<\/strong><\/h3>\n\n\n\n<p>Ammettiamolo: la tecnologia alla base di trapani e motoseghe non cambia molto. Certo, si pu\u00f2 avere una batteria migliore o un design pi\u00f9 ergonomico, ma alla base si tratta di strumenti statici. L'intelligenza artificiale, invece, \u00e8 una tecnologia in continua evoluzione. Con il miglioramento delle tecniche di apprendimento automatico e lo sviluppo di nuovi algoritmi, l'IA diventa pi\u00f9 capace, pi\u00f9 adattabile e pi\u00f9 rilevante per le sfide aziendali emergenti. Questa capacit\u00e0 di evoluzione fa s\u00ec che l'IA rimanga uno strumento all'avanguardia, non limitato dagli stessi vincoli degli strumenti tradizionali.<\/p>\n\n\n\n<p><\/p>\n\n\n\n<h3 class=\"wp-block-heading\"><strong>L'intelligenza artificiale pensa, gli strumenti di potenza no<\/strong><\/h3>\n\n\n\n<p>Forse la differenza pi\u00f9 significativa tra l'intelligenza artificiale e gli utensili elettrici sta nella capacit\u00e0 dell'intelligenza artificiale di \"pensare\". Mentre una motosega o un trapano sono un'estensione dello sforzo umano, l'intelligenza artificiale introduce un livello di cognizione che le consente di prendere decisioni, stabilire priorit\u00e0 e persino prevedere i risultati futuri. L'IA \u00e8 in grado di identificare schemi nei dati che l'uomo non pu\u00f2 vedere, offrendo soluzioni e strategie che vanno oltre l'intuizione umana. Non si tratta solo di amplificare le capacit\u00e0 umane, ma di aumentarle con un livello di intelligenza che cambia radicalmente il modo di affrontare i problemi.<\/p>\n\n\n\n<p><\/p>\n\n\n\n<h3 class=\"wp-block-heading\"><strong>L'IA \u00e8 collaborativa, non solo operativa<\/strong><\/h3>\n\n\n\n<p>Mentre gli strumenti elettrici rendono l'uomo pi\u00f9 efficiente nell'esecuzione dei compiti, l'IA consente una collaborazione tra la creativit\u00e0 umana e l'intelligenza delle macchine. Non si tratta solo di velocizzare il lavoro: l'IA pu\u00f2 introdurre nuovi modi di pensare ai problemi, suggerendo soluzioni innovative che l'uomo potrebbe non aver considerato. Questa sinergia collaborativa trasforma le aziende, consentendo loro di esplorare possibilit\u00e0 creative mentre l'IA si occupa del lavoro di base basato sui dati.<\/p>\n\n\n\n<p><\/p>\n\n\n\n<h3 class=\"wp-block-heading\">Conclusione: L'intelligenza artificiale \u00e8 un partner, non solo uno strumento<\/h3>\n\n\n\n<p>Ridurre l'IA alla stessa categoria degli utensili elettrici significa perdere il suo potenziale. Sebbene strumenti come trapani e motoseghe siano innegabilmente utili, non hanno l'adattabilit\u00e0, la capacit\u00e0 di apprendimento e l'intuizione strategica che l'IA porta in tavola. L'IA non si limita a fare le cose pi\u00f9 velocemente o in modo pi\u00f9 efficiente, ma apre possibilit\u00e0 completamente nuove, consentendo alle aziende di prendere decisioni pi\u00f9 intelligenti e basate sui dati e di evolversi continuamente in un panorama in continua evoluzione.<\/p>\n\n\n\n<p>Alla fine, l'intelligenza artificiale non \u00e8 un trapano o una motosega, ma un partner intelligente. E come ogni buon partner, integra i vostri punti di forza, impara dai vostri feedback e vi aiuta a ottenere pi\u00f9 di quanto potreste mai fare da soli. Quindi, la prossima volta che qualcuno paragona l'IA a un utensile elettrico, ricordategli gentilmente che l'IA \u00e8 una categoria a s\u00e9 stante, che pensa, impara e si trasforma.<\/p>\n\n\n\n<p><\/p>\n\n\n\n<p><\/p>\n\n\n\n<p>Foto adattata da Foto di\u00a0<a href=\"https:\/\/unsplash.com\/@ahsanization?utm_content=creditCopyText&amp;utm_medium=referral&amp;utm_source=unsplash\">Ahsanizzazione \u30c3<\/a><\/p>\n\n\n\n<p><\/p>","protected":false},"excerpt":{"rendered":"<p>ABSTRACT: A differenza degli strumenti di potenza, l'IA apprende, si adatta e offre intuizioni predittive, operando autonomamente per migliorare il processo decisionale e l'efficienza. Lungi dall'essere un semplice ausilio, l'IA \u00e8 un partner strategico, in continua evoluzione per ottimizzare i processi aziendali e ottenere risultati pi\u00f9 intelligenti e informati sui dati. Perch\u00e9 l'IA non \u00e8 uno strumento di potenza come un trapano o una motosega Paragonare l'IA alla potenza [...]<\/p>","protected":false},"author":1,"featured_media":368,"parent":0,"menu_order":0,"comment_status":"closed","ping_status":"closed","template":"","meta":{"footnotes":""},"class_list":["post-367","page","type-page","status-publish","has-post-thumbnail","hentry"],"yoast_head":"<!-- This site is optimized with the Yoast SEO plugin v24.9 - https:\/\/yoast.com\/wordpress\/plugins\/seo\/ -->\n<title>Human-AI Work vs. Power Tools - Business Agility+AI<\/title>\n<meta name=\"description\" content=\"AI isn&#039;t just a tool like a drill; it&#039;s a strategic partner that learns, adapts, and enhances business decision-making, predictive insights and efficiency\" \/>\n<meta name=\"robots\" content=\"index, follow, max-snippet:-1, max-image-preview:large, max-video-preview:-1\" \/>\n<link rel=\"canonical\" href=\"https:\/\/businessagility.education\/blog\/it\/human-ai-work-vs-power-tools\/\" \/>\n<meta property=\"og:locale\" content=\"it_IT\" \/>\n<meta property=\"og:type\" content=\"article\" \/>\n<meta property=\"og:title\" content=\"Human-AI Work vs. Power Tools - Business Agility+AI\" \/>\n<meta property=\"og:description\" content=\"AI isn&#039;t just a tool like a drill; it&#039;s a strategic partner that learns, adapts, and enhances business decision-making, predictive insights and efficiency\" \/>\n<meta property=\"og:url\" content=\"https:\/\/businessagility.education\/blog\/it\/human-ai-work-vs-power-tools\/\" \/>\n<meta property=\"og:site_name\" content=\"Business Agility+AI\" \/>\n<meta property=\"article:modified_time\" content=\"2024-09-26T14:51:45+00:00\" \/>\n<meta property=\"og:image\" content=\"https:\/\/businessagility.education\/blog\/wp-content\/uploads\/2024\/09\/ai-vs-power-tools.jpg\" \/>\n\t<meta property=\"og:image:width\" content=\"926\" \/>\n\t<meta property=\"og:image:height\" content=\"757\" \/>\n\t<meta property=\"og:image:type\" content=\"image\/jpeg\" \/>\n<meta name=\"twitter:card\" content=\"summary_large_image\" \/>\n<meta name=\"twitter:label1\" content=\"Tempo di lettura stimato\" \/>\n\t<meta name=\"twitter:data1\" content=\"5 minuti\" \/>\n<script type=\"application\/ld+json\" class=\"yoast-schema-graph\">{\"@context\":\"https:\/\/schema.org\",\"@graph\":[{\"@type\":\"WebPage\",\"@id\":\"https:\/\/businessagility.education\/blog\/human-ai-work-vs-power-tools\/\",\"url\":\"https:\/\/businessagility.education\/blog\/human-ai-work-vs-power-tools\/\",\"name\":\"Human-AI Work vs. Power Tools - Business Agility+AI\",\"isPartOf\":{\"@id\":\"https:\/\/businessagility.education\/blog\/#website\"},\"primaryImageOfPage\":{\"@id\":\"https:\/\/businessagility.education\/blog\/human-ai-work-vs-power-tools\/#primaryimage\"},\"image\":{\"@id\":\"https:\/\/businessagility.education\/blog\/human-ai-work-vs-power-tools\/#primaryimage\"},\"thumbnailUrl\":\"https:\/\/businessagility.education\/blog\/wp-content\/uploads\/2024\/09\/ai-vs-power-tools.jpg\",\"datePublished\":\"2024-09-26T14:51:44+00:00\",\"dateModified\":\"2024-09-26T14:51:45+00:00\",\"description\":\"AI isn't just a tool like a drill; it's a strategic partner that learns, adapts, and enhances business decision-making, predictive insights and efficiency\",\"breadcrumb\":{\"@id\":\"https:\/\/businessagility.education\/blog\/human-ai-work-vs-power-tools\/#breadcrumb\"},\"inLanguage\":\"it-IT\",\"potentialAction\":[{\"@type\":\"ReadAction\",\"target\":[\"https:\/\/businessagility.education\/blog\/human-ai-work-vs-power-tools\/\"]}]},{\"@type\":\"ImageObject\",\"inLanguage\":\"it-IT\",\"@id\":\"https:\/\/businessagility.education\/blog\/human-ai-work-vs-power-tools\/#primaryimage\",\"url\":\"https:\/\/businessagility.education\/blog\/wp-content\/uploads\/2024\/09\/ai-vs-power-tools.jpg\",\"contentUrl\":\"https:\/\/businessagility.education\/blog\/wp-content\/uploads\/2024\/09\/ai-vs-power-tools.jpg\",\"width\":926,\"height\":757,\"caption\":\"ai vs power tools\"},{\"@type\":\"BreadcrumbList\",\"@id\":\"https:\/\/businessagility.education\/blog\/human-ai-work-vs-power-tools\/#breadcrumb\",\"itemListElement\":[{\"@type\":\"ListItem\",\"position\":1,\"name\":\"Home\",\"item\":\"https:\/\/businessagility.education\/blog\/\"},{\"@type\":\"ListItem\",\"position\":2,\"name\":\"Human-AI Work vs. Power Tools\"}]},{\"@type\":\"WebSite\",\"@id\":\"https:\/\/businessagility.education\/blog\/#website\",\"url\":\"https:\/\/businessagility.education\/blog\/\",\"name\":\"Business Agility+AI\",\"description\":\"The Business Agility + Artificial Intelligence Blog\",\"publisher\":{\"@id\":\"https:\/\/businessagility.education\/blog\/#organization\"},\"potentialAction\":[{\"@type\":\"SearchAction\",\"target\":{\"@type\":\"EntryPoint\",\"urlTemplate\":\"https:\/\/businessagility.education\/blog\/?s={search_term_string}\"},\"query-input\":{\"@type\":\"PropertyValueSpecification\",\"valueRequired\":true,\"valueName\":\"search_term_string\"}}],\"inLanguage\":\"it-IT\"},{\"@type\":\"Organization\",\"@id\":\"https:\/\/businessagility.education\/blog\/#organization\",\"name\":\"Business Agility+AI\",\"url\":\"https:\/\/businessagility.education\/blog\/\",\"logo\":{\"@type\":\"ImageObject\",\"inLanguage\":\"it-IT\",\"@id\":\"https:\/\/businessagility.education\/blog\/#\/schema\/logo\/image\/\",\"url\":\"https:\/\/businessagility.education\/blog\/wp-content\/uploads\/2022\/06\/business-agility-blog-logo.png\",\"contentUrl\":\"https:\/\/businessagility.education\/blog\/wp-content\/uploads\/2022\/06\/business-agility-blog-logo.png\",\"width\":200,\"height\":100,\"caption\":\"Business Agility+AI\"},\"image\":{\"@id\":\"https:\/\/businessagility.education\/blog\/#\/schema\/logo\/image\/\"}}]}<\/script>\n<!-- \/ Yoast SEO plugin. -->","yoast_head_json":{"title":"Human-AI Work vs. Power Tools - Business Agility+AI","description":"AI isn't just a tool like a drill; it's a strategic partner that learns, adapts, and enhances business decision-making, predictive insights and efficiency","robots":{"index":"index","follow":"follow","max-snippet":"max-snippet:-1","max-image-preview":"max-image-preview:large","max-video-preview":"max-video-preview:-1"},"canonical":"https:\/\/businessagility.education\/blog\/it\/human-ai-work-vs-power-tools\/","og_locale":"it_IT","og_type":"article","og_title":"Human-AI Work vs. Power Tools - Business Agility+AI","og_description":"AI isn't just a tool like a drill; it's a strategic partner that learns, adapts, and enhances business decision-making, predictive insights and efficiency","og_url":"https:\/\/businessagility.education\/blog\/it\/human-ai-work-vs-power-tools\/","og_site_name":"Business Agility+AI","article_modified_time":"2024-09-26T14:51:45+00:00","og_image":[{"width":926,"height":757,"url":"https:\/\/businessagility.education\/blog\/wp-content\/uploads\/2024\/09\/ai-vs-power-tools.jpg","type":"image\/jpeg"}],"twitter_card":"summary_large_image","twitter_misc":{"Tempo di lettura stimato":"5 minuti"},"schema":{"@context":"https:\/\/schema.org","@graph":[{"@type":"WebPage","@id":"https:\/\/businessagility.education\/blog\/human-ai-work-vs-power-tools\/","url":"https:\/\/businessagility.education\/blog\/human-ai-work-vs-power-tools\/","name":"Human-AI Work vs. Power Tools - Business Agility+AI","isPartOf":{"@id":"https:\/\/businessagility.education\/blog\/#website"},"primaryImageOfPage":{"@id":"https:\/\/businessagility.education\/blog\/human-ai-work-vs-power-tools\/#primaryimage"},"image":{"@id":"https:\/\/businessagility.education\/blog\/human-ai-work-vs-power-tools\/#primaryimage"},"thumbnailUrl":"https:\/\/businessagility.education\/blog\/wp-content\/uploads\/2024\/09\/ai-vs-power-tools.jpg","datePublished":"2024-09-26T14:51:44+00:00","dateModified":"2024-09-26T14:51:45+00:00","description":"AI isn't just a tool like a drill; it's a strategic partner that learns, adapts, and enhances business decision-making, predictive insights and efficiency","breadcrumb":{"@id":"https:\/\/businessagility.education\/blog\/human-ai-work-vs-power-tools\/#breadcrumb"},"inLanguage":"it-IT","potentialAction":[{"@type":"ReadAction","target":["https:\/\/businessagility.education\/blog\/human-ai-work-vs-power-tools\/"]}]},{"@type":"ImageObject","inLanguage":"it-IT","@id":"https:\/\/businessagility.education\/blog\/human-ai-work-vs-power-tools\/#primaryimage","url":"https:\/\/businessagility.education\/blog\/wp-content\/uploads\/2024\/09\/ai-vs-power-tools.jpg","contentUrl":"https:\/\/businessagility.education\/blog\/wp-content\/uploads\/2024\/09\/ai-vs-power-tools.jpg","width":926,"height":757,"caption":"ai vs power tools"},{"@type":"BreadcrumbList","@id":"https:\/\/businessagility.education\/blog\/human-ai-work-vs-power-tools\/#breadcrumb","itemListElement":[{"@type":"ListItem","position":1,"name":"Home","item":"https:\/\/businessagility.education\/blog\/"},{"@type":"ListItem","position":2,"name":"Human-AI Work vs. Power Tools"}]},{"@type":"WebSite","@id":"https:\/\/businessagility.education\/blog\/#website","url":"https:\/\/businessagility.education\/blog\/","name":"Business Agility+AI","description":"The Business Agility + Artificial Intelligence Blog","publisher":{"@id":"https:\/\/businessagility.education\/blog\/#organization"},"potentialAction":[{"@type":"SearchAction","target":{"@type":"EntryPoint","urlTemplate":"https:\/\/businessagility.education\/blog\/?s={search_term_string}"},"query-input":{"@type":"PropertyValueSpecification","valueRequired":true,"valueName":"search_term_string"}}],"inLanguage":"it-IT"},{"@type":"Organization","@id":"https:\/\/businessagility.education\/blog\/#organization","name":"Business Agility+AI","url":"https:\/\/businessagility.education\/blog\/","logo":{"@type":"ImageObject","inLanguage":"it-IT","@id":"https:\/\/businessagility.education\/blog\/#\/schema\/logo\/image\/","url":"https:\/\/businessagility.education\/blog\/wp-content\/uploads\/2022\/06\/business-agility-blog-logo.png","contentUrl":"https:\/\/businessagility.education\/blog\/wp-content\/uploads\/2022\/06\/business-agility-blog-logo.png","width":200,"height":100,"caption":"Business Agility+AI"},"image":{"@id":"https:\/\/businessagility.education\/blog\/#\/schema\/logo\/image\/"}}]}},"_links":{"self":[{"href":"https:\/\/businessagility.education\/blog\/it\/wp-json\/wp\/v2\/pages\/367","targetHints":{"allow":["GET"]}}],"collection":[{"href":"https:\/\/businessagility.education\/blog\/it\/wp-json\/wp\/v2\/pages"}],"about":[{"href":"https:\/\/businessagility.education\/blog\/it\/wp-json\/wp\/v2\/types\/page"}],"author":[{"embeddable":true,"href":"https:\/\/businessagility.education\/blog\/it\/wp-json\/wp\/v2\/users\/1"}],"replies":[{"embeddable":true,"href":"https:\/\/businessagility.education\/blog\/it\/wp-json\/wp\/v2\/comments?post=367"}],"version-history":[{"count":1,"href":"https:\/\/businessagility.education\/blog\/it\/wp-json\/wp\/v2\/pages\/367\/revisions"}],"predecessor-version":[{"id":369,"href":"https:\/\/businessagility.education\/blog\/it\/wp-json\/wp\/v2\/pages\/367\/revisions\/369"}],"wp:featuredmedia":[{"embeddable":true,"href":"https:\/\/businessagility.education\/blog\/it\/wp-json\/wp\/v2\/media\/368"}],"wp:attachment":[{"href":"https:\/\/businessagility.education\/blog\/it\/wp-json\/wp\/v2\/media?parent=367"}],"curies":[{"name":"wp","href":"https:\/\/api.w.org\/{rel}","templated":true}]}}