{"id":301,"date":"2024-07-06T16:10:26","date_gmt":"2024-07-06T20:10:26","guid":{"rendered":"https:\/\/businessagility.education\/blog\/?page_id=301"},"modified":"2024-07-06T16:10:27","modified_gmt":"2024-07-06T20:10:27","slug":"human-ai-work-vs-cowboy-and-horse","status":"publish","type":"page","link":"https:\/\/businessagility.education\/blog\/it\/human-ai-work-vs-cowboy-and-horse\/","title":{"rendered":"Lavoro umano-AI vs. cowboy e cavallo"},"content":{"rendered":"<p><\/p>\n\n\n\n<h3 class=\"wp-block-heading\">Perch\u00e9 l'intelligenza artificiale \u00e8 meglio di un cavallo per la vostra carriera commerciale<\/h3>\n\n\n\n<p>Paragonare l'IA a un cavallo fidato pu\u00f2 sembrare affascinante, ma in realt\u00e0 l'IA \u00e8 immensamente pi\u00f9 potente. Nel mondo degli affari, l'IA funge da partner superpotente, superando di gran lunga qualsiasi analogia tradizionale. Per sfruttare appieno il potenziale dell'IA, \u00e8 fondamentale costruire un rapporto di fiducia, fornendole dati di alta qualit\u00e0 e affinando continuamente le proprie competenze. Questo rapporto, simile a quello di un cowboy che si prende cura del proprio cavallo, garantisce che l'IA fornisca informazioni accurate e preziose.<\/p>\n\n\n\n<p>Le capacit\u00e0 dell'IA superano di gran lunga quelle di un cavallo; \u00e8 in grado di elaborare vaste serie di dati, prevedere le tendenze del mercato e offrire istantaneamente raccomandazioni basate sui dati. Mentre un cavallo potrebbe stancarsi, l'IA opera 24 ore su 24, 7 giorni su 7, fornendo informazioni coerenti e in tempo reale che vi permettono di essere in vantaggio rispetto alla concorrenza.<\/p>\n\n\n\n<p>La sinergia tra voi e l'IA trasforma il vostro potenziale aziendale. L'IA si occupa del lavoro pesante sui dati, lasciandovi liberi di concentrarvi sulla pianificazione strategica e sulla risoluzione creativa dei problemi. Questa partnership potenzia le vostre capacit\u00e0 naturali, rendendovi pi\u00f9 efficaci e innovativi.<\/p>\n\n\n\n<p>In definitiva, integrare l'IA nella vostra carriera significa abbracciare un alleato potente e adattabile che vi spinge in avanti. Un cowboy pu\u00f2 essere bravo quanto il suo cavallo, ma nel panorama aziendale sarete grandi quanto la vostra IA. Quindi salite in sella e lasciate che l'IA vi guidi verso nuovi traguardi nel vostro percorso professionale.<\/p>\n\n\n\n<p><\/p>\n\n\n\n<blockquote class=\"wp-block-quote is-layout-flow wp-block-quote-is-layout-flow\">\n<p>\"Un cowboy pu\u00f2 essere bravo quanto il suo cavallo, ma voi? Sarai grande quanto la tua intelligenza artificiale\".<\/p>\n<cite>Lezione di economia 2024 del Prof. Thomas Hormaza Dow<\/cite><\/blockquote>\n\n\n\n<p><\/p>\n\n\n\n<figure class=\"wp-block-embed is-type-video is-provider-youtube wp-block-embed-youtube wp-embed-aspect-16-9 wp-has-aspect-ratio\"><div class=\"wp-block-embed__wrapper\">\n<iframe loading=\"lazy\" title=\"Complementariet\u00e0 umano-AI: Il cowboy\/la ragazza vale quanto il suo cavallo. Tu? Sei grande quanto la tua IA!\" width=\"580\" height=\"326\" src=\"https:\/\/www.youtube.com\/embed\/S1781EoaIRk?feature=oembed\" frameborder=\"0\" allow=\"accelerometer; autoplay; clipboard-write; encrypted-media; gyroscope; picture-in-picture; web-share\" referrerpolicy=\"strict-origin-when-cross-origin\" allowfullscreen><\/iframe>\n<\/div><\/figure>\n\n\n\n<p><\/p>\n\n\n\n<h3 class=\"wp-block-heading\">Perch\u00e9 l'intelligenza artificiale \u00e8 meglio di un cavallo per la vostra carriera commerciale<\/h3>\n\n\n\n<p>Un'idea sbagliata comune \u00e8 quella di paragonare l'IA a un cavallo fidato per i professionisti del business. Sebbene questa analogia sia pittoresca, \u00e8 decisamente fuori luogo. Scopriamo perch\u00e9 l'IA \u00e8 molto pi\u00f9 potente di un cavallo e come pu\u00f2 potenziare la vostra carriera.<\/p>\n\n\n\n<p><\/p>\n\n\n\n<h4 class=\"wp-block-heading\">Fiducia e cura<\/h4>\n\n\n\n<p>Innanzitutto, fiducia e attenzione. Proprio come un cowboy si fida del proprio cavallo per percorrere sentieri insidiosi, voi dovete fidarvi dell'intelligenza artificiale per guidarvi nel mondo selvaggio dei dati aziendali. E come si costruisce questa fiducia? Prendendovi cura della vostra IA. Alimentatela con dati di alta qualit\u00e0 e mantenete le vostre competenze aggiornate. Se trattate bene la vostra IA, non si limiter\u00e0 a segnalarvi le tendenze del mercato, ma vi aiuter\u00e0 a cogliere le opportunit\u00e0 di business pi\u00f9 velocemente di quanto possiate dire \"coraggio\".<\/p>\n\n\n\n<p>Immaginate questo: mentre un cavallo pu\u00f2 aiutarvi a percorrere 20 miglia al giorno, l'intelligenza artificiale pu\u00f2 elaborare terabyte di dati in pochi secondi. Se avete mai provato a far fare i conti a un cavallo, capirete il vantaggio. L'intelligenza artificiale setaccer\u00e0 montagne di informazioni, trovando pepite d'oro (o tendenze di mercato, come le chiamiamo noi) che non avreste mai individuato da soli.<\/p>\n\n\n\n<p><\/p>\n\n\n\n<h4 class=\"wp-block-heading\">Capacit\u00e0 migliorate<\/h4>\n\n\n\n<p>Un cavallo pu\u00f2 portarvi dal punto A al punto B, ma l'intelligenza artificiale? L'intelligenza artificiale vi porter\u00e0 dal punto A al punto Z, tracciando i percorsi migliori, prevedendo le tendenze del mercato e analizzando vaste serie di dati in un batter d'occhio. Immaginate di provare a elaborare tutti i dati delle vostre attivit\u00e0 commerciali con un cavallo: probabilmente mangerebbe la carta! L'Intelligenza Artificiale non si stanca, non ha bisogno di fieno e di certo non si spaventa per un serpente nell'erba.<\/p>\n\n\n\n<p>Nel corso della vostra carriera, dovrete affrontare innumerevoli decisioni per le quali l'IA pu\u00f2 fornire informazioni critiche. Che si tratti di previsioni di vendita, di ottimizzazione delle catene di fornitura o di sviluppo di nuovi prodotti, l'IA sar\u00e0 il vostro prezioso alleato, in grado di snocciolare i numeri e offrire raccomandazioni basate sui dati mentre voi vi concentrate sul quadro generale.<\/p>\n\n\n\n<p><\/p>\n\n\n\n<h4 class=\"wp-block-heading\">Sinergia: Il dinamico duo di voi e dell'intelligenza artificiale<\/h4>\n\n\n\n<p>Infine, parliamo di sinergia. Voi e l'IA siete come il duo dinamico del mondo degli affari. Voi fornite la direzione creativa e l'IA fornisce le intuizioni basate sui dati. Insieme, siete inarrestabili. Pensateci: mentre voi siete l\u00e0 fuori a studiare strategie e a prendere decisioni importanti, l'IA snocciola numeri, identifica modelli e offre raccomandazioni. \u00c8 come avere un supercomputer che non si prende mai un giorno di riposo!<\/p>\n\n\n\n<p>Pensate a questo: mentre voi siete l\u00e0 fuori a concludere affari e a stupire i clienti, l'AI \u00e8 in ufficio e lavora instancabilmente per assicurarvi di avere le migliori informazioni a portata di mano. \u00c8 come avere un paio di occhi e di orecchie in pi\u00f9, che monitorano costantemente l'ambiente aziendale e vi mantengono in vantaggio rispetto alla concorrenza.<\/p>\n\n\n\n<p><\/p>\n\n\n\n<h3 class=\"wp-block-heading\">Conclusione: Abbracciare l'intelligenza artificiale per il successo della carriera<\/h3>\n\n\n\n<p>In conclusione, anche se paragonare l'IA a un cavallo pu\u00f2 essere una storia divertente, non coglie la profondit\u00e0, l'affidabilit\u00e0 e la potenza che l'IA apporta alla vostra carriera. La natura data-driven dell'IA, le sue capacit\u00e0 analitiche e il suo continuo apprendimento la rendono un partner indispensabile per i moderni professionisti aziendali. Comprendendo queste distinzioni, potrete apprezzare meglio il vero valore dell'IA e sfruttare tutto il suo potenziale per far progredire la vostra carriera.<\/p>\n\n\n\n<p>Quindi, in sella per il successo! Il vostro viaggio con l'IA inizia ora. Fidatevi, curatela e create una potente sinergia. Ricordate che un cowboy pu\u00f2 essere bravo quanto il suo cavallo, ma voi? Sarete grandi come la vostra IA. E non dimenticate che nel rodeo commerciale l'IA vi copre le spalle: tenetevi forte e godetevi la corsa!<\/p>\n\n\n\n<p><\/p>\n\n\n\n<p><\/p>","protected":false},"excerpt":{"rendered":"<p>Perch\u00e9 l'IA \u00e8 meglio di un cavallo per la vostra carriera professionale Paragonare l'IA a un fidato cavallo pu\u00f2 sembrare affascinante, ma in realt\u00e0 l'IA \u00e8 immensamente pi\u00f9 potente. Nel mondo degli affari, l'IA funge da partner superpotente, superando di gran lunga qualsiasi analogia tradizionale. Per sfruttare appieno il potenziale dell'IA, \u00e8 fondamentale creare fiducia alimentando [...]<\/p>","protected":false},"author":1,"featured_media":302,"parent":0,"menu_order":0,"comment_status":"closed","ping_status":"closed","template":"","meta":{"footnotes":""},"class_list":["post-301","page","type-page","status-publish","has-post-thumbnail","hentry"],"yoast_head":"<!-- This site is optimized with the Yoast SEO plugin v24.9 - https:\/\/yoast.com\/wordpress\/plugins\/seo\/ -->\n<title>Human-AI Work Complementarity vs. Cowboy and Horse - Business Agility+AI + AI<\/title>\n<meta name=\"description\" content=\"&quot;A Cowboy Might Only Be As Good As Their Horse, But You? You\u2019ll Be As Great As Your AI.&quot; Business Class Lecture 2024 by Prof. Thomas Hormaza Dow\" \/>\n<meta name=\"robots\" content=\"index, follow, max-snippet:-1, max-image-preview:large, max-video-preview:-1\" \/>\n<link rel=\"canonical\" href=\"https:\/\/businessagility.education\/blog\/it\/human-ai-work-vs-cowboy-and-horse\/\" \/>\n<meta property=\"og:locale\" content=\"it_IT\" \/>\n<meta property=\"og:type\" content=\"article\" \/>\n<meta property=\"og:title\" content=\"Human-AI Work Complementarity vs. Cowboy and Horse - Business Agility+AI + AI\" \/>\n<meta property=\"og:description\" content=\"&quot;A Cowboy Might Only Be As Good As Their Horse, But You? You\u2019ll Be As Great As Your AI.&quot; Business Class Lecture 2024 by Prof. Thomas Hormaza Dow\" \/>\n<meta property=\"og:url\" content=\"https:\/\/businessagility.education\/blog\/it\/human-ai-work-vs-cowboy-and-horse\/\" \/>\n<meta property=\"og:site_name\" content=\"Business Agility+AI\" \/>\n<meta property=\"article:modified_time\" content=\"2024-07-06T20:10:27+00:00\" \/>\n<meta property=\"og:image\" content=\"https:\/\/businessagility.education\/blog\/wp-content\/uploads\/2024\/07\/human-ai-complementarity-cowboy-horse.png\" \/>\n\t<meta property=\"og:image:width\" content=\"1152\" \/>\n\t<meta property=\"og:image:height\" content=\"738\" \/>\n\t<meta property=\"og:image:type\" content=\"image\/png\" \/>\n<meta name=\"twitter:card\" content=\"summary_large_image\" \/>\n<meta name=\"twitter:label1\" content=\"Tempo di lettura stimato\" \/>\n\t<meta name=\"twitter:data1\" content=\"4 minuti\" \/>\n<script type=\"application\/ld+json\" class=\"yoast-schema-graph\">{\"@context\":\"https:\/\/schema.org\",\"@graph\":[{\"@type\":\"WebPage\",\"@id\":\"https:\/\/businessagility.education\/blog\/human-ai-work-vs-cowboy-and-horse\/\",\"url\":\"https:\/\/businessagility.education\/blog\/human-ai-work-vs-cowboy-and-horse\/\",\"name\":\"Human-AI Work Complementarity vs. Cowboy and Horse - Business Agility+AI + AI\",\"isPartOf\":{\"@id\":\"https:\/\/businessagility.education\/blog\/#website\"},\"primaryImageOfPage\":{\"@id\":\"https:\/\/businessagility.education\/blog\/human-ai-work-vs-cowboy-and-horse\/#primaryimage\"},\"image\":{\"@id\":\"https:\/\/businessagility.education\/blog\/human-ai-work-vs-cowboy-and-horse\/#primaryimage\"},\"thumbnailUrl\":\"https:\/\/businessagility.education\/blog\/wp-content\/uploads\/2024\/07\/human-ai-complementarity-cowboy-horse.png\",\"datePublished\":\"2024-07-06T20:10:26+00:00\",\"dateModified\":\"2024-07-06T20:10:27+00:00\",\"description\":\"\\\"A Cowboy Might Only Be As Good As Their Horse, But You? You\u2019ll Be As Great As Your AI.\\\" Business Class Lecture 2024 by Prof. Thomas Hormaza Dow\",\"breadcrumb\":{\"@id\":\"https:\/\/businessagility.education\/blog\/human-ai-work-vs-cowboy-and-horse\/#breadcrumb\"},\"inLanguage\":\"it-IT\",\"potentialAction\":[{\"@type\":\"ReadAction\",\"target\":[\"https:\/\/businessagility.education\/blog\/human-ai-work-vs-cowboy-and-horse\/\"]}]},{\"@type\":\"ImageObject\",\"inLanguage\":\"it-IT\",\"@id\":\"https:\/\/businessagility.education\/blog\/human-ai-work-vs-cowboy-and-horse\/#primaryimage\",\"url\":\"https:\/\/businessagility.education\/blog\/wp-content\/uploads\/2024\/07\/human-ai-complementarity-cowboy-horse.png\",\"contentUrl\":\"https:\/\/businessagility.education\/blog\/wp-content\/uploads\/2024\/07\/human-ai-complementarity-cowboy-horse.png\",\"width\":1152,\"height\":738,\"caption\":\"human-ai complementarity\"},{\"@type\":\"BreadcrumbList\",\"@id\":\"https:\/\/businessagility.education\/blog\/human-ai-work-vs-cowboy-and-horse\/#breadcrumb\",\"itemListElement\":[{\"@type\":\"ListItem\",\"position\":1,\"name\":\"Home\",\"item\":\"https:\/\/businessagility.education\/blog\/\"},{\"@type\":\"ListItem\",\"position\":2,\"name\":\"Human-AI Work vs. Cowboy and Horse\"}]},{\"@type\":\"WebSite\",\"@id\":\"https:\/\/businessagility.education\/blog\/#website\",\"url\":\"https:\/\/businessagility.education\/blog\/\",\"name\":\"Business Agility+AI\",\"description\":\"The Business Agility + Artificial Intelligence Blog\",\"publisher\":{\"@id\":\"https:\/\/businessagility.education\/blog\/#organization\"},\"potentialAction\":[{\"@type\":\"SearchAction\",\"target\":{\"@type\":\"EntryPoint\",\"urlTemplate\":\"https:\/\/businessagility.education\/blog\/?s={search_term_string}\"},\"query-input\":{\"@type\":\"PropertyValueSpecification\",\"valueRequired\":true,\"valueName\":\"search_term_string\"}}],\"inLanguage\":\"it-IT\"},{\"@type\":\"Organization\",\"@id\":\"https:\/\/businessagility.education\/blog\/#organization\",\"name\":\"Business Agility+AI\",\"url\":\"https:\/\/businessagility.education\/blog\/\",\"logo\":{\"@type\":\"ImageObject\",\"inLanguage\":\"it-IT\",\"@id\":\"https:\/\/businessagility.education\/blog\/#\/schema\/logo\/image\/\",\"url\":\"https:\/\/businessagility.education\/blog\/wp-content\/uploads\/2022\/06\/business-agility-blog-logo.png\",\"contentUrl\":\"https:\/\/businessagility.education\/blog\/wp-content\/uploads\/2022\/06\/business-agility-blog-logo.png\",\"width\":200,\"height\":100,\"caption\":\"Business Agility+AI\"},\"image\":{\"@id\":\"https:\/\/businessagility.education\/blog\/#\/schema\/logo\/image\/\"}}]}<\/script>\n<!-- \/ Yoast SEO plugin. -->","yoast_head_json":{"title":"Human-AI Work Complementarity vs. Cowboy and Horse - Business Agility+AI + AI","description":"\"A Cowboy Might Only Be As Good As Their Horse, But You? You\u2019ll Be As Great As Your AI.\" Business Class Lecture 2024 by Prof. Thomas Hormaza Dow","robots":{"index":"index","follow":"follow","max-snippet":"max-snippet:-1","max-image-preview":"max-image-preview:large","max-video-preview":"max-video-preview:-1"},"canonical":"https:\/\/businessagility.education\/blog\/it\/human-ai-work-vs-cowboy-and-horse\/","og_locale":"it_IT","og_type":"article","og_title":"Human-AI Work Complementarity vs. Cowboy and Horse - Business Agility+AI + AI","og_description":"\"A Cowboy Might Only Be As Good As Their Horse, But You? You\u2019ll Be As Great As Your AI.\" Business Class Lecture 2024 by Prof. Thomas Hormaza Dow","og_url":"https:\/\/businessagility.education\/blog\/it\/human-ai-work-vs-cowboy-and-horse\/","og_site_name":"Business Agility+AI","article_modified_time":"2024-07-06T20:10:27+00:00","og_image":[{"width":1152,"height":738,"url":"https:\/\/businessagility.education\/blog\/wp-content\/uploads\/2024\/07\/human-ai-complementarity-cowboy-horse.png","type":"image\/png"}],"twitter_card":"summary_large_image","twitter_misc":{"Tempo di lettura stimato":"4 minuti"},"schema":{"@context":"https:\/\/schema.org","@graph":[{"@type":"WebPage","@id":"https:\/\/businessagility.education\/blog\/human-ai-work-vs-cowboy-and-horse\/","url":"https:\/\/businessagility.education\/blog\/human-ai-work-vs-cowboy-and-horse\/","name":"Human-AI Work Complementarity vs. Cowboy and Horse - Business Agility+AI + AI","isPartOf":{"@id":"https:\/\/businessagility.education\/blog\/#website"},"primaryImageOfPage":{"@id":"https:\/\/businessagility.education\/blog\/human-ai-work-vs-cowboy-and-horse\/#primaryimage"},"image":{"@id":"https:\/\/businessagility.education\/blog\/human-ai-work-vs-cowboy-and-horse\/#primaryimage"},"thumbnailUrl":"https:\/\/businessagility.education\/blog\/wp-content\/uploads\/2024\/07\/human-ai-complementarity-cowboy-horse.png","datePublished":"2024-07-06T20:10:26+00:00","dateModified":"2024-07-06T20:10:27+00:00","description":"\"A Cowboy Might Only Be As Good As Their Horse, But You? You\u2019ll Be As Great As Your AI.\" Business Class Lecture 2024 by Prof. Thomas Hormaza Dow","breadcrumb":{"@id":"https:\/\/businessagility.education\/blog\/human-ai-work-vs-cowboy-and-horse\/#breadcrumb"},"inLanguage":"it-IT","potentialAction":[{"@type":"ReadAction","target":["https:\/\/businessagility.education\/blog\/human-ai-work-vs-cowboy-and-horse\/"]}]},{"@type":"ImageObject","inLanguage":"it-IT","@id":"https:\/\/businessagility.education\/blog\/human-ai-work-vs-cowboy-and-horse\/#primaryimage","url":"https:\/\/businessagility.education\/blog\/wp-content\/uploads\/2024\/07\/human-ai-complementarity-cowboy-horse.png","contentUrl":"https:\/\/businessagility.education\/blog\/wp-content\/uploads\/2024\/07\/human-ai-complementarity-cowboy-horse.png","width":1152,"height":738,"caption":"human-ai complementarity"},{"@type":"BreadcrumbList","@id":"https:\/\/businessagility.education\/blog\/human-ai-work-vs-cowboy-and-horse\/#breadcrumb","itemListElement":[{"@type":"ListItem","position":1,"name":"Home","item":"https:\/\/businessagility.education\/blog\/"},{"@type":"ListItem","position":2,"name":"Human-AI Work vs. Cowboy and Horse"}]},{"@type":"WebSite","@id":"https:\/\/businessagility.education\/blog\/#website","url":"https:\/\/businessagility.education\/blog\/","name":"Business Agility+AI","description":"The Business Agility + Artificial Intelligence Blog","publisher":{"@id":"https:\/\/businessagility.education\/blog\/#organization"},"potentialAction":[{"@type":"SearchAction","target":{"@type":"EntryPoint","urlTemplate":"https:\/\/businessagility.education\/blog\/?s={search_term_string}"},"query-input":{"@type":"PropertyValueSpecification","valueRequired":true,"valueName":"search_term_string"}}],"inLanguage":"it-IT"},{"@type":"Organization","@id":"https:\/\/businessagility.education\/blog\/#organization","name":"Business Agility+AI","url":"https:\/\/businessagility.education\/blog\/","logo":{"@type":"ImageObject","inLanguage":"it-IT","@id":"https:\/\/businessagility.education\/blog\/#\/schema\/logo\/image\/","url":"https:\/\/businessagility.education\/blog\/wp-content\/uploads\/2022\/06\/business-agility-blog-logo.png","contentUrl":"https:\/\/businessagility.education\/blog\/wp-content\/uploads\/2022\/06\/business-agility-blog-logo.png","width":200,"height":100,"caption":"Business Agility+AI"},"image":{"@id":"https:\/\/businessagility.education\/blog\/#\/schema\/logo\/image\/"}}]}},"_links":{"self":[{"href":"https:\/\/businessagility.education\/blog\/it\/wp-json\/wp\/v2\/pages\/301","targetHints":{"allow":["GET"]}}],"collection":[{"href":"https:\/\/businessagility.education\/blog\/it\/wp-json\/wp\/v2\/pages"}],"about":[{"href":"https:\/\/businessagility.education\/blog\/it\/wp-json\/wp\/v2\/types\/page"}],"author":[{"embeddable":true,"href":"https:\/\/businessagility.education\/blog\/it\/wp-json\/wp\/v2\/users\/1"}],"replies":[{"embeddable":true,"href":"https:\/\/businessagility.education\/blog\/it\/wp-json\/wp\/v2\/comments?post=301"}],"version-history":[{"count":1,"href":"https:\/\/businessagility.education\/blog\/it\/wp-json\/wp\/v2\/pages\/301\/revisions"}],"predecessor-version":[{"id":303,"href":"https:\/\/businessagility.education\/blog\/it\/wp-json\/wp\/v2\/pages\/301\/revisions\/303"}],"wp:featuredmedia":[{"embeddable":true,"href":"https:\/\/businessagility.education\/blog\/it\/wp-json\/wp\/v2\/media\/302"}],"wp:attachment":[{"href":"https:\/\/businessagility.education\/blog\/it\/wp-json\/wp\/v2\/media?parent=301"}],"curies":[{"name":"wp","href":"https:\/\/api.w.org\/{rel}","templated":true}]}}