{"id":195,"date":"2022-08-17T12:25:46","date_gmt":"2022-08-17T16:25:46","guid":{"rendered":"https:\/\/businessagility.education\/blog\/?page_id=195"},"modified":"2022-08-17T13:33:58","modified_gmt":"2022-08-17T17:33:58","slug":"agile-marketing-manifesto","status":"publish","type":"page","link":"https:\/\/businessagility.education\/blog\/it\/agile-marketing-manifesto\/","title":{"rendered":"Manifesto del marketing agile"},"content":{"rendered":"<p>Il seguente confronto fianco a fianco dei Manifesti aiuta a vedere chiaramente alcune delle principali differenze che emergono tra la versione Agile Dev 2001 e la versione Agile Marketing 2012 e 2021.<\/p>\n\n\n\n<p>Nota: il Manifesto dell'Agile Marketing \u00e8 in fase di modifica da parte dello Sprint Two Leadership Team e dalle centinaia di commenti e risultati raccolti nel corso di una conferenza di presentazione. <a href=\"https:\/\/agilemarketingmanifesto.org\/blog\/help-us-shape-the-future-of-agile-marketing\/\" target=\"_blank\" rel=\"noreferrer noopener\">Sondaggio annunciato il 28 maggio 2021<\/a>. Forniremo un aggiornamento quando il nuovo documento sar\u00e0 pubblicato su AgileMarketingManifesto.org.<\/p>\n\n\n\n<p><a href=\"https:\/\/businessagility.education\/\" target=\"_blank\" rel=\"noreferrer noopener\">Casa<\/a> \/ <a href=\"https:\/\/businessagility.education\/agile-marketing\" target=\"_blank\" rel=\"noreferrer noopener\">Marketing agile<\/a> \/ <a href=\"https:\/\/businessagility.education\/blog\/\">Blog sull'agilit\u00e0 aziendale<\/a> \/ <a href=\"https:\/\/businessagility.education\/blog\/agile-marketing-manifesto\/\">Manifesto del marketing agile<\/a><\/p>\n\n\n\n<h4 class=\"wp-block-heading\">Confronto tra i valori di Agile e Agile Marketing<\/h4>\n\n\n\n<h2 class=\"wp-block-heading\">4 Valori Agili<\/h2>\n\n\n\n<p>Agile offre quattro valori semplici, ma molto efficaci, per contribuire a un prodotto o servizio di alto valore nello sviluppo web e nel marketing. Per raggiungere questo obiettivo, la metodologia enfatizza questi valori:<\/p>\n\n\n\n<ul class=\"wp-block-list\"><li>Individui e interazioni<\/li><li>Prodotti di lavoro<\/li><li>Collaborazione con i clienti<\/li><li>Rispondere al cambiamento<\/li><\/ul>\n\n\n\n<h2 class=\"wp-block-heading\">5 Valori del marketing agile<\/h2>\n\n\n\n<p>L'Agile Marketing ha sviluppato un proprio manifesto con 5 valori:<\/p>\n\n\n\n<ul class=\"wp-block-list\"><li>Concentrarsi sul valore e sui risultati del cliente<\/li><li>Fornire valore in anticipo e spesso<\/li><li>Imparare attraverso esperimenti e dati<\/li><li>Collaborazione interfunzionale<\/li><li>Rispondere al cambiamento<\/li><\/ul>\n\n\n\n<figure class=\"wp-block-table\"><table><thead><tr><th>Valori agili<\/th><th>Valori del marketing agile<\/th><\/tr><\/thead><tbody><tr><td><a href=\"https:\/\/agilemanifesto.org\/\" target=\"_blank\" rel=\"noreferrer noopener\">AgileManifesto.org<\/a><\/td><td><a href=\"https:\/\/agilemarketingmanifesto.org\/values\/\" target=\"_blank\" rel=\"noreferrer noopener\">AgileMarketingManifesto.org<\/a><\/td><\/tr><tr><td>Manifesto per lo sviluppo agile del software<br><br><br>Stiamo scoprendo modi migliori per sviluppare<br>software facendolo e aiutando gli altri a farlo.<br>Attraverso questo lavoro siamo arrivati a dare valore:<\/td><td>Manifesto per il marketing agile<br><br>Per stare al passo con la velocit\u00e0 e la complessit\u00e0 del marketing di oggi, stiamo adottando nuovi metodi di lavoro:<\/td><\/tr><tr><td>1. Individui e interazioni rispetto a processi e strumenti<\/td><td>1. Concentrarsi sul valore del cliente e sui risultati aziendali piuttosto che sulle attivit\u00e0 e sui risultati.<\/td><\/tr><tr><td>2. Software funzionante e documentazione completa<\/td><td>2. Fornire valore in anticipo e spesso piuttosto che aspettare la perfezione.<\/td><\/tr><tr><td>3. Collaborazione con il cliente nella negoziazione del contratto<\/td><td>3. Apprendere attraverso esperimenti e dati piuttosto che attraverso opinioni e convenzioni.&nbsp;<\/td><\/tr><tr><td>4. Rispondere ai cambiamenti piuttosto che seguire un piano<\/td><td>4. Collaborazione interfunzionale al posto di silos e gerarchie&nbsp;<\/td><\/tr><tr><td><\/td><td>5. Rispondere ai cambiamenti piuttosto che seguire un piano statico&nbsp;<\/td><\/tr><tr><td><\/td><td><\/td><\/tr><tr><td><\/td><td><\/td><\/tr><\/tbody><\/table><figcaption>4 Valori Agili e 7 Valori Agili di Marketing dopo settembre 2021<\/figcaption><\/figure>\n\n\n\n<h4 class=\"wp-block-heading\">Principi di marketing agile e agile a confronto<\/h4>\n\n\n\n<h3 class=\"wp-block-heading\">12 principi di Agile<\/h3>\n\n\n\n<p>Che si tratti di sviluppo web o di marketing, i 12 principi agili forniscono un'ottima guida per creare un prodotto o un servizio di alto valore per un'azienda. Ecco i 12 principi basati sullo sviluppo agile e i 10 principi del marketing agile:<\/p>\n\n\n\n<p><strong>Per stare al passo con la velocit\u00e0 e la complessit\u00e0 del marketing di oggi, stiamo adottando una mentalit\u00e0 diversa e nuovi modi di lavorare. I principi elaborano i Valori<\/strong><\/p>\n\n\n\n<figure class=\"wp-block-table\"><table><thead><tr><th>Principi agili<\/th><th>Principi di marketing agile<\/th><\/tr><\/thead><tbody><tr><td>AgileManifesto.org<\/td><td>AgileMarketingManifesto.org<\/td><\/tr><tr><td>1. Soddisfazione del cliente grazie alla consegna tempestiva e continua di software di valore.<\/td><td>1. Un ottimo marketing richiede uno stretto allineamento, trasparenza e interazioni di qualit\u00e0 con i clienti interni ed esterni.<\/td><\/tr><tr><td>2. Accogliere i requisiti in evoluzione, anche in fase di sviluppo avanzata.<\/td><td>2. Cercare punti di vista diversi e variegati<\/td><\/tr><tr><td>3. Fornire software funzionante con una certa frequenza (settimane piuttosto che mesi).<\/td><td>3. Accogliere e rispondere ai cambiamenti per migliorare il valore del cliente.<\/td><\/tr><tr><td>4. Una stretta collaborazione quotidiana tra imprenditori e sviluppatori.<\/td><td>4. Pianificare solo a un livello sufficiente a garantire un'efficace definizione delle priorit\u00e0 e l'esecuzione.<\/td><\/tr><tr><td>5. I progetti sono costruiti attorno a persone motivate, di cui ci si deve fidare.<\/td><td>5. Rischiate e imparate dai vostri fallimenti.<\/td><\/tr><tr><td>6. La conversazione faccia a faccia \u00e8 la migliore forma di comunicazione (co-locazione)<\/td><td>6. Organizzarsi in piccoli team interfunzionali, ove possibile.<\/td><\/tr><tr><td>7. Il software di lavoro \u00e8 la misura principale del progresso<\/td><td>7. Costruire programmi di marketing attorno a persone motivate e fidarsi di loro per portare a termine il lavoro.<\/td><\/tr><tr><td>8. Sviluppo sostenibile, in grado di mantenere un ritmo costante<\/td><td>8. Il successo di marketing a lungo termine trae vantaggio dall'operare a un ritmo sostenibile<\/td><\/tr><tr><td>9. Attenzione continua all'eccellenza tecnica e al buon design<\/td><td>9. Il marketing agile non basta. L'eccellenza nel marketing richiede un'attenzione costante anche ai fondamenti del marketing.<\/td><\/tr><tr><td>10. La semplicit\u00e0, l'arte di massimizzare la quantit\u00e0 di lavoro non svolto, \u00e8 essenziale.<\/td><td>10. Sforzarsi di essere semplici<\/td><\/tr><tr><td>11. Le migliori architetture, requisiti e progetti emergono da team auto-organizzati.<\/td><td><\/td><\/tr><tr><td>12. Il team riflette regolarmente su come diventare pi\u00f9 efficace e si adegua di conseguenza.<\/td><td><\/td><\/tr><\/tbody><\/table><figcaption>12 Principi Agili e 10 Principi Agili di Marketing dopo settembre 2021<\/figcaption><\/figure>\n\n\n\n<p><\/p>\n\n\n\n<h4 class=\"wp-block-heading\">Manifesto del marketing agile PDF<\/h4>\n\n\n\n<div data-wp-interactive=\"core\/file\" class=\"wp-block-file\"><object data-wp-bind--hidden=\"!state.hasPdfPreview\" hidden class=\"wp-block-file__embed\" data=\"https:\/\/businessagility.education\/blog\/wp-content\/uploads\/2022\/08\/agile-marketing-manifesto.pdf\" type=\"application\/pdf\" style=\"width:100%;height:600px\" aria-label=\"Incorporamento di Embed of agile-marketing-manifesto...\"><\/object><a id=\"wp-block-file--media-449d90dd-4135-440e-9012-2dfa5107f308\" href=\"https:\/\/businessagility.education\/blog\/wp-content\/uploads\/2022\/08\/agile-marketing-manifesto.pdf\">agile-marketing-manifesto<\/a><a href=\"https:\/\/businessagility.education\/blog\/wp-content\/uploads\/2022\/08\/agile-marketing-manifesto.pdf\" class=\"wp-block-file__button\" download aria-describedby=\"wp-block-file--media-449d90dd-4135-440e-9012-2dfa5107f308\">Scaricare<\/a><\/div>","protected":false},"excerpt":{"rendered":"<p>Il seguente confronto fianco a fianco dei Manifesti aiuta a vedere chiaramente alcune delle principali differenze che emergono tra la versione Agile Dev 2001 e la versione Agile Marketing 2012 e 2021. Nota: il Manifesto Agile Marketing \u00e8 in fase di modifica da parte dello Sprint Two Leadership Team e dalle centinaia di commenti e risultati raccolti durante un sondaggio [...]<\/p>","protected":false},"author":1,"featured_media":196,"parent":0,"menu_order":0,"comment_status":"closed","ping_status":"closed","template":"","meta":{"footnotes":""},"class_list":["post-195","page","type-page","status-publish","has-post-thumbnail","hentry"],"yoast_head":"<!-- This site is optimized with the Yoast SEO plugin v24.9 - https:\/\/yoast.com\/wordpress\/plugins\/seo\/ -->\n<title>Agile Marketing Manifesto PDF - Business Agility+AI<\/title>\n<meta name=\"description\" content=\"Agile Marketing Manifesto PDF after Sprint Two (AgileMarketingManifesto,org) side by side comparison with Agile Dev Manifesto 2001\" \/>\n<meta name=\"robots\" content=\"index, follow, max-snippet:-1, max-image-preview:large, max-video-preview:-1\" \/>\n<link rel=\"canonical\" href=\"https:\/\/businessagility.education\/blog\/it\/agile-marketing-manifesto\/\" \/>\n<meta property=\"og:locale\" content=\"it_IT\" \/>\n<meta property=\"og:type\" content=\"article\" \/>\n<meta property=\"og:title\" content=\"Agile Marketing Manifesto PDF - Business Agility+AI\" \/>\n<meta property=\"og:description\" content=\"Agile Marketing Manifesto PDF after Sprint Two (AgileMarketingManifesto,org) side by side comparison with Agile Dev Manifesto 2001\" \/>\n<meta property=\"og:url\" content=\"https:\/\/businessagility.education\/blog\/it\/agile-marketing-manifesto\/\" \/>\n<meta property=\"og:site_name\" content=\"Business Agility+AI\" \/>\n<meta property=\"article:modified_time\" content=\"2022-08-17T17:33:58+00:00\" \/>\n<meta property=\"og:image\" content=\"https:\/\/businessagility.education\/blog\/wp-content\/uploads\/2022\/08\/agile-marketing-manifesto.jpg\" \/>\n\t<meta property=\"og:image:width\" content=\"1024\" \/>\n\t<meta property=\"og:image:height\" content=\"284\" \/>\n\t<meta property=\"og:image:type\" content=\"image\/jpeg\" \/>\n<meta name=\"twitter:card\" content=\"summary_large_image\" \/>\n<meta name=\"twitter:label1\" content=\"Tempo di lettura stimato\" \/>\n\t<meta name=\"twitter:data1\" content=\"3 minuti\" \/>\n<script type=\"application\/ld+json\" class=\"yoast-schema-graph\">{\"@context\":\"https:\/\/schema.org\",\"@graph\":[{\"@type\":\"WebPage\",\"@id\":\"https:\/\/businessagility.education\/blog\/agile-marketing-manifesto\/\",\"url\":\"https:\/\/businessagility.education\/blog\/agile-marketing-manifesto\/\",\"name\":\"Agile Marketing Manifesto PDF - Business Agility+AI\",\"isPartOf\":{\"@id\":\"https:\/\/businessagility.education\/blog\/#website\"},\"primaryImageOfPage\":{\"@id\":\"https:\/\/businessagility.education\/blog\/agile-marketing-manifesto\/#primaryimage\"},\"image\":{\"@id\":\"https:\/\/businessagility.education\/blog\/agile-marketing-manifesto\/#primaryimage\"},\"thumbnailUrl\":\"https:\/\/businessagility.education\/blog\/wp-content\/uploads\/2022\/08\/agile-marketing-manifesto.jpg\",\"datePublished\":\"2022-08-17T16:25:46+00:00\",\"dateModified\":\"2022-08-17T17:33:58+00:00\",\"description\":\"Agile Marketing Manifesto PDF after Sprint Two (AgileMarketingManifesto,org) side by side comparison with Agile Dev Manifesto 2001\",\"breadcrumb\":{\"@id\":\"https:\/\/businessagility.education\/blog\/agile-marketing-manifesto\/#breadcrumb\"},\"inLanguage\":\"it-IT\",\"potentialAction\":[{\"@type\":\"ReadAction\",\"target\":[\"https:\/\/businessagility.education\/blog\/agile-marketing-manifesto\/\"]}]},{\"@type\":\"ImageObject\",\"inLanguage\":\"it-IT\",\"@id\":\"https:\/\/businessagility.education\/blog\/agile-marketing-manifesto\/#primaryimage\",\"url\":\"https:\/\/businessagility.education\/blog\/wp-content\/uploads\/2022\/08\/agile-marketing-manifesto.jpg\",\"contentUrl\":\"https:\/\/businessagility.education\/blog\/wp-content\/uploads\/2022\/08\/agile-marketing-manifesto.jpg\",\"width\":1024,\"height\":284,\"caption\":\"agile marketing manifesto\"},{\"@type\":\"BreadcrumbList\",\"@id\":\"https:\/\/businessagility.education\/blog\/agile-marketing-manifesto\/#breadcrumb\",\"itemListElement\":[{\"@type\":\"ListItem\",\"position\":1,\"name\":\"Home\",\"item\":\"https:\/\/businessagility.education\/blog\/\"},{\"@type\":\"ListItem\",\"position\":2,\"name\":\"Agile Marketing Manifesto\"}]},{\"@type\":\"WebSite\",\"@id\":\"https:\/\/businessagility.education\/blog\/#website\",\"url\":\"https:\/\/businessagility.education\/blog\/\",\"name\":\"Business Agility+AI\",\"description\":\"The Business Agility + Artificial Intelligence Blog\",\"publisher\":{\"@id\":\"https:\/\/businessagility.education\/blog\/#organization\"},\"potentialAction\":[{\"@type\":\"SearchAction\",\"target\":{\"@type\":\"EntryPoint\",\"urlTemplate\":\"https:\/\/businessagility.education\/blog\/?s={search_term_string}\"},\"query-input\":{\"@type\":\"PropertyValueSpecification\",\"valueRequired\":true,\"valueName\":\"search_term_string\"}}],\"inLanguage\":\"it-IT\"},{\"@type\":\"Organization\",\"@id\":\"https:\/\/businessagility.education\/blog\/#organization\",\"name\":\"Business Agility+AI\",\"url\":\"https:\/\/businessagility.education\/blog\/\",\"logo\":{\"@type\":\"ImageObject\",\"inLanguage\":\"it-IT\",\"@id\":\"https:\/\/businessagility.education\/blog\/#\/schema\/logo\/image\/\",\"url\":\"https:\/\/businessagility.education\/blog\/wp-content\/uploads\/2022\/06\/business-agility-blog-logo.png\",\"contentUrl\":\"https:\/\/businessagility.education\/blog\/wp-content\/uploads\/2022\/06\/business-agility-blog-logo.png\",\"width\":200,\"height\":100,\"caption\":\"Business Agility+AI\"},\"image\":{\"@id\":\"https:\/\/businessagility.education\/blog\/#\/schema\/logo\/image\/\"}}]}<\/script>\n<!-- \/ Yoast SEO plugin. -->","yoast_head_json":{"title":"Agile Marketing Manifesto PDF - Business Agility+AI","description":"Agile Marketing Manifesto PDF after Sprint Two (AgileMarketingManifesto,org) side by side comparison with Agile Dev Manifesto 2001","robots":{"index":"index","follow":"follow","max-snippet":"max-snippet:-1","max-image-preview":"max-image-preview:large","max-video-preview":"max-video-preview:-1"},"canonical":"https:\/\/businessagility.education\/blog\/it\/agile-marketing-manifesto\/","og_locale":"it_IT","og_type":"article","og_title":"Agile Marketing Manifesto PDF - Business Agility+AI","og_description":"Agile Marketing Manifesto PDF after Sprint Two (AgileMarketingManifesto,org) side by side comparison with Agile Dev Manifesto 2001","og_url":"https:\/\/businessagility.education\/blog\/it\/agile-marketing-manifesto\/","og_site_name":"Business Agility+AI","article_modified_time":"2022-08-17T17:33:58+00:00","og_image":[{"width":1024,"height":284,"url":"https:\/\/businessagility.education\/blog\/wp-content\/uploads\/2022\/08\/agile-marketing-manifesto.jpg","type":"image\/jpeg"}],"twitter_card":"summary_large_image","twitter_misc":{"Tempo di lettura stimato":"3 minuti"},"schema":{"@context":"https:\/\/schema.org","@graph":[{"@type":"WebPage","@id":"https:\/\/businessagility.education\/blog\/agile-marketing-manifesto\/","url":"https:\/\/businessagility.education\/blog\/agile-marketing-manifesto\/","name":"Agile Marketing Manifesto PDF - Business Agility+AI","isPartOf":{"@id":"https:\/\/businessagility.education\/blog\/#website"},"primaryImageOfPage":{"@id":"https:\/\/businessagility.education\/blog\/agile-marketing-manifesto\/#primaryimage"},"image":{"@id":"https:\/\/businessagility.education\/blog\/agile-marketing-manifesto\/#primaryimage"},"thumbnailUrl":"https:\/\/businessagility.education\/blog\/wp-content\/uploads\/2022\/08\/agile-marketing-manifesto.jpg","datePublished":"2022-08-17T16:25:46+00:00","dateModified":"2022-08-17T17:33:58+00:00","description":"Agile Marketing Manifesto PDF after Sprint Two (AgileMarketingManifesto,org) side by side comparison with Agile Dev Manifesto 2001","breadcrumb":{"@id":"https:\/\/businessagility.education\/blog\/agile-marketing-manifesto\/#breadcrumb"},"inLanguage":"it-IT","potentialAction":[{"@type":"ReadAction","target":["https:\/\/businessagility.education\/blog\/agile-marketing-manifesto\/"]}]},{"@type":"ImageObject","inLanguage":"it-IT","@id":"https:\/\/businessagility.education\/blog\/agile-marketing-manifesto\/#primaryimage","url":"https:\/\/businessagility.education\/blog\/wp-content\/uploads\/2022\/08\/agile-marketing-manifesto.jpg","contentUrl":"https:\/\/businessagility.education\/blog\/wp-content\/uploads\/2022\/08\/agile-marketing-manifesto.jpg","width":1024,"height":284,"caption":"agile marketing manifesto"},{"@type":"BreadcrumbList","@id":"https:\/\/businessagility.education\/blog\/agile-marketing-manifesto\/#breadcrumb","itemListElement":[{"@type":"ListItem","position":1,"name":"Home","item":"https:\/\/businessagility.education\/blog\/"},{"@type":"ListItem","position":2,"name":"Agile Marketing Manifesto"}]},{"@type":"WebSite","@id":"https:\/\/businessagility.education\/blog\/#website","url":"https:\/\/businessagility.education\/blog\/","name":"Business Agility+AI","description":"The Business Agility + Artificial Intelligence Blog","publisher":{"@id":"https:\/\/businessagility.education\/blog\/#organization"},"potentialAction":[{"@type":"SearchAction","target":{"@type":"EntryPoint","urlTemplate":"https:\/\/businessagility.education\/blog\/?s={search_term_string}"},"query-input":{"@type":"PropertyValueSpecification","valueRequired":true,"valueName":"search_term_string"}}],"inLanguage":"it-IT"},{"@type":"Organization","@id":"https:\/\/businessagility.education\/blog\/#organization","name":"Business Agility+AI","url":"https:\/\/businessagility.education\/blog\/","logo":{"@type":"ImageObject","inLanguage":"it-IT","@id":"https:\/\/businessagility.education\/blog\/#\/schema\/logo\/image\/","url":"https:\/\/businessagility.education\/blog\/wp-content\/uploads\/2022\/06\/business-agility-blog-logo.png","contentUrl":"https:\/\/businessagility.education\/blog\/wp-content\/uploads\/2022\/06\/business-agility-blog-logo.png","width":200,"height":100,"caption":"Business Agility+AI"},"image":{"@id":"https:\/\/businessagility.education\/blog\/#\/schema\/logo\/image\/"}}]}},"_links":{"self":[{"href":"https:\/\/businessagility.education\/blog\/it\/wp-json\/wp\/v2\/pages\/195","targetHints":{"allow":["GET"]}}],"collection":[{"href":"https:\/\/businessagility.education\/blog\/it\/wp-json\/wp\/v2\/pages"}],"about":[{"href":"https:\/\/businessagility.education\/blog\/it\/wp-json\/wp\/v2\/types\/page"}],"author":[{"embeddable":true,"href":"https:\/\/businessagility.education\/blog\/it\/wp-json\/wp\/v2\/users\/1"}],"replies":[{"embeddable":true,"href":"https:\/\/businessagility.education\/blog\/it\/wp-json\/wp\/v2\/comments?post=195"}],"version-history":[{"count":3,"href":"https:\/\/businessagility.education\/blog\/it\/wp-json\/wp\/v2\/pages\/195\/revisions"}],"predecessor-version":[{"id":202,"href":"https:\/\/businessagility.education\/blog\/it\/wp-json\/wp\/v2\/pages\/195\/revisions\/202"}],"wp:featuredmedia":[{"embeddable":true,"href":"https:\/\/businessagility.education\/blog\/it\/wp-json\/wp\/v2\/media\/196"}],"wp:attachment":[{"href":"https:\/\/businessagility.education\/blog\/it\/wp-json\/wp\/v2\/media?parent=195"}],"curies":[{"name":"wp","href":"https:\/\/api.w.org\/{rel}","templated":true}]}}