{"id":16,"date":"2022-04-15T17:45:34","date_gmt":"2022-04-15T21:45:34","guid":{"rendered":"https:\/\/businessagility.education\/blog\/?page_id=16"},"modified":"2022-04-15T17:45:34","modified_gmt":"2022-04-15T21:45:34","slug":"terms-and-conditions","status":"publish","type":"page","link":"https:\/\/businessagility.education\/blog\/it\/terms-and-conditions\/","title":{"rendered":"Termini"},"content":{"rendered":"<h4 class=\"wp-block-heading\">Condizioni generali di utilizzo<\/h4>\n\n\n\n<p>Utilizzando questo sito web, <a href=\"https:\/\/businessagility.education\/\">businessagility.education<\/a> (IL SITO), l'utente accetta le condizioni d'uso ad esso relative, sia per uso commerciale che non commerciale. Se non siete d'accordo con i termini d'uso e la nostra politica sulla privacy, vi preghiamo di non utilizzare il nostro sito web. businessagility.education si riserva il diritto di cambiare, modificare, aggiungere o rimuovere parti di questi termini d'uso e della privacy in qualsiasi momento e senza preavviso. Non ci assumiamo alcun impegno in merito all'accuratezza o all'affidabilit\u00e0 delle visualizzazioni di servizi, prodotti, suggerimenti, avvisi, dichiarazioni o altre informazioni visualizzate, scaricate o trasmesse attraverso il Servizio da noi, dai nostri partner, da qualsiasi commerciante e\/o espositore, o da qualsiasi altra persona o entit\u00e0. L'utente si assume i rischi che corre facendo affidamento su qualsiasi opinione, visualizzazione o informazione. I link ad altri siti web che si trovano su businessagility.education, cos\u00ec come le sue altre propriet\u00e0 web, non sono approvazioni di prodotti o servizi offerti su questi stessi siti, FrenchMarketing.ca non ha avallato n\u00e9 approvato le informazioni su questi siti. I termini e le condizioni sono regolati dalle leggi del Quebec, Canada. In caso di procedimento e\/o azione legale, l'utente accetta di sollevarci da ogni responsabilit\u00e0 e di difenderci a sue spese. Se una qualsiasi disposizione delle presenti Condizioni d'uso dovesse essere annullata da una decisione del tribunale, le restanti disposizioni rimarranno valide e continueranno ad essere applicate.<\/p>\n\n\n\n<h4 class=\"wp-block-heading\">Copyrights Condizioni d'uso<\/h4>\n\n\n\n<p>Non \u00e8 consentito copiare, visualizzare, distribuire o riprodurre in altro modo testi, immagini o altri formati protetti da copyright presenti sul nostro sito.<\/p>\n\n\n\n<h4 class=\"wp-block-heading\">Limitazione di responsabilit\u00e0 Condizioni d'uso<\/h4>\n\n\n\n<p>NON SIAMO RESPONSABILI PER DANNI DI QUALSIASI TIPO DERIVANTI DALL'USO DEL SITO. NON SIAMO RESPONSABILI DI EVENTUALI DANNI CONSEGUENTI E\/O INCIDENTALI DERIVANTI DALL'USO DEL SERVIZIO E DEL SITO DA PARTE DELL'UTENTE.<\/p>","protected":false},"excerpt":{"rendered":"<p>Condizioni generali d'uso Utilizzando questo sito web, businessagility.education (IL SITO), l'utente accetta le condizioni d'uso ad esso relative, sia per uso commerciale che non commerciale. Se non siete d'accordo con i termini di utilizzo e con la nostra politica sulla privacy, siete pregati di non utilizzare il nostro sito web. businessagility.education si riserva il diritto di cambiare, modificare, aggiungere [...]<\/p>","protected":false},"author":1,"featured_media":0,"parent":0,"menu_order":0,"comment_status":"closed","ping_status":"closed","template":"","meta":{"footnotes":""},"class_list":["post-16","page","type-page","status-publish","hentry"],"yoast_head":"<!-- This site is optimized with the Yoast SEO plugin v24.9 - https:\/\/yoast.com\/wordpress\/plugins\/seo\/ -->\n<title>Terms - Business Agility+AI<\/title>\n<meta name=\"robots\" content=\"index, follow, max-snippet:-1, max-image-preview:large, max-video-preview:-1\" \/>\n<link rel=\"canonical\" href=\"https:\/\/businessagility.education\/blog\/it\/terms-and-conditions\/\" \/>\n<meta property=\"og:locale\" content=\"it_IT\" \/>\n<meta property=\"og:type\" content=\"article\" \/>\n<meta property=\"og:title\" content=\"Terms - Business Agility+AI\" \/>\n<meta property=\"og:description\" content=\"General Terms of Use By using this website, businessagility.education (THE SITE), you agree to the terms of use relating to it, whether for commercial or non-commercial use. If you do not agree with the terms of use and our privacy policy, please do not use our website. businessagility.education reserves the right to change, modify, add [&hellip;]\" \/>\n<meta property=\"og:url\" content=\"https:\/\/businessagility.education\/blog\/it\/terms-and-conditions\/\" \/>\n<meta property=\"og:site_name\" content=\"Business Agility+AI\" \/>\n<meta name=\"twitter:card\" content=\"summary_large_image\" \/>\n<meta name=\"twitter:label1\" content=\"Tempo di lettura stimato\" \/>\n\t<meta name=\"twitter:data1\" content=\"2 minuti\" \/>\n<script type=\"application\/ld+json\" class=\"yoast-schema-graph\">{\"@context\":\"https:\/\/schema.org\",\"@graph\":[{\"@type\":\"WebPage\",\"@id\":\"https:\/\/businessagility.education\/blog\/terms-and-conditions\/\",\"url\":\"https:\/\/businessagility.education\/blog\/terms-and-conditions\/\",\"name\":\"Terms - Business Agility+AI\",\"isPartOf\":{\"@id\":\"https:\/\/businessagility.education\/blog\/#website\"},\"datePublished\":\"2022-04-15T21:45:34+00:00\",\"breadcrumb\":{\"@id\":\"https:\/\/businessagility.education\/blog\/terms-and-conditions\/#breadcrumb\"},\"inLanguage\":\"it-IT\",\"potentialAction\":[{\"@type\":\"ReadAction\",\"target\":[\"https:\/\/businessagility.education\/blog\/terms-and-conditions\/\"]}]},{\"@type\":\"BreadcrumbList\",\"@id\":\"https:\/\/businessagility.education\/blog\/terms-and-conditions\/#breadcrumb\",\"itemListElement\":[{\"@type\":\"ListItem\",\"position\":1,\"name\":\"Home\",\"item\":\"https:\/\/businessagility.education\/blog\/\"},{\"@type\":\"ListItem\",\"position\":2,\"name\":\"Terms\"}]},{\"@type\":\"WebSite\",\"@id\":\"https:\/\/businessagility.education\/blog\/#website\",\"url\":\"https:\/\/businessagility.education\/blog\/\",\"name\":\"Business Agility+AI\",\"description\":\"The Business Agility + Artificial Intelligence Blog\",\"publisher\":{\"@id\":\"https:\/\/businessagility.education\/blog\/#organization\"},\"potentialAction\":[{\"@type\":\"SearchAction\",\"target\":{\"@type\":\"EntryPoint\",\"urlTemplate\":\"https:\/\/businessagility.education\/blog\/?s={search_term_string}\"},\"query-input\":{\"@type\":\"PropertyValueSpecification\",\"valueRequired\":true,\"valueName\":\"search_term_string\"}}],\"inLanguage\":\"it-IT\"},{\"@type\":\"Organization\",\"@id\":\"https:\/\/businessagility.education\/blog\/#organization\",\"name\":\"Business Agility+AI\",\"url\":\"https:\/\/businessagility.education\/blog\/\",\"logo\":{\"@type\":\"ImageObject\",\"inLanguage\":\"it-IT\",\"@id\":\"https:\/\/businessagility.education\/blog\/#\/schema\/logo\/image\/\",\"url\":\"https:\/\/businessagility.education\/blog\/wp-content\/uploads\/2022\/06\/business-agility-blog-logo.png\",\"contentUrl\":\"https:\/\/businessagility.education\/blog\/wp-content\/uploads\/2022\/06\/business-agility-blog-logo.png\",\"width\":200,\"height\":100,\"caption\":\"Business Agility+AI\"},\"image\":{\"@id\":\"https:\/\/businessagility.education\/blog\/#\/schema\/logo\/image\/\"}}]}<\/script>\n<!-- \/ Yoast SEO plugin. -->","yoast_head_json":{"title":"Terms - Business Agility+AI","robots":{"index":"index","follow":"follow","max-snippet":"max-snippet:-1","max-image-preview":"max-image-preview:large","max-video-preview":"max-video-preview:-1"},"canonical":"https:\/\/businessagility.education\/blog\/it\/terms-and-conditions\/","og_locale":"it_IT","og_type":"article","og_title":"Terms - Business Agility+AI","og_description":"General Terms of Use By using this website, businessagility.education (THE SITE), you agree to the terms of use relating to it, whether for commercial or non-commercial use. If you do not agree with the terms of use and our privacy policy, please do not use our website. businessagility.education reserves the right to change, modify, add [&hellip;]","og_url":"https:\/\/businessagility.education\/blog\/it\/terms-and-conditions\/","og_site_name":"Business Agility+AI","twitter_card":"summary_large_image","twitter_misc":{"Tempo di lettura stimato":"2 minuti"},"schema":{"@context":"https:\/\/schema.org","@graph":[{"@type":"WebPage","@id":"https:\/\/businessagility.education\/blog\/terms-and-conditions\/","url":"https:\/\/businessagility.education\/blog\/terms-and-conditions\/","name":"Terms - Business Agility+AI","isPartOf":{"@id":"https:\/\/businessagility.education\/blog\/#website"},"datePublished":"2022-04-15T21:45:34+00:00","breadcrumb":{"@id":"https:\/\/businessagility.education\/blog\/terms-and-conditions\/#breadcrumb"},"inLanguage":"it-IT","potentialAction":[{"@type":"ReadAction","target":["https:\/\/businessagility.education\/blog\/terms-and-conditions\/"]}]},{"@type":"BreadcrumbList","@id":"https:\/\/businessagility.education\/blog\/terms-and-conditions\/#breadcrumb","itemListElement":[{"@type":"ListItem","position":1,"name":"Home","item":"https:\/\/businessagility.education\/blog\/"},{"@type":"ListItem","position":2,"name":"Terms"}]},{"@type":"WebSite","@id":"https:\/\/businessagility.education\/blog\/#website","url":"https:\/\/businessagility.education\/blog\/","name":"Business Agility+AI","description":"The Business Agility + Artificial Intelligence Blog","publisher":{"@id":"https:\/\/businessagility.education\/blog\/#organization"},"potentialAction":[{"@type":"SearchAction","target":{"@type":"EntryPoint","urlTemplate":"https:\/\/businessagility.education\/blog\/?s={search_term_string}"},"query-input":{"@type":"PropertyValueSpecification","valueRequired":true,"valueName":"search_term_string"}}],"inLanguage":"it-IT"},{"@type":"Organization","@id":"https:\/\/businessagility.education\/blog\/#organization","name":"Business Agility+AI","url":"https:\/\/businessagility.education\/blog\/","logo":{"@type":"ImageObject","inLanguage":"it-IT","@id":"https:\/\/businessagility.education\/blog\/#\/schema\/logo\/image\/","url":"https:\/\/businessagility.education\/blog\/wp-content\/uploads\/2022\/06\/business-agility-blog-logo.png","contentUrl":"https:\/\/businessagility.education\/blog\/wp-content\/uploads\/2022\/06\/business-agility-blog-logo.png","width":200,"height":100,"caption":"Business Agility+AI"},"image":{"@id":"https:\/\/businessagility.education\/blog\/#\/schema\/logo\/image\/"}}]}},"_links":{"self":[{"href":"https:\/\/businessagility.education\/blog\/it\/wp-json\/wp\/v2\/pages\/16","targetHints":{"allow":["GET"]}}],"collection":[{"href":"https:\/\/businessagility.education\/blog\/it\/wp-json\/wp\/v2\/pages"}],"about":[{"href":"https:\/\/businessagility.education\/blog\/it\/wp-json\/wp\/v2\/types\/page"}],"author":[{"embeddable":true,"href":"https:\/\/businessagility.education\/blog\/it\/wp-json\/wp\/v2\/users\/1"}],"replies":[{"embeddable":true,"href":"https:\/\/businessagility.education\/blog\/it\/wp-json\/wp\/v2\/comments?post=16"}],"version-history":[{"count":1,"href":"https:\/\/businessagility.education\/blog\/it\/wp-json\/wp\/v2\/pages\/16\/revisions"}],"predecessor-version":[{"id":17,"href":"https:\/\/businessagility.education\/blog\/it\/wp-json\/wp\/v2\/pages\/16\/revisions\/17"}],"wp:attachment":[{"href":"https:\/\/businessagility.education\/blog\/it\/wp-json\/wp\/v2\/media?parent=16"}],"curies":[{"name":"wp","href":"https:\/\/api.w.org\/{rel}","templated":true}]}}