{"id":131,"date":"2022-08-12T12:58:24","date_gmt":"2022-08-12T16:58:24","guid":{"rendered":"https:\/\/businessagility.education\/blog\/?page_id=131"},"modified":"2022-08-12T12:58:24","modified_gmt":"2022-08-12T16:58:24","slug":"business-agility-finland","status":"publish","type":"page","link":"https:\/\/businessagility.education\/blog\/it\/business-agility-finland\/","title":{"rendered":"Agilit\u00e0 aziendale Finlandia"},"content":{"rendered":"<figure class=\"wp-block-image size-full\"><img loading=\"lazy\" decoding=\"async\" width=\"640\" height=\"427\" src=\"https:\/\/businessagility.education\/blog\/wp-content\/uploads\/2022\/08\/business-agility-blog-finland.png\" alt=\"business agility finland\" class=\"wp-image-132\" srcset=\"https:\/\/businessagility.education\/blog\/wp-content\/uploads\/2022\/08\/business-agility-blog-finland.png 640w, https:\/\/businessagility.education\/blog\/wp-content\/uploads\/2022\/08\/business-agility-blog-finland-300x200.png 300w, https:\/\/businessagility.education\/blog\/wp-content\/uploads\/2022\/08\/business-agility-blog-finland-18x12.png 18w\" sizes=\"auto, (max-width: 640px) 100vw, 640px\" \/><\/figure>\n\n\n\n<h2 id=\"agilemarketingfinland\">Marketing agile in Finlandia<\/h2>\n\n\n\n<p>La revisione della letteratura e i contributi al corpo di conoscenze sul marketing agile dalla Finlandia sono in fase di sviluppo - Argomenti: Agile marketing finlandia ketter\u00e4 markkinointi.<\/p>\n\n\n\n<h2 class=\"wp-block-heading\">Mondo del marketing agile: Universit\u00e0 finlandesi<\/h2>\n\n\n\n<p>Revisione della letteratura sull'agilit\u00e0 del marketing nelle universit\u00e0 e nei ricercatori finlandesi che abbracciano o esprimono i valori del Manifesto del Marketing Agile: \"L\u00f6yd\u00e4mme parempia tapoja tuottaa arvoa asiakkaillemme ja organisaatioillemme tekem\u00e4ll\u00e4 markkinointia uusilla tavoilla\" - <a href=\"https:\/\/agilemarketingmanifesto.org\/languages\/finnish\/\" target=\"_blank\" rel=\"noreferrer noopener\">https:\/\/agilemarketingmanifesto.org\/languages\/finnish\/<\/a><\/p>\n\n\n\n<h2 class=\"wp-block-heading\">Ricerche correlate al marketing agile in Finlandia<\/h2>\n\n\n\n<h4 class=\"wp-block-heading\">Universit\u00e0 finlandesi: Growth Hacking<\/h4>\n\n\n\n<h3 class=\"wp-block-heading\">Universit\u00e0 di Scienze Applicate di Haaga-Helia, Finlandia<\/h3>\n\n\n\n<h4 class=\"wp-block-heading\"><strong>Marko M\u00e4ki e Tuija Toivola<\/strong><\/h4>\n\n\n\n<h6 class=\"wp-block-heading\">2021<\/h6>\n\n\n\n<p>\"eCom ha bisogno di strategie per il suo modo di operare, insieme a tattiche e azioni di marketing agili in mercati selezionati\".<\/p>\n\n\n\n<p>M\u00e4ki, M. e Toivola, T. 2021. L'ingresso nel mercato globale per le PMI finlandesi del commercio elettronico.&nbsp;<em>Rassegna di gestione dell'innovazione tecnologica<\/em>, 11(1): 11-21. <\/p>\n\n\n\n<p><a href=\"http:\/\/doi.org\/10.22215\/timreview\/1413\" target=\"_blank\" rel=\"noreferrer noopener\">http:\/\/doi.org\/10.22215\/timreview\/1413 <\/a><\/p>","protected":false},"excerpt":{"rendered":"<p>Agile Marketing in Finland The Literature Review and contributions to the Body of Knowledge on Agile Marketing from Finland is under Development &#8211; Topics: Agile marketing finland ketter\u00e4 markkinointi. Agile Marketing World: Finnish Universities Literature Review of Marketing Agility in Finnish Universities and Researchers in Finland embracing or expressing the Agile Marketing Manifesto Values: \u201cL\u00f6yd\u00e4mme [&hellip;]<\/p>","protected":false},"author":1,"featured_media":0,"parent":0,"menu_order":0,"comment_status":"closed","ping_status":"closed","template":"","meta":{"footnotes":""},"class_list":["post-131","page","type-page","status-publish","hentry"],"yoast_head":"<!-- This site is optimized with the Yoast SEO plugin v24.9 - https:\/\/yoast.com\/wordpress\/plugins\/seo\/ -->\n<title>Business Agility Finland - Agile HR, Agile Sales &amp; Marketing, Agile Finance<\/title>\n<meta name=\"description\" content=\"Business Agility, Agile Sales, Agile HR and Agile Marketing in Finland Universities. Agility in Business Research and Education in Finland\" \/>\n<meta name=\"robots\" content=\"index, follow, max-snippet:-1, max-image-preview:large, max-video-preview:-1\" \/>\n<link rel=\"canonical\" href=\"https:\/\/businessagility.education\/blog\/it\/business-agility-finland\/\" \/>\n<meta property=\"og:locale\" content=\"it_IT\" \/>\n<meta property=\"og:type\" content=\"article\" \/>\n<meta property=\"og:title\" content=\"Business Agility Finland - Agile HR, Agile Sales &amp; Marketing, Agile Finance\" \/>\n<meta property=\"og:description\" content=\"Business Agility, Agile Sales, Agile HR and Agile Marketing in Finland Universities. Agility in Business Research and Education in Finland\" \/>\n<meta property=\"og:url\" content=\"https:\/\/businessagility.education\/blog\/it\/business-agility-finland\/\" \/>\n<meta property=\"og:site_name\" content=\"Business Agility+AI\" \/>\n<meta property=\"og:image\" content=\"https:\/\/businessagility.education\/blog\/wp-content\/uploads\/2022\/08\/business-agility-blog-finland.png\" \/>\n<meta name=\"twitter:card\" content=\"summary_large_image\" \/>\n<meta name=\"twitter:label1\" content=\"Tempo di lettura stimato\" \/>\n\t<meta name=\"twitter:data1\" content=\"1 minuto\" \/>\n<script type=\"application\/ld+json\" class=\"yoast-schema-graph\">{\"@context\":\"https:\/\/schema.org\",\"@graph\":[{\"@type\":\"WebPage\",\"@id\":\"https:\/\/businessagility.education\/blog\/business-agility-finland\/\",\"url\":\"https:\/\/businessagility.education\/blog\/business-agility-finland\/\",\"name\":\"Business Agility Finland - Agile HR, Agile Sales & Marketing, Agile Finance\",\"isPartOf\":{\"@id\":\"https:\/\/businessagility.education\/blog\/#website\"},\"primaryImageOfPage\":{\"@id\":\"https:\/\/businessagility.education\/blog\/business-agility-finland\/#primaryimage\"},\"image\":{\"@id\":\"https:\/\/businessagility.education\/blog\/business-agility-finland\/#primaryimage\"},\"thumbnailUrl\":\"https:\/\/businessagility.education\/blog\/wp-content\/uploads\/2022\/08\/business-agility-blog-finland.png\",\"datePublished\":\"2022-08-12T16:58:24+00:00\",\"description\":\"Business Agility, Agile Sales, Agile HR and Agile Marketing in Finland Universities. Agility in Business Research and Education in Finland\",\"breadcrumb\":{\"@id\":\"https:\/\/businessagility.education\/blog\/business-agility-finland\/#breadcrumb\"},\"inLanguage\":\"it-IT\",\"potentialAction\":[{\"@type\":\"ReadAction\",\"target\":[\"https:\/\/businessagility.education\/blog\/business-agility-finland\/\"]}]},{\"@type\":\"ImageObject\",\"inLanguage\":\"it-IT\",\"@id\":\"https:\/\/businessagility.education\/blog\/business-agility-finland\/#primaryimage\",\"url\":\"https:\/\/businessagility.education\/blog\/wp-content\/uploads\/2022\/08\/business-agility-blog-finland.png\",\"contentUrl\":\"https:\/\/businessagility.education\/blog\/wp-content\/uploads\/2022\/08\/business-agility-blog-finland.png\"},{\"@type\":\"BreadcrumbList\",\"@id\":\"https:\/\/businessagility.education\/blog\/business-agility-finland\/#breadcrumb\",\"itemListElement\":[{\"@type\":\"ListItem\",\"position\":1,\"name\":\"Home\",\"item\":\"https:\/\/businessagility.education\/blog\/\"},{\"@type\":\"ListItem\",\"position\":2,\"name\":\"Business Agility Finland\"}]},{\"@type\":\"WebSite\",\"@id\":\"https:\/\/businessagility.education\/blog\/#website\",\"url\":\"https:\/\/businessagility.education\/blog\/\",\"name\":\"Business Agility+AI\",\"description\":\"The Business Agility + Artificial Intelligence Blog\",\"publisher\":{\"@id\":\"https:\/\/businessagility.education\/blog\/#organization\"},\"potentialAction\":[{\"@type\":\"SearchAction\",\"target\":{\"@type\":\"EntryPoint\",\"urlTemplate\":\"https:\/\/businessagility.education\/blog\/?s={search_term_string}\"},\"query-input\":{\"@type\":\"PropertyValueSpecification\",\"valueRequired\":true,\"valueName\":\"search_term_string\"}}],\"inLanguage\":\"it-IT\"},{\"@type\":\"Organization\",\"@id\":\"https:\/\/businessagility.education\/blog\/#organization\",\"name\":\"Business Agility+AI\",\"url\":\"https:\/\/businessagility.education\/blog\/\",\"logo\":{\"@type\":\"ImageObject\",\"inLanguage\":\"it-IT\",\"@id\":\"https:\/\/businessagility.education\/blog\/#\/schema\/logo\/image\/\",\"url\":\"https:\/\/businessagility.education\/blog\/wp-content\/uploads\/2022\/06\/business-agility-blog-logo.png\",\"contentUrl\":\"https:\/\/businessagility.education\/blog\/wp-content\/uploads\/2022\/06\/business-agility-blog-logo.png\",\"width\":200,\"height\":100,\"caption\":\"Business Agility+AI\"},\"image\":{\"@id\":\"https:\/\/businessagility.education\/blog\/#\/schema\/logo\/image\/\"}}]}<\/script>\n<!-- \/ Yoast SEO plugin. -->","yoast_head_json":{"title":"Business Agility Finland - Agile HR, Agile Sales & Marketing, Agile Finance","description":"Business Agility, Agile Sales, Agile HR and Agile Marketing in Finland Universities. Agility in Business Research and Education in Finland","robots":{"index":"index","follow":"follow","max-snippet":"max-snippet:-1","max-image-preview":"max-image-preview:large","max-video-preview":"max-video-preview:-1"},"canonical":"https:\/\/businessagility.education\/blog\/it\/business-agility-finland\/","og_locale":"it_IT","og_type":"article","og_title":"Business Agility Finland - Agile HR, Agile Sales & Marketing, Agile Finance","og_description":"Business Agility, Agile Sales, Agile HR and Agile Marketing in Finland Universities. Agility in Business Research and Education in Finland","og_url":"https:\/\/businessagility.education\/blog\/it\/business-agility-finland\/","og_site_name":"Business Agility+AI","og_image":[{"url":"https:\/\/businessagility.education\/blog\/wp-content\/uploads\/2022\/08\/business-agility-blog-finland.png","type":"","width":"","height":""}],"twitter_card":"summary_large_image","twitter_misc":{"Tempo di lettura stimato":"1 minuto"},"schema":{"@context":"https:\/\/schema.org","@graph":[{"@type":"WebPage","@id":"https:\/\/businessagility.education\/blog\/business-agility-finland\/","url":"https:\/\/businessagility.education\/blog\/business-agility-finland\/","name":"Business Agility Finland - Agile HR, Agile Sales & Marketing, Agile Finance","isPartOf":{"@id":"https:\/\/businessagility.education\/blog\/#website"},"primaryImageOfPage":{"@id":"https:\/\/businessagility.education\/blog\/business-agility-finland\/#primaryimage"},"image":{"@id":"https:\/\/businessagility.education\/blog\/business-agility-finland\/#primaryimage"},"thumbnailUrl":"https:\/\/businessagility.education\/blog\/wp-content\/uploads\/2022\/08\/business-agility-blog-finland.png","datePublished":"2022-08-12T16:58:24+00:00","description":"Business Agility, Agile Sales, Agile HR and Agile Marketing in Finland Universities. Agility in Business Research and Education in Finland","breadcrumb":{"@id":"https:\/\/businessagility.education\/blog\/business-agility-finland\/#breadcrumb"},"inLanguage":"it-IT","potentialAction":[{"@type":"ReadAction","target":["https:\/\/businessagility.education\/blog\/business-agility-finland\/"]}]},{"@type":"ImageObject","inLanguage":"it-IT","@id":"https:\/\/businessagility.education\/blog\/business-agility-finland\/#primaryimage","url":"https:\/\/businessagility.education\/blog\/wp-content\/uploads\/2022\/08\/business-agility-blog-finland.png","contentUrl":"https:\/\/businessagility.education\/blog\/wp-content\/uploads\/2022\/08\/business-agility-blog-finland.png"},{"@type":"BreadcrumbList","@id":"https:\/\/businessagility.education\/blog\/business-agility-finland\/#breadcrumb","itemListElement":[{"@type":"ListItem","position":1,"name":"Home","item":"https:\/\/businessagility.education\/blog\/"},{"@type":"ListItem","position":2,"name":"Business Agility Finland"}]},{"@type":"WebSite","@id":"https:\/\/businessagility.education\/blog\/#website","url":"https:\/\/businessagility.education\/blog\/","name":"Business Agility+AI","description":"The Business Agility + Artificial Intelligence Blog","publisher":{"@id":"https:\/\/businessagility.education\/blog\/#organization"},"potentialAction":[{"@type":"SearchAction","target":{"@type":"EntryPoint","urlTemplate":"https:\/\/businessagility.education\/blog\/?s={search_term_string}"},"query-input":{"@type":"PropertyValueSpecification","valueRequired":true,"valueName":"search_term_string"}}],"inLanguage":"it-IT"},{"@type":"Organization","@id":"https:\/\/businessagility.education\/blog\/#organization","name":"Business Agility+AI","url":"https:\/\/businessagility.education\/blog\/","logo":{"@type":"ImageObject","inLanguage":"it-IT","@id":"https:\/\/businessagility.education\/blog\/#\/schema\/logo\/image\/","url":"https:\/\/businessagility.education\/blog\/wp-content\/uploads\/2022\/06\/business-agility-blog-logo.png","contentUrl":"https:\/\/businessagility.education\/blog\/wp-content\/uploads\/2022\/06\/business-agility-blog-logo.png","width":200,"height":100,"caption":"Business Agility+AI"},"image":{"@id":"https:\/\/businessagility.education\/blog\/#\/schema\/logo\/image\/"}}]}},"_links":{"self":[{"href":"https:\/\/businessagility.education\/blog\/it\/wp-json\/wp\/v2\/pages\/131","targetHints":{"allow":["GET"]}}],"collection":[{"href":"https:\/\/businessagility.education\/blog\/it\/wp-json\/wp\/v2\/pages"}],"about":[{"href":"https:\/\/businessagility.education\/blog\/it\/wp-json\/wp\/v2\/types\/page"}],"author":[{"embeddable":true,"href":"https:\/\/businessagility.education\/blog\/it\/wp-json\/wp\/v2\/users\/1"}],"replies":[{"embeddable":true,"href":"https:\/\/businessagility.education\/blog\/it\/wp-json\/wp\/v2\/comments?post=131"}],"version-history":[{"count":1,"href":"https:\/\/businessagility.education\/blog\/it\/wp-json\/wp\/v2\/pages\/131\/revisions"}],"predecessor-version":[{"id":133,"href":"https:\/\/businessagility.education\/blog\/it\/wp-json\/wp\/v2\/pages\/131\/revisions\/133"}],"wp:attachment":[{"href":"https:\/\/businessagility.education\/blog\/it\/wp-json\/wp\/v2\/media?parent=131"}],"curies":[{"name":"wp","href":"https:\/\/api.w.org\/{rel}","templated":true}]}}