{"id":10,"date":"2022-04-15T13:38:35","date_gmt":"2022-04-15T17:38:35","guid":{"rendered":"https:\/\/businessagility.education\/blog\/?page_id=10"},"modified":"2022-04-15T13:43:12","modified_gmt":"2022-04-15T17:43:12","slug":"privacy-policy","status":"publish","type":"page","link":"https:\/\/businessagility.education\/blog\/it\/privacy-policy\/","title":{"rendered":"Informativa sulla privacy"},"content":{"rendered":"<h2 class=\"wp-block-heading\">Chi siamo<\/h2>\n\n\n\n<p><strong class=\"privacy-policy-tutorial\">Thomas Hormaza Dow<\/strong><\/p>\n\n\n\n<p>https:\/\/businessagility.education\/blog.<\/p>\n\n\n\n<h4 class=\"wp-block-heading\">Tecnologia sul nostro sito<\/h4>\n\n\n\n<ul class=\"wp-block-list\"><li>HTML, CSS, JavaScript, PHP, SQL<\/li><li>Google Analytics<\/li><li>WordPress<\/li><\/ul>\n\n\n\n<p>Tutto ci\u00f2 che vedete sul nostro sito che suggerisce l'utilizzo di cookie \u00e8 dovuto solo al funzionamento di WordPress o di Google Analytics. Il nostro obiettivo \u00e8 proteggere qualsiasi informazione condivisa con noi. Sappiamo di poter mantenere la nostra promessa nei vostri confronti perch\u00e9 non raccogliamo alcuna informazione personale in nessun momento. La comunit\u00e0 \u00e8 aperta solo agli educatori, ai formatori, ai ricercatori e ai clienti che conosciamo, quindi non potrete iscrivervi a meno che non vi conosciamo personalmente e non abbiamo stabilito un contatto con voi e ottenuto il vostro consenso per scrivere o contribuire sul nostro sito. Infine, vi ricordiamo che questo \u00e8 un sito di sola informazione, la comunicazione con la nostra comunit\u00e0 avviene sul nostro sito&nbsp;<a rel=\"noreferrer noopener\" href=\"https:\/\/www.linkedin.com\/company\/business-agility-education\/\" target=\"_blank\">Pagina LinkedIn<\/a><\/p>\n\n\n\n<p>Se avete dubbi o domande scriveteci. Scrivici qui:&nbsp;<a href=\"https:\/\/businessagility.education\/blog\/contact\" target=\"_blank\" rel=\"noreferrer noopener\">Contatto<\/a><\/p>","protected":false},"excerpt":{"rendered":"<p>Who we are Thomas Hormaza Dow https:\/\/businessagility.education\/blog. Technology on our site HTML, CSS, JavaScript, PHP, SQL Google Analytics WordPress Anything you see on our site that suggests we are using cookies is only due to how WordPress or how Google Analytics operates. Our goal is to protect any information shared with us. We know we [&hellip;]<\/p>","protected":false},"author":1,"featured_media":0,"parent":0,"menu_order":0,"comment_status":"closed","ping_status":"closed","template":"","meta":{"footnotes":""},"class_list":["post-10","page","type-page","status-publish","hentry"],"yoast_head":"<!-- This site is optimized with the Yoast SEO plugin v24.9 - https:\/\/yoast.com\/wordpress\/plugins\/seo\/ -->\n<title>Privacy Policy - Business Agility+AI<\/title>\n<meta name=\"robots\" content=\"index, follow, max-snippet:-1, max-image-preview:large, max-video-preview:-1\" \/>\n<link rel=\"canonical\" href=\"https:\/\/businessagility.education\/blog\/it\/privacy-policy\/\" \/>\n<meta property=\"og:locale\" content=\"it_IT\" \/>\n<meta property=\"og:type\" content=\"article\" \/>\n<meta property=\"og:title\" content=\"Privacy Policy - Business Agility+AI\" \/>\n<meta property=\"og:description\" content=\"Who we are Thomas Hormaza Dow https:\/\/businessagility.education\/blog. Technology on our site HTML, CSS, JavaScript, PHP, SQL Google Analytics WordPress Anything you see on our site that suggests we are using cookies is only due to how WordPress or how Google Analytics operates. Our goal is to protect any information shared with us. We know we [&hellip;]\" \/>\n<meta property=\"og:url\" content=\"https:\/\/businessagility.education\/blog\/it\/privacy-policy\/\" \/>\n<meta property=\"og:site_name\" content=\"Business Agility+AI\" \/>\n<meta property=\"article:modified_time\" content=\"2022-04-15T17:43:12+00:00\" \/>\n<meta name=\"twitter:card\" content=\"summary_large_image\" \/>\n<meta name=\"twitter:label1\" content=\"Tempo di lettura stimato\" \/>\n\t<meta name=\"twitter:data1\" content=\"1 minuto\" \/>\n<script type=\"application\/ld+json\" class=\"yoast-schema-graph\">{\"@context\":\"https:\/\/schema.org\",\"@graph\":[{\"@type\":\"WebPage\",\"@id\":\"https:\/\/businessagility.education\/blog\/privacy-policy\/\",\"url\":\"https:\/\/businessagility.education\/blog\/privacy-policy\/\",\"name\":\"Privacy Policy - Business Agility+AI\",\"isPartOf\":{\"@id\":\"https:\/\/businessagility.education\/blog\/#website\"},\"datePublished\":\"2022-04-15T17:38:35+00:00\",\"dateModified\":\"2022-04-15T17:43:12+00:00\",\"breadcrumb\":{\"@id\":\"https:\/\/businessagility.education\/blog\/privacy-policy\/#breadcrumb\"},\"inLanguage\":\"it-IT\",\"potentialAction\":[{\"@type\":\"ReadAction\",\"target\":[\"https:\/\/businessagility.education\/blog\/privacy-policy\/\"]}]},{\"@type\":\"BreadcrumbList\",\"@id\":\"https:\/\/businessagility.education\/blog\/privacy-policy\/#breadcrumb\",\"itemListElement\":[{\"@type\":\"ListItem\",\"position\":1,\"name\":\"Home\",\"item\":\"https:\/\/businessagility.education\/blog\/\"},{\"@type\":\"ListItem\",\"position\":2,\"name\":\"Privacy Policy\"}]},{\"@type\":\"WebSite\",\"@id\":\"https:\/\/businessagility.education\/blog\/#website\",\"url\":\"https:\/\/businessagility.education\/blog\/\",\"name\":\"Business Agility+AI\",\"description\":\"The Business Agility + Artificial Intelligence Blog\",\"publisher\":{\"@id\":\"https:\/\/businessagility.education\/blog\/#organization\"},\"potentialAction\":[{\"@type\":\"SearchAction\",\"target\":{\"@type\":\"EntryPoint\",\"urlTemplate\":\"https:\/\/businessagility.education\/blog\/?s={search_term_string}\"},\"query-input\":{\"@type\":\"PropertyValueSpecification\",\"valueRequired\":true,\"valueName\":\"search_term_string\"}}],\"inLanguage\":\"it-IT\"},{\"@type\":\"Organization\",\"@id\":\"https:\/\/businessagility.education\/blog\/#organization\",\"name\":\"Business Agility+AI\",\"url\":\"https:\/\/businessagility.education\/blog\/\",\"logo\":{\"@type\":\"ImageObject\",\"inLanguage\":\"it-IT\",\"@id\":\"https:\/\/businessagility.education\/blog\/#\/schema\/logo\/image\/\",\"url\":\"https:\/\/businessagility.education\/blog\/wp-content\/uploads\/2022\/06\/business-agility-blog-logo.png\",\"contentUrl\":\"https:\/\/businessagility.education\/blog\/wp-content\/uploads\/2022\/06\/business-agility-blog-logo.png\",\"width\":200,\"height\":100,\"caption\":\"Business Agility+AI\"},\"image\":{\"@id\":\"https:\/\/businessagility.education\/blog\/#\/schema\/logo\/image\/\"}}]}<\/script>\n<!-- \/ Yoast SEO plugin. -->","yoast_head_json":{"title":"Privacy Policy - Business Agility+AI","robots":{"index":"index","follow":"follow","max-snippet":"max-snippet:-1","max-image-preview":"max-image-preview:large","max-video-preview":"max-video-preview:-1"},"canonical":"https:\/\/businessagility.education\/blog\/it\/privacy-policy\/","og_locale":"it_IT","og_type":"article","og_title":"Privacy Policy - Business Agility+AI","og_description":"Who we are Thomas Hormaza Dow https:\/\/businessagility.education\/blog. Technology on our site HTML, CSS, JavaScript, PHP, SQL Google Analytics WordPress Anything you see on our site that suggests we are using cookies is only due to how WordPress or how Google Analytics operates. Our goal is to protect any information shared with us. We know we [&hellip;]","og_url":"https:\/\/businessagility.education\/blog\/it\/privacy-policy\/","og_site_name":"Business Agility+AI","article_modified_time":"2022-04-15T17:43:12+00:00","twitter_card":"summary_large_image","twitter_misc":{"Tempo di lettura stimato":"1 minuto"},"schema":{"@context":"https:\/\/schema.org","@graph":[{"@type":"WebPage","@id":"https:\/\/businessagility.education\/blog\/privacy-policy\/","url":"https:\/\/businessagility.education\/blog\/privacy-policy\/","name":"Privacy Policy - Business Agility+AI","isPartOf":{"@id":"https:\/\/businessagility.education\/blog\/#website"},"datePublished":"2022-04-15T17:38:35+00:00","dateModified":"2022-04-15T17:43:12+00:00","breadcrumb":{"@id":"https:\/\/businessagility.education\/blog\/privacy-policy\/#breadcrumb"},"inLanguage":"it-IT","potentialAction":[{"@type":"ReadAction","target":["https:\/\/businessagility.education\/blog\/privacy-policy\/"]}]},{"@type":"BreadcrumbList","@id":"https:\/\/businessagility.education\/blog\/privacy-policy\/#breadcrumb","itemListElement":[{"@type":"ListItem","position":1,"name":"Home","item":"https:\/\/businessagility.education\/blog\/"},{"@type":"ListItem","position":2,"name":"Privacy Policy"}]},{"@type":"WebSite","@id":"https:\/\/businessagility.education\/blog\/#website","url":"https:\/\/businessagility.education\/blog\/","name":"Business Agility+AI","description":"The Business Agility + Artificial Intelligence Blog","publisher":{"@id":"https:\/\/businessagility.education\/blog\/#organization"},"potentialAction":[{"@type":"SearchAction","target":{"@type":"EntryPoint","urlTemplate":"https:\/\/businessagility.education\/blog\/?s={search_term_string}"},"query-input":{"@type":"PropertyValueSpecification","valueRequired":true,"valueName":"search_term_string"}}],"inLanguage":"it-IT"},{"@type":"Organization","@id":"https:\/\/businessagility.education\/blog\/#organization","name":"Business Agility+AI","url":"https:\/\/businessagility.education\/blog\/","logo":{"@type":"ImageObject","inLanguage":"it-IT","@id":"https:\/\/businessagility.education\/blog\/#\/schema\/logo\/image\/","url":"https:\/\/businessagility.education\/blog\/wp-content\/uploads\/2022\/06\/business-agility-blog-logo.png","contentUrl":"https:\/\/businessagility.education\/blog\/wp-content\/uploads\/2022\/06\/business-agility-blog-logo.png","width":200,"height":100,"caption":"Business Agility+AI"},"image":{"@id":"https:\/\/businessagility.education\/blog\/#\/schema\/logo\/image\/"}}]}},"_links":{"self":[{"href":"https:\/\/businessagility.education\/blog\/it\/wp-json\/wp\/v2\/pages\/10","targetHints":{"allow":["GET"]}}],"collection":[{"href":"https:\/\/businessagility.education\/blog\/it\/wp-json\/wp\/v2\/pages"}],"about":[{"href":"https:\/\/businessagility.education\/blog\/it\/wp-json\/wp\/v2\/types\/page"}],"author":[{"embeddable":true,"href":"https:\/\/businessagility.education\/blog\/it\/wp-json\/wp\/v2\/users\/1"}],"replies":[{"embeddable":true,"href":"https:\/\/businessagility.education\/blog\/it\/wp-json\/wp\/v2\/comments?post=10"}],"version-history":[{"count":2,"href":"https:\/\/businessagility.education\/blog\/it\/wp-json\/wp\/v2\/pages\/10\/revisions"}],"predecessor-version":[{"id":13,"href":"https:\/\/businessagility.education\/blog\/it\/wp-json\/wp\/v2\/pages\/10\/revisions\/13"}],"wp:attachment":[{"href":"https:\/\/businessagility.education\/blog\/it\/wp-json\/wp\/v2\/media?parent=10"}],"curies":[{"name":"wp","href":"https:\/\/api.w.org\/{rel}","templated":true}]}}