{"id":555,"date":"2025-04-13T15:28:58","date_gmt":"2025-04-13T19:28:58","guid":{"rendered":"https:\/\/businessagility.education\/blog\/?page_id=555"},"modified":"2025-04-18T12:27:21","modified_gmt":"2025-04-18T16:27:21","slug":"ai-for-sales-executives","status":"publish","type":"page","link":"https:\/\/businessagility.education\/blog\/fr\/ai-for-sales-executives\/","title":{"rendered":"L'IA pour les cadres en ventes"},"content":{"rendered":"<p><\/p>\n\n\n\n<h3 class=\"wp-block-heading\">La feuille de route compl\u00e8te de 6 mois pour les leaders de la vente<\/h3>\n\n\n\n<p>Cette feuille de route d'apprentissage compl\u00e8te de 6 mois est con\u00e7ue pour aider les responsables des ventes \u00e0 int\u00e9grer en toute confiance l'intelligence artificielle (IA) dans leurs flux de travail de vente et leurs strat\u00e9gies \u00e0 long terme. Elle combine des outils pratiques, des cours essentiels, des perspectives \u00e9thiques et des cadres Agile pour transformer la fa\u00e7on dont les leaders commerciaux pensent, op\u00e8rent et dirigent.<\/p>\n\n\n\n<p><\/p>\n\n\n\n<figure class=\"wp-block-embed is-type-video is-provider-youtube wp-block-embed-youtube wp-embed-aspect-16-9 wp-has-aspect-ratio\"><div class=\"wp-block-embed__wrapper\">\n<iframe loading=\"lazy\" title=\"L&#039;IA pour les cadres commerciaux L&#039;ultime feuille de route de 6 mois pour les leaders commerciaux\" width=\"580\" height=\"326\" src=\"https:\/\/www.youtube.com\/embed\/nPNX4Stizl0?feature=oembed\" frameborder=\"0\" allow=\"accelerometer; autoplay; clipboard-write; encrypted-media; gyroscope; picture-in-picture; web-share\" referrerpolicy=\"strict-origin-when-cross-origin\" allowfullscreen><\/iframe>\n<\/div><\/figure>\n\n\n\n<p><\/p>\n\n\n\n<hr class=\"wp-block-separator has-alpha-channel-opacity\"\/>\n\n\n\n<h2 class=\"wp-block-heading\">Mois 1 : Essayer d'abord l'IA<\/h2>\n\n\n\n<p><strong>Objectif<\/strong>: D\u00e9veloppez votre curiosit\u00e9 et votre confiance en exp\u00e9rimentant les outils d'IA.<\/p>\n\n\n\n<p><strong>Pourquoi c'est important<\/strong>: L'exp\u00e9rience directe de l'IA \u00e0 travers des t\u00e2ches pratiques augmente l'engagement et pose les bases motivantes d'un apprentissage plus approfondi.<\/p>\n\n\n\n<p><strong>Outils et cours :<\/strong><\/p>\n\n\n\n<ul class=\"wp-block-list\">\n<li>ChatGPT : <a>https:\/\/chat.openai.com\/<\/a><\/li>\n\n\n\n<li>Acad\u00e9mie OpenAI : <a>https:\/\/academy.openai.com\/<\/a> <\/li>\n<\/ul>\n\n\n\n<p><strong>Activit\u00e9s principales :<\/strong><\/p>\n\n\n\n<ul class=\"wp-block-list\">\n<li>G\u00e9n\u00e9rer des emails de vente, des propositions et des r\u00e9ponses en utilisant ChatGPT.<\/li>\n\n\n\n<li>R\u00e9fl\u00e9chissez \u00e0 la mani\u00e8re dont l'IA pourrait am\u00e9liorer votre travail quotidien.<\/li>\n<\/ul>\n\n\n\n<p><strong>Lecture recommand\u00e9e :<\/strong><\/p>\n\n\n\n<ul class=\"wp-block-list\">\n<li><strong>Chapitre 1 : Introduction \u00e0 la vente agile et \u00e0 la vente assist\u00e9e par l'IA<\/strong><br><a>https:\/\/businessagility.education\/blog\/agile-sales-ai-selling-chapter1\/<\/a><\/li>\n<\/ul>\n\n\n\n<p><em>Introduit l'int\u00e9gration strat\u00e9gique de l'Agile et du<\/em><\/p>\n\n\n\n<ul class=\"wp-block-list\">\n<li><strong>Chapitre 2 : Au-del\u00e0 du \"Toujours fermer\" et du \"Rincer et r\u00e9p\u00e9ter\"<\/strong><br><a href=\"https:\/\/businessagility.education\/blog\/agile-sales-ai-selling-chapter2\/\">https:\/\/businessagility.education\/blog\/agile-sales-ai-selling-chapter2\/<\/a><\/li>\n<\/ul>\n\n\n\n<p><em>Pr\u00e9sente les arguments en faveur de la modernisation des pratiques de vente \u00e0 l'aide de l'Agile et de l'IA. Explique pourquoi la vente traditionnelle a besoin d'une mise \u00e0 jour, pr\u00e9parant ainsi le terrain pour l'adoption de l'IA.<\/em><\/p>\n\n\n\n<hr class=\"wp-block-separator has-alpha-channel-opacity\"\/>\n\n\n\n<h2 class=\"wp-block-heading\">Mois 2 : Apprendre les bases de l'IA<\/h2>\n\n\n\n<p><strong>Objectif<\/strong>: Comprendre les concepts et la terminologie de base de l'IA.<\/p>\n\n\n\n<p><strong>Pourquoi c'est important<\/strong>: La compr\u00e9hension des concepts fondamentaux de l'IA aide les responsables commerciaux \u00e0 prendre des d\u00e9cisions \u00e9clair\u00e9es, \u00e0 communiquer avec les fournisseurs et \u00e0 guider l'adoption par les \u00e9quipes.<\/p>\n\n\n\n<p><strong>Cours :<\/strong><\/p>\n\n\n\n<ul class=\"wp-block-list\">\n<li>L'IA pour tous - Coursera (Andrew Ng) :<br><a>https:\/\/www.coursera.org\/learn\/ai-for-everyone<\/a><\/li>\n\n\n\n<li>\u00c9l\u00e9ments d'IA - Universit\u00e9 d'Helsinki &amp; Reaktor :<br><a>https:\/\/www.elementsofai.com\/<\/a><\/li>\n\n\n\n<li>Introduction \u00e0 l'IA de Google - Se d\u00e9velopper avec Google :<br><a>https:\/\/grow.google\/ai\/<\/a><\/li>\n<\/ul>\n\n\n\n<p><strong>Th\u00e8mes cl\u00e9s :<\/strong><\/p>\n\n\n\n<ul class=\"wp-block-list\">\n<li>Apprentissage automatique, apprentissage profond, NLP, r\u00e9seaux neuronaux, science des donn\u00e9es.<\/li>\n<\/ul>\n\n\n\n<p><strong>Lecture recommand\u00e9e :<\/strong><\/p>\n\n\n\n<ul class=\"wp-block-list\">\n<li><strong>Chapitre 6 : Fusionner les ventes agiles et l'habilitation pilot\u00e9e par l'IA<\/strong><br><a>https:\/\/businessagility.education\/blog\/agile-sales-ai-selling-chapter6\/<\/a><\/li>\n<\/ul>\n\n\n\n<p><em>Explique comment l'IA peut am\u00e9liorer les strat\u00e9gies d'aide \u00e0 la vente, l'int\u00e9gration et les flux de travail du contenu. Comble le foss\u00e9 entre l'IA et le d\u00e9veloppement de l'\u00e9quipe de vente.<\/em><\/p>\n\n\n\n<hr class=\"wp-block-separator has-alpha-channel-opacity\"\/>\n\n\n\n<h2 class=\"wp-block-heading\">Mois 3 : Utiliser l'IA dans la vente<\/h2>\n\n\n\n<p><strong>Objectif<\/strong>: Appliquer des outils d'IA pour optimiser la g\u00e9n\u00e9ration de leads, le CRM et la sensibilisation.<\/p>\n\n\n\n<p><strong>Pourquoi c'est important<\/strong>: D\u00e9montre une valeur mesurable en int\u00e9grant l'IA dans les processus de vente existants.<\/p>\n\n\n\n<p><strong>Cours et outils :<\/strong><\/p>\n\n\n\n<ul class=\"wp-block-list\">\n<li>L'essentiel de l'IA pour les professionnels de la vente - LinkedIn Learning :<br><a>https:\/\/www.linkedin.com\/learning\/paths\/ai-essentials-for-sales-professionals<\/a><\/li>\n\n\n\n<li>HubSpot AI Tools for Sales :<br><a>https:\/\/www.hubspot.com\/products\/sales\/ai<\/a><\/li>\n\n\n\n<li>Salesforce Einstein AI :<br><a>https:\/\/www.salesforce.com\/products\/einstein\/overview\/<\/a><\/li>\n\n\n\n<li>Gong.io :<br><a>https:\/\/www.gong.io\/<\/a><\/li>\n<\/ul>\n\n\n\n<p><strong>Activit\u00e9s principales :<\/strong><\/p>\n\n\n\n<ul class=\"wp-block-list\">\n<li>Automatisez l'\u00e9valuation des prospects, les relances par e-mail et les informations sur le pipeline.<\/li>\n<\/ul>\n\n\n\n<p><strong>Lecture recommand\u00e9e :<\/strong><\/p>\n\n\n\n<ul class=\"wp-block-list\">\n<li><strong>Chapitre 8 : Spectre des m\u00e9tiers de la vente avec les am\u00e9liorations de la vente agile et de la vente assist\u00e9e par l'IA.<\/strong><br><a>https:\/\/businessagility.education\/blog\/agile-sales-ai-selling-chapter8\/<\/a><\/li>\n<\/ul>\n\n\n\n<p><em>Montre comment les outils d'IA am\u00e9liorent des r\u00f4les commerciaux sp\u00e9cifiques, aidant les apprenants \u00e0 personnaliser la mise en \u0153uvre de l'IA.<\/em><\/p>\n\n\n\n<hr class=\"wp-block-separator has-alpha-channel-opacity\"\/>\n\n\n\n<h2 class=\"wp-block-heading\">Mois 4 : Ma\u00eetriser l'incitation<\/h2>\n\n\n\n<p><strong>Objectif<\/strong>: D\u00e9velopper des comp\u00e9tences pour interagir plus efficacement avec l'IA en utilisant l'ing\u00e9nierie rapide.<\/p>\n\n\n\n<p><strong>Pourquoi c'est important<\/strong>: Des messages-guides bien structur\u00e9s produisent de meilleurs r\u00e9sultats en mati\u00e8re d'IA, augmentent la coh\u00e9rence et r\u00e9duisent les erreurs de communication.<\/p>\n\n\n\n<p><strong>Cours :<\/strong><\/p>\n\n\n\n<ul class=\"wp-block-list\">\n<li>Prompt Engineering for ChatGPT - Coursera :<br><a>https:\/\/www.coursera.org\/learn\/prompt-engineering<\/a><\/li>\n<\/ul>\n\n\n\n<p><strong>Activit\u00e9s principales :<\/strong><\/p>\n\n\n\n<ul class=\"wp-block-list\">\n<li>Cr\u00e9er une biblioth\u00e8que personnelle d'invites : traitement des objections, r\u00e9daction de courriels, questions de d\u00e9couverte.<\/li>\n<\/ul>\n\n\n\n<p><strong>Lecture recommand\u00e9e :<\/strong><\/p>\n\n\n\n<ul class=\"wp-block-list\">\n<li><strong>Chapitre 9 : L'excellence agile dans la vente : Int\u00e9grer Scrum et Kanban<\/strong><br><a>https:\/\/businessagility.education\/blog\/agile-sales-ai-selling-chapter9\/<\/a><\/li>\n<\/ul>\n\n\n\n<p><em>Fait le lien entre les cadres Agile et les interactions it\u00e9ratives avec l'IA. Encourage l'exp\u00e9rimentation structur\u00e9e et les boucles de r\u00e9troaction.<\/em><\/p>\n\n\n\n<hr class=\"wp-block-separator has-alpha-channel-opacity\"\/>\n\n\n\n<h2 class=\"wp-block-heading\">Mois 5 : Apprendre l'IA responsable<\/h2>\n\n\n\n<p><strong>Objectif<\/strong>: Comprendre comment utiliser l'IA de mani\u00e8re \u00e9thique et responsable dans les interactions avec les clients.<\/p>\n\n\n\n<p><strong>Pourquoi c'est important<\/strong>: L'instauration de la confiance par l'utilisation \u00e9thique de l'IA est essentielle pour la r\u00e9putation, la conformit\u00e9 et le succ\u00e8s \u00e0 long terme.<\/p>\n\n\n\n<p><strong>Cours et ressources :<\/strong><\/p>\n\n\n\n<ul class=\"wp-block-list\">\n<li>IA responsable - Google :<br><a>https:\/\/grow.google\/ai\/<\/a><\/li>\n\n\n\n<li>L'IA dans l'\u00e9thique de la vente - Guide Salesforce :<br><a>https:\/\/www.salesforce.com\/resources\/articles\/ai-in-sales\/<\/a><\/li>\n\n\n\n<li>Principes d'\u00e9thique de l'IA de l'OCDE :<br><a>https:\/\/www.oecd.org\/going-digital\/ai\/principles\/<\/a><\/li>\n<\/ul>\n\n\n\n<p><strong>Th\u00e8mes cl\u00e9s :<\/strong><\/p>\n\n\n\n<ul class=\"wp-block-list\">\n<li>Hallucinations de l'IA, biais algorithmiques, confidentialit\u00e9 des donn\u00e9es, confiance des clients.<\/li>\n<\/ul>\n\n\n\n<p><strong>Lecture recommand\u00e9e :<\/strong><\/p>\n\n\n\n<ul class=\"wp-block-list\">\n<li><strong>Chapitre 3 : L'orientation client, pierre angulaire de la vente agile et de la vente assist\u00e9e par l'IA<\/strong><br><a>https:\/\/businessagility.education\/blog\/agile-sales-ai-selling-chapter3\/<\/a><\/li>\n<\/ul>\n\n\n\n<p><em>Explique comment la pens\u00e9e centr\u00e9e sur le client sous-tend les pratiques \u00e9thiques en mati\u00e8re d'IA.<\/em><\/p>\n\n\n\n<ul class=\"wp-block-list\">\n<li><strong>Chapitre 4 : Compl\u00e9mentarit\u00e9 entre l'homme et l'IA dans le domaine de la vente<\/strong><br><a>https:\/\/businessagility.education\/blog\/agile-sales-ai-selling-chapter4\/<\/a><\/li>\n<\/ul>\n\n\n\n<p><em>L'utilisation \u00e9thique de l'IA est per\u00e7ue comme une force de collaboration qui compl\u00e8te, et non remplace, les efforts de vente des humains.<\/em><\/p>\n\n\n\n<hr class=\"wp-block-separator has-alpha-channel-opacity\"\/>\n\n\n\n<h2 class=\"wp-block-heading\">Mois 6 : \u00c9laborer une strat\u00e9gie de vente de l'IA<\/h2>\n\n\n\n<p><strong>Objectif<\/strong>: Concevoir et diriger le plan d'adoption de l'IA \u00e0 long terme de votre \u00e9quipe.<\/p>\n\n\n\n<p><strong>Pourquoi c'est important<\/strong>: L'alignement strat\u00e9gique garantit une valeur durable, une gestion du changement plus ais\u00e9e et des r\u00e9sultats \u00e9volutifs.<\/p>\n\n\n\n<p><strong>Cours :<\/strong><\/p>\n\n\n\n<ul class=\"wp-block-list\">\n<li>L'IA pour les dirigeants d'entreprise - edX :<br><a>https:\/\/www.edx.org\/course\/ai-for-business-leaders<\/a><\/li>\n<\/ul>\n\n\n\n<p><strong>Activit\u00e9s principales :<\/strong><\/p>\n\n\n\n<ul class=\"wp-block-list\">\n<li>R\u00e9digez la feuille de route de votre \u00e9quipe en mati\u00e8re d'IA.<\/li>\n\n\n\n<li>Identifier les indicateurs cl\u00e9s de performance : conversion des prospects, dur\u00e9e du cycle de vente, satisfaction des clients.<\/li>\n\n\n\n<li>Planifier la formation de l'\u00e9quipe et les phases pilotes.<\/li>\n<\/ul>\n\n\n\n<p><strong>Lecture recommand\u00e9e :<\/strong><\/p>\n\n\n\n<ul class=\"wp-block-list\">\n<li><strong>Chapitre 5 : Le processus de vente agile et de vente assist\u00e9e par l'IA en huit \u00e9tapes<\/strong><br><a>https:\/\/businessagility.education\/blog\/agile-sales-ai-selling-chapter5\/<\/a><\/li>\n<\/ul>\n\n\n\n<p><em>Fournit un flux de travail structur\u00e9 pour les ventes, que les outils d'intelligence artificielle peuvent soutenir et am\u00e9liorer.<\/em><\/p>\n\n\n\n<hr class=\"wp-block-separator has-alpha-channel-opacity\"\/>\n\n\n\n<p>Cette feuille de route aide les responsables commerciaux non seulement \u00e0 adopter l'IA, mais aussi \u00e0 la diriger, en s'appuyant sur des bases solides en mati\u00e8re de pens\u00e9e agile, de responsabilit\u00e9 \u00e9thique et de mise en \u0153uvre strat\u00e9gique. Pour obtenir des conseils, <a href=\"https:\/\/www.linkedin.com\/company\/business-agility-education\/\">nous contacter<\/a>!<\/p>\n\n\n\n<p><\/p>\n\n\n\n<div data-wp-interactive=\"core\/file\" class=\"wp-block-file\"><object data-wp-bind--hidden=\"!state.hasPdfPreview\" hidden class=\"wp-block-file__embed\" data=\"https:\/\/businessagility.education\/blog\/wp-content\/uploads\/2025\/04\/AI-for-Sales-Executives.pdf\" type=\"application\/pdf\" style=\"width:100%;height:600px\" aria-label=\"Contenu incorpor\u00e9 AI-for-Sales-Executives.\"><\/object><a id=\"wp-block-file--media-9f09009a-7d0b-40dd-817a-fda11b477e01\" href=\"https:\/\/businessagility.education\/blog\/wp-content\/uploads\/2025\/04\/AI-for-Sales-Executives.pdf\">L'IA pour les cadres commerciaux<\/a><a href=\"https:\/\/businessagility.education\/blog\/wp-content\/uploads\/2025\/04\/AI-for-Sales-Executives.pdf\" class=\"wp-block-file__button wp-element-button\" download aria-describedby=\"wp-block-file--media-9f09009a-7d0b-40dd-817a-fda11b477e01\">T\u00e9l\u00e9chargez<\/a><\/div>","protected":false},"excerpt":{"rendered":"<p>The Complete 6-Month Roadmap for Sales Leaders This comprehensive 6-month learning roadmap is designed to help sales executives confidently integrate Artificial Intelligence (AI) into their sales workflows and long-term strategies. It combines hands-on tools, essential courses, ethical insights, and Agile frameworks to transform how sales leaders think, operate, and lead. Month 1: Try AI First [&hellip;]<\/p>","protected":false},"author":1,"featured_media":559,"parent":0,"menu_order":0,"comment_status":"closed","ping_status":"closed","template":"","meta":{"footnotes":""},"class_list":["post-555","page","type-page","status-publish","has-post-thumbnail","hentry"],"yoast_head":"<!-- This site is optimized with the Yoast SEO plugin v24.9 - https:\/\/yoast.com\/wordpress\/plugins\/seo\/ -->\n<title>AI for Sales Executives - Business Agility+AI<\/title>\n<meta name=\"description\" content=\"AI for Sales Executives 6-month roadmap helps sales executives master AI tools, strategy, and ethics, step by step + PDF &amp; Video\" \/>\n<meta name=\"robots\" content=\"index, follow, max-snippet:-1, max-image-preview:large, max-video-preview:-1\" \/>\n<link rel=\"canonical\" href=\"https:\/\/businessagility.education\/blog\/fr\/ai-for-sales-executives\/\" \/>\n<meta property=\"og:locale\" content=\"fr_CA\" \/>\n<meta property=\"og:type\" content=\"article\" \/>\n<meta property=\"og:title\" content=\"AI for Sales Executives - Business Agility+AI\" \/>\n<meta property=\"og:description\" content=\"AI for Sales Executives 6-month roadmap helps sales executives master AI tools, strategy, and ethics, step by step + PDF &amp; Video\" \/>\n<meta property=\"og:url\" content=\"https:\/\/businessagility.education\/blog\/fr\/ai-for-sales-executives\/\" \/>\n<meta property=\"og:site_name\" content=\"Business Agility+AI\" \/>\n<meta property=\"article:modified_time\" content=\"2025-04-18T16:27:21+00:00\" \/>\n<meta property=\"og:image\" content=\"https:\/\/businessagility.education\/blog\/wp-content\/uploads\/2025\/04\/ai-for-sales-executives.jpg\" \/>\n\t<meta property=\"og:image:width\" content=\"1597\" \/>\n\t<meta property=\"og:image:height\" content=\"934\" \/>\n\t<meta property=\"og:image:type\" content=\"image\/jpeg\" \/>\n<meta name=\"twitter:card\" content=\"summary_large_image\" \/>\n<meta name=\"twitter:label1\" content=\"Estimation du temps de lecture\" \/>\n\t<meta name=\"twitter:data1\" content=\"4 minutes\" \/>\n<script type=\"application\/ld+json\" class=\"yoast-schema-graph\">{\"@context\":\"https:\/\/schema.org\",\"@graph\":[{\"@type\":\"WebPage\",\"@id\":\"https:\/\/businessagility.education\/blog\/ai-for-sales-executives\/\",\"url\":\"https:\/\/businessagility.education\/blog\/ai-for-sales-executives\/\",\"name\":\"AI for Sales Executives - Business Agility+AI\",\"isPartOf\":{\"@id\":\"https:\/\/businessagility.education\/blog\/#website\"},\"primaryImageOfPage\":{\"@id\":\"https:\/\/businessagility.education\/blog\/ai-for-sales-executives\/#primaryimage\"},\"image\":{\"@id\":\"https:\/\/businessagility.education\/blog\/ai-for-sales-executives\/#primaryimage\"},\"thumbnailUrl\":\"https:\/\/businessagility.education\/blog\/wp-content\/uploads\/2025\/04\/ai-for-sales-executives.jpg\",\"datePublished\":\"2025-04-13T19:28:58+00:00\",\"dateModified\":\"2025-04-18T16:27:21+00:00\",\"description\":\"AI for Sales Executives 6-month roadmap helps sales executives master AI tools, strategy, and ethics, step by step + PDF & Video\",\"breadcrumb\":{\"@id\":\"https:\/\/businessagility.education\/blog\/ai-for-sales-executives\/#breadcrumb\"},\"inLanguage\":\"fr-CA\",\"potentialAction\":[{\"@type\":\"ReadAction\",\"target\":[\"https:\/\/businessagility.education\/blog\/ai-for-sales-executives\/\"]}]},{\"@type\":\"ImageObject\",\"inLanguage\":\"fr-CA\",\"@id\":\"https:\/\/businessagility.education\/blog\/ai-for-sales-executives\/#primaryimage\",\"url\":\"https:\/\/businessagility.education\/blog\/wp-content\/uploads\/2025\/04\/ai-for-sales-executives.jpg\",\"contentUrl\":\"https:\/\/businessagility.education\/blog\/wp-content\/uploads\/2025\/04\/ai-for-sales-executives.jpg\",\"width\":1597,\"height\":934,\"caption\":\"AI for Sales Executives\"},{\"@type\":\"BreadcrumbList\",\"@id\":\"https:\/\/businessagility.education\/blog\/ai-for-sales-executives\/#breadcrumb\",\"itemListElement\":[{\"@type\":\"ListItem\",\"position\":1,\"name\":\"Home\",\"item\":\"https:\/\/businessagility.education\/blog\/\"},{\"@type\":\"ListItem\",\"position\":2,\"name\":\"AI for Sales Executives\"}]},{\"@type\":\"WebSite\",\"@id\":\"https:\/\/businessagility.education\/blog\/#website\",\"url\":\"https:\/\/businessagility.education\/blog\/\",\"name\":\"Business Agility+AI\",\"description\":\"The Business Agility + Artificial Intelligence Blog\",\"publisher\":{\"@id\":\"https:\/\/businessagility.education\/blog\/#organization\"},\"potentialAction\":[{\"@type\":\"SearchAction\",\"target\":{\"@type\":\"EntryPoint\",\"urlTemplate\":\"https:\/\/businessagility.education\/blog\/?s={search_term_string}\"},\"query-input\":{\"@type\":\"PropertyValueSpecification\",\"valueRequired\":true,\"valueName\":\"search_term_string\"}}],\"inLanguage\":\"fr-CA\"},{\"@type\":\"Organization\",\"@id\":\"https:\/\/businessagility.education\/blog\/#organization\",\"name\":\"Business Agility+AI\",\"url\":\"https:\/\/businessagility.education\/blog\/\",\"logo\":{\"@type\":\"ImageObject\",\"inLanguage\":\"fr-CA\",\"@id\":\"https:\/\/businessagility.education\/blog\/#\/schema\/logo\/image\/\",\"url\":\"https:\/\/businessagility.education\/blog\/wp-content\/uploads\/2022\/06\/business-agility-blog-logo.png\",\"contentUrl\":\"https:\/\/businessagility.education\/blog\/wp-content\/uploads\/2022\/06\/business-agility-blog-logo.png\",\"width\":200,\"height\":100,\"caption\":\"Business Agility+AI\"},\"image\":{\"@id\":\"https:\/\/businessagility.education\/blog\/#\/schema\/logo\/image\/\"}}]}<\/script>\n<!-- \/ Yoast SEO plugin. -->","yoast_head_json":{"title":"AI for Sales Executives - Business Agility+AI","description":"AI for Sales Executives 6-month roadmap helps sales executives master AI tools, strategy, and ethics, step by step + PDF & Video","robots":{"index":"index","follow":"follow","max-snippet":"max-snippet:-1","max-image-preview":"max-image-preview:large","max-video-preview":"max-video-preview:-1"},"canonical":"https:\/\/businessagility.education\/blog\/fr\/ai-for-sales-executives\/","og_locale":"fr_CA","og_type":"article","og_title":"AI for Sales Executives - Business Agility+AI","og_description":"AI for Sales Executives 6-month roadmap helps sales executives master AI tools, strategy, and ethics, step by step + PDF & Video","og_url":"https:\/\/businessagility.education\/blog\/fr\/ai-for-sales-executives\/","og_site_name":"Business Agility+AI","article_modified_time":"2025-04-18T16:27:21+00:00","og_image":[{"width":1597,"height":934,"url":"https:\/\/businessagility.education\/blog\/wp-content\/uploads\/2025\/04\/ai-for-sales-executives.jpg","type":"image\/jpeg"}],"twitter_card":"summary_large_image","twitter_misc":{"Estimation du temps de lecture":"4 minutes"},"schema":{"@context":"https:\/\/schema.org","@graph":[{"@type":"WebPage","@id":"https:\/\/businessagility.education\/blog\/ai-for-sales-executives\/","url":"https:\/\/businessagility.education\/blog\/ai-for-sales-executives\/","name":"AI for Sales Executives - Business Agility+AI","isPartOf":{"@id":"https:\/\/businessagility.education\/blog\/#website"},"primaryImageOfPage":{"@id":"https:\/\/businessagility.education\/blog\/ai-for-sales-executives\/#primaryimage"},"image":{"@id":"https:\/\/businessagility.education\/blog\/ai-for-sales-executives\/#primaryimage"},"thumbnailUrl":"https:\/\/businessagility.education\/blog\/wp-content\/uploads\/2025\/04\/ai-for-sales-executives.jpg","datePublished":"2025-04-13T19:28:58+00:00","dateModified":"2025-04-18T16:27:21+00:00","description":"AI for Sales Executives 6-month roadmap helps sales executives master AI tools, strategy, and ethics, step by step + PDF & Video","breadcrumb":{"@id":"https:\/\/businessagility.education\/blog\/ai-for-sales-executives\/#breadcrumb"},"inLanguage":"fr-CA","potentialAction":[{"@type":"ReadAction","target":["https:\/\/businessagility.education\/blog\/ai-for-sales-executives\/"]}]},{"@type":"ImageObject","inLanguage":"fr-CA","@id":"https:\/\/businessagility.education\/blog\/ai-for-sales-executives\/#primaryimage","url":"https:\/\/businessagility.education\/blog\/wp-content\/uploads\/2025\/04\/ai-for-sales-executives.jpg","contentUrl":"https:\/\/businessagility.education\/blog\/wp-content\/uploads\/2025\/04\/ai-for-sales-executives.jpg","width":1597,"height":934,"caption":"AI for Sales Executives"},{"@type":"BreadcrumbList","@id":"https:\/\/businessagility.education\/blog\/ai-for-sales-executives\/#breadcrumb","itemListElement":[{"@type":"ListItem","position":1,"name":"Home","item":"https:\/\/businessagility.education\/blog\/"},{"@type":"ListItem","position":2,"name":"AI for Sales Executives"}]},{"@type":"WebSite","@id":"https:\/\/businessagility.education\/blog\/#website","url":"https:\/\/businessagility.education\/blog\/","name":"Business Agility+AI","description":"The Business Agility + Artificial Intelligence Blog","publisher":{"@id":"https:\/\/businessagility.education\/blog\/#organization"},"potentialAction":[{"@type":"SearchAction","target":{"@type":"EntryPoint","urlTemplate":"https:\/\/businessagility.education\/blog\/?s={search_term_string}"},"query-input":{"@type":"PropertyValueSpecification","valueRequired":true,"valueName":"search_term_string"}}],"inLanguage":"fr-CA"},{"@type":"Organization","@id":"https:\/\/businessagility.education\/blog\/#organization","name":"Business Agility+AI","url":"https:\/\/businessagility.education\/blog\/","logo":{"@type":"ImageObject","inLanguage":"fr-CA","@id":"https:\/\/businessagility.education\/blog\/#\/schema\/logo\/image\/","url":"https:\/\/businessagility.education\/blog\/wp-content\/uploads\/2022\/06\/business-agility-blog-logo.png","contentUrl":"https:\/\/businessagility.education\/blog\/wp-content\/uploads\/2022\/06\/business-agility-blog-logo.png","width":200,"height":100,"caption":"Business Agility+AI"},"image":{"@id":"https:\/\/businessagility.education\/blog\/#\/schema\/logo\/image\/"}}]}},"_links":{"self":[{"href":"https:\/\/businessagility.education\/blog\/fr\/wp-json\/wp\/v2\/pages\/555","targetHints":{"allow":["GET"]}}],"collection":[{"href":"https:\/\/businessagility.education\/blog\/fr\/wp-json\/wp\/v2\/pages"}],"about":[{"href":"https:\/\/businessagility.education\/blog\/fr\/wp-json\/wp\/v2\/types\/page"}],"author":[{"embeddable":true,"href":"https:\/\/businessagility.education\/blog\/fr\/wp-json\/wp\/v2\/users\/1"}],"replies":[{"embeddable":true,"href":"https:\/\/businessagility.education\/blog\/fr\/wp-json\/wp\/v2\/comments?post=555"}],"version-history":[{"count":4,"href":"https:\/\/businessagility.education\/blog\/fr\/wp-json\/wp\/v2\/pages\/555\/revisions"}],"predecessor-version":[{"id":564,"href":"https:\/\/businessagility.education\/blog\/fr\/wp-json\/wp\/v2\/pages\/555\/revisions\/564"}],"wp:featuredmedia":[{"embeddable":true,"href":"https:\/\/businessagility.education\/blog\/fr\/wp-json\/wp\/v2\/media\/559"}],"wp:attachment":[{"href":"https:\/\/businessagility.education\/blog\/fr\/wp-json\/wp\/v2\/media?parent=555"}],"curies":[{"name":"wp","href":"https:\/\/api.w.org\/{rel}","templated":true}]}}