{"id":379,"date":"2024-10-01T19:23:44","date_gmt":"2024-10-01T23:23:44","guid":{"rendered":"https:\/\/businessagility.education\/blog\/?page_id=379"},"modified":"2024-10-01T19:23:45","modified_gmt":"2024-10-01T23:23:45","slug":"aci-vs-hac","status":"publish","type":"page","link":"https:\/\/businessagility.education\/blog\/fr\/aci-vs-hac\/","title":{"rendered":"Intelligence collective augment\u00e9e (ACI) et compl\u00e9mentarit\u00e9 homme-IA (HAC)"},"content":{"rendered":"<p><\/p>\n\n\n\n<p><strong>ACI et HAC : les deux faces d'une m\u00eame pi\u00e8ce<\/strong><\/p>\n\n\n\n<p>Dans le monde d'aujourd'hui, la relation entre les humains et l'intelligence artificielle (IA) \u00e9volue rapidement, et deux termes cl\u00e9s sont souvent utilis\u00e9s pour d\u00e9crire cette synergie : <strong>Intelligence collective augment\u00e9e (ACI)<\/strong> et <strong>Compl\u00e9mentarit\u00e9 entre l'homme et l'IA (HAC)<\/strong>. Bien que ces termes puissent sembler distincts au premier abord, ils tendent tous deux vers un objectif commun : exploiter la puissance de la collaboration entre l'homme et l'intelligence artificielle pour obtenir des r\u00e9sultats que ni l'un ni l'autre ne pourrait atteindre seul. Explorons ces concepts plus en d\u00e9tail et voyons pourquoi ils sont, en fait, les deux faces d'une m\u00eame pi\u00e8ce.<\/p>\n\n\n\n<p><\/p>\n\n\n\n<figure class=\"wp-block-embed is-type-video is-provider-youtube wp-block-embed-youtube wp-embed-aspect-16-9 wp-has-aspect-ratio\"><div class=\"wp-block-embed__wrapper\">\n<iframe loading=\"lazy\" title=\"Intelligence collective augment\u00e9e (ACI) et compl\u00e9mentarit\u00e9 homme-IA (HAC) #aieducation\" width=\"580\" height=\"326\" src=\"https:\/\/www.youtube.com\/embed\/F9Vi0YjGcfA?feature=oembed\" frameborder=\"0\" allow=\"accelerometer; autoplay; clipboard-write; encrypted-media; gyroscope; picture-in-picture; web-share\" referrerpolicy=\"strict-origin-when-cross-origin\" allowfullscreen><\/iframe>\n<\/div><\/figure>\n\n\n\n<p><\/p>\n\n\n\n<h3 class=\"wp-block-heading\">Qu'est-ce que l'intelligence collective augment\u00e9e (ACI) ?<\/h3>\n\n\n\n<p>L'intelligence collective augment\u00e9e (ACI) d\u00e9signe la puissante intelligence collective qui \u00e9merge lorsque les humains et l'IA collaborent. Elle repose sur l'id\u00e9e que les humains et l'IA, lorsqu'ils travaillent ensemble, peuvent cr\u00e9er une synergie o\u00f9 leurs capacit\u00e9s combin\u00e9es d\u00e9passent leurs forces individuelles. L'ACI fait souvent l'objet de discussions dans les milieux universitaires et de la recherche, o\u00f9 l'on cherche \u00e0 comprendre comment les partenariats entre l'homme et l'IA peuvent conduire \u00e0 des d\u00e9cisions plus perspicaces, \u00e0 une meilleure r\u00e9solution des probl\u00e8mes et \u00e0 une plus grande cr\u00e9ativit\u00e9.<\/p>\n\n\n\n<p>L'id\u00e9e centrale de l'AIC est que <strong>L'IA peut augmenter les capacit\u00e9s humaines<\/strong>L'intelligence artificielle aide les individus et les \u00e9quipes \u00e0 traiter des donn\u00e9es complexes, \u00e0 identifier des mod\u00e8les et \u00e0 prendre des d\u00e9cisions \u00e9clair\u00e9es plus rapidement et avec plus de pr\u00e9cision. De leur c\u00f4t\u00e9, les humains contribuent \u00e0 la cr\u00e9ativit\u00e9, \u00e0 l'empathie et \u00e0 la compr\u00e9hension du contexte, domaines dans lesquels l'IA est moins performante. Cette intelligence collective, qui s'appuie \u00e0 la fois sur les forces de l'homme et de la machine, pourrait r\u00e9volutionner des domaines tels que les soins de sant\u00e9, l'\u00e9ducation, les affaires et la gouvernance.<\/p>\n\n\n\n<p>Par exemple, dans le domaine des soins de sant\u00e9, l'ACI peut am\u00e9liorer la pr\u00e9cision des diagnostics. L'IA peut traiter rapidement de grandes quantit\u00e9s de donn\u00e9es sur les patients et signaler des probl\u00e8mes de sant\u00e9 potentiels qu'un m\u00e9decin humain pourrait manquer. Toutefois, l'exp\u00e9rience et l'empathie du m\u00e9decin sont essentielles pour contextualiser ces r\u00e9sultats et prendre les d\u00e9cisions finales qui serviront le mieux le patient.<\/p>\n\n\n\n<h3 class=\"wp-block-heading\">Qu'est-ce que la compl\u00e9mentarit\u00e9 entre l'homme et l'intelligence artificielle (HAC) ?<\/h3>\n\n\n\n<p>Si l'ACI met l'accent sur l'id\u00e9e d'une \"intelligence collective\", il n'en est pas de m\u00eame pour l'AIPE. <strong>Compl\u00e9mentarit\u00e9 entre l'homme et l'IA (HAC)<\/strong> se concentre davantage sur les r\u00f4les distincts et compl\u00e9mentaires que jouent les humains et l'IA dans la collaboration. La HAC souligne que les humains et l'IA apportent des comp\u00e9tences diff\u00e9rentes mais compl\u00e9mentaires. Alors que les humains excellent dans la cr\u00e9ativit\u00e9, l'intelligence \u00e9motionnelle et la r\u00e9flexion strat\u00e9gique, l'IA excelle dans le traitement des donn\u00e9es, la reconnaissance des formes et l'ex\u00e9cution de t\u00e2ches r\u00e9p\u00e9titives.<\/p>\n\n\n\n<p>La CAH est souvent discut\u00e9e dans des contextes commerciaux et industriels, o\u00f9 l'accent est mis sur les applications pratiques. Dans ces contextes, <strong>L'IA n'est pas consid\u00e9r\u00e9e comme un substitut aux travailleurs humains, mais comme un outil permettant de compl\u00e9ter et d'am\u00e9liorer les performances humaines.<\/strong>. Dans des domaines tels que la finance, le service \u00e0 la client\u00e8le et le marketing, les CAH peuvent stimuler la productivit\u00e9, am\u00e9liorer la prise de d\u00e9cision et am\u00e9liorer l'exp\u00e9rience des clients.<\/p>\n\n\n\n<p>Par exemple, dans le service client, les chatbots aliment\u00e9s par l'IA peuvent traiter les demandes de routine, telles que la v\u00e9rification de l'\u00e9tat des commandes ou la r\u00e9ponse aux questions courantes, lib\u00e9rant ainsi les agents humains pour qu'ils se concentrent sur des interactions plus complexes ou \u00e9motionnellement nuanc\u00e9es avec les clients. Cette approche compl\u00e9mentaire maximise l'efficacit\u00e9 sans sacrifier la touche personnelle que seuls les humains peuvent apporter.<\/p>\n\n\n\n<h3 class=\"wp-block-heading\">ACI et HAC : un concept unifi\u00e9<\/h3>\n\n\n\n<p>\u00c0 premi\u00e8re vue, l'ACI et la HAC peuvent sembler repr\u00e9senter des id\u00e9es diff\u00e9rentes - l'une se concentre sur l'intelligence collective, l'autre sur les comp\u00e9tences compl\u00e9mentaires. Cependant, elles d\u00e9crivent en fin de compte le m\u00eame ph\u00e9nom\u00e8ne : le partenariat productif entre les humains et l'IA.<\/p>\n\n\n\n<ul class=\"wp-block-list\">\n<li><strong>ACI<\/strong> tend \u00e0 \u00eatre utilis\u00e9 dans des contextes th\u00e9oriques ou de recherche, en mettant l'accent sur l'intelligence collective qui d\u00e9coule de la collaboration entre l'homme et l'intelligence artificielle.<\/li>\n\n\n\n<li><strong>HAC<\/strong> est plus couramment utilis\u00e9e dans les entreprises et les contextes pratiques, mettant l'accent sur les forces distinctes mais compl\u00e9mentaires de l'homme et de l'IA.<\/li>\n<\/ul>\n\n\n\n<p>L'ACI et le HAC reposent tous deux sur la conviction que les humains et l'IA ne sont pas en concurrence, mais qu'ils peuvent travailler ensemble pour obtenir des r\u00e9sultats plus percutants. Qu'il s'agisse d'intelligence collective ou de compl\u00e9mentarit\u00e9, la relation entre l'homme et l'IA est d\u00e9finie par l'id\u00e9e que <strong>le tout est plus grand que la somme des parties<\/strong>.<\/p>\n\n\n\n<h3 class=\"wp-block-heading\">En quoi cela est-il important ?<\/h3>\n\n\n\n<p>Comprendre la synergie entre les humains et l'IA est crucial dans le paysage technologique actuel qui \u00e9volue rapidement. Les entreprises et les organisations qui exploitent efficacement la collaboration entre l'homme et l'IA peuvent acqu\u00e9rir un avantage concurrentiel, tandis que celles qui ne le font pas risquent d'\u00eatre laiss\u00e9es pour compte. Qu'il s'agisse d'ACI ou de HAC, l'essentiel est le m\u00eame : <strong>la collaboration entre l'homme et l'IA a le pouvoir d'am\u00e9liorer la productivit\u00e9, l'innovation et la prise de d\u00e9cision<\/strong> dans diff\u00e9rents secteurs.<\/p>\n\n\n\n<p>Par exemple :<\/p>\n\n\n\n<ul class=\"wp-block-list\">\n<li><strong>Dans l'industrie manufacturi\u00e8re<\/strong>Les machines pilot\u00e9es par l'IA peuvent prendre en charge des t\u00e2ches r\u00e9p\u00e9titives et pr\u00e9cises, tandis que les humains se concentrent sur la conception et l'innovation.<\/li>\n\n\n\n<li><strong>Dans le domaine du marketing<\/strong>L'IA peut analyser les donn\u00e9es des consommateurs pour pr\u00e9dire les tendances, tandis que les humains con\u00e7oivent des campagnes cr\u00e9atives qui trouvent un \u00e9cho \u00e9motionnel aupr\u00e8s des publics cibles.<\/li>\n\n\n\n<li><strong>Dans le domaine de l'\u00e9ducation<\/strong>L'IA peut personnaliser les exp\u00e9riences d'apprentissage en analysant les donn\u00e9es des \u00e9l\u00e8ves, tandis que les enseignants assurent l'interaction personnelle et l'orientation essentielles pour favoriser un environnement d'apprentissage positif.<\/li>\n<\/ul>\n\n\n\n<p>En adoptant l'ACI et l'HAC, les organisations peuvent cr\u00e9er des environnements de travail o\u00f9 <strong>L'IA renforce les capacit\u00e9s humaines<\/strong>Les travailleurs peuvent ainsi se concentrer sur des t\u00e2ches de plus haut niveau qui requi\u00e8rent une r\u00e9flexion critique, de la cr\u00e9ativit\u00e9 et de l'empathie.<\/p>\n\n\n\n<h3 class=\"wp-block-heading\">Choisir le bon terme pour le bon public<\/h3>\n\n\n\n<p>L'une des principales diff\u00e9rences entre l'ACI et le HAC r\u00e9side dans leur utilisation. L'ACI est souvent plus appropri\u00e9 pour les discussions acad\u00e9miques, les \u00e9tudes de recherche et les explorations th\u00e9oriques sur la fa\u00e7on dont les capacit\u00e9s humaines et l'IA s'entrecroisent. La CAH, quant \u00e0 elle, convient mieux aux conversations ax\u00e9es sur l'industrie, o\u00f9 l'accent est mis sur les applications pratiques de l'IA sur le lieu de travail et sur les avantages de la collaboration entre l'homme et l'IA dans des domaines sp\u00e9cifiques.<\/p>\n\n\n\n<p>En fin de compte, le choix entre ACI et HAC d\u00e9pend du contexte et du public. Quel que soit le terme utilis\u00e9, le message est clair : <strong>les humains et l'IA, lorsqu'ils travaillent ensemble, peuvent obtenir des r\u00e9sultats extraordinaires<\/strong>.<\/p>\n\n\n\n<h3 class=\"wp-block-heading\">Conclusion<\/h3>\n\n\n\n<p>L'intelligence collective augment\u00e9e (ACI) et la compl\u00e9mentarit\u00e9 entre l'homme et l'intelligence artificielle (HAC) peuvent appara\u00eetre comme deux concepts distincts, mais ils d\u00e9crivent fondamentalement la m\u00eame relation entre l'homme et l'intelligence artificielle. Tous deux soulignent que la collaboration entre l'homme et l'IA permet d'obtenir des r\u00e9sultats plus innovants, plus efficaces et plus percutants. Que ce soit dans le domaine de la recherche, de l'industrie ou des op\u00e9rations quotidiennes, <strong>la combinaison de l'ing\u00e9niosit\u00e9 humaine et de la puissance analytique de l'IA offre un potentiel illimit\u00e9<\/strong> pour les organisations d\u00e9sireuses de s'engager dans ce partenariat en pleine \u00e9volution.<\/p>","protected":false},"excerpt":{"rendered":"<p>ACI et HAC : les deux faces d'une m\u00eame pi\u00e8ce Dans le monde d'aujourd'hui, la relation entre les humains et l'intelligence artificielle (IA) \u00e9volue rapidement, et deux termes cl\u00e9s sont souvent utilis\u00e9s pour d\u00e9crire cette synergie : L'intelligence collective augment\u00e9e (ACI) et la compl\u00e9mentarit\u00e9 entre l'homme et l'IA (HAC). Bien que ces termes puissent sembler distincts \u00e0 premi\u00e8re vue, ils pointent tous deux vers une [...]<\/p>","protected":false},"author":1,"featured_media":0,"parent":0,"menu_order":0,"comment_status":"closed","ping_status":"closed","template":"","meta":{"footnotes":""},"class_list":["post-379","page","type-page","status-publish","hentry"],"yoast_head":"<!-- This site is optimized with the Yoast SEO plugin v24.9 - https:\/\/yoast.com\/wordpress\/plugins\/seo\/ -->\n<title>Augmented Collective Intelligence (ACI) and Human-AI Complementarity (HAC) - Business Agility+AI<\/title>\n<meta name=\"description\" content=\"Augmented Collective Intelligence (ACI) and Human-AI Complementarity (HAC) drive innovation by merging human creativity with AI&#039;s data-driven insights\" \/>\n<meta name=\"robots\" content=\"index, follow, max-snippet:-1, max-image-preview:large, max-video-preview:-1\" \/>\n<link rel=\"canonical\" href=\"https:\/\/businessagility.education\/blog\/fr\/aci-vs-hac\/\" \/>\n<meta property=\"og:locale\" content=\"fr_CA\" \/>\n<meta property=\"og:type\" content=\"article\" \/>\n<meta property=\"og:title\" content=\"Augmented Collective Intelligence (ACI) and Human-AI Complementarity (HAC) - Business Agility+AI\" \/>\n<meta property=\"og:description\" content=\"Augmented Collective Intelligence (ACI) and Human-AI Complementarity (HAC) drive innovation by merging human creativity with AI&#039;s data-driven insights\" \/>\n<meta property=\"og:url\" content=\"https:\/\/businessagility.education\/blog\/fr\/aci-vs-hac\/\" \/>\n<meta property=\"og:site_name\" content=\"Business Agility+AI\" \/>\n<meta property=\"article:modified_time\" content=\"2024-10-01T23:23:45+00:00\" \/>\n<meta name=\"twitter:card\" content=\"summary_large_image\" \/>\n<meta name=\"twitter:label1\" content=\"Estimation du temps de lecture\" \/>\n\t<meta name=\"twitter:data1\" content=\"5 minutes\" \/>\n<script type=\"application\/ld+json\" class=\"yoast-schema-graph\">{\"@context\":\"https:\/\/schema.org\",\"@graph\":[{\"@type\":\"WebPage\",\"@id\":\"https:\/\/businessagility.education\/blog\/aci-vs-hac\/\",\"url\":\"https:\/\/businessagility.education\/blog\/aci-vs-hac\/\",\"name\":\"Augmented Collective Intelligence (ACI) and Human-AI Complementarity (HAC) - Business Agility+AI\",\"isPartOf\":{\"@id\":\"https:\/\/businessagility.education\/blog\/#website\"},\"datePublished\":\"2024-10-01T23:23:44+00:00\",\"dateModified\":\"2024-10-01T23:23:45+00:00\",\"description\":\"Augmented Collective Intelligence (ACI) and Human-AI Complementarity (HAC) drive innovation by merging human creativity with AI's data-driven insights\",\"breadcrumb\":{\"@id\":\"https:\/\/businessagility.education\/blog\/aci-vs-hac\/#breadcrumb\"},\"inLanguage\":\"fr-CA\",\"potentialAction\":[{\"@type\":\"ReadAction\",\"target\":[\"https:\/\/businessagility.education\/blog\/aci-vs-hac\/\"]}]},{\"@type\":\"BreadcrumbList\",\"@id\":\"https:\/\/businessagility.education\/blog\/aci-vs-hac\/#breadcrumb\",\"itemListElement\":[{\"@type\":\"ListItem\",\"position\":1,\"name\":\"Home\",\"item\":\"https:\/\/businessagility.education\/blog\/\"},{\"@type\":\"ListItem\",\"position\":2,\"name\":\"Augmented Collective Intelligence (ACI) and Human-AI Complementarity (HAC)\"}]},{\"@type\":\"WebSite\",\"@id\":\"https:\/\/businessagility.education\/blog\/#website\",\"url\":\"https:\/\/businessagility.education\/blog\/\",\"name\":\"Business Agility+AI\",\"description\":\"The Business Agility + Artificial Intelligence Blog\",\"publisher\":{\"@id\":\"https:\/\/businessagility.education\/blog\/#organization\"},\"potentialAction\":[{\"@type\":\"SearchAction\",\"target\":{\"@type\":\"EntryPoint\",\"urlTemplate\":\"https:\/\/businessagility.education\/blog\/?s={search_term_string}\"},\"query-input\":{\"@type\":\"PropertyValueSpecification\",\"valueRequired\":true,\"valueName\":\"search_term_string\"}}],\"inLanguage\":\"fr-CA\"},{\"@type\":\"Organization\",\"@id\":\"https:\/\/businessagility.education\/blog\/#organization\",\"name\":\"Business Agility+AI\",\"url\":\"https:\/\/businessagility.education\/blog\/\",\"logo\":{\"@type\":\"ImageObject\",\"inLanguage\":\"fr-CA\",\"@id\":\"https:\/\/businessagility.education\/blog\/#\/schema\/logo\/image\/\",\"url\":\"https:\/\/businessagility.education\/blog\/wp-content\/uploads\/2022\/06\/business-agility-blog-logo.png\",\"contentUrl\":\"https:\/\/businessagility.education\/blog\/wp-content\/uploads\/2022\/06\/business-agility-blog-logo.png\",\"width\":200,\"height\":100,\"caption\":\"Business Agility+AI\"},\"image\":{\"@id\":\"https:\/\/businessagility.education\/blog\/#\/schema\/logo\/image\/\"}}]}<\/script>\n<!-- \/ Yoast SEO plugin. -->","yoast_head_json":{"title":"Augmented Collective Intelligence (ACI) and Human-AI Complementarity (HAC) - Business Agility+AI","description":"Augmented Collective Intelligence (ACI) and Human-AI Complementarity (HAC) drive innovation by merging human creativity with AI's data-driven insights","robots":{"index":"index","follow":"follow","max-snippet":"max-snippet:-1","max-image-preview":"max-image-preview:large","max-video-preview":"max-video-preview:-1"},"canonical":"https:\/\/businessagility.education\/blog\/fr\/aci-vs-hac\/","og_locale":"fr_CA","og_type":"article","og_title":"Augmented Collective Intelligence (ACI) and Human-AI Complementarity (HAC) - Business Agility+AI","og_description":"Augmented Collective Intelligence (ACI) and Human-AI Complementarity (HAC) drive innovation by merging human creativity with AI's data-driven insights","og_url":"https:\/\/businessagility.education\/blog\/fr\/aci-vs-hac\/","og_site_name":"Business Agility+AI","article_modified_time":"2024-10-01T23:23:45+00:00","twitter_card":"summary_large_image","twitter_misc":{"Estimation du temps de lecture":"5 minutes"},"schema":{"@context":"https:\/\/schema.org","@graph":[{"@type":"WebPage","@id":"https:\/\/businessagility.education\/blog\/aci-vs-hac\/","url":"https:\/\/businessagility.education\/blog\/aci-vs-hac\/","name":"Augmented Collective Intelligence (ACI) and Human-AI Complementarity (HAC) - Business Agility+AI","isPartOf":{"@id":"https:\/\/businessagility.education\/blog\/#website"},"datePublished":"2024-10-01T23:23:44+00:00","dateModified":"2024-10-01T23:23:45+00:00","description":"Augmented Collective Intelligence (ACI) and Human-AI Complementarity (HAC) drive innovation by merging human creativity with AI's data-driven insights","breadcrumb":{"@id":"https:\/\/businessagility.education\/blog\/aci-vs-hac\/#breadcrumb"},"inLanguage":"fr-CA","potentialAction":[{"@type":"ReadAction","target":["https:\/\/businessagility.education\/blog\/aci-vs-hac\/"]}]},{"@type":"BreadcrumbList","@id":"https:\/\/businessagility.education\/blog\/aci-vs-hac\/#breadcrumb","itemListElement":[{"@type":"ListItem","position":1,"name":"Home","item":"https:\/\/businessagility.education\/blog\/"},{"@type":"ListItem","position":2,"name":"Augmented Collective Intelligence (ACI) and Human-AI Complementarity (HAC)"}]},{"@type":"WebSite","@id":"https:\/\/businessagility.education\/blog\/#website","url":"https:\/\/businessagility.education\/blog\/","name":"Business Agility+AI","description":"The Business Agility + Artificial Intelligence Blog","publisher":{"@id":"https:\/\/businessagility.education\/blog\/#organization"},"potentialAction":[{"@type":"SearchAction","target":{"@type":"EntryPoint","urlTemplate":"https:\/\/businessagility.education\/blog\/?s={search_term_string}"},"query-input":{"@type":"PropertyValueSpecification","valueRequired":true,"valueName":"search_term_string"}}],"inLanguage":"fr-CA"},{"@type":"Organization","@id":"https:\/\/businessagility.education\/blog\/#organization","name":"Business Agility+AI","url":"https:\/\/businessagility.education\/blog\/","logo":{"@type":"ImageObject","inLanguage":"fr-CA","@id":"https:\/\/businessagility.education\/blog\/#\/schema\/logo\/image\/","url":"https:\/\/businessagility.education\/blog\/wp-content\/uploads\/2022\/06\/business-agility-blog-logo.png","contentUrl":"https:\/\/businessagility.education\/blog\/wp-content\/uploads\/2022\/06\/business-agility-blog-logo.png","width":200,"height":100,"caption":"Business Agility+AI"},"image":{"@id":"https:\/\/businessagility.education\/blog\/#\/schema\/logo\/image\/"}}]}},"_links":{"self":[{"href":"https:\/\/businessagility.education\/blog\/fr\/wp-json\/wp\/v2\/pages\/379","targetHints":{"allow":["GET"]}}],"collection":[{"href":"https:\/\/businessagility.education\/blog\/fr\/wp-json\/wp\/v2\/pages"}],"about":[{"href":"https:\/\/businessagility.education\/blog\/fr\/wp-json\/wp\/v2\/types\/page"}],"author":[{"embeddable":true,"href":"https:\/\/businessagility.education\/blog\/fr\/wp-json\/wp\/v2\/users\/1"}],"replies":[{"embeddable":true,"href":"https:\/\/businessagility.education\/blog\/fr\/wp-json\/wp\/v2\/comments?post=379"}],"version-history":[{"count":1,"href":"https:\/\/businessagility.education\/blog\/fr\/wp-json\/wp\/v2\/pages\/379\/revisions"}],"predecessor-version":[{"id":380,"href":"https:\/\/businessagility.education\/blog\/fr\/wp-json\/wp\/v2\/pages\/379\/revisions\/380"}],"wp:attachment":[{"href":"https:\/\/businessagility.education\/blog\/fr\/wp-json\/wp\/v2\/media?parent=379"}],"curies":[{"name":"wp","href":"https:\/\/api.w.org\/{rel}","templated":true}]}}