{"id":367,"date":"2024-09-26T10:51:44","date_gmt":"2024-09-26T14:51:44","guid":{"rendered":"https:\/\/businessagility.education\/blog\/?page_id=367"},"modified":"2024-09-26T10:51:45","modified_gmt":"2024-09-26T14:51:45","slug":"human-ai-work-vs-power-tools","status":"publish","type":"page","link":"https:\/\/businessagility.education\/blog\/fr\/human-ai-work-vs-power-tools\/","title":{"rendered":"Travail humain-IA contre outils \u00e9lectriques"},"content":{"rendered":"<p><\/p>\n\n\n\n<p>ABSTRACT : Contrairement aux outils \u00e9lectriques, l'IA apprend, s'adapte et offre des perspectives pr\u00e9dictives, fonctionnant de mani\u00e8re autonome pour am\u00e9liorer la prise de d\u00e9cision et l'efficacit\u00e9. Loin d'\u00eatre une simple aide, l'IA est un partenaire strat\u00e9gique qui \u00e9volue en permanence pour optimiser les processus d'entreprise et obtenir des r\u00e9sultats plus intelligents, fond\u00e9s sur des donn\u00e9es.<\/p>\n\n\n\n<p><strong>Pourquoi l'IA n'est pas un outil \u00e9lectrique comme une perceuse ou une tron\u00e7onneuse<\/strong><\/p>\n\n\n\n<p>Comparer l'IA \u00e0 des outils \u00e9lectriques tels qu'une perceuse ou une tron\u00e7onneuse semble commode \u00e0 premi\u00e8re vue. Apr\u00e8s tout, il s'agit d'outils con\u00e7us pour am\u00e9liorer les capacit\u00e9s humaines. Mais cette analogie, bien qu'accrocheuse, sous-estime largement la profondeur, la polyvalence et le potentiel de transformation de l'IA. Voyons pourquoi l'IA est bien plus qu'une simple perceuse et pourquoi la consid\u00e9rer comme un simple outil \u00e9lectrique est une simplification excessive qui ne tient pas compte de son v\u00e9ritable impact sur les entreprises modernes.<\/p>\n\n\n\n<p><\/p>\n\n\n\n<figure class=\"wp-block-embed is-type-video is-provider-youtube wp-block-embed-youtube wp-embed-aspect-16-9 wp-has-aspect-ratio\"><div class=\"wp-block-embed__wrapper\">\n<iframe loading=\"lazy\" title=\"Compl\u00e9mentarit\u00e9 entre l&#039;homme et l&#039;IA : L&#039;IA et les outils \u00e9lectriques L&#039;\u00e9ducation \u00e0 l&#039;intelligence artificielle\" width=\"580\" height=\"326\" src=\"https:\/\/www.youtube.com\/embed\/mRE7yclkefc?feature=oembed\" frameborder=\"0\" allow=\"accelerometer; autoplay; clipboard-write; encrypted-media; gyroscope; picture-in-picture; web-share\" referrerpolicy=\"strict-origin-when-cross-origin\" allowfullscreen><\/iframe>\n<\/div><\/figure>\n\n\n\n<p><\/p>\n\n\n\n<h3 class=\"wp-block-heading\"><strong>L'IA n'est pas sp\u00e9cifique \u00e0 une t\u00e2che, comme le sont les outils \u00e9lectriques<\/strong><\/h3>\n\n\n\n<p>Une perceuse perce. Une tron\u00e7onneuse coupe. Les outils \u00e9lectriques sont hautement sp\u00e9cialis\u00e9s ; ils accomplissent une t\u00e2che sp\u00e9cifique, bien que tr\u00e8s bien. L'IA, en revanche, ne se limite pas \u00e0 une seule fonction. C'est comme une bo\u00eete \u00e0 outils compl\u00e8te r\u00e9unie en un syst\u00e8me dynamique qui s'adapte, apprend et s'applique en permanence \u00e0 un large \u00e9ventail de probl\u00e8mes. Besoin de pr\u00e9dire le comportement des clients ? L'IA s'en charge. Vous voulez optimiser votre cha\u00eene d'approvisionnement ? L'IA s'en charge. Vous cherchez \u00e0 automatiser des t\u00e2ches administratives de routine ? C'est fait. L'IA est moins un outil qu'un partenaire capable de traiter simultan\u00e9ment plusieurs domaines. Alors qu'une tron\u00e7onneuse ne se transformera pas soudainement en pulv\u00e9risateur de peinture, l'IA peut s'adapter \u00e0 divers r\u00f4les.<\/p>\n\n\n\n<p><\/p>\n\n\n\n<h3 class=\"wp-block-heading\"><strong>L'IA ne se contente pas de faire - elle apprend et s'am\u00e9liore<\/strong><\/h3>\n\n\n\n<p>Une fois que vous avez achet\u00e9 un outil \u00e9lectrique, ses capacit\u00e9s restent statiques jusqu'\u00e0 ce qu'il s'use ou soit remplac\u00e9. L'IA, en revanche, s'am\u00e9liore avec le temps. Les algorithmes d'apprentissage automatique permettent \u00e0 l'IA de s'am\u00e9liorer en fonction du retour d'information, en optimisant continuellement ses performances. Cela signifie que l'IA ne se contente pas d'accomplir des t\u00e2ches : elle apprend des r\u00e9sultats, affine son approche et s'adapte \u00e0 de nouveaux d\u00e9fis. Imaginez que votre perceuse comprenne mieux le type de surface sur laquelle elle travaille, qu'elle ajuste sa vitesse et son couple \u00e0 la perfection sans que vous ayez besoin de la guider. C'est ce que fait l'IA avec vos donn\u00e9es, \u00e9voluant bien au-del\u00e0 d'un outil \u00e0 usage unique.<\/p>\n\n\n\n<p><\/p>\n\n\n\n<h3 class=\"wp-block-heading\"><strong>L'IA fournit des informations, pas seulement de l'ex\u00e9cution<\/strong><\/h3>\n\n\n\n<p>Les outils \u00e9lectriques, aussi perfectionn\u00e9s soient-ils, ne valent que ce que valent les mains qui les manient. L'IA, quant \u00e0 elle, ne se contente pas d'ex\u00e9cuter : elle analyse, traite et offre des perspectives fond\u00e9es sur des donn\u00e9es qui d\u00e9passent les capacit\u00e9s humaines. Une perceuse ne vous sugg\u00e9rera jamais les meilleurs mat\u00e9riaux pour votre projet ou n'analysera pas les raisons de l'\u00e9chec de votre derni\u00e8re tentative. L'IA, en revanche, peut pr\u00e9voir les tendances, recommander des strat\u00e9gies et formuler des recommandations sur la base de grandes quantit\u00e9s de donn\u00e9es. Ce n'est pas seulement un outil d'action ; c'est un partenaire strat\u00e9gique qui guide la prise de d\u00e9cision.<\/p>\n\n\n\n<p><\/p>\n\n\n\n<h3 class=\"wp-block-heading\"><strong>L'IA fonctionne de mani\u00e8re autonome<\/strong><\/h3>\n\n\n\n<p>Les outils \u00e9lectriques n\u00e9cessitent une supervision humaine constante. On ne peut pas installer une perceuse et s'attendre \u00e0 ce qu'elle termine le travail de mani\u00e8re autonome. Avec l'IA, une grande partie du travail peut \u00eatre automatis\u00e9e et autog\u00e9r\u00e9e. Les syst\u00e8mes d'IA peuvent se surveiller eux-m\u00eames, signaler les probl\u00e8mes et m\u00eame ajuster leur approche sans supervision constante. Imaginez un outil puissant capable de terminer le travail pendant que vous vous concentrez sur des activit\u00e9s plus strat\u00e9giques : c'est l'autonomie qu'offre l'IA dans le monde des affaires. Elle vous permet de vous \u00e9loigner, sachant qu'elle travaille 24 heures sur 24, qu'elle optimise les processus et qu'elle fournit des informations.<\/p>\n\n\n\n<p><\/p>\n\n\n\n<h3 class=\"wp-block-heading\"><strong>La puissance de l'IA r\u00e9side dans sa pr\u00e9cision fond\u00e9e sur les donn\u00e9es<\/strong><\/h3>\n\n\n\n<p>Si les outils \u00e9lectriques vous permettent de travailler plus rapidement ou plus efficacement, ils n'en restent pas moins des outils dont la pr\u00e9cision d\u00e9pend de votre jugement. L'IA, quant \u00e0 elle, excelle dans la prise de d\u00e9cisions pr\u00e9cises, \u00e9tay\u00e9es par des donn\u00e9es. Imaginez que vous ayez besoin d'abattre un arbre et que vous comptiez sur la puissance brute d'une tron\u00e7onneuse sans conna\u00eetre l'angle le plus s\u00fbr ou le plus efficace pour l'approcher. L'IA \u00e9limine ces conjectures. Elle traite de grandes quantit\u00e9s de donn\u00e9es, garantissant que vos d\u00e9cisions commerciales sont fond\u00e9es sur des preuves empiriques plut\u00f4t que sur des intuitions humaines. Dans le monde des affaires, la pr\u00e9cision est souvent plus pr\u00e9cieuse que la force brute, et l'IA offre cette pr\u00e9cision \u00e0 profusion.<\/p>\n\n\n\n<p><\/p>\n\n\n\n<h3 class=\"wp-block-heading\"><strong>L'IA \u00e9volue sans cesse, mais pas les outils de puissance<\/strong><\/h3>\n\n\n\n<p>Soyons r\u00e9alistes : la technologie qui sous-tend les perceuses et les tron\u00e7onneuses n'\u00e9volue gu\u00e8re. Certes, vous pouvez obtenir une meilleure batterie ou un design plus ergonomique, mais il s'agit essentiellement d'outils statiques. L'IA, en revanche, est une technologie en constante \u00e9volution. Au fur et \u00e0 mesure que les techniques d'apprentissage automatique s'am\u00e9liorent et que de nouveaux algorithmes sont d\u00e9velopp\u00e9s, l'IA devient plus performante, plus adaptative et plus pertinente face aux nouveaux d\u00e9fis commerciaux. Cette capacit\u00e9 d'\u00e9volution garantit que l'IA reste un outil de pointe, qui n'est pas limit\u00e9 par les m\u00eames contraintes que les outils traditionnels.<\/p>\n\n\n\n<p><\/p>\n\n\n\n<h3 class=\"wp-block-heading\"><strong>L'IA r\u00e9fl\u00e9chit - les outils de puissance ne le font pas<\/strong><\/h3>\n\n\n\n<p>La diff\u00e9rence la plus importante entre l'IA et les outils \u00e9lectriques r\u00e9side peut-\u00eatre dans la capacit\u00e9 de l'IA \u00e0 \"penser\". Alors qu'une tron\u00e7onneuse ou une perceuse est un prolongement de l'effort humain, l'IA introduit un niveau de cognition qui lui permet de prendre des d\u00e9cisions, de hi\u00e9rarchiser les t\u00e2ches et m\u00eame de pr\u00e9dire les r\u00e9sultats futurs. L'IA peut identifier des mod\u00e8les dans les donn\u00e9es que les humains ne peuvent pas voir, offrant des solutions et des strat\u00e9gies qui vont au-del\u00e0 de l'intuition humaine. Il ne s'agit pas simplement d'amplifier les capacit\u00e9s humaines, mais de les enrichir d'un niveau d'intelligence qui change radicalement la mani\u00e8re d'aborder les probl\u00e8mes.<\/p>\n\n\n\n<p><\/p>\n\n\n\n<h3 class=\"wp-block-heading\"><strong>L'IA est collaborative, pas seulement op\u00e9rationnelle<\/strong><\/h3>\n\n\n\n<p>Alors que les outils \u00e9lectriques rendent les humains plus efficaces dans l'ex\u00e9cution des t\u00e2ches, l'IA permet une collaboration entre la cr\u00e9ativit\u00e9 humaine et l'intelligence de la machine. Il ne s'agit pas seulement de faire le travail plus rapidement : l'IA peut introduire de nouvelles fa\u00e7ons d'envisager les probl\u00e8mes, en sugg\u00e9rant des solutions innovantes que les humains n'auraient peut-\u00eatre pas envisag\u00e9es. Cette synergie collaborative transforme les entreprises en leur permettant d'explorer des possibilit\u00e9s cr\u00e9atives tandis que l'IA s'occupe du travail de base bas\u00e9 sur les donn\u00e9es.<\/p>\n\n\n\n<p><\/p>\n\n\n\n<h3 class=\"wp-block-heading\">Conclusion : L'IA est un partenaire, pas seulement un outil<\/h3>\n\n\n\n<p>En r\u00e9duisant l'IA \u00e0 la m\u00eame cat\u00e9gorie que les outils \u00e9lectriques, on passe fondamentalement \u00e0 c\u00f4t\u00e9 de son potentiel. Si des outils comme les perceuses et les tron\u00e7onneuses sont ind\u00e9niablement utiles, ils n'ont pas l'adaptabilit\u00e9, la capacit\u00e9 d'apprentissage et la vision strat\u00e9gique que l'IA apporte \u00e0 la table. L'IA ne sert pas seulement \u00e0 faire les choses plus rapidement ou plus efficacement - elle ouvre des possibilit\u00e9s enti\u00e8rement nouvelles, permettant aux entreprises de prendre des d\u00e9cisions plus intelligentes, fond\u00e9es sur des donn\u00e9es, et d'\u00e9voluer en permanence dans un paysage en perp\u00e9tuelle mutation.<\/p>\n\n\n\n<p>En fin de compte, l'IA n'est pas une perceuse ou une tron\u00e7onneuse, c'est un partenaire intelligent. Et comme tout bon partenaire, elle compl\u00e8te vos forces, apprend de vos commentaires et vous aide \u00e0 accomplir plus que vous n'auriez jamais pu le faire seul. Ainsi, la prochaine fois que quelqu'un comparera l'IA \u00e0 un outil \u00e9lectrique, rappelez-lui que l'IA est dans une ligue \u00e0 part - une ligue qui pense, apprend et se transforme.<\/p>\n\n\n\n<p><\/p>\n\n\n\n<p><\/p>\n\n\n\n<p>Photo adapt\u00e9e de Photo par\u00a0<a href=\"https:\/\/unsplash.com\/@ahsanization?utm_content=creditCopyText&amp;utm_medium=referral&amp;utm_source=unsplash\">Ahsanization \u30c3<\/a><\/p>\n\n\n\n<p><\/p>","protected":false},"excerpt":{"rendered":"<p>ABSTRACT : Contrairement aux outils \u00e9lectriques, l'IA apprend, s'adapte et offre des perspectives pr\u00e9dictives, fonctionnant de mani\u00e8re autonome pour am\u00e9liorer la prise de d\u00e9cision et l'efficacit\u00e9. Loin d'\u00eatre une simple aide, l'IA est un partenaire strat\u00e9gique qui \u00e9volue en permanence pour optimiser les processus d'entreprise et obtenir des r\u00e9sultats plus intelligents, fond\u00e9s sur des donn\u00e9es. Pourquoi l'IA n'est pas un outil \u00e9lectrique comme une perceuse ou une tron\u00e7onneuse ?<\/p>","protected":false},"author":1,"featured_media":368,"parent":0,"menu_order":0,"comment_status":"closed","ping_status":"closed","template":"","meta":{"footnotes":""},"class_list":["post-367","page","type-page","status-publish","has-post-thumbnail","hentry"],"yoast_head":"<!-- This site is optimized with the Yoast SEO plugin v24.9 - https:\/\/yoast.com\/wordpress\/plugins\/seo\/ -->\n<title>Human-AI Work vs. Power Tools - Business Agility+AI<\/title>\n<meta name=\"description\" content=\"AI isn&#039;t just a tool like a drill; it&#039;s a strategic partner that learns, adapts, and enhances business decision-making, predictive insights and efficiency\" \/>\n<meta name=\"robots\" content=\"index, follow, max-snippet:-1, max-image-preview:large, max-video-preview:-1\" \/>\n<link rel=\"canonical\" href=\"https:\/\/businessagility.education\/blog\/fr\/human-ai-work-vs-power-tools\/\" \/>\n<meta property=\"og:locale\" content=\"fr_CA\" \/>\n<meta property=\"og:type\" content=\"article\" \/>\n<meta property=\"og:title\" content=\"Human-AI Work vs. Power Tools - Business Agility+AI\" \/>\n<meta property=\"og:description\" content=\"AI isn&#039;t just a tool like a drill; it&#039;s a strategic partner that learns, adapts, and enhances business decision-making, predictive insights and efficiency\" \/>\n<meta property=\"og:url\" content=\"https:\/\/businessagility.education\/blog\/fr\/human-ai-work-vs-power-tools\/\" \/>\n<meta property=\"og:site_name\" content=\"Business Agility+AI\" \/>\n<meta property=\"article:modified_time\" content=\"2024-09-26T14:51:45+00:00\" \/>\n<meta property=\"og:image\" content=\"https:\/\/businessagility.education\/blog\/wp-content\/uploads\/2024\/09\/ai-vs-power-tools.jpg\" \/>\n\t<meta property=\"og:image:width\" content=\"926\" \/>\n\t<meta property=\"og:image:height\" content=\"757\" \/>\n\t<meta property=\"og:image:type\" content=\"image\/jpeg\" \/>\n<meta name=\"twitter:card\" content=\"summary_large_image\" \/>\n<meta name=\"twitter:label1\" content=\"Estimation du temps de lecture\" \/>\n\t<meta name=\"twitter:data1\" content=\"5 minutes\" \/>\n<script type=\"application\/ld+json\" class=\"yoast-schema-graph\">{\"@context\":\"https:\/\/schema.org\",\"@graph\":[{\"@type\":\"WebPage\",\"@id\":\"https:\/\/businessagility.education\/blog\/human-ai-work-vs-power-tools\/\",\"url\":\"https:\/\/businessagility.education\/blog\/human-ai-work-vs-power-tools\/\",\"name\":\"Human-AI Work vs. Power Tools - Business Agility+AI\",\"isPartOf\":{\"@id\":\"https:\/\/businessagility.education\/blog\/#website\"},\"primaryImageOfPage\":{\"@id\":\"https:\/\/businessagility.education\/blog\/human-ai-work-vs-power-tools\/#primaryimage\"},\"image\":{\"@id\":\"https:\/\/businessagility.education\/blog\/human-ai-work-vs-power-tools\/#primaryimage\"},\"thumbnailUrl\":\"https:\/\/businessagility.education\/blog\/wp-content\/uploads\/2024\/09\/ai-vs-power-tools.jpg\",\"datePublished\":\"2024-09-26T14:51:44+00:00\",\"dateModified\":\"2024-09-26T14:51:45+00:00\",\"description\":\"AI isn't just a tool like a drill; it's a strategic partner that learns, adapts, and enhances business decision-making, predictive insights and efficiency\",\"breadcrumb\":{\"@id\":\"https:\/\/businessagility.education\/blog\/human-ai-work-vs-power-tools\/#breadcrumb\"},\"inLanguage\":\"fr-CA\",\"potentialAction\":[{\"@type\":\"ReadAction\",\"target\":[\"https:\/\/businessagility.education\/blog\/human-ai-work-vs-power-tools\/\"]}]},{\"@type\":\"ImageObject\",\"inLanguage\":\"fr-CA\",\"@id\":\"https:\/\/businessagility.education\/blog\/human-ai-work-vs-power-tools\/#primaryimage\",\"url\":\"https:\/\/businessagility.education\/blog\/wp-content\/uploads\/2024\/09\/ai-vs-power-tools.jpg\",\"contentUrl\":\"https:\/\/businessagility.education\/blog\/wp-content\/uploads\/2024\/09\/ai-vs-power-tools.jpg\",\"width\":926,\"height\":757,\"caption\":\"ai vs power tools\"},{\"@type\":\"BreadcrumbList\",\"@id\":\"https:\/\/businessagility.education\/blog\/human-ai-work-vs-power-tools\/#breadcrumb\",\"itemListElement\":[{\"@type\":\"ListItem\",\"position\":1,\"name\":\"Home\",\"item\":\"https:\/\/businessagility.education\/blog\/\"},{\"@type\":\"ListItem\",\"position\":2,\"name\":\"Human-AI Work vs. Power Tools\"}]},{\"@type\":\"WebSite\",\"@id\":\"https:\/\/businessagility.education\/blog\/#website\",\"url\":\"https:\/\/businessagility.education\/blog\/\",\"name\":\"Business Agility+AI\",\"description\":\"The Business Agility + Artificial Intelligence Blog\",\"publisher\":{\"@id\":\"https:\/\/businessagility.education\/blog\/#organization\"},\"potentialAction\":[{\"@type\":\"SearchAction\",\"target\":{\"@type\":\"EntryPoint\",\"urlTemplate\":\"https:\/\/businessagility.education\/blog\/?s={search_term_string}\"},\"query-input\":{\"@type\":\"PropertyValueSpecification\",\"valueRequired\":true,\"valueName\":\"search_term_string\"}}],\"inLanguage\":\"fr-CA\"},{\"@type\":\"Organization\",\"@id\":\"https:\/\/businessagility.education\/blog\/#organization\",\"name\":\"Business Agility+AI\",\"url\":\"https:\/\/businessagility.education\/blog\/\",\"logo\":{\"@type\":\"ImageObject\",\"inLanguage\":\"fr-CA\",\"@id\":\"https:\/\/businessagility.education\/blog\/#\/schema\/logo\/image\/\",\"url\":\"https:\/\/businessagility.education\/blog\/wp-content\/uploads\/2022\/06\/business-agility-blog-logo.png\",\"contentUrl\":\"https:\/\/businessagility.education\/blog\/wp-content\/uploads\/2022\/06\/business-agility-blog-logo.png\",\"width\":200,\"height\":100,\"caption\":\"Business Agility+AI\"},\"image\":{\"@id\":\"https:\/\/businessagility.education\/blog\/#\/schema\/logo\/image\/\"}}]}<\/script>\n<!-- \/ Yoast SEO plugin. -->","yoast_head_json":{"title":"Human-AI Work vs. Power Tools - Business Agility+AI","description":"AI isn't just a tool like a drill; it's a strategic partner that learns, adapts, and enhances business decision-making, predictive insights and efficiency","robots":{"index":"index","follow":"follow","max-snippet":"max-snippet:-1","max-image-preview":"max-image-preview:large","max-video-preview":"max-video-preview:-1"},"canonical":"https:\/\/businessagility.education\/blog\/fr\/human-ai-work-vs-power-tools\/","og_locale":"fr_CA","og_type":"article","og_title":"Human-AI Work vs. Power Tools - Business Agility+AI","og_description":"AI isn't just a tool like a drill; it's a strategic partner that learns, adapts, and enhances business decision-making, predictive insights and efficiency","og_url":"https:\/\/businessagility.education\/blog\/fr\/human-ai-work-vs-power-tools\/","og_site_name":"Business Agility+AI","article_modified_time":"2024-09-26T14:51:45+00:00","og_image":[{"width":926,"height":757,"url":"https:\/\/businessagility.education\/blog\/wp-content\/uploads\/2024\/09\/ai-vs-power-tools.jpg","type":"image\/jpeg"}],"twitter_card":"summary_large_image","twitter_misc":{"Estimation du temps de lecture":"5 minutes"},"schema":{"@context":"https:\/\/schema.org","@graph":[{"@type":"WebPage","@id":"https:\/\/businessagility.education\/blog\/human-ai-work-vs-power-tools\/","url":"https:\/\/businessagility.education\/blog\/human-ai-work-vs-power-tools\/","name":"Human-AI Work vs. Power Tools - Business Agility+AI","isPartOf":{"@id":"https:\/\/businessagility.education\/blog\/#website"},"primaryImageOfPage":{"@id":"https:\/\/businessagility.education\/blog\/human-ai-work-vs-power-tools\/#primaryimage"},"image":{"@id":"https:\/\/businessagility.education\/blog\/human-ai-work-vs-power-tools\/#primaryimage"},"thumbnailUrl":"https:\/\/businessagility.education\/blog\/wp-content\/uploads\/2024\/09\/ai-vs-power-tools.jpg","datePublished":"2024-09-26T14:51:44+00:00","dateModified":"2024-09-26T14:51:45+00:00","description":"AI isn't just a tool like a drill; it's a strategic partner that learns, adapts, and enhances business decision-making, predictive insights and efficiency","breadcrumb":{"@id":"https:\/\/businessagility.education\/blog\/human-ai-work-vs-power-tools\/#breadcrumb"},"inLanguage":"fr-CA","potentialAction":[{"@type":"ReadAction","target":["https:\/\/businessagility.education\/blog\/human-ai-work-vs-power-tools\/"]}]},{"@type":"ImageObject","inLanguage":"fr-CA","@id":"https:\/\/businessagility.education\/blog\/human-ai-work-vs-power-tools\/#primaryimage","url":"https:\/\/businessagility.education\/blog\/wp-content\/uploads\/2024\/09\/ai-vs-power-tools.jpg","contentUrl":"https:\/\/businessagility.education\/blog\/wp-content\/uploads\/2024\/09\/ai-vs-power-tools.jpg","width":926,"height":757,"caption":"ai vs power tools"},{"@type":"BreadcrumbList","@id":"https:\/\/businessagility.education\/blog\/human-ai-work-vs-power-tools\/#breadcrumb","itemListElement":[{"@type":"ListItem","position":1,"name":"Home","item":"https:\/\/businessagility.education\/blog\/"},{"@type":"ListItem","position":2,"name":"Human-AI Work vs. Power Tools"}]},{"@type":"WebSite","@id":"https:\/\/businessagility.education\/blog\/#website","url":"https:\/\/businessagility.education\/blog\/","name":"Business Agility+AI","description":"The Business Agility + Artificial Intelligence Blog","publisher":{"@id":"https:\/\/businessagility.education\/blog\/#organization"},"potentialAction":[{"@type":"SearchAction","target":{"@type":"EntryPoint","urlTemplate":"https:\/\/businessagility.education\/blog\/?s={search_term_string}"},"query-input":{"@type":"PropertyValueSpecification","valueRequired":true,"valueName":"search_term_string"}}],"inLanguage":"fr-CA"},{"@type":"Organization","@id":"https:\/\/businessagility.education\/blog\/#organization","name":"Business Agility+AI","url":"https:\/\/businessagility.education\/blog\/","logo":{"@type":"ImageObject","inLanguage":"fr-CA","@id":"https:\/\/businessagility.education\/blog\/#\/schema\/logo\/image\/","url":"https:\/\/businessagility.education\/blog\/wp-content\/uploads\/2022\/06\/business-agility-blog-logo.png","contentUrl":"https:\/\/businessagility.education\/blog\/wp-content\/uploads\/2022\/06\/business-agility-blog-logo.png","width":200,"height":100,"caption":"Business Agility+AI"},"image":{"@id":"https:\/\/businessagility.education\/blog\/#\/schema\/logo\/image\/"}}]}},"_links":{"self":[{"href":"https:\/\/businessagility.education\/blog\/fr\/wp-json\/wp\/v2\/pages\/367","targetHints":{"allow":["GET"]}}],"collection":[{"href":"https:\/\/businessagility.education\/blog\/fr\/wp-json\/wp\/v2\/pages"}],"about":[{"href":"https:\/\/businessagility.education\/blog\/fr\/wp-json\/wp\/v2\/types\/page"}],"author":[{"embeddable":true,"href":"https:\/\/businessagility.education\/blog\/fr\/wp-json\/wp\/v2\/users\/1"}],"replies":[{"embeddable":true,"href":"https:\/\/businessagility.education\/blog\/fr\/wp-json\/wp\/v2\/comments?post=367"}],"version-history":[{"count":1,"href":"https:\/\/businessagility.education\/blog\/fr\/wp-json\/wp\/v2\/pages\/367\/revisions"}],"predecessor-version":[{"id":369,"href":"https:\/\/businessagility.education\/blog\/fr\/wp-json\/wp\/v2\/pages\/367\/revisions\/369"}],"wp:featuredmedia":[{"embeddable":true,"href":"https:\/\/businessagility.education\/blog\/fr\/wp-json\/wp\/v2\/media\/368"}],"wp:attachment":[{"href":"https:\/\/businessagility.education\/blog\/fr\/wp-json\/wp\/v2\/media?parent=367"}],"curies":[{"name":"wp","href":"https:\/\/api.w.org\/{rel}","templated":true}]}}