{"id":301,"date":"2024-07-06T16:10:26","date_gmt":"2024-07-06T20:10:26","guid":{"rendered":"https:\/\/businessagility.education\/blog\/?page_id=301"},"modified":"2024-07-06T16:10:27","modified_gmt":"2024-07-06T20:10:27","slug":"human-ai-work-vs-cowboy-and-horse","status":"publish","type":"page","link":"https:\/\/businessagility.education\/blog\/fr\/human-ai-work-vs-cowboy-and-horse\/","title":{"rendered":"Travail Humain-IA vs. Cowboy et son cheval"},"content":{"rendered":"<p><\/p>\n\n\n\n<h3 class=\"wp-block-heading\">Pourquoi l'IA est mieux qu'un cheval pour votre carri\u00e8re professionnelle<\/h3>\n\n\n\n<p>Comparer l'IA \u00e0 un cheval fid\u00e8le peut sembler charmant, mais en r\u00e9alit\u00e9, l'IA est immens\u00e9ment plus puissante. Dans le monde des affaires, l'IA est un partenaire surpuissant, qui surpasse largement toute analogie traditionnelle. Pour exploiter pleinement le potentiel de l'IA, il est essentiel d'\u00e9tablir une relation de confiance en lui fournissant des donn\u00e9es de haute qualit\u00e9 et en am\u00e9liorant continuellement vos propres comp\u00e9tences. Cette relation, semblable \u00e0 celle d'un cow-boy qui s'occupe de son cheval, permet \u00e0 l'IA de fournir des informations pr\u00e9cises et pr\u00e9cieuses.<\/p>\n\n\n\n<p>Les capacit\u00e9s de l'IA d\u00e9passent de loin celles d'un cheval ; elle peut traiter de vastes ensembles de donn\u00e9es, pr\u00e9dire les tendances du march\u00e9 et offrir instantan\u00e9ment des recommandations fond\u00e9es sur des donn\u00e9es. Alors qu'un cheval peut se fatiguer, l'IA fonctionne 24 heures sur 24, 7 jours sur 7, et fournit des informations coh\u00e9rentes en temps r\u00e9el qui vous permettent de garder une longueur d'avance sur la concurrence.<\/p>\n\n\n\n<p>La synergie entre vous et l'IA transforme le potentiel de votre entreprise. L'IA s'occupe des donn\u00e9es lourdes, ce qui vous permet de vous concentrer sur la planification strat\u00e9gique et la r\u00e9solution cr\u00e9ative des probl\u00e8mes. Ce partenariat renforce vos capacit\u00e9s naturelles, ce qui vous rend plus efficace et plus innovant.<\/p>\n\n\n\n<p>En fin de compte, int\u00e9grer l'IA dans votre carri\u00e8re, c'est adopter un alli\u00e9 puissant et adaptable qui vous propulse vers l'avant. Un cow-boy ne vaut que ce que vaut son cheval, mais dans le monde des affaires, vous ne valez que ce que vaut votre IA. Alors, mettez-vous en selle et laissez l'IA vous guider vers de nouveaux sommets dans votre parcours professionnel.<\/p>\n\n\n\n<p><\/p>\n\n\n\n<blockquote class=\"wp-block-quote is-layout-flow wp-block-quote-is-layout-flow\">\n<p>\"Un cow-boy ne vaut que ce que vaut son cheval, mais vous ? Vous serez aussi bon que votre IA.\"<\/p>\n<cite>Business Class Lecture 2024 par le Prof. Thomas Hormaza Dow<\/cite><\/blockquote>\n\n\n\n<p><\/p>\n\n\n\n<figure class=\"wp-block-embed is-type-video is-provider-youtube wp-block-embed-youtube wp-embed-aspect-16-9 wp-has-aspect-ratio\"><div class=\"wp-block-embed__wrapper\">\n<iframe loading=\"lazy\" title=\"Compl\u00e9mentarit\u00e9 entre l&#039;homme et l&#039;intelligence artificielle : Le cow-boy\/la fille ne vaut que ce que vaut son cheval. Et vous ? Vous \u00eates aussi bon que votre IA !\" width=\"580\" height=\"326\" src=\"https:\/\/www.youtube.com\/embed\/S1781EoaIRk?feature=oembed\" frameborder=\"0\" allow=\"accelerometer; autoplay; clipboard-write; encrypted-media; gyroscope; picture-in-picture; web-share\" referrerpolicy=\"strict-origin-when-cross-origin\" allowfullscreen><\/iframe>\n<\/div><\/figure>\n\n\n\n<p><\/p>\n\n\n\n<h3 class=\"wp-block-heading\">Pourquoi l'IA est mieux qu'un cheval pour votre carri\u00e8re professionnelle<\/h3>\n\n\n\n<p>Une id\u00e9e fausse tr\u00e8s r\u00e9pandue consiste \u00e0 comparer l'IA \u00e0 un cheval de confiance pour les professionnels. Bien que cette analogie soit pittoresque, elle est hilarante et \u00e0 c\u00f4t\u00e9 de la plaque. Voyons pourquoi l'IA est bien plus puissante qu'un cheval et comment elle peut donner un coup de fouet \u00e0 votre carri\u00e8re.<\/p>\n\n\n\n<p><\/p>\n\n\n\n<h4 class=\"wp-block-heading\">Confiance et attention<\/h4>\n\n\n\n<p>Tout d'abord, la confiance et l'attention. Tout comme un cow-boy fait confiance \u00e0 son cheval pour naviguer sur des sentiers difficiles, vous devez faire confiance \u00e0 l'IA pour vous guider dans le monde sauvage des donn\u00e9es d'entreprise. Et comment b\u00e2tir cette confiance ? En prenant soin de votre IA. Nourrissez-la de donn\u00e9es de haute qualit\u00e9 et maintenez vos propres comp\u00e9tences \u00e0 jour. Si vous traitez bien votre IA, elle ne se contentera pas de vous avertir des tendances du march\u00e9, elle vous aidera \u00e0 saisir ces opportunit\u00e9s commerciales plus rapidement que vous ne pouvez le dire.<\/p>\n\n\n\n<p>Imaginez ceci : alors qu'un cheval peut vous aider \u00e0 parcourir 20 miles par jour, l'IA peut traiter des t\u00e9raoctets de donn\u00e9es en quelques secondes. Si vous avez d\u00e9j\u00e0 essay\u00e9 de faire faire des calculs \u00e0 un cheval, vous comprendrez l'avantage. Votre IA passera au crible des montagnes d'informations, trouvant des p\u00e9pites d'or (ou des tendances de march\u00e9, comme nous les appelons) que vous n'auriez jamais rep\u00e9r\u00e9es par vous-m\u00eame.<\/p>\n\n\n\n<p><\/p>\n\n\n\n<h4 class=\"wp-block-heading\">Capacit\u00e9s renforc\u00e9es<\/h4>\n\n\n\n<p>Un cheval peut vous emmener d'un point A \u00e0 un point B, mais l'IA ? L'IA vous emm\u00e8nera du point A au point Z, en tra\u00e7ant les meilleurs itin\u00e9raires, en pr\u00e9disant les tendances du march\u00e9 et en analysant de vastes ensembles de donn\u00e9es en un clin d'\u0153il. Imaginez que vous essayiez de traiter toutes les donn\u00e9es de vos activit\u00e9s commerciales avec un cheval - il mangerait probablement le papier ! L'IA ne se fatigue pas, n'a pas besoin de foin et ne se laissera certainement pas effrayer par un serpent dans l'herbe.<\/p>\n\n\n\n<p>Au cours de votre carri\u00e8re, vous serez confront\u00e9 \u00e0 d'innombrables d\u00e9cisions pour lesquelles l'IA peut fournir des informations essentielles. Qu'il s'agisse de pr\u00e9voir les ventes, d'optimiser les cha\u00eenes d'approvisionnement ou de d\u00e9velopper de nouveaux produits, l'IA sera votre pr\u00e9cieuse alli\u00e9e, en analysant les chiffres et en proposant des recommandations fond\u00e9es sur des donn\u00e9es, tandis que vous vous concentrerez sur la situation dans son ensemble.<\/p>\n\n\n\n<p><\/p>\n\n\n\n<h4 class=\"wp-block-heading\">Synergie : Le duo dynamique entre vous et l'IA<\/h4>\n\n\n\n<p>Enfin, parlons de synergie. Vous et l'IA \u00eates comme le duo dynamique du monde des affaires. Vous donnez l'orientation cr\u00e9ative et l'IA fournit les informations bas\u00e9es sur les donn\u00e9es. Ensemble, vous \u00eates inarr\u00eatables. Pensez-y : pendant que vous \u00e9laborez des strat\u00e9gies et prenez des d\u00e9cisions importantes, l'IA calcule des chiffres, identifie des mod\u00e8les et propose des recommandations. C'est un peu comme si vous aviez un superordinateur \u00e0 vos c\u00f4t\u00e9s qui ne prend jamais un jour de cong\u00e9 !<\/p>\n\n\n\n<p>Pensez-y de la mani\u00e8re suivante : pendant que vous concluez des affaires et \u00e9blouissez vos clients, l'IA est au bureau, travaillant sans rel\u00e2che pour s'assurer que vous avez les meilleures informations \u00e0 port\u00e9e de main. C'est comme si vous disposiez d'une paire d'yeux et d'oreilles suppl\u00e9mentaires, qui surveillent en permanence l'environnement commercial et vous permettent de garder une longueur d'avance sur la concurrence.<\/p>\n\n\n\n<p><\/p>\n\n\n\n<h3 class=\"wp-block-heading\">Conclusion : L'IA au service de la r\u00e9ussite professionnelle<\/h3>\n\n\n\n<p>En conclusion, si comparer l'IA \u00e0 un cheval peut \u00eatre amusant, cela ne rend pas compte de la profondeur, de la fiabilit\u00e9 et de la puissance que l'IA apporte \u00e0 votre carri\u00e8re. La nature ax\u00e9e sur les donn\u00e9es, les capacit\u00e9s analytiques et l'apprentissage continu de l'IA en font un partenaire indispensable pour les professionnels modernes. En comprenant ces distinctions, vous pourrez mieux appr\u00e9cier la valeur r\u00e9elle de l'IA et tirer parti de son plein potentiel pour faire avancer votre carri\u00e8re.<\/p>\n\n\n\n<p>Alors, en selle pour r\u00e9ussir ! Votre voyage avec l'IA commence maintenant. Faites-lui confiance, prenez-en soin et cr\u00e9ez une puissante synergie. N'oubliez pas qu'un cow-boy ne vaut que ce que vaut son cheval, mais vous ? Vous serez aussi bon que votre IA. Et n'oubliez pas, dans le rod\u00e9o des affaires, l'IA vous soutient - tenez-vous bien et profitez de la balade !<\/p>\n\n\n\n<p><\/p>\n\n\n\n<p><\/p>","protected":false},"excerpt":{"rendered":"<p>Pourquoi l'IA est meilleure qu'un cheval pour votre carri\u00e8re professionnelle Comparer l'IA \u00e0 un cheval fid\u00e8le peut sembler charmant, mais en r\u00e9alit\u00e9, l'IA est immens\u00e9ment plus puissante. Dans le monde des affaires, l'IA est un partenaire surpuissant qui surpasse largement toute analogie traditionnelle. Pour exploiter tout le potentiel de l'IA, il est essentiel d'instaurer la confiance en nourrissant [...]<\/p>","protected":false},"author":1,"featured_media":302,"parent":0,"menu_order":0,"comment_status":"closed","ping_status":"closed","template":"","meta":{"footnotes":""},"class_list":["post-301","page","type-page","status-publish","has-post-thumbnail","hentry"],"yoast_head":"<!-- This site is optimized with the Yoast SEO plugin v24.9 - https:\/\/yoast.com\/wordpress\/plugins\/seo\/ -->\n<title>Human-AI Work Complementarity vs. Cowboy and Horse - Business Agility+AI + AI<\/title>\n<meta name=\"description\" content=\"&quot;A Cowboy Might Only Be As Good As Their Horse, But You? You\u2019ll Be As Great As Your AI.&quot; Business Class Lecture 2024 by Prof. Thomas Hormaza Dow\" \/>\n<meta name=\"robots\" content=\"index, follow, max-snippet:-1, max-image-preview:large, max-video-preview:-1\" \/>\n<link rel=\"canonical\" href=\"https:\/\/businessagility.education\/blog\/fr\/human-ai-work-vs-cowboy-and-horse\/\" \/>\n<meta property=\"og:locale\" content=\"fr_CA\" \/>\n<meta property=\"og:type\" content=\"article\" \/>\n<meta property=\"og:title\" content=\"Human-AI Work Complementarity vs. Cowboy and Horse - Business Agility+AI + AI\" \/>\n<meta property=\"og:description\" content=\"&quot;A Cowboy Might Only Be As Good As Their Horse, But You? You\u2019ll Be As Great As Your AI.&quot; Business Class Lecture 2024 by Prof. Thomas Hormaza Dow\" \/>\n<meta property=\"og:url\" content=\"https:\/\/businessagility.education\/blog\/fr\/human-ai-work-vs-cowboy-and-horse\/\" \/>\n<meta property=\"og:site_name\" content=\"Business Agility+AI\" \/>\n<meta property=\"article:modified_time\" content=\"2024-07-06T20:10:27+00:00\" \/>\n<meta property=\"og:image\" content=\"https:\/\/businessagility.education\/blog\/wp-content\/uploads\/2024\/07\/human-ai-complementarity-cowboy-horse.png\" \/>\n\t<meta property=\"og:image:width\" content=\"1152\" \/>\n\t<meta property=\"og:image:height\" content=\"738\" \/>\n\t<meta property=\"og:image:type\" content=\"image\/png\" \/>\n<meta name=\"twitter:card\" content=\"summary_large_image\" \/>\n<meta name=\"twitter:label1\" content=\"Estimation du temps de lecture\" \/>\n\t<meta name=\"twitter:data1\" content=\"4 minutes\" \/>\n<script type=\"application\/ld+json\" class=\"yoast-schema-graph\">{\"@context\":\"https:\/\/schema.org\",\"@graph\":[{\"@type\":\"WebPage\",\"@id\":\"https:\/\/businessagility.education\/blog\/human-ai-work-vs-cowboy-and-horse\/\",\"url\":\"https:\/\/businessagility.education\/blog\/human-ai-work-vs-cowboy-and-horse\/\",\"name\":\"Human-AI Work Complementarity vs. Cowboy and Horse - Business Agility+AI + AI\",\"isPartOf\":{\"@id\":\"https:\/\/businessagility.education\/blog\/#website\"},\"primaryImageOfPage\":{\"@id\":\"https:\/\/businessagility.education\/blog\/human-ai-work-vs-cowboy-and-horse\/#primaryimage\"},\"image\":{\"@id\":\"https:\/\/businessagility.education\/blog\/human-ai-work-vs-cowboy-and-horse\/#primaryimage\"},\"thumbnailUrl\":\"https:\/\/businessagility.education\/blog\/wp-content\/uploads\/2024\/07\/human-ai-complementarity-cowboy-horse.png\",\"datePublished\":\"2024-07-06T20:10:26+00:00\",\"dateModified\":\"2024-07-06T20:10:27+00:00\",\"description\":\"\\\"A Cowboy Might Only Be As Good As Their Horse, But You? You\u2019ll Be As Great As Your AI.\\\" Business Class Lecture 2024 by Prof. Thomas Hormaza Dow\",\"breadcrumb\":{\"@id\":\"https:\/\/businessagility.education\/blog\/human-ai-work-vs-cowboy-and-horse\/#breadcrumb\"},\"inLanguage\":\"fr-CA\",\"potentialAction\":[{\"@type\":\"ReadAction\",\"target\":[\"https:\/\/businessagility.education\/blog\/human-ai-work-vs-cowboy-and-horse\/\"]}]},{\"@type\":\"ImageObject\",\"inLanguage\":\"fr-CA\",\"@id\":\"https:\/\/businessagility.education\/blog\/human-ai-work-vs-cowboy-and-horse\/#primaryimage\",\"url\":\"https:\/\/businessagility.education\/blog\/wp-content\/uploads\/2024\/07\/human-ai-complementarity-cowboy-horse.png\",\"contentUrl\":\"https:\/\/businessagility.education\/blog\/wp-content\/uploads\/2024\/07\/human-ai-complementarity-cowboy-horse.png\",\"width\":1152,\"height\":738,\"caption\":\"human-ai complementarity\"},{\"@type\":\"BreadcrumbList\",\"@id\":\"https:\/\/businessagility.education\/blog\/human-ai-work-vs-cowboy-and-horse\/#breadcrumb\",\"itemListElement\":[{\"@type\":\"ListItem\",\"position\":1,\"name\":\"Home\",\"item\":\"https:\/\/businessagility.education\/blog\/\"},{\"@type\":\"ListItem\",\"position\":2,\"name\":\"Human-AI Work vs. Cowboy and Horse\"}]},{\"@type\":\"WebSite\",\"@id\":\"https:\/\/businessagility.education\/blog\/#website\",\"url\":\"https:\/\/businessagility.education\/blog\/\",\"name\":\"Business Agility+AI\",\"description\":\"The Business Agility + Artificial Intelligence Blog\",\"publisher\":{\"@id\":\"https:\/\/businessagility.education\/blog\/#organization\"},\"potentialAction\":[{\"@type\":\"SearchAction\",\"target\":{\"@type\":\"EntryPoint\",\"urlTemplate\":\"https:\/\/businessagility.education\/blog\/?s={search_term_string}\"},\"query-input\":{\"@type\":\"PropertyValueSpecification\",\"valueRequired\":true,\"valueName\":\"search_term_string\"}}],\"inLanguage\":\"fr-CA\"},{\"@type\":\"Organization\",\"@id\":\"https:\/\/businessagility.education\/blog\/#organization\",\"name\":\"Business Agility+AI\",\"url\":\"https:\/\/businessagility.education\/blog\/\",\"logo\":{\"@type\":\"ImageObject\",\"inLanguage\":\"fr-CA\",\"@id\":\"https:\/\/businessagility.education\/blog\/#\/schema\/logo\/image\/\",\"url\":\"https:\/\/businessagility.education\/blog\/wp-content\/uploads\/2022\/06\/business-agility-blog-logo.png\",\"contentUrl\":\"https:\/\/businessagility.education\/blog\/wp-content\/uploads\/2022\/06\/business-agility-blog-logo.png\",\"width\":200,\"height\":100,\"caption\":\"Business Agility+AI\"},\"image\":{\"@id\":\"https:\/\/businessagility.education\/blog\/#\/schema\/logo\/image\/\"}}]}<\/script>\n<!-- \/ Yoast SEO plugin. -->","yoast_head_json":{"title":"Human-AI Work Complementarity vs. Cowboy and Horse - Business Agility+AI + AI","description":"\"A Cowboy Might Only Be As Good As Their Horse, But You? You\u2019ll Be As Great As Your AI.\" Business Class Lecture 2024 by Prof. Thomas Hormaza Dow","robots":{"index":"index","follow":"follow","max-snippet":"max-snippet:-1","max-image-preview":"max-image-preview:large","max-video-preview":"max-video-preview:-1"},"canonical":"https:\/\/businessagility.education\/blog\/fr\/human-ai-work-vs-cowboy-and-horse\/","og_locale":"fr_CA","og_type":"article","og_title":"Human-AI Work Complementarity vs. Cowboy and Horse - Business Agility+AI + AI","og_description":"\"A Cowboy Might Only Be As Good As Their Horse, But You? You\u2019ll Be As Great As Your AI.\" Business Class Lecture 2024 by Prof. Thomas Hormaza Dow","og_url":"https:\/\/businessagility.education\/blog\/fr\/human-ai-work-vs-cowboy-and-horse\/","og_site_name":"Business Agility+AI","article_modified_time":"2024-07-06T20:10:27+00:00","og_image":[{"width":1152,"height":738,"url":"https:\/\/businessagility.education\/blog\/wp-content\/uploads\/2024\/07\/human-ai-complementarity-cowboy-horse.png","type":"image\/png"}],"twitter_card":"summary_large_image","twitter_misc":{"Estimation du temps de lecture":"4 minutes"},"schema":{"@context":"https:\/\/schema.org","@graph":[{"@type":"WebPage","@id":"https:\/\/businessagility.education\/blog\/human-ai-work-vs-cowboy-and-horse\/","url":"https:\/\/businessagility.education\/blog\/human-ai-work-vs-cowboy-and-horse\/","name":"Human-AI Work Complementarity vs. Cowboy and Horse - Business Agility+AI + AI","isPartOf":{"@id":"https:\/\/businessagility.education\/blog\/#website"},"primaryImageOfPage":{"@id":"https:\/\/businessagility.education\/blog\/human-ai-work-vs-cowboy-and-horse\/#primaryimage"},"image":{"@id":"https:\/\/businessagility.education\/blog\/human-ai-work-vs-cowboy-and-horse\/#primaryimage"},"thumbnailUrl":"https:\/\/businessagility.education\/blog\/wp-content\/uploads\/2024\/07\/human-ai-complementarity-cowboy-horse.png","datePublished":"2024-07-06T20:10:26+00:00","dateModified":"2024-07-06T20:10:27+00:00","description":"\"A Cowboy Might Only Be As Good As Their Horse, But You? You\u2019ll Be As Great As Your AI.\" Business Class Lecture 2024 by Prof. Thomas Hormaza Dow","breadcrumb":{"@id":"https:\/\/businessagility.education\/blog\/human-ai-work-vs-cowboy-and-horse\/#breadcrumb"},"inLanguage":"fr-CA","potentialAction":[{"@type":"ReadAction","target":["https:\/\/businessagility.education\/blog\/human-ai-work-vs-cowboy-and-horse\/"]}]},{"@type":"ImageObject","inLanguage":"fr-CA","@id":"https:\/\/businessagility.education\/blog\/human-ai-work-vs-cowboy-and-horse\/#primaryimage","url":"https:\/\/businessagility.education\/blog\/wp-content\/uploads\/2024\/07\/human-ai-complementarity-cowboy-horse.png","contentUrl":"https:\/\/businessagility.education\/blog\/wp-content\/uploads\/2024\/07\/human-ai-complementarity-cowboy-horse.png","width":1152,"height":738,"caption":"human-ai complementarity"},{"@type":"BreadcrumbList","@id":"https:\/\/businessagility.education\/blog\/human-ai-work-vs-cowboy-and-horse\/#breadcrumb","itemListElement":[{"@type":"ListItem","position":1,"name":"Home","item":"https:\/\/businessagility.education\/blog\/"},{"@type":"ListItem","position":2,"name":"Human-AI Work vs. Cowboy and Horse"}]},{"@type":"WebSite","@id":"https:\/\/businessagility.education\/blog\/#website","url":"https:\/\/businessagility.education\/blog\/","name":"Business Agility+AI","description":"The Business Agility + Artificial Intelligence Blog","publisher":{"@id":"https:\/\/businessagility.education\/blog\/#organization"},"potentialAction":[{"@type":"SearchAction","target":{"@type":"EntryPoint","urlTemplate":"https:\/\/businessagility.education\/blog\/?s={search_term_string}"},"query-input":{"@type":"PropertyValueSpecification","valueRequired":true,"valueName":"search_term_string"}}],"inLanguage":"fr-CA"},{"@type":"Organization","@id":"https:\/\/businessagility.education\/blog\/#organization","name":"Business Agility+AI","url":"https:\/\/businessagility.education\/blog\/","logo":{"@type":"ImageObject","inLanguage":"fr-CA","@id":"https:\/\/businessagility.education\/blog\/#\/schema\/logo\/image\/","url":"https:\/\/businessagility.education\/blog\/wp-content\/uploads\/2022\/06\/business-agility-blog-logo.png","contentUrl":"https:\/\/businessagility.education\/blog\/wp-content\/uploads\/2022\/06\/business-agility-blog-logo.png","width":200,"height":100,"caption":"Business Agility+AI"},"image":{"@id":"https:\/\/businessagility.education\/blog\/#\/schema\/logo\/image\/"}}]}},"_links":{"self":[{"href":"https:\/\/businessagility.education\/blog\/fr\/wp-json\/wp\/v2\/pages\/301","targetHints":{"allow":["GET"]}}],"collection":[{"href":"https:\/\/businessagility.education\/blog\/fr\/wp-json\/wp\/v2\/pages"}],"about":[{"href":"https:\/\/businessagility.education\/blog\/fr\/wp-json\/wp\/v2\/types\/page"}],"author":[{"embeddable":true,"href":"https:\/\/businessagility.education\/blog\/fr\/wp-json\/wp\/v2\/users\/1"}],"replies":[{"embeddable":true,"href":"https:\/\/businessagility.education\/blog\/fr\/wp-json\/wp\/v2\/comments?post=301"}],"version-history":[{"count":1,"href":"https:\/\/businessagility.education\/blog\/fr\/wp-json\/wp\/v2\/pages\/301\/revisions"}],"predecessor-version":[{"id":303,"href":"https:\/\/businessagility.education\/blog\/fr\/wp-json\/wp\/v2\/pages\/301\/revisions\/303"}],"wp:featuredmedia":[{"embeddable":true,"href":"https:\/\/businessagility.education\/blog\/fr\/wp-json\/wp\/v2\/media\/302"}],"wp:attachment":[{"href":"https:\/\/businessagility.education\/blog\/fr\/wp-json\/wp\/v2\/media?parent=301"}],"curies":[{"name":"wp","href":"https:\/\/api.w.org\/{rel}","templated":true}]}}