{"id":195,"date":"2022-08-17T12:25:46","date_gmt":"2022-08-17T16:25:46","guid":{"rendered":"https:\/\/businessagility.education\/blog\/?page_id=195"},"modified":"2022-08-17T13:33:58","modified_gmt":"2022-08-17T17:33:58","slug":"agile-marketing-manifesto","status":"publish","type":"page","link":"https:\/\/businessagility.education\/blog\/fr\/agile-marketing-manifesto\/","title":{"rendered":"Manifeste du marketing agile"},"content":{"rendered":"<p>La comparaison c\u00f4te \u00e0 c\u00f4te des manifestes ci-dessous permet de voir clairement certaines des principales diff\u00e9rences entre la version Agile Dev 2001 et la version Agile Marketing 2012 et 2021.<\/p>\n\n\n\n<p>Note : Le Manifeste du Marketing Agile est en train d'\u00eatre modifi\u00e9 par l'\u00e9quipe de leadership du Sprint 2 et par les centaines de commentaires et de r\u00e9sultats recueillis lors d'une r\u00e9union de l'\u00e9quipe de leadership du Sprint 2. <a href=\"https:\/\/agilemarketingmanifesto.org\/blog\/help-us-shape-the-future-of-agile-marketing\/\" target=\"_blank\" rel=\"noreferrer noopener\">Enqu\u00eate annonc\u00e9e le 28 mai 2021<\/a>. Nous fournirons une mise \u00e0 jour lorsque le nouveau document sera publi\u00e9 sur AgileMarketingManifesto.org.<\/p>\n\n\n\n<p><a href=\"https:\/\/businessagility.education\/\" target=\"_blank\" rel=\"noreferrer noopener\">Accueil<\/a> \/ <a href=\"https:\/\/businessagility.education\/agile-marketing\" target=\"_blank\" rel=\"noreferrer noopener\">Marketing agile<\/a> \/ <a href=\"https:\/\/businessagility.education\/blog\/\">Blog sur l'agilit\u00e9 des entreprises<\/a> \/ <a href=\"https:\/\/businessagility.education\/blog\/agile-marketing-manifesto\/\">Manifeste du marketing agile<\/a><\/p>\n\n\n\n<h4 class=\"wp-block-heading\">Comparaison des valeurs de l'Agile et de l'Agile Marketing<\/h4>\n\n\n\n<h2 class=\"wp-block-heading\">4 Valeurs Agiles<\/h2>\n\n\n\n<p>Agile propose quatre valeurs simples, mais tr\u00e8s efficaces, pour contribuer \u00e0 la cr\u00e9ation d'un produit ou d'un service de grande valeur dans le domaine du d\u00e9veloppement web et du marketing. Pour ce faire, la m\u00e9thodologie met l'accent sur ces valeurs :<\/p>\n\n\n\n<ul class=\"wp-block-list\"><li>Individus et interactions<\/li><li>Produits de travail<\/li><li>Collaboration avec les clients<\/li><li>R\u00e9pondre au changement<\/li><\/ul>\n\n\n\n<h2 class=\"wp-block-heading\">5 valeurs du marketing agile<\/h2>\n\n\n\n<p>Le marketing agile a d\u00e9velopp\u00e9 son propre manifeste avec 5 valeurs :<\/p>\n\n\n\n<ul class=\"wp-block-list\"><li>Mettre l'accent sur la valeur et les r\u00e9sultats pour le client<\/li><li>Fournir de la valeur rapidement et souvent<\/li><li>Apprendre gr\u00e2ce aux exp\u00e9riences et aux donn\u00e9es<\/li><li>Collaboration interfonctionnelle<\/li><li>R\u00e9pondre au changement<\/li><\/ul>\n\n\n\n<figure class=\"wp-block-table\"><table><thead><tr><th>Valeurs agiles<\/th><th>Valeurs du marketing agile<\/th><\/tr><\/thead><tbody><tr><td><a href=\"https:\/\/agilemanifesto.org\/\" target=\"_blank\" rel=\"noreferrer noopener\">Manifeste Agile.org<\/a><\/td><td><a href=\"https:\/\/agilemarketingmanifesto.org\/values\/\" target=\"_blank\" rel=\"noreferrer noopener\">AgileMarketingManifesto.org<\/a><\/td><\/tr><tr><td>Manifeste pour le d\u00e9veloppement agile de logiciels<br><br><br>Nous d\u00e9couvrons de meilleures fa\u00e7ons de d\u00e9velopper<br>en le faisant et en aidant les autres \u00e0 le faire.<br>Gr\u00e2ce \u00e0 ce travail, nous avons acquis de la valeur :<\/td><td>Manifeste pour un marketing agile<br><br>Pour faire face \u00e0 la rapidit\u00e9 et \u00e0 la complexit\u00e9 du marketing d'aujourd'hui, nous adoptons de nouvelles m\u00e9thodes de travail :<\/td><\/tr><tr><td>1. Individus et interactions par rapport aux processus et aux outils<\/td><td>1. Privil\u00e9gier la valeur pour le client et les r\u00e9sultats pour l'entreprise plut\u00f4t que l'activit\u00e9 et les r\u00e9sultats<\/td><\/tr><tr><td>2. Logiciel fonctionnel et documentation compl\u00e8te<\/td><td>2. Fournir de la valeur rapidement et souvent plut\u00f4t que d'attendre la perfection<\/td><\/tr><tr><td>3. Collaboration avec le client lors de la n\u00e9gociation du contrat<\/td><td>3. Apprendre par des exp\u00e9riences et des donn\u00e9es plut\u00f4t que par des opinions et des conventions&nbsp;<\/td><\/tr><tr><td>4. R\u00e9agir au changement plut\u00f4t que de suivre un plan<\/td><td>4. Collaboration interfonctionnelle plut\u00f4t que silos et hi\u00e9rarchies&nbsp;<\/td><\/tr><tr><td><\/td><td>5. R\u00e9pondre au changement plut\u00f4t que de suivre un plan statique&nbsp;<\/td><\/tr><tr><td><\/td><td><\/td><\/tr><tr><td><\/td><td><\/td><\/tr><\/tbody><\/table><figcaption>4 valeurs agiles et 7 valeurs marketing agiles apr\u00e8s septembre 2021<\/figcaption><\/figure>\n\n\n\n<h4 class=\"wp-block-heading\">Comparaison des principes Agile et Agile Marketing<\/h4>\n\n\n\n<h3 class=\"wp-block-heading\">Les 12 principes de l'Agile<\/h3>\n\n\n\n<p>Qu'il s'agisse de d\u00e9veloppement web ou de marketing, les 12 principes agiles fournissent des indications pr\u00e9cieuses pour la cr\u00e9ation d'un produit ou d'un service \u00e0 forte valeur ajout\u00e9e pour une entreprise. Voici les 12 principes bas\u00e9s sur le d\u00e9veloppement agile ainsi que les 10 principes du marketing agile :<\/p>\n\n\n\n<p><strong>Pour faire face \u00e0 la rapidit\u00e9 et \u00e0 la complexit\u00e9 du marketing d'aujourd'hui, nous adoptons un \u00e9tat d'esprit diff\u00e9rent et de nouvelles m\u00e9thodes de travail. Les principes s'appuient sur les valeurs suivantes<\/strong><\/p>\n\n\n\n<figure class=\"wp-block-table\"><table><thead><tr><th>Principes agiles<\/th><th>Principes du marketing agile<\/th><\/tr><\/thead><tbody><tr><td>Manifeste Agile.org<\/td><td>AgileMarketingManifesto.org<\/td><\/tr><tr><td>1. Satisfaction du client gr\u00e2ce \u00e0 la livraison rapide et continue de logiciels de qualit\u00e9.<\/td><td>1. Un marketing efficace exige un alignement \u00e9troit, de la transparence et des interactions de qualit\u00e9 avec les clients internes et externes.<\/td><\/tr><tr><td>2. Accepter l'\u00e9volution des besoins, m\u00eame \u00e0 un stade avanc\u00e9 du d\u00e9veloppement.<\/td><td>2. Rechercher des points de vue diff\u00e9rents et diversifi\u00e9s<\/td><\/tr><tr><td>3. Fournir fr\u00e9quemment des logiciels fonctionnels (en quelques semaines plut\u00f4t qu'en quelques mois)<\/td><td>3. Accepter le changement et y r\u00e9pondre afin d'am\u00e9liorer la valeur pour le client<\/td><\/tr><tr><td>4. Une coop\u00e9ration \u00e9troite et quotidienne entre les entreprises et les d\u00e9veloppeurs<\/td><td>4. Ne planifier qu'\u00e0 un niveau suffisant pour assurer une hi\u00e9rarchisation et une ex\u00e9cution efficaces.<\/td><\/tr><tr><td>5. Les projets sont construits autour d'individus motiv\u00e9s, \u00e0 qui l'on doit faire confiance<\/td><td>5. Prenez des risques et tirez les le\u00e7ons de vos \u00e9checs<\/td><\/tr><tr><td>6. La conversation en face \u00e0 face est la meilleure forme de communication (colocalisation)<\/td><td>6. S'organiser en petites \u00e9quipes interfonctionnelles dans la mesure du possible.<\/td><\/tr><tr><td>7. Le logiciel de travail est la principale mesure du progr\u00e8s<\/td><td>7. Construire des programmes de marketing autour de personnes motiv\u00e9es et leur faire confiance pour accomplir le travail.<\/td><\/tr><tr><td>8. D\u00e9veloppement durable, capable de maintenir un rythme constant<\/td><td>8. Le succ\u00e8s \u00e0 long terme de la commercialisation d\u00e9pend d'un rythme de fonctionnement durable<\/td><\/tr><tr><td>9. Attention permanente \u00e0 l'excellence technique et \u00e0 la qualit\u00e9 de la conception<\/td><td>9. Le marketing agile ne suffit pas. L'excellence en mati\u00e8re de marketing exige une attention permanente aux principes fondamentaux du marketing.<\/td><\/tr><tr><td>10. La simplicit\u00e9 - l'art de maximiser la quantit\u00e9 de travail non effectu\u00e9 - est essentielle<\/td><td>10. Rechercher la simplicit\u00e9<\/td><\/tr><tr><td>11. Les meilleures architectures, exigences et conceptions \u00e9mergent d'\u00e9quipes auto-organis\u00e9es.<\/td><td><\/td><\/tr><tr><td>12. R\u00e9guli\u00e8rement, l'\u00e9quipe r\u00e9fl\u00e9chit \u00e0 la mani\u00e8re de devenir plus efficace et s'adapte en cons\u00e9quence<\/td><td><\/td><\/tr><\/tbody><\/table><figcaption>12 principes agiles et 10 principes de marketing agile apr\u00e8s septembre 2021<\/figcaption><\/figure>\n\n\n\n<p><\/p>\n\n\n\n<h4 class=\"wp-block-heading\">Manifeste du marketing agile PDF<\/h4>\n\n\n\n<div data-wp-interactive=\"core\/file\" class=\"wp-block-file\"><object data-wp-bind--hidden=\"!state.hasPdfPreview\" hidden class=\"wp-block-file__embed\" data=\"https:\/\/businessagility.education\/blog\/wp-content\/uploads\/2022\/08\/agile-marketing-manifesto.pdf\" type=\"application\/pdf\" style=\"width:100%;height:600px\" aria-label=\"Contenu incorpor\u00e9 Embed of agile-marketing-manifesto...\"><\/object><a id=\"wp-block-file--media-449d90dd-4135-440e-9012-2dfa5107f308\" href=\"https:\/\/businessagility.education\/blog\/wp-content\/uploads\/2022\/08\/agile-marketing-manifesto.pdf\">agile-marketing-manifeste<\/a><a href=\"https:\/\/businessagility.education\/blog\/wp-content\/uploads\/2022\/08\/agile-marketing-manifesto.pdf\" class=\"wp-block-file__button\" download aria-describedby=\"wp-block-file--media-449d90dd-4135-440e-9012-2dfa5107f308\">T\u00e9l\u00e9chargez<\/a><\/div>","protected":false},"excerpt":{"rendered":"<p>La comparaison c\u00f4te \u00e0 c\u00f4te des manifestes ci-dessous permet de voir clairement certaines des principales diff\u00e9rences entre la version Agile Dev 2001 et la version Agile Marketing 2012 et 2021. Note : Le Manifeste Agile Marketing est en cours de modification par l'\u00e9quipe de direction du Sprint 2 et les centaines de commentaires et r\u00e9sultats recueillis lors d'une enqu\u00eate [...]<\/p>","protected":false},"author":1,"featured_media":196,"parent":0,"menu_order":0,"comment_status":"closed","ping_status":"closed","template":"","meta":{"footnotes":""},"class_list":["post-195","page","type-page","status-publish","has-post-thumbnail","hentry"],"yoast_head":"<!-- This site is optimized with the Yoast SEO plugin v24.9 - https:\/\/yoast.com\/wordpress\/plugins\/seo\/ -->\n<title>Agile Marketing Manifesto PDF - Business Agility+AI<\/title>\n<meta name=\"description\" content=\"Agile Marketing Manifesto PDF after Sprint Two (AgileMarketingManifesto,org) side by side comparison with Agile Dev Manifesto 2001\" \/>\n<meta name=\"robots\" content=\"index, follow, max-snippet:-1, max-image-preview:large, max-video-preview:-1\" \/>\n<link rel=\"canonical\" href=\"https:\/\/businessagility.education\/blog\/fr\/agile-marketing-manifesto\/\" \/>\n<meta property=\"og:locale\" content=\"fr_CA\" \/>\n<meta property=\"og:type\" content=\"article\" \/>\n<meta property=\"og:title\" content=\"Agile Marketing Manifesto PDF - Business Agility+AI\" \/>\n<meta property=\"og:description\" content=\"Agile Marketing Manifesto PDF after Sprint Two (AgileMarketingManifesto,org) side by side comparison with Agile Dev Manifesto 2001\" \/>\n<meta property=\"og:url\" content=\"https:\/\/businessagility.education\/blog\/fr\/agile-marketing-manifesto\/\" \/>\n<meta property=\"og:site_name\" content=\"Business Agility+AI\" \/>\n<meta property=\"article:modified_time\" content=\"2022-08-17T17:33:58+00:00\" \/>\n<meta property=\"og:image\" content=\"https:\/\/businessagility.education\/blog\/wp-content\/uploads\/2022\/08\/agile-marketing-manifesto.jpg\" \/>\n\t<meta property=\"og:image:width\" content=\"1024\" \/>\n\t<meta property=\"og:image:height\" content=\"284\" \/>\n\t<meta property=\"og:image:type\" content=\"image\/jpeg\" \/>\n<meta name=\"twitter:card\" content=\"summary_large_image\" \/>\n<meta name=\"twitter:label1\" content=\"Estimation du temps de lecture\" \/>\n\t<meta name=\"twitter:data1\" content=\"3 minutes\" \/>\n<script type=\"application\/ld+json\" class=\"yoast-schema-graph\">{\"@context\":\"https:\/\/schema.org\",\"@graph\":[{\"@type\":\"WebPage\",\"@id\":\"https:\/\/businessagility.education\/blog\/agile-marketing-manifesto\/\",\"url\":\"https:\/\/businessagility.education\/blog\/agile-marketing-manifesto\/\",\"name\":\"Agile Marketing Manifesto PDF - Business Agility+AI\",\"isPartOf\":{\"@id\":\"https:\/\/businessagility.education\/blog\/#website\"},\"primaryImageOfPage\":{\"@id\":\"https:\/\/businessagility.education\/blog\/agile-marketing-manifesto\/#primaryimage\"},\"image\":{\"@id\":\"https:\/\/businessagility.education\/blog\/agile-marketing-manifesto\/#primaryimage\"},\"thumbnailUrl\":\"https:\/\/businessagility.education\/blog\/wp-content\/uploads\/2022\/08\/agile-marketing-manifesto.jpg\",\"datePublished\":\"2022-08-17T16:25:46+00:00\",\"dateModified\":\"2022-08-17T17:33:58+00:00\",\"description\":\"Agile Marketing Manifesto PDF after Sprint Two (AgileMarketingManifesto,org) side by side comparison with Agile Dev Manifesto 2001\",\"breadcrumb\":{\"@id\":\"https:\/\/businessagility.education\/blog\/agile-marketing-manifesto\/#breadcrumb\"},\"inLanguage\":\"fr-CA\",\"potentialAction\":[{\"@type\":\"ReadAction\",\"target\":[\"https:\/\/businessagility.education\/blog\/agile-marketing-manifesto\/\"]}]},{\"@type\":\"ImageObject\",\"inLanguage\":\"fr-CA\",\"@id\":\"https:\/\/businessagility.education\/blog\/agile-marketing-manifesto\/#primaryimage\",\"url\":\"https:\/\/businessagility.education\/blog\/wp-content\/uploads\/2022\/08\/agile-marketing-manifesto.jpg\",\"contentUrl\":\"https:\/\/businessagility.education\/blog\/wp-content\/uploads\/2022\/08\/agile-marketing-manifesto.jpg\",\"width\":1024,\"height\":284,\"caption\":\"agile marketing manifesto\"},{\"@type\":\"BreadcrumbList\",\"@id\":\"https:\/\/businessagility.education\/blog\/agile-marketing-manifesto\/#breadcrumb\",\"itemListElement\":[{\"@type\":\"ListItem\",\"position\":1,\"name\":\"Home\",\"item\":\"https:\/\/businessagility.education\/blog\/\"},{\"@type\":\"ListItem\",\"position\":2,\"name\":\"Agile Marketing Manifesto\"}]},{\"@type\":\"WebSite\",\"@id\":\"https:\/\/businessagility.education\/blog\/#website\",\"url\":\"https:\/\/businessagility.education\/blog\/\",\"name\":\"Business Agility+AI\",\"description\":\"The Business Agility + Artificial Intelligence Blog\",\"publisher\":{\"@id\":\"https:\/\/businessagility.education\/blog\/#organization\"},\"potentialAction\":[{\"@type\":\"SearchAction\",\"target\":{\"@type\":\"EntryPoint\",\"urlTemplate\":\"https:\/\/businessagility.education\/blog\/?s={search_term_string}\"},\"query-input\":{\"@type\":\"PropertyValueSpecification\",\"valueRequired\":true,\"valueName\":\"search_term_string\"}}],\"inLanguage\":\"fr-CA\"},{\"@type\":\"Organization\",\"@id\":\"https:\/\/businessagility.education\/blog\/#organization\",\"name\":\"Business Agility+AI\",\"url\":\"https:\/\/businessagility.education\/blog\/\",\"logo\":{\"@type\":\"ImageObject\",\"inLanguage\":\"fr-CA\",\"@id\":\"https:\/\/businessagility.education\/blog\/#\/schema\/logo\/image\/\",\"url\":\"https:\/\/businessagility.education\/blog\/wp-content\/uploads\/2022\/06\/business-agility-blog-logo.png\",\"contentUrl\":\"https:\/\/businessagility.education\/blog\/wp-content\/uploads\/2022\/06\/business-agility-blog-logo.png\",\"width\":200,\"height\":100,\"caption\":\"Business Agility+AI\"},\"image\":{\"@id\":\"https:\/\/businessagility.education\/blog\/#\/schema\/logo\/image\/\"}}]}<\/script>\n<!-- \/ Yoast SEO plugin. -->","yoast_head_json":{"title":"Agile Marketing Manifesto PDF - Business Agility+AI","description":"Agile Marketing Manifesto PDF after Sprint Two (AgileMarketingManifesto,org) side by side comparison with Agile Dev Manifesto 2001","robots":{"index":"index","follow":"follow","max-snippet":"max-snippet:-1","max-image-preview":"max-image-preview:large","max-video-preview":"max-video-preview:-1"},"canonical":"https:\/\/businessagility.education\/blog\/fr\/agile-marketing-manifesto\/","og_locale":"fr_CA","og_type":"article","og_title":"Agile Marketing Manifesto PDF - Business Agility+AI","og_description":"Agile Marketing Manifesto PDF after Sprint Two (AgileMarketingManifesto,org) side by side comparison with Agile Dev Manifesto 2001","og_url":"https:\/\/businessagility.education\/blog\/fr\/agile-marketing-manifesto\/","og_site_name":"Business Agility+AI","article_modified_time":"2022-08-17T17:33:58+00:00","og_image":[{"width":1024,"height":284,"url":"https:\/\/businessagility.education\/blog\/wp-content\/uploads\/2022\/08\/agile-marketing-manifesto.jpg","type":"image\/jpeg"}],"twitter_card":"summary_large_image","twitter_misc":{"Estimation du temps de lecture":"3 minutes"},"schema":{"@context":"https:\/\/schema.org","@graph":[{"@type":"WebPage","@id":"https:\/\/businessagility.education\/blog\/agile-marketing-manifesto\/","url":"https:\/\/businessagility.education\/blog\/agile-marketing-manifesto\/","name":"Agile Marketing Manifesto PDF - Business Agility+AI","isPartOf":{"@id":"https:\/\/businessagility.education\/blog\/#website"},"primaryImageOfPage":{"@id":"https:\/\/businessagility.education\/blog\/agile-marketing-manifesto\/#primaryimage"},"image":{"@id":"https:\/\/businessagility.education\/blog\/agile-marketing-manifesto\/#primaryimage"},"thumbnailUrl":"https:\/\/businessagility.education\/blog\/wp-content\/uploads\/2022\/08\/agile-marketing-manifesto.jpg","datePublished":"2022-08-17T16:25:46+00:00","dateModified":"2022-08-17T17:33:58+00:00","description":"Agile Marketing Manifesto PDF after Sprint Two (AgileMarketingManifesto,org) side by side comparison with Agile Dev Manifesto 2001","breadcrumb":{"@id":"https:\/\/businessagility.education\/blog\/agile-marketing-manifesto\/#breadcrumb"},"inLanguage":"fr-CA","potentialAction":[{"@type":"ReadAction","target":["https:\/\/businessagility.education\/blog\/agile-marketing-manifesto\/"]}]},{"@type":"ImageObject","inLanguage":"fr-CA","@id":"https:\/\/businessagility.education\/blog\/agile-marketing-manifesto\/#primaryimage","url":"https:\/\/businessagility.education\/blog\/wp-content\/uploads\/2022\/08\/agile-marketing-manifesto.jpg","contentUrl":"https:\/\/businessagility.education\/blog\/wp-content\/uploads\/2022\/08\/agile-marketing-manifesto.jpg","width":1024,"height":284,"caption":"agile marketing manifesto"},{"@type":"BreadcrumbList","@id":"https:\/\/businessagility.education\/blog\/agile-marketing-manifesto\/#breadcrumb","itemListElement":[{"@type":"ListItem","position":1,"name":"Home","item":"https:\/\/businessagility.education\/blog\/"},{"@type":"ListItem","position":2,"name":"Agile Marketing Manifesto"}]},{"@type":"WebSite","@id":"https:\/\/businessagility.education\/blog\/#website","url":"https:\/\/businessagility.education\/blog\/","name":"Business Agility+AI","description":"The Business Agility + Artificial Intelligence Blog","publisher":{"@id":"https:\/\/businessagility.education\/blog\/#organization"},"potentialAction":[{"@type":"SearchAction","target":{"@type":"EntryPoint","urlTemplate":"https:\/\/businessagility.education\/blog\/?s={search_term_string}"},"query-input":{"@type":"PropertyValueSpecification","valueRequired":true,"valueName":"search_term_string"}}],"inLanguage":"fr-CA"},{"@type":"Organization","@id":"https:\/\/businessagility.education\/blog\/#organization","name":"Business Agility+AI","url":"https:\/\/businessagility.education\/blog\/","logo":{"@type":"ImageObject","inLanguage":"fr-CA","@id":"https:\/\/businessagility.education\/blog\/#\/schema\/logo\/image\/","url":"https:\/\/businessagility.education\/blog\/wp-content\/uploads\/2022\/06\/business-agility-blog-logo.png","contentUrl":"https:\/\/businessagility.education\/blog\/wp-content\/uploads\/2022\/06\/business-agility-blog-logo.png","width":200,"height":100,"caption":"Business Agility+AI"},"image":{"@id":"https:\/\/businessagility.education\/blog\/#\/schema\/logo\/image\/"}}]}},"_links":{"self":[{"href":"https:\/\/businessagility.education\/blog\/fr\/wp-json\/wp\/v2\/pages\/195","targetHints":{"allow":["GET"]}}],"collection":[{"href":"https:\/\/businessagility.education\/blog\/fr\/wp-json\/wp\/v2\/pages"}],"about":[{"href":"https:\/\/businessagility.education\/blog\/fr\/wp-json\/wp\/v2\/types\/page"}],"author":[{"embeddable":true,"href":"https:\/\/businessagility.education\/blog\/fr\/wp-json\/wp\/v2\/users\/1"}],"replies":[{"embeddable":true,"href":"https:\/\/businessagility.education\/blog\/fr\/wp-json\/wp\/v2\/comments?post=195"}],"version-history":[{"count":3,"href":"https:\/\/businessagility.education\/blog\/fr\/wp-json\/wp\/v2\/pages\/195\/revisions"}],"predecessor-version":[{"id":202,"href":"https:\/\/businessagility.education\/blog\/fr\/wp-json\/wp\/v2\/pages\/195\/revisions\/202"}],"wp:featuredmedia":[{"embeddable":true,"href":"https:\/\/businessagility.education\/blog\/fr\/wp-json\/wp\/v2\/media\/196"}],"wp:attachment":[{"href":"https:\/\/businessagility.education\/blog\/fr\/wp-json\/wp\/v2\/media?parent=195"}],"curies":[{"name":"wp","href":"https:\/\/api.w.org\/{rel}","templated":true}]}}