{"id":16,"date":"2022-04-15T17:45:34","date_gmt":"2022-04-15T21:45:34","guid":{"rendered":"https:\/\/businessagility.education\/blog\/?page_id=16"},"modified":"2022-04-15T17:45:34","modified_gmt":"2022-04-15T21:45:34","slug":"terms-and-conditions","status":"publish","type":"page","link":"https:\/\/businessagility.education\/blog\/fr\/terms-and-conditions\/","title":{"rendered":"Termes"},"content":{"rendered":"<h4 class=\"wp-block-heading\">Conditions g\u00e9n\u00e9rales d'utilisation<\/h4>\n\n\n\n<p>En utilisant ce site web, <a href=\"https:\/\/businessagility.education\/\">businessagility.education<\/a> (LE SITE), vous acceptez les conditions d'utilisation qui s'y rapportent, que ce soit pour un usage commercial ou non commercial. Si vous n'acceptez pas les conditions d'utilisation et notre politique de confidentialit\u00e9, veuillez ne pas utiliser notre site web. businessagility.education se r\u00e9serve le droit de changer, de modifier, d'ajouter ou de supprimer des parties de ces conditions d'utilisation et de cette politique de confidentialit\u00e9 \u00e0 tout moment et sans pr\u00e9avis. Nous ne prenons aucun engagement quant \u00e0 l'exactitude ou la fiabilit\u00e9 des affichages de services, produits, conseils, avis, d\u00e9clarations ou autres informations affich\u00e9es, t\u00e9l\u00e9charg\u00e9es ou transmises par le biais du Service par nous, nos partenaires, tout marchand et\/ou affichage, ou toute autre personne ou entit\u00e9. Vous assumez les risques que vous prenez en vous fiant \u00e0 toute opinion, affichage ou information. Les liens vers d'autres sites Web que vous trouvez sur businessagility.education, ainsi que sur ses autres propri\u00e9t\u00e9s Web, ne sont pas des endossements \u00e0 des produits ou services offerts sur ces m\u00eames sites, FrenchMarketing.ca n'a pas endoss\u00e9 ni approuv\u00e9 l'information sur ces sites. Les termes et conditions sont r\u00e9gis par les lois du Qu\u00e9bec, Canada. Dans l'\u00e9ventualit\u00e9 d'une poursuite judiciaire et\/ou d'une action en justice, vous acceptez de nous d\u00e9gager de toute responsabilit\u00e9 et de nous d\u00e9fendre \u00e0 vos frais. Si l'une des dispositions des pr\u00e9sentes conditions d'utilisation devait \u00eatre annul\u00e9e par une d\u00e9cision de justice, les autres dispositions resteraient valables et continueraient \u00e0 s'appliquer.<\/p>\n\n\n\n<h4 class=\"wp-block-heading\">Droits d'auteur Conditions d'utilisation<\/h4>\n\n\n\n<p>Il est interdit de copier, d'afficher, de distribuer ou de reproduire de quelque mani\u00e8re que ce soit tout texte, image ou autre format prot\u00e9g\u00e9 par le droit d'auteur qui se trouve sur notre site.<\/p>\n\n\n\n<h4 class=\"wp-block-heading\">Limitation de responsabilit\u00e9 Conditions d'utilisation<\/h4>\n\n\n\n<p>NOUS NE SOMMES PAS RESPONSABLES DES DOMMAGES DE TOUTE NATURE R\u00c9SULTANT DE VOTRE UTILISATION DU SITE. NOUS NE SOMMES PAS RESPONSABLES DES DOMMAGES INDIRECTS ET\/OU ACCESSOIRES R\u00c9SULTANT DE VOTRE UTILISATION DU SERVICE ET DU SITE.<\/p>","protected":false},"excerpt":{"rendered":"<p>Conditions g\u00e9n\u00e9rales d'utilisation En utilisant ce site web, businessagility.education (LE SITE), vous acceptez les conditions d'utilisation qui s'y rapportent, que ce soit pour un usage commercial ou non commercial. Si vous n'\u00eates pas d'accord avec les conditions d'utilisation et notre politique de confidentialit\u00e9, veuillez ne pas utiliser notre site web. businessagility.education se r\u00e9serve le droit de changer, modifier, ajouter [...]<\/p>","protected":false},"author":1,"featured_media":0,"parent":0,"menu_order":0,"comment_status":"closed","ping_status":"closed","template":"","meta":{"footnotes":""},"class_list":["post-16","page","type-page","status-publish","hentry"],"yoast_head":"<!-- This site is optimized with the Yoast SEO plugin v24.9 - https:\/\/yoast.com\/wordpress\/plugins\/seo\/ -->\n<title>Terms - Business Agility+AI<\/title>\n<meta name=\"robots\" content=\"index, follow, max-snippet:-1, max-image-preview:large, max-video-preview:-1\" \/>\n<link rel=\"canonical\" href=\"https:\/\/businessagility.education\/blog\/fr\/terms-and-conditions\/\" \/>\n<meta property=\"og:locale\" content=\"fr_CA\" \/>\n<meta property=\"og:type\" content=\"article\" \/>\n<meta property=\"og:title\" content=\"Terms - Business Agility+AI\" \/>\n<meta property=\"og:description\" content=\"General Terms of Use By using this website, businessagility.education (THE SITE), you agree to the terms of use relating to it, whether for commercial or non-commercial use. If you do not agree with the terms of use and our privacy policy, please do not use our website. businessagility.education reserves the right to change, modify, add [&hellip;]\" \/>\n<meta property=\"og:url\" content=\"https:\/\/businessagility.education\/blog\/fr\/terms-and-conditions\/\" \/>\n<meta property=\"og:site_name\" content=\"Business Agility+AI\" \/>\n<meta name=\"twitter:card\" content=\"summary_large_image\" \/>\n<meta name=\"twitter:label1\" content=\"Estimation du temps de lecture\" \/>\n\t<meta name=\"twitter:data1\" content=\"2 minutes\" \/>\n<script type=\"application\/ld+json\" class=\"yoast-schema-graph\">{\"@context\":\"https:\/\/schema.org\",\"@graph\":[{\"@type\":\"WebPage\",\"@id\":\"https:\/\/businessagility.education\/blog\/terms-and-conditions\/\",\"url\":\"https:\/\/businessagility.education\/blog\/terms-and-conditions\/\",\"name\":\"Terms - Business Agility+AI\",\"isPartOf\":{\"@id\":\"https:\/\/businessagility.education\/blog\/#website\"},\"datePublished\":\"2022-04-15T21:45:34+00:00\",\"breadcrumb\":{\"@id\":\"https:\/\/businessagility.education\/blog\/terms-and-conditions\/#breadcrumb\"},\"inLanguage\":\"fr-CA\",\"potentialAction\":[{\"@type\":\"ReadAction\",\"target\":[\"https:\/\/businessagility.education\/blog\/terms-and-conditions\/\"]}]},{\"@type\":\"BreadcrumbList\",\"@id\":\"https:\/\/businessagility.education\/blog\/terms-and-conditions\/#breadcrumb\",\"itemListElement\":[{\"@type\":\"ListItem\",\"position\":1,\"name\":\"Home\",\"item\":\"https:\/\/businessagility.education\/blog\/\"},{\"@type\":\"ListItem\",\"position\":2,\"name\":\"Terms\"}]},{\"@type\":\"WebSite\",\"@id\":\"https:\/\/businessagility.education\/blog\/#website\",\"url\":\"https:\/\/businessagility.education\/blog\/\",\"name\":\"Business Agility+AI\",\"description\":\"The Business Agility + Artificial Intelligence Blog\",\"publisher\":{\"@id\":\"https:\/\/businessagility.education\/blog\/#organization\"},\"potentialAction\":[{\"@type\":\"SearchAction\",\"target\":{\"@type\":\"EntryPoint\",\"urlTemplate\":\"https:\/\/businessagility.education\/blog\/?s={search_term_string}\"},\"query-input\":{\"@type\":\"PropertyValueSpecification\",\"valueRequired\":true,\"valueName\":\"search_term_string\"}}],\"inLanguage\":\"fr-CA\"},{\"@type\":\"Organization\",\"@id\":\"https:\/\/businessagility.education\/blog\/#organization\",\"name\":\"Business Agility+AI\",\"url\":\"https:\/\/businessagility.education\/blog\/\",\"logo\":{\"@type\":\"ImageObject\",\"inLanguage\":\"fr-CA\",\"@id\":\"https:\/\/businessagility.education\/blog\/#\/schema\/logo\/image\/\",\"url\":\"https:\/\/businessagility.education\/blog\/wp-content\/uploads\/2022\/06\/business-agility-blog-logo.png\",\"contentUrl\":\"https:\/\/businessagility.education\/blog\/wp-content\/uploads\/2022\/06\/business-agility-blog-logo.png\",\"width\":200,\"height\":100,\"caption\":\"Business Agility+AI\"},\"image\":{\"@id\":\"https:\/\/businessagility.education\/blog\/#\/schema\/logo\/image\/\"}}]}<\/script>\n<!-- \/ Yoast SEO plugin. -->","yoast_head_json":{"title":"Terms - Business Agility+AI","robots":{"index":"index","follow":"follow","max-snippet":"max-snippet:-1","max-image-preview":"max-image-preview:large","max-video-preview":"max-video-preview:-1"},"canonical":"https:\/\/businessagility.education\/blog\/fr\/terms-and-conditions\/","og_locale":"fr_CA","og_type":"article","og_title":"Terms - Business Agility+AI","og_description":"General Terms of Use By using this website, businessagility.education (THE SITE), you agree to the terms of use relating to it, whether for commercial or non-commercial use. If you do not agree with the terms of use and our privacy policy, please do not use our website. businessagility.education reserves the right to change, modify, add [&hellip;]","og_url":"https:\/\/businessagility.education\/blog\/fr\/terms-and-conditions\/","og_site_name":"Business Agility+AI","twitter_card":"summary_large_image","twitter_misc":{"Estimation du temps de lecture":"2 minutes"},"schema":{"@context":"https:\/\/schema.org","@graph":[{"@type":"WebPage","@id":"https:\/\/businessagility.education\/blog\/terms-and-conditions\/","url":"https:\/\/businessagility.education\/blog\/terms-and-conditions\/","name":"Terms - Business Agility+AI","isPartOf":{"@id":"https:\/\/businessagility.education\/blog\/#website"},"datePublished":"2022-04-15T21:45:34+00:00","breadcrumb":{"@id":"https:\/\/businessagility.education\/blog\/terms-and-conditions\/#breadcrumb"},"inLanguage":"fr-CA","potentialAction":[{"@type":"ReadAction","target":["https:\/\/businessagility.education\/blog\/terms-and-conditions\/"]}]},{"@type":"BreadcrumbList","@id":"https:\/\/businessagility.education\/blog\/terms-and-conditions\/#breadcrumb","itemListElement":[{"@type":"ListItem","position":1,"name":"Home","item":"https:\/\/businessagility.education\/blog\/"},{"@type":"ListItem","position":2,"name":"Terms"}]},{"@type":"WebSite","@id":"https:\/\/businessagility.education\/blog\/#website","url":"https:\/\/businessagility.education\/blog\/","name":"Business Agility+AI","description":"The Business Agility + Artificial Intelligence Blog","publisher":{"@id":"https:\/\/businessagility.education\/blog\/#organization"},"potentialAction":[{"@type":"SearchAction","target":{"@type":"EntryPoint","urlTemplate":"https:\/\/businessagility.education\/blog\/?s={search_term_string}"},"query-input":{"@type":"PropertyValueSpecification","valueRequired":true,"valueName":"search_term_string"}}],"inLanguage":"fr-CA"},{"@type":"Organization","@id":"https:\/\/businessagility.education\/blog\/#organization","name":"Business Agility+AI","url":"https:\/\/businessagility.education\/blog\/","logo":{"@type":"ImageObject","inLanguage":"fr-CA","@id":"https:\/\/businessagility.education\/blog\/#\/schema\/logo\/image\/","url":"https:\/\/businessagility.education\/blog\/wp-content\/uploads\/2022\/06\/business-agility-blog-logo.png","contentUrl":"https:\/\/businessagility.education\/blog\/wp-content\/uploads\/2022\/06\/business-agility-blog-logo.png","width":200,"height":100,"caption":"Business Agility+AI"},"image":{"@id":"https:\/\/businessagility.education\/blog\/#\/schema\/logo\/image\/"}}]}},"_links":{"self":[{"href":"https:\/\/businessagility.education\/blog\/fr\/wp-json\/wp\/v2\/pages\/16","targetHints":{"allow":["GET"]}}],"collection":[{"href":"https:\/\/businessagility.education\/blog\/fr\/wp-json\/wp\/v2\/pages"}],"about":[{"href":"https:\/\/businessagility.education\/blog\/fr\/wp-json\/wp\/v2\/types\/page"}],"author":[{"embeddable":true,"href":"https:\/\/businessagility.education\/blog\/fr\/wp-json\/wp\/v2\/users\/1"}],"replies":[{"embeddable":true,"href":"https:\/\/businessagility.education\/blog\/fr\/wp-json\/wp\/v2\/comments?post=16"}],"version-history":[{"count":1,"href":"https:\/\/businessagility.education\/blog\/fr\/wp-json\/wp\/v2\/pages\/16\/revisions"}],"predecessor-version":[{"id":17,"href":"https:\/\/businessagility.education\/blog\/fr\/wp-json\/wp\/v2\/pages\/16\/revisions\/17"}],"wp:attachment":[{"href":"https:\/\/businessagility.education\/blog\/fr\/wp-json\/wp\/v2\/media?parent=16"}],"curies":[{"name":"wp","href":"https:\/\/api.w.org\/{rel}","templated":true}]}}