{"id":134,"date":"2022-08-12T13:10:26","date_gmt":"2022-08-12T17:10:26","guid":{"rendered":"https:\/\/businessagility.education\/blog\/?page_id=134"},"modified":"2022-08-12T13:10:27","modified_gmt":"2022-08-12T17:10:27","slug":"business-agility-ireland","status":"publish","type":"page","link":"https:\/\/businessagility.education\/blog\/fr\/business-agility-ireland\/","title":{"rendered":"Agilit\u00e9 de l'entreprise Irlande"},"content":{"rendered":"<figure class=\"wp-block-image size-full\"><img loading=\"lazy\" decoding=\"async\" width=\"640\" height=\"427\" src=\"https:\/\/businessagility.education\/blog\/wp-content\/uploads\/2022\/08\/business-agility-blog-ireland.png\" alt=\"Business Agility Ireland\" class=\"wp-image-135\" srcset=\"https:\/\/businessagility.education\/blog\/wp-content\/uploads\/2022\/08\/business-agility-blog-ireland.png 640w, https:\/\/businessagility.education\/blog\/wp-content\/uploads\/2022\/08\/business-agility-blog-ireland-300x200.png 300w, https:\/\/businessagility.education\/blog\/wp-content\/uploads\/2022\/08\/business-agility-blog-ireland-18x12.png 18w\" sizes=\"auto, (max-width: 640px) 100vw, 640px\" \/><\/figure>\n\n\n\n<h2 id=\"agilemarketingireland\">Marketing agile en Irlande<\/h2>\n\n\n\n<p>L'analyse de la litt\u00e9rature et les contributions au corpus de connaissances sur le marketing agile en Irlande sont en cours d'\u00e9laboration.<\/p>\n\n\n\n<h2 class=\"wp-block-heading\">Le monde du marketing agile : Universit\u00e9s irlandaises<\/h2>\n\n\n\n<h3 class=\"wp-block-heading\">Trinity College Dublin, Irlande<\/h3>\n\n\n\n<h5 class=\"wp-block-heading\">Progr\u00e8s dans la th\u00e9orie et la pratique du marketing<\/h5>\n\n\n\n<p>Ce cours couvre les aspects th\u00e9oriques et historiques pertinents du marketing, y compris les tendances actuelles telles que <a href=\"https:\/\/www.tcd.ie\/business\/undergraduate\/module-outlines\/buu44550.php\">Marketing agile <\/a><\/p>\n\n\n\n<h2 class=\"wp-block-heading\">Sujets de recherche connexes sur l'agilit\u00e9<\/h2>\n\n\n\n<h4 class=\"wp-block-heading\">Le marketing agile pour les RH agiles &amp; Les RH agiles pour le marketing agile<\/h4>\n\n\n\n<h3 class=\"wp-block-heading\">Dublin City University, Irlande<\/h3>\n\n\n\n<h4 class=\"wp-block-heading\">Brian Harney &amp; David G. Collings<\/h4>\n\n\n\n<h6 class=\"wp-block-heading\">2021<\/h6>\n\n\n\n<p>Harney et Collings commencent par un puissant d\u00e9clencheur m\u00e9tacognitif \u00e0 travers la pr\u00e9sentation d'un po\u00e8me (Ridge, Lola. \"The Destroyer\") pour capter habilement l'attention du lecteur et \u00e9tablir une base de comparaison pour les changements survenant dans le paysage des ressources humaines et la r\u00e9activit\u00e9 requise dans les ressources humaines. <\/p>\n\n\n\n<p>Citations : (McMackin &amp; Heffernan, 2020), (Hewett &amp; Shantz, 2021)<\/p>\n\n\n\n<p>Harney, B. et Collings, D. G. (2021). Naviguer dans les paysages changeants de la GRH <em>Revue de la gestion des ressources humaines<\/em><\/p>\n\n\n\n<p><a href=\"https:\/\/doi.org\/10.1016\/j.hrmr.2021.100824\">https:\/\/doi.org\/10.1016\/j.hrmr.2021.100824<\/a><\/p>\n\n\n\n<h4 class=\"wp-block-heading\">John McMackin et Margaret Heffernan<\/h4>\n\n\n\n<p><strong>2020<\/strong><\/p>\n\n\n\n<p>Les Drs McMackin et Heffernan nous fournissent des distinctions importantes entre les RH pour l'Agile et l'Agile pour les RH.<\/p>\n\n\n\n<p>McMackin, J. et Heffernan, M. (2020). Agile for hr : C'est bien en pratique, mais cela fonctionnera-t-il en th\u00e9orie ? <em>Revue de la gestion des ressources humaines<\/em><\/p>\n\n\n\n<p><a href=\"https:\/\/doi.org\/10.1016\/j.hrmr.2020.100791\" target=\"_blank\" rel=\"noreferrer noopener\">https:\/\/doi.org\/10.1016\/j.hrmr.2020.100791<\/a><\/p>\n\n\n\n<p><\/p>\n\n\n\n<h3 class=\"wp-block-heading\">Trinity College Dublin, Irlande<\/h3>\n\n\n\n<h4 class=\"wp-block-heading\">Amanda Shantz (et Rebecca Hewett)<\/h4>\n\n\n\n<p>Le Dr Shantz et le Dr Rebecca Hewett (Rotterdam School of Management, Erasmus University, Pays-Bas) d\u00e9taillent de mani\u00e8re experte les avantages de la prise en compte des ressources humaines et de la cocr\u00e9ation avec les parties prenantes.<\/p>\n\n\n\n<p>Hewett, R. et Shantz, A. (2021). Une th\u00e9orie de la cocr\u00e9ation des ressources humaines <em>Revue de la gestion des ressources humaines<\/em><\/p>\n\n\n\n<p><a href=\"https:\/\/doi.org\/10.1016\/j.hrmr.2021.100823\">https:\/\/doi.org\/10.1016\/j.hrmr.2021.100823<\/a><\/p>","protected":false},"excerpt":{"rendered":"<p>Agile Marketing in Ireland The Literature Review and contributions to the Body of Knowledge on Agile Marketing from Ireland is under Development. Agile Marketing World: Irish Universities Trinity College Dublin, Ireland Advances in Marketing Theory and Practice This course covers relevant Theoretical and Historical aspects of Marketing, including Current Trends such as Agile Marketing Related [&hellip;]<\/p>","protected":false},"author":1,"featured_media":0,"parent":0,"menu_order":0,"comment_status":"closed","ping_status":"closed","template":"","meta":{"footnotes":""},"class_list":["post-134","page","type-page","status-publish","hentry"],"yoast_head":"<!-- This site is optimized with the Yoast SEO plugin v24.9 - https:\/\/yoast.com\/wordpress\/plugins\/seo\/ -->\n<title>Business Agility Ireland - Agile HR, Agile Sales &amp; Marketing, Agile Finance<\/title>\n<meta name=\"description\" content=\"Business Agility Ireland, Agile Sales, Agile HR and Agile Marketing in Ireland Universities. Agility in Business Research and Education in Ireland\" \/>\n<meta name=\"robots\" content=\"index, follow, max-snippet:-1, max-image-preview:large, max-video-preview:-1\" \/>\n<link rel=\"canonical\" href=\"https:\/\/businessagility.education\/blog\/fr\/business-agility-ireland\/\" \/>\n<meta property=\"og:locale\" content=\"fr_CA\" \/>\n<meta property=\"og:type\" content=\"article\" \/>\n<meta property=\"og:title\" content=\"Business Agility Ireland - Agile HR, Agile Sales &amp; Marketing, Agile Finance\" \/>\n<meta property=\"og:description\" content=\"Business Agility Ireland, Agile Sales, Agile HR and Agile Marketing in Ireland Universities. Agility in Business Research and Education in Ireland\" \/>\n<meta property=\"og:url\" content=\"https:\/\/businessagility.education\/blog\/fr\/business-agility-ireland\/\" \/>\n<meta property=\"og:site_name\" content=\"Business Agility+AI\" \/>\n<meta property=\"article:modified_time\" content=\"2022-08-12T17:10:27+00:00\" \/>\n<meta property=\"og:image\" content=\"https:\/\/businessagility.education\/blog\/wp-content\/uploads\/2022\/08\/business-agility-blog-ireland.png\" \/>\n<meta name=\"twitter:card\" content=\"summary_large_image\" \/>\n<meta name=\"twitter:label1\" content=\"Estimation du temps de lecture\" \/>\n\t<meta name=\"twitter:data1\" content=\"2 minutes\" \/>\n<script type=\"application\/ld+json\" class=\"yoast-schema-graph\">{\"@context\":\"https:\/\/schema.org\",\"@graph\":[{\"@type\":\"WebPage\",\"@id\":\"https:\/\/businessagility.education\/blog\/business-agility-ireland\/\",\"url\":\"https:\/\/businessagility.education\/blog\/business-agility-ireland\/\",\"name\":\"Business Agility Ireland - Agile HR, Agile Sales & Marketing, Agile Finance\",\"isPartOf\":{\"@id\":\"https:\/\/businessagility.education\/blog\/#website\"},\"primaryImageOfPage\":{\"@id\":\"https:\/\/businessagility.education\/blog\/business-agility-ireland\/#primaryimage\"},\"image\":{\"@id\":\"https:\/\/businessagility.education\/blog\/business-agility-ireland\/#primaryimage\"},\"thumbnailUrl\":\"https:\/\/businessagility.education\/blog\/wp-content\/uploads\/2022\/08\/business-agility-blog-ireland.png\",\"datePublished\":\"2022-08-12T17:10:26+00:00\",\"dateModified\":\"2022-08-12T17:10:27+00:00\",\"description\":\"Business Agility Ireland, Agile Sales, Agile HR and Agile Marketing in Ireland Universities. Agility in Business Research and Education in Ireland\",\"breadcrumb\":{\"@id\":\"https:\/\/businessagility.education\/blog\/business-agility-ireland\/#breadcrumb\"},\"inLanguage\":\"fr-CA\",\"potentialAction\":[{\"@type\":\"ReadAction\",\"target\":[\"https:\/\/businessagility.education\/blog\/business-agility-ireland\/\"]}]},{\"@type\":\"ImageObject\",\"inLanguage\":\"fr-CA\",\"@id\":\"https:\/\/businessagility.education\/blog\/business-agility-ireland\/#primaryimage\",\"url\":\"https:\/\/businessagility.education\/blog\/wp-content\/uploads\/2022\/08\/business-agility-blog-ireland.png\",\"contentUrl\":\"https:\/\/businessagility.education\/blog\/wp-content\/uploads\/2022\/08\/business-agility-blog-ireland.png\"},{\"@type\":\"BreadcrumbList\",\"@id\":\"https:\/\/businessagility.education\/blog\/business-agility-ireland\/#breadcrumb\",\"itemListElement\":[{\"@type\":\"ListItem\",\"position\":1,\"name\":\"Home\",\"item\":\"https:\/\/businessagility.education\/blog\/\"},{\"@type\":\"ListItem\",\"position\":2,\"name\":\"Business Agility Ireland\"}]},{\"@type\":\"WebSite\",\"@id\":\"https:\/\/businessagility.education\/blog\/#website\",\"url\":\"https:\/\/businessagility.education\/blog\/\",\"name\":\"Business Agility+AI\",\"description\":\"The Business Agility + Artificial Intelligence Blog\",\"publisher\":{\"@id\":\"https:\/\/businessagility.education\/blog\/#organization\"},\"potentialAction\":[{\"@type\":\"SearchAction\",\"target\":{\"@type\":\"EntryPoint\",\"urlTemplate\":\"https:\/\/businessagility.education\/blog\/?s={search_term_string}\"},\"query-input\":{\"@type\":\"PropertyValueSpecification\",\"valueRequired\":true,\"valueName\":\"search_term_string\"}}],\"inLanguage\":\"fr-CA\"},{\"@type\":\"Organization\",\"@id\":\"https:\/\/businessagility.education\/blog\/#organization\",\"name\":\"Business Agility+AI\",\"url\":\"https:\/\/businessagility.education\/blog\/\",\"logo\":{\"@type\":\"ImageObject\",\"inLanguage\":\"fr-CA\",\"@id\":\"https:\/\/businessagility.education\/blog\/#\/schema\/logo\/image\/\",\"url\":\"https:\/\/businessagility.education\/blog\/wp-content\/uploads\/2022\/06\/business-agility-blog-logo.png\",\"contentUrl\":\"https:\/\/businessagility.education\/blog\/wp-content\/uploads\/2022\/06\/business-agility-blog-logo.png\",\"width\":200,\"height\":100,\"caption\":\"Business Agility+AI\"},\"image\":{\"@id\":\"https:\/\/businessagility.education\/blog\/#\/schema\/logo\/image\/\"}}]}<\/script>\n<!-- \/ Yoast SEO plugin. -->","yoast_head_json":{"title":"Business Agility Ireland - Agile HR, Agile Sales & Marketing, Agile Finance","description":"Business Agility Ireland, Agile Sales, Agile HR and Agile Marketing in Ireland Universities. Agility in Business Research and Education in Ireland","robots":{"index":"index","follow":"follow","max-snippet":"max-snippet:-1","max-image-preview":"max-image-preview:large","max-video-preview":"max-video-preview:-1"},"canonical":"https:\/\/businessagility.education\/blog\/fr\/business-agility-ireland\/","og_locale":"fr_CA","og_type":"article","og_title":"Business Agility Ireland - Agile HR, Agile Sales & Marketing, Agile Finance","og_description":"Business Agility Ireland, Agile Sales, Agile HR and Agile Marketing in Ireland Universities. Agility in Business Research and Education in Ireland","og_url":"https:\/\/businessagility.education\/blog\/fr\/business-agility-ireland\/","og_site_name":"Business Agility+AI","article_modified_time":"2022-08-12T17:10:27+00:00","og_image":[{"url":"https:\/\/businessagility.education\/blog\/wp-content\/uploads\/2022\/08\/business-agility-blog-ireland.png","type":"","width":"","height":""}],"twitter_card":"summary_large_image","twitter_misc":{"Estimation du temps de lecture":"2 minutes"},"schema":{"@context":"https:\/\/schema.org","@graph":[{"@type":"WebPage","@id":"https:\/\/businessagility.education\/blog\/business-agility-ireland\/","url":"https:\/\/businessagility.education\/blog\/business-agility-ireland\/","name":"Business Agility Ireland - Agile HR, Agile Sales & Marketing, Agile Finance","isPartOf":{"@id":"https:\/\/businessagility.education\/blog\/#website"},"primaryImageOfPage":{"@id":"https:\/\/businessagility.education\/blog\/business-agility-ireland\/#primaryimage"},"image":{"@id":"https:\/\/businessagility.education\/blog\/business-agility-ireland\/#primaryimage"},"thumbnailUrl":"https:\/\/businessagility.education\/blog\/wp-content\/uploads\/2022\/08\/business-agility-blog-ireland.png","datePublished":"2022-08-12T17:10:26+00:00","dateModified":"2022-08-12T17:10:27+00:00","description":"Business Agility Ireland, Agile Sales, Agile HR and Agile Marketing in Ireland Universities. Agility in Business Research and Education in Ireland","breadcrumb":{"@id":"https:\/\/businessagility.education\/blog\/business-agility-ireland\/#breadcrumb"},"inLanguage":"fr-CA","potentialAction":[{"@type":"ReadAction","target":["https:\/\/businessagility.education\/blog\/business-agility-ireland\/"]}]},{"@type":"ImageObject","inLanguage":"fr-CA","@id":"https:\/\/businessagility.education\/blog\/business-agility-ireland\/#primaryimage","url":"https:\/\/businessagility.education\/blog\/wp-content\/uploads\/2022\/08\/business-agility-blog-ireland.png","contentUrl":"https:\/\/businessagility.education\/blog\/wp-content\/uploads\/2022\/08\/business-agility-blog-ireland.png"},{"@type":"BreadcrumbList","@id":"https:\/\/businessagility.education\/blog\/business-agility-ireland\/#breadcrumb","itemListElement":[{"@type":"ListItem","position":1,"name":"Home","item":"https:\/\/businessagility.education\/blog\/"},{"@type":"ListItem","position":2,"name":"Business Agility Ireland"}]},{"@type":"WebSite","@id":"https:\/\/businessagility.education\/blog\/#website","url":"https:\/\/businessagility.education\/blog\/","name":"Business Agility+AI","description":"The Business Agility + Artificial Intelligence Blog","publisher":{"@id":"https:\/\/businessagility.education\/blog\/#organization"},"potentialAction":[{"@type":"SearchAction","target":{"@type":"EntryPoint","urlTemplate":"https:\/\/businessagility.education\/blog\/?s={search_term_string}"},"query-input":{"@type":"PropertyValueSpecification","valueRequired":true,"valueName":"search_term_string"}}],"inLanguage":"fr-CA"},{"@type":"Organization","@id":"https:\/\/businessagility.education\/blog\/#organization","name":"Business Agility+AI","url":"https:\/\/businessagility.education\/blog\/","logo":{"@type":"ImageObject","inLanguage":"fr-CA","@id":"https:\/\/businessagility.education\/blog\/#\/schema\/logo\/image\/","url":"https:\/\/businessagility.education\/blog\/wp-content\/uploads\/2022\/06\/business-agility-blog-logo.png","contentUrl":"https:\/\/businessagility.education\/blog\/wp-content\/uploads\/2022\/06\/business-agility-blog-logo.png","width":200,"height":100,"caption":"Business Agility+AI"},"image":{"@id":"https:\/\/businessagility.education\/blog\/#\/schema\/logo\/image\/"}}]}},"_links":{"self":[{"href":"https:\/\/businessagility.education\/blog\/fr\/wp-json\/wp\/v2\/pages\/134","targetHints":{"allow":["GET"]}}],"collection":[{"href":"https:\/\/businessagility.education\/blog\/fr\/wp-json\/wp\/v2\/pages"}],"about":[{"href":"https:\/\/businessagility.education\/blog\/fr\/wp-json\/wp\/v2\/types\/page"}],"author":[{"embeddable":true,"href":"https:\/\/businessagility.education\/blog\/fr\/wp-json\/wp\/v2\/users\/1"}],"replies":[{"embeddable":true,"href":"https:\/\/businessagility.education\/blog\/fr\/wp-json\/wp\/v2\/comments?post=134"}],"version-history":[{"count":1,"href":"https:\/\/businessagility.education\/blog\/fr\/wp-json\/wp\/v2\/pages\/134\/revisions"}],"predecessor-version":[{"id":136,"href":"https:\/\/businessagility.education\/blog\/fr\/wp-json\/wp\/v2\/pages\/134\/revisions\/136"}],"wp:attachment":[{"href":"https:\/\/businessagility.education\/blog\/fr\/wp-json\/wp\/v2\/media?parent=134"}],"curies":[{"name":"wp","href":"https:\/\/api.w.org\/{rel}","templated":true}]}}