{"id":127,"date":"2022-08-12T12:17:05","date_gmt":"2022-08-12T16:17:05","guid":{"rendered":"https:\/\/businessagility.education\/blog\/?page_id=127"},"modified":"2026-03-06T17:38:08","modified_gmt":"2026-03-06T22:38:08","slug":"business-agility-canada","status":"publish","type":"page","link":"https:\/\/businessagility.education\/blog\/fr\/business-agility-canada\/","title":{"rendered":"Business Agility Canada"},"content":{"rendered":"<figure class=\"wp-block-image size-full\"><img loading=\"lazy\" decoding=\"async\" width=\"640\" height=\"427\" src=\"https:\/\/businessagility.education\/blog\/wp-content\/uploads\/2022\/08\/business-agility-blog-canada.png\" alt=\"business agility in canada\" class=\"wp-image-128\" srcset=\"https:\/\/businessagility.education\/blog\/wp-content\/uploads\/2022\/08\/business-agility-blog-canada.png 640w, https:\/\/businessagility.education\/blog\/wp-content\/uploads\/2022\/08\/business-agility-blog-canada-300x200.png 300w, https:\/\/businessagility.education\/blog\/wp-content\/uploads\/2022\/08\/business-agility-blog-canada-18x12.png 18w\" sizes=\"auto, (max-width: 640px) 100vw, 640px\" \/><\/figure>\n\n\n\n<h2 class=\"wp-block-heading\" id=\"agilemarketingcanada\">Le marketing agile au Canada<\/h2>\n\n\n\n<h5 class=\"wp-block-heading\">Formation en marketing agile : Universit\u00e9s canadiennes - Universit\u00e9 de Toronto et Universit\u00e9 Concordia<\/h5>\n\n\n\n<p><span style=\"font-size: revert;\">L'int\u00e9r\u00eat pour l'enseignement du marketing agile cro\u00eet rapidement et le Canada dispose maintenant d'un certain nombre de cours de marketing agile offerts \u00e0 l'universit\u00e9 - sp\u00e9cifiquement pour les \u00e9tudiants et les professeurs de marketing \u00e0 l'universit\u00e9.<\/span><\/p>\n\n\n\n<p>L'int\u00e9r\u00eat pour l'enseignement du marketing agile cro\u00eet rapidement et le Canada compte maintenant deux cours de marketing agile offerts \u00e0 l'universit\u00e9 - sp\u00e9cifiquement pour les \u00e9tudiants en marketing et les professeurs d'universit\u00e9.<\/p>\n\n\n\n<p>Les cours d'introduction au marketing agile s'adressent aux sp\u00e9cialistes du marketing qui souhaitent entamer leur parcours marketing agile ou r\u00e9pondre \u00e0 un besoin de transformation du marketing par le biais de valeurs et de principes fond\u00e9s sur l'agilit\u00e9. Plus pr\u00e9cis\u00e9ment, ces cours expliquent comment tirer parti de la puissance de l'agilit\u00e9 commerciale dans le marketing et \u00e9viter de se retrancher dans des structures en silo, ce qui emp\u00eache de r\u00e9pondre en temps voulu aux besoins des clients et aux nouvelles opportunit\u00e9s.<\/p>\n\n\n\n<p>Les \u00e9tudiants effectuent des travaux pratiques tout au long du semestre en r\u00e9alisant diverses activit\u00e9s qui peuvent \u00eatre appliqu\u00e9es \u00e0 leur marketing. Cela permet de d\u00e9velopper les comp\u00e9tences essentielles \u00e0 l'am\u00e9lioration des op\u00e9rations de marketing gr\u00e2ce \u00e0 l'agilit\u00e9.<\/p>\n\n\n\n<h3 class=\"wp-block-heading\">\u00c9tat du marketing agile au Canada<\/h3>\n\n\n\n<p>Les cours sur l'agilit\u00e9 devraient \u00eatre con\u00e7us de mani\u00e8re agile en utilisant les meilleures pratiques en mati\u00e8re de technologie \u00e9ducative, les cours devraient \u00eatre sp\u00e9cifiquement con\u00e7us pour produire de meilleurs r\u00e9sultats d'apprentissage gr\u00e2ce \u00e0 l'utilisation et \u00e0 l'application de la technologie :<\/p>\n\n\n\n<p><strong>L'apprentissage par l'exp\u00e9rience :<\/strong><br>-Exposition pr\u00e9coce aux concepts, suivie d'exercices pratiques et de simulations<br>-Construire progressivement sur les apprentissages cl\u00e9s<\/p>\n\n\n\n<p><strong>Conception d'une s\u00e9quence de planification pour une \u00e9valuation efficace (Wiggins) :<\/strong><br>-Exercices individuels et en groupe - \u00c9valuation formative et sommative<br>-Rubriques permettant de situer les progr\u00e8s de l'apprenant<\/p>\n\n\n\n<p><strong>Optimisation de la s\u00e9quence de cours :<\/strong><br>-La s\u00e9quence s'appuie sur des concepts d'apprentissage ant\u00e9rieurs tels que l'\u00e9chafaudage (Vygotsky).<\/p>\n\n\n\n<p><strong>M\u00e9tacognitif :<\/strong><br>-Activation de l'apprentissage pr\u00e9alable sur de nouveaux sujets ; de l'accessible au complexe<br>-Temps de r\u00e9flexion \u00e0 la fin de la r\u00e9trospective<\/p>\n\n\n\n<p><strong>Pertinence Augmentation de l'engagement :<\/strong><br>-Les apprenants peuvent commencer le voyage du marketing agile et cr\u00e9er leur feuille de route afin d'acc\u00e9l\u00e9rer le transfert de l'apprentissage vers le travail r\u00e9el.<\/p>\n\n\n\n<p><\/p>\n\n\n\n<p><\/p>\n\n\n\n<h2 class=\"wp-block-heading\">Le marketing agile \u00e0 l'universit\u00e9 au Canada<\/h2>\n\n\n\n<p><\/p>\n\n\n\n<h3 class=\"wp-block-heading\">Universit\u00e9 de Concordia<\/h3>\n\n\n\n<h4 class=\"wp-block-heading\">Thomas Hormaza Dow<\/h4>\n\n\n\n<h6 class=\"wp-block-heading\">2021 \u00c9ducation et formation en marketing agile<\/h6>\n\n\n\n<p>Cours de marketing agile \u00e0 Montr\u00e9al, Canada<\/p>\n\n\n\n<h4 class=\"wp-block-heading\">DESCRIPTION DU COURS DE MARKETING AGILE CONCORDIA<\/h4>\n\n\n\n<p>Dans ce cours, les \u00e9tudiants apprennent les principes et les valeurs du marketing agile et la fa\u00e7on dont chaque sp\u00e9cialiste du marketing s'adapte \u00e0 l'environnement du march\u00e9 actuel, caract\u00e9ris\u00e9 par la volatilit\u00e9, l'incertitude, la complexit\u00e9 et l'ambigu\u00eft\u00e9. Les \u00e9tudiants d\u00e9couvrent comment le marketing agile est adopt\u00e9 comme une fa\u00e7on de penser, de travailler et de partager dans les organisations canadiennes afin de fournir une valeur maximale \u00e0 leur entreprise et \u00e0 leurs clients.<\/p>\n\n\n\n<h4 class=\"wp-block-heading\">APPRENDRE LE MARKETING AGILE<\/h4>\n\n\n\n<ul class=\"wp-block-list\">\n<li>Les sp\u00e9cialistes du marketing comprendront les principes de base du marketing agile et la fa\u00e7on dont les valeurs agiles peuvent transformer notre fa\u00e7on de penser, de travailler et de partager dans le domaine du marketing.<\/li>\n\n\n\n<li>Les sp\u00e9cialistes du marketing sauront comment ex\u00e9cuter des campagnes minimales viables qui favorisent la confiance sur la base des besoins r\u00e9els des clients.<\/li>\n\n\n\n<li>Les sp\u00e9cialistes du marketing sauront comment faire la diff\u00e9rence entre les opinions et l'apprentissage valid\u00e9 gr\u00e2ce \u00e0 l'exp\u00e9rimentation fond\u00e9e sur les donn\u00e9es.<\/li>\n\n\n\n<li>Les sp\u00e9cialistes du marketing seront en mesure de s\u00e9lectionner des activit\u00e9s de marketing et des indicateurs cl\u00e9s de performance qui donnent la priorit\u00e9 \u00e0 la valeur pour le client et garantissent des niveaux de r\u00e9ussite plus \u00e9lev\u00e9s.<\/li>\n<\/ul>\n\n\n\n<p><a href=\"https:\/\/www.concordia.ca\/cce\/courses\/ceps-1128eo-intoduction-to-agile-marketing.html\" target=\"_blank\" rel=\"noreferrer noopener\">Universit\u00e9 Concordia Lien du cours<\/a><\/p>\n\n\n\n<h4 class=\"wp-block-heading\">QUESTIONS DE RECHERCHE SUR LE MARKETING AGILE<\/h4>\n\n\n\n<p>Thomas Hormaza Projets de recherche Dow<\/p>\n\n\n\n<p><a href=\"https:\/\/www.researchgate.net\/project\/Crowdsourced-Creation-of-an-Agile-Sales-Manifesto\" target=\"_blank\" rel=\"noreferrer noopener\">Cr\u00e9ation par la foule d'un manifeste de la vente agile<\/a><\/p>\n\n\n\n<h3 class=\"wp-block-heading\">Le marketing agile dans la science des donn\u00e9es<\/h3>\n\n\n\n<h4 class=\"wp-block-heading\"><strong>Universit\u00e9 de la Colombie-Britannique<\/strong><\/h4>\n\n\n\n<h6 class=\"wp-block-heading\">2021 Formation \u00e0 la science des donn\u00e9es et au marketing agile<\/h6>\n\n\n\n<p>Cours de Marketing Agile pour Data Scientists \u00e0 Vancouver, Canada<\/p>\n\n\n\n<h4 class=\"wp-block-heading\">DESCRIPTION DU COURS DE MARKETING AGILE DE L'UBC<\/h4>\n\n\n\n<p>Le cours passe en revue les quatre pierres angulaires qui d\u00e9finissent un projet de marketing agile : la livraison it\u00e9rative et incr\u00e9mentale, le contr\u00f4le empirique des processus, les \u00e9quipes auto-organis\u00e9es et les radiateurs d'information. Les participants auront l'occasion d'exp\u00e9rimenter diff\u00e9rents \u00e9l\u00e9ments d'un projet de marketing agile, de la livraison it\u00e9rative et incr\u00e9mentale au contr\u00f4le empirique de l'avancement du travail sur un projet, dans un environnement d'atelier hautement interactif.<\/p>\n\n\n\n<h4 class=\"wp-block-heading\">APPRENDRE LE MARKETING AGILE<\/h4>\n\n\n\n<ul class=\"wp-block-list\">\n<li>\u00c9laborer une d\u00e9claration d\u00e9taill\u00e9e sur le champ d'application avec des objectifs pr\u00e9cis, des produits \u00e0 livrer et une base de r\u00e9f\u00e9rence pour la gestion du champ d'application.<\/li>\n\n\n\n<li>Identifier les contr\u00f4les de projet pour assurer la r\u00e9ussite du projet<\/li>\n\n\n\n<li>Pr\u00e9senter les principaux \u00e9l\u00e9ments \u00e0 prendre en compte pour une communication efficace sur les projets<\/li>\n\n\n\n<li>Comprendre la valeur du d\u00e9veloppement it\u00e9ratif et incr\u00e9mental sur l'apprentissage, la gestion des risques et le suivi des progr\u00e8s.<\/li>\n\n\n\n<li>Apprendre \u00e0 cr\u00e9er un environnement propice \u00e0 la haute performance<\/li>\n\n\n\n<li>Suivre et piloter un projet it\u00e9ratif et incr\u00e9mental avec peu de frais g\u00e9n\u00e9raux<\/li>\n<\/ul>\n\n\n\n<p><a href=\"https:\/\/continuingstudies.sauder.ubc.ca\/courses\/agile-marketing\/iv825\" target=\"_blank\" rel=\"noreferrer noopener\">Lien vers le cours UBC<\/a> <\/p>","protected":false},"excerpt":{"rendered":"<p>Agile Marketing in Canada Agile Marketing Education: Canadian Universities \u2013 University of Toronto &amp; Concordia University Interest for Agile Marketing Education is growing at a rapid pace and now Canada has a number of Agile Marketing courses offered at University \u2013 specifically for Marketing Students and Professors at University. Interest for Agile Marketing Education is [\u2026]<\/p>","protected":false},"author":1,"featured_media":0,"parent":0,"menu_order":0,"comment_status":"closed","ping_status":"closed","template":"","meta":{"footnotes":""},"class_list":["post-127","page","type-page","status-publish","hentry"],"yoast_head":"<!-- This site is optimized with the Yoast SEO plugin v24.9 - https:\/\/yoast.com\/wordpress\/plugins\/seo\/ -->\n<title>Business Agility Canada - Agile HR, Agile Sales &amp; Marketing, Agile Finance<\/title>\n<meta name=\"description\" content=\"Business Agility, Agile Sales, Agile HR and Agile Marketing in Canadian Universities. Agility in Business Research and Education in Canada\" \/>\n<meta name=\"robots\" content=\"index, follow, max-snippet:-1, max-image-preview:large, max-video-preview:-1\" \/>\n<link rel=\"canonical\" href=\"https:\/\/businessagility.education\/blog\/fr\/business-agility-canada\/\" \/>\n<meta property=\"og:locale\" content=\"fr_CA\" \/>\n<meta property=\"og:type\" content=\"article\" \/>\n<meta property=\"og:title\" content=\"Business Agility Canada - Agile HR, Agile Sales &amp; Marketing, Agile Finance\" \/>\n<meta property=\"og:description\" content=\"Business Agility, Agile Sales, Agile HR and Agile Marketing in Canadian Universities. Agility in Business Research and Education in Canada\" \/>\n<meta property=\"og:url\" content=\"https:\/\/businessagility.education\/blog\/fr\/business-agility-canada\/\" \/>\n<meta property=\"og:site_name\" content=\"Business Agility+AI\" \/>\n<meta property=\"article:modified_time\" content=\"2026-03-06T22:38:08+00:00\" \/>\n<meta property=\"og:image\" content=\"https:\/\/businessagility.education\/blog\/wp-content\/uploads\/2022\/08\/business-agility-blog-canada.png\" \/>\n\t<meta property=\"og:image:width\" content=\"640\" \/>\n\t<meta property=\"og:image:height\" content=\"427\" \/>\n\t<meta property=\"og:image:type\" content=\"image\/png\" \/>\n<meta name=\"twitter:card\" content=\"summary_large_image\" \/>\n<meta name=\"twitter:label1\" content=\"Estimation du temps de lecture\" \/>\n\t<meta name=\"twitter:data1\" content=\"3 minutes\" \/>\n<script type=\"application\/ld+json\" class=\"yoast-schema-graph\">{\"@context\":\"https:\/\/schema.org\",\"@graph\":[{\"@type\":\"WebPage\",\"@id\":\"https:\/\/businessagility.education\/blog\/business-agility-canada\/\",\"url\":\"https:\/\/businessagility.education\/blog\/business-agility-canada\/\",\"name\":\"Business Agility Canada - Agile HR, Agile Sales & Marketing, Agile Finance\",\"isPartOf\":{\"@id\":\"https:\/\/businessagility.education\/blog\/#website\"},\"primaryImageOfPage\":{\"@id\":\"https:\/\/businessagility.education\/blog\/business-agility-canada\/#primaryimage\"},\"image\":{\"@id\":\"https:\/\/businessagility.education\/blog\/business-agility-canada\/#primaryimage\"},\"thumbnailUrl\":\"https:\/\/businessagility.education\/blog\/wp-content\/uploads\/2022\/08\/business-agility-blog-canada.png\",\"datePublished\":\"2022-08-12T16:17:05+00:00\",\"dateModified\":\"2026-03-06T22:38:08+00:00\",\"description\":\"Business Agility, Agile Sales, Agile HR and Agile Marketing in Canadian Universities. Agility in Business Research and Education in Canada\",\"breadcrumb\":{\"@id\":\"https:\/\/businessagility.education\/blog\/business-agility-canada\/#breadcrumb\"},\"inLanguage\":\"fr-CA\",\"potentialAction\":[{\"@type\":\"ReadAction\",\"target\":[\"https:\/\/businessagility.education\/blog\/business-agility-canada\/\"]}]},{\"@type\":\"ImageObject\",\"inLanguage\":\"fr-CA\",\"@id\":\"https:\/\/businessagility.education\/blog\/business-agility-canada\/#primaryimage\",\"url\":\"https:\/\/businessagility.education\/blog\/wp-content\/uploads\/2022\/08\/business-agility-blog-canada.png\",\"contentUrl\":\"https:\/\/businessagility.education\/blog\/wp-content\/uploads\/2022\/08\/business-agility-blog-canada.png\"},{\"@type\":\"BreadcrumbList\",\"@id\":\"https:\/\/businessagility.education\/blog\/business-agility-canada\/#breadcrumb\",\"itemListElement\":[{\"@type\":\"ListItem\",\"position\":1,\"name\":\"Home\",\"item\":\"https:\/\/businessagility.education\/blog\/\"},{\"@type\":\"ListItem\",\"position\":2,\"name\":\"Business Agility Canada\"}]},{\"@type\":\"WebSite\",\"@id\":\"https:\/\/businessagility.education\/blog\/#website\",\"url\":\"https:\/\/businessagility.education\/blog\/\",\"name\":\"Business Agility+AI\",\"description\":\"The Business Agility + Artificial Intelligence Blog\",\"publisher\":{\"@id\":\"https:\/\/businessagility.education\/blog\/#organization\"},\"potentialAction\":[{\"@type\":\"SearchAction\",\"target\":{\"@type\":\"EntryPoint\",\"urlTemplate\":\"https:\/\/businessagility.education\/blog\/?s={search_term_string}\"},\"query-input\":{\"@type\":\"PropertyValueSpecification\",\"valueRequired\":true,\"valueName\":\"search_term_string\"}}],\"inLanguage\":\"fr-CA\"},{\"@type\":\"Organization\",\"@id\":\"https:\/\/businessagility.education\/blog\/#organization\",\"name\":\"Business Agility+AI\",\"url\":\"https:\/\/businessagility.education\/blog\/\",\"logo\":{\"@type\":\"ImageObject\",\"inLanguage\":\"fr-CA\",\"@id\":\"https:\/\/businessagility.education\/blog\/#\/schema\/logo\/image\/\",\"url\":\"https:\/\/businessagility.education\/blog\/wp-content\/uploads\/2022\/06\/business-agility-blog-logo.png\",\"contentUrl\":\"https:\/\/businessagility.education\/blog\/wp-content\/uploads\/2022\/06\/business-agility-blog-logo.png\",\"width\":200,\"height\":100,\"caption\":\"Business Agility+AI\"},\"image\":{\"@id\":\"https:\/\/businessagility.education\/blog\/#\/schema\/logo\/image\/\"}}]}<\/script>\n<!-- \/ Yoast SEO plugin. -->","yoast_head_json":{"title":"Business Agility Canada - Agile HR, Agile Sales & Marketing, Agile Finance","description":"Business Agility, Agile Sales, Agile HR and Agile Marketing in Canadian Universities. Agility in Business Research and Education in Canada","robots":{"index":"index","follow":"follow","max-snippet":"max-snippet:-1","max-image-preview":"max-image-preview:large","max-video-preview":"max-video-preview:-1"},"canonical":"https:\/\/businessagility.education\/blog\/fr\/business-agility-canada\/","og_locale":"fr_CA","og_type":"article","og_title":"Business Agility Canada - Agile HR, Agile Sales & Marketing, Agile Finance","og_description":"Business Agility, Agile Sales, Agile HR and Agile Marketing in Canadian Universities. Agility in Business Research and Education in Canada","og_url":"https:\/\/businessagility.education\/blog\/fr\/business-agility-canada\/","og_site_name":"Business Agility+AI","article_modified_time":"2026-03-06T22:38:08+00:00","og_image":[{"width":640,"height":427,"url":"https:\/\/businessagility.education\/blog\/wp-content\/uploads\/2022\/08\/business-agility-blog-canada.png","type":"image\/png"}],"twitter_card":"summary_large_image","twitter_misc":{"Estimation du temps de lecture":"3 minutes"},"schema":{"@context":"https:\/\/schema.org","@graph":[{"@type":"WebPage","@id":"https:\/\/businessagility.education\/blog\/business-agility-canada\/","url":"https:\/\/businessagility.education\/blog\/business-agility-canada\/","name":"Business Agility Canada - Agile HR, Agile Sales & Marketing, Agile Finance","isPartOf":{"@id":"https:\/\/businessagility.education\/blog\/#website"},"primaryImageOfPage":{"@id":"https:\/\/businessagility.education\/blog\/business-agility-canada\/#primaryimage"},"image":{"@id":"https:\/\/businessagility.education\/blog\/business-agility-canada\/#primaryimage"},"thumbnailUrl":"https:\/\/businessagility.education\/blog\/wp-content\/uploads\/2022\/08\/business-agility-blog-canada.png","datePublished":"2022-08-12T16:17:05+00:00","dateModified":"2026-03-06T22:38:08+00:00","description":"Business Agility, Agile Sales, Agile HR and Agile Marketing in Canadian Universities. Agility in Business Research and Education in Canada","breadcrumb":{"@id":"https:\/\/businessagility.education\/blog\/business-agility-canada\/#breadcrumb"},"inLanguage":"fr-CA","potentialAction":[{"@type":"ReadAction","target":["https:\/\/businessagility.education\/blog\/business-agility-canada\/"]}]},{"@type":"ImageObject","inLanguage":"fr-CA","@id":"https:\/\/businessagility.education\/blog\/business-agility-canada\/#primaryimage","url":"https:\/\/businessagility.education\/blog\/wp-content\/uploads\/2022\/08\/business-agility-blog-canada.png","contentUrl":"https:\/\/businessagility.education\/blog\/wp-content\/uploads\/2022\/08\/business-agility-blog-canada.png"},{"@type":"BreadcrumbList","@id":"https:\/\/businessagility.education\/blog\/business-agility-canada\/#breadcrumb","itemListElement":[{"@type":"ListItem","position":1,"name":"Home","item":"https:\/\/businessagility.education\/blog\/"},{"@type":"ListItem","position":2,"name":"Business Agility Canada"}]},{"@type":"WebSite","@id":"https:\/\/businessagility.education\/blog\/#website","url":"https:\/\/businessagility.education\/blog\/","name":"Business Agility+AI","description":"The Business Agility + Artificial Intelligence Blog","publisher":{"@id":"https:\/\/businessagility.education\/blog\/#organization"},"potentialAction":[{"@type":"SearchAction","target":{"@type":"EntryPoint","urlTemplate":"https:\/\/businessagility.education\/blog\/?s={search_term_string}"},"query-input":{"@type":"PropertyValueSpecification","valueRequired":true,"valueName":"search_term_string"}}],"inLanguage":"fr-CA"},{"@type":"Organization","@id":"https:\/\/businessagility.education\/blog\/#organization","name":"Business Agility+AI","url":"https:\/\/businessagility.education\/blog\/","logo":{"@type":"ImageObject","inLanguage":"fr-CA","@id":"https:\/\/businessagility.education\/blog\/#\/schema\/logo\/image\/","url":"https:\/\/businessagility.education\/blog\/wp-content\/uploads\/2022\/06\/business-agility-blog-logo.png","contentUrl":"https:\/\/businessagility.education\/blog\/wp-content\/uploads\/2022\/06\/business-agility-blog-logo.png","width":200,"height":100,"caption":"Business Agility+AI"},"image":{"@id":"https:\/\/businessagility.education\/blog\/#\/schema\/logo\/image\/"}}]}},"_links":{"self":[{"href":"https:\/\/businessagility.education\/blog\/fr\/wp-json\/wp\/v2\/pages\/127","targetHints":{"allow":["GET"]}}],"collection":[{"href":"https:\/\/businessagility.education\/blog\/fr\/wp-json\/wp\/v2\/pages"}],"about":[{"href":"https:\/\/businessagility.education\/blog\/fr\/wp-json\/wp\/v2\/types\/page"}],"author":[{"embeddable":true,"href":"https:\/\/businessagility.education\/blog\/fr\/wp-json\/wp\/v2\/users\/1"}],"replies":[{"embeddable":true,"href":"https:\/\/businessagility.education\/blog\/fr\/wp-json\/wp\/v2\/comments?post=127"}],"version-history":[{"count":3,"href":"https:\/\/businessagility.education\/blog\/fr\/wp-json\/wp\/v2\/pages\/127\/revisions"}],"predecessor-version":[{"id":573,"href":"https:\/\/businessagility.education\/blog\/fr\/wp-json\/wp\/v2\/pages\/127\/revisions\/573"}],"wp:attachment":[{"href":"https:\/\/businessagility.education\/blog\/fr\/wp-json\/wp\/v2\/media?parent=127"}],"curies":[{"name":"wp","href":"https:\/\/api.w.org\/{rel}","templated":true}]}}