{"id":10,"date":"2022-04-15T13:38:35","date_gmt":"2022-04-15T17:38:35","guid":{"rendered":"https:\/\/businessagility.education\/blog\/?page_id=10"},"modified":"2022-04-15T13:43:12","modified_gmt":"2022-04-15T17:43:12","slug":"privacy-policy","status":"publish","type":"page","link":"https:\/\/businessagility.education\/blog\/fr\/privacy-policy\/","title":{"rendered":"Vie Priv\u00e9e"},"content":{"rendered":"<h2 class=\"wp-block-heading\">Qui sommes-nous ?<\/h2>\n\n\n\n<p><strong class=\"privacy-policy-tutorial\">Thomas Hormaza Dow<\/strong><\/p>\n\n\n\n<p>https:\/\/businessagility.education\/blog.<\/p>\n\n\n\n<h4 class=\"wp-block-heading\">La technologie sur notre site<\/h4>\n\n\n\n<ul class=\"wp-block-list\"><li>HTML, CSS, JavaScript, PHP, SQL<\/li><li>Google Analytics<\/li><li>WordPress<\/li><\/ul>\n\n\n\n<p>Tout ce que vous voyez sur notre site et qui sugg\u00e8re que nous utilisons des cookies est uniquement d\u00fb au fonctionnement de WordPress ou de Google Analytics. Notre objectif est de prot\u00e9ger toute information partag\u00e9e avec nous. Nous savons que nous pouvons tenir notre promesse car nous ne collectons aucune information personnelle \u00e0 aucun moment. La communaut\u00e9 n'est ouverte qu'aux \u00e9ducateurs, formateurs, chercheurs et clients que nous connaissons. Vous ne pourrez donc pas vous inscrire \u00e0 moins que nous vous connaissions personnellement et que nous ayons \u00e9tabli un contact avec vous et obtenu votre consentement pour \u00e9crire ou contribuer sur notre site. Enfin, veuillez noter qu'il s'agit d'un site d'information uniquement, notre communication avec notre communaut\u00e9 se fait sur notre site web.&nbsp;<a rel=\"noreferrer noopener\" href=\"https:\/\/www.linkedin.com\/company\/business-agility-education\/\" target=\"_blank\">Page LinkedIn<\/a><\/p>\n\n\n\n<p>Si vous avez des pr\u00e9occupations ou des questions, \u00e9crivez-nous. \u00c9crivez-nous ici :&nbsp;<a href=\"https:\/\/businessagility.education\/blog\/contact\" target=\"_blank\" rel=\"noreferrer noopener\">Nous contacter<\/a><\/p>","protected":false},"excerpt":{"rendered":"<p>Qui sommes-nous Thomas Hormaza Dow https:\/\/businessagility.education\/blog. Technologie utilis\u00e9e sur notre site HTML, CSS, JavaScript, PHP, SQL Google Analytics WordPress Tout ce que vous voyez sur notre site et qui sugg\u00e8re que nous utilisons des cookies est uniquement d\u00fb au fonctionnement de WordPress ou de Google Analytics. Notre objectif est de prot\u00e9ger toute information partag\u00e9e avec nous. Nous savons que nous [...]<\/p>","protected":false},"author":1,"featured_media":0,"parent":0,"menu_order":0,"comment_status":"closed","ping_status":"closed","template":"","meta":{"footnotes":""},"class_list":["post-10","page","type-page","status-publish","hentry"],"yoast_head":"<!-- This site is optimized with the Yoast SEO plugin v24.9 - https:\/\/yoast.com\/wordpress\/plugins\/seo\/ -->\n<title>Privacy Policy - Business Agility+AI<\/title>\n<meta name=\"robots\" content=\"index, follow, max-snippet:-1, max-image-preview:large, max-video-preview:-1\" \/>\n<link rel=\"canonical\" href=\"https:\/\/businessagility.education\/blog\/fr\/privacy-policy\/\" \/>\n<meta property=\"og:locale\" content=\"fr_CA\" \/>\n<meta property=\"og:type\" content=\"article\" \/>\n<meta property=\"og:title\" content=\"Privacy Policy - Business Agility+AI\" \/>\n<meta property=\"og:description\" content=\"Who we are Thomas Hormaza Dow https:\/\/businessagility.education\/blog. Technology on our site HTML, CSS, JavaScript, PHP, SQL Google Analytics WordPress Anything you see on our site that suggests we are using cookies is only due to how WordPress or how Google Analytics operates. Our goal is to protect any information shared with us. We know we [&hellip;]\" \/>\n<meta property=\"og:url\" content=\"https:\/\/businessagility.education\/blog\/fr\/privacy-policy\/\" \/>\n<meta property=\"og:site_name\" content=\"Business Agility+AI\" \/>\n<meta property=\"article:modified_time\" content=\"2022-04-15T17:43:12+00:00\" \/>\n<meta name=\"twitter:card\" content=\"summary_large_image\" \/>\n<meta name=\"twitter:label1\" content=\"Estimation du temps de lecture\" \/>\n\t<meta name=\"twitter:data1\" content=\"1 minute\" \/>\n<script type=\"application\/ld+json\" class=\"yoast-schema-graph\">{\"@context\":\"https:\/\/schema.org\",\"@graph\":[{\"@type\":\"WebPage\",\"@id\":\"https:\/\/businessagility.education\/blog\/privacy-policy\/\",\"url\":\"https:\/\/businessagility.education\/blog\/privacy-policy\/\",\"name\":\"Privacy Policy - Business Agility+AI\",\"isPartOf\":{\"@id\":\"https:\/\/businessagility.education\/blog\/#website\"},\"datePublished\":\"2022-04-15T17:38:35+00:00\",\"dateModified\":\"2022-04-15T17:43:12+00:00\",\"breadcrumb\":{\"@id\":\"https:\/\/businessagility.education\/blog\/privacy-policy\/#breadcrumb\"},\"inLanguage\":\"fr-CA\",\"potentialAction\":[{\"@type\":\"ReadAction\",\"target\":[\"https:\/\/businessagility.education\/blog\/privacy-policy\/\"]}]},{\"@type\":\"BreadcrumbList\",\"@id\":\"https:\/\/businessagility.education\/blog\/privacy-policy\/#breadcrumb\",\"itemListElement\":[{\"@type\":\"ListItem\",\"position\":1,\"name\":\"Home\",\"item\":\"https:\/\/businessagility.education\/blog\/\"},{\"@type\":\"ListItem\",\"position\":2,\"name\":\"Privacy Policy\"}]},{\"@type\":\"WebSite\",\"@id\":\"https:\/\/businessagility.education\/blog\/#website\",\"url\":\"https:\/\/businessagility.education\/blog\/\",\"name\":\"Business Agility+AI\",\"description\":\"The Business Agility + Artificial Intelligence Blog\",\"publisher\":{\"@id\":\"https:\/\/businessagility.education\/blog\/#organization\"},\"potentialAction\":[{\"@type\":\"SearchAction\",\"target\":{\"@type\":\"EntryPoint\",\"urlTemplate\":\"https:\/\/businessagility.education\/blog\/?s={search_term_string}\"},\"query-input\":{\"@type\":\"PropertyValueSpecification\",\"valueRequired\":true,\"valueName\":\"search_term_string\"}}],\"inLanguage\":\"fr-CA\"},{\"@type\":\"Organization\",\"@id\":\"https:\/\/businessagility.education\/blog\/#organization\",\"name\":\"Business Agility+AI\",\"url\":\"https:\/\/businessagility.education\/blog\/\",\"logo\":{\"@type\":\"ImageObject\",\"inLanguage\":\"fr-CA\",\"@id\":\"https:\/\/businessagility.education\/blog\/#\/schema\/logo\/image\/\",\"url\":\"https:\/\/businessagility.education\/blog\/wp-content\/uploads\/2022\/06\/business-agility-blog-logo.png\",\"contentUrl\":\"https:\/\/businessagility.education\/blog\/wp-content\/uploads\/2022\/06\/business-agility-blog-logo.png\",\"width\":200,\"height\":100,\"caption\":\"Business Agility+AI\"},\"image\":{\"@id\":\"https:\/\/businessagility.education\/blog\/#\/schema\/logo\/image\/\"}}]}<\/script>\n<!-- \/ Yoast SEO plugin. -->","yoast_head_json":{"title":"Privacy Policy - Business Agility+AI","robots":{"index":"index","follow":"follow","max-snippet":"max-snippet:-1","max-image-preview":"max-image-preview:large","max-video-preview":"max-video-preview:-1"},"canonical":"https:\/\/businessagility.education\/blog\/fr\/privacy-policy\/","og_locale":"fr_CA","og_type":"article","og_title":"Privacy Policy - Business Agility+AI","og_description":"Who we are Thomas Hormaza Dow https:\/\/businessagility.education\/blog. Technology on our site HTML, CSS, JavaScript, PHP, SQL Google Analytics WordPress Anything you see on our site that suggests we are using cookies is only due to how WordPress or how Google Analytics operates. Our goal is to protect any information shared with us. We know we [&hellip;]","og_url":"https:\/\/businessagility.education\/blog\/fr\/privacy-policy\/","og_site_name":"Business Agility+AI","article_modified_time":"2022-04-15T17:43:12+00:00","twitter_card":"summary_large_image","twitter_misc":{"Estimation du temps de lecture":"1 minute"},"schema":{"@context":"https:\/\/schema.org","@graph":[{"@type":"WebPage","@id":"https:\/\/businessagility.education\/blog\/privacy-policy\/","url":"https:\/\/businessagility.education\/blog\/privacy-policy\/","name":"Privacy Policy - Business Agility+AI","isPartOf":{"@id":"https:\/\/businessagility.education\/blog\/#website"},"datePublished":"2022-04-15T17:38:35+00:00","dateModified":"2022-04-15T17:43:12+00:00","breadcrumb":{"@id":"https:\/\/businessagility.education\/blog\/privacy-policy\/#breadcrumb"},"inLanguage":"fr-CA","potentialAction":[{"@type":"ReadAction","target":["https:\/\/businessagility.education\/blog\/privacy-policy\/"]}]},{"@type":"BreadcrumbList","@id":"https:\/\/businessagility.education\/blog\/privacy-policy\/#breadcrumb","itemListElement":[{"@type":"ListItem","position":1,"name":"Home","item":"https:\/\/businessagility.education\/blog\/"},{"@type":"ListItem","position":2,"name":"Privacy Policy"}]},{"@type":"WebSite","@id":"https:\/\/businessagility.education\/blog\/#website","url":"https:\/\/businessagility.education\/blog\/","name":"Business Agility+AI","description":"The Business Agility + Artificial Intelligence Blog","publisher":{"@id":"https:\/\/businessagility.education\/blog\/#organization"},"potentialAction":[{"@type":"SearchAction","target":{"@type":"EntryPoint","urlTemplate":"https:\/\/businessagility.education\/blog\/?s={search_term_string}"},"query-input":{"@type":"PropertyValueSpecification","valueRequired":true,"valueName":"search_term_string"}}],"inLanguage":"fr-CA"},{"@type":"Organization","@id":"https:\/\/businessagility.education\/blog\/#organization","name":"Business Agility+AI","url":"https:\/\/businessagility.education\/blog\/","logo":{"@type":"ImageObject","inLanguage":"fr-CA","@id":"https:\/\/businessagility.education\/blog\/#\/schema\/logo\/image\/","url":"https:\/\/businessagility.education\/blog\/wp-content\/uploads\/2022\/06\/business-agility-blog-logo.png","contentUrl":"https:\/\/businessagility.education\/blog\/wp-content\/uploads\/2022\/06\/business-agility-blog-logo.png","width":200,"height":100,"caption":"Business Agility+AI"},"image":{"@id":"https:\/\/businessagility.education\/blog\/#\/schema\/logo\/image\/"}}]}},"_links":{"self":[{"href":"https:\/\/businessagility.education\/blog\/fr\/wp-json\/wp\/v2\/pages\/10","targetHints":{"allow":["GET"]}}],"collection":[{"href":"https:\/\/businessagility.education\/blog\/fr\/wp-json\/wp\/v2\/pages"}],"about":[{"href":"https:\/\/businessagility.education\/blog\/fr\/wp-json\/wp\/v2\/types\/page"}],"author":[{"embeddable":true,"href":"https:\/\/businessagility.education\/blog\/fr\/wp-json\/wp\/v2\/users\/1"}],"replies":[{"embeddable":true,"href":"https:\/\/businessagility.education\/blog\/fr\/wp-json\/wp\/v2\/comments?post=10"}],"version-history":[{"count":2,"href":"https:\/\/businessagility.education\/blog\/fr\/wp-json\/wp\/v2\/pages\/10\/revisions"}],"predecessor-version":[{"id":13,"href":"https:\/\/businessagility.education\/blog\/fr\/wp-json\/wp\/v2\/pages\/10\/revisions\/13"}],"wp:attachment":[{"href":"https:\/\/businessagility.education\/blog\/fr\/wp-json\/wp\/v2\/media?parent=10"}],"curies":[{"name":"wp","href":"https:\/\/api.w.org\/{rel}","templated":true}]}}