{"id":73,"date":"2022-07-11T12:30:08","date_gmt":"2022-07-11T16:30:08","guid":{"rendered":"https:\/\/businessagility.education\/blog\/?page_id=73"},"modified":"2022-08-15T14:19:45","modified_gmt":"2022-08-15T18:19:45","slug":"business-agility","status":"publish","type":"page","link":"https:\/\/businessagility.education\/blog\/es\/business-agility\/","title":{"rendered":"Agilidad empresarial: A hombros de gigantes y gigantas"},"content":{"rendered":"<p>\u00a1Bienvenido al Hogar de los Acad\u00e9micos en Educaci\u00f3n e Investigaci\u00f3n en Agilidad de Negocios! Este es mi Blog personal, mi nombre es Thomas Hormaza Dow. Aunque el nombre de este es el Hogar de la Educaci\u00f3n en Agilidad de Negocios, yo llamo a este Blog abierto de revisi\u00f3n de literatura \"Sobre los Hombros de Gigantes\". <strong>y Gigantesas<\/strong>\", ya que ese t\u00edtulo se me ocurri\u00f3 despu\u00e9s de leer la obra de Robert K. Merton y, por supuesto, el pr\u00f3logo de Umberto Eco. Me sirve de recordatorio y deber de reconocer \"Todo lo que tiene importancia ha sido dicho antes por alguien que no lo descubri\u00f3\". - Alfred North Whitehead.<\/p>\n\n\n\n<p class=\"has-text-align-left\"><strong>IntrAgility, InterAgility y ExtrAgility es una autorreflexi\u00f3n educativa para la agilidad empresarial m\u00e1s all\u00e1 de las habilidades \u00e1giles de T-Shapes.<\/strong><\/p>\n\n\n\n<h6 class=\"wp-block-heading\">Peque\u00f1a aclaraci\u00f3n entre M-Skills y <strong><em>\u03c0<\/em><\/strong>-Habilidades<\/h6>\n\n\n\n<p>Hemos optado por incluir M-Skills en lugar de <strong><em>\u03c0<\/em><\/strong> porque no es <a href=\"https:\/\/www.scientificamerican.com\/article\/let-s-use-tau-it-s-easier-than-pi\/\" target=\"_blank\" rel=\"noreferrer noopener\">t=2\u03c0 de todos modos, \u00bfno?<\/a> Por no mencionar que <strong><em>\u03c0<\/em><\/strong> no es N ni M en griego, <strong><em>\u03c0<\/em><\/strong> \u00a1es una P! Pi\u00e9nsalo, <strong>P Habilidades<\/strong> no suena igual cuando lo miras de esa manera, \u00bfno est\u00e1s de acuerdo? \ud83d\ude03  <\/p>\n\n\n\n<hr class=\"wp-block-separator has-alpha-channel-opacity\"\/>\n\n\n\n<h4 class=\"wp-block-heading\"><strong>El desarrollo de habilidades de agilidad empresarial es un continuo: \u00a1la eficacia depende del contexto!<\/strong><\/h4>\n\n\n\n<div class=\"wp-block-media-text alignwide is-stacked-on-mobile is-style-default\"><figure class=\"wp-block-media-text__media\"><img loading=\"lazy\" decoding=\"async\" width=\"600\" height=\"340\" src=\"https:\/\/businessagility.education\/blog\/wp-content\/uploads\/2022\/08\/business-agility-i-shaped-skills.png\" alt=\"business agility personal agility i-shaped skills\" class=\"wp-image-100 size-full\" srcset=\"https:\/\/businessagility.education\/blog\/wp-content\/uploads\/2022\/08\/business-agility-i-shaped-skills.png 600w, https:\/\/businessagility.education\/blog\/wp-content\/uploads\/2022\/08\/business-agility-i-shaped-skills-300x170.png 300w, https:\/\/businessagility.education\/blog\/wp-content\/uploads\/2022\/08\/business-agility-i-shaped-skills-18x10.png 18w\" sizes=\"auto, (max-width: 600px) 100vw, 600px\" \/><\/figure><div class=\"wp-block-media-text__content\">\n<p class=\"has-medium-font-size\">La Agilidad Personal es una Habilidad en Forma de I, nuestra Mentalidad, Inteligencia Emocional, Habilidades Interpersonales, Introspecci\u00f3n. La Agilidad de este tipo tiene que ver con nuestra Forma de Trabajar, nuestras Tareas, Pruebas y Aprendizaje.<\/p>\n<\/div><\/div>\n\n\n\n<hr class=\"wp-block-separator has-alpha-channel-opacity is-style-wide\"\/>\n\n\n\n<div class=\"wp-block-media-text alignwide has-media-on-the-right is-stacked-on-mobile\"><figure class=\"wp-block-media-text__media\"><img loading=\"lazy\" decoding=\"async\" width=\"600\" height=\"337\" src=\"https:\/\/businessagility.education\/blog\/wp-content\/uploads\/2022\/08\/business-agility-t-shaped-skills.png\" alt=\"business agility intragility t-shaped skills\" class=\"wp-image-101 size-full\" srcset=\"https:\/\/businessagility.education\/blog\/wp-content\/uploads\/2022\/08\/business-agility-t-shaped-skills.png 600w, https:\/\/businessagility.education\/blog\/wp-content\/uploads\/2022\/08\/business-agility-t-shaped-skills-300x169.png 300w, https:\/\/businessagility.education\/blog\/wp-content\/uploads\/2022\/08\/business-agility-t-shaped-skills-18x10.png 18w\" sizes=\"auto, (max-width: 600px) 100vw, 600px\" \/><\/figure><div class=\"wp-block-media-text__content\">\n<h5 class=\"wp-block-heading\" id=\"intragility\">IntrAgilidad empresarial<\/h5>\n\n\n\n<p class=\"has-medium-font-size\">La IntrAgilidad es una Habilidad en forma de T, de dentro hacia fuera, eficaz en Departamentos (por ejemplo, Marketing \u00c1gil, RRHH \u00c1gil, Finanzas \u00c1giles), pero puede verse limitada si se aplica \u00fanicamente dentro de una Subfunci\u00f3n.<\/p>\n<\/div><\/div>\n\n\n\n<hr class=\"wp-block-separator has-alpha-channel-opacity is-style-wide\"\/>\n\n\n\n<div class=\"wp-block-media-text alignwide is-stacked-on-mobile\"><figure class=\"wp-block-media-text__media\"><img loading=\"lazy\" decoding=\"async\" width=\"600\" height=\"336\" src=\"https:\/\/businessagility.education\/blog\/wp-content\/uploads\/2022\/08\/business-agility-m-shaped-skills.png\" alt=\"business agility interagility m-shaped skills\" class=\"wp-image-102 size-full\" srcset=\"https:\/\/businessagility.education\/blog\/wp-content\/uploads\/2022\/08\/business-agility-m-shaped-skills.png 600w, https:\/\/businessagility.education\/blog\/wp-content\/uploads\/2022\/08\/business-agility-m-shaped-skills-300x168.png 300w, https:\/\/businessagility.education\/blog\/wp-content\/uploads\/2022\/08\/business-agility-m-shaped-skills-18x10.png 18w\" sizes=\"auto, (max-width: 600px) 100vw, 600px\" \/><\/figure><div class=\"wp-block-media-text__content\">\n<h5 class=\"wp-block-heading\" id=\"interagility\">InterAgilidad empresarial<\/h5>\n\n\n\n<p class=\"has-medium-font-size\">La interagilidad es una competencia en forma de M, que describe visualmente una forma definida por las competencias generales + especializadas, pero que se extiende a m\u00e1s de una subfunci\u00f3n empresarial.<\/p>\n<\/div><\/div>\n\n\n\n<hr class=\"wp-block-separator has-alpha-channel-opacity is-style-wide\"\/>\n\n\n\n<div class=\"wp-block-media-text alignwide has-media-on-the-right is-stacked-on-mobile\"><figure class=\"wp-block-media-text__media\"><img loading=\"lazy\" decoding=\"async\" width=\"600\" height=\"337\" src=\"https:\/\/businessagility.education\/blog\/wp-content\/uploads\/2022\/08\/business-agility-phi-shaped-skills.png\" alt=\"business agility extragility (phi) \u03a6-shaped skills\" class=\"wp-image-103 size-full\" srcset=\"https:\/\/businessagility.education\/blog\/wp-content\/uploads\/2022\/08\/business-agility-phi-shaped-skills.png 600w, https:\/\/businessagility.education\/blog\/wp-content\/uploads\/2022\/08\/business-agility-phi-shaped-skills-300x169.png 300w, https:\/\/businessagility.education\/blog\/wp-content\/uploads\/2022\/08\/business-agility-phi-shaped-skills-18x10.png 18w\" sizes=\"auto, (max-width: 600px) 100vw, 600px\" \/><\/figure><div class=\"wp-block-media-text__content\">\n<h5 class=\"wp-block-heading\" id=\"extragility\">ExtrAgilidad empresarial<\/h5>\n\n\n\n<p class=\"has-medium-font-size\">La ExtrAgilidad es una Habilidad en forma de (phi) \u03a6, una visi\u00f3n hol\u00edstica y abarca aspectos de la Responsabilidad Social Corporativa y los Objetivos de Desarrollo Sostenible (ODS).<\/p>\n<\/div><\/div>\n\n\n\n<hr class=\"wp-block-separator has-alpha-channel-opacity is-style-wide\"\/>\n\n\n\n<h4 class=\"wp-block-heading\"><strong>IntrAgilidad, InterAgilidad y ExtrAgilidad<\/strong> Fuentes<\/h4>\n\n\n\n<p>Hormaza Dow, T. (2022, abril). Estudio estructural comparativo de sitios web y propuesta de intragilidad, interagilidad y extragilidad como marco contextual para guiar una trayectoria de agilidad empresarial adaptativa [Proyecto de MBA]. Universidad Laval, Facultad de Administraci\u00f3n de Empresas (FSA) Quebec, Canad\u00e1.<\/p>\n\n\n\n<h4 class=\"wp-block-heading\">Fuentes de im\u00e1genes<\/h4>\n\n\n\n<p>Im\u00e1genes adquiridas y adaptadas de https:\/\/www.shutterstock.com\/g\/TarikVision<\/p>\n\n\n\n<h4 class=\"wp-block-heading\">Descargar <strong>IntrAgilidad, InterAgilidad y ExtrAgilidad<\/strong> Auto-reflexi\u00f3n de habilidades PDF<\/h4>\n\n\n\n<div data-wp-interactive=\"core\/file\" class=\"wp-block-file\"><object data-wp-bind--hidden=\"!state.hasPdfPreview\" hidden class=\"wp-block-file__embed\" data=\"https:\/\/businessagility.education\/blog\/wp-content\/uploads\/2022\/08\/Business-Agility-Skills-MicroSession.pdf\" type=\"application\/pdf\" style=\"width:100%;height:600px\" aria-label=\"Incrustado de Embed of Business-Agility-Skills-MicroSession..\"><\/object><a id=\"wp-block-file--media-e3dd839e-e03b-4fcf-aec7-d71324134279\" href=\"https:\/\/businessagility.education\/blog\/wp-content\/uploads\/2022\/08\/Business-Agility-Skills-MicroSession.pdf\">MicroSesi\u00f3n sobre agilidad empresarial<\/a><a href=\"https:\/\/businessagility.education\/blog\/wp-content\/uploads\/2022\/08\/Business-Agility-Skills-MicroSession.pdf\" class=\"wp-block-file__button\" download aria-describedby=\"wp-block-file--media-e3dd839e-e03b-4fcf-aec7-d71324134279\">Descargar<\/a><\/div>","protected":false},"excerpt":{"rendered":"<p>\u00a1Bienvenido al Hogar de los Acad\u00e9micos en Educaci\u00f3n e Investigaci\u00f3n en Agilidad de Negocios! Este es mi Blog personal, mi nombre es Thomas Hormaza Dow. Aunque el nombre de este es el Hogar de la Educaci\u00f3n en Agilidad Empresarial, llamo a este Blog abierto de revisi\u00f3n de literatura \"A Hombros de Gigantes y Gigantas\" ya que ese t\u00edtulo me vino [...]<\/p>","protected":false},"author":1,"featured_media":97,"parent":0,"menu_order":0,"comment_status":"closed","ping_status":"closed","template":"","meta":{"footnotes":""},"class_list":["post-73","page","type-page","status-publish","has-post-thumbnail","hentry"],"yoast_head":"<!-- This site is optimized with the Yoast SEO plugin v24.9 - https:\/\/yoast.com\/wordpress\/plugins\/seo\/ -->\n<title>Business Agility: On the Shoulders of Giants and Giantesses - Business Agility+AI<\/title>\n<meta name=\"robots\" content=\"index, follow, max-snippet:-1, max-image-preview:large, max-video-preview:-1\" \/>\n<link rel=\"canonical\" href=\"https:\/\/businessagility.education\/blog\/es\/business-agility\/\" \/>\n<meta property=\"og:locale\" content=\"es_MX\" \/>\n<meta property=\"og:type\" content=\"article\" \/>\n<meta property=\"og:title\" content=\"Business Agility: On the Shoulders of Giants and Giantesses - Business Agility+AI\" \/>\n<meta property=\"og:description\" content=\"Welcome to the Home of Academics in Business Agility Education and Research! This is my personal Blog, my name is Thomas Hormaza Dow. Although the name of this is the Home of Business Agility Education, I call this open literature review Blog \u201cOn the Shoulders of Giants and Giantesses\u201d as that title came to me [&hellip;]\" \/>\n<meta property=\"og:url\" content=\"https:\/\/businessagility.education\/blog\/es\/business-agility\/\" \/>\n<meta property=\"og:site_name\" content=\"Business Agility+AI\" \/>\n<meta property=\"article:modified_time\" content=\"2022-08-15T18:19:45+00:00\" \/>\n<meta property=\"og:image\" content=\"https:\/\/businessagility.education\/blog\/wp-content\/uploads\/2022\/08\/business-agility-skill-development.jpg\" \/>\n\t<meta property=\"og:image:width\" content=\"1543\" \/>\n\t<meta property=\"og:image:height\" content=\"877\" \/>\n\t<meta property=\"og:image:type\" content=\"image\/jpeg\" \/>\n<meta name=\"twitter:card\" content=\"summary_large_image\" \/>\n<meta name=\"twitter:label1\" content=\"Tiempo de lectura\" \/>\n\t<meta name=\"twitter:data1\" content=\"3 minutos\" \/>\n<script type=\"application\/ld+json\" class=\"yoast-schema-graph\">{\"@context\":\"https:\/\/schema.org\",\"@graph\":[{\"@type\":\"WebPage\",\"@id\":\"https:\/\/businessagility.education\/blog\/business-agility\/\",\"url\":\"https:\/\/businessagility.education\/blog\/business-agility\/\",\"name\":\"Business Agility: On the Shoulders of Giants and Giantesses - Business Agility+AI\",\"isPartOf\":{\"@id\":\"https:\/\/businessagility.education\/blog\/#website\"},\"primaryImageOfPage\":{\"@id\":\"https:\/\/businessagility.education\/blog\/business-agility\/#primaryimage\"},\"image\":{\"@id\":\"https:\/\/businessagility.education\/blog\/business-agility\/#primaryimage\"},\"thumbnailUrl\":\"https:\/\/businessagility.education\/blog\/wp-content\/uploads\/2022\/08\/business-agility-skill-development.jpg\",\"datePublished\":\"2022-07-11T16:30:08+00:00\",\"dateModified\":\"2022-08-15T18:19:45+00:00\",\"breadcrumb\":{\"@id\":\"https:\/\/businessagility.education\/blog\/business-agility\/#breadcrumb\"},\"inLanguage\":\"es\",\"potentialAction\":[{\"@type\":\"ReadAction\",\"target\":[\"https:\/\/businessagility.education\/blog\/business-agility\/\"]}]},{\"@type\":\"ImageObject\",\"inLanguage\":\"es\",\"@id\":\"https:\/\/businessagility.education\/blog\/business-agility\/#primaryimage\",\"url\":\"https:\/\/businessagility.education\/blog\/wp-content\/uploads\/2022\/08\/business-agility-skill-development.jpg\",\"contentUrl\":\"https:\/\/businessagility.education\/blog\/wp-content\/uploads\/2022\/08\/business-agility-skill-development.jpg\",\"width\":1543,\"height\":877,\"caption\":\"business agility skill development\"},{\"@type\":\"BreadcrumbList\",\"@id\":\"https:\/\/businessagility.education\/blog\/business-agility\/#breadcrumb\",\"itemListElement\":[{\"@type\":\"ListItem\",\"position\":1,\"name\":\"Home\",\"item\":\"https:\/\/businessagility.education\/blog\/\"},{\"@type\":\"ListItem\",\"position\":2,\"name\":\"Business Agility: On the Shoulders of Giants and Giantesses\"}]},{\"@type\":\"WebSite\",\"@id\":\"https:\/\/businessagility.education\/blog\/#website\",\"url\":\"https:\/\/businessagility.education\/blog\/\",\"name\":\"Business Agility+AI\",\"description\":\"The Business Agility + Artificial Intelligence Blog\",\"publisher\":{\"@id\":\"https:\/\/businessagility.education\/blog\/#organization\"},\"potentialAction\":[{\"@type\":\"SearchAction\",\"target\":{\"@type\":\"EntryPoint\",\"urlTemplate\":\"https:\/\/businessagility.education\/blog\/?s={search_term_string}\"},\"query-input\":{\"@type\":\"PropertyValueSpecification\",\"valueRequired\":true,\"valueName\":\"search_term_string\"}}],\"inLanguage\":\"es\"},{\"@type\":\"Organization\",\"@id\":\"https:\/\/businessagility.education\/blog\/#organization\",\"name\":\"Business Agility+AI\",\"url\":\"https:\/\/businessagility.education\/blog\/\",\"logo\":{\"@type\":\"ImageObject\",\"inLanguage\":\"es\",\"@id\":\"https:\/\/businessagility.education\/blog\/#\/schema\/logo\/image\/\",\"url\":\"https:\/\/businessagility.education\/blog\/wp-content\/uploads\/2022\/06\/business-agility-blog-logo.png\",\"contentUrl\":\"https:\/\/businessagility.education\/blog\/wp-content\/uploads\/2022\/06\/business-agility-blog-logo.png\",\"width\":200,\"height\":100,\"caption\":\"Business Agility+AI\"},\"image\":{\"@id\":\"https:\/\/businessagility.education\/blog\/#\/schema\/logo\/image\/\"}}]}<\/script>\n<!-- \/ Yoast SEO plugin. -->","yoast_head_json":{"title":"Business Agility: On the Shoulders of Giants and Giantesses - Business Agility+AI","robots":{"index":"index","follow":"follow","max-snippet":"max-snippet:-1","max-image-preview":"max-image-preview:large","max-video-preview":"max-video-preview:-1"},"canonical":"https:\/\/businessagility.education\/blog\/es\/business-agility\/","og_locale":"es_MX","og_type":"article","og_title":"Business Agility: On the Shoulders of Giants and Giantesses - Business Agility+AI","og_description":"Welcome to the Home of Academics in Business Agility Education and Research! This is my personal Blog, my name is Thomas Hormaza Dow. Although the name of this is the Home of Business Agility Education, I call this open literature review Blog \u201cOn the Shoulders of Giants and Giantesses\u201d as that title came to me [&hellip;]","og_url":"https:\/\/businessagility.education\/blog\/es\/business-agility\/","og_site_name":"Business Agility+AI","article_modified_time":"2022-08-15T18:19:45+00:00","og_image":[{"width":1543,"height":877,"url":"https:\/\/businessagility.education\/blog\/wp-content\/uploads\/2022\/08\/business-agility-skill-development.jpg","type":"image\/jpeg"}],"twitter_card":"summary_large_image","twitter_misc":{"Tiempo de lectura":"3 minutos"},"schema":{"@context":"https:\/\/schema.org","@graph":[{"@type":"WebPage","@id":"https:\/\/businessagility.education\/blog\/business-agility\/","url":"https:\/\/businessagility.education\/blog\/business-agility\/","name":"Business Agility: On the Shoulders of Giants and Giantesses - Business Agility+AI","isPartOf":{"@id":"https:\/\/businessagility.education\/blog\/#website"},"primaryImageOfPage":{"@id":"https:\/\/businessagility.education\/blog\/business-agility\/#primaryimage"},"image":{"@id":"https:\/\/businessagility.education\/blog\/business-agility\/#primaryimage"},"thumbnailUrl":"https:\/\/businessagility.education\/blog\/wp-content\/uploads\/2022\/08\/business-agility-skill-development.jpg","datePublished":"2022-07-11T16:30:08+00:00","dateModified":"2022-08-15T18:19:45+00:00","breadcrumb":{"@id":"https:\/\/businessagility.education\/blog\/business-agility\/#breadcrumb"},"inLanguage":"es","potentialAction":[{"@type":"ReadAction","target":["https:\/\/businessagility.education\/blog\/business-agility\/"]}]},{"@type":"ImageObject","inLanguage":"es","@id":"https:\/\/businessagility.education\/blog\/business-agility\/#primaryimage","url":"https:\/\/businessagility.education\/blog\/wp-content\/uploads\/2022\/08\/business-agility-skill-development.jpg","contentUrl":"https:\/\/businessagility.education\/blog\/wp-content\/uploads\/2022\/08\/business-agility-skill-development.jpg","width":1543,"height":877,"caption":"business agility skill development"},{"@type":"BreadcrumbList","@id":"https:\/\/businessagility.education\/blog\/business-agility\/#breadcrumb","itemListElement":[{"@type":"ListItem","position":1,"name":"Home","item":"https:\/\/businessagility.education\/blog\/"},{"@type":"ListItem","position":2,"name":"Business Agility: On the Shoulders of Giants and Giantesses"}]},{"@type":"WebSite","@id":"https:\/\/businessagility.education\/blog\/#website","url":"https:\/\/businessagility.education\/blog\/","name":"Business Agility+AI","description":"The Business Agility + Artificial Intelligence Blog","publisher":{"@id":"https:\/\/businessagility.education\/blog\/#organization"},"potentialAction":[{"@type":"SearchAction","target":{"@type":"EntryPoint","urlTemplate":"https:\/\/businessagility.education\/blog\/?s={search_term_string}"},"query-input":{"@type":"PropertyValueSpecification","valueRequired":true,"valueName":"search_term_string"}}],"inLanguage":"es"},{"@type":"Organization","@id":"https:\/\/businessagility.education\/blog\/#organization","name":"Business Agility+AI","url":"https:\/\/businessagility.education\/blog\/","logo":{"@type":"ImageObject","inLanguage":"es","@id":"https:\/\/businessagility.education\/blog\/#\/schema\/logo\/image\/","url":"https:\/\/businessagility.education\/blog\/wp-content\/uploads\/2022\/06\/business-agility-blog-logo.png","contentUrl":"https:\/\/businessagility.education\/blog\/wp-content\/uploads\/2022\/06\/business-agility-blog-logo.png","width":200,"height":100,"caption":"Business Agility+AI"},"image":{"@id":"https:\/\/businessagility.education\/blog\/#\/schema\/logo\/image\/"}}]}},"_links":{"self":[{"href":"https:\/\/businessagility.education\/blog\/es\/wp-json\/wp\/v2\/pages\/73","targetHints":{"allow":["GET"]}}],"collection":[{"href":"https:\/\/businessagility.education\/blog\/es\/wp-json\/wp\/v2\/pages"}],"about":[{"href":"https:\/\/businessagility.education\/blog\/es\/wp-json\/wp\/v2\/types\/page"}],"author":[{"embeddable":true,"href":"https:\/\/businessagility.education\/blog\/es\/wp-json\/wp\/v2\/users\/1"}],"replies":[{"embeddable":true,"href":"https:\/\/businessagility.education\/blog\/es\/wp-json\/wp\/v2\/comments?post=73"}],"version-history":[{"count":15,"href":"https:\/\/businessagility.education\/blog\/es\/wp-json\/wp\/v2\/pages\/73\/revisions"}],"predecessor-version":[{"id":194,"href":"https:\/\/businessagility.education\/blog\/es\/wp-json\/wp\/v2\/pages\/73\/revisions\/194"}],"wp:featuredmedia":[{"embeddable":true,"href":"https:\/\/businessagility.education\/blog\/es\/wp-json\/wp\/v2\/media\/97"}],"wp:attachment":[{"href":"https:\/\/businessagility.education\/blog\/es\/wp-json\/wp\/v2\/media?parent=73"}],"curies":[{"name":"wp","href":"https:\/\/api.w.org\/{rel}","templated":true}]}}