{"id":555,"date":"2025-04-13T15:28:58","date_gmt":"2025-04-13T19:28:58","guid":{"rendered":"https:\/\/businessagility.education\/blog\/?page_id=555"},"modified":"2025-04-18T12:27:21","modified_gmt":"2025-04-18T16:27:21","slug":"ai-for-sales-executives","status":"publish","type":"page","link":"https:\/\/businessagility.education\/blog\/es\/ai-for-sales-executives\/","title":{"rendered":"IA para ejecutivos de ventas"},"content":{"rendered":"<p><\/p>\n\n\n\n<h3 class=\"wp-block-heading\">La hoja de ruta completa de 6 meses para l\u00edderes de ventas<\/h3>\n\n\n\n<p>Esta completa hoja de ruta de aprendizaje de 6 meses est\u00e1 dise\u00f1ada para ayudar a los ejecutivos de ventas a integrar con confianza la Inteligencia Artificial (IA) en sus flujos de trabajo de ventas y estrategias a largo plazo. Combina herramientas pr\u00e1cticas, cursos esenciales, conocimientos \u00e9ticos y marcos \u00e1giles para transformar la forma en que los l\u00edderes de ventas piensan, operan y lideran.<\/p>\n\n\n\n<p><\/p>\n\n\n\n<figure class=\"wp-block-embed is-type-video is-provider-youtube wp-block-embed-youtube wp-embed-aspect-16-9 wp-has-aspect-ratio\"><div class=\"wp-block-embed__wrapper\">\n<iframe loading=\"lazy\" title=\"IA para ejecutivos de ventas La hoja de ruta definitiva de 6 meses para l\u00edderes de ventas\" width=\"580\" height=\"326\" src=\"https:\/\/www.youtube.com\/embed\/nPNX4Stizl0?feature=oembed\" frameborder=\"0\" allow=\"accelerometer; autoplay; clipboard-write; encrypted-media; gyroscope; picture-in-picture; web-share\" referrerpolicy=\"strict-origin-when-cross-origin\" allowfullscreen><\/iframe>\n<\/div><\/figure>\n\n\n\n<p><\/p>\n\n\n\n<hr class=\"wp-block-separator has-alpha-channel-opacity\"\/>\n\n\n\n<h2 class=\"wp-block-heading\">Mes 1: Pruebe primero la IA<\/h2>\n\n\n\n<p><strong>Objetivo<\/strong>: Genera curiosidad y confianza experimentando con herramientas de IA.<\/p>\n\n\n\n<p><strong>Por qu\u00e9 es importante<\/strong>: Experimentar la IA de primera mano a trav\u00e9s de tareas pr\u00e1cticas aumenta el compromiso y sienta las bases motivacionales para un aprendizaje m\u00e1s profundo.<\/p>\n\n\n\n<p><strong>Herramientas y cursos:<\/strong><\/p>\n\n\n\n<ul class=\"wp-block-list\">\n<li>ChatGPT: <a>https:\/\/chat.openai.com\/<\/a><\/li>\n\n\n\n<li>OpenAI Academy: <a>https:\/\/academy.openai.com\/<\/a> <\/li>\n<\/ul>\n\n\n\n<p><strong>Actividades clave:<\/strong><\/p>\n\n\n\n<ul class=\"wp-block-list\">\n<li>Genere correos electr\u00f3nicos de ventas, propuestas y respuestas utilizando ChatGPT.<\/li>\n\n\n\n<li>Reflexione sobre c\u00f3mo la IA podr\u00eda mejorar su trabajo diario.<\/li>\n<\/ul>\n\n\n\n<p><strong>Lecturas recomendadas:<\/strong><\/p>\n\n\n\n<ul class=\"wp-block-list\">\n<li><strong>Cap\u00edtulo 1: Introducci\u00f3n a las ventas \u00e1giles y a la venta asistida por IA<\/strong><br><a>https:\/\/businessagility.education\/blog\/agile-sales-ai-selling-chapter1\/<\/a><\/li>\n<\/ul>\n\n\n\n<p><em>Introduce la integraci\u00f3n estrat\u00e9gica de Agile y<\/em><\/p>\n\n\n\n<ul class=\"wp-block-list\">\n<li><strong>Cap\u00edtulo 2: M\u00e1s all\u00e1 de \"Siempre estar cerca\" y \"Aclarar y repetir\"<\/strong><br><a href=\"https:\/\/businessagility.education\/blog\/agile-sales-ai-selling-chapter2\/\">https:\/\/businessagility.education\/blog\/agile-sales-ai-selling-chapter2\/<\/a><\/li>\n<\/ul>\n\n\n\n<p><em>Presenta los argumentos para modernizar las pr\u00e1cticas de ventas utilizando Agile e IA. Explica por qu\u00e9 las ventas tradicionales necesitan una actualizaci\u00f3n, preparando el terreno para la adopci\u00f3n de la IA.<\/em><\/p>\n\n\n\n<hr class=\"wp-block-separator has-alpha-channel-opacity\"\/>\n\n\n\n<h2 class=\"wp-block-heading\">Mes 2: Aprender los fundamentos de la IA<\/h2>\n\n\n\n<p><strong>Objetivo<\/strong>: Comprender los conceptos y la terminolog\u00eda b\u00e1sicos de la IA.<\/p>\n\n\n\n<p><strong>Por qu\u00e9 es importante<\/strong>: Comprender los conceptos fundamentales de la IA ayuda a los responsables de ventas a tomar decisiones informadas, comunicarse con los vendedores y guiar la adopci\u00f3n por parte del equipo.<\/p>\n\n\n\n<p><strong>Cursos:<\/strong><\/p>\n\n\n\n<ul class=\"wp-block-list\">\n<li>IA para todos - Coursera (Andrew Ng):<br><a>https:\/\/www.coursera.org\/learn\/ai-for-everyone<\/a><\/li>\n\n\n\n<li>Elementos de IA - Universidad de Helsinki y Reaktor:<br><a>https:\/\/www.elementsofai.com\/<\/a><\/li>\n\n\n\n<li>Introducci\u00f3n a Google AI - Crecer con Google:<br><a>https:\/\/grow.google\/ai\/<\/a><\/li>\n<\/ul>\n\n\n\n<p><strong>Temas clave:<\/strong><\/p>\n\n\n\n<ul class=\"wp-block-list\">\n<li>Aprendizaje autom\u00e1tico, aprendizaje profundo, PNL, redes neuronales, ciencia de datos.<\/li>\n<\/ul>\n\n\n\n<p><strong>Lecturas recomendadas:<\/strong><\/p>\n\n\n\n<ul class=\"wp-block-list\">\n<li><strong>Cap\u00edtulo 6: Fusi\u00f3n de las ventas \u00e1giles con la capacitaci\u00f3n impulsada por la IA<\/strong><br><a>https:\/\/businessagility.education\/blog\/agile-sales-ai-selling-chapter6\/<\/a><\/li>\n<\/ul>\n\n\n\n<p><em>Explica c\u00f3mo la IA puede mejorar las estrategias de capacitaci\u00f3n de ventas, la incorporaci\u00f3n y los flujos de trabajo de contenidos. Salva las distancias entre la IA y el desarrollo del equipo de ventas.<\/em><\/p>\n\n\n\n<hr class=\"wp-block-separator has-alpha-channel-opacity\"\/>\n\n\n\n<h2 class=\"wp-block-heading\">Mes 3: Utilizar la IA en las ventas<\/h2>\n\n\n\n<p><strong>Objetivo<\/strong>: Aplicar herramientas de IA para optimizar la generaci\u00f3n de prospectos, CRM y divulgaci\u00f3n.<\/p>\n\n\n\n<p><strong>Por qu\u00e9 es importante<\/strong>: Demuestra un valor cuantificable integrando la IA en los procesos de venta existentes.<\/p>\n\n\n\n<p><strong>Cursos y herramientas:<\/strong><\/p>\n\n\n\n<ul class=\"wp-block-list\">\n<li>AI Essentials for Sales Professionals - LinkedIn Learning:<br><a>https:\/\/www.linkedin.com\/learning\/paths\/ai-essentials-for-sales-professionals<\/a><\/li>\n\n\n\n<li>Herramientas de IA de HubSpot para ventas:<br><a>https:\/\/www.hubspot.com\/products\/sales\/ai<\/a><\/li>\n\n\n\n<li>Salesforce Einstein AI:<br><a>https:\/\/www.salesforce.com\/products\/einstein\/overview\/<\/a><\/li>\n\n\n\n<li>Gong.io:<br><a>https:\/\/www.gong.io\/<\/a><\/li>\n<\/ul>\n\n\n\n<p><strong>Actividades clave:<\/strong><\/p>\n\n\n\n<ul class=\"wp-block-list\">\n<li>Automatice la puntuaci\u00f3n de los clientes potenciales, el seguimiento por correo electr\u00f3nico y la informaci\u00f3n sobre los proyectos en curso.<\/li>\n<\/ul>\n\n\n\n<p><strong>Lecturas recomendadas:<\/strong><\/p>\n\n\n\n<ul class=\"wp-block-list\">\n<li><strong>Cap\u00edtulo 8: Espectro de las profesiones de ventas con las mejoras de las ventas \u00e1giles y la venta asistida por IA<\/strong><br><a>https:\/\/businessagility.education\/blog\/agile-sales-ai-selling-chapter8\/<\/a><\/li>\n<\/ul>\n\n\n\n<p><em>Muestra c\u00f3mo las herramientas de IA mejoran funciones de ventas espec\u00edficas, ayudando a los alumnos a personalizar la implementaci\u00f3n de la IA.<\/em><\/p>\n\n\n\n<hr class=\"wp-block-separator has-alpha-channel-opacity\"\/>\n\n\n\n<h2 class=\"wp-block-heading\">Mes 4: Dominar el Prompting<\/h2>\n\n\n\n<p><strong>Objetivo<\/strong>: Desarrollar habilidades para interactuar con la IA de manera m\u00e1s eficaz utilizando la ingenier\u00eda r\u00e1pida.<\/p>\n\n\n\n<p><strong>Por qu\u00e9 es importante<\/strong>: Las instrucciones bien estructuradas producen mejores resultados de IA, aumentan la coherencia y reducen los errores de comunicaci\u00f3n.<\/p>\n\n\n\n<p><strong>Curso:<\/strong><\/p>\n\n\n\n<ul class=\"wp-block-list\">\n<li>Ingenier\u00eda Prompt para ChatGPT - Coursera:<br><a>https:\/\/www.coursera.org\/learn\/prompt-engineering<\/a><\/li>\n<\/ul>\n\n\n\n<p><strong>Actividades clave:<\/strong><\/p>\n\n\n\n<ul class=\"wp-block-list\">\n<li>Cree una biblioteca personal de est\u00edmulos: gesti\u00f3n de objeciones, redacci\u00f3n de correos electr\u00f3nicos, preguntas de descubrimiento.<\/li>\n<\/ul>\n\n\n\n<p><strong>Lecturas recomendadas:<\/strong><\/p>\n\n\n\n<ul class=\"wp-block-list\">\n<li><strong>Cap\u00edtulo 9: Excelencia \u00e1gil en ventas: Integraci\u00f3n de Scrum y Kanban<\/strong><br><a>https:\/\/businessagility.education\/blog\/agile-sales-ai-selling-chapter9\/<\/a><\/li>\n<\/ul>\n\n\n\n<p><em>Vincula los marcos \u00e1giles a las interacciones iterativas de la IA. Fomenta la experimentaci\u00f3n estructurada y los bucles de retroalimentaci\u00f3n.<\/em><\/p>\n\n\n\n<hr class=\"wp-block-separator has-alpha-channel-opacity\"\/>\n\n\n\n<h2 class=\"wp-block-heading\">Mes 5: Aprender IA responsable<\/h2>\n\n\n\n<p><strong>Objetivo<\/strong>: Entender c\u00f3mo utilizar la IA de forma \u00e9tica y responsable en las interacciones con los clientes.<\/p>\n\n\n\n<p><strong>Por qu\u00e9 es importante<\/strong>: Generar confianza mediante el uso \u00e9tico de la IA es esencial para la reputaci\u00f3n, el cumplimiento y el \u00e9xito a largo plazo.<\/p>\n\n\n\n<p><strong>Cursos y recursos:<\/strong><\/p>\n\n\n\n<ul class=\"wp-block-list\">\n<li>IA responsable - Google:<br><a>https:\/\/grow.google\/ai\/<\/a><\/li>\n\n\n\n<li>La IA en la \u00e9tica de ventas - Gu\u00eda Salesforce:<br><a>https:\/\/www.salesforce.com\/resources\/articles\/ai-in-sales\/<\/a><\/li>\n\n\n\n<li>Principios \u00e9ticos de la IA de la OCDE:<br><a>https:\/\/www.oecd.org\/going-digital\/ai\/principles\/<\/a><\/li>\n<\/ul>\n\n\n\n<p><strong>Temas clave:<\/strong><\/p>\n\n\n\n<ul class=\"wp-block-list\">\n<li>Alucinaciones de la IA, sesgo algor\u00edtmico, privacidad de los datos, confianza de los clientes.<\/li>\n<\/ul>\n\n\n\n<p><strong>Lecturas recomendadas:<\/strong><\/p>\n\n\n\n<ul class=\"wp-block-list\">\n<li><strong>Cap\u00edtulo 3: Centrarse en el cliente como piedra angular de la venta \u00e1gil y la venta asistida por IA<\/strong><br><a>https:\/\/businessagility.education\/blog\/agile-sales-ai-selling-chapter3\/<\/a><\/li>\n<\/ul>\n\n\n\n<p><em>Explica c\u00f3mo el pensamiento centrado en el cliente sustenta las pr\u00e1cticas \u00e9ticas de la IA.<\/em><\/p>\n\n\n\n<ul class=\"wp-block-list\">\n<li><strong>Cap\u00edtulo 4: Complementariedad entre humanos e IA en las ventas<\/strong><br><a>https:\/\/businessagility.education\/blog\/agile-sales-ai-selling-chapter4\/<\/a><\/li>\n<\/ul>\n\n\n\n<p><em>Enmarca el uso \u00e9tico de la IA como una fuerza de colaboraci\u00f3n que complementa, no sustituye, los esfuerzos humanos de venta.<\/em><\/p>\n\n\n\n<hr class=\"wp-block-separator has-alpha-channel-opacity\"\/>\n\n\n\n<h2 class=\"wp-block-heading\">Mes 6: Crear una estrategia de ventas basada en IA<\/h2>\n\n\n\n<p><strong>Objetivo<\/strong>: Dise\u00f1e y dirija el plan de adopci\u00f3n de IA a largo plazo de su equipo.<\/p>\n\n\n\n<p><strong>Por qu\u00e9 es importante<\/strong>: La alineaci\u00f3n estrat\u00e9gica garantiza un valor sostenible, una gesti\u00f3n del cambio m\u00e1s fluida y resultados ampliables.<\/p>\n\n\n\n<p><strong>Curso:<\/strong><\/p>\n\n\n\n<ul class=\"wp-block-list\">\n<li>IA para l\u00edderes empresariales - edX:<br><a>https:\/\/www.edx.org\/course\/ai-for-business-leaders<\/a><\/li>\n<\/ul>\n\n\n\n<p><strong>Actividades clave:<\/strong><\/p>\n\n\n\n<ul class=\"wp-block-list\">\n<li>Redacte la hoja de ruta de la IA de su equipo.<\/li>\n\n\n\n<li>Identificar los KPI: conversi\u00f3n de clientes potenciales, duraci\u00f3n del ciclo de ventas, satisfacci\u00f3n del cliente.<\/li>\n\n\n\n<li>Planificar la formaci\u00f3n del equipo y las fases piloto.<\/li>\n<\/ul>\n\n\n\n<p><strong>Lecturas recomendadas:<\/strong><\/p>\n\n\n\n<ul class=\"wp-block-list\">\n<li><strong>Cap\u00edtulo 5: Los ocho pasos del proceso de ventas \u00e1giles y ventas asistidas por IA<\/strong><br><a>https:\/\/businessagility.education\/blog\/agile-sales-ai-selling-chapter5\/<\/a><\/li>\n<\/ul>\n\n\n\n<p><em>Proporciona un flujo de trabajo de ventas estructurado que las herramientas de IA pueden apoyar y mejorar.<\/em><\/p>\n\n\n\n<hr class=\"wp-block-separator has-alpha-channel-opacity\"\/>\n\n\n\n<p>Esta hoja de ruta ayuda a los l\u00edderes de ventas no s\u00f3lo a adoptar la IA, sino a liderarla, con una base s\u00f3lida en el pensamiento \u00e1gil, la responsabilidad \u00e9tica y la implementaci\u00f3n estrat\u00e9gica. Como gu\u00eda, <a href=\"https:\/\/www.linkedin.com\/company\/business-agility-education\/\">contacte con nosotros<\/a>!<\/p>\n\n\n\n<p><\/p>\n\n\n\n<div data-wp-interactive=\"core\/file\" class=\"wp-block-file\"><object data-wp-bind--hidden=\"!state.hasPdfPreview\" hidden class=\"wp-block-file__embed\" data=\"https:\/\/businessagility.education\/blog\/wp-content\/uploads\/2025\/04\/AI-for-Sales-Executives.pdf\" type=\"application\/pdf\" style=\"width:100%;height:600px\" aria-label=\"Incrustado de AI-for-Sales-Executives.\"><\/object><a id=\"wp-block-file--media-9f09009a-7d0b-40dd-817a-fda11b477e01\" href=\"https:\/\/businessagility.education\/blog\/wp-content\/uploads\/2025\/04\/AI-for-Sales-Executives.pdf\">IA para ejecutivos de ventas<\/a><a href=\"https:\/\/businessagility.education\/blog\/wp-content\/uploads\/2025\/04\/AI-for-Sales-Executives.pdf\" class=\"wp-block-file__button wp-element-button\" download aria-describedby=\"wp-block-file--media-9f09009a-7d0b-40dd-817a-fda11b477e01\">Descargar<\/a><\/div>","protected":false},"excerpt":{"rendered":"<p>The Complete 6-Month Roadmap for Sales Leaders This comprehensive 6-month learning roadmap is designed to help sales executives confidently integrate Artificial Intelligence (AI) into their sales workflows and long-term strategies. It combines hands-on tools, essential courses, ethical insights, and Agile frameworks to transform how sales leaders think, operate, and lead. Month 1: Try AI First [&hellip;]<\/p>","protected":false},"author":1,"featured_media":559,"parent":0,"menu_order":0,"comment_status":"closed","ping_status":"closed","template":"","meta":{"footnotes":""},"class_list":["post-555","page","type-page","status-publish","has-post-thumbnail","hentry"],"yoast_head":"<!-- This site is optimized with the Yoast SEO plugin v24.9 - https:\/\/yoast.com\/wordpress\/plugins\/seo\/ -->\n<title>AI for Sales Executives - Business Agility+AI<\/title>\n<meta name=\"description\" content=\"AI for Sales Executives 6-month roadmap helps sales executives master AI tools, strategy, and ethics, step by step + PDF &amp; Video\" \/>\n<meta name=\"robots\" content=\"index, follow, max-snippet:-1, max-image-preview:large, max-video-preview:-1\" \/>\n<link rel=\"canonical\" href=\"https:\/\/businessagility.education\/blog\/es\/ai-for-sales-executives\/\" \/>\n<meta property=\"og:locale\" content=\"es_MX\" \/>\n<meta property=\"og:type\" content=\"article\" \/>\n<meta property=\"og:title\" content=\"AI for Sales Executives - Business Agility+AI\" \/>\n<meta property=\"og:description\" content=\"AI for Sales Executives 6-month roadmap helps sales executives master AI tools, strategy, and ethics, step by step + PDF &amp; Video\" \/>\n<meta property=\"og:url\" content=\"https:\/\/businessagility.education\/blog\/es\/ai-for-sales-executives\/\" \/>\n<meta property=\"og:site_name\" content=\"Business Agility+AI\" \/>\n<meta property=\"article:modified_time\" content=\"2025-04-18T16:27:21+00:00\" \/>\n<meta property=\"og:image\" content=\"https:\/\/businessagility.education\/blog\/wp-content\/uploads\/2025\/04\/ai-for-sales-executives.jpg\" \/>\n\t<meta property=\"og:image:width\" content=\"1597\" \/>\n\t<meta property=\"og:image:height\" content=\"934\" \/>\n\t<meta property=\"og:image:type\" content=\"image\/jpeg\" \/>\n<meta name=\"twitter:card\" content=\"summary_large_image\" \/>\n<meta name=\"twitter:label1\" content=\"Tiempo de lectura\" \/>\n\t<meta name=\"twitter:data1\" content=\"4 minutos\" \/>\n<script type=\"application\/ld+json\" class=\"yoast-schema-graph\">{\"@context\":\"https:\/\/schema.org\",\"@graph\":[{\"@type\":\"WebPage\",\"@id\":\"https:\/\/businessagility.education\/blog\/ai-for-sales-executives\/\",\"url\":\"https:\/\/businessagility.education\/blog\/ai-for-sales-executives\/\",\"name\":\"AI for Sales Executives - Business Agility+AI\",\"isPartOf\":{\"@id\":\"https:\/\/businessagility.education\/blog\/#website\"},\"primaryImageOfPage\":{\"@id\":\"https:\/\/businessagility.education\/blog\/ai-for-sales-executives\/#primaryimage\"},\"image\":{\"@id\":\"https:\/\/businessagility.education\/blog\/ai-for-sales-executives\/#primaryimage\"},\"thumbnailUrl\":\"https:\/\/businessagility.education\/blog\/wp-content\/uploads\/2025\/04\/ai-for-sales-executives.jpg\",\"datePublished\":\"2025-04-13T19:28:58+00:00\",\"dateModified\":\"2025-04-18T16:27:21+00:00\",\"description\":\"AI for Sales Executives 6-month roadmap helps sales executives master AI tools, strategy, and ethics, step by step + PDF & Video\",\"breadcrumb\":{\"@id\":\"https:\/\/businessagility.education\/blog\/ai-for-sales-executives\/#breadcrumb\"},\"inLanguage\":\"es\",\"potentialAction\":[{\"@type\":\"ReadAction\",\"target\":[\"https:\/\/businessagility.education\/blog\/ai-for-sales-executives\/\"]}]},{\"@type\":\"ImageObject\",\"inLanguage\":\"es\",\"@id\":\"https:\/\/businessagility.education\/blog\/ai-for-sales-executives\/#primaryimage\",\"url\":\"https:\/\/businessagility.education\/blog\/wp-content\/uploads\/2025\/04\/ai-for-sales-executives.jpg\",\"contentUrl\":\"https:\/\/businessagility.education\/blog\/wp-content\/uploads\/2025\/04\/ai-for-sales-executives.jpg\",\"width\":1597,\"height\":934,\"caption\":\"AI for Sales Executives\"},{\"@type\":\"BreadcrumbList\",\"@id\":\"https:\/\/businessagility.education\/blog\/ai-for-sales-executives\/#breadcrumb\",\"itemListElement\":[{\"@type\":\"ListItem\",\"position\":1,\"name\":\"Home\",\"item\":\"https:\/\/businessagility.education\/blog\/\"},{\"@type\":\"ListItem\",\"position\":2,\"name\":\"AI for Sales Executives\"}]},{\"@type\":\"WebSite\",\"@id\":\"https:\/\/businessagility.education\/blog\/#website\",\"url\":\"https:\/\/businessagility.education\/blog\/\",\"name\":\"Business Agility+AI\",\"description\":\"The Business Agility + Artificial Intelligence Blog\",\"publisher\":{\"@id\":\"https:\/\/businessagility.education\/blog\/#organization\"},\"potentialAction\":[{\"@type\":\"SearchAction\",\"target\":{\"@type\":\"EntryPoint\",\"urlTemplate\":\"https:\/\/businessagility.education\/blog\/?s={search_term_string}\"},\"query-input\":{\"@type\":\"PropertyValueSpecification\",\"valueRequired\":true,\"valueName\":\"search_term_string\"}}],\"inLanguage\":\"es\"},{\"@type\":\"Organization\",\"@id\":\"https:\/\/businessagility.education\/blog\/#organization\",\"name\":\"Business Agility+AI\",\"url\":\"https:\/\/businessagility.education\/blog\/\",\"logo\":{\"@type\":\"ImageObject\",\"inLanguage\":\"es\",\"@id\":\"https:\/\/businessagility.education\/blog\/#\/schema\/logo\/image\/\",\"url\":\"https:\/\/businessagility.education\/blog\/wp-content\/uploads\/2022\/06\/business-agility-blog-logo.png\",\"contentUrl\":\"https:\/\/businessagility.education\/blog\/wp-content\/uploads\/2022\/06\/business-agility-blog-logo.png\",\"width\":200,\"height\":100,\"caption\":\"Business Agility+AI\"},\"image\":{\"@id\":\"https:\/\/businessagility.education\/blog\/#\/schema\/logo\/image\/\"}}]}<\/script>\n<!-- \/ Yoast SEO plugin. -->","yoast_head_json":{"title":"AI for Sales Executives - Business Agility+AI","description":"AI for Sales Executives 6-month roadmap helps sales executives master AI tools, strategy, and ethics, step by step + PDF & Video","robots":{"index":"index","follow":"follow","max-snippet":"max-snippet:-1","max-image-preview":"max-image-preview:large","max-video-preview":"max-video-preview:-1"},"canonical":"https:\/\/businessagility.education\/blog\/es\/ai-for-sales-executives\/","og_locale":"es_MX","og_type":"article","og_title":"AI for Sales Executives - Business Agility+AI","og_description":"AI for Sales Executives 6-month roadmap helps sales executives master AI tools, strategy, and ethics, step by step + PDF & Video","og_url":"https:\/\/businessagility.education\/blog\/es\/ai-for-sales-executives\/","og_site_name":"Business Agility+AI","article_modified_time":"2025-04-18T16:27:21+00:00","og_image":[{"width":1597,"height":934,"url":"https:\/\/businessagility.education\/blog\/wp-content\/uploads\/2025\/04\/ai-for-sales-executives.jpg","type":"image\/jpeg"}],"twitter_card":"summary_large_image","twitter_misc":{"Tiempo de lectura":"4 minutos"},"schema":{"@context":"https:\/\/schema.org","@graph":[{"@type":"WebPage","@id":"https:\/\/businessagility.education\/blog\/ai-for-sales-executives\/","url":"https:\/\/businessagility.education\/blog\/ai-for-sales-executives\/","name":"AI for Sales Executives - Business Agility+AI","isPartOf":{"@id":"https:\/\/businessagility.education\/blog\/#website"},"primaryImageOfPage":{"@id":"https:\/\/businessagility.education\/blog\/ai-for-sales-executives\/#primaryimage"},"image":{"@id":"https:\/\/businessagility.education\/blog\/ai-for-sales-executives\/#primaryimage"},"thumbnailUrl":"https:\/\/businessagility.education\/blog\/wp-content\/uploads\/2025\/04\/ai-for-sales-executives.jpg","datePublished":"2025-04-13T19:28:58+00:00","dateModified":"2025-04-18T16:27:21+00:00","description":"AI for Sales Executives 6-month roadmap helps sales executives master AI tools, strategy, and ethics, step by step + PDF & Video","breadcrumb":{"@id":"https:\/\/businessagility.education\/blog\/ai-for-sales-executives\/#breadcrumb"},"inLanguage":"es","potentialAction":[{"@type":"ReadAction","target":["https:\/\/businessagility.education\/blog\/ai-for-sales-executives\/"]}]},{"@type":"ImageObject","inLanguage":"es","@id":"https:\/\/businessagility.education\/blog\/ai-for-sales-executives\/#primaryimage","url":"https:\/\/businessagility.education\/blog\/wp-content\/uploads\/2025\/04\/ai-for-sales-executives.jpg","contentUrl":"https:\/\/businessagility.education\/blog\/wp-content\/uploads\/2025\/04\/ai-for-sales-executives.jpg","width":1597,"height":934,"caption":"AI for Sales Executives"},{"@type":"BreadcrumbList","@id":"https:\/\/businessagility.education\/blog\/ai-for-sales-executives\/#breadcrumb","itemListElement":[{"@type":"ListItem","position":1,"name":"Home","item":"https:\/\/businessagility.education\/blog\/"},{"@type":"ListItem","position":2,"name":"AI for Sales Executives"}]},{"@type":"WebSite","@id":"https:\/\/businessagility.education\/blog\/#website","url":"https:\/\/businessagility.education\/blog\/","name":"Business Agility+AI","description":"The Business Agility + Artificial Intelligence Blog","publisher":{"@id":"https:\/\/businessagility.education\/blog\/#organization"},"potentialAction":[{"@type":"SearchAction","target":{"@type":"EntryPoint","urlTemplate":"https:\/\/businessagility.education\/blog\/?s={search_term_string}"},"query-input":{"@type":"PropertyValueSpecification","valueRequired":true,"valueName":"search_term_string"}}],"inLanguage":"es"},{"@type":"Organization","@id":"https:\/\/businessagility.education\/blog\/#organization","name":"Business Agility+AI","url":"https:\/\/businessagility.education\/blog\/","logo":{"@type":"ImageObject","inLanguage":"es","@id":"https:\/\/businessagility.education\/blog\/#\/schema\/logo\/image\/","url":"https:\/\/businessagility.education\/blog\/wp-content\/uploads\/2022\/06\/business-agility-blog-logo.png","contentUrl":"https:\/\/businessagility.education\/blog\/wp-content\/uploads\/2022\/06\/business-agility-blog-logo.png","width":200,"height":100,"caption":"Business Agility+AI"},"image":{"@id":"https:\/\/businessagility.education\/blog\/#\/schema\/logo\/image\/"}}]}},"_links":{"self":[{"href":"https:\/\/businessagility.education\/blog\/es\/wp-json\/wp\/v2\/pages\/555","targetHints":{"allow":["GET"]}}],"collection":[{"href":"https:\/\/businessagility.education\/blog\/es\/wp-json\/wp\/v2\/pages"}],"about":[{"href":"https:\/\/businessagility.education\/blog\/es\/wp-json\/wp\/v2\/types\/page"}],"author":[{"embeddable":true,"href":"https:\/\/businessagility.education\/blog\/es\/wp-json\/wp\/v2\/users\/1"}],"replies":[{"embeddable":true,"href":"https:\/\/businessagility.education\/blog\/es\/wp-json\/wp\/v2\/comments?post=555"}],"version-history":[{"count":4,"href":"https:\/\/businessagility.education\/blog\/es\/wp-json\/wp\/v2\/pages\/555\/revisions"}],"predecessor-version":[{"id":564,"href":"https:\/\/businessagility.education\/blog\/es\/wp-json\/wp\/v2\/pages\/555\/revisions\/564"}],"wp:featuredmedia":[{"embeddable":true,"href":"https:\/\/businessagility.education\/blog\/es\/wp-json\/wp\/v2\/media\/559"}],"wp:attachment":[{"href":"https:\/\/businessagility.education\/blog\/es\/wp-json\/wp\/v2\/media?parent=555"}],"curies":[{"name":"wp","href":"https:\/\/api.w.org\/{rel}","templated":true}]}}