{"id":471,"date":"2023-12-19T13:40:00","date_gmt":"2023-12-19T18:40:00","guid":{"rendered":"https:\/\/businessagility.education\/blog\/?page_id=471"},"modified":"2024-12-01T18:58:49","modified_gmt":"2024-12-01T23:58:49","slug":"agile-finance-manifesto","status":"publish","type":"page","link":"https:\/\/businessagility.education\/blog\/es\/agile-finance-manifesto\/","title":{"rendered":"Manifiesto de las finanzas \u00e1giles"},"content":{"rendered":"<p>A continuaci\u00f3n se presentan algunas ideas sobre una comparaci\u00f3n cruzada entre el Manifiesto \u00c1gil de las Finanzas y el Manifiesto \u00c1gil del Software original.<\/p>\n\n\n\n<p><\/p>\n\n\n\n<p>Manifiesto de las finanzas \u00e1giles<\/p>\n\n\n\n<p><br>Valores<\/p>\n\n\n\n<ol class=\"wp-block-list\">\n<li>Colaboraci\u00f3n del cliente frente a documentaci\u00f3n excesiva<br>o Establecer relaciones s\u00f3lidas mediante interacciones regulares y significativas con los clientes para comprender sus objetivos financieros y alinearse con ellos. Aunque la documentaci\u00f3n es esencial para el cumplimiento de la normativa, hay que centrarse en la comunicaci\u00f3n directa y transparente para fomentar la confianza y la adaptabilidad.<br>o Ejemplo: Realizar reuniones quincenales de estrategia con los clientes para revisar los objetivos, analizar los cambios del mercado y ajustar las estrategias de inversi\u00f3n, utilizando documentaci\u00f3n racionalizada para respaldar las decisiones.<\/li>\n\n\n\n<li>Planificaci\u00f3n financiera adaptable frente a presupuestos fijos<br>o Adoptar planes financieros que puedan evolucionar con las condiciones del mercado. Sustituya los r\u00edgidos presupuestos anuales por previsiones continuas y una planificaci\u00f3n de escenarios que garantice la agilidad a la hora de responder a oportunidades y riesgos.<br>o Ejemplo: Implantar un marco de presupuestaci\u00f3n de base cero revisado trimestralmente para reflejar los cambios econ\u00f3micos y las prioridades empresariales, lo que permite una r\u00e1pida asignaci\u00f3n de recursos.<\/li>\n\n\n\n<li>Toma de decisiones basada en datos frente a procesos r\u00edgidos<br>o Aprovechar los datos y an\u00e1lisis en tiempo real para tomar decisiones financieras estrat\u00e9gicas. Dar prioridad a la informaci\u00f3n pr\u00e1ctica frente a procesos anticuados e inflexibles, equilibrando los resultados tecnol\u00f3gicos con la experiencia humana.<br>o Ejemplo: Utilizar herramientas anal\u00edticas basadas en IA para identificar tendencias de mercado emergentes e integrar esos conocimientos en procesos din\u00e1micos de toma de decisiones.<\/li>\n\n\n\n<li>Equipos financieros multifuncionales frente al aislamiento departamental<br>o Fomentar la colaboraci\u00f3n interdisciplinar entre los equipos de finanzas, operaciones, marketing y tecnolog\u00eda. Al romper los compartimentos estancos, las estrategias financieras pueden abordar los objetivos de la organizaci\u00f3n de forma hol\u00edstica.<br>o Ejemplo: Organizar talleres interdepartamentales trimestrales para alinear los objetivos financieros con los operativos y aprovechar los conocimientos de los distintos departamentos.<\/li>\n<\/ol>\n\n\n\n<hr class=\"wp-block-separator has-alpha-channel-opacity\"\/>\n\n\n\n<p>Principios financieros \u00e1giles basados en la esencia del Manifiesto \u00c1gil original<\/p>\n\n\n\n<p><\/p>\n\n\n\n<figure class=\"wp-block-table\"><table class=\"has-fixed-layout\"><tbody><tr><td>Principio #<\/td><td>Principio de finanzas \u00e1giles<\/td><td>Razonamiento<\/td><td>Coincidencia de principios de software \u00e1gil<\/td><\/tr><tr><td>1<\/td><td>Satisfacci\u00f3n del cliente mediante la innovaci\u00f3n financiera<\/td><td>Este Principio vincula la agilidad con la innovaci\u00f3n y la orientaci\u00f3n al cliente, abordando directamente sus necesidades. Se alinea bien con el enfoque de Agile en la entrega de valor.<\/td><td>Principio de software \u00e1gil #1: \"Nuestra m\u00e1xima prioridad es satisfacer al cliente mediante la entrega temprana y continua de software valioso\" centr\u00e1ndonos en soluciones financieras innovadoras.<\/td><\/tr><tr><td>2<\/td><td>Respuestas \u00e1giles para el cumplimiento de la normativa<\/td><td>El cumplimiento como oportunidad es una nueva perspectiva. Una adaptaci\u00f3n r\u00e1pida garantiza la integridad de la organizaci\u00f3n al tiempo que fomenta un enfoque proactivo.<\/td><td>Principio de software \u00e1gil #2: \"Acepte los requisitos cambiantes, incluso en fases avanzadas del desarrollo. Los procesos \u00e1giles aprovechan el cambio para la ventaja competitiva del cliente\" tratando el cumplimiento de forma adaptativa.<\/td><\/tr><tr><td>3<\/td><td>Proporcione informaci\u00f3n financiera con frecuencia<\/td><td>Proporcionar informaci\u00f3n financiera pr\u00e1ctica con frecuencia, con preferencia por ciclos m\u00e1s cortos para mejorar la toma de decisiones y la capacidad de respuesta.<\/td><td>Principio de software \u00e1gil #3: \"Entregar software funcional con frecuencia, de un par de semanas a un par de meses, con preferencia por el plazo m\u00e1s corto\".<\/td><\/tr><tr><td>4<\/td><td>Las operaciones financieras y comerciales deben colaborar a diario<\/td><td>Los profesionales de las finanzas y los directivos deben colaborar estrechamente y con frecuencia para alinear las estrategias financieras con los objetivos operativos.<\/td><td>Principio de software \u00e1gil #4: \"La gente de negocios y los desarrolladores deben trabajar juntos a diario durante todo el proyecto\".<\/td><\/tr><tr><td>5<\/td><td>Potenciar y confiar en los equipos financieros<\/td><td>La capacitaci\u00f3n es clave para la agilidad. Confiar en la autoorganizaci\u00f3n de los equipos fomenta la responsabilidad, la innovaci\u00f3n y la moral.<\/td><td>Principio de software \u00e1gil #5: \"Construir proyectos en torno a personas motivadas. Deles el entorno y el apoyo que necesitan, y conf\u00ede en ellos para hacer el trabajo\" potenciando a los equipos financieros.<\/td><\/tr><tr><td>6<\/td><td>Comunicaci\u00f3n directa para mayor claridad financiera<\/td><td>La comunicaci\u00f3n clara y cara a cara reduce los errores y se alinea con la preferencia de Agile por las personas y las interacciones.<\/td><td>Principio de software \u00e1gil #6: \"El m\u00e9todo m\u00e1s eficiente y eficaz de transmitir informaci\u00f3n a un equipo de desarrollo y dentro de \u00e9l es la conversaci\u00f3n cara a cara\", dando prioridad a la comunicaci\u00f3n.<\/td><\/tr><tr><td>7<\/td><td>Resultados mensurables como prueba del progreso financiero<\/td><td>Centrarse en resultados medibles coincide con el principio \u00e1gil de entregar incrementos de trabajo. Comunicar los resultados genera confianza entre las partes interesadas.<\/td><td>Principio de software \u00e1gil #7: \"El software operativo es la principal medida del progreso\", centr\u00e1ndose en ofrecer resultados medibles como prueba del \u00e9xito financiero.<\/td><\/tr><tr><td>8<\/td><td>Pr\u00e1cticas financieras sostenibles para la viabilidad a largo plazo<\/td><td>La sostenibilidad es una adici\u00f3n oportuna, en consonancia con las prioridades de gobernanza medioambiental y social. La gesti\u00f3n financiera \u00e9tica tiene eco entre las partes interesadas.<\/td><td>Principio de software \u00e1gil #8: \"Los procesos \u00e1giles promueven el desarrollo sostenible. Los patrocinadores, desarrolladores y usuarios deben ser capaces de mantener un ritmo constante indefinidamente\" alineando estrategias.<\/td><\/tr><tr><td>9<\/td><td>Mejorar continuamente los modelos y procesos financieros<\/td><td>Centrarse en perfeccionar los modelos y procesos financieros prestando una atenci\u00f3n continua a la precisi\u00f3n, la claridad y la eficacia.<\/td><td>Principio de software \u00e1gil #9: \"La atenci\u00f3n continua a la excelencia t\u00e9cnica y al buen dise\u00f1o mejora la agilidad\".<\/td><\/tr><tr><td>10<\/td><td>Simplicidad financiera<\/td><td>La simplicidad permite a las organizaciones actuar con rapidez y asignar los recursos de forma eficaz, reduciendo los gastos generales y permitiendo centrarse en los objetivos estrat\u00e9gicos.<\/td><td>Principio de software \u00e1gil #10: \"La simplicidad -el arte de maximizar la cantidad de trabajo no realizado- es esencial\".<\/td><\/tr><tr><td>11<\/td><td>Fomentar equipos financieros autoorganizados<\/td><td>Al igual que el desarrollo de software prospera cuando los equipos se autoorganizan, los equipos financieros pueden ofrecer soluciones m\u00e1s innovadoras y eficaces cuando se les faculta para operar de forma aut\u00f3noma dentro de unos l\u00edmites claros.<\/td><td>Principio de software \u00e1gil #11: \"Las mejores arquitecturas, requisitos y dise\u00f1os surgen de equipos autoorganizados\".<\/td><\/tr><tr><td>12<\/td><td>Retroalimentaci\u00f3n iterativa para la mejora financiera continua<\/td><td>Los bucles de retroalimentaci\u00f3n iterativos reflejan el enfoque \u00e1gil de las retrospectivas y la mejora continua. Las encuestas y la retroalimentaci\u00f3n se alinean con el control emp\u00edrico de procesos de Agile.<\/td><td>Principio de software \u00e1gil #12: \"A intervalos regulares, el equipo reflexiona sobre c\u00f3mo ser m\u00e1s eficaz, luego afina y ajusta su comportamiento en consecuencia\" a trav\u00e9s de bucles de retroalimentaci\u00f3n iterativos.<\/td><\/tr><\/tbody><\/table><\/figure>\n\n\n\n<p>Comparaci\u00f3n cruzada por Thomas Hormaza Dow<\/p>","protected":false},"excerpt":{"rendered":"<p>A continuaci\u00f3n se presentan algunas ideas sobre una Comparaci\u00f3n Cruzada del Manifiesto \u00c1gil de Finanzas y el Manifiesto \u00c1gil de Software original. Valores del Manifiesto de Finanzas \u00c1giles Principios de Finanzas \u00c1giles basados en la esencia del Manifiesto \u00c1gil original Principio # Principio de Finanzas \u00c1giles Razonamiento Principio de Software \u00c1gil Coincidencia 1 Satisfacci\u00f3n del cliente a trav\u00e9s de la innovaci\u00f3n financiera Este Principio vincula la agilidad [...].<\/p>","protected":false},"author":1,"featured_media":472,"parent":0,"menu_order":0,"comment_status":"closed","ping_status":"closed","template":"","meta":{"footnotes":""},"class_list":["post-471","page","type-page","status-publish","has-post-thumbnail","hentry"],"yoast_head":"<!-- This site is optimized with the Yoast SEO plugin v24.9 - https:\/\/yoast.com\/wordpress\/plugins\/seo\/ -->\n<title>Agile Finance Manifesto - Business Agility+AI<\/title>\n<meta name=\"description\" content=\"Cross-Comparison of the Agile Finance Manifesto and the original Agile Software Manifesto\" \/>\n<meta name=\"robots\" content=\"index, follow, max-snippet:-1, max-image-preview:large, max-video-preview:-1\" \/>\n<link rel=\"canonical\" href=\"https:\/\/businessagility.education\/blog\/es\/agile-finance-manifesto\/\" \/>\n<meta property=\"og:locale\" content=\"es_MX\" \/>\n<meta property=\"og:type\" content=\"article\" \/>\n<meta property=\"og:title\" content=\"Agile Finance Manifesto - Business Agility+AI\" \/>\n<meta property=\"og:description\" content=\"Cross-Comparison of the Agile Finance Manifesto and the original Agile Software Manifesto\" \/>\n<meta property=\"og:url\" content=\"https:\/\/businessagility.education\/blog\/es\/agile-finance-manifesto\/\" \/>\n<meta property=\"og:site_name\" content=\"Business Agility+AI\" \/>\n<meta property=\"article:modified_time\" content=\"2024-12-01T23:58:49+00:00\" \/>\n<meta property=\"og:image\" content=\"https:\/\/businessagility.education\/blog\/wp-content\/uploads\/2024\/12\/agile-finance-manifesto.jpg\" \/>\n\t<meta property=\"og:image:width\" content=\"1305\" \/>\n\t<meta property=\"og:image:height\" content=\"765\" \/>\n\t<meta property=\"og:image:type\" content=\"image\/jpeg\" \/>\n<meta name=\"twitter:card\" content=\"summary_large_image\" \/>\n<meta name=\"twitter:label1\" content=\"Tiempo de lectura\" \/>\n\t<meta name=\"twitter:data1\" content=\"4 minutos\" \/>\n<script type=\"application\/ld+json\" class=\"yoast-schema-graph\">{\"@context\":\"https:\/\/schema.org\",\"@graph\":[{\"@type\":\"WebPage\",\"@id\":\"https:\/\/businessagility.education\/blog\/agile-finance-manifesto\/\",\"url\":\"https:\/\/businessagility.education\/blog\/agile-finance-manifesto\/\",\"name\":\"Agile Finance Manifesto - Business Agility+AI\",\"isPartOf\":{\"@id\":\"https:\/\/businessagility.education\/blog\/#website\"},\"primaryImageOfPage\":{\"@id\":\"https:\/\/businessagility.education\/blog\/agile-finance-manifesto\/#primaryimage\"},\"image\":{\"@id\":\"https:\/\/businessagility.education\/blog\/agile-finance-manifesto\/#primaryimage\"},\"thumbnailUrl\":\"https:\/\/businessagility.education\/blog\/wp-content\/uploads\/2024\/12\/agile-finance-manifesto.jpg\",\"datePublished\":\"2023-12-19T18:40:00+00:00\",\"dateModified\":\"2024-12-01T23:58:49+00:00\",\"description\":\"Cross-Comparison of the Agile Finance Manifesto and the original Agile Software Manifesto\",\"breadcrumb\":{\"@id\":\"https:\/\/businessagility.education\/blog\/agile-finance-manifesto\/#breadcrumb\"},\"inLanguage\":\"es\",\"potentialAction\":[{\"@type\":\"ReadAction\",\"target\":[\"https:\/\/businessagility.education\/blog\/agile-finance-manifesto\/\"]}]},{\"@type\":\"ImageObject\",\"inLanguage\":\"es\",\"@id\":\"https:\/\/businessagility.education\/blog\/agile-finance-manifesto\/#primaryimage\",\"url\":\"https:\/\/businessagility.education\/blog\/wp-content\/uploads\/2024\/12\/agile-finance-manifesto.jpg\",\"contentUrl\":\"https:\/\/businessagility.education\/blog\/wp-content\/uploads\/2024\/12\/agile-finance-manifesto.jpg\",\"width\":1305,\"height\":765,\"caption\":\"Agile Finance Manifesto\"},{\"@type\":\"BreadcrumbList\",\"@id\":\"https:\/\/businessagility.education\/blog\/agile-finance-manifesto\/#breadcrumb\",\"itemListElement\":[{\"@type\":\"ListItem\",\"position\":1,\"name\":\"Home\",\"item\":\"https:\/\/businessagility.education\/blog\/\"},{\"@type\":\"ListItem\",\"position\":2,\"name\":\"Agile Finance Manifesto\"}]},{\"@type\":\"WebSite\",\"@id\":\"https:\/\/businessagility.education\/blog\/#website\",\"url\":\"https:\/\/businessagility.education\/blog\/\",\"name\":\"Business Agility+AI\",\"description\":\"The Business Agility + Artificial Intelligence Blog\",\"publisher\":{\"@id\":\"https:\/\/businessagility.education\/blog\/#organization\"},\"potentialAction\":[{\"@type\":\"SearchAction\",\"target\":{\"@type\":\"EntryPoint\",\"urlTemplate\":\"https:\/\/businessagility.education\/blog\/?s={search_term_string}\"},\"query-input\":{\"@type\":\"PropertyValueSpecification\",\"valueRequired\":true,\"valueName\":\"search_term_string\"}}],\"inLanguage\":\"es\"},{\"@type\":\"Organization\",\"@id\":\"https:\/\/businessagility.education\/blog\/#organization\",\"name\":\"Business Agility+AI\",\"url\":\"https:\/\/businessagility.education\/blog\/\",\"logo\":{\"@type\":\"ImageObject\",\"inLanguage\":\"es\",\"@id\":\"https:\/\/businessagility.education\/blog\/#\/schema\/logo\/image\/\",\"url\":\"https:\/\/businessagility.education\/blog\/wp-content\/uploads\/2022\/06\/business-agility-blog-logo.png\",\"contentUrl\":\"https:\/\/businessagility.education\/blog\/wp-content\/uploads\/2022\/06\/business-agility-blog-logo.png\",\"width\":200,\"height\":100,\"caption\":\"Business Agility+AI\"},\"image\":{\"@id\":\"https:\/\/businessagility.education\/blog\/#\/schema\/logo\/image\/\"}}]}<\/script>\n<!-- \/ Yoast SEO plugin. -->","yoast_head_json":{"title":"Agile Finance Manifesto - Business Agility+AI","description":"Cross-Comparison of the Agile Finance Manifesto and the original Agile Software Manifesto","robots":{"index":"index","follow":"follow","max-snippet":"max-snippet:-1","max-image-preview":"max-image-preview:large","max-video-preview":"max-video-preview:-1"},"canonical":"https:\/\/businessagility.education\/blog\/es\/agile-finance-manifesto\/","og_locale":"es_MX","og_type":"article","og_title":"Agile Finance Manifesto - Business Agility+AI","og_description":"Cross-Comparison of the Agile Finance Manifesto and the original Agile Software Manifesto","og_url":"https:\/\/businessagility.education\/blog\/es\/agile-finance-manifesto\/","og_site_name":"Business Agility+AI","article_modified_time":"2024-12-01T23:58:49+00:00","og_image":[{"width":1305,"height":765,"url":"https:\/\/businessagility.education\/blog\/wp-content\/uploads\/2024\/12\/agile-finance-manifesto.jpg","type":"image\/jpeg"}],"twitter_card":"summary_large_image","twitter_misc":{"Tiempo de lectura":"4 minutos"},"schema":{"@context":"https:\/\/schema.org","@graph":[{"@type":"WebPage","@id":"https:\/\/businessagility.education\/blog\/agile-finance-manifesto\/","url":"https:\/\/businessagility.education\/blog\/agile-finance-manifesto\/","name":"Agile Finance Manifesto - Business Agility+AI","isPartOf":{"@id":"https:\/\/businessagility.education\/blog\/#website"},"primaryImageOfPage":{"@id":"https:\/\/businessagility.education\/blog\/agile-finance-manifesto\/#primaryimage"},"image":{"@id":"https:\/\/businessagility.education\/blog\/agile-finance-manifesto\/#primaryimage"},"thumbnailUrl":"https:\/\/businessagility.education\/blog\/wp-content\/uploads\/2024\/12\/agile-finance-manifesto.jpg","datePublished":"2023-12-19T18:40:00+00:00","dateModified":"2024-12-01T23:58:49+00:00","description":"Cross-Comparison of the Agile Finance Manifesto and the original Agile Software Manifesto","breadcrumb":{"@id":"https:\/\/businessagility.education\/blog\/agile-finance-manifesto\/#breadcrumb"},"inLanguage":"es","potentialAction":[{"@type":"ReadAction","target":["https:\/\/businessagility.education\/blog\/agile-finance-manifesto\/"]}]},{"@type":"ImageObject","inLanguage":"es","@id":"https:\/\/businessagility.education\/blog\/agile-finance-manifesto\/#primaryimage","url":"https:\/\/businessagility.education\/blog\/wp-content\/uploads\/2024\/12\/agile-finance-manifesto.jpg","contentUrl":"https:\/\/businessagility.education\/blog\/wp-content\/uploads\/2024\/12\/agile-finance-manifesto.jpg","width":1305,"height":765,"caption":"Agile Finance Manifesto"},{"@type":"BreadcrumbList","@id":"https:\/\/businessagility.education\/blog\/agile-finance-manifesto\/#breadcrumb","itemListElement":[{"@type":"ListItem","position":1,"name":"Home","item":"https:\/\/businessagility.education\/blog\/"},{"@type":"ListItem","position":2,"name":"Agile Finance Manifesto"}]},{"@type":"WebSite","@id":"https:\/\/businessagility.education\/blog\/#website","url":"https:\/\/businessagility.education\/blog\/","name":"Business Agility+AI","description":"The Business Agility + Artificial Intelligence Blog","publisher":{"@id":"https:\/\/businessagility.education\/blog\/#organization"},"potentialAction":[{"@type":"SearchAction","target":{"@type":"EntryPoint","urlTemplate":"https:\/\/businessagility.education\/blog\/?s={search_term_string}"},"query-input":{"@type":"PropertyValueSpecification","valueRequired":true,"valueName":"search_term_string"}}],"inLanguage":"es"},{"@type":"Organization","@id":"https:\/\/businessagility.education\/blog\/#organization","name":"Business Agility+AI","url":"https:\/\/businessagility.education\/blog\/","logo":{"@type":"ImageObject","inLanguage":"es","@id":"https:\/\/businessagility.education\/blog\/#\/schema\/logo\/image\/","url":"https:\/\/businessagility.education\/blog\/wp-content\/uploads\/2022\/06\/business-agility-blog-logo.png","contentUrl":"https:\/\/businessagility.education\/blog\/wp-content\/uploads\/2022\/06\/business-agility-blog-logo.png","width":200,"height":100,"caption":"Business Agility+AI"},"image":{"@id":"https:\/\/businessagility.education\/blog\/#\/schema\/logo\/image\/"}}]}},"_links":{"self":[{"href":"https:\/\/businessagility.education\/blog\/es\/wp-json\/wp\/v2\/pages\/471","targetHints":{"allow":["GET"]}}],"collection":[{"href":"https:\/\/businessagility.education\/blog\/es\/wp-json\/wp\/v2\/pages"}],"about":[{"href":"https:\/\/businessagility.education\/blog\/es\/wp-json\/wp\/v2\/types\/page"}],"author":[{"embeddable":true,"href":"https:\/\/businessagility.education\/blog\/es\/wp-json\/wp\/v2\/users\/1"}],"replies":[{"embeddable":true,"href":"https:\/\/businessagility.education\/blog\/es\/wp-json\/wp\/v2\/comments?post=471"}],"version-history":[{"count":1,"href":"https:\/\/businessagility.education\/blog\/es\/wp-json\/wp\/v2\/pages\/471\/revisions"}],"predecessor-version":[{"id":473,"href":"https:\/\/businessagility.education\/blog\/es\/wp-json\/wp\/v2\/pages\/471\/revisions\/473"}],"wp:featuredmedia":[{"embeddable":true,"href":"https:\/\/businessagility.education\/blog\/es\/wp-json\/wp\/v2\/media\/472"}],"wp:attachment":[{"href":"https:\/\/businessagility.education\/blog\/es\/wp-json\/wp\/v2\/media?parent=471"}],"curies":[{"name":"wp","href":"https:\/\/api.w.org\/{rel}","templated":true}]}}