{"id":379,"date":"2024-10-01T19:23:44","date_gmt":"2024-10-01T23:23:44","guid":{"rendered":"https:\/\/businessagility.education\/blog\/?page_id=379"},"modified":"2024-10-01T19:23:45","modified_gmt":"2024-10-01T23:23:45","slug":"aci-vs-hac","status":"publish","type":"page","link":"https:\/\/businessagility.education\/blog\/es\/aci-vs-hac\/","title":{"rendered":"Inteligencia colectiva aumentada (ICA) y complementariedad entre inteligencia humana e inteligencia artificial (CAI)"},"content":{"rendered":"<p><\/p>\n\n\n\n<p><strong>ACI y HAC: dos caras de la misma moneda<\/strong><\/p>\n\n\n\n<p>En el mundo actual, la relaci\u00f3n entre los seres humanos y la inteligencia artificial (IA) evoluciona r\u00e1pidamente, y a menudo se utilizan dos t\u00e9rminos clave para describir esta sinergia: <strong>Inteligencia Colectiva Aumentada (ICA)<\/strong> y <strong>Complementariedad entre el ser humano y la inteligencia artificial (HAC)<\/strong>. Aunque estos t\u00e9rminos puedan parecer distintos en un principio, ambos apuntan a un objetivo com\u00fan: aprovechar el poder de la colaboraci\u00f3n entre las personas y la inteligencia artificial para lograr resultados que ninguna de las dos podr\u00eda alcanzar por s\u00ed sola. Exploremos estos conceptos con m\u00e1s detalle y veamos por qu\u00e9 son, esencialmente, dos caras de la misma moneda.<\/p>\n\n\n\n<p><\/p>\n\n\n\n<figure class=\"wp-block-embed is-type-video is-provider-youtube wp-block-embed-youtube wp-embed-aspect-16-9 wp-has-aspect-ratio\"><div class=\"wp-block-embed__wrapper\">\n<iframe loading=\"lazy\" title=\"Inteligencia colectiva aumentada (ICA) y complementariedad entre inteligencia humana e inteligencia artificial (CAI) #aieducation\" width=\"580\" height=\"326\" src=\"https:\/\/www.youtube.com\/embed\/F9Vi0YjGcfA?feature=oembed\" frameborder=\"0\" allow=\"accelerometer; autoplay; clipboard-write; encrypted-media; gyroscope; picture-in-picture; web-share\" referrerpolicy=\"strict-origin-when-cross-origin\" allowfullscreen><\/iframe>\n<\/div><\/figure>\n\n\n\n<p><\/p>\n\n\n\n<h3 class=\"wp-block-heading\">\u00bfQu\u00e9 es la Inteligencia Colectiva Aumentada (ICA)?<\/h3>\n\n\n\n<p>La Inteligencia Colectiva Aumentada (ICA) se refiere a la poderosa inteligencia colectiva que surge cuando los seres humanos y la IA colaboran. Se basa en la idea de que los humanos y la IA, cuando trabajan juntos, pueden crear una sinergia en la que sus capacidades combinadas superan sus puntos fuertes individuales. La IAC se debate con frecuencia en c\u00edrculos acad\u00e9micos y de investigaci\u00f3n, donde la atenci\u00f3n se centra en comprender c\u00f3mo las asociaciones entre humanos e IA pueden conducir a decisiones m\u00e1s perspicaces, una mejor resoluci\u00f3n de problemas y una mayor creatividad.<\/p>\n\n\n\n<p>La idea central de la ACI es que <strong>La IA puede aumentar las capacidades humanas<\/strong>La IA ayuda a las personas y a los equipos a procesar datos complejos, identificar patrones y tomar decisiones informadas con mayor rapidez y precisi\u00f3n. A su vez, los humanos aportan creatividad, empat\u00eda y comprensi\u00f3n contextual, \u00e1reas en las que la IA es menos capaz. Esta inteligencia colectiva, basada en los puntos fuertes tanto de los humanos como de las m\u00e1quinas, tiene el potencial de revolucionar campos como la sanidad, la educaci\u00f3n, la empresa y la gobernanza.<\/p>\n\n\n\n<p>Por ejemplo, en la atenci\u00f3n sanitaria, la inteligencia artificial puede mejorar la precisi\u00f3n de los diagn\u00f3sticos. La IA puede procesar r\u00e1pidamente grandes cantidades de datos de pacientes y detectar posibles problemas de salud que un m\u00e9dico humano podr\u00eda pasar por alto. Sin embargo, la experiencia y empat\u00eda del m\u00e9dico son esenciales para contextualizar estos hallazgos y tomar las decisiones finales que mejor sirvan al paciente.<\/p>\n\n\n\n<h3 class=\"wp-block-heading\">\u00bfQu\u00e9 es la complementariedad entre inteligencia humana e inteligencia artificial?<\/h3>\n\n\n\n<p>Aunque la ACI hace hincapi\u00e9 en la idea de \"inteligencia colectiva\". <strong>Complementariedad entre el ser humano y la inteligencia artificial (HAC)<\/strong> se centra m\u00e1s en los papeles distintos y complementarios que desempe\u00f1an los humanos y la IA en la colaboraci\u00f3n. HAC subraya que los humanos y la IA aportan habilidades diferentes pero complementarias. Mientras que los humanos destacan en creatividad, inteligencia emocional y pensamiento estrat\u00e9gico, la IA sobresale en procesamiento de datos, reconocimiento de patrones y realizaci\u00f3n de tareas repetitivas.<\/p>\n\n\n\n<p>La HAC suele debatirse en contextos empresariales e industriales, donde la atenci\u00f3n se centra en las aplicaciones pr\u00e1cticas. En estos contextos, <strong>La IA no se ve como un sustituto de los trabajadores humanos, sino como una herramienta para complementar y mejorar el rendimiento humano.<\/strong>. En \u00e1mbitos como las finanzas, la atenci\u00f3n al cliente y el marketing, HAC puede impulsar la productividad, mejorar la toma de decisiones y potenciar la experiencia del cliente.<\/p>\n\n\n\n<p>Por ejemplo, en el servicio de atenci\u00f3n al cliente, los chatbots impulsados por IA pueden gestionar consultas rutinarias, como comprobar el estado de los pedidos o responder a preguntas comunes, liberando a los agentes humanos para que se centren en interacciones con clientes m\u00e1s complejas o con matices emocionales. Este enfoque complementario maximiza la eficiencia sin sacrificar el toque personal que solo los humanos pueden ofrecer.<\/p>\n\n\n\n<h3 class=\"wp-block-heading\">ACI y HAC: un concepto unificado<\/h3>\n\n\n\n<p>A primera vista, ACI y HAC pueden parecer ideas diferentes: una se centra en la inteligencia colectiva y la otra en las habilidades complementarias. Sin embargo, en \u00faltima instancia describen el mismo fen\u00f3meno: la asociaci\u00f3n productiva entre los seres humanos y la IA.<\/p>\n\n\n\n<ul class=\"wp-block-list\">\n<li><strong>ACI<\/strong> tiende a utilizarse en contextos te\u00f3ricos o de investigaci\u00f3n, haciendo hincapi\u00e9 en la inteligencia colectiva que surge de la colaboraci\u00f3n entre humanos e IA.<\/li>\n\n\n\n<li><strong>HAC<\/strong> se utiliza m\u00e1s com\u00fanmente en entornos empresariales y pr\u00e1cticos, haciendo hincapi\u00e9 en las fortalezas distintas pero complementarias de los humanos y la IA.<\/li>\n<\/ul>\n\n\n\n<p>Tanto ACI como HAC se basan en la creencia de que los humanos y la IA no compiten, sino que pueden trabajar juntos para crear resultados m\u00e1s impactantes. Ya sea a trav\u00e9s de la inteligencia colectiva o de la complementariedad, la relaci\u00f3n entre humanos e IA se define por la idea de que <strong>el todo es mayor que la suma de las partes<\/strong>.<\/p>\n\n\n\n<h3 class=\"wp-block-heading\">\u00bfPor qu\u00e9 es importante?<\/h3>\n\n\n\n<p>Comprender la sinergia entre los seres humanos y la IA es crucial en el panorama tecnol\u00f3gico actual, en r\u00e1pida evoluci\u00f3n. Las empresas y organizaciones que aprovechan eficazmente la colaboraci\u00f3n entre humanos e IA pueden obtener una ventaja competitiva, mientras que las que no lo hacen corren el riesgo de quedarse atr\u00e1s. Tanto si hablamos de ACI como de HAC, la clave es la misma: <strong>la colaboraci\u00f3n entre el ser humano y la inteligencia artificial puede mejorar la productividad, la innovaci\u00f3n y la toma de decisiones<\/strong> en diversos sectores.<\/p>\n\n\n\n<p>Por ejemplo:<\/p>\n\n\n\n<ul class=\"wp-block-list\">\n<li><strong>En la fabricaci\u00f3n<\/strong>Las m\u00e1quinas impulsadas por IA pueden encargarse de tareas repetitivas y precisas, mientras que los humanos se centran en el dise\u00f1o y la innovaci\u00f3n.<\/li>\n\n\n\n<li><strong>En marketing<\/strong>La IA puede analizar los datos de consumo para predecir tendencias, mientras que los humanos elaboran campa\u00f1as creativas que resuenan emocionalmente con el p\u00fablico objetivo.<\/li>\n\n\n\n<li><strong>En educaci\u00f3n<\/strong>La IA puede personalizar las experiencias de aprendizaje analizando los datos de los alumnos, mientras que los profesores proporcionan la interacci\u00f3n personal y la orientaci\u00f3n esenciales para fomentar un entorno de aprendizaje positivo.<\/li>\n<\/ul>\n\n\n\n<p>Al adoptar la ACI y la HAC, las organizaciones pueden crear entornos de trabajo en los que <strong>La IA mejora las capacidades humanas<\/strong>Ello permite a los trabajadores centrarse en tareas de m\u00e1s alto nivel que requieren pensamiento cr\u00edtico, creatividad y empat\u00eda.<\/p>\n\n\n\n<h3 class=\"wp-block-heading\">Elegir el t\u00e9rmino adecuado para el p\u00fablico adecuado<\/h3>\n\n\n\n<p>Una de las principales diferencias entre ACI y HAC radica en su uso. ACI suele ser m\u00e1s apropiado para debates acad\u00e9micos, estudios de investigaci\u00f3n y exploraciones te\u00f3ricas sobre c\u00f3mo se entrecruzan las capacidades humanas y las de la IA. HAC, por su parte, es m\u00e1s adecuado para conversaciones centradas en la industria, donde el \u00e9nfasis se pone en las aplicaciones pr\u00e1cticas de la IA en el lugar de trabajo y los beneficios de la colaboraci\u00f3n entre humanos e IA en dominios espec\u00edficos.<\/p>\n\n\n\n<p>Al final, la elecci\u00f3n entre ACI y HAC se reduce al contexto y al p\u00fablico. Independientemente del t\u00e9rmino que se utilice, el mensaje est\u00e1 claro: <strong>los humanos y la IA, cuando trabajan juntos, pueden lograr resultados extraordinarios<\/strong>.<\/p>\n\n\n\n<h3 class=\"wp-block-heading\">Conclusi\u00f3n<\/h3>\n\n\n\n<p>La Inteligencia Colectiva Aumentada (ICA) y la Complementariedad entre los Seres Humanos y la Inteligencia Artificial (CAI) pueden parecer dos conceptos distintos, pero en el fondo describen la misma relaci\u00f3n entre los seres humanos y la IA. Ambos hacen hincapi\u00e9 en que la colaboraci\u00f3n entre los humanos y la IA conduce a resultados m\u00e1s innovadores, eficientes e impactantes. Ya sea en la investigaci\u00f3n, la industria o las operaciones cotidianas, <strong>la combinaci\u00f3n del ingenio humano y el poder anal\u00edtico de la IA ofrece un potencial ilimitado<\/strong> para las organizaciones dispuestas a adoptar esta asociaci\u00f3n en evoluci\u00f3n.<\/p>","protected":false},"excerpt":{"rendered":"<p>ACI y HAC: dos caras de la misma moneda En el mundo actual, la relaci\u00f3n entre los seres humanos y la inteligencia artificial (IA) est\u00e1 evolucionando r\u00e1pidamente, y a menudo se utilizan dos t\u00e9rminos clave para describir esta sinergia: Inteligencia Colectiva Aumentada (ICA) y Complementariedad Humano-AI (CAH). Aunque estos t\u00e9rminos puedan parecer distintos en un principio, ambos apuntan hacia un [...]<\/p>","protected":false},"author":1,"featured_media":0,"parent":0,"menu_order":0,"comment_status":"closed","ping_status":"closed","template":"","meta":{"footnotes":""},"class_list":["post-379","page","type-page","status-publish","hentry"],"yoast_head":"<!-- This site is optimized with the Yoast SEO plugin v24.9 - https:\/\/yoast.com\/wordpress\/plugins\/seo\/ -->\n<title>Augmented Collective Intelligence (ACI) and Human-AI Complementarity (HAC) - Business Agility+AI<\/title>\n<meta name=\"description\" content=\"Augmented Collective Intelligence (ACI) and Human-AI Complementarity (HAC) drive innovation by merging human creativity with AI&#039;s data-driven insights\" \/>\n<meta name=\"robots\" content=\"index, follow, max-snippet:-1, max-image-preview:large, max-video-preview:-1\" \/>\n<link rel=\"canonical\" href=\"https:\/\/businessagility.education\/blog\/es\/aci-vs-hac\/\" \/>\n<meta property=\"og:locale\" content=\"es_MX\" \/>\n<meta property=\"og:type\" content=\"article\" \/>\n<meta property=\"og:title\" content=\"Augmented Collective Intelligence (ACI) and Human-AI Complementarity (HAC) - Business Agility+AI\" \/>\n<meta property=\"og:description\" content=\"Augmented Collective Intelligence (ACI) and Human-AI Complementarity (HAC) drive innovation by merging human creativity with AI&#039;s data-driven insights\" \/>\n<meta property=\"og:url\" content=\"https:\/\/businessagility.education\/blog\/es\/aci-vs-hac\/\" \/>\n<meta property=\"og:site_name\" content=\"Business Agility+AI\" \/>\n<meta property=\"article:modified_time\" content=\"2024-10-01T23:23:45+00:00\" \/>\n<meta name=\"twitter:card\" content=\"summary_large_image\" \/>\n<meta name=\"twitter:label1\" content=\"Tiempo de lectura\" \/>\n\t<meta name=\"twitter:data1\" content=\"5 minutos\" \/>\n<script type=\"application\/ld+json\" class=\"yoast-schema-graph\">{\"@context\":\"https:\/\/schema.org\",\"@graph\":[{\"@type\":\"WebPage\",\"@id\":\"https:\/\/businessagility.education\/blog\/aci-vs-hac\/\",\"url\":\"https:\/\/businessagility.education\/blog\/aci-vs-hac\/\",\"name\":\"Augmented Collective Intelligence (ACI) and Human-AI Complementarity (HAC) - Business Agility+AI\",\"isPartOf\":{\"@id\":\"https:\/\/businessagility.education\/blog\/#website\"},\"datePublished\":\"2024-10-01T23:23:44+00:00\",\"dateModified\":\"2024-10-01T23:23:45+00:00\",\"description\":\"Augmented Collective Intelligence (ACI) and Human-AI Complementarity (HAC) drive innovation by merging human creativity with AI's data-driven insights\",\"breadcrumb\":{\"@id\":\"https:\/\/businessagility.education\/blog\/aci-vs-hac\/#breadcrumb\"},\"inLanguage\":\"es\",\"potentialAction\":[{\"@type\":\"ReadAction\",\"target\":[\"https:\/\/businessagility.education\/blog\/aci-vs-hac\/\"]}]},{\"@type\":\"BreadcrumbList\",\"@id\":\"https:\/\/businessagility.education\/blog\/aci-vs-hac\/#breadcrumb\",\"itemListElement\":[{\"@type\":\"ListItem\",\"position\":1,\"name\":\"Home\",\"item\":\"https:\/\/businessagility.education\/blog\/\"},{\"@type\":\"ListItem\",\"position\":2,\"name\":\"Augmented Collective Intelligence (ACI) and Human-AI Complementarity (HAC)\"}]},{\"@type\":\"WebSite\",\"@id\":\"https:\/\/businessagility.education\/blog\/#website\",\"url\":\"https:\/\/businessagility.education\/blog\/\",\"name\":\"Business Agility+AI\",\"description\":\"The Business Agility + Artificial Intelligence Blog\",\"publisher\":{\"@id\":\"https:\/\/businessagility.education\/blog\/#organization\"},\"potentialAction\":[{\"@type\":\"SearchAction\",\"target\":{\"@type\":\"EntryPoint\",\"urlTemplate\":\"https:\/\/businessagility.education\/blog\/?s={search_term_string}\"},\"query-input\":{\"@type\":\"PropertyValueSpecification\",\"valueRequired\":true,\"valueName\":\"search_term_string\"}}],\"inLanguage\":\"es\"},{\"@type\":\"Organization\",\"@id\":\"https:\/\/businessagility.education\/blog\/#organization\",\"name\":\"Business Agility+AI\",\"url\":\"https:\/\/businessagility.education\/blog\/\",\"logo\":{\"@type\":\"ImageObject\",\"inLanguage\":\"es\",\"@id\":\"https:\/\/businessagility.education\/blog\/#\/schema\/logo\/image\/\",\"url\":\"https:\/\/businessagility.education\/blog\/wp-content\/uploads\/2022\/06\/business-agility-blog-logo.png\",\"contentUrl\":\"https:\/\/businessagility.education\/blog\/wp-content\/uploads\/2022\/06\/business-agility-blog-logo.png\",\"width\":200,\"height\":100,\"caption\":\"Business Agility+AI\"},\"image\":{\"@id\":\"https:\/\/businessagility.education\/blog\/#\/schema\/logo\/image\/\"}}]}<\/script>\n<!-- \/ Yoast SEO plugin. -->","yoast_head_json":{"title":"Augmented Collective Intelligence (ACI) and Human-AI Complementarity (HAC) - Business Agility+AI","description":"Augmented Collective Intelligence (ACI) and Human-AI Complementarity (HAC) drive innovation by merging human creativity with AI's data-driven insights","robots":{"index":"index","follow":"follow","max-snippet":"max-snippet:-1","max-image-preview":"max-image-preview:large","max-video-preview":"max-video-preview:-1"},"canonical":"https:\/\/businessagility.education\/blog\/es\/aci-vs-hac\/","og_locale":"es_MX","og_type":"article","og_title":"Augmented Collective Intelligence (ACI) and Human-AI Complementarity (HAC) - Business Agility+AI","og_description":"Augmented Collective Intelligence (ACI) and Human-AI Complementarity (HAC) drive innovation by merging human creativity with AI's data-driven insights","og_url":"https:\/\/businessagility.education\/blog\/es\/aci-vs-hac\/","og_site_name":"Business Agility+AI","article_modified_time":"2024-10-01T23:23:45+00:00","twitter_card":"summary_large_image","twitter_misc":{"Tiempo de lectura":"5 minutos"},"schema":{"@context":"https:\/\/schema.org","@graph":[{"@type":"WebPage","@id":"https:\/\/businessagility.education\/blog\/aci-vs-hac\/","url":"https:\/\/businessagility.education\/blog\/aci-vs-hac\/","name":"Augmented Collective Intelligence (ACI) and Human-AI Complementarity (HAC) - Business Agility+AI","isPartOf":{"@id":"https:\/\/businessagility.education\/blog\/#website"},"datePublished":"2024-10-01T23:23:44+00:00","dateModified":"2024-10-01T23:23:45+00:00","description":"Augmented Collective Intelligence (ACI) and Human-AI Complementarity (HAC) drive innovation by merging human creativity with AI's data-driven insights","breadcrumb":{"@id":"https:\/\/businessagility.education\/blog\/aci-vs-hac\/#breadcrumb"},"inLanguage":"es","potentialAction":[{"@type":"ReadAction","target":["https:\/\/businessagility.education\/blog\/aci-vs-hac\/"]}]},{"@type":"BreadcrumbList","@id":"https:\/\/businessagility.education\/blog\/aci-vs-hac\/#breadcrumb","itemListElement":[{"@type":"ListItem","position":1,"name":"Home","item":"https:\/\/businessagility.education\/blog\/"},{"@type":"ListItem","position":2,"name":"Augmented Collective Intelligence (ACI) and Human-AI Complementarity (HAC)"}]},{"@type":"WebSite","@id":"https:\/\/businessagility.education\/blog\/#website","url":"https:\/\/businessagility.education\/blog\/","name":"Business Agility+AI","description":"The Business Agility + Artificial Intelligence Blog","publisher":{"@id":"https:\/\/businessagility.education\/blog\/#organization"},"potentialAction":[{"@type":"SearchAction","target":{"@type":"EntryPoint","urlTemplate":"https:\/\/businessagility.education\/blog\/?s={search_term_string}"},"query-input":{"@type":"PropertyValueSpecification","valueRequired":true,"valueName":"search_term_string"}}],"inLanguage":"es"},{"@type":"Organization","@id":"https:\/\/businessagility.education\/blog\/#organization","name":"Business Agility+AI","url":"https:\/\/businessagility.education\/blog\/","logo":{"@type":"ImageObject","inLanguage":"es","@id":"https:\/\/businessagility.education\/blog\/#\/schema\/logo\/image\/","url":"https:\/\/businessagility.education\/blog\/wp-content\/uploads\/2022\/06\/business-agility-blog-logo.png","contentUrl":"https:\/\/businessagility.education\/blog\/wp-content\/uploads\/2022\/06\/business-agility-blog-logo.png","width":200,"height":100,"caption":"Business Agility+AI"},"image":{"@id":"https:\/\/businessagility.education\/blog\/#\/schema\/logo\/image\/"}}]}},"_links":{"self":[{"href":"https:\/\/businessagility.education\/blog\/es\/wp-json\/wp\/v2\/pages\/379","targetHints":{"allow":["GET"]}}],"collection":[{"href":"https:\/\/businessagility.education\/blog\/es\/wp-json\/wp\/v2\/pages"}],"about":[{"href":"https:\/\/businessagility.education\/blog\/es\/wp-json\/wp\/v2\/types\/page"}],"author":[{"embeddable":true,"href":"https:\/\/businessagility.education\/blog\/es\/wp-json\/wp\/v2\/users\/1"}],"replies":[{"embeddable":true,"href":"https:\/\/businessagility.education\/blog\/es\/wp-json\/wp\/v2\/comments?post=379"}],"version-history":[{"count":1,"href":"https:\/\/businessagility.education\/blog\/es\/wp-json\/wp\/v2\/pages\/379\/revisions"}],"predecessor-version":[{"id":380,"href":"https:\/\/businessagility.education\/blog\/es\/wp-json\/wp\/v2\/pages\/379\/revisions\/380"}],"wp:attachment":[{"href":"https:\/\/businessagility.education\/blog\/es\/wp-json\/wp\/v2\/media?parent=379"}],"curies":[{"name":"wp","href":"https:\/\/api.w.org\/{rel}","templated":true}]}}