{"id":367,"date":"2024-09-26T10:51:44","date_gmt":"2024-09-26T14:51:44","guid":{"rendered":"https:\/\/businessagility.education\/blog\/?page_id=367"},"modified":"2024-09-26T10:51:45","modified_gmt":"2024-09-26T14:51:45","slug":"human-ai-work-vs-power-tools","status":"publish","type":"page","link":"https:\/\/businessagility.education\/blog\/es\/human-ai-work-vs-power-tools\/","title":{"rendered":"El trabajo humano y la inteligencia artificial frente a las herramientas el\u00e9ctricas"},"content":{"rendered":"<p><\/p>\n\n\n\n<p>RESUMEN: A diferencia de las herramientas el\u00e9ctricas, la IA aprende, se adapta y ofrece informaci\u00f3n predictiva, operando de forma aut\u00f3noma para mejorar la toma de decisiones y la eficiencia. Lejos de ser una simple ayuda, la IA es un socio estrat\u00e9gico que evoluciona continuamente para optimizar los procesos empresariales e impulsar resultados m\u00e1s inteligentes basados en datos.<\/p>\n\n\n\n<p><strong>Por qu\u00e9 la IA no es una herramienta el\u00e9ctrica como un taladro o una motosierra<\/strong><\/p>\n\n\n\n<p>Comparar la IA con herramientas el\u00e9ctricas como un taladro o una motosierra parece conveniente a primera vista. Al fin y al cabo, ambas son herramientas dise\u00f1adas para mejorar la capacidad humana. Pero esta analog\u00eda, aunque pegadiza, subestima enormemente la profundidad, versatilidad y potencial transformador de la IA. Exploremos por qu\u00e9 la IA es mucho m\u00e1s que un simple taladro y por qu\u00e9 considerarla una mera herramienta el\u00e9ctrica es una simplificaci\u00f3n excesiva que pasa por alto su verdadero impacto en la empresa moderna.<\/p>\n\n\n\n<p><\/p>\n\n\n\n<figure class=\"wp-block-embed is-type-video is-provider-youtube wp-block-embed-youtube wp-embed-aspect-16-9 wp-has-aspect-ratio\"><div class=\"wp-block-embed__wrapper\">\n<iframe loading=\"lazy\" title=\"Complementariedad entre el ser humano y la IA: AI vs Power Tools Educaci\u00f3n en Inteligencia Artificial\" width=\"580\" height=\"326\" src=\"https:\/\/www.youtube.com\/embed\/mRE7yclkefc?feature=oembed\" frameborder=\"0\" allow=\"accelerometer; autoplay; clipboard-write; encrypted-media; gyroscope; picture-in-picture; web-share\" referrerpolicy=\"strict-origin-when-cross-origin\" allowfullscreen><\/iframe>\n<\/div><\/figure>\n\n\n\n<p><\/p>\n\n\n\n<h3 class=\"wp-block-heading\"><strong>La IA no es una tarea espec\u00edfica como las herramientas el\u00e9ctricas<\/strong><\/h3>\n\n\n\n<p>Un taladro taladra. Una motosierra corta. Las herramientas el\u00e9ctricas est\u00e1n muy especializadas; realizan una tarea concreta, aunque muy bien. La IA, en cambio, no se limita a una sola funci\u00f3n. Es como toda una caja de herramientas integrada en un sistema din\u00e1mico que se adapta, aprende y aplica constantemente a una amplia gama de problemas. \u00bfNecesita predecir el comportamiento de los clientes? La IA puede encargarse de ello. \u00bfQuiere optimizar su cadena de suministro? La IA se encarga. \u00bfQuiere automatizar tareas administrativas rutinarias? Hecho. La IA es menos una herramienta y m\u00e1s un socio capaz de abordar m\u00faltiples dominios simult\u00e1neamente. Aunque una motosierra no se convierta de repente en un pulverizador de pintura, la IA puede desempe\u00f1ar diversas funciones.<\/p>\n\n\n\n<p><\/p>\n\n\n\n<h3 class=\"wp-block-heading\"><strong>La IA no s\u00f3lo hace, sino que aprende y mejora<\/strong><\/h3>\n\n\n\n<p>Una vez que se ha comprado una herramienta el\u00e9ctrica, sus capacidades permanecen est\u00e1ticas hasta que inevitablemente se desgasta o se sustituye. La IA, sin embargo, mejora con el tiempo. Los algoritmos de aprendizaje autom\u00e1tico permiten a la IA mejorar en funci\u00f3n de la informaci\u00f3n recibida, optimizando continuamente su rendimiento. Esto significa que la IA no se limita a completar tareas, sino que aprende de los resultados, perfecciona su enfoque y se adapta a nuevos retos. Imagine que su taladro comprendiera mejor el tipo de superficie sobre la que trabaja y ajustara su velocidad y par a la perfecci\u00f3n sin necesidad de que usted lo gu\u00ede. Eso es lo que hace la IA con sus datos, evolucionando mucho m\u00e1s all\u00e1 de una herramienta de un solo prop\u00f3sito.<\/p>\n\n\n\n<p><\/p>\n\n\n\n<h3 class=\"wp-block-heading\"><strong>La IA proporciona informaci\u00f3n, no s\u00f3lo ejecuci\u00f3n<\/strong><\/h3>\n\n\n\n<p>Las herramientas, por avanzadas que sean, son tan buenas como las manos que las manejan. La IA, en cambio, no se limita a ejecutar, sino que analiza, procesa y ofrece informaci\u00f3n basada en datos que va m\u00e1s all\u00e1 de la capacidad humana. Un taladro nunca le sugerir\u00e1 qu\u00e9 materiales son los mejores para su proyecto ni analizar\u00e1 por qu\u00e9 fracas\u00f3 su \u00faltimo intento. La IA, sin embargo, puede pronosticar tendencias, recomendar estrategias y ofrecer recomendaciones basadas en grandes cantidades de datos. No es s\u00f3lo una herramienta para la acci\u00f3n; es un socio estrat\u00e9gico que gu\u00eda la toma de decisiones.<\/p>\n\n\n\n<p><\/p>\n\n\n\n<h3 class=\"wp-block-heading\"><strong>La IA funciona de forma aut\u00f3noma<\/strong><\/h3>\n\n\n\n<p>Las herramientas el\u00e9ctricas requieren una supervisi\u00f3n humana constante. No se puede instalar un taladro y esperar a que termine el trabajo de forma aut\u00f3noma. Con la IA, gran parte del trabajo puede automatizarse y autogestionarse. Los sistemas de IA pueden supervisarse a s\u00ed mismos, se\u00f1alar problemas e incluso ajustar su enfoque sin supervisi\u00f3n constante. Imagine una herramienta potente que pudiera terminar el trabajo mientras usted se centra en actividades m\u00e1s estrat\u00e9gicas: esa es la autonom\u00eda que ofrece la IA en el mundo empresarial. Le permite alejarse, con la seguridad de que est\u00e1 trabajando las 24 horas del d\u00eda, optimizando procesos y proporcionando informaci\u00f3n.<\/p>\n\n\n\n<p><\/p>\n\n\n\n<h3 class=\"wp-block-heading\"><strong>El poder de la IA reside en su precisi\u00f3n basada en los datos<\/strong><\/h3>\n\n\n\n<p>Aunque las herramientas el\u00e9ctricas le permiten trabajar m\u00e1s r\u00e1pido o con m\u00e1s eficacia, siguen siendo herramientas cuya precisi\u00f3n depende de su criterio. La IA, sin embargo, destaca a la hora de tomar decisiones precisas basadas en datos. Imagina que necesitas talar un \u00e1rbol y dependes de la potencia bruta de una motosierra sin saber cu\u00e1l es el \u00e1ngulo m\u00e1s seguro o eficaz para acercarte a \u00e9l. La IA elimina estas conjeturas. Procesa grandes cantidades de datos, garantizando que sus decisiones empresariales se basen en pruebas emp\u00edricas y no en corazonadas humanas. En los negocios, la precisi\u00f3n suele ser m\u00e1s valiosa que la fuerza bruta, y la IA ofrece esa precisi\u00f3n con creces.<\/p>\n\n\n\n<p><\/p>\n\n\n\n<h3 class=\"wp-block-heading\"><strong>La inteligencia artificial evoluciona constantemente, pero las herramientas no.<\/strong><\/h3>\n\n\n\n<p>Admit\u00e1moslo: la tecnolog\u00eda que hay detr\u00e1s de los taladros y las motosierras no cambia mucho. Puede que consigas una bater\u00eda mejor o un dise\u00f1o m\u00e1s ergon\u00f3mico, pero en el fondo son herramientas est\u00e1ticas. La IA, en cambio, es una tecnolog\u00eda en constante evoluci\u00f3n. A medida que mejoran las t\u00e9cnicas de aprendizaje autom\u00e1tico y se desarrollan nuevos algoritmos, la IA se vuelve m\u00e1s capaz, m\u00e1s adaptable y m\u00e1s relevante para los nuevos retos empresariales. Esta capacidad de evoluci\u00f3n garantiza que la IA siga siendo una herramienta de vanguardia, no limitada por las mismas restricciones que las herramientas el\u00e9ctricas tradicionales.<\/p>\n\n\n\n<p><\/p>\n\n\n\n<h3 class=\"wp-block-heading\"><strong>La IA piensa, las herramientas no<\/strong><\/h3>\n\n\n\n<p>Quiz\u00e1 la diferencia m\u00e1s significativa entre la IA y las herramientas el\u00e9ctricas resida en la capacidad de \"pensar\" de la IA. Mientras que una motosierra o un taladro son una extensi\u00f3n del esfuerzo humano, la IA introduce un nivel de cognici\u00f3n que le permite tomar decisiones, priorizar tareas e incluso predecir resultados futuros. La IA puede identificar patrones en los datos que los humanos no pueden ver, ofreciendo soluciones y estrategias que van m\u00e1s all\u00e1 de la intuici\u00f3n humana. No s\u00f3lo ampl\u00eda la capacidad humana, sino que la aumenta con un nivel de inteligencia que cambia radicalmente la forma de abordar los problemas.<\/p>\n\n\n\n<p><\/p>\n\n\n\n<h3 class=\"wp-block-heading\"><strong>La IA es colaborativa, no s\u00f3lo operativa<\/strong><\/h3>\n\n\n\n<p>Mientras que las herramientas el\u00e9ctricas hacen a los humanos m\u00e1s eficientes en la realizaci\u00f3n de tareas, la IA permite una colaboraci\u00f3n entre la creatividad humana y la inteligencia de las m\u00e1quinas. No se trata s\u00f3lo de hacer el trabajo m\u00e1s r\u00e1pido: la IA puede introducir nuevas formas de pensar sobre los problemas, sugiriendo soluciones innovadoras que los humanos no habr\u00edan considerado. Esta sinergia de colaboraci\u00f3n transforma las empresas, permiti\u00e9ndoles explorar posibilidades creativas mientras la IA se encarga del trabajo preliminar basado en datos.<\/p>\n\n\n\n<p><\/p>\n\n\n\n<h3 class=\"wp-block-heading\">Conclusi\u00f3n: La IA es un socio, no s\u00f3lo una herramienta<\/h3>\n\n\n\n<p>Reducir la IA a la misma categor\u00eda que las herramientas el\u00e9ctricas es desaprovechar su potencial. Aunque herramientas como taladros y motosierras son innegablemente \u00fatiles, carecen de la adaptabilidad, la capacidad de aprendizaje y la visi\u00f3n estrat\u00e9gica que aporta la IA. La IA no consiste solo en hacer las cosas m\u00e1s r\u00e1pido o de forma m\u00e1s eficiente, sino en abrir posibilidades totalmente nuevas que permitan a las empresas tomar decisiones m\u00e1s inteligentes basadas en datos y evolucionar continuamente en un entorno en constante cambio.<\/p>\n\n\n\n<p>Al fin y al cabo, la IA no es un taladro ni una motosierra: es un compa\u00f1ero inteligente. Y como cualquier buen compa\u00f1ero, complementa tus puntos fuertes, aprende de tus comentarios y te ayuda a conseguir m\u00e1s cosas de las que podr\u00edas conseguir t\u00fa solo. As\u00ed que, la pr\u00f3xima vez que alguien compare la IA con una herramienta el\u00e9ctrica, recu\u00e9rdele amablemente que la IA est\u00e1 en su propia liga: una que piensa, aprende y se transforma.<\/p>\n\n\n\n<p><\/p>\n\n\n\n<p><\/p>\n\n\n\n<p>Foto adaptada de Photo by\u00a0<a href=\"https:\/\/unsplash.com\/@ahsanization?utm_content=creditCopyText&amp;utm_medium=referral&amp;utm_source=unsplash\">Ahsanizaci\u00f3n \u30c3<\/a><\/p>\n\n\n\n<p><\/p>","protected":false},"excerpt":{"rendered":"<p>RESUMEN: A diferencia de las herramientas el\u00e9ctricas, la IA aprende, se adapta y ofrece informaci\u00f3n predictiva, operando de forma aut\u00f3noma para mejorar la toma de decisiones y la eficiencia. Lejos de ser una simple ayuda, la IA es un socio estrat\u00e9gico que evoluciona continuamente para optimizar los procesos empresariales e impulsar resultados m\u00e1s inteligentes basados en datos. Por qu\u00e9 la IA no es una herramienta el\u00e9ctrica como un taladro o una motosierra Comparar la IA con la [...]<\/p>","protected":false},"author":1,"featured_media":368,"parent":0,"menu_order":0,"comment_status":"closed","ping_status":"closed","template":"","meta":{"footnotes":""},"class_list":["post-367","page","type-page","status-publish","has-post-thumbnail","hentry"],"yoast_head":"<!-- This site is optimized with the Yoast SEO plugin v24.9 - https:\/\/yoast.com\/wordpress\/plugins\/seo\/ -->\n<title>Human-AI Work vs. Power Tools - Business Agility+AI<\/title>\n<meta name=\"description\" content=\"AI isn&#039;t just a tool like a drill; it&#039;s a strategic partner that learns, adapts, and enhances business decision-making, predictive insights and efficiency\" \/>\n<meta name=\"robots\" content=\"index, follow, max-snippet:-1, max-image-preview:large, max-video-preview:-1\" \/>\n<link rel=\"canonical\" href=\"https:\/\/businessagility.education\/blog\/es\/human-ai-work-vs-power-tools\/\" \/>\n<meta property=\"og:locale\" content=\"es_MX\" \/>\n<meta property=\"og:type\" content=\"article\" \/>\n<meta property=\"og:title\" content=\"Human-AI Work vs. Power Tools - Business Agility+AI\" \/>\n<meta property=\"og:description\" content=\"AI isn&#039;t just a tool like a drill; it&#039;s a strategic partner that learns, adapts, and enhances business decision-making, predictive insights and efficiency\" \/>\n<meta property=\"og:url\" content=\"https:\/\/businessagility.education\/blog\/es\/human-ai-work-vs-power-tools\/\" \/>\n<meta property=\"og:site_name\" content=\"Business Agility+AI\" \/>\n<meta property=\"article:modified_time\" content=\"2024-09-26T14:51:45+00:00\" \/>\n<meta property=\"og:image\" content=\"https:\/\/businessagility.education\/blog\/wp-content\/uploads\/2024\/09\/ai-vs-power-tools.jpg\" \/>\n\t<meta property=\"og:image:width\" content=\"926\" \/>\n\t<meta property=\"og:image:height\" content=\"757\" \/>\n\t<meta property=\"og:image:type\" content=\"image\/jpeg\" \/>\n<meta name=\"twitter:card\" content=\"summary_large_image\" \/>\n<meta name=\"twitter:label1\" content=\"Tiempo de lectura\" \/>\n\t<meta name=\"twitter:data1\" content=\"5 minutos\" \/>\n<script type=\"application\/ld+json\" class=\"yoast-schema-graph\">{\"@context\":\"https:\/\/schema.org\",\"@graph\":[{\"@type\":\"WebPage\",\"@id\":\"https:\/\/businessagility.education\/blog\/human-ai-work-vs-power-tools\/\",\"url\":\"https:\/\/businessagility.education\/blog\/human-ai-work-vs-power-tools\/\",\"name\":\"Human-AI Work vs. Power Tools - Business Agility+AI\",\"isPartOf\":{\"@id\":\"https:\/\/businessagility.education\/blog\/#website\"},\"primaryImageOfPage\":{\"@id\":\"https:\/\/businessagility.education\/blog\/human-ai-work-vs-power-tools\/#primaryimage\"},\"image\":{\"@id\":\"https:\/\/businessagility.education\/blog\/human-ai-work-vs-power-tools\/#primaryimage\"},\"thumbnailUrl\":\"https:\/\/businessagility.education\/blog\/wp-content\/uploads\/2024\/09\/ai-vs-power-tools.jpg\",\"datePublished\":\"2024-09-26T14:51:44+00:00\",\"dateModified\":\"2024-09-26T14:51:45+00:00\",\"description\":\"AI isn't just a tool like a drill; it's a strategic partner that learns, adapts, and enhances business decision-making, predictive insights and efficiency\",\"breadcrumb\":{\"@id\":\"https:\/\/businessagility.education\/blog\/human-ai-work-vs-power-tools\/#breadcrumb\"},\"inLanguage\":\"es\",\"potentialAction\":[{\"@type\":\"ReadAction\",\"target\":[\"https:\/\/businessagility.education\/blog\/human-ai-work-vs-power-tools\/\"]}]},{\"@type\":\"ImageObject\",\"inLanguage\":\"es\",\"@id\":\"https:\/\/businessagility.education\/blog\/human-ai-work-vs-power-tools\/#primaryimage\",\"url\":\"https:\/\/businessagility.education\/blog\/wp-content\/uploads\/2024\/09\/ai-vs-power-tools.jpg\",\"contentUrl\":\"https:\/\/businessagility.education\/blog\/wp-content\/uploads\/2024\/09\/ai-vs-power-tools.jpg\",\"width\":926,\"height\":757,\"caption\":\"ai vs power tools\"},{\"@type\":\"BreadcrumbList\",\"@id\":\"https:\/\/businessagility.education\/blog\/human-ai-work-vs-power-tools\/#breadcrumb\",\"itemListElement\":[{\"@type\":\"ListItem\",\"position\":1,\"name\":\"Home\",\"item\":\"https:\/\/businessagility.education\/blog\/\"},{\"@type\":\"ListItem\",\"position\":2,\"name\":\"Human-AI Work vs. Power Tools\"}]},{\"@type\":\"WebSite\",\"@id\":\"https:\/\/businessagility.education\/blog\/#website\",\"url\":\"https:\/\/businessagility.education\/blog\/\",\"name\":\"Business Agility+AI\",\"description\":\"The Business Agility + Artificial Intelligence Blog\",\"publisher\":{\"@id\":\"https:\/\/businessagility.education\/blog\/#organization\"},\"potentialAction\":[{\"@type\":\"SearchAction\",\"target\":{\"@type\":\"EntryPoint\",\"urlTemplate\":\"https:\/\/businessagility.education\/blog\/?s={search_term_string}\"},\"query-input\":{\"@type\":\"PropertyValueSpecification\",\"valueRequired\":true,\"valueName\":\"search_term_string\"}}],\"inLanguage\":\"es\"},{\"@type\":\"Organization\",\"@id\":\"https:\/\/businessagility.education\/blog\/#organization\",\"name\":\"Business Agility+AI\",\"url\":\"https:\/\/businessagility.education\/blog\/\",\"logo\":{\"@type\":\"ImageObject\",\"inLanguage\":\"es\",\"@id\":\"https:\/\/businessagility.education\/blog\/#\/schema\/logo\/image\/\",\"url\":\"https:\/\/businessagility.education\/blog\/wp-content\/uploads\/2022\/06\/business-agility-blog-logo.png\",\"contentUrl\":\"https:\/\/businessagility.education\/blog\/wp-content\/uploads\/2022\/06\/business-agility-blog-logo.png\",\"width\":200,\"height\":100,\"caption\":\"Business Agility+AI\"},\"image\":{\"@id\":\"https:\/\/businessagility.education\/blog\/#\/schema\/logo\/image\/\"}}]}<\/script>\n<!-- \/ Yoast SEO plugin. -->","yoast_head_json":{"title":"Human-AI Work vs. Power Tools - Business Agility+AI","description":"AI isn't just a tool like a drill; it's a strategic partner that learns, adapts, and enhances business decision-making, predictive insights and efficiency","robots":{"index":"index","follow":"follow","max-snippet":"max-snippet:-1","max-image-preview":"max-image-preview:large","max-video-preview":"max-video-preview:-1"},"canonical":"https:\/\/businessagility.education\/blog\/es\/human-ai-work-vs-power-tools\/","og_locale":"es_MX","og_type":"article","og_title":"Human-AI Work vs. Power Tools - Business Agility+AI","og_description":"AI isn't just a tool like a drill; it's a strategic partner that learns, adapts, and enhances business decision-making, predictive insights and efficiency","og_url":"https:\/\/businessagility.education\/blog\/es\/human-ai-work-vs-power-tools\/","og_site_name":"Business Agility+AI","article_modified_time":"2024-09-26T14:51:45+00:00","og_image":[{"width":926,"height":757,"url":"https:\/\/businessagility.education\/blog\/wp-content\/uploads\/2024\/09\/ai-vs-power-tools.jpg","type":"image\/jpeg"}],"twitter_card":"summary_large_image","twitter_misc":{"Tiempo de lectura":"5 minutos"},"schema":{"@context":"https:\/\/schema.org","@graph":[{"@type":"WebPage","@id":"https:\/\/businessagility.education\/blog\/human-ai-work-vs-power-tools\/","url":"https:\/\/businessagility.education\/blog\/human-ai-work-vs-power-tools\/","name":"Human-AI Work vs. Power Tools - Business Agility+AI","isPartOf":{"@id":"https:\/\/businessagility.education\/blog\/#website"},"primaryImageOfPage":{"@id":"https:\/\/businessagility.education\/blog\/human-ai-work-vs-power-tools\/#primaryimage"},"image":{"@id":"https:\/\/businessagility.education\/blog\/human-ai-work-vs-power-tools\/#primaryimage"},"thumbnailUrl":"https:\/\/businessagility.education\/blog\/wp-content\/uploads\/2024\/09\/ai-vs-power-tools.jpg","datePublished":"2024-09-26T14:51:44+00:00","dateModified":"2024-09-26T14:51:45+00:00","description":"AI isn't just a tool like a drill; it's a strategic partner that learns, adapts, and enhances business decision-making, predictive insights and efficiency","breadcrumb":{"@id":"https:\/\/businessagility.education\/blog\/human-ai-work-vs-power-tools\/#breadcrumb"},"inLanguage":"es","potentialAction":[{"@type":"ReadAction","target":["https:\/\/businessagility.education\/blog\/human-ai-work-vs-power-tools\/"]}]},{"@type":"ImageObject","inLanguage":"es","@id":"https:\/\/businessagility.education\/blog\/human-ai-work-vs-power-tools\/#primaryimage","url":"https:\/\/businessagility.education\/blog\/wp-content\/uploads\/2024\/09\/ai-vs-power-tools.jpg","contentUrl":"https:\/\/businessagility.education\/blog\/wp-content\/uploads\/2024\/09\/ai-vs-power-tools.jpg","width":926,"height":757,"caption":"ai vs power tools"},{"@type":"BreadcrumbList","@id":"https:\/\/businessagility.education\/blog\/human-ai-work-vs-power-tools\/#breadcrumb","itemListElement":[{"@type":"ListItem","position":1,"name":"Home","item":"https:\/\/businessagility.education\/blog\/"},{"@type":"ListItem","position":2,"name":"Human-AI Work vs. Power Tools"}]},{"@type":"WebSite","@id":"https:\/\/businessagility.education\/blog\/#website","url":"https:\/\/businessagility.education\/blog\/","name":"Business Agility+AI","description":"The Business Agility + Artificial Intelligence Blog","publisher":{"@id":"https:\/\/businessagility.education\/blog\/#organization"},"potentialAction":[{"@type":"SearchAction","target":{"@type":"EntryPoint","urlTemplate":"https:\/\/businessagility.education\/blog\/?s={search_term_string}"},"query-input":{"@type":"PropertyValueSpecification","valueRequired":true,"valueName":"search_term_string"}}],"inLanguage":"es"},{"@type":"Organization","@id":"https:\/\/businessagility.education\/blog\/#organization","name":"Business Agility+AI","url":"https:\/\/businessagility.education\/blog\/","logo":{"@type":"ImageObject","inLanguage":"es","@id":"https:\/\/businessagility.education\/blog\/#\/schema\/logo\/image\/","url":"https:\/\/businessagility.education\/blog\/wp-content\/uploads\/2022\/06\/business-agility-blog-logo.png","contentUrl":"https:\/\/businessagility.education\/blog\/wp-content\/uploads\/2022\/06\/business-agility-blog-logo.png","width":200,"height":100,"caption":"Business Agility+AI"},"image":{"@id":"https:\/\/businessagility.education\/blog\/#\/schema\/logo\/image\/"}}]}},"_links":{"self":[{"href":"https:\/\/businessagility.education\/blog\/es\/wp-json\/wp\/v2\/pages\/367","targetHints":{"allow":["GET"]}}],"collection":[{"href":"https:\/\/businessagility.education\/blog\/es\/wp-json\/wp\/v2\/pages"}],"about":[{"href":"https:\/\/businessagility.education\/blog\/es\/wp-json\/wp\/v2\/types\/page"}],"author":[{"embeddable":true,"href":"https:\/\/businessagility.education\/blog\/es\/wp-json\/wp\/v2\/users\/1"}],"replies":[{"embeddable":true,"href":"https:\/\/businessagility.education\/blog\/es\/wp-json\/wp\/v2\/comments?post=367"}],"version-history":[{"count":1,"href":"https:\/\/businessagility.education\/blog\/es\/wp-json\/wp\/v2\/pages\/367\/revisions"}],"predecessor-version":[{"id":369,"href":"https:\/\/businessagility.education\/blog\/es\/wp-json\/wp\/v2\/pages\/367\/revisions\/369"}],"wp:featuredmedia":[{"embeddable":true,"href":"https:\/\/businessagility.education\/blog\/es\/wp-json\/wp\/v2\/media\/368"}],"wp:attachment":[{"href":"https:\/\/businessagility.education\/blog\/es\/wp-json\/wp\/v2\/media?parent=367"}],"curies":[{"name":"wp","href":"https:\/\/api.w.org\/{rel}","templated":true}]}}