{"id":301,"date":"2024-07-06T16:10:26","date_gmt":"2024-07-06T20:10:26","guid":{"rendered":"https:\/\/businessagility.education\/blog\/?page_id=301"},"modified":"2024-07-06T16:10:27","modified_gmt":"2024-07-06T20:10:27","slug":"human-ai-work-vs-cowboy-and-horse","status":"publish","type":"page","link":"https:\/\/businessagility.education\/blog\/es\/human-ai-work-vs-cowboy-and-horse\/","title":{"rendered":"Human-AI Work vs. Cowboy and Horse"},"content":{"rendered":"<p><\/p>\n\n\n\n<h3 class=\"wp-block-heading\">Por qu\u00e9 la IA es mejor que un caballo para tu carrera empresarial<\/h3>\n\n\n\n<p>Comparar la IA con un caballo de confianza puede sonar encantador, pero en realidad, la IA es inmensamente m\u00e1s poderosa. En el mundo de los negocios, la IA act\u00faa como un socio sobrealimentado, superando con creces cualquier analog\u00eda tradicional. Para aprovechar todo el potencial de la IA, es crucial generar confianza aliment\u00e1ndola con datos de alta calidad y perfeccionando continuamente tus propias habilidades. Esta relaci\u00f3n, similar a la de un vaquero que cuida de su caballo, garantiza que la IA proporcione informaci\u00f3n precisa y valiosa.<\/p>\n\n\n\n<p>Las capacidades de la IA superan con creces las de un caballo; puede procesar enormes conjuntos de datos, predecir tendencias de mercado y ofrecer recomendaciones basadas en datos de forma instant\u00e1nea. Mientras que un caballo puede cansarse, la IA funciona 24 horas al d\u00eda, 7 d\u00edas a la semana, ofreciendo informaci\u00f3n coherente y en tiempo real que le mantiene por delante de la competencia.<\/p>\n\n\n\n<p>La sinergia entre usted y la IA transforma su potencial empresarial. La IA se encarga de los datos m\u00e1s pesados y usted puede centrarse en la planificaci\u00f3n estrat\u00e9gica y la resoluci\u00f3n creativa de problemas. Esta asociaci\u00f3n potencia tus habilidades naturales, haci\u00e9ndote m\u00e1s eficaz e innovador.<\/p>\n\n\n\n<p>En \u00faltima instancia, integrar la IA en tu carrera significa contar con un aliado potente y adaptable que te impulse hacia adelante. Un vaquero puede ser tan bueno como su caballo, pero en el panorama empresarial, usted ser\u00e1 tan bueno como su IA. As\u00ed que ensilla y deja que la IA te gu\u00ede hacia nuevas cotas en tu trayectoria profesional.<\/p>\n\n\n\n<p><\/p>\n\n\n\n<blockquote class=\"wp-block-quote is-layout-flow wp-block-quote-is-layout-flow\">\n<p>\"Un vaquero puede ser tan bueno como su caballo, \u00bfpero t\u00fa? Ser\u00e1s tan bueno como tu IA\".<\/p>\n<cite>Business Class Lecture 2024 by Prof. Thomas Hormaza Dow<\/cite><\/blockquote>\n\n\n\n<p><\/p>\n\n\n\n<figure class=\"wp-block-embed is-type-video is-provider-youtube wp-block-embed-youtube wp-embed-aspect-16-9 wp-has-aspect-ratio\"><div class=\"wp-block-embed__wrapper\">\n<iframe loading=\"lazy\" title=\"Complementariedad Humano-AI: El vaquero\/la vaquera es tan bueno como su caballo. \u00bfY t\u00fa? Eres tan bueno como tu IA.\" width=\"580\" height=\"326\" src=\"https:\/\/www.youtube.com\/embed\/S1781EoaIRk?feature=oembed\" frameborder=\"0\" allow=\"accelerometer; autoplay; clipboard-write; encrypted-media; gyroscope; picture-in-picture; web-share\" referrerpolicy=\"strict-origin-when-cross-origin\" allowfullscreen><\/iframe>\n<\/div><\/figure>\n\n\n\n<p><\/p>\n\n\n\n<h3 class=\"wp-block-heading\">Por qu\u00e9 la IA es mejor que un caballo para tu carrera empresarial<\/h3>\n\n\n\n<p>Un error muy com\u00fan es comparar la IA con un caballo de confianza para los profesionales de la empresa. Aunque esta analog\u00eda es pintoresca, est\u00e1 totalmente fuera de lugar. Veamos por qu\u00e9 la IA es mucho m\u00e1s poderosa que un caballo y c\u00f3mo puede impulsar tu carrera.<\/p>\n\n\n\n<p><\/p>\n\n\n\n<h4 class=\"wp-block-heading\">Confianza y atenci\u00f3n<\/h4>\n\n\n\n<p>En primer lugar, confianza y cuidado. Al igual que un vaquero conf\u00eda en su caballo para recorrer caminos complicados, usted necesita confiar en la IA para que le gu\u00ede por el salvaje mundo de los datos empresariales. \u00bfY c\u00f3mo se crea esa confianza? Cuidando bien de su IA. Alim\u00e9ntala con datos de alta calidad y mant\u00e9n tus propios conocimientos actualizados. Si trata bien a su IA, no se limitar\u00e1 a informarle de las tendencias del mercado, sino que le ayudar\u00e1 a aprovechar esas oportunidades de negocio m\u00e1s r\u00e1pido de lo que tarda en decir \"\u00a1Arre!<\/p>\n\n\n\n<p>Imag\u00ednese esto: mientras que un caballo puede ayudarle a recorrer 20 millas al d\u00eda, la IA puede procesar terabytes de datos en segundos. Si alguna vez has intentado que un caballo haga cuentas, entender\u00e1s la ventaja. Tu IA criba monta\u00f1as de informaci\u00f3n y encuentra pepitas de oro (o tendencias de mercado, como las llamamos nosotros) que t\u00fa nunca ver\u00edas por ti mismo.<\/p>\n\n\n\n<p><\/p>\n\n\n\n<h4 class=\"wp-block-heading\">Capacidades mejoradas<\/h4>\n\n\n\n<p>Un caballo puede llevarte del punto A al punto B, pero \u00bfla IA? La IA te llevar\u00e1 del punto A al Z, trazando las mejores rutas, prediciendo las tendencias del mercado y analizando enormes conjuntos de datos en un abrir y cerrar de ojos. Imag\u00ednese intentar procesar todos los datos de sus actividades empresariales con un caballo: \u00a1probablemente se comer\u00eda el papel! La IA no se cansa, no necesita heno y, desde luego, no se asusta ante una serpiente en la hierba.<\/p>\n\n\n\n<p>A lo largo de su carrera profesional, se enfrentar\u00e1 a innumerables decisiones en las que la IA puede proporcionarle informaci\u00f3n cr\u00edtica. Tanto si est\u00e1 pronosticando ventas, optimizando cadenas de suministro o desarrollando nuevos productos, la IA ser\u00e1 su aliado inestimable, calculando los n\u00fameros y ofreciendo recomendaciones basadas en datos mientras usted se centra en el panorama general.<\/p>\n\n\n\n<p><\/p>\n\n\n\n<h4 class=\"wp-block-heading\">Sinergia: El d\u00fao din\u00e1mico formado por usted y la IA<\/h4>\n\n\n\n<p>Por \u00faltimo, hablemos de sinergia. T\u00fa y la IA sois como el d\u00fao din\u00e1mico del mundo empresarial. T\u00fa aportas la direcci\u00f3n creativa y la IA la informaci\u00f3n basada en datos. Juntos, son imparables. Pi\u00e9nsalo: mientras t\u00fa dise\u00f1as estrategias y tomas grandes decisiones, la IA calcula n\u00fameros, identifica patrones y ofrece recomendaciones. Es como tener un compa\u00f1ero superordenador que nunca se toma un d\u00eda libre.<\/p>\n\n\n\n<p>Pi\u00e9nselo de esta manera: mientras usted est\u00e1 ah\u00ed fuera cerrando tratos y deslumbrando a los clientes, la IA est\u00e1 en la oficina, trabajando sin descanso para asegurarse de que tiene la mejor informaci\u00f3n a su alcance. Es como tener un par de ojos y o\u00eddos adicionales, que vigilan constantemente el entorno empresarial y le mantienen por delante de la competencia.<\/p>\n\n\n\n<p><\/p>\n\n\n\n<h3 class=\"wp-block-heading\">Conclusiones: Adoptar la IA para el \u00e9xito profesional<\/h3>\n\n\n\n<p>En conclusi\u00f3n, aunque comparar la IA con un caballo puede ser una historia divertida, no refleja la profundidad, fiabilidad y potencia que la IA aporta a tu carrera. Su naturaleza basada en los datos, sus capacidades anal\u00edticas y su aprendizaje continuo la convierten en un socio indispensable para los profesionales de la empresa moderna. Si comprende estas diferencias, podr\u00e1 apreciar mejor el verdadero valor de la IA y aprovechar todo su potencial para impulsar su carrera.<\/p>\n\n\n\n<p>As\u00ed que, \u00a1ensille para el \u00e9xito! Tu viaje con la IA empieza ahora. Conf\u00eda en ella, cu\u00eddala y crea una poderosa sinergia. Recuerda que un vaquero puede ser tan bueno como su caballo, pero \u00bft\u00fa? Ser\u00e1s tan bueno como tu IA. Y no lo olvides, en el rodeo empresarial, la IA te cubre las espaldas: \u00a1suj\u00e9tate fuerte y disfruta del viaje!<\/p>\n\n\n\n<p><\/p>\n\n\n\n<p><\/p>","protected":false},"excerpt":{"rendered":"<p>Por qu\u00e9 la IA es mejor que un caballo para su carrera empresarial Comparar la IA con un caballo fiel puede sonar encantador, pero en realidad la IA es inmensamente m\u00e1s poderosa. En el mundo de los negocios, la IA act\u00faa como un socio sobrealimentado, superando con creces cualquier analog\u00eda tradicional. Para aprovechar todo el potencial de la IA, es crucial generar confianza alimentando [...]<\/p>","protected":false},"author":1,"featured_media":302,"parent":0,"menu_order":0,"comment_status":"closed","ping_status":"closed","template":"","meta":{"footnotes":""},"class_list":["post-301","page","type-page","status-publish","has-post-thumbnail","hentry"],"yoast_head":"<!-- This site is optimized with the Yoast SEO plugin v24.9 - https:\/\/yoast.com\/wordpress\/plugins\/seo\/ -->\n<title>Human-AI Work Complementarity vs. Cowboy and Horse - Business Agility+AI + AI<\/title>\n<meta name=\"description\" content=\"&quot;A Cowboy Might Only Be As Good As Their Horse, But You? You\u2019ll Be As Great As Your AI.&quot; Business Class Lecture 2024 by Prof. Thomas Hormaza Dow\" \/>\n<meta name=\"robots\" content=\"index, follow, max-snippet:-1, max-image-preview:large, max-video-preview:-1\" \/>\n<link rel=\"canonical\" href=\"https:\/\/businessagility.education\/blog\/es\/human-ai-work-vs-cowboy-and-horse\/\" \/>\n<meta property=\"og:locale\" content=\"es_MX\" \/>\n<meta property=\"og:type\" content=\"article\" \/>\n<meta property=\"og:title\" content=\"Human-AI Work Complementarity vs. Cowboy and Horse - Business Agility+AI + AI\" \/>\n<meta property=\"og:description\" content=\"&quot;A Cowboy Might Only Be As Good As Their Horse, But You? You\u2019ll Be As Great As Your AI.&quot; Business Class Lecture 2024 by Prof. Thomas Hormaza Dow\" \/>\n<meta property=\"og:url\" content=\"https:\/\/businessagility.education\/blog\/es\/human-ai-work-vs-cowboy-and-horse\/\" \/>\n<meta property=\"og:site_name\" content=\"Business Agility+AI\" \/>\n<meta property=\"article:modified_time\" content=\"2024-07-06T20:10:27+00:00\" \/>\n<meta property=\"og:image\" content=\"https:\/\/businessagility.education\/blog\/wp-content\/uploads\/2024\/07\/human-ai-complementarity-cowboy-horse.png\" \/>\n\t<meta property=\"og:image:width\" content=\"1152\" \/>\n\t<meta property=\"og:image:height\" content=\"738\" \/>\n\t<meta property=\"og:image:type\" content=\"image\/png\" \/>\n<meta name=\"twitter:card\" content=\"summary_large_image\" \/>\n<meta name=\"twitter:label1\" content=\"Tiempo de lectura\" \/>\n\t<meta name=\"twitter:data1\" content=\"4 minutos\" \/>\n<script type=\"application\/ld+json\" class=\"yoast-schema-graph\">{\"@context\":\"https:\/\/schema.org\",\"@graph\":[{\"@type\":\"WebPage\",\"@id\":\"https:\/\/businessagility.education\/blog\/human-ai-work-vs-cowboy-and-horse\/\",\"url\":\"https:\/\/businessagility.education\/blog\/human-ai-work-vs-cowboy-and-horse\/\",\"name\":\"Human-AI Work Complementarity vs. Cowboy and Horse - Business Agility+AI + AI\",\"isPartOf\":{\"@id\":\"https:\/\/businessagility.education\/blog\/#website\"},\"primaryImageOfPage\":{\"@id\":\"https:\/\/businessagility.education\/blog\/human-ai-work-vs-cowboy-and-horse\/#primaryimage\"},\"image\":{\"@id\":\"https:\/\/businessagility.education\/blog\/human-ai-work-vs-cowboy-and-horse\/#primaryimage\"},\"thumbnailUrl\":\"https:\/\/businessagility.education\/blog\/wp-content\/uploads\/2024\/07\/human-ai-complementarity-cowboy-horse.png\",\"datePublished\":\"2024-07-06T20:10:26+00:00\",\"dateModified\":\"2024-07-06T20:10:27+00:00\",\"description\":\"\\\"A Cowboy Might Only Be As Good As Their Horse, But You? You\u2019ll Be As Great As Your AI.\\\" Business Class Lecture 2024 by Prof. Thomas Hormaza Dow\",\"breadcrumb\":{\"@id\":\"https:\/\/businessagility.education\/blog\/human-ai-work-vs-cowboy-and-horse\/#breadcrumb\"},\"inLanguage\":\"es\",\"potentialAction\":[{\"@type\":\"ReadAction\",\"target\":[\"https:\/\/businessagility.education\/blog\/human-ai-work-vs-cowboy-and-horse\/\"]}]},{\"@type\":\"ImageObject\",\"inLanguage\":\"es\",\"@id\":\"https:\/\/businessagility.education\/blog\/human-ai-work-vs-cowboy-and-horse\/#primaryimage\",\"url\":\"https:\/\/businessagility.education\/blog\/wp-content\/uploads\/2024\/07\/human-ai-complementarity-cowboy-horse.png\",\"contentUrl\":\"https:\/\/businessagility.education\/blog\/wp-content\/uploads\/2024\/07\/human-ai-complementarity-cowboy-horse.png\",\"width\":1152,\"height\":738,\"caption\":\"human-ai complementarity\"},{\"@type\":\"BreadcrumbList\",\"@id\":\"https:\/\/businessagility.education\/blog\/human-ai-work-vs-cowboy-and-horse\/#breadcrumb\",\"itemListElement\":[{\"@type\":\"ListItem\",\"position\":1,\"name\":\"Home\",\"item\":\"https:\/\/businessagility.education\/blog\/\"},{\"@type\":\"ListItem\",\"position\":2,\"name\":\"Human-AI Work vs. Cowboy and Horse\"}]},{\"@type\":\"WebSite\",\"@id\":\"https:\/\/businessagility.education\/blog\/#website\",\"url\":\"https:\/\/businessagility.education\/blog\/\",\"name\":\"Business Agility+AI\",\"description\":\"The Business Agility + Artificial Intelligence Blog\",\"publisher\":{\"@id\":\"https:\/\/businessagility.education\/blog\/#organization\"},\"potentialAction\":[{\"@type\":\"SearchAction\",\"target\":{\"@type\":\"EntryPoint\",\"urlTemplate\":\"https:\/\/businessagility.education\/blog\/?s={search_term_string}\"},\"query-input\":{\"@type\":\"PropertyValueSpecification\",\"valueRequired\":true,\"valueName\":\"search_term_string\"}}],\"inLanguage\":\"es\"},{\"@type\":\"Organization\",\"@id\":\"https:\/\/businessagility.education\/blog\/#organization\",\"name\":\"Business Agility+AI\",\"url\":\"https:\/\/businessagility.education\/blog\/\",\"logo\":{\"@type\":\"ImageObject\",\"inLanguage\":\"es\",\"@id\":\"https:\/\/businessagility.education\/blog\/#\/schema\/logo\/image\/\",\"url\":\"https:\/\/businessagility.education\/blog\/wp-content\/uploads\/2022\/06\/business-agility-blog-logo.png\",\"contentUrl\":\"https:\/\/businessagility.education\/blog\/wp-content\/uploads\/2022\/06\/business-agility-blog-logo.png\",\"width\":200,\"height\":100,\"caption\":\"Business Agility+AI\"},\"image\":{\"@id\":\"https:\/\/businessagility.education\/blog\/#\/schema\/logo\/image\/\"}}]}<\/script>\n<!-- \/ Yoast SEO plugin. -->","yoast_head_json":{"title":"Human-AI Work Complementarity vs. Cowboy and Horse - Business Agility+AI + AI","description":"\"A Cowboy Might Only Be As Good As Their Horse, But You? You\u2019ll Be As Great As Your AI.\" Business Class Lecture 2024 by Prof. Thomas Hormaza Dow","robots":{"index":"index","follow":"follow","max-snippet":"max-snippet:-1","max-image-preview":"max-image-preview:large","max-video-preview":"max-video-preview:-1"},"canonical":"https:\/\/businessagility.education\/blog\/es\/human-ai-work-vs-cowboy-and-horse\/","og_locale":"es_MX","og_type":"article","og_title":"Human-AI Work Complementarity vs. Cowboy and Horse - Business Agility+AI + AI","og_description":"\"A Cowboy Might Only Be As Good As Their Horse, But You? You\u2019ll Be As Great As Your AI.\" Business Class Lecture 2024 by Prof. Thomas Hormaza Dow","og_url":"https:\/\/businessagility.education\/blog\/es\/human-ai-work-vs-cowboy-and-horse\/","og_site_name":"Business Agility+AI","article_modified_time":"2024-07-06T20:10:27+00:00","og_image":[{"width":1152,"height":738,"url":"https:\/\/businessagility.education\/blog\/wp-content\/uploads\/2024\/07\/human-ai-complementarity-cowboy-horse.png","type":"image\/png"}],"twitter_card":"summary_large_image","twitter_misc":{"Tiempo de lectura":"4 minutos"},"schema":{"@context":"https:\/\/schema.org","@graph":[{"@type":"WebPage","@id":"https:\/\/businessagility.education\/blog\/human-ai-work-vs-cowboy-and-horse\/","url":"https:\/\/businessagility.education\/blog\/human-ai-work-vs-cowboy-and-horse\/","name":"Human-AI Work Complementarity vs. Cowboy and Horse - Business Agility+AI + AI","isPartOf":{"@id":"https:\/\/businessagility.education\/blog\/#website"},"primaryImageOfPage":{"@id":"https:\/\/businessagility.education\/blog\/human-ai-work-vs-cowboy-and-horse\/#primaryimage"},"image":{"@id":"https:\/\/businessagility.education\/blog\/human-ai-work-vs-cowboy-and-horse\/#primaryimage"},"thumbnailUrl":"https:\/\/businessagility.education\/blog\/wp-content\/uploads\/2024\/07\/human-ai-complementarity-cowboy-horse.png","datePublished":"2024-07-06T20:10:26+00:00","dateModified":"2024-07-06T20:10:27+00:00","description":"\"A Cowboy Might Only Be As Good As Their Horse, But You? You\u2019ll Be As Great As Your AI.\" Business Class Lecture 2024 by Prof. Thomas Hormaza Dow","breadcrumb":{"@id":"https:\/\/businessagility.education\/blog\/human-ai-work-vs-cowboy-and-horse\/#breadcrumb"},"inLanguage":"es","potentialAction":[{"@type":"ReadAction","target":["https:\/\/businessagility.education\/blog\/human-ai-work-vs-cowboy-and-horse\/"]}]},{"@type":"ImageObject","inLanguage":"es","@id":"https:\/\/businessagility.education\/blog\/human-ai-work-vs-cowboy-and-horse\/#primaryimage","url":"https:\/\/businessagility.education\/blog\/wp-content\/uploads\/2024\/07\/human-ai-complementarity-cowboy-horse.png","contentUrl":"https:\/\/businessagility.education\/blog\/wp-content\/uploads\/2024\/07\/human-ai-complementarity-cowboy-horse.png","width":1152,"height":738,"caption":"human-ai complementarity"},{"@type":"BreadcrumbList","@id":"https:\/\/businessagility.education\/blog\/human-ai-work-vs-cowboy-and-horse\/#breadcrumb","itemListElement":[{"@type":"ListItem","position":1,"name":"Home","item":"https:\/\/businessagility.education\/blog\/"},{"@type":"ListItem","position":2,"name":"Human-AI Work vs. Cowboy and Horse"}]},{"@type":"WebSite","@id":"https:\/\/businessagility.education\/blog\/#website","url":"https:\/\/businessagility.education\/blog\/","name":"Business Agility+AI","description":"The Business Agility + Artificial Intelligence Blog","publisher":{"@id":"https:\/\/businessagility.education\/blog\/#organization"},"potentialAction":[{"@type":"SearchAction","target":{"@type":"EntryPoint","urlTemplate":"https:\/\/businessagility.education\/blog\/?s={search_term_string}"},"query-input":{"@type":"PropertyValueSpecification","valueRequired":true,"valueName":"search_term_string"}}],"inLanguage":"es"},{"@type":"Organization","@id":"https:\/\/businessagility.education\/blog\/#organization","name":"Business Agility+AI","url":"https:\/\/businessagility.education\/blog\/","logo":{"@type":"ImageObject","inLanguage":"es","@id":"https:\/\/businessagility.education\/blog\/#\/schema\/logo\/image\/","url":"https:\/\/businessagility.education\/blog\/wp-content\/uploads\/2022\/06\/business-agility-blog-logo.png","contentUrl":"https:\/\/businessagility.education\/blog\/wp-content\/uploads\/2022\/06\/business-agility-blog-logo.png","width":200,"height":100,"caption":"Business Agility+AI"},"image":{"@id":"https:\/\/businessagility.education\/blog\/#\/schema\/logo\/image\/"}}]}},"_links":{"self":[{"href":"https:\/\/businessagility.education\/blog\/es\/wp-json\/wp\/v2\/pages\/301","targetHints":{"allow":["GET"]}}],"collection":[{"href":"https:\/\/businessagility.education\/blog\/es\/wp-json\/wp\/v2\/pages"}],"about":[{"href":"https:\/\/businessagility.education\/blog\/es\/wp-json\/wp\/v2\/types\/page"}],"author":[{"embeddable":true,"href":"https:\/\/businessagility.education\/blog\/es\/wp-json\/wp\/v2\/users\/1"}],"replies":[{"embeddable":true,"href":"https:\/\/businessagility.education\/blog\/es\/wp-json\/wp\/v2\/comments?post=301"}],"version-history":[{"count":1,"href":"https:\/\/businessagility.education\/blog\/es\/wp-json\/wp\/v2\/pages\/301\/revisions"}],"predecessor-version":[{"id":303,"href":"https:\/\/businessagility.education\/blog\/es\/wp-json\/wp\/v2\/pages\/301\/revisions\/303"}],"wp:featuredmedia":[{"embeddable":true,"href":"https:\/\/businessagility.education\/blog\/es\/wp-json\/wp\/v2\/media\/302"}],"wp:attachment":[{"href":"https:\/\/businessagility.education\/blog\/es\/wp-json\/wp\/v2\/media?parent=301"}],"curies":[{"name":"wp","href":"https:\/\/api.w.org\/{rel}","templated":true}]}}