{"id":134,"date":"2022-08-12T13:10:26","date_gmt":"2022-08-12T17:10:26","guid":{"rendered":"https:\/\/businessagility.education\/blog\/?page_id=134"},"modified":"2022-08-12T13:10:27","modified_gmt":"2022-08-12T17:10:27","slug":"business-agility-ireland","status":"publish","type":"page","link":"https:\/\/businessagility.education\/blog\/es\/business-agility-ireland\/","title":{"rendered":"Agilidad empresarial en Irlanda"},"content":{"rendered":"<figure class=\"wp-block-image size-full\"><img loading=\"lazy\" decoding=\"async\" width=\"640\" height=\"427\" src=\"https:\/\/businessagility.education\/blog\/wp-content\/uploads\/2022\/08\/business-agility-blog-ireland.png\" alt=\"Business Agility Ireland\" class=\"wp-image-135\" srcset=\"https:\/\/businessagility.education\/blog\/wp-content\/uploads\/2022\/08\/business-agility-blog-ireland.png 640w, https:\/\/businessagility.education\/blog\/wp-content\/uploads\/2022\/08\/business-agility-blog-ireland-300x200.png 300w, https:\/\/businessagility.education\/blog\/wp-content\/uploads\/2022\/08\/business-agility-blog-ireland-18x12.png 18w\" sizes=\"auto, (max-width: 640px) 100vw, 640px\" \/><\/figure>\n\n\n\n<h2 id=\"agilemarketingireland\">Marketing \u00e1gil en Irlanda<\/h2>\n\n\n\n<p>La revisi\u00f3n de la literatura y las contribuciones al cuerpo de conocimientos sobre el marketing \u00e1gil desde Irlanda est\u00e1n en fase de desarrollo.<\/p>\n\n\n\n<h2 class=\"wp-block-heading\">Agile Marketing World: Universidades irlandesas<\/h2>\n\n\n\n<h3 class=\"wp-block-heading\">Trinity College de Dubl\u00edn, Irlanda<\/h3>\n\n\n\n<h5 class=\"wp-block-heading\">Avances en la teor\u00eda y la pr\u00e1ctica del marketing<\/h5>\n\n\n\n<p>Este curso cubre aspectos te\u00f3ricos e hist\u00f3ricos relevantes del Marketing, incluyendo tendencias actuales como <a href=\"https:\/\/www.tcd.ie\/business\/undergraduate\/module-outlines\/buu44550.php\">Marketing \u00e1gil <\/a><\/p>\n\n\n\n<h2 class=\"wp-block-heading\">Temas relacionados con la investigaci\u00f3n \u00e1gil<\/h2>\n\n\n\n<h4 class=\"wp-block-heading\">Marketing \u00e1gil para recursos humanos \u00e1giles y recursos humanos \u00e1giles para marketing \u00e1gil<\/h4>\n\n\n\n<h3 class=\"wp-block-heading\">Dublin City University, Irlanda<\/h3>\n\n\n\n<h4 class=\"wp-block-heading\">Brian Harney y David G. Collings<\/h4>\n\n\n\n<h6 class=\"wp-block-heading\">2021<\/h6>\n\n\n\n<p>El Dr. Harney y el Dr. Collings comienzan con un potente desencadenante metacognitivo a trav\u00e9s de la presentaci\u00f3n de un poema (Ridge, Lola. \"The Destroyer\") para captar h\u00e1bilmente la atenci\u00f3n del lector y establecer una base de comparaci\u00f3n para los cambios que se est\u00e1n produciendo en el panorama de los RRHH y la capacidad de respuesta necesaria en este \u00e1mbito. <\/p>\n\n\n\n<p>Citas: (McMackin &amp; Heffernan, 2020), (Hewett &amp; Shantz, 2021)<\/p>\n\n\n\n<p>Harney, B., &amp; Collings, D. G. (2021). Navegando por los cambiantes paisajes de la GRH <em>Revista de Gesti\u00f3n de Recursos Humanos<\/em><\/p>\n\n\n\n<p><a href=\"https:\/\/doi.org\/10.1016\/j.hrmr.2021.100824\">https:\/\/doi.org\/10.1016\/j.hrmr.2021.100824<\/a><\/p>\n\n\n\n<h4 class=\"wp-block-heading\">John McMackin y Margaret Heffernan<\/h4>\n\n\n\n<p><strong>2020<\/strong><\/p>\n\n\n\n<p>El Dr. McMackin y el Dr. Heffernan nos proporcionan importantes distinciones entre RRHH para Agile y Agile para RRHH.<\/p>\n\n\n\n<p>McMackin, J., &amp; Heffernan, M. (2020). Agile for HR: Bien en la pr\u00e1ctica, pero \u00bffuncionar\u00e1 en la teor\u00eda? <em>Revista de Gesti\u00f3n de Recursos Humanos<\/em><\/p>\n\n\n\n<p><a href=\"https:\/\/doi.org\/10.1016\/j.hrmr.2020.100791\" target=\"_blank\" rel=\"noreferrer noopener\">https:\/\/doi.org\/10.1016\/j.hrmr.2020.100791<\/a><\/p>\n\n\n\n<p><\/p>\n\n\n\n<h3 class=\"wp-block-heading\">Trinity College de Dubl\u00edn, Irlanda<\/h3>\n\n\n\n<h4 class=\"wp-block-heading\">Amanda Shantz (y Rebecca Hewett)<\/h4>\n\n\n\n<p>El Dr. Shantz, junto con la Dra. Rebecca Hewett (Rotterdam School of Management, Universidad Erasmus, Pa\u00edses Bajos), detallan de forma experta los beneficios de considerar los RRHH y la co-creaci\u00f3n de las partes interesadas.<\/p>\n\n\n\n<p>Hewett, R. &amp; Shantz, A. (2021). Una teor\u00eda de la cocreaci\u00f3n de RR.HH. <em>Revista de Gesti\u00f3n de Recursos Humanos<\/em><\/p>\n\n\n\n<p><a href=\"https:\/\/doi.org\/10.1016\/j.hrmr.2021.100823\">https:\/\/doi.org\/10.1016\/j.hrmr.2021.100823<\/a><\/p>","protected":false},"excerpt":{"rendered":"<p>Agile Marketing in Ireland La revisi\u00f3n de la literatura y las contribuciones al cuerpo de conocimientos sobre Agile Marketing de Irlanda est\u00e1 en desarrollo. Mundo del Marketing \u00c1gil: Universidades Irlandesas Trinity College Dublin, Irlanda Avances en la Teor\u00eda y Pr\u00e1ctica del Marketing Este curso cubre aspectos te\u00f3ricos e hist\u00f3ricos relevantes del Marketing, incluyendo tendencias actuales como el Marketing \u00c1gil Relacionado [...]<\/p>","protected":false},"author":1,"featured_media":0,"parent":0,"menu_order":0,"comment_status":"closed","ping_status":"closed","template":"","meta":{"footnotes":""},"class_list":["post-134","page","type-page","status-publish","hentry"],"yoast_head":"<!-- This site is optimized with the Yoast SEO plugin v24.9 - https:\/\/yoast.com\/wordpress\/plugins\/seo\/ -->\n<title>Business Agility Ireland - Agile HR, Agile Sales &amp; Marketing, Agile Finance<\/title>\n<meta name=\"description\" content=\"Business Agility Ireland, Agile Sales, Agile HR and Agile Marketing in Ireland Universities. Agility in Business Research and Education in Ireland\" \/>\n<meta name=\"robots\" content=\"index, follow, max-snippet:-1, max-image-preview:large, max-video-preview:-1\" \/>\n<link rel=\"canonical\" href=\"https:\/\/businessagility.education\/blog\/es\/business-agility-ireland\/\" \/>\n<meta property=\"og:locale\" content=\"es_MX\" \/>\n<meta property=\"og:type\" content=\"article\" \/>\n<meta property=\"og:title\" content=\"Business Agility Ireland - Agile HR, Agile Sales &amp; Marketing, Agile Finance\" \/>\n<meta property=\"og:description\" content=\"Business Agility Ireland, Agile Sales, Agile HR and Agile Marketing in Ireland Universities. Agility in Business Research and Education in Ireland\" \/>\n<meta property=\"og:url\" content=\"https:\/\/businessagility.education\/blog\/es\/business-agility-ireland\/\" \/>\n<meta property=\"og:site_name\" content=\"Business Agility+AI\" \/>\n<meta property=\"article:modified_time\" content=\"2022-08-12T17:10:27+00:00\" \/>\n<meta property=\"og:image\" content=\"https:\/\/businessagility.education\/blog\/wp-content\/uploads\/2022\/08\/business-agility-blog-ireland.png\" \/>\n<meta name=\"twitter:card\" content=\"summary_large_image\" \/>\n<meta name=\"twitter:label1\" content=\"Tiempo de lectura\" \/>\n\t<meta name=\"twitter:data1\" content=\"2 minutos\" \/>\n<script type=\"application\/ld+json\" class=\"yoast-schema-graph\">{\"@context\":\"https:\/\/schema.org\",\"@graph\":[{\"@type\":\"WebPage\",\"@id\":\"https:\/\/businessagility.education\/blog\/business-agility-ireland\/\",\"url\":\"https:\/\/businessagility.education\/blog\/business-agility-ireland\/\",\"name\":\"Business Agility Ireland - Agile HR, Agile Sales & Marketing, Agile Finance\",\"isPartOf\":{\"@id\":\"https:\/\/businessagility.education\/blog\/#website\"},\"primaryImageOfPage\":{\"@id\":\"https:\/\/businessagility.education\/blog\/business-agility-ireland\/#primaryimage\"},\"image\":{\"@id\":\"https:\/\/businessagility.education\/blog\/business-agility-ireland\/#primaryimage\"},\"thumbnailUrl\":\"https:\/\/businessagility.education\/blog\/wp-content\/uploads\/2022\/08\/business-agility-blog-ireland.png\",\"datePublished\":\"2022-08-12T17:10:26+00:00\",\"dateModified\":\"2022-08-12T17:10:27+00:00\",\"description\":\"Business Agility Ireland, Agile Sales, Agile HR and Agile Marketing in Ireland Universities. Agility in Business Research and Education in Ireland\",\"breadcrumb\":{\"@id\":\"https:\/\/businessagility.education\/blog\/business-agility-ireland\/#breadcrumb\"},\"inLanguage\":\"es\",\"potentialAction\":[{\"@type\":\"ReadAction\",\"target\":[\"https:\/\/businessagility.education\/blog\/business-agility-ireland\/\"]}]},{\"@type\":\"ImageObject\",\"inLanguage\":\"es\",\"@id\":\"https:\/\/businessagility.education\/blog\/business-agility-ireland\/#primaryimage\",\"url\":\"https:\/\/businessagility.education\/blog\/wp-content\/uploads\/2022\/08\/business-agility-blog-ireland.png\",\"contentUrl\":\"https:\/\/businessagility.education\/blog\/wp-content\/uploads\/2022\/08\/business-agility-blog-ireland.png\"},{\"@type\":\"BreadcrumbList\",\"@id\":\"https:\/\/businessagility.education\/blog\/business-agility-ireland\/#breadcrumb\",\"itemListElement\":[{\"@type\":\"ListItem\",\"position\":1,\"name\":\"Home\",\"item\":\"https:\/\/businessagility.education\/blog\/\"},{\"@type\":\"ListItem\",\"position\":2,\"name\":\"Business Agility Ireland\"}]},{\"@type\":\"WebSite\",\"@id\":\"https:\/\/businessagility.education\/blog\/#website\",\"url\":\"https:\/\/businessagility.education\/blog\/\",\"name\":\"Business Agility+AI\",\"description\":\"The Business Agility + Artificial Intelligence Blog\",\"publisher\":{\"@id\":\"https:\/\/businessagility.education\/blog\/#organization\"},\"potentialAction\":[{\"@type\":\"SearchAction\",\"target\":{\"@type\":\"EntryPoint\",\"urlTemplate\":\"https:\/\/businessagility.education\/blog\/?s={search_term_string}\"},\"query-input\":{\"@type\":\"PropertyValueSpecification\",\"valueRequired\":true,\"valueName\":\"search_term_string\"}}],\"inLanguage\":\"es\"},{\"@type\":\"Organization\",\"@id\":\"https:\/\/businessagility.education\/blog\/#organization\",\"name\":\"Business Agility+AI\",\"url\":\"https:\/\/businessagility.education\/blog\/\",\"logo\":{\"@type\":\"ImageObject\",\"inLanguage\":\"es\",\"@id\":\"https:\/\/businessagility.education\/blog\/#\/schema\/logo\/image\/\",\"url\":\"https:\/\/businessagility.education\/blog\/wp-content\/uploads\/2022\/06\/business-agility-blog-logo.png\",\"contentUrl\":\"https:\/\/businessagility.education\/blog\/wp-content\/uploads\/2022\/06\/business-agility-blog-logo.png\",\"width\":200,\"height\":100,\"caption\":\"Business Agility+AI\"},\"image\":{\"@id\":\"https:\/\/businessagility.education\/blog\/#\/schema\/logo\/image\/\"}}]}<\/script>\n<!-- \/ Yoast SEO plugin. -->","yoast_head_json":{"title":"Business Agility Ireland - Agile HR, Agile Sales & Marketing, Agile Finance","description":"Business Agility Ireland, Agile Sales, Agile HR and Agile Marketing in Ireland Universities. Agility in Business Research and Education in Ireland","robots":{"index":"index","follow":"follow","max-snippet":"max-snippet:-1","max-image-preview":"max-image-preview:large","max-video-preview":"max-video-preview:-1"},"canonical":"https:\/\/businessagility.education\/blog\/es\/business-agility-ireland\/","og_locale":"es_MX","og_type":"article","og_title":"Business Agility Ireland - Agile HR, Agile Sales & Marketing, Agile Finance","og_description":"Business Agility Ireland, Agile Sales, Agile HR and Agile Marketing in Ireland Universities. Agility in Business Research and Education in Ireland","og_url":"https:\/\/businessagility.education\/blog\/es\/business-agility-ireland\/","og_site_name":"Business Agility+AI","article_modified_time":"2022-08-12T17:10:27+00:00","og_image":[{"url":"https:\/\/businessagility.education\/blog\/wp-content\/uploads\/2022\/08\/business-agility-blog-ireland.png","type":"","width":"","height":""}],"twitter_card":"summary_large_image","twitter_misc":{"Tiempo de lectura":"2 minutos"},"schema":{"@context":"https:\/\/schema.org","@graph":[{"@type":"WebPage","@id":"https:\/\/businessagility.education\/blog\/business-agility-ireland\/","url":"https:\/\/businessagility.education\/blog\/business-agility-ireland\/","name":"Business Agility Ireland - Agile HR, Agile Sales & Marketing, Agile Finance","isPartOf":{"@id":"https:\/\/businessagility.education\/blog\/#website"},"primaryImageOfPage":{"@id":"https:\/\/businessagility.education\/blog\/business-agility-ireland\/#primaryimage"},"image":{"@id":"https:\/\/businessagility.education\/blog\/business-agility-ireland\/#primaryimage"},"thumbnailUrl":"https:\/\/businessagility.education\/blog\/wp-content\/uploads\/2022\/08\/business-agility-blog-ireland.png","datePublished":"2022-08-12T17:10:26+00:00","dateModified":"2022-08-12T17:10:27+00:00","description":"Business Agility Ireland, Agile Sales, Agile HR and Agile Marketing in Ireland Universities. Agility in Business Research and Education in Ireland","breadcrumb":{"@id":"https:\/\/businessagility.education\/blog\/business-agility-ireland\/#breadcrumb"},"inLanguage":"es","potentialAction":[{"@type":"ReadAction","target":["https:\/\/businessagility.education\/blog\/business-agility-ireland\/"]}]},{"@type":"ImageObject","inLanguage":"es","@id":"https:\/\/businessagility.education\/blog\/business-agility-ireland\/#primaryimage","url":"https:\/\/businessagility.education\/blog\/wp-content\/uploads\/2022\/08\/business-agility-blog-ireland.png","contentUrl":"https:\/\/businessagility.education\/blog\/wp-content\/uploads\/2022\/08\/business-agility-blog-ireland.png"},{"@type":"BreadcrumbList","@id":"https:\/\/businessagility.education\/blog\/business-agility-ireland\/#breadcrumb","itemListElement":[{"@type":"ListItem","position":1,"name":"Home","item":"https:\/\/businessagility.education\/blog\/"},{"@type":"ListItem","position":2,"name":"Business Agility Ireland"}]},{"@type":"WebSite","@id":"https:\/\/businessagility.education\/blog\/#website","url":"https:\/\/businessagility.education\/blog\/","name":"Business Agility+AI","description":"The Business Agility + Artificial Intelligence Blog","publisher":{"@id":"https:\/\/businessagility.education\/blog\/#organization"},"potentialAction":[{"@type":"SearchAction","target":{"@type":"EntryPoint","urlTemplate":"https:\/\/businessagility.education\/blog\/?s={search_term_string}"},"query-input":{"@type":"PropertyValueSpecification","valueRequired":true,"valueName":"search_term_string"}}],"inLanguage":"es"},{"@type":"Organization","@id":"https:\/\/businessagility.education\/blog\/#organization","name":"Business Agility+AI","url":"https:\/\/businessagility.education\/blog\/","logo":{"@type":"ImageObject","inLanguage":"es","@id":"https:\/\/businessagility.education\/blog\/#\/schema\/logo\/image\/","url":"https:\/\/businessagility.education\/blog\/wp-content\/uploads\/2022\/06\/business-agility-blog-logo.png","contentUrl":"https:\/\/businessagility.education\/blog\/wp-content\/uploads\/2022\/06\/business-agility-blog-logo.png","width":200,"height":100,"caption":"Business Agility+AI"},"image":{"@id":"https:\/\/businessagility.education\/blog\/#\/schema\/logo\/image\/"}}]}},"_links":{"self":[{"href":"https:\/\/businessagility.education\/blog\/es\/wp-json\/wp\/v2\/pages\/134","targetHints":{"allow":["GET"]}}],"collection":[{"href":"https:\/\/businessagility.education\/blog\/es\/wp-json\/wp\/v2\/pages"}],"about":[{"href":"https:\/\/businessagility.education\/blog\/es\/wp-json\/wp\/v2\/types\/page"}],"author":[{"embeddable":true,"href":"https:\/\/businessagility.education\/blog\/es\/wp-json\/wp\/v2\/users\/1"}],"replies":[{"embeddable":true,"href":"https:\/\/businessagility.education\/blog\/es\/wp-json\/wp\/v2\/comments?post=134"}],"version-history":[{"count":1,"href":"https:\/\/businessagility.education\/blog\/es\/wp-json\/wp\/v2\/pages\/134\/revisions"}],"predecessor-version":[{"id":136,"href":"https:\/\/businessagility.education\/blog\/es\/wp-json\/wp\/v2\/pages\/134\/revisions\/136"}],"wp:attachment":[{"href":"https:\/\/businessagility.education\/blog\/es\/wp-json\/wp\/v2\/media?parent=134"}],"curies":[{"name":"wp","href":"https:\/\/api.w.org\/{rel}","templated":true}]}}