{"id":10,"date":"2022-04-15T13:38:35","date_gmt":"2022-04-15T17:38:35","guid":{"rendered":"https:\/\/businessagility.education\/blog\/?page_id=10"},"modified":"2022-04-15T13:43:12","modified_gmt":"2022-04-15T17:43:12","slug":"privacy-policy","status":"publish","type":"page","link":"https:\/\/businessagility.education\/blog\/es\/privacy-policy\/","title":{"rendered":"Pol\u00edtica de privacidad"},"content":{"rendered":"<h2 class=\"wp-block-heading\">Qui\u00e9nes somos<\/h2>\n\n\n\n<p><strong class=\"privacy-policy-tutorial\">Thomas Hormaza Dow<\/strong><\/p>\n\n\n\n<p>https:\/\/businessagility.education\/blog.<\/p>\n\n\n\n<h4 class=\"wp-block-heading\">Tecnolog\u00eda en nuestro sitio web<\/h4>\n\n\n\n<ul class=\"wp-block-list\"><li>HTML, CSS, JavaScript, PHP, SQL<\/li><li>Google Analytics<\/li><li>WordPress<\/li><\/ul>\n\n\n\n<p>Cualquier cosa que vea en nuestro sitio que sugiera que utilizamos cookies se debe \u00fanicamente al funcionamiento de WordPress o de Google Analytics. Nuestro objetivo es proteger cualquier informaci\u00f3n que se comparta con nosotros. Sabemos que podemos cumplir nuestra promesa porque no recopilamos ning\u00fan tipo de informaci\u00f3n personal en ning\u00fan momento. La comunidad est\u00e1 abierta \u00fanicamente a Educadores, Formadores, Investigadores y Clientes que conozcamos, por lo que no podr\u00e1 suscribirse a menos que le conozcamos personalmente y hayamos establecido un contacto con usted, as\u00ed como obtenido su consentimiento para escribir o contribuir en nuestro sitio. Por \u00faltimo, tenga en cuenta que \u00e9ste es un sitio exclusivamente informativo, y que la comunicaci\u00f3n con nuestra comunidad se realiza a trav\u00e9s de nuestra p\u00e1gina web&nbsp;<a rel=\"noreferrer noopener\" href=\"https:\/\/www.linkedin.com\/company\/business-agility-education\/\" target=\"_blank\">P\u00e1gina LinkedIn<\/a><\/p>\n\n\n\n<p>Si tiene alguna duda o pregunta, escr\u00edbanos. Escr\u00edbanos aqu\u00ed:&nbsp;<a href=\"https:\/\/businessagility.education\/blog\/contact\" target=\"_blank\" rel=\"noreferrer noopener\">Contacte con nosotros<\/a><\/p>","protected":false},"excerpt":{"rendered":"<p>Qui\u00e9nes somos Thomas Hormaza Dow https:\/\/businessagility.education\/blog. Tecnolog\u00eda en nuestro sitio HTML, CSS, JavaScript, PHP, SQL Google Analytics WordPress Cualquier cosa que vea en nuestro sitio que sugiera que utilizamos cookies se debe \u00fanicamente al funcionamiento de WordPress o de Google Analytics. Nuestro objetivo es proteger cualquier informaci\u00f3n que se comparta con nosotros. Sabemos que [...]<\/p>","protected":false},"author":1,"featured_media":0,"parent":0,"menu_order":0,"comment_status":"closed","ping_status":"closed","template":"","meta":{"footnotes":""},"class_list":["post-10","page","type-page","status-publish","hentry"],"yoast_head":"<!-- This site is optimized with the Yoast SEO plugin v24.9 - https:\/\/yoast.com\/wordpress\/plugins\/seo\/ -->\n<title>Privacy Policy - Business Agility+AI<\/title>\n<meta name=\"robots\" content=\"index, follow, max-snippet:-1, max-image-preview:large, max-video-preview:-1\" \/>\n<link rel=\"canonical\" href=\"https:\/\/businessagility.education\/blog\/es\/privacy-policy\/\" \/>\n<meta property=\"og:locale\" content=\"es_MX\" \/>\n<meta property=\"og:type\" content=\"article\" \/>\n<meta property=\"og:title\" content=\"Privacy Policy - Business Agility+AI\" \/>\n<meta property=\"og:description\" content=\"Who we are Thomas Hormaza Dow https:\/\/businessagility.education\/blog. Technology on our site HTML, CSS, JavaScript, PHP, SQL Google Analytics WordPress Anything you see on our site that suggests we are using cookies is only due to how WordPress or how Google Analytics operates. Our goal is to protect any information shared with us. We know we [&hellip;]\" \/>\n<meta property=\"og:url\" content=\"https:\/\/businessagility.education\/blog\/es\/privacy-policy\/\" \/>\n<meta property=\"og:site_name\" content=\"Business Agility+AI\" \/>\n<meta property=\"article:modified_time\" content=\"2022-04-15T17:43:12+00:00\" \/>\n<meta name=\"twitter:card\" content=\"summary_large_image\" \/>\n<meta name=\"twitter:label1\" content=\"Tiempo de lectura\" \/>\n\t<meta name=\"twitter:data1\" content=\"1 minuto\" \/>\n<script type=\"application\/ld+json\" class=\"yoast-schema-graph\">{\"@context\":\"https:\/\/schema.org\",\"@graph\":[{\"@type\":\"WebPage\",\"@id\":\"https:\/\/businessagility.education\/blog\/privacy-policy\/\",\"url\":\"https:\/\/businessagility.education\/blog\/privacy-policy\/\",\"name\":\"Privacy Policy - Business Agility+AI\",\"isPartOf\":{\"@id\":\"https:\/\/businessagility.education\/blog\/#website\"},\"datePublished\":\"2022-04-15T17:38:35+00:00\",\"dateModified\":\"2022-04-15T17:43:12+00:00\",\"breadcrumb\":{\"@id\":\"https:\/\/businessagility.education\/blog\/privacy-policy\/#breadcrumb\"},\"inLanguage\":\"es\",\"potentialAction\":[{\"@type\":\"ReadAction\",\"target\":[\"https:\/\/businessagility.education\/blog\/privacy-policy\/\"]}]},{\"@type\":\"BreadcrumbList\",\"@id\":\"https:\/\/businessagility.education\/blog\/privacy-policy\/#breadcrumb\",\"itemListElement\":[{\"@type\":\"ListItem\",\"position\":1,\"name\":\"Home\",\"item\":\"https:\/\/businessagility.education\/blog\/\"},{\"@type\":\"ListItem\",\"position\":2,\"name\":\"Privacy Policy\"}]},{\"@type\":\"WebSite\",\"@id\":\"https:\/\/businessagility.education\/blog\/#website\",\"url\":\"https:\/\/businessagility.education\/blog\/\",\"name\":\"Business Agility+AI\",\"description\":\"The Business Agility + Artificial Intelligence Blog\",\"publisher\":{\"@id\":\"https:\/\/businessagility.education\/blog\/#organization\"},\"potentialAction\":[{\"@type\":\"SearchAction\",\"target\":{\"@type\":\"EntryPoint\",\"urlTemplate\":\"https:\/\/businessagility.education\/blog\/?s={search_term_string}\"},\"query-input\":{\"@type\":\"PropertyValueSpecification\",\"valueRequired\":true,\"valueName\":\"search_term_string\"}}],\"inLanguage\":\"es\"},{\"@type\":\"Organization\",\"@id\":\"https:\/\/businessagility.education\/blog\/#organization\",\"name\":\"Business Agility+AI\",\"url\":\"https:\/\/businessagility.education\/blog\/\",\"logo\":{\"@type\":\"ImageObject\",\"inLanguage\":\"es\",\"@id\":\"https:\/\/businessagility.education\/blog\/#\/schema\/logo\/image\/\",\"url\":\"https:\/\/businessagility.education\/blog\/wp-content\/uploads\/2022\/06\/business-agility-blog-logo.png\",\"contentUrl\":\"https:\/\/businessagility.education\/blog\/wp-content\/uploads\/2022\/06\/business-agility-blog-logo.png\",\"width\":200,\"height\":100,\"caption\":\"Business Agility+AI\"},\"image\":{\"@id\":\"https:\/\/businessagility.education\/blog\/#\/schema\/logo\/image\/\"}}]}<\/script>\n<!-- \/ Yoast SEO plugin. -->","yoast_head_json":{"title":"Privacy Policy - Business Agility+AI","robots":{"index":"index","follow":"follow","max-snippet":"max-snippet:-1","max-image-preview":"max-image-preview:large","max-video-preview":"max-video-preview:-1"},"canonical":"https:\/\/businessagility.education\/blog\/es\/privacy-policy\/","og_locale":"es_MX","og_type":"article","og_title":"Privacy Policy - Business Agility+AI","og_description":"Who we are Thomas Hormaza Dow https:\/\/businessagility.education\/blog. Technology on our site HTML, CSS, JavaScript, PHP, SQL Google Analytics WordPress Anything you see on our site that suggests we are using cookies is only due to how WordPress or how Google Analytics operates. Our goal is to protect any information shared with us. We know we [&hellip;]","og_url":"https:\/\/businessagility.education\/blog\/es\/privacy-policy\/","og_site_name":"Business Agility+AI","article_modified_time":"2022-04-15T17:43:12+00:00","twitter_card":"summary_large_image","twitter_misc":{"Tiempo de lectura":"1 minuto"},"schema":{"@context":"https:\/\/schema.org","@graph":[{"@type":"WebPage","@id":"https:\/\/businessagility.education\/blog\/privacy-policy\/","url":"https:\/\/businessagility.education\/blog\/privacy-policy\/","name":"Privacy Policy - Business Agility+AI","isPartOf":{"@id":"https:\/\/businessagility.education\/blog\/#website"},"datePublished":"2022-04-15T17:38:35+00:00","dateModified":"2022-04-15T17:43:12+00:00","breadcrumb":{"@id":"https:\/\/businessagility.education\/blog\/privacy-policy\/#breadcrumb"},"inLanguage":"es","potentialAction":[{"@type":"ReadAction","target":["https:\/\/businessagility.education\/blog\/privacy-policy\/"]}]},{"@type":"BreadcrumbList","@id":"https:\/\/businessagility.education\/blog\/privacy-policy\/#breadcrumb","itemListElement":[{"@type":"ListItem","position":1,"name":"Home","item":"https:\/\/businessagility.education\/blog\/"},{"@type":"ListItem","position":2,"name":"Privacy Policy"}]},{"@type":"WebSite","@id":"https:\/\/businessagility.education\/blog\/#website","url":"https:\/\/businessagility.education\/blog\/","name":"Business Agility+AI","description":"The Business Agility + Artificial Intelligence Blog","publisher":{"@id":"https:\/\/businessagility.education\/blog\/#organization"},"potentialAction":[{"@type":"SearchAction","target":{"@type":"EntryPoint","urlTemplate":"https:\/\/businessagility.education\/blog\/?s={search_term_string}"},"query-input":{"@type":"PropertyValueSpecification","valueRequired":true,"valueName":"search_term_string"}}],"inLanguage":"es"},{"@type":"Organization","@id":"https:\/\/businessagility.education\/blog\/#organization","name":"Business Agility+AI","url":"https:\/\/businessagility.education\/blog\/","logo":{"@type":"ImageObject","inLanguage":"es","@id":"https:\/\/businessagility.education\/blog\/#\/schema\/logo\/image\/","url":"https:\/\/businessagility.education\/blog\/wp-content\/uploads\/2022\/06\/business-agility-blog-logo.png","contentUrl":"https:\/\/businessagility.education\/blog\/wp-content\/uploads\/2022\/06\/business-agility-blog-logo.png","width":200,"height":100,"caption":"Business Agility+AI"},"image":{"@id":"https:\/\/businessagility.education\/blog\/#\/schema\/logo\/image\/"}}]}},"_links":{"self":[{"href":"https:\/\/businessagility.education\/blog\/es\/wp-json\/wp\/v2\/pages\/10","targetHints":{"allow":["GET"]}}],"collection":[{"href":"https:\/\/businessagility.education\/blog\/es\/wp-json\/wp\/v2\/pages"}],"about":[{"href":"https:\/\/businessagility.education\/blog\/es\/wp-json\/wp\/v2\/types\/page"}],"author":[{"embeddable":true,"href":"https:\/\/businessagility.education\/blog\/es\/wp-json\/wp\/v2\/users\/1"}],"replies":[{"embeddable":true,"href":"https:\/\/businessagility.education\/blog\/es\/wp-json\/wp\/v2\/comments?post=10"}],"version-history":[{"count":2,"href":"https:\/\/businessagility.education\/blog\/es\/wp-json\/wp\/v2\/pages\/10\/revisions"}],"predecessor-version":[{"id":13,"href":"https:\/\/businessagility.education\/blog\/es\/wp-json\/wp\/v2\/pages\/10\/revisions\/13"}],"wp:attachment":[{"href":"https:\/\/businessagility.education\/blog\/es\/wp-json\/wp\/v2\/media?parent=10"}],"curies":[{"name":"wp","href":"https:\/\/api.w.org\/{rel}","templated":true}]}}