{"id":73,"date":"2022-07-11T12:30:08","date_gmt":"2022-07-11T16:30:08","guid":{"rendered":"https:\/\/businessagility.education\/blog\/?page_id=73"},"modified":"2022-08-15T14:19:45","modified_gmt":"2022-08-15T18:19:45","slug":"business-agility","status":"publish","type":"page","link":"https:\/\/businessagility.education\/blog\/cs\/business-agility\/","title":{"rendered":"Obchodn\u00ed agilita: Na ramenou obr\u016f a obry\u0148"},"content":{"rendered":"<p>V\u00edtejte na str\u00e1nk\u00e1ch akademik\u016f v oblasti vzd\u011bl\u00e1v\u00e1n\u00ed a v\u00fdzkumu business agility! Toto je m\u016fj osobn\u00ed blog, jmenuji se Thomas Hormaza Dow. P\u0159esto\u017ee se jmenuje Domov vzd\u011bl\u00e1v\u00e1n\u00ed v oblasti Business Agility, naz\u00fdv\u00e1m tento Blog s otev\u0159en\u00fdm p\u0159ehledem literatury \"Na ramenou obr\u016f\". <strong>a obryn\u011b<\/strong>\", jak m\u011b tento n\u00e1zev napadl po p\u0159e\u010dten\u00ed d\u00edla Roberta K. Mertona a samoz\u0159ejm\u011b p\u0159edmluvy Umberta Eca. Slou\u017e\u00ed mi jako p\u0159ipom\u00ednka a povinnost uv\u011bdomit si, \u017ee \"v\u0161echno d\u016fle\u017eit\u00e9 u\u017e n\u011bkdy \u0159ekl n\u011bkdo, kdo to neobjevil\". - Alfred North Whitehead.<\/p>\n\n\n\n<p class=\"has-text-align-left\"><strong>IntrAgility, InterAgility a ExtrAgility je vzd\u011bl\u00e1vac\u00ed sebereflexe pro business agilitu nad r\u00e1mec agiln\u00edch dovednost\u00ed T-Shapes<\/strong><\/p>\n\n\n\n<h6 class=\"wp-block-heading\">Mal\u00e9 up\u0159esn\u011bn\u00ed mezi M-Skills a <strong><em>\u03c0<\/em><\/strong>-Tvarovan\u00e9 dovednosti<\/h6>\n\n\n\n<p>Rozhodli jsme se za\u0159adit M-Skills m\u00edsto <strong><em>\u03c0<\/em><\/strong> proto\u017ee nen\u00ed <a href=\"https:\/\/www.scientificamerican.com\/article\/let-s-use-tau-it-s-easier-than-pi\/\" target=\"_blank\" rel=\"noreferrer noopener\">t=2\u03c0, \u017ee?<\/a> Nehled\u011b na to, \u017ee <strong><em>\u03c0<\/em><\/strong> nen\u00ed N ani M v \u0159e\u010dtin\u011b, <strong><em>\u03c0<\/em><\/strong> je P! P\u0159em\u00fd\u0161lejte o tom, <strong>P Dovednosti<\/strong> nem\u00e1 stejn\u00fd zvuk, kdy\u017e se na n\u011bj pod\u00edv\u00e1te t\u00edmto zp\u016fsobem, nemysl\u00edte? \ud83d\ude03  <\/p>\n\n\n\n<hr class=\"wp-block-separator has-alpha-channel-opacity\"\/>\n\n\n\n<h4 class=\"wp-block-heading\"><strong>Rozvoj dovednost\u00ed Business Agility je kontinuum - efektivita z\u00e1vis\u00ed na kontextu!<\/strong><\/h4>\n\n\n\n<div class=\"wp-block-media-text alignwide is-stacked-on-mobile is-style-default\"><figure class=\"wp-block-media-text__media\"><img loading=\"lazy\" decoding=\"async\" width=\"600\" height=\"340\" src=\"https:\/\/businessagility.education\/blog\/wp-content\/uploads\/2022\/08\/business-agility-i-shaped-skills.png\" alt=\"business agility personal agility i-shaped skills\" class=\"wp-image-100 size-full\" srcset=\"https:\/\/businessagility.education\/blog\/wp-content\/uploads\/2022\/08\/business-agility-i-shaped-skills.png 600w, https:\/\/businessagility.education\/blog\/wp-content\/uploads\/2022\/08\/business-agility-i-shaped-skills-300x170.png 300w, https:\/\/businessagility.education\/blog\/wp-content\/uploads\/2022\/08\/business-agility-i-shaped-skills-18x10.png 18w\" sizes=\"auto, (max-width: 600px) 100vw, 600px\" \/><\/figure><div class=\"wp-block-media-text__content\">\n<p class=\"has-medium-font-size\">Osobn\u00ed agilita je dovednost ve tvaru \"j\u00e1\", na\u0161e my\u0161len\u00ed, emo\u010dn\u00ed inteligence, mezilidsk\u00e9 dovednosti, introspekce. Agilita tohoto typu se t\u00fdk\u00e1 na\u0161eho zp\u016fsobu pr\u00e1ce, na\u0161ich \u00fakol\u016f, test\u016f a u\u010den\u00ed.<\/p>\n<\/div><\/div>\n\n\n\n<hr class=\"wp-block-separator has-alpha-channel-opacity is-style-wide\"\/>\n\n\n\n<div class=\"wp-block-media-text alignwide has-media-on-the-right is-stacked-on-mobile\"><figure class=\"wp-block-media-text__media\"><img loading=\"lazy\" decoding=\"async\" width=\"600\" height=\"337\" src=\"https:\/\/businessagility.education\/blog\/wp-content\/uploads\/2022\/08\/business-agility-t-shaped-skills.png\" alt=\"business agility intragility t-shaped skills\" class=\"wp-image-101 size-full\" srcset=\"https:\/\/businessagility.education\/blog\/wp-content\/uploads\/2022\/08\/business-agility-t-shaped-skills.png 600w, https:\/\/businessagility.education\/blog\/wp-content\/uploads\/2022\/08\/business-agility-t-shaped-skills-300x169.png 300w, https:\/\/businessagility.education\/blog\/wp-content\/uploads\/2022\/08\/business-agility-t-shaped-skills-18x10.png 18w\" sizes=\"auto, (max-width: 600px) 100vw, 600px\" \/><\/figure><div class=\"wp-block-media-text__content\">\n<h5 class=\"wp-block-heading\" id=\"intragility\">Business IntrAgility<\/h5>\n\n\n\n<p class=\"has-medium-font-size\">IntrAgilita je dovednost ve tvaru \"zevnit\u0159 ven\", kter\u00e1 je \u00fa\u010dinn\u00e1 v odd\u011blen\u00edch (nap\u0159. agiln\u00ed marketing, agiln\u00ed HR, agiln\u00ed finance), ale m\u016f\u017ee b\u00fdt omezena, pokud se uplat\u0148uje pouze v r\u00e1mci jedn\u00e9 d\u00edl\u010d\u00ed funkce.<\/p>\n<\/div><\/div>\n\n\n\n<hr class=\"wp-block-separator has-alpha-channel-opacity is-style-wide\"\/>\n\n\n\n<div class=\"wp-block-media-text alignwide is-stacked-on-mobile\"><figure class=\"wp-block-media-text__media\"><img loading=\"lazy\" decoding=\"async\" width=\"600\" height=\"336\" src=\"https:\/\/businessagility.education\/blog\/wp-content\/uploads\/2022\/08\/business-agility-m-shaped-skills.png\" alt=\"business agility interagility m-shaped skills\" class=\"wp-image-102 size-full\" srcset=\"https:\/\/businessagility.education\/blog\/wp-content\/uploads\/2022\/08\/business-agility-m-shaped-skills.png 600w, https:\/\/businessagility.education\/blog\/wp-content\/uploads\/2022\/08\/business-agility-m-shaped-skills-300x168.png 300w, https:\/\/businessagility.education\/blog\/wp-content\/uploads\/2022\/08\/business-agility-m-shaped-skills-18x10.png 18w\" sizes=\"auto, (max-width: 600px) 100vw, 600px\" \/><\/figure><div class=\"wp-block-media-text__content\">\n<h5 class=\"wp-block-heading\" id=\"interagility\">Business InterAgility<\/h5>\n\n\n\n<p class=\"has-medium-font-size\">InterAgility je dovednost ve tvaru p\u00edsmene M, kter\u00e1 vizu\u00e1ln\u011b popisuje tvar definovan\u00fd obecn\u00fdmi + specializovan\u00fdmi dovednostmi, ale zasahuje do v\u00edce ne\u017e jedn\u00e9 d\u00edl\u010d\u00ed obchodn\u00ed funkce.<\/p>\n<\/div><\/div>\n\n\n\n<hr class=\"wp-block-separator has-alpha-channel-opacity is-style-wide\"\/>\n\n\n\n<div class=\"wp-block-media-text alignwide has-media-on-the-right is-stacked-on-mobile\"><figure class=\"wp-block-media-text__media\"><img loading=\"lazy\" decoding=\"async\" width=\"600\" height=\"337\" src=\"https:\/\/businessagility.education\/blog\/wp-content\/uploads\/2022\/08\/business-agility-phi-shaped-skills.png\" alt=\"business agility extragility (phi) \u03a6-shaped skills\" class=\"wp-image-103 size-full\" srcset=\"https:\/\/businessagility.education\/blog\/wp-content\/uploads\/2022\/08\/business-agility-phi-shaped-skills.png 600w, https:\/\/businessagility.education\/blog\/wp-content\/uploads\/2022\/08\/business-agility-phi-shaped-skills-300x169.png 300w, https:\/\/businessagility.education\/blog\/wp-content\/uploads\/2022\/08\/business-agility-phi-shaped-skills-18x10.png 18w\" sizes=\"auto, (max-width: 600px) 100vw, 600px\" \/><\/figure><div class=\"wp-block-media-text__content\">\n<h5 class=\"wp-block-heading\" id=\"extragility\">Business ExtrAgility<\/h5>\n\n\n\n<p class=\"has-medium-font-size\">ExtrAgility je dovednost ve tvaru (f\u00ed) \u03a6, kter\u00e1 m\u00e1 holistick\u00fd pohled a zahrnuje aspekty spole\u010densk\u00e9 odpov\u011bdnosti firem a c\u00edl\u016f udr\u017eiteln\u00e9ho rozvoje (SDGs).<\/p>\n<\/div><\/div>\n\n\n\n<hr class=\"wp-block-separator has-alpha-channel-opacity is-style-wide\"\/>\n\n\n\n<h4 class=\"wp-block-heading\"><strong>IntrAgility, InterAgility a ExtrAgility<\/strong> Zdroje<\/h4>\n\n\n\n<p>Hormaza Dow, T. (2022, duben). Srovn\u00e1vac\u00ed studie struktury webov\u00fdch str\u00e1nek a n\u00e1vrh intragility, interagility a extragility jako kontextu\u00e1ln\u00edho r\u00e1mce pro veden\u00ed adaptivn\u00ed cesty k agilit\u011b podniku [MBA Project]. Laval University, Faculty of Business Administration (FSA) Quebec, Kanada.<\/p>\n\n\n\n<h4 class=\"wp-block-heading\">Zdroje obr\u00e1zk\u016f<\/h4>\n\n\n\n<p>Obr\u00e1zky zakoupeny a p\u0159evzaty z https:\/\/www.shutterstock.com\/g\/TarikVision<\/p>\n\n\n\n<h4 class=\"wp-block-heading\">St\u00e1hnout <strong>IntrAgility, InterAgility a ExtrAgility<\/strong> Sebereflexe dovednost\u00ed PDF<\/h4>\n\n\n\n<div data-wp-interactive=\"core\/file\" class=\"wp-block-file\"><object data-wp-bind--hidden=\"!state.hasPdfPreview\" hidden class=\"wp-block-file__embed\" data=\"https:\/\/businessagility.education\/blog\/wp-content\/uploads\/2022\/08\/Business-Agility-Skills-MicroSession.pdf\" type=\"application\/pdf\" style=\"width:100%;height:600px\" aria-label=\"Vlo\u017eit z Embed of Business-Agility-Skills-MicroSession..\"><\/object><a id=\"wp-block-file--media-e3dd839e-e03b-4fcf-aec7-d71324134279\" href=\"https:\/\/businessagility.education\/blog\/wp-content\/uploads\/2022\/08\/Business-Agility-Skills-MicroSession.pdf\">Business-Agility-Skills-MicroSession<\/a><a href=\"https:\/\/businessagility.education\/blog\/wp-content\/uploads\/2022\/08\/Business-Agility-Skills-MicroSession.pdf\" class=\"wp-block-file__button\" download aria-describedby=\"wp-block-file--media-e3dd839e-e03b-4fcf-aec7-d71324134279\">St\u00e1hnout<\/a><\/div>","protected":false},"excerpt":{"rendered":"<p>V\u00edtejte na str\u00e1nk\u00e1ch akademik\u016f v oblasti vzd\u011bl\u00e1v\u00e1n\u00ed a v\u00fdzkumu business agility! Toto je m\u016fj osobn\u00ed blog, jmenuji se Thomas Hormaza Dow. P\u0159esto\u017ee se jmenuje Domov vzd\u011bl\u00e1v\u00e1n\u00ed v oblasti Business Agility, naz\u00fdv\u00e1m tento Blog s otev\u0159en\u00fdm p\u0159ehledem literatury \"Na ramenou obr\u016f a obry\u0148\", proto\u017ee m\u011b tento n\u00e1zev napadl [...]<\/p>","protected":false},"author":1,"featured_media":97,"parent":0,"menu_order":0,"comment_status":"closed","ping_status":"closed","template":"","meta":{"footnotes":""},"class_list":["post-73","page","type-page","status-publish","has-post-thumbnail","hentry"],"yoast_head":"<!-- This site is optimized with the Yoast SEO plugin v24.9 - https:\/\/yoast.com\/wordpress\/plugins\/seo\/ -->\n<title>Business Agility: On the Shoulders of Giants and Giantesses - Business Agility+AI<\/title>\n<meta name=\"robots\" content=\"index, follow, max-snippet:-1, max-image-preview:large, max-video-preview:-1\" \/>\n<link rel=\"canonical\" href=\"https:\/\/businessagility.education\/blog\/cs\/business-agility\/\" \/>\n<meta property=\"og:locale\" content=\"cs_CZ\" \/>\n<meta property=\"og:type\" content=\"article\" \/>\n<meta property=\"og:title\" content=\"Business Agility: On the Shoulders of Giants and Giantesses - Business Agility+AI\" \/>\n<meta property=\"og:description\" content=\"Welcome to the Home of Academics in Business Agility Education and Research! This is my personal Blog, my name is Thomas Hormaza Dow. Although the name of this is the Home of Business Agility Education, I call this open literature review Blog \u201cOn the Shoulders of Giants and Giantesses\u201d as that title came to me [&hellip;]\" \/>\n<meta property=\"og:url\" content=\"https:\/\/businessagility.education\/blog\/cs\/business-agility\/\" \/>\n<meta property=\"og:site_name\" content=\"Business Agility+AI\" \/>\n<meta property=\"article:modified_time\" content=\"2022-08-15T18:19:45+00:00\" \/>\n<meta property=\"og:image\" content=\"https:\/\/businessagility.education\/blog\/wp-content\/uploads\/2022\/08\/business-agility-skill-development.jpg\" \/>\n\t<meta property=\"og:image:width\" content=\"1543\" \/>\n\t<meta property=\"og:image:height\" content=\"877\" \/>\n\t<meta property=\"og:image:type\" content=\"image\/jpeg\" \/>\n<meta name=\"twitter:card\" content=\"summary_large_image\" \/>\n<meta name=\"twitter:label1\" content=\"Odhadovan\u00e1 doba \u010dten\u00ed\" \/>\n\t<meta name=\"twitter:data1\" content=\"3 minuty\" \/>\n<script type=\"application\/ld+json\" class=\"yoast-schema-graph\">{\"@context\":\"https:\/\/schema.org\",\"@graph\":[{\"@type\":\"WebPage\",\"@id\":\"https:\/\/businessagility.education\/blog\/business-agility\/\",\"url\":\"https:\/\/businessagility.education\/blog\/business-agility\/\",\"name\":\"Business Agility: On the Shoulders of Giants and Giantesses - Business Agility+AI\",\"isPartOf\":{\"@id\":\"https:\/\/businessagility.education\/blog\/#website\"},\"primaryImageOfPage\":{\"@id\":\"https:\/\/businessagility.education\/blog\/business-agility\/#primaryimage\"},\"image\":{\"@id\":\"https:\/\/businessagility.education\/blog\/business-agility\/#primaryimage\"},\"thumbnailUrl\":\"https:\/\/businessagility.education\/blog\/wp-content\/uploads\/2022\/08\/business-agility-skill-development.jpg\",\"datePublished\":\"2022-07-11T16:30:08+00:00\",\"dateModified\":\"2022-08-15T18:19:45+00:00\",\"breadcrumb\":{\"@id\":\"https:\/\/businessagility.education\/blog\/business-agility\/#breadcrumb\"},\"inLanguage\":\"cs\",\"potentialAction\":[{\"@type\":\"ReadAction\",\"target\":[\"https:\/\/businessagility.education\/blog\/business-agility\/\"]}]},{\"@type\":\"ImageObject\",\"inLanguage\":\"cs\",\"@id\":\"https:\/\/businessagility.education\/blog\/business-agility\/#primaryimage\",\"url\":\"https:\/\/businessagility.education\/blog\/wp-content\/uploads\/2022\/08\/business-agility-skill-development.jpg\",\"contentUrl\":\"https:\/\/businessagility.education\/blog\/wp-content\/uploads\/2022\/08\/business-agility-skill-development.jpg\",\"width\":1543,\"height\":877,\"caption\":\"business agility skill development\"},{\"@type\":\"BreadcrumbList\",\"@id\":\"https:\/\/businessagility.education\/blog\/business-agility\/#breadcrumb\",\"itemListElement\":[{\"@type\":\"ListItem\",\"position\":1,\"name\":\"Home\",\"item\":\"https:\/\/businessagility.education\/blog\/\"},{\"@type\":\"ListItem\",\"position\":2,\"name\":\"Business Agility: On the Shoulders of Giants and Giantesses\"}]},{\"@type\":\"WebSite\",\"@id\":\"https:\/\/businessagility.education\/blog\/#website\",\"url\":\"https:\/\/businessagility.education\/blog\/\",\"name\":\"Business Agility+AI\",\"description\":\"The Business Agility + Artificial Intelligence Blog\",\"publisher\":{\"@id\":\"https:\/\/businessagility.education\/blog\/#organization\"},\"potentialAction\":[{\"@type\":\"SearchAction\",\"target\":{\"@type\":\"EntryPoint\",\"urlTemplate\":\"https:\/\/businessagility.education\/blog\/?s={search_term_string}\"},\"query-input\":{\"@type\":\"PropertyValueSpecification\",\"valueRequired\":true,\"valueName\":\"search_term_string\"}}],\"inLanguage\":\"cs\"},{\"@type\":\"Organization\",\"@id\":\"https:\/\/businessagility.education\/blog\/#organization\",\"name\":\"Business Agility+AI\",\"url\":\"https:\/\/businessagility.education\/blog\/\",\"logo\":{\"@type\":\"ImageObject\",\"inLanguage\":\"cs\",\"@id\":\"https:\/\/businessagility.education\/blog\/#\/schema\/logo\/image\/\",\"url\":\"https:\/\/businessagility.education\/blog\/wp-content\/uploads\/2022\/06\/business-agility-blog-logo.png\",\"contentUrl\":\"https:\/\/businessagility.education\/blog\/wp-content\/uploads\/2022\/06\/business-agility-blog-logo.png\",\"width\":200,\"height\":100,\"caption\":\"Business Agility+AI\"},\"image\":{\"@id\":\"https:\/\/businessagility.education\/blog\/#\/schema\/logo\/image\/\"}}]}<\/script>\n<!-- \/ Yoast SEO plugin. -->","yoast_head_json":{"title":"Business Agility: On the Shoulders of Giants and Giantesses - Business Agility+AI","robots":{"index":"index","follow":"follow","max-snippet":"max-snippet:-1","max-image-preview":"max-image-preview:large","max-video-preview":"max-video-preview:-1"},"canonical":"https:\/\/businessagility.education\/blog\/cs\/business-agility\/","og_locale":"cs_CZ","og_type":"article","og_title":"Business Agility: On the Shoulders of Giants and Giantesses - Business Agility+AI","og_description":"Welcome to the Home of Academics in Business Agility Education and Research! This is my personal Blog, my name is Thomas Hormaza Dow. Although the name of this is the Home of Business Agility Education, I call this open literature review Blog \u201cOn the Shoulders of Giants and Giantesses\u201d as that title came to me [&hellip;]","og_url":"https:\/\/businessagility.education\/blog\/cs\/business-agility\/","og_site_name":"Business Agility+AI","article_modified_time":"2022-08-15T18:19:45+00:00","og_image":[{"width":1543,"height":877,"url":"https:\/\/businessagility.education\/blog\/wp-content\/uploads\/2022\/08\/business-agility-skill-development.jpg","type":"image\/jpeg"}],"twitter_card":"summary_large_image","twitter_misc":{"Odhadovan\u00e1 doba \u010dten\u00ed":"3 minuty"},"schema":{"@context":"https:\/\/schema.org","@graph":[{"@type":"WebPage","@id":"https:\/\/businessagility.education\/blog\/business-agility\/","url":"https:\/\/businessagility.education\/blog\/business-agility\/","name":"Business Agility: On the Shoulders of Giants and Giantesses - Business Agility+AI","isPartOf":{"@id":"https:\/\/businessagility.education\/blog\/#website"},"primaryImageOfPage":{"@id":"https:\/\/businessagility.education\/blog\/business-agility\/#primaryimage"},"image":{"@id":"https:\/\/businessagility.education\/blog\/business-agility\/#primaryimage"},"thumbnailUrl":"https:\/\/businessagility.education\/blog\/wp-content\/uploads\/2022\/08\/business-agility-skill-development.jpg","datePublished":"2022-07-11T16:30:08+00:00","dateModified":"2022-08-15T18:19:45+00:00","breadcrumb":{"@id":"https:\/\/businessagility.education\/blog\/business-agility\/#breadcrumb"},"inLanguage":"cs","potentialAction":[{"@type":"ReadAction","target":["https:\/\/businessagility.education\/blog\/business-agility\/"]}]},{"@type":"ImageObject","inLanguage":"cs","@id":"https:\/\/businessagility.education\/blog\/business-agility\/#primaryimage","url":"https:\/\/businessagility.education\/blog\/wp-content\/uploads\/2022\/08\/business-agility-skill-development.jpg","contentUrl":"https:\/\/businessagility.education\/blog\/wp-content\/uploads\/2022\/08\/business-agility-skill-development.jpg","width":1543,"height":877,"caption":"business agility skill development"},{"@type":"BreadcrumbList","@id":"https:\/\/businessagility.education\/blog\/business-agility\/#breadcrumb","itemListElement":[{"@type":"ListItem","position":1,"name":"Home","item":"https:\/\/businessagility.education\/blog\/"},{"@type":"ListItem","position":2,"name":"Business Agility: On the Shoulders of Giants and Giantesses"}]},{"@type":"WebSite","@id":"https:\/\/businessagility.education\/blog\/#website","url":"https:\/\/businessagility.education\/blog\/","name":"Business Agility+AI","description":"The Business Agility + Artificial Intelligence Blog","publisher":{"@id":"https:\/\/businessagility.education\/blog\/#organization"},"potentialAction":[{"@type":"SearchAction","target":{"@type":"EntryPoint","urlTemplate":"https:\/\/businessagility.education\/blog\/?s={search_term_string}"},"query-input":{"@type":"PropertyValueSpecification","valueRequired":true,"valueName":"search_term_string"}}],"inLanguage":"cs"},{"@type":"Organization","@id":"https:\/\/businessagility.education\/blog\/#organization","name":"Business Agility+AI","url":"https:\/\/businessagility.education\/blog\/","logo":{"@type":"ImageObject","inLanguage":"cs","@id":"https:\/\/businessagility.education\/blog\/#\/schema\/logo\/image\/","url":"https:\/\/businessagility.education\/blog\/wp-content\/uploads\/2022\/06\/business-agility-blog-logo.png","contentUrl":"https:\/\/businessagility.education\/blog\/wp-content\/uploads\/2022\/06\/business-agility-blog-logo.png","width":200,"height":100,"caption":"Business Agility+AI"},"image":{"@id":"https:\/\/businessagility.education\/blog\/#\/schema\/logo\/image\/"}}]}},"_links":{"self":[{"href":"https:\/\/businessagility.education\/blog\/cs\/wp-json\/wp\/v2\/pages\/73","targetHints":{"allow":["GET"]}}],"collection":[{"href":"https:\/\/businessagility.education\/blog\/cs\/wp-json\/wp\/v2\/pages"}],"about":[{"href":"https:\/\/businessagility.education\/blog\/cs\/wp-json\/wp\/v2\/types\/page"}],"author":[{"embeddable":true,"href":"https:\/\/businessagility.education\/blog\/cs\/wp-json\/wp\/v2\/users\/1"}],"replies":[{"embeddable":true,"href":"https:\/\/businessagility.education\/blog\/cs\/wp-json\/wp\/v2\/comments?post=73"}],"version-history":[{"count":15,"href":"https:\/\/businessagility.education\/blog\/cs\/wp-json\/wp\/v2\/pages\/73\/revisions"}],"predecessor-version":[{"id":194,"href":"https:\/\/businessagility.education\/blog\/cs\/wp-json\/wp\/v2\/pages\/73\/revisions\/194"}],"wp:featuredmedia":[{"embeddable":true,"href":"https:\/\/businessagility.education\/blog\/cs\/wp-json\/wp\/v2\/media\/97"}],"wp:attachment":[{"href":"https:\/\/businessagility.education\/blog\/cs\/wp-json\/wp\/v2\/media?parent=73"}],"curies":[{"name":"wp","href":"https:\/\/api.w.org\/{rel}","templated":true}]}}