{"id":555,"date":"2025-04-13T15:28:58","date_gmt":"2025-04-13T19:28:58","guid":{"rendered":"https:\/\/businessagility.education\/blog\/?page_id=555"},"modified":"2025-04-18T12:27:21","modified_gmt":"2025-04-18T16:27:21","slug":"ai-for-sales-executives","status":"publish","type":"page","link":"https:\/\/businessagility.education\/blog\/cs\/ai-for-sales-executives\/","title":{"rendered":"AI pro vedouc\u00ed pracovn\u00edky prodeje"},"content":{"rendered":"<p><\/p>\n\n\n\n<h3 class=\"wp-block-heading\">Kompletn\u00ed \u0161estim\u011bs\u00ed\u010dn\u00ed pl\u00e1n pro vedouc\u00ed pracovn\u00edky v oblasti prodeje<\/h3>\n\n\n\n<p>Tento komplexn\u00ed \u0161estim\u011bs\u00ed\u010dn\u00ed vzd\u011bl\u00e1vac\u00ed pl\u00e1n je navr\u017een tak, aby pomohl vedouc\u00edm pracovn\u00edk\u016fm prodeje s jistotou integrovat um\u011blou inteligenci (AI) do jejich pracovn\u00edch postup\u016f a dlouhodob\u00fdch strategi\u00ed prodeje. Kombinuje praktick\u00e9 n\u00e1stroje, z\u00e1sadn\u00ed kurzy, etick\u00e9 poznatky a agiln\u00ed r\u00e1mce, aby zm\u011bnil zp\u016fsob, jak\u00fdm vedouc\u00ed pracovn\u00edci prodeje p\u0159em\u00fd\u0161lej\u00ed, pracuj\u00ed a vedou.<\/p>\n\n\n\n<p><\/p>\n\n\n\n<figure class=\"wp-block-embed is-type-video is-provider-youtube wp-block-embed-youtube wp-embed-aspect-16-9 wp-has-aspect-ratio\"><div class=\"wp-block-embed__wrapper\">\n<iframe loading=\"lazy\" title=\"AI pro vedouc\u00ed pracovn\u00edky v oblasti prodeje Kone\u010dn\u00fd \u0161estim\u011bs\u00ed\u010dn\u00ed pl\u00e1n pro vedouc\u00ed pracovn\u00edky v oblasti prodeje\" width=\"580\" height=\"326\" src=\"https:\/\/www.youtube.com\/embed\/nPNX4Stizl0?feature=oembed\" frameborder=\"0\" allow=\"accelerometer; autoplay; clipboard-write; encrypted-media; gyroscope; picture-in-picture; web-share\" referrerpolicy=\"strict-origin-when-cross-origin\" allowfullscreen><\/iframe>\n<\/div><\/figure>\n\n\n\n<p><\/p>\n\n\n\n<hr class=\"wp-block-separator has-alpha-channel-opacity\"\/>\n\n\n\n<h2 class=\"wp-block-heading\">M\u011bs\u00edc 1: Nejprve vyzkou\u0161ejte um\u011blou inteligenci<\/h2>\n\n\n\n<p><strong>C\u00edl<\/strong>: Z\u00edskejte zv\u011bdavost a d\u016fv\u011bru experimentov\u00e1n\u00edm s n\u00e1stroji um\u011bl\u00e9 inteligence.<\/p>\n\n\n\n<p><strong>Pro\u010d na tom z\u00e1le\u017e\u00ed<\/strong>: Zku\u0161enosti s um\u011blou inteligenc\u00ed na vlastn\u00ed k\u016f\u017ei prost\u0159ednictv\u00edm praktick\u00fdch \u00fakol\u016f zvy\u0161uj\u00ed anga\u017eovanost a vytv\u00e1\u0159ej\u00ed motiva\u010dn\u00ed z\u00e1klad pro hlub\u0161\u00ed u\u010den\u00ed.<\/p>\n\n\n\n<p><strong>N\u00e1stroje a kurzy:<\/strong><\/p>\n\n\n\n<ul class=\"wp-block-list\">\n<li>ChatGPT: <a>https:\/\/chat.openai.com\/<\/a><\/li>\n\n\n\n<li>OpenAI Academy: <a>https:\/\/academy.openai.com\/<\/a> <\/li>\n<\/ul>\n\n\n\n<p><strong>Kl\u00ed\u010dov\u00e9 \u010dinnosti:<\/strong><\/p>\n\n\n\n<ul class=\"wp-block-list\">\n<li>Vytv\u00e1\u0159ejte prodejn\u00ed e-maily, n\u00e1vrhy a odpov\u011bdi pomoc\u00ed aplikace ChatGPT.<\/li>\n\n\n\n<li>Zamyslete se nad t\u00edm, jak by um\u011bl\u00e1 inteligence mohla zlep\u0161it va\u0161i ka\u017edodenn\u00ed pr\u00e1ci.<\/li>\n<\/ul>\n\n\n\n<p><strong>Doporu\u010den\u00e1 \u010detba:<\/strong><\/p>\n\n\n\n<ul class=\"wp-block-list\">\n<li><strong>Kapitola 1: \u00davod do agiln\u00edho prodeje a prodeje s pomoc\u00ed um\u011bl\u00e9 inteligence<\/strong><br><a>https:\/\/businessagility.education\/blog\/agile-sales-ai-selling-chapter1\/<\/a><\/li>\n<\/ul>\n\n\n\n<p><em>P\u0159edstavuje strategickou integraci agiln\u00edch a<\/em><\/p>\n\n\n\n<ul class=\"wp-block-list\">\n<li><strong>Kapitola 2: Krom\u011b \"v\u017edy zav\u00edrat\" a \"opl\u00e1chnout a opakovat\"<\/strong><br><a href=\"https:\/\/businessagility.education\/blog\/agile-sales-ai-selling-chapter2\/\">https:\/\/businessagility.education\/blog\/agile-sales-ai-selling-chapter2\/<\/a><\/li>\n<\/ul>\n\n\n\n<p><em>P\u0159edstavuje d\u016fvody pro modernizaci prodejn\u00edch postup\u016f pomoc\u00ed agiln\u00edch metod a um\u011bl\u00e9 inteligence. Vysv\u011btluje, pro\u010d tradi\u010dn\u00ed prodej pot\u0159ebuje modernizaci, a p\u0159ipravuje tak p\u016fdu pro p\u0159ijet\u00ed AI.<\/em><\/p>\n\n\n\n<hr class=\"wp-block-separator has-alpha-channel-opacity\"\/>\n\n\n\n<h2 class=\"wp-block-heading\">M\u011bs\u00edc 2: Nau\u010dte se z\u00e1klady um\u011bl\u00e9 inteligence<\/h2>\n\n\n\n<p><strong>C\u00edl<\/strong>: Porozum\u011bt z\u00e1kladn\u00edm pojm\u016fm a terminologii um\u011bl\u00e9 inteligence.<\/p>\n\n\n\n<p><strong>Pro\u010d na tom z\u00e1le\u017e\u00ed<\/strong>: Pochopen\u00ed z\u00e1kladn\u00edch koncept\u016f um\u011bl\u00e9 inteligence pom\u00e1h\u00e1 vedouc\u00edm pracovn\u00edk\u016fm prodeje p\u0159ij\u00edmat informovan\u00e1 rozhodnut\u00ed, komunikovat s dodavateli a \u0159\u00eddit osvojen\u00ed t\u00fdm\u016f.<\/p>\n\n\n\n<p><strong>Kurzy:<\/strong><\/p>\n\n\n\n<ul class=\"wp-block-list\">\n<li>AI pro ka\u017ed\u00e9ho - Coursera (Andrew Ng):<br><a>https:\/\/www.coursera.org\/learn\/ai-for-everyone<\/a><\/li>\n\n\n\n<li>Prvky um\u011bl\u00e9 inteligence - University of Helsinki &amp; Reaktor:<br><a>https:\/\/www.elementsofai.com\/<\/a><\/li>\n\n\n\n<li>\u00davod do um\u011bl\u00e9 inteligence Google - Rosteme se spole\u010dnost\u00ed Google:<br><a>https:\/\/grow.google\/ai\/<\/a><\/li>\n<\/ul>\n\n\n\n<p><strong>Kl\u00ed\u010dov\u00e1 t\u00e9mata:<\/strong><\/p>\n\n\n\n<ul class=\"wp-block-list\">\n<li>Strojov\u00e9 u\u010den\u00ed, hlubok\u00e9 u\u010den\u00ed, NLP, neuronov\u00e9 s\u00edt\u011b, datov\u00e1 v\u011bda.<\/li>\n<\/ul>\n\n\n\n<p><strong>Doporu\u010den\u00e1 \u010detba:<\/strong><\/p>\n\n\n\n<ul class=\"wp-block-list\">\n<li><strong>Kapitola 6: Spojen\u00ed agiln\u00edho prodeje s podporou \u0159\u00edzenou um\u011blou inteligenc\u00ed<\/strong><br><a>https:\/\/businessagility.education\/blog\/agile-sales-ai-selling-chapter6\/<\/a><\/li>\n<\/ul>\n\n\n\n<p><em>Vysv\u011btluje, jak m\u016f\u017ee um\u011bl\u00e1 inteligence zlep\u0161it strategie podpory prodeje, onboarding a pracovn\u00ed postupy s obsahem. P\u0159eklenuje mezeru mezi AI a rozvojem prodejn\u00edch t\u00fdm\u016f.<\/em><\/p>\n\n\n\n<hr class=\"wp-block-separator has-alpha-channel-opacity\"\/>\n\n\n\n<h2 class=\"wp-block-heading\">M\u011bs\u00edc 3: Vyu\u017eit\u00ed AI v prodeji<\/h2>\n\n\n\n<p><strong>C\u00edl<\/strong>: Pou\u017eijte n\u00e1stroje um\u011bl\u00e9 inteligence k optimalizaci generov\u00e1n\u00ed kontakt\u016f, CRM a oslovov\u00e1n\u00ed.<\/p>\n\n\n\n<p><strong>Pro\u010d na tom z\u00e1le\u017e\u00ed<\/strong>: Prokazuje m\u011b\u0159itelnou hodnotu za\u010dlen\u011bn\u00edm um\u011bl\u00e9 inteligence do st\u00e1vaj\u00edc\u00edch prodejn\u00edch proces\u016f.<\/p>\n\n\n\n<p><strong>Kurzy a n\u00e1stroje:<\/strong><\/p>\n\n\n\n<ul class=\"wp-block-list\">\n<li>Z\u00e1klady um\u011bl\u00e9 inteligence pro prodejce - LinkedIn Learning:<br><a>https:\/\/www.linkedin.com\/learning\/paths\/ai-essentials-for-sales-professionals<\/a><\/li>\n\n\n\n<li>N\u00e1stroje HubSpot s um\u011blou inteligenc\u00ed pro prodej:<br><a>https:\/\/www.hubspot.com\/products\/sales\/ai<\/a><\/li>\n\n\n\n<li>Salesforce Einstein AI:<br><a>https:\/\/www.salesforce.com\/products\/einstein\/overview\/<\/a><\/li>\n\n\n\n<li>Gong.io:<br><a>https:\/\/www.gong.io\/<\/a><\/li>\n<\/ul>\n\n\n\n<p><strong>Kl\u00ed\u010dov\u00e9 \u010dinnosti:<\/strong><\/p>\n\n\n\n<ul class=\"wp-block-list\">\n<li>Automatizujte hodnocen\u00ed potenci\u00e1ln\u00edch z\u00e1kazn\u00edk\u016f, n\u00e1sledn\u00e9 e-maily a p\u0159ehledy o potrub\u00ed.<\/li>\n<\/ul>\n\n\n\n<p><strong>Doporu\u010den\u00e1 \u010detba:<\/strong><\/p>\n\n\n\n<ul class=\"wp-block-list\">\n<li><strong>Kapitola 8: Spektrum prodejn\u00edch profes\u00ed s vylep\u0161en\u00edm agiln\u00edho prodeje a prodeje s podporou um\u011bl\u00e9 inteligence<\/strong><br><a>https:\/\/businessagility.education\/blog\/agile-sales-ai-selling-chapter8\/<\/a><\/li>\n<\/ul>\n\n\n\n<p><em>Mapuje, jak n\u00e1stroje AI zlep\u0161uj\u00ed konkr\u00e9tn\u00ed prodejn\u00ed role, a pom\u00e1h\u00e1 student\u016fm p\u0159izp\u016fsobit implementaci AI.<\/em><\/p>\n\n\n\n<hr class=\"wp-block-separator has-alpha-channel-opacity\"\/>\n\n\n\n<h2 class=\"wp-block-heading\">M\u011bs\u00edc 4: Mistrovstv\u00ed v promptingu<\/h2>\n\n\n\n<p><strong>C\u00edl<\/strong>: Rozv\u00edjejte dovednosti pro efektivn\u011bj\u0161\u00ed interakci s um\u011blou inteligenc\u00ed pomoc\u00ed pohotov\u00e9ho in\u017een\u00fdrstv\u00ed.<\/p>\n\n\n\n<p><strong>Pro\u010d na tom z\u00e1le\u017e\u00ed<\/strong>: Dob\u0159e strukturovan\u00e9 v\u00fdzvy vedou k lep\u0161\u00edm v\u00fdstup\u016fm UI, zvy\u0161uj\u00ed konzistenci a omezuj\u00ed chybnou komunikaci.<\/p>\n\n\n\n<p><strong>Kurz:<\/strong><\/p>\n\n\n\n<ul class=\"wp-block-list\">\n<li>Prompt Engineering for ChatGPT - Coursera:<br><a>https:\/\/www.coursera.org\/learn\/prompt-engineering<\/a><\/li>\n<\/ul>\n\n\n\n<p><strong>Kl\u00ed\u010dov\u00e9 \u010dinnosti:<\/strong><\/p>\n\n\n\n<ul class=\"wp-block-list\">\n<li>Vytvo\u0159te si osobn\u00ed knihovnu podn\u011bt\u016f: vy\u0159izov\u00e1n\u00ed n\u00e1mitek, psan\u00ed e-mail\u016f, zji\u0161\u0165ovac\u00ed ot\u00e1zky.<\/li>\n<\/ul>\n\n\n\n<p><strong>Doporu\u010den\u00e1 \u010detba:<\/strong><\/p>\n\n\n\n<ul class=\"wp-block-list\">\n<li><strong>Kapitola 9: Agiln\u00ed dokonalost v prodeji: Kapitola 9: Integrace Scrumu a Kanbanu<\/strong><br><a>https:\/\/businessagility.education\/blog\/agile-sales-ai-selling-chapter9\/<\/a><\/li>\n<\/ul>\n\n\n\n<p><em>Propojen\u00ed agiln\u00edch r\u00e1mc\u016f s iterativn\u00edmi interakcemi s um\u011blou inteligenc\u00ed. Podporuje strukturovan\u00e9 experimentov\u00e1n\u00ed a smy\u010dky zp\u011btn\u00e9 vazby.<\/em><\/p>\n\n\n\n<hr class=\"wp-block-separator has-alpha-channel-opacity\"\/>\n\n\n\n<h2 class=\"wp-block-heading\">M\u011bs\u00edc 5: Nau\u010dte se zodpov\u011bdnou um\u011blou inteligenci<\/h2>\n\n\n\n<p><strong>C\u00edl<\/strong>: Pochopte, jak pou\u017e\u00edvat um\u011blou inteligenci eticky a zodpov\u011bdn\u011b v interakc\u00edch se z\u00e1kazn\u00edky.<\/p>\n\n\n\n<p><strong>Pro\u010d na tom z\u00e1le\u017e\u00ed<\/strong>: Budov\u00e1n\u00ed d\u016fv\u011bry prost\u0159ednictv\u00edm etick\u00e9ho pou\u017e\u00edv\u00e1n\u00ed UI je z\u00e1sadn\u00ed pro dobrou pov\u011bst, dodr\u017eov\u00e1n\u00ed p\u0159edpis\u016f a dlouhodob\u00fd \u00fasp\u011bch.<\/p>\n\n\n\n<p><strong>Kurzy a zdroje:<\/strong><\/p>\n\n\n\n<ul class=\"wp-block-list\">\n<li>Zodpov\u011bdn\u00e1 um\u011bl\u00e1 inteligence - Google:<br><a>https:\/\/grow.google\/ai\/<\/a><\/li>\n\n\n\n<li>Um\u011bl\u00e1 inteligence v etice prodeje - pr\u016fvodce Salesforce:<br><a>https:\/\/www.salesforce.com\/resources\/articles\/ai-in-sales\/<\/a><\/li>\n\n\n\n<li>Etick\u00e9 z\u00e1sady OECD v oblasti um\u011bl\u00e9 inteligence:<br><a>https:\/\/www.oecd.org\/going-digital\/ai\/principles\/<\/a><\/li>\n<\/ul>\n\n\n\n<p><strong>Kl\u00ed\u010dov\u00e1 t\u00e9mata:<\/strong><\/p>\n\n\n\n<ul class=\"wp-block-list\">\n<li>Halucinace um\u011bl\u00e9 inteligence, algoritmick\u00e1 zaujatost, ochrana osobn\u00edch \u00fadaj\u016f, d\u016fv\u011bra z\u00e1kazn\u00edk\u016f.<\/li>\n<\/ul>\n\n\n\n<p><strong>Doporu\u010den\u00e1 \u010detba:<\/strong><\/p>\n\n\n\n<ul class=\"wp-block-list\">\n<li><strong>Kapitola 3: Orientace na z\u00e1kazn\u00edka jako z\u00e1kladn\u00ed k\u00e1men agiln\u00edho prodeje a prodeje s pomoc\u00ed um\u011bl\u00e9 inteligence<\/strong><br><a>https:\/\/businessagility.education\/blog\/agile-sales-ai-selling-chapter3\/<\/a><\/li>\n<\/ul>\n\n\n\n<p><em>Vysv\u011btluje, jak je z\u00e1kaznick\u00e9 my\u0161len\u00ed z\u00e1kladem etick\u00fdch postup\u016f v oblasti um\u011bl\u00e9 inteligence.<\/em><\/p>\n\n\n\n<ul class=\"wp-block-list\">\n<li><strong>Kapitola 4: Komplementarita \u010dlov\u011bka a um\u011bl\u00e9 inteligence v prodeji<\/strong><br><a>https:\/\/businessagility.education\/blog\/agile-sales-ai-selling-chapter4\/<\/a><\/li>\n<\/ul>\n\n\n\n<p><em>R\u00e1mcuje etick\u00e9 vyu\u017eit\u00ed um\u011bl\u00e9 inteligence jako s\u00edlu pro spolupr\u00e1ci, kter\u00e1 dopl\u0148uje, nikoli nahrazuje lidsk\u00e9 prodejn\u00ed \u00fasil\u00ed.<\/em><\/p>\n\n\n\n<hr class=\"wp-block-separator has-alpha-channel-opacity\"\/>\n\n\n\n<h2 class=\"wp-block-heading\">M\u011bs\u00edc 6: Vytvo\u0159en\u00ed strategie prodeje um\u011bl\u00e9 inteligence<\/h2>\n\n\n\n<p><strong>C\u00edl<\/strong>: Navrhn\u011bte a ve\u010fte dlouhodob\u00fd pl\u00e1n zav\u00e1d\u011bn\u00ed um\u011bl\u00e9 inteligence ve sv\u00e9m t\u00fdmu.<\/p>\n\n\n\n<p><strong>Pro\u010d na tom z\u00e1le\u017e\u00ed<\/strong>: Strategick\u00e9 slad\u011bn\u00ed zaji\u0161\u0165uje udr\u017eitelnou hodnotu, hlad\u0161\u00ed \u0159\u00edzen\u00ed zm\u011bn a \u0161k\u00e1lovateln\u00e9 v\u00fdsledky.<\/p>\n\n\n\n<p><strong>Kurz:<\/strong><\/p>\n\n\n\n<ul class=\"wp-block-list\">\n<li>AI pro vedouc\u00ed pracovn\u00edky firem - edX:<br><a>https:\/\/www.edx.org\/course\/ai-for-business-leaders<\/a><\/li>\n<\/ul>\n\n\n\n<p><strong>Kl\u00ed\u010dov\u00e9 \u010dinnosti:<\/strong><\/p>\n\n\n\n<ul class=\"wp-block-list\">\n<li>Sestavte pl\u00e1n AI sv\u00e9ho t\u00fdmu.<\/li>\n\n\n\n<li>Identifikujte kl\u00ed\u010dov\u00e9 ukazatele v\u00fdkonnosti: konverze potenci\u00e1ln\u00edch z\u00e1kazn\u00edk\u016f, doba prodejn\u00edho cyklu, spokojenost z\u00e1kazn\u00edk\u016f.<\/li>\n\n\n\n<li>Napl\u00e1nujte \u0161kolen\u00ed t\u00fdmu a pilotn\u00ed f\u00e1ze.<\/li>\n<\/ul>\n\n\n\n<p><strong>Doporu\u010den\u00e1 \u010detba:<\/strong><\/p>\n\n\n\n<ul class=\"wp-block-list\">\n<li><strong>Kapitola 5: Osmikrokov\u00fd proces agiln\u00edho prodeje a prodeje s pomoc\u00ed um\u011bl\u00e9 inteligence<\/strong><br><a>https:\/\/businessagility.education\/blog\/agile-sales-ai-selling-chapter5\/<\/a><\/li>\n<\/ul>\n\n\n\n<p><em>Poskytuje strukturovan\u00fd pracovn\u00ed postup prodeje, kter\u00fd mohou n\u00e1stroje um\u011bl\u00e9 inteligence podporovat a vylep\u0161ovat.<\/em><\/p>\n\n\n\n<hr class=\"wp-block-separator has-alpha-channel-opacity\"\/>\n\n\n\n<p>Tento pl\u00e1n pom\u00e1h\u00e1 vedouc\u00edm pracovn\u00edk\u016fm v oblasti prodeje nejen p\u0159ijmout um\u011blou inteligenci, ale tak\u00e9 ji v\u00e9st - s pevn\u00fdmi z\u00e1klady agiln\u00edho my\u0161len\u00ed, etick\u00e9 odpov\u011bdnosti a strategick\u00e9 implementace. Pro veden\u00ed, <a href=\"https:\/\/www.linkedin.com\/company\/business-agility-education\/\">oslovte n\u00e1s<\/a>!<\/p>\n\n\n\n<p><\/p>\n\n\n\n<div data-wp-interactive=\"core\/file\" class=\"wp-block-file\"><object data-wp-bind--hidden=\"!state.hasPdfPreview\" hidden class=\"wp-block-file__embed\" data=\"https:\/\/businessagility.education\/blog\/wp-content\/uploads\/2025\/04\/AI-for-Sales-Executives.pdf\" type=\"application\/pdf\" style=\"width:100%;height:600px\" aria-label=\"Vlo\u017eit z AI-for-Sales-Executives.\"><\/object><a id=\"wp-block-file--media-9f09009a-7d0b-40dd-817a-fda11b477e01\" href=\"https:\/\/businessagility.education\/blog\/wp-content\/uploads\/2025\/04\/AI-for-Sales-Executives.pdf\">AI-for-Sales-Executives<\/a><a href=\"https:\/\/businessagility.education\/blog\/wp-content\/uploads\/2025\/04\/AI-for-Sales-Executives.pdf\" class=\"wp-block-file__button wp-element-button\" download aria-describedby=\"wp-block-file--media-9f09009a-7d0b-40dd-817a-fda11b477e01\">St\u00e1hnout<\/a><\/div>","protected":false},"excerpt":{"rendered":"<p>The Complete 6-Month Roadmap for Sales Leaders This comprehensive 6-month learning roadmap is designed to help sales executives confidently integrate Artificial Intelligence (AI) into their sales workflows and long-term strategies. It combines hands-on tools, essential courses, ethical insights, and Agile frameworks to transform how sales leaders think, operate, and lead. Month 1: Try AI First [&hellip;]<\/p>","protected":false},"author":1,"featured_media":559,"parent":0,"menu_order":0,"comment_status":"closed","ping_status":"closed","template":"","meta":{"footnotes":""},"class_list":["post-555","page","type-page","status-publish","has-post-thumbnail","hentry"],"yoast_head":"<!-- This site is optimized with the Yoast SEO plugin v24.9 - https:\/\/yoast.com\/wordpress\/plugins\/seo\/ -->\n<title>AI for Sales Executives - Business Agility+AI<\/title>\n<meta name=\"description\" content=\"AI for Sales Executives 6-month roadmap helps sales executives master AI tools, strategy, and ethics, step by step + PDF &amp; Video\" \/>\n<meta name=\"robots\" content=\"index, follow, max-snippet:-1, max-image-preview:large, max-video-preview:-1\" \/>\n<link rel=\"canonical\" href=\"https:\/\/businessagility.education\/blog\/cs\/ai-for-sales-executives\/\" \/>\n<meta property=\"og:locale\" content=\"cs_CZ\" \/>\n<meta property=\"og:type\" content=\"article\" \/>\n<meta property=\"og:title\" content=\"AI for Sales Executives - Business Agility+AI\" \/>\n<meta property=\"og:description\" content=\"AI for Sales Executives 6-month roadmap helps sales executives master AI tools, strategy, and ethics, step by step + PDF &amp; Video\" \/>\n<meta property=\"og:url\" content=\"https:\/\/businessagility.education\/blog\/cs\/ai-for-sales-executives\/\" \/>\n<meta property=\"og:site_name\" content=\"Business Agility+AI\" \/>\n<meta property=\"article:modified_time\" content=\"2025-04-18T16:27:21+00:00\" \/>\n<meta property=\"og:image\" content=\"https:\/\/businessagility.education\/blog\/wp-content\/uploads\/2025\/04\/ai-for-sales-executives.jpg\" \/>\n\t<meta property=\"og:image:width\" content=\"1597\" \/>\n\t<meta property=\"og:image:height\" content=\"934\" \/>\n\t<meta property=\"og:image:type\" content=\"image\/jpeg\" \/>\n<meta name=\"twitter:card\" content=\"summary_large_image\" \/>\n<meta name=\"twitter:label1\" content=\"Odhadovan\u00e1 doba \u010dten\u00ed\" \/>\n\t<meta name=\"twitter:data1\" content=\"4 minuty\" \/>\n<script type=\"application\/ld+json\" class=\"yoast-schema-graph\">{\"@context\":\"https:\/\/schema.org\",\"@graph\":[{\"@type\":\"WebPage\",\"@id\":\"https:\/\/businessagility.education\/blog\/ai-for-sales-executives\/\",\"url\":\"https:\/\/businessagility.education\/blog\/ai-for-sales-executives\/\",\"name\":\"AI for Sales Executives - Business Agility+AI\",\"isPartOf\":{\"@id\":\"https:\/\/businessagility.education\/blog\/#website\"},\"primaryImageOfPage\":{\"@id\":\"https:\/\/businessagility.education\/blog\/ai-for-sales-executives\/#primaryimage\"},\"image\":{\"@id\":\"https:\/\/businessagility.education\/blog\/ai-for-sales-executives\/#primaryimage\"},\"thumbnailUrl\":\"https:\/\/businessagility.education\/blog\/wp-content\/uploads\/2025\/04\/ai-for-sales-executives.jpg\",\"datePublished\":\"2025-04-13T19:28:58+00:00\",\"dateModified\":\"2025-04-18T16:27:21+00:00\",\"description\":\"AI for Sales Executives 6-month roadmap helps sales executives master AI tools, strategy, and ethics, step by step + PDF & Video\",\"breadcrumb\":{\"@id\":\"https:\/\/businessagility.education\/blog\/ai-for-sales-executives\/#breadcrumb\"},\"inLanguage\":\"cs\",\"potentialAction\":[{\"@type\":\"ReadAction\",\"target\":[\"https:\/\/businessagility.education\/blog\/ai-for-sales-executives\/\"]}]},{\"@type\":\"ImageObject\",\"inLanguage\":\"cs\",\"@id\":\"https:\/\/businessagility.education\/blog\/ai-for-sales-executives\/#primaryimage\",\"url\":\"https:\/\/businessagility.education\/blog\/wp-content\/uploads\/2025\/04\/ai-for-sales-executives.jpg\",\"contentUrl\":\"https:\/\/businessagility.education\/blog\/wp-content\/uploads\/2025\/04\/ai-for-sales-executives.jpg\",\"width\":1597,\"height\":934,\"caption\":\"AI for Sales Executives\"},{\"@type\":\"BreadcrumbList\",\"@id\":\"https:\/\/businessagility.education\/blog\/ai-for-sales-executives\/#breadcrumb\",\"itemListElement\":[{\"@type\":\"ListItem\",\"position\":1,\"name\":\"Home\",\"item\":\"https:\/\/businessagility.education\/blog\/\"},{\"@type\":\"ListItem\",\"position\":2,\"name\":\"AI for Sales Executives\"}]},{\"@type\":\"WebSite\",\"@id\":\"https:\/\/businessagility.education\/blog\/#website\",\"url\":\"https:\/\/businessagility.education\/blog\/\",\"name\":\"Business Agility+AI\",\"description\":\"The Business Agility + Artificial Intelligence Blog\",\"publisher\":{\"@id\":\"https:\/\/businessagility.education\/blog\/#organization\"},\"potentialAction\":[{\"@type\":\"SearchAction\",\"target\":{\"@type\":\"EntryPoint\",\"urlTemplate\":\"https:\/\/businessagility.education\/blog\/?s={search_term_string}\"},\"query-input\":{\"@type\":\"PropertyValueSpecification\",\"valueRequired\":true,\"valueName\":\"search_term_string\"}}],\"inLanguage\":\"cs\"},{\"@type\":\"Organization\",\"@id\":\"https:\/\/businessagility.education\/blog\/#organization\",\"name\":\"Business Agility+AI\",\"url\":\"https:\/\/businessagility.education\/blog\/\",\"logo\":{\"@type\":\"ImageObject\",\"inLanguage\":\"cs\",\"@id\":\"https:\/\/businessagility.education\/blog\/#\/schema\/logo\/image\/\",\"url\":\"https:\/\/businessagility.education\/blog\/wp-content\/uploads\/2022\/06\/business-agility-blog-logo.png\",\"contentUrl\":\"https:\/\/businessagility.education\/blog\/wp-content\/uploads\/2022\/06\/business-agility-blog-logo.png\",\"width\":200,\"height\":100,\"caption\":\"Business Agility+AI\"},\"image\":{\"@id\":\"https:\/\/businessagility.education\/blog\/#\/schema\/logo\/image\/\"}}]}<\/script>\n<!-- \/ Yoast SEO plugin. -->","yoast_head_json":{"title":"AI for Sales Executives - Business Agility+AI","description":"AI for Sales Executives 6-month roadmap helps sales executives master AI tools, strategy, and ethics, step by step + PDF & Video","robots":{"index":"index","follow":"follow","max-snippet":"max-snippet:-1","max-image-preview":"max-image-preview:large","max-video-preview":"max-video-preview:-1"},"canonical":"https:\/\/businessagility.education\/blog\/cs\/ai-for-sales-executives\/","og_locale":"cs_CZ","og_type":"article","og_title":"AI for Sales Executives - Business Agility+AI","og_description":"AI for Sales Executives 6-month roadmap helps sales executives master AI tools, strategy, and ethics, step by step + PDF & Video","og_url":"https:\/\/businessagility.education\/blog\/cs\/ai-for-sales-executives\/","og_site_name":"Business Agility+AI","article_modified_time":"2025-04-18T16:27:21+00:00","og_image":[{"width":1597,"height":934,"url":"https:\/\/businessagility.education\/blog\/wp-content\/uploads\/2025\/04\/ai-for-sales-executives.jpg","type":"image\/jpeg"}],"twitter_card":"summary_large_image","twitter_misc":{"Odhadovan\u00e1 doba \u010dten\u00ed":"4 minuty"},"schema":{"@context":"https:\/\/schema.org","@graph":[{"@type":"WebPage","@id":"https:\/\/businessagility.education\/blog\/ai-for-sales-executives\/","url":"https:\/\/businessagility.education\/blog\/ai-for-sales-executives\/","name":"AI for Sales Executives - Business Agility+AI","isPartOf":{"@id":"https:\/\/businessagility.education\/blog\/#website"},"primaryImageOfPage":{"@id":"https:\/\/businessagility.education\/blog\/ai-for-sales-executives\/#primaryimage"},"image":{"@id":"https:\/\/businessagility.education\/blog\/ai-for-sales-executives\/#primaryimage"},"thumbnailUrl":"https:\/\/businessagility.education\/blog\/wp-content\/uploads\/2025\/04\/ai-for-sales-executives.jpg","datePublished":"2025-04-13T19:28:58+00:00","dateModified":"2025-04-18T16:27:21+00:00","description":"AI for Sales Executives 6-month roadmap helps sales executives master AI tools, strategy, and ethics, step by step + PDF & Video","breadcrumb":{"@id":"https:\/\/businessagility.education\/blog\/ai-for-sales-executives\/#breadcrumb"},"inLanguage":"cs","potentialAction":[{"@type":"ReadAction","target":["https:\/\/businessagility.education\/blog\/ai-for-sales-executives\/"]}]},{"@type":"ImageObject","inLanguage":"cs","@id":"https:\/\/businessagility.education\/blog\/ai-for-sales-executives\/#primaryimage","url":"https:\/\/businessagility.education\/blog\/wp-content\/uploads\/2025\/04\/ai-for-sales-executives.jpg","contentUrl":"https:\/\/businessagility.education\/blog\/wp-content\/uploads\/2025\/04\/ai-for-sales-executives.jpg","width":1597,"height":934,"caption":"AI for Sales Executives"},{"@type":"BreadcrumbList","@id":"https:\/\/businessagility.education\/blog\/ai-for-sales-executives\/#breadcrumb","itemListElement":[{"@type":"ListItem","position":1,"name":"Home","item":"https:\/\/businessagility.education\/blog\/"},{"@type":"ListItem","position":2,"name":"AI for Sales Executives"}]},{"@type":"WebSite","@id":"https:\/\/businessagility.education\/blog\/#website","url":"https:\/\/businessagility.education\/blog\/","name":"Business Agility+AI","description":"The Business Agility + Artificial Intelligence Blog","publisher":{"@id":"https:\/\/businessagility.education\/blog\/#organization"},"potentialAction":[{"@type":"SearchAction","target":{"@type":"EntryPoint","urlTemplate":"https:\/\/businessagility.education\/blog\/?s={search_term_string}"},"query-input":{"@type":"PropertyValueSpecification","valueRequired":true,"valueName":"search_term_string"}}],"inLanguage":"cs"},{"@type":"Organization","@id":"https:\/\/businessagility.education\/blog\/#organization","name":"Business Agility+AI","url":"https:\/\/businessagility.education\/blog\/","logo":{"@type":"ImageObject","inLanguage":"cs","@id":"https:\/\/businessagility.education\/blog\/#\/schema\/logo\/image\/","url":"https:\/\/businessagility.education\/blog\/wp-content\/uploads\/2022\/06\/business-agility-blog-logo.png","contentUrl":"https:\/\/businessagility.education\/blog\/wp-content\/uploads\/2022\/06\/business-agility-blog-logo.png","width":200,"height":100,"caption":"Business Agility+AI"},"image":{"@id":"https:\/\/businessagility.education\/blog\/#\/schema\/logo\/image\/"}}]}},"_links":{"self":[{"href":"https:\/\/businessagility.education\/blog\/cs\/wp-json\/wp\/v2\/pages\/555","targetHints":{"allow":["GET"]}}],"collection":[{"href":"https:\/\/businessagility.education\/blog\/cs\/wp-json\/wp\/v2\/pages"}],"about":[{"href":"https:\/\/businessagility.education\/blog\/cs\/wp-json\/wp\/v2\/types\/page"}],"author":[{"embeddable":true,"href":"https:\/\/businessagility.education\/blog\/cs\/wp-json\/wp\/v2\/users\/1"}],"replies":[{"embeddable":true,"href":"https:\/\/businessagility.education\/blog\/cs\/wp-json\/wp\/v2\/comments?post=555"}],"version-history":[{"count":4,"href":"https:\/\/businessagility.education\/blog\/cs\/wp-json\/wp\/v2\/pages\/555\/revisions"}],"predecessor-version":[{"id":564,"href":"https:\/\/businessagility.education\/blog\/cs\/wp-json\/wp\/v2\/pages\/555\/revisions\/564"}],"wp:featuredmedia":[{"embeddable":true,"href":"https:\/\/businessagility.education\/blog\/cs\/wp-json\/wp\/v2\/media\/559"}],"wp:attachment":[{"href":"https:\/\/businessagility.education\/blog\/cs\/wp-json\/wp\/v2\/media?parent=555"}],"curies":[{"name":"wp","href":"https:\/\/api.w.org\/{rel}","templated":true}]}}