{"id":471,"date":"2023-12-19T13:40:00","date_gmt":"2023-12-19T18:40:00","guid":{"rendered":"https:\/\/businessagility.education\/blog\/?page_id=471"},"modified":"2024-12-01T18:58:49","modified_gmt":"2024-12-01T23:58:49","slug":"agile-finance-manifesto","status":"publish","type":"page","link":"https:\/\/businessagility.education\/blog\/cs\/agile-finance-manifesto\/","title":{"rendered":"Manifest agiln\u00edch financ\u00ed"},"content":{"rendered":"<p>N\u00ed\u017ee uv\u00e1d\u00edme n\u011bkolik n\u00e1pad\u016f na vz\u00e1jemn\u00e9 srovn\u00e1n\u00ed Manifestu agiln\u00edch financ\u00ed a p\u016fvodn\u00edho Manifestu agiln\u00edho softwaru.<\/p>\n\n\n\n<p><\/p>\n\n\n\n<p>Manifest agiln\u00edch financ\u00ed<\/p>\n\n\n\n<p><br>Hodnoty<\/p>\n\n\n\n<ol class=\"wp-block-list\">\n<li>Spolupr\u00e1ce s klientem m\u00edsto nadm\u011brn\u00e9 dokumentace<br>o Budov\u00e1n\u00ed pevn\u00fdch vztah\u016f prost\u0159ednictv\u00edm pravideln\u00fdch a smyslupln\u00fdch interakc\u00ed s klienty s c\u00edlem porozum\u011bt jejich finan\u010dn\u00edm c\u00edl\u016fm a p\u0159izp\u016fsobit se jim. I kdy\u017e je dokumentace nezbytn\u00e1 pro zaji\u0161t\u011bn\u00ed souladu s p\u0159edpisy, zam\u011b\u0159te se na p\u0159\u00edmou a transparentn\u00ed komunikaci, abyste pos\u00edlili d\u016fv\u011bru a p\u0159izp\u016fsobivost.<br>o P\u0159\u00edklad: Prov\u00e1d\u011bjte dvakr\u00e1t t\u00fddn\u011b strategick\u00e9 sch\u016fzky s klienty, abyste p\u0159ezkoumali jejich c\u00edle, diskutovali o zm\u011bn\u00e1ch na trhu a upravili investi\u010dn\u00ed strategie s vyu\u017eit\u00edm zjednodu\u0161en\u00e9 dokumentace pro podporu rozhodnut\u00ed.<\/li>\n\n\n\n<li>P\u0159izp\u016fsobiv\u00e9 finan\u010dn\u00ed pl\u00e1nov\u00e1n\u00ed oproti pevn\u00fdm rozpo\u010dt\u016fm<br>o P\u0159ijm\u011bte finan\u010dn\u00ed pl\u00e1ny, kter\u00e9 se mohou vyv\u00edjet podle podm\u00ednek na trhu. Nahra\u010fte rigidn\u00ed ro\u010dn\u00ed rozpo\u010dty klouzav\u00fdmi progn\u00f3zami a pl\u00e1nov\u00e1n\u00edm sc\u00e9n\u00e1\u0159\u016f, abyste zajistili pru\u017enost v reakci na p\u0159\u00edle\u017eitosti a rizika.<br>o P\u0159\u00edklad: Zaveden\u00ed nulov\u00e9ho rozpo\u010dtov\u00e9ho r\u00e1mce, kter\u00fd se \u010dtvrtletn\u011b reviduje, aby odr\u00e1\u017eel ekonomick\u00e9 zm\u011bny a obchodn\u00ed priority, co\u017e umo\u017e\u0148uje rychl\u00e9 p\u0159id\u011blov\u00e1n\u00ed zdroj\u016f.<\/li>\n\n\n\n<li>Rozhodov\u00e1n\u00ed zalo\u017een\u00e9 na datech nam\u00edsto rigidn\u00edch proces\u016f<br>o Vyu\u017e\u00edv\u00e1n\u00ed dat a anal\u00fdz v re\u00e1ln\u00e9m \u010dase k p\u0159ij\u00edm\u00e1n\u00ed strategick\u00fdch finan\u010dn\u00edch rozhodnut\u00ed. Up\u0159ednost\u0148ujte vyu\u017eiteln\u00e9 poznatky p\u0159ed zastaral\u00fdmi a nepru\u017en\u00fdmi procesy a z\u00e1rove\u0148 vyva\u017eujte technologick\u00e9 v\u00fdstupy s lidskou odbornost\u00ed.<br>o P\u0159\u00edklad: P\u0159\u00edklad: Vyu\u017e\u00edvejte analytick\u00e9 n\u00e1stroje s um\u011blou inteligenc\u00ed k identifikaci nov\u00fdch tr\u017en\u00edch trend\u016f a za\u010dle\u0148te tyto poznatky do dynamick\u00fdch rozhodovac\u00edch proces\u016f.<\/li>\n\n\n\n<li>Finan\u010dn\u00ed t\u00fdmy nap\u0159\u00ed\u010d jednotliv\u00fdmi odd\u011blen\u00edmi nam\u00edsto izolace jednotliv\u00fdch odd\u011blen\u00ed<br>o Podporovat mezioborovou spolupr\u00e1ci mezi finan\u010dn\u00edmi, provozn\u00edmi, marketingov\u00fdmi a technologick\u00fdmi t\u00fdmy. Odbour\u00e1n\u00edm sil mohou finan\u010dn\u00ed strategie \u0159e\u0161it organiza\u010dn\u00ed c\u00edle komplexn\u011b.<br>o P\u0159\u00edklad: Po\u0159\u00e1dejte \u010dtvrtletn\u00ed semin\u00e1\u0159e nap\u0159\u00ed\u010d odd\u011blen\u00edmi, abyste sladili finan\u010dn\u00ed c\u00edle s provozn\u00edmi c\u00edli a vyu\u017eili r\u016fzn\u00e9 odborn\u00e9 znalosti.<\/li>\n<\/ol>\n\n\n\n<hr class=\"wp-block-separator has-alpha-channel-opacity\"\/>\n\n\n\n<p>Agiln\u00ed finan\u010dn\u00ed principy zalo\u017een\u00e9 na podstat\u011b p\u016fvodn\u00edho agiln\u00edho manifestu<\/p>\n\n\n\n<p><\/p>\n\n\n\n<figure class=\"wp-block-table\"><table class=\"has-fixed-layout\"><tbody><tr><td>Princip #<\/td><td>Z\u00e1sada agiln\u00edch financ\u00ed<\/td><td>Zd\u016fvodn\u011bn\u00ed<\/td><td>Shoda princip\u016f agiln\u00edho softwaru<\/td><\/tr><tr><td>1<\/td><td>Spokojenost klient\u016f prost\u0159ednictv\u00edm finan\u010dn\u00edch inovac\u00ed<\/td><td>Tento princip spojuje agilitu s orientac\u00ed na z\u00e1kazn\u00edka a inovacemi, kter\u00e9 p\u0159\u00edmo reaguj\u00ed na pot\u0159eby klient\u016f. Je v souladu s agiln\u00edm zam\u011b\u0159en\u00edm na poskytov\u00e1n\u00ed hodnoty.<\/td><td>Z\u00e1sada agiln\u00edho softwaru #1: \"Na\u0161\u00ed nejvy\u0161\u0161\u00ed prioritou je uspokojit z\u00e1kazn\u00edka prost\u0159ednictv\u00edm v\u010dasn\u00e9ho a nep\u0159etr\u017eit\u00e9ho dod\u00e1v\u00e1n\u00ed hodnotn\u00e9ho softwaru\", p\u0159i\u010dem\u017e se zam\u011b\u0159ujeme na inovativn\u00ed finan\u010dn\u00ed \u0159e\u0161en\u00ed.<\/td><\/tr><tr><td>2<\/td><td>Agiln\u00ed reakce na dodr\u017eov\u00e1n\u00ed p\u0159edpis\u016f<\/td><td>Dodr\u017eov\u00e1n\u00ed p\u0159edpis\u016f jako p\u0159\u00edle\u017eitost je nov\u00fd pohled. Rychl\u00e1 adaptace zaji\u0161\u0165uje integritu organizace a z\u00e1rove\u0148 podporuje proaktivn\u00ed p\u0159\u00edstup.<\/td><td>Z\u00e1sada agiln\u00edho softwaru #2: \"V\u00edtejte m\u011bn\u00edc\u00ed se po\u017eadavky, a to i v pozdn\u00ed f\u00e1zi v\u00fdvoje. Agiln\u00ed procesy vyu\u017e\u00edvaj\u00ed zm\u011bny pro konkuren\u010dn\u00ed v\u00fdhodu z\u00e1kazn\u00edka\" t\u00edm, \u017ee k dodr\u017eov\u00e1n\u00ed po\u017eadavk\u016f p\u0159istupuj\u00ed adaptivn\u011b.<\/td><\/tr><tr><td>3<\/td><td>\u010cast\u00e9 poskytov\u00e1n\u00ed finan\u010dn\u00edch informac\u00ed<\/td><td>\u010cast\u00e9 poskytov\u00e1n\u00ed vyu\u017eiteln\u00fdch finan\u010dn\u00edch informac\u00ed s preferenc\u00ed krat\u0161\u00edch cykl\u016f, aby se zlep\u0161ilo rozhodov\u00e1n\u00ed a rychlost reakce.<\/td><td>Z\u00e1sada agiln\u00edho softwaru #3: \"Dod\u00e1vejte funk\u010dn\u00ed software \u010dasto, od n\u011bkolika t\u00fddn\u016f do n\u011bkolika m\u011bs\u00edc\u016f, p\u0159i\u010dem\u017e up\u0159ednost\u0148ujte krat\u0161\u00ed \u010dasov\u00fd r\u00e1mec.\"<\/td><\/tr><tr><td>4<\/td><td>Finan\u010dn\u00ed a obchodn\u00ed operace mus\u00ed denn\u011b spolupracovat<\/td><td>Finan\u010dn\u00ed odborn\u00edci a vedouc\u00ed pracovn\u00edci podnik\u016f mus\u00ed \u00fazce a \u010dasto spolupracovat, aby sladili finan\u010dn\u00ed strategie s provozn\u00edmi c\u00edli.<\/td><td>Z\u00e1sada agiln\u00edho softwaru #4: \"Obchodn\u00edci a v\u00fdvoj\u00e1\u0159i mus\u00ed v pr\u016fb\u011bhu projektu denn\u011b spolupracovat.\"<\/td><\/tr><tr><td>5<\/td><td>Pos\u00edlen\u00ed pravomoc\u00ed a d\u016fv\u011bra ve finan\u010dn\u00ed t\u00fdmy<\/td><td>Kl\u00ed\u010dem k agilit\u011b je pos\u00edlen\u00ed pravomoc\u00ed. D\u016fv\u011bra t\u00fdm\u016fm, \u017ee se mohou samy organizovat, zvy\u0161uje odpov\u011bdnost, inovace a mor\u00e1lku.<\/td><td>Z\u00e1sada agiln\u00edho softwaru #5: \"Projekty budujte kolem motivovan\u00fdch jednotlivc\u016f. Poskytn\u011bte jim prost\u0159ed\u00ed a podporu, kterou pot\u0159ebuj\u00ed, a d\u016fv\u011b\u0159ujte jim, \u017ee svou pr\u00e1ci zvl\u00e1dnou\" t\u00edm, \u017ee pos\u00edl\u00edte finan\u010dn\u00ed t\u00fdmy.<\/td><\/tr><tr><td>6<\/td><td>P\u0159\u00edm\u00e1 komunikace pro finan\u010dn\u00ed p\u0159ehlednost<\/td><td>Jasn\u00e1 komunikace tv\u00e1\u0159\u00ed v tv\u00e1\u0159 sni\u017euje po\u010det chyb a je v souladu s agiln\u00edmi preferencemi jednotlivc\u016f a interakc\u00ed.<\/td><td>Z\u00e1sada agiln\u00edho softwaru #6: \"Nejefektivn\u011bj\u0161\u00ed a nejefektivn\u011bj\u0161\u00ed metodou p\u0159ed\u00e1v\u00e1n\u00ed informac\u00ed v\u00fdvojov\u00e9mu t\u00fdmu a v r\u00e1mci n\u011bj je osobn\u00ed rozhovor.\" up\u0159ednostn\u011bn\u00edm komunikace.<\/td><\/tr><tr><td>7<\/td><td>M\u011b\u0159iteln\u00e9 v\u00fdsledky jako d\u016fkaz finan\u010dn\u00edho pokroku<\/td><td>Zam\u011b\u0159en\u00ed na m\u011b\u0159iteln\u00e9 v\u00fdsledky souzn\u00ed s principem agiln\u00edho p\u0159\u00edstupu, kter\u00fd spo\u010d\u00edv\u00e1 v dod\u00e1v\u00e1n\u00ed funguj\u00edc\u00edch p\u0159\u00edr\u016fstk\u016f. Sd\u011blov\u00e1n\u00ed v\u00fdsledk\u016f buduje d\u016fv\u011bru zainteresovan\u00fdch stran.<\/td><td>Z\u00e1sada agiln\u00edho softwaru #7: \"Funguj\u00edc\u00ed software je hlavn\u00edm m\u011b\u0159\u00edtkem pokroku\" t\u00edm, \u017ee se zam\u011b\u0159uje na poskytov\u00e1n\u00ed m\u011b\u0159iteln\u00fdch v\u00fdsledk\u016f jako d\u016fkazu finan\u010dn\u00edho \u00fasp\u011bchu.<\/td><\/tr><tr><td>8<\/td><td>Udr\u017eiteln\u00e9 finan\u010dn\u00ed postupy pro dlouhodobou \u017eivotaschopnost<\/td><td>Udr\u017eitelnost je aktu\u00e1ln\u00edm dopl\u0148kem, kter\u00fd je v souladu s prioritami environment\u00e1ln\u00edho a soci\u00e1ln\u00edho \u0159\u00edzen\u00ed (ESG). Etick\u00e9 \u0159\u00edzen\u00ed financ\u00ed m\u00e1 u zainteresovan\u00fdch stran ohlas.<\/td><td>Z\u00e1sada agiln\u00edho softwaru #8: \"Agiln\u00ed procesy podporuj\u00ed udr\u017eiteln\u00fd v\u00fdvoj. Sponzo\u0159i, v\u00fdvoj\u00e1\u0159i a u\u017eivatel\u00e9 by m\u011bli b\u00fdt schopni udr\u017eet konstantn\u00ed tempo po neomezenou dobu\" d\u00edky slad\u011bn\u00ed strategi\u00ed.<\/td><\/tr><tr><td>9<\/td><td>Neust\u00e1l\u00e9 zlep\u0161ov\u00e1n\u00ed finan\u010dn\u00edch model\u016f a proces\u016f<\/td><td>Zam\u011b\u0159te se na zdokonalov\u00e1n\u00ed finan\u010dn\u00edch model\u016f a proces\u016f s neust\u00e1l\u00fdm d\u016frazem na p\u0159esnost, p\u0159ehlednost a efektivitu.<\/td><td>Z\u00e1sada agiln\u00edho softwaru #9: \"Trval\u00e1 pozornost v\u011bnovan\u00e1 technick\u00e9 dokonalosti a dobr\u00e9mu n\u00e1vrhu zvy\u0161uje agilitu.\"<\/td><\/tr><tr><td>10<\/td><td>P\u0159ijm\u011bte finan\u010dn\u00ed jednoduchost<\/td><td>Jednoduchost umo\u017e\u0148uje organizac\u00edm rychle jednat a efektivn\u011b alokovat zdroje, sni\u017euje re\u017eijn\u00ed n\u00e1klady a umo\u017e\u0148uje soust\u0159edit se na strategick\u00e9 c\u00edle.<\/td><td>Z\u00e1sada agiln\u00edho softwaru #10: \"Jednoduchost - um\u011bn\u00ed maximalizovat mno\u017estv\u00ed nevykonan\u00e9 pr\u00e1ce - je z\u00e1sadn\u00ed.\"<\/td><\/tr><tr><td>11<\/td><td>Podpora samoorganizuj\u00edc\u00edch se finan\u010dn\u00edch t\u00fdm\u016f<\/td><td>Stejn\u011b jako se da\u0159\u00ed v\u00fdvoji softwaru, kdy\u017e se t\u00fdmy samy organizuj\u00ed, mohou finan\u010dn\u00ed t\u00fdmy p\u0159in\u00e1\u0161et inovativn\u011bj\u0161\u00ed a efektivn\u011bj\u0161\u00ed \u0159e\u0161en\u00ed, kdy\u017e maj\u00ed mo\u017enost pracovat samostatn\u011b v r\u00e1mci jasn\u011b stanoven\u00fdch hranic.<\/td><td>Z\u00e1sada agiln\u00edho softwaru #11: \"Nejlep\u0161\u00ed architektury, po\u017eadavky a n\u00e1vrhy vznikaj\u00ed v samoorganizuj\u00edc\u00edch se t\u00fdmech.\"<\/td><\/tr><tr><td>12<\/td><td>Iterativn\u00ed zp\u011btn\u00e1 vazba pro neust\u00e1l\u00e9 finan\u010dn\u00ed zlep\u0161ov\u00e1n\u00ed<\/td><td>Iterativn\u00ed smy\u010dky zp\u011btn\u00e9 vazby odr\u00e1\u017eej\u00ed zam\u011b\u0159en\u00ed agiln\u00edho p\u0159\u00edstupu na retrospektivy a neust\u00e1l\u00e9 zlep\u0161ov\u00e1n\u00ed. Pr\u016fzkumy a zp\u011btn\u00e1 vazba jsou v souladu s empirickou kontrolou proces\u016f Agile.<\/td><td>Z\u00e1sada agiln\u00edho softwaru #12: \"T\u00fdm v pravideln\u00fdch intervalech p\u0159em\u00fd\u0161l\u00ed o tom, jak se st\u00e1t efektivn\u011bj\u0161\u00edm, a pak podle toho lad\u00ed a upravuje sv\u00e9 chov\u00e1n\u00ed\" prost\u0159ednictv\u00edm iterativn\u00edch smy\u010dek zp\u011btn\u00e9 vazby.<\/td><\/tr><\/tbody><\/table><\/figure>\n\n\n\n<p>K\u0159\u00ed\u017eov\u00e9 srovn\u00e1n\u00ed Thomas Hormaza Dow<\/p>","protected":false},"excerpt":{"rendered":"<p>N\u00ed\u017ee uv\u00e1d\u00edme n\u011bkolik n\u00e1pad\u016f na vz\u00e1jemn\u00e9 srovn\u00e1n\u00ed Manifestu agiln\u00edch financ\u00ed a p\u016fvodn\u00edho Manifestu agiln\u00edho softwaru. Hodnoty agiln\u00edho finan\u010dn\u00edho manifestu Principy agiln\u00edch financ\u00ed zalo\u017een\u00e9 na podstat\u011b p\u016fvodn\u00edho agiln\u00edho manifestu Princip # Princip agiln\u00edch financ\u00ed Zd\u016fvodn\u011bn\u00ed principu agiln\u00edho softwaru Shoda 1 Spokojenost klienta prost\u0159ednictv\u00edm finan\u010dn\u00edch inovac\u00ed Tento princip spojuje agilitu s [...]<\/p>","protected":false},"author":1,"featured_media":472,"parent":0,"menu_order":0,"comment_status":"closed","ping_status":"closed","template":"","meta":{"footnotes":""},"class_list":["post-471","page","type-page","status-publish","has-post-thumbnail","hentry"],"yoast_head":"<!-- This site is optimized with the Yoast SEO plugin v24.9 - https:\/\/yoast.com\/wordpress\/plugins\/seo\/ -->\n<title>Agile Finance Manifesto - Business Agility+AI<\/title>\n<meta name=\"description\" content=\"Cross-Comparison of the Agile Finance Manifesto and the original Agile Software Manifesto\" \/>\n<meta name=\"robots\" content=\"index, follow, max-snippet:-1, max-image-preview:large, max-video-preview:-1\" \/>\n<link rel=\"canonical\" href=\"https:\/\/businessagility.education\/blog\/cs\/agile-finance-manifesto\/\" \/>\n<meta property=\"og:locale\" content=\"cs_CZ\" \/>\n<meta property=\"og:type\" content=\"article\" \/>\n<meta property=\"og:title\" content=\"Agile Finance Manifesto - Business Agility+AI\" \/>\n<meta property=\"og:description\" content=\"Cross-Comparison of the Agile Finance Manifesto and the original Agile Software Manifesto\" \/>\n<meta property=\"og:url\" content=\"https:\/\/businessagility.education\/blog\/cs\/agile-finance-manifesto\/\" \/>\n<meta property=\"og:site_name\" content=\"Business Agility+AI\" \/>\n<meta property=\"article:modified_time\" content=\"2024-12-01T23:58:49+00:00\" \/>\n<meta property=\"og:image\" content=\"https:\/\/businessagility.education\/blog\/wp-content\/uploads\/2024\/12\/agile-finance-manifesto.jpg\" \/>\n\t<meta property=\"og:image:width\" content=\"1305\" \/>\n\t<meta property=\"og:image:height\" content=\"765\" \/>\n\t<meta property=\"og:image:type\" content=\"image\/jpeg\" \/>\n<meta name=\"twitter:card\" content=\"summary_large_image\" \/>\n<meta name=\"twitter:label1\" content=\"Odhadovan\u00e1 doba \u010dten\u00ed\" \/>\n\t<meta name=\"twitter:data1\" content=\"4 minuty\" \/>\n<script type=\"application\/ld+json\" class=\"yoast-schema-graph\">{\"@context\":\"https:\/\/schema.org\",\"@graph\":[{\"@type\":\"WebPage\",\"@id\":\"https:\/\/businessagility.education\/blog\/agile-finance-manifesto\/\",\"url\":\"https:\/\/businessagility.education\/blog\/agile-finance-manifesto\/\",\"name\":\"Agile Finance Manifesto - Business Agility+AI\",\"isPartOf\":{\"@id\":\"https:\/\/businessagility.education\/blog\/#website\"},\"primaryImageOfPage\":{\"@id\":\"https:\/\/businessagility.education\/blog\/agile-finance-manifesto\/#primaryimage\"},\"image\":{\"@id\":\"https:\/\/businessagility.education\/blog\/agile-finance-manifesto\/#primaryimage\"},\"thumbnailUrl\":\"https:\/\/businessagility.education\/blog\/wp-content\/uploads\/2024\/12\/agile-finance-manifesto.jpg\",\"datePublished\":\"2023-12-19T18:40:00+00:00\",\"dateModified\":\"2024-12-01T23:58:49+00:00\",\"description\":\"Cross-Comparison of the Agile Finance Manifesto and the original Agile Software Manifesto\",\"breadcrumb\":{\"@id\":\"https:\/\/businessagility.education\/blog\/agile-finance-manifesto\/#breadcrumb\"},\"inLanguage\":\"cs\",\"potentialAction\":[{\"@type\":\"ReadAction\",\"target\":[\"https:\/\/businessagility.education\/blog\/agile-finance-manifesto\/\"]}]},{\"@type\":\"ImageObject\",\"inLanguage\":\"cs\",\"@id\":\"https:\/\/businessagility.education\/blog\/agile-finance-manifesto\/#primaryimage\",\"url\":\"https:\/\/businessagility.education\/blog\/wp-content\/uploads\/2024\/12\/agile-finance-manifesto.jpg\",\"contentUrl\":\"https:\/\/businessagility.education\/blog\/wp-content\/uploads\/2024\/12\/agile-finance-manifesto.jpg\",\"width\":1305,\"height\":765,\"caption\":\"Agile Finance Manifesto\"},{\"@type\":\"BreadcrumbList\",\"@id\":\"https:\/\/businessagility.education\/blog\/agile-finance-manifesto\/#breadcrumb\",\"itemListElement\":[{\"@type\":\"ListItem\",\"position\":1,\"name\":\"Home\",\"item\":\"https:\/\/businessagility.education\/blog\/\"},{\"@type\":\"ListItem\",\"position\":2,\"name\":\"Agile Finance Manifesto\"}]},{\"@type\":\"WebSite\",\"@id\":\"https:\/\/businessagility.education\/blog\/#website\",\"url\":\"https:\/\/businessagility.education\/blog\/\",\"name\":\"Business Agility+AI\",\"description\":\"The Business Agility + Artificial Intelligence Blog\",\"publisher\":{\"@id\":\"https:\/\/businessagility.education\/blog\/#organization\"},\"potentialAction\":[{\"@type\":\"SearchAction\",\"target\":{\"@type\":\"EntryPoint\",\"urlTemplate\":\"https:\/\/businessagility.education\/blog\/?s={search_term_string}\"},\"query-input\":{\"@type\":\"PropertyValueSpecification\",\"valueRequired\":true,\"valueName\":\"search_term_string\"}}],\"inLanguage\":\"cs\"},{\"@type\":\"Organization\",\"@id\":\"https:\/\/businessagility.education\/blog\/#organization\",\"name\":\"Business Agility+AI\",\"url\":\"https:\/\/businessagility.education\/blog\/\",\"logo\":{\"@type\":\"ImageObject\",\"inLanguage\":\"cs\",\"@id\":\"https:\/\/businessagility.education\/blog\/#\/schema\/logo\/image\/\",\"url\":\"https:\/\/businessagility.education\/blog\/wp-content\/uploads\/2022\/06\/business-agility-blog-logo.png\",\"contentUrl\":\"https:\/\/businessagility.education\/blog\/wp-content\/uploads\/2022\/06\/business-agility-blog-logo.png\",\"width\":200,\"height\":100,\"caption\":\"Business Agility+AI\"},\"image\":{\"@id\":\"https:\/\/businessagility.education\/blog\/#\/schema\/logo\/image\/\"}}]}<\/script>\n<!-- \/ Yoast SEO plugin. -->","yoast_head_json":{"title":"Agile Finance Manifesto - Business Agility+AI","description":"Cross-Comparison of the Agile Finance Manifesto and the original Agile Software Manifesto","robots":{"index":"index","follow":"follow","max-snippet":"max-snippet:-1","max-image-preview":"max-image-preview:large","max-video-preview":"max-video-preview:-1"},"canonical":"https:\/\/businessagility.education\/blog\/cs\/agile-finance-manifesto\/","og_locale":"cs_CZ","og_type":"article","og_title":"Agile Finance Manifesto - Business Agility+AI","og_description":"Cross-Comparison of the Agile Finance Manifesto and the original Agile Software Manifesto","og_url":"https:\/\/businessagility.education\/blog\/cs\/agile-finance-manifesto\/","og_site_name":"Business Agility+AI","article_modified_time":"2024-12-01T23:58:49+00:00","og_image":[{"width":1305,"height":765,"url":"https:\/\/businessagility.education\/blog\/wp-content\/uploads\/2024\/12\/agile-finance-manifesto.jpg","type":"image\/jpeg"}],"twitter_card":"summary_large_image","twitter_misc":{"Odhadovan\u00e1 doba \u010dten\u00ed":"4 minuty"},"schema":{"@context":"https:\/\/schema.org","@graph":[{"@type":"WebPage","@id":"https:\/\/businessagility.education\/blog\/agile-finance-manifesto\/","url":"https:\/\/businessagility.education\/blog\/agile-finance-manifesto\/","name":"Agile Finance Manifesto - Business Agility+AI","isPartOf":{"@id":"https:\/\/businessagility.education\/blog\/#website"},"primaryImageOfPage":{"@id":"https:\/\/businessagility.education\/blog\/agile-finance-manifesto\/#primaryimage"},"image":{"@id":"https:\/\/businessagility.education\/blog\/agile-finance-manifesto\/#primaryimage"},"thumbnailUrl":"https:\/\/businessagility.education\/blog\/wp-content\/uploads\/2024\/12\/agile-finance-manifesto.jpg","datePublished":"2023-12-19T18:40:00+00:00","dateModified":"2024-12-01T23:58:49+00:00","description":"Cross-Comparison of the Agile Finance Manifesto and the original Agile Software Manifesto","breadcrumb":{"@id":"https:\/\/businessagility.education\/blog\/agile-finance-manifesto\/#breadcrumb"},"inLanguage":"cs","potentialAction":[{"@type":"ReadAction","target":["https:\/\/businessagility.education\/blog\/agile-finance-manifesto\/"]}]},{"@type":"ImageObject","inLanguage":"cs","@id":"https:\/\/businessagility.education\/blog\/agile-finance-manifesto\/#primaryimage","url":"https:\/\/businessagility.education\/blog\/wp-content\/uploads\/2024\/12\/agile-finance-manifesto.jpg","contentUrl":"https:\/\/businessagility.education\/blog\/wp-content\/uploads\/2024\/12\/agile-finance-manifesto.jpg","width":1305,"height":765,"caption":"Agile Finance Manifesto"},{"@type":"BreadcrumbList","@id":"https:\/\/businessagility.education\/blog\/agile-finance-manifesto\/#breadcrumb","itemListElement":[{"@type":"ListItem","position":1,"name":"Home","item":"https:\/\/businessagility.education\/blog\/"},{"@type":"ListItem","position":2,"name":"Agile Finance Manifesto"}]},{"@type":"WebSite","@id":"https:\/\/businessagility.education\/blog\/#website","url":"https:\/\/businessagility.education\/blog\/","name":"Business Agility+AI","description":"The Business Agility + Artificial Intelligence Blog","publisher":{"@id":"https:\/\/businessagility.education\/blog\/#organization"},"potentialAction":[{"@type":"SearchAction","target":{"@type":"EntryPoint","urlTemplate":"https:\/\/businessagility.education\/blog\/?s={search_term_string}"},"query-input":{"@type":"PropertyValueSpecification","valueRequired":true,"valueName":"search_term_string"}}],"inLanguage":"cs"},{"@type":"Organization","@id":"https:\/\/businessagility.education\/blog\/#organization","name":"Business Agility+AI","url":"https:\/\/businessagility.education\/blog\/","logo":{"@type":"ImageObject","inLanguage":"cs","@id":"https:\/\/businessagility.education\/blog\/#\/schema\/logo\/image\/","url":"https:\/\/businessagility.education\/blog\/wp-content\/uploads\/2022\/06\/business-agility-blog-logo.png","contentUrl":"https:\/\/businessagility.education\/blog\/wp-content\/uploads\/2022\/06\/business-agility-blog-logo.png","width":200,"height":100,"caption":"Business Agility+AI"},"image":{"@id":"https:\/\/businessagility.education\/blog\/#\/schema\/logo\/image\/"}}]}},"_links":{"self":[{"href":"https:\/\/businessagility.education\/blog\/cs\/wp-json\/wp\/v2\/pages\/471","targetHints":{"allow":["GET"]}}],"collection":[{"href":"https:\/\/businessagility.education\/blog\/cs\/wp-json\/wp\/v2\/pages"}],"about":[{"href":"https:\/\/businessagility.education\/blog\/cs\/wp-json\/wp\/v2\/types\/page"}],"author":[{"embeddable":true,"href":"https:\/\/businessagility.education\/blog\/cs\/wp-json\/wp\/v2\/users\/1"}],"replies":[{"embeddable":true,"href":"https:\/\/businessagility.education\/blog\/cs\/wp-json\/wp\/v2\/comments?post=471"}],"version-history":[{"count":1,"href":"https:\/\/businessagility.education\/blog\/cs\/wp-json\/wp\/v2\/pages\/471\/revisions"}],"predecessor-version":[{"id":473,"href":"https:\/\/businessagility.education\/blog\/cs\/wp-json\/wp\/v2\/pages\/471\/revisions\/473"}],"wp:featuredmedia":[{"embeddable":true,"href":"https:\/\/businessagility.education\/blog\/cs\/wp-json\/wp\/v2\/media\/472"}],"wp:attachment":[{"href":"https:\/\/businessagility.education\/blog\/cs\/wp-json\/wp\/v2\/media?parent=471"}],"curies":[{"name":"wp","href":"https:\/\/api.w.org\/{rel}","templated":true}]}}