{"id":379,"date":"2024-10-01T19:23:44","date_gmt":"2024-10-01T23:23:44","guid":{"rendered":"https:\/\/businessagility.education\/blog\/?page_id=379"},"modified":"2024-10-01T19:23:45","modified_gmt":"2024-10-01T23:23:45","slug":"aci-vs-hac","status":"publish","type":"page","link":"https:\/\/businessagility.education\/blog\/cs\/aci-vs-hac\/","title":{"rendered":"Roz\u0161\u00ed\u0159en\u00e1 kolektivn\u00ed inteligence (ACI) a komplementarita \u010dlov\u011bka a um\u011bl\u00e9 inteligence (HAC)"},"content":{"rendered":"<p><\/p>\n\n\n\n<p><strong>ACI a HAC: dv\u011b strany jedn\u00e9 mince<\/strong><\/p>\n\n\n\n<p>V dne\u0161n\u00edm sv\u011bt\u011b se vztah mezi lidmi a um\u011blou inteligenc\u00ed (AI) rychle vyv\u00edj\u00ed a pro popis t\u00e9to synergie se \u010dasto pou\u017e\u00edvaj\u00ed dva kl\u00ed\u010dov\u00e9 pojmy: <strong>Roz\u0161\u00ed\u0159en\u00e1 kolektivn\u00ed inteligence (ACI)<\/strong> a <strong>Komplementarita \u010dlov\u011bka a um\u011bl\u00e9 inteligence (HAC)<\/strong>. A\u010dkoli se tyto pojmy mohou zd\u00e1t zpo\u010d\u00e1tku odli\u0161n\u00e9, oba sm\u011b\u0159uj\u00ed ke spole\u010dn\u00e9mu c\u00edli - vyu\u017eit\u00ed s\u00edly spolupr\u00e1ce \u010dlov\u011bka a um\u011bl\u00e9 inteligence k dosa\u017een\u00ed v\u00fdsledk\u016f, kter\u00fdch by ani jeden z nich nedos\u00e1hl s\u00e1m. Prozkoumejme tyto pojmy podrobn\u011bji a zjist\u011bme, pro\u010d jsou v podstat\u011b dv\u011bma stranami t\u00e9\u017ee mince.<\/p>\n\n\n\n<p><\/p>\n\n\n\n<figure class=\"wp-block-embed is-type-video is-provider-youtube wp-block-embed-youtube wp-embed-aspect-16-9 wp-has-aspect-ratio\"><div class=\"wp-block-embed__wrapper\">\n<iframe loading=\"lazy\" title=\"Roz\u0161\u00ed\u0159en\u00e1 kolektivn\u00ed inteligence (ACI) a komplementarita \u010dlov\u011bka a um\u011bl\u00e9 inteligence (HAC) #aieducation\" width=\"580\" height=\"326\" src=\"https:\/\/www.youtube.com\/embed\/F9Vi0YjGcfA?feature=oembed\" frameborder=\"0\" allow=\"accelerometer; autoplay; clipboard-write; encrypted-media; gyroscope; picture-in-picture; web-share\" referrerpolicy=\"strict-origin-when-cross-origin\" allowfullscreen><\/iframe>\n<\/div><\/figure>\n\n\n\n<p><\/p>\n\n\n\n<h3 class=\"wp-block-heading\">Co je roz\u0161\u00ed\u0159en\u00e1 kolektivn\u00ed inteligence (ACI)?<\/h3>\n\n\n\n<p>Roz\u0161\u00ed\u0159en\u00e1 kolektivn\u00ed inteligence (Augmented Collective Intelligence, ACI) ozna\u010duje v\u00fdkonnou kolektivn\u00ed inteligenci, kter\u00e1 vznik\u00e1 p\u0159i spolupr\u00e1ci lid\u00ed a um\u011bl\u00e9 inteligence. Vych\u00e1z\u00ed z my\u0161lenky, \u017ee lid\u00e9 a um\u011bl\u00e1 inteligence mohou p\u0159i spolupr\u00e1ci vytvo\u0159it synergii, kdy jejich spole\u010dn\u00e9 schopnosti p\u0159ekonaj\u00ed jejich individu\u00e1ln\u00ed s\u00edly. O ACI se \u010dasto diskutuje v akademick\u00fdch a v\u00fdzkumn\u00fdch kruz\u00edch, kde se zam\u011b\u0159uj\u00ed na pochopen\u00ed toho, jak m\u016f\u017ee partnerstv\u00ed \u010dlov\u011bka a AI v\u00e9st k pronikav\u011bj\u0161\u00edm rozhodnut\u00edm, lep\u0161\u00edmu \u0159e\u0161en\u00ed probl\u00e9m\u016f a v\u011bt\u0161\u00ed kreativit\u011b.<\/p>\n\n\n\n<p>Hlavn\u00ed my\u0161lenkou ACI je, \u017ee <strong>Um\u011bl\u00e1 inteligence m\u016f\u017ee roz\u0161\u00ed\u0159it lidsk\u00e9 schopnosti<\/strong>, kter\u00e9 pom\u00e1haj\u00ed jednotlivc\u016fm a t\u00fdm\u016fm zpracov\u00e1vat slo\u017eit\u00e1 data, identifikovat vzorce a rychleji a p\u0159esn\u011bji p\u0159ij\u00edmat informovan\u00e1 rozhodnut\u00ed. Lid\u00e9 zase p\u0159isp\u00edvaj\u00ed kreativitou, empati\u00ed a ch\u00e1p\u00e1n\u00edm souvislost\u00ed, tedy oblastmi, ve kter\u00fdch je um\u011bl\u00e1 inteligence m\u00e9n\u011b schopn\u00e1. Tato kolektivn\u00ed inteligence - postaven\u00e1 na siln\u00fdch str\u00e1nk\u00e1ch lid\u00ed i stroj\u016f - m\u00e1 potenci\u00e1l zp\u016fsobit revoluci v oblastech, jako je zdravotnictv\u00ed, vzd\u011bl\u00e1v\u00e1n\u00ed, podnik\u00e1n\u00ed a spr\u00e1va v\u011bc\u00ed ve\u0159ejn\u00fdch.<\/p>\n\n\n\n<p>Nap\u0159\u00edklad ve zdravotnictv\u00ed m\u016f\u017ee ACI zv\u00fd\u0161it p\u0159esnost diagnostiky. Um\u011bl\u00e1 inteligence dok\u00e1\u017ee rychle zpracovat obrovsk\u00e9 mno\u017estv\u00ed dat o pacientech a upozornit na potenci\u00e1ln\u00ed zdravotn\u00ed probl\u00e9my, kter\u00e9 by lidsk\u00fd l\u00e9ka\u0159 mohl p\u0159ehl\u00e9dnout. Zku\u0161enosti a empatie l\u00e9ka\u0159e jsou v\u0161ak z\u00e1sadn\u00ed pro kontextualizaci t\u011bchto zji\u0161t\u011bn\u00ed a p\u0159ijet\u00ed kone\u010dn\u00e9ho rozhodnut\u00ed, kter\u00e9 nejl\u00e9pe poslou\u017e\u00ed pacientovi.<\/p>\n\n\n\n<h3 class=\"wp-block-heading\">Co je to komplementarita \u010dlov\u011bka a um\u011bl\u00e9 inteligence (HAC)?<\/h3>\n\n\n\n<p>ACI sice zd\u016fraz\u0148uje my\u0161lenku \"kolektivn\u00ed inteligence\", ale... <strong>Komplementarita \u010dlov\u011bka a um\u011bl\u00e9 inteligence (HAC)<\/strong> se v\u00edce zam\u011b\u0159uje na odli\u0161n\u00e9 a dopl\u0148uj\u00edc\u00ed se role, kter\u00e9 lid\u00e9 a um\u011bl\u00e1 inteligence hraj\u00ed ve spolupr\u00e1ci. HAC zd\u016fraz\u0148uje, \u017ee lid\u00e9 a um\u011bl\u00e1 inteligence p\u0159in\u00e1\u0161ej\u00ed r\u016fzn\u00e9, ale vz\u00e1jemn\u011b se dopl\u0148uj\u00edc\u00ed dovednosti. Tam, kde lid\u00e9 vynikaj\u00ed kreativitou, emo\u010dn\u00ed inteligenc\u00ed a strategick\u00fdm my\u0161len\u00edm, AI vynik\u00e1 ve zpracov\u00e1n\u00ed dat, rozpozn\u00e1v\u00e1n\u00ed vzorc\u016f a prov\u00e1d\u011bn\u00ed opakuj\u00edc\u00edch se \u00fakol\u016f.<\/p>\n\n\n\n<p>O HAC se \u010dasto hovo\u0159\u00ed v obchodn\u00edm a pr\u016fmyslov\u00e9m kontextu, kde se klade d\u016fraz na praktick\u00e9 aplikace. V t\u011bchto podm\u00ednk\u00e1ch, <strong>Um\u011bl\u00e1 inteligence nen\u00ed pova\u017eov\u00e1na za n\u00e1hradu lidsk\u00fdch pracovn\u00edk\u016f, ale za n\u00e1stroj, kter\u00fd dopl\u0148uje a zvy\u0161uje lidsk\u00fd v\u00fdkon.<\/strong>. V oblastech, jako jsou finance, slu\u017eby z\u00e1kazn\u00edk\u016fm a marketing, m\u016f\u017ee HAC zv\u00fd\u0161it produktivitu, zlep\u0161it rozhodov\u00e1n\u00ed a zlep\u0161it zku\u0161enosti z\u00e1kazn\u00edk\u016f.<\/p>\n\n\n\n<p>Nap\u0159\u00edklad v oblasti z\u00e1kaznick\u00fdch slu\u017eeb mohou chatboti s um\u011blou inteligenc\u00ed vy\u0159izovat rutinn\u00ed dotazy, jako je kontrola stavu objedn\u00e1vky nebo zodpov\u00edd\u00e1n\u00ed b\u011b\u017en\u00fdch ot\u00e1zek, a uvolnit tak lidsk\u00fdm agent\u016fm m\u00edsto, aby se mohli v\u011bnovat slo\u017eit\u011bj\u0161\u00edm nebo emocion\u00e1ln\u011b lad\u011bn\u00fdm interakc\u00edm se z\u00e1kazn\u00edky. Tento dopl\u0148kov\u00fd p\u0159\u00edstup maximalizuje efektivitu, ani\u017e by byl ob\u011btov\u00e1n osobn\u00ed p\u0159\u00edstup, kter\u00fd mohou poskytnout pouze lid\u00e9.<\/p>\n\n\n\n<h3 class=\"wp-block-heading\">ACI a HAC: jednotn\u00e1 koncepce<\/h3>\n\n\n\n<p>Na prvn\u00ed pohled se m\u016f\u017ee zd\u00e1t, \u017ee ACI a HAC p\u0159edstavuj\u00ed odli\u0161n\u00e9 my\u0161lenky - jedna se zam\u011b\u0159uje na kolektivn\u00ed inteligenci a druh\u00e1 na dopl\u0148kov\u00e9 dovednosti. V kone\u010dn\u00e9m d\u016fsledku v\u0161ak popisuj\u00ed stejn\u00fd jev: produktivn\u00ed partnerstv\u00ed mezi lidmi a um\u011blou inteligenc\u00ed.<\/p>\n\n\n\n<ul class=\"wp-block-list\">\n<li><strong>ACI<\/strong> se obvykle pou\u017e\u00edv\u00e1 v teoretick\u00e9m nebo v\u00fdzkumn\u00e9m kontextu a zd\u016fraz\u0148uje kolektivn\u00ed inteligenci, kter\u00e1 vznik\u00e1 spoluprac\u00ed \u010dlov\u011bka a um\u011bl\u00e9 inteligence.<\/li>\n\n\n\n<li><strong>HAC<\/strong> se \u010dast\u011bji pou\u017e\u00edv\u00e1 v obchodn\u00edm a praktick\u00e9m prost\u0159ed\u00ed, p\u0159i\u010dem\u017e se zd\u016fraz\u0148uj\u00ed odli\u0161n\u00e9, ale vz\u00e1jemn\u011b se dopl\u0148uj\u00edc\u00ed siln\u00e9 str\u00e1nky \u010dlov\u011bka a um\u011bl\u00e9 inteligence.<\/li>\n<\/ul>\n\n\n\n<p>ACI i HAC jsou zalo\u017eeny na p\u0159esv\u011bd\u010den\u00ed, \u017ee lid\u00e9 a um\u011bl\u00e1 inteligence si nekonkuruj\u00ed, ale mohou spolupracovat na dosa\u017een\u00ed lep\u0161\u00edch v\u00fdsledk\u016f. A\u0165 u\u017e prost\u0159ednictv\u00edm kolektivn\u00ed inteligence nebo komplementarity, vztah mezi \u010dlov\u011bkem a AI je definov\u00e1n my\u0161lenkou, \u017ee <strong>celek je v\u011bt\u0161\u00ed ne\u017e sou\u010det jeho \u010d\u00e1st\u00ed.<\/strong>.<\/p>\n\n\n\n<h3 class=\"wp-block-heading\">Pro\u010d je to d\u016fle\u017eit\u00e9?<\/h3>\n\n\n\n<p>Pochopen\u00ed sou\u010dinnosti mezi lidmi a um\u011blou inteligenc\u00ed je v dne\u0161n\u00ed rychle se vyv\u00edjej\u00edc\u00ed technologick\u00e9 situaci kl\u00ed\u010dov\u00e9. Podniky a organizace, kter\u00e9 efektivn\u011b vyu\u017e\u00edvaj\u00ed spolupr\u00e1ci \u010dlov\u011bka a um\u011bl\u00e9 inteligence, mohou z\u00edskat konkuren\u010dn\u00ed v\u00fdhodu, zat\u00edmco ty, kter\u00e9 ji nevyu\u017e\u00edvaj\u00ed, riskuj\u00ed, \u017ee z\u016fstanou pozadu. A\u0165 u\u017e mluv\u00edme o ACI nebo HAC, kl\u00ed\u010dov\u00fd z\u00e1v\u011br je stejn\u00fd: <strong>spolupr\u00e1ce \u010dlov\u011bka s um\u011blou inteligenc\u00ed m\u016f\u017ee zv\u00fd\u0161it produktivitu, inovace a rozhodov\u00e1n\u00ed.<\/strong> v r\u016fzn\u00fdch odv\u011btv\u00edch.<\/p>\n\n\n\n<p>Nap\u0159\u00edklad:<\/p>\n\n\n\n<ul class=\"wp-block-list\">\n<li><strong>Ve v\u00fdrob\u011b<\/strong>, stroje \u0159\u00edzen\u00e9 um\u011blou inteligenc\u00ed zvl\u00e1dnou opakuj\u00edc\u00ed se a p\u0159esn\u00e9 \u00fakoly, zat\u00edmco lid\u00e9 se soust\u0159ed\u00ed na design a inovace.<\/li>\n\n\n\n<li><strong>V marketingu<\/strong>, um\u011bl\u00e1 inteligence dok\u00e1\u017ee analyzovat spot\u0159ebitelsk\u00e1 data a p\u0159edv\u00eddat trendy, zat\u00edmco lid\u00e9 vytv\u00e1\u0159ej\u00ed kreativn\u00ed kampan\u011b, kter\u00e9 emocion\u00e1ln\u011b rezonuj\u00ed s c\u00edlovou skupinou.<\/li>\n\n\n\n<li><strong>Ve vzd\u011bl\u00e1v\u00e1n\u00ed<\/strong>, m\u016f\u017ee um\u011bl\u00e1 inteligence personalizovat v\u00fduku anal\u00fdzou \u00fadaj\u016f o studentech, zat\u00edmco u\u010ditel\u00e9 poskytuj\u00ed osobn\u00ed interakci a veden\u00ed, kter\u00e9 jsou nezbytn\u00e9 pro podporu pozitivn\u00edho vzd\u011bl\u00e1vac\u00edho prost\u0159ed\u00ed.<\/li>\n<\/ul>\n\n\n\n<p>P\u0159ijet\u00edm ACI a HAC mohou organizace vytvo\u0159it pracovn\u00ed prost\u0159ed\u00ed, ve kter\u00e9m budou <strong>Um\u011bl\u00e1 inteligence roz\u0161i\u0159uje lidsk\u00e9 schopnosti<\/strong>, co\u017e umo\u017e\u0148uje pracovn\u00edk\u016fm soust\u0159edit se na \u00fakoly vy\u0161\u0161\u00ed \u00farovn\u011b, kter\u00e9 vy\u017eaduj\u00ed kritick\u00e9 my\u0161len\u00ed, kreativitu a empatii.<\/p>\n\n\n\n<h3 class=\"wp-block-heading\">V\u00fdb\u011br spr\u00e1vn\u00e9ho term\u00ednu pro spr\u00e1vn\u00e9 publikum<\/h3>\n\n\n\n<p>Jeden z kl\u00ed\u010dov\u00fdch rozd\u00edl\u016f mezi ACI a HAC spo\u010d\u00edv\u00e1 v jejich pou\u017eit\u00ed. ACI je \u010dasto vhodn\u011bj\u0161\u00ed pro akademick\u00e9 diskuse, v\u00fdzkumn\u00e9 studie a teoretick\u00e9 zkoum\u00e1n\u00ed toho, jak se prol\u00ednaj\u00ed schopnosti \u010dlov\u011bka a um\u011bl\u00e9 inteligence. HAC je naproti tomu vhodn\u011bj\u0161\u00ed pro rozhovory zam\u011b\u0159en\u00e9 na pr\u016fmysl, kde je kladen d\u016fraz na praktick\u00e9 aplikace AI na pracovi\u0161ti a p\u0159\u00ednosy spolupr\u00e1ce \u010dlov\u011bka a AI v konkr\u00e9tn\u00edch oblastech.<\/p>\n\n\n\n<p>Volba mezi ACI a HAC se nakonec odv\u00edj\u00ed od kontextu a publika. Bez ohledu na to, kter\u00fd term\u00edn pou\u017eijete, je sd\u011blen\u00ed jasn\u00e9: <strong>lid\u00e9 a um\u011bl\u00e1 inteligence mohou ve spolupr\u00e1ci dos\u00e1hnout mimo\u0159\u00e1dn\u00fdch v\u00fdsledk\u016f.<\/strong>.<\/p>\n\n\n\n<h3 class=\"wp-block-heading\">Z\u00e1v\u011br<\/h3>\n\n\n\n<p>Roz\u0161\u00ed\u0159en\u00e1 kolektivn\u00ed inteligence (Augmented Collective Intelligence, ACI) a komplementarita \u010dlov\u011bka a um\u011bl\u00e9 inteligence (Human-AI Complementarity, HAC) se mohou jevit jako dva odli\u0161n\u00e9 pojmy, ale v z\u00e1sad\u011b popisuj\u00ed stejn\u00fd vztah mezi lidmi a um\u011blou inteligenc\u00ed. Oba zd\u016fraz\u0148uj\u00ed, \u017ee spolupr\u00e1ce mezi lidmi a AI vede k inovativn\u011bj\u0161\u00edm, efektivn\u011bj\u0161\u00edm a \u00fadern\u011bj\u0161\u00edm v\u00fdsledk\u016fm. A\u0165 u\u017e ve v\u00fdzkumu, pr\u016fmyslu nebo ka\u017edodenn\u00edm provozu, <strong>kombinace lidsk\u00e9 vynal\u00e9zavosti a analytick\u00e9 s\u00edly um\u011bl\u00e9 inteligence nab\u00edz\u00ed neomezen\u00fd potenci\u00e1l.<\/strong> pro organizace, kter\u00e9 jsou ochotny p\u0159ijmout toto rozv\u00edjej\u00edc\u00ed se partnerstv\u00ed.<\/p>","protected":false},"excerpt":{"rendered":"<p>ACI a HAC: dv\u011b strany jedn\u00e9 mince V dne\u0161n\u00edm sv\u011bt\u011b se vztah mezi lidmi a um\u011blou inteligenc\u00ed (AI) rychle vyv\u00edj\u00ed a pro popis t\u00e9to synergie se \u010dasto pou\u017e\u00edvaj\u00ed dva kl\u00ed\u010dov\u00e9 pojmy: Tyto dva pojmy ozna\u010duj\u00ed roz\u0161\u00ed\u0159enou kolektivn\u00ed inteligenci (Augmented Collective Intelligence, ACI) a komplementaritu \u010dlov\u011bka a um\u011bl\u00e9 inteligence (Human-AI Complementarity, HAC). A\u010dkoli se tyto term\u00edny mohou zpo\u010d\u00e1tku zd\u00e1t odli\u0161n\u00e9, oba poukazuj\u00ed na spole\u010dn\u00fd [...]<\/p>","protected":false},"author":1,"featured_media":0,"parent":0,"menu_order":0,"comment_status":"closed","ping_status":"closed","template":"","meta":{"footnotes":""},"class_list":["post-379","page","type-page","status-publish","hentry"],"yoast_head":"<!-- This site is optimized with the Yoast SEO plugin v24.9 - https:\/\/yoast.com\/wordpress\/plugins\/seo\/ -->\n<title>Augmented Collective Intelligence (ACI) and Human-AI Complementarity (HAC) - Business Agility+AI<\/title>\n<meta name=\"description\" content=\"Augmented Collective Intelligence (ACI) and Human-AI Complementarity (HAC) drive innovation by merging human creativity with AI&#039;s data-driven insights\" \/>\n<meta name=\"robots\" content=\"index, follow, max-snippet:-1, max-image-preview:large, max-video-preview:-1\" \/>\n<link rel=\"canonical\" href=\"https:\/\/businessagility.education\/blog\/cs\/aci-vs-hac\/\" \/>\n<meta property=\"og:locale\" content=\"cs_CZ\" \/>\n<meta property=\"og:type\" content=\"article\" \/>\n<meta property=\"og:title\" content=\"Augmented Collective Intelligence (ACI) and Human-AI Complementarity (HAC) - Business Agility+AI\" \/>\n<meta property=\"og:description\" content=\"Augmented Collective Intelligence (ACI) and Human-AI Complementarity (HAC) drive innovation by merging human creativity with AI&#039;s data-driven insights\" \/>\n<meta property=\"og:url\" content=\"https:\/\/businessagility.education\/blog\/cs\/aci-vs-hac\/\" \/>\n<meta property=\"og:site_name\" content=\"Business Agility+AI\" \/>\n<meta property=\"article:modified_time\" content=\"2024-10-01T23:23:45+00:00\" \/>\n<meta name=\"twitter:card\" content=\"summary_large_image\" \/>\n<meta name=\"twitter:label1\" content=\"Odhadovan\u00e1 doba \u010dten\u00ed\" \/>\n\t<meta name=\"twitter:data1\" content=\"5 minut\" \/>\n<script type=\"application\/ld+json\" class=\"yoast-schema-graph\">{\"@context\":\"https:\/\/schema.org\",\"@graph\":[{\"@type\":\"WebPage\",\"@id\":\"https:\/\/businessagility.education\/blog\/aci-vs-hac\/\",\"url\":\"https:\/\/businessagility.education\/blog\/aci-vs-hac\/\",\"name\":\"Augmented Collective Intelligence (ACI) and Human-AI Complementarity (HAC) - Business Agility+AI\",\"isPartOf\":{\"@id\":\"https:\/\/businessagility.education\/blog\/#website\"},\"datePublished\":\"2024-10-01T23:23:44+00:00\",\"dateModified\":\"2024-10-01T23:23:45+00:00\",\"description\":\"Augmented Collective Intelligence (ACI) and Human-AI Complementarity (HAC) drive innovation by merging human creativity with AI's data-driven insights\",\"breadcrumb\":{\"@id\":\"https:\/\/businessagility.education\/blog\/aci-vs-hac\/#breadcrumb\"},\"inLanguage\":\"cs\",\"potentialAction\":[{\"@type\":\"ReadAction\",\"target\":[\"https:\/\/businessagility.education\/blog\/aci-vs-hac\/\"]}]},{\"@type\":\"BreadcrumbList\",\"@id\":\"https:\/\/businessagility.education\/blog\/aci-vs-hac\/#breadcrumb\",\"itemListElement\":[{\"@type\":\"ListItem\",\"position\":1,\"name\":\"Home\",\"item\":\"https:\/\/businessagility.education\/blog\/\"},{\"@type\":\"ListItem\",\"position\":2,\"name\":\"Augmented Collective Intelligence (ACI) and Human-AI Complementarity (HAC)\"}]},{\"@type\":\"WebSite\",\"@id\":\"https:\/\/businessagility.education\/blog\/#website\",\"url\":\"https:\/\/businessagility.education\/blog\/\",\"name\":\"Business Agility+AI\",\"description\":\"The Business Agility + Artificial Intelligence Blog\",\"publisher\":{\"@id\":\"https:\/\/businessagility.education\/blog\/#organization\"},\"potentialAction\":[{\"@type\":\"SearchAction\",\"target\":{\"@type\":\"EntryPoint\",\"urlTemplate\":\"https:\/\/businessagility.education\/blog\/?s={search_term_string}\"},\"query-input\":{\"@type\":\"PropertyValueSpecification\",\"valueRequired\":true,\"valueName\":\"search_term_string\"}}],\"inLanguage\":\"cs\"},{\"@type\":\"Organization\",\"@id\":\"https:\/\/businessagility.education\/blog\/#organization\",\"name\":\"Business Agility+AI\",\"url\":\"https:\/\/businessagility.education\/blog\/\",\"logo\":{\"@type\":\"ImageObject\",\"inLanguage\":\"cs\",\"@id\":\"https:\/\/businessagility.education\/blog\/#\/schema\/logo\/image\/\",\"url\":\"https:\/\/businessagility.education\/blog\/wp-content\/uploads\/2022\/06\/business-agility-blog-logo.png\",\"contentUrl\":\"https:\/\/businessagility.education\/blog\/wp-content\/uploads\/2022\/06\/business-agility-blog-logo.png\",\"width\":200,\"height\":100,\"caption\":\"Business Agility+AI\"},\"image\":{\"@id\":\"https:\/\/businessagility.education\/blog\/#\/schema\/logo\/image\/\"}}]}<\/script>\n<!-- \/ Yoast SEO plugin. -->","yoast_head_json":{"title":"Augmented Collective Intelligence (ACI) and Human-AI Complementarity (HAC) - Business Agility+AI","description":"Augmented Collective Intelligence (ACI) and Human-AI Complementarity (HAC) drive innovation by merging human creativity with AI's data-driven insights","robots":{"index":"index","follow":"follow","max-snippet":"max-snippet:-1","max-image-preview":"max-image-preview:large","max-video-preview":"max-video-preview:-1"},"canonical":"https:\/\/businessagility.education\/blog\/cs\/aci-vs-hac\/","og_locale":"cs_CZ","og_type":"article","og_title":"Augmented Collective Intelligence (ACI) and Human-AI Complementarity (HAC) - Business Agility+AI","og_description":"Augmented Collective Intelligence (ACI) and Human-AI Complementarity (HAC) drive innovation by merging human creativity with AI's data-driven insights","og_url":"https:\/\/businessagility.education\/blog\/cs\/aci-vs-hac\/","og_site_name":"Business Agility+AI","article_modified_time":"2024-10-01T23:23:45+00:00","twitter_card":"summary_large_image","twitter_misc":{"Odhadovan\u00e1 doba \u010dten\u00ed":"5 minut"},"schema":{"@context":"https:\/\/schema.org","@graph":[{"@type":"WebPage","@id":"https:\/\/businessagility.education\/blog\/aci-vs-hac\/","url":"https:\/\/businessagility.education\/blog\/aci-vs-hac\/","name":"Augmented Collective Intelligence (ACI) and Human-AI Complementarity (HAC) - Business Agility+AI","isPartOf":{"@id":"https:\/\/businessagility.education\/blog\/#website"},"datePublished":"2024-10-01T23:23:44+00:00","dateModified":"2024-10-01T23:23:45+00:00","description":"Augmented Collective Intelligence (ACI) and Human-AI Complementarity (HAC) drive innovation by merging human creativity with AI's data-driven insights","breadcrumb":{"@id":"https:\/\/businessagility.education\/blog\/aci-vs-hac\/#breadcrumb"},"inLanguage":"cs","potentialAction":[{"@type":"ReadAction","target":["https:\/\/businessagility.education\/blog\/aci-vs-hac\/"]}]},{"@type":"BreadcrumbList","@id":"https:\/\/businessagility.education\/blog\/aci-vs-hac\/#breadcrumb","itemListElement":[{"@type":"ListItem","position":1,"name":"Home","item":"https:\/\/businessagility.education\/blog\/"},{"@type":"ListItem","position":2,"name":"Augmented Collective Intelligence (ACI) and Human-AI Complementarity (HAC)"}]},{"@type":"WebSite","@id":"https:\/\/businessagility.education\/blog\/#website","url":"https:\/\/businessagility.education\/blog\/","name":"Business Agility+AI","description":"The Business Agility + Artificial Intelligence Blog","publisher":{"@id":"https:\/\/businessagility.education\/blog\/#organization"},"potentialAction":[{"@type":"SearchAction","target":{"@type":"EntryPoint","urlTemplate":"https:\/\/businessagility.education\/blog\/?s={search_term_string}"},"query-input":{"@type":"PropertyValueSpecification","valueRequired":true,"valueName":"search_term_string"}}],"inLanguage":"cs"},{"@type":"Organization","@id":"https:\/\/businessagility.education\/blog\/#organization","name":"Business Agility+AI","url":"https:\/\/businessagility.education\/blog\/","logo":{"@type":"ImageObject","inLanguage":"cs","@id":"https:\/\/businessagility.education\/blog\/#\/schema\/logo\/image\/","url":"https:\/\/businessagility.education\/blog\/wp-content\/uploads\/2022\/06\/business-agility-blog-logo.png","contentUrl":"https:\/\/businessagility.education\/blog\/wp-content\/uploads\/2022\/06\/business-agility-blog-logo.png","width":200,"height":100,"caption":"Business Agility+AI"},"image":{"@id":"https:\/\/businessagility.education\/blog\/#\/schema\/logo\/image\/"}}]}},"_links":{"self":[{"href":"https:\/\/businessagility.education\/blog\/cs\/wp-json\/wp\/v2\/pages\/379","targetHints":{"allow":["GET"]}}],"collection":[{"href":"https:\/\/businessagility.education\/blog\/cs\/wp-json\/wp\/v2\/pages"}],"about":[{"href":"https:\/\/businessagility.education\/blog\/cs\/wp-json\/wp\/v2\/types\/page"}],"author":[{"embeddable":true,"href":"https:\/\/businessagility.education\/blog\/cs\/wp-json\/wp\/v2\/users\/1"}],"replies":[{"embeddable":true,"href":"https:\/\/businessagility.education\/blog\/cs\/wp-json\/wp\/v2\/comments?post=379"}],"version-history":[{"count":1,"href":"https:\/\/businessagility.education\/blog\/cs\/wp-json\/wp\/v2\/pages\/379\/revisions"}],"predecessor-version":[{"id":380,"href":"https:\/\/businessagility.education\/blog\/cs\/wp-json\/wp\/v2\/pages\/379\/revisions\/380"}],"wp:attachment":[{"href":"https:\/\/businessagility.education\/blog\/cs\/wp-json\/wp\/v2\/media?parent=379"}],"curies":[{"name":"wp","href":"https:\/\/api.w.org\/{rel}","templated":true}]}}