{"id":367,"date":"2024-09-26T10:51:44","date_gmt":"2024-09-26T14:51:44","guid":{"rendered":"https:\/\/businessagility.education\/blog\/?page_id=367"},"modified":"2024-09-26T10:51:45","modified_gmt":"2024-09-26T14:51:45","slug":"human-ai-work-vs-power-tools","status":"publish","type":"page","link":"https:\/\/businessagility.education\/blog\/cs\/human-ai-work-vs-power-tools\/","title":{"rendered":"Pr\u00e1ce \u010dlov\u011bka s AI vs. elektrick\u00e9 n\u00e1stroje"},"content":{"rendered":"<p><\/p>\n\n\n\n<p>ABSTRAKT: Na rozd\u00edl od v\u00fdkonn\u00fdch n\u00e1stroj\u016f se um\u011bl\u00e1 inteligence u\u010d\u00ed, p\u0159izp\u016fsobuje a nab\u00edz\u00ed prediktivn\u00ed poznatky, p\u0159i\u010dem\u017e pracuje autonomn\u011b, aby zlep\u0161ila rozhodov\u00e1n\u00ed a efektivitu. AI zdaleka nen\u00ed pouh\u00fdm pomocn\u00edkem, ale strategick\u00fdm partnerem, kter\u00fd se neust\u00e1le vyv\u00edj\u00ed, aby optimalizoval podnikov\u00e9 procesy a dosahoval chyt\u0159ej\u0161\u00edch v\u00fdsledk\u016f zalo\u017een\u00fdch na datech.<\/p>\n\n\n\n<p><strong>Pro\u010d um\u011bl\u00e1 inteligence nen\u00ed elektrick\u00fd n\u00e1stroj jako vrta\u010dka nebo motorov\u00e1 pila?<\/strong><\/p>\n\n\n\n<p>P\u0159irovn\u00e1n\u00ed um\u011bl\u00e9 inteligence k elektrick\u00e9mu n\u00e1\u0159ad\u00ed, jako je vrta\u010dka nebo motorov\u00e1 pila, se zd\u00e1 b\u00fdt na prvn\u00ed pohled p\u0159\u00edhodn\u00e9. Koneckonc\u016f, oboj\u00ed jsou to n\u00e1stroje ur\u010den\u00e9 ke zv\u00fd\u0161en\u00ed lidsk\u00fdch schopnost\u00ed. Ale toto p\u0159irovn\u00e1n\u00ed je sice chytlav\u00e9, ale divoce podce\u0148uje hloubku, v\u0161estrannost a transforma\u010dn\u00ed potenci\u00e1l AI. Poj\u010fme prozkoumat, pro\u010d je AI mnohem v\u00edc ne\u017e jen vrta\u010dka a pro\u010d je uva\u017eov\u00e1n\u00ed o n\u00ed jako o pouh\u00e9m elektrick\u00e9m n\u00e1stroji p\u0159\u00edli\u0161n\u00fdm zjednodu\u0161en\u00edm, kter\u00e9 p\u0159ehl\u00ed\u017e\u00ed jej\u00ed skute\u010dn\u00fd dopad na modern\u00ed podnik\u00e1n\u00ed.<\/p>\n\n\n\n<p><\/p>\n\n\n\n<figure class=\"wp-block-embed is-type-video is-provider-youtube wp-block-embed-youtube wp-embed-aspect-16-9 wp-has-aspect-ratio\"><div class=\"wp-block-embed__wrapper\">\n<iframe loading=\"lazy\" title=\"Komplementarita \u010dlov\u011bka a um\u011bl\u00e9 inteligence: Vzd\u011bl\u00e1v\u00e1n\u00ed v oblasti um\u011bl\u00e9 inteligence\" width=\"580\" height=\"326\" src=\"https:\/\/www.youtube.com\/embed\/mRE7yclkefc?feature=oembed\" frameborder=\"0\" allow=\"accelerometer; autoplay; clipboard-write; encrypted-media; gyroscope; picture-in-picture; web-share\" referrerpolicy=\"strict-origin-when-cross-origin\" allowfullscreen><\/iframe>\n<\/div><\/figure>\n\n\n\n<p><\/p>\n\n\n\n<h3 class=\"wp-block-heading\"><strong>Um\u011bl\u00e1 inteligence nen\u00ed specifick\u00e1 pro konkr\u00e9tn\u00ed \u00fakoly jako elektrick\u00e9 n\u00e1stroje<\/strong><\/h3>\n\n\n\n<p>Vrt\u00e1k vrt\u00e1. \u0158et\u011bzov\u00e1 pila \u0159e\u017ee. Elektrick\u00e9 n\u00e1\u0159ad\u00ed je \u00fazce specializovan\u00e9; vykon\u00e1v\u00e1 jeden konkr\u00e9tn\u00ed \u00fakol, i kdy\u017e velmi dob\u0159e. Um\u011bl\u00e1 inteligence naproti tomu nen\u00ed omezena na jedinou funkci. Je to jako cel\u00e1 sada n\u00e1stroj\u016f srolovan\u00e1 do jednoho dynamick\u00e9ho syst\u00e9mu, kter\u00fd se neust\u00e1le p\u0159izp\u016fsobuje, u\u010d\u00ed a aplikuje se na \u0161irokou \u0161k\u00e1lu probl\u00e9m\u016f. Pot\u0159ebujete p\u0159edv\u00eddat chov\u00e1n\u00ed z\u00e1kazn\u00edk\u016f? Um\u011bl\u00e1 inteligence si s t\u00edm porad\u00ed. Chcete optimalizovat dodavatelsk\u00fd \u0159et\u011bzec? AI se o to postar\u00e1. Chcete automatizovat rutinn\u00ed administrativn\u00ed \u00fakony? Hotovo. AI je m\u00e9n\u011b n\u00e1strojem a v\u00edce partnerem schopn\u00fdm \u0159e\u0161it v\u00edce oblast\u00ed sou\u010dasn\u011b. Zat\u00edmco motorov\u00e1 pila se najednou neprom\u011bn\u00ed v post\u0159ikova\u010d barev, AI se dok\u00e1\u017ee flexibiln\u011b zapojit do r\u016fzn\u00fdch rol\u00ed.<\/p>\n\n\n\n<p><\/p>\n\n\n\n<h3 class=\"wp-block-heading\"><strong>Um\u011bl\u00e1 inteligence se nejen u\u010d\u00ed, ale i zdokonaluje<\/strong><\/h3>\n\n\n\n<p>Po zakoupen\u00ed elektrick\u00e9ho n\u00e1\u0159ad\u00ed se jeho schopnosti nem\u011bn\u00ed, dokud se nevyhnuteln\u011b neopot\u0159ebuje nebo nevym\u011bn\u00ed. Um\u011bl\u00e1 inteligence se v\u0161ak \u010dasem zlep\u0161uje. Algoritmy strojov\u00e9ho u\u010den\u00ed umo\u017e\u0148uj\u00ed AI zlep\u0161ovat se na z\u00e1klad\u011b zp\u011btn\u00e9 vazby a neust\u00e1le optimalizovat sv\u016fj v\u00fdkon. To znamen\u00e1, \u017ee AI nejen pln\u00ed \u00fakoly - u\u010d\u00ed se z v\u00fdsledk\u016f, zdokonaluje sv\u016fj p\u0159\u00edstup a p\u0159izp\u016fsobuje se nov\u00fdm v\u00fdzv\u00e1m. P\u0159edstavte si, \u017ee by va\u0161e vrta\u010dka l\u00e9pe porozum\u011bla typu povrchu, na kter\u00e9m pracuje, a p\u0159izp\u016fsobila by sv\u00e9 ot\u00e1\u010dky a to\u010div\u00fd moment k dokonalosti, ani\u017e byste ji museli nav\u00e1d\u011bt. P\u0159esn\u011b to d\u011bl\u00e1 um\u011bl\u00e1 inteligence s va\u0161imi daty a vyv\u00edj\u00ed se daleko za hranice jedno\u00fa\u010delov\u00e9ho n\u00e1stroje.<\/p>\n\n\n\n<p><\/p>\n\n\n\n<h3 class=\"wp-block-heading\"><strong>Um\u011bl\u00e1 inteligence poskytuje poznatky, ne jen realizaci<\/strong><\/h3>\n\n\n\n<p>Elektrick\u00e9 n\u00e1\u0159ad\u00ed, bez ohledu na to, jak je vysp\u011bl\u00e9, je jen tak dobr\u00e9, jak dobr\u00e9 jsou ruce, kter\u00e9 ho pou\u017e\u00edvaj\u00ed. Um\u011bl\u00e1 inteligence naproti tomu nejen vykon\u00e1v\u00e1, ale tak\u00e9 analyzuje, zpracov\u00e1v\u00e1 a nab\u00edz\u00ed poznatky zalo\u017een\u00e9 na datech, kter\u00e9 p\u0159esahuj\u00ed lidsk\u00e9 schopnosti. Vrta\u010dka v\u00e1m nikdy nenavrhne, kter\u00e9 materi\u00e1ly jsou pro v\u00e1\u0161 projekt nejlep\u0161\u00ed, ani neanalyzuje, pro\u010d v\u00e1\u0161 posledn\u00ed pokus selhal. AI v\u0161ak dok\u00e1\u017ee p\u0159edpov\u00eddat trendy, doporu\u010dovat strategie a poskytovat doporu\u010den\u00ed na z\u00e1klad\u011b obrovsk\u00e9ho mno\u017estv\u00ed dat. Nen\u00ed to jen n\u00e1stroj pro \u010dinnost; je to strategick\u00fd partner, kter\u00fd \u0159\u00edd\u00ed rozhodov\u00e1n\u00ed.<\/p>\n\n\n\n<p><\/p>\n\n\n\n<h3 class=\"wp-block-heading\"><strong>Um\u011bl\u00e1 inteligence pracuje samostatn\u011b<\/strong><\/h3>\n\n\n\n<p>Elektrick\u00e9 n\u00e1\u0159ad\u00ed vy\u017eaduje neust\u00e1l\u00fd lidsk\u00fd dohled. Nem\u016f\u017eete nastavit vrta\u010dku a odej\u00edt a o\u010dek\u00e1vat, \u017ee samostatn\u011b dokon\u010d\u00ed pr\u00e1ci. D\u00edky um\u011bl\u00e9 inteligenci lze velkou \u010d\u00e1st pr\u00e1ce automatizovat a \u0159\u00eddit ji samostatn\u011b. Syst\u00e9my AI se mohou samy monitorovat, upozor\u0148ovat na probl\u00e9my a dokonce upravovat sv\u016fj p\u0159\u00edstup bez neust\u00e1l\u00e9ho dohledu. P\u0159edstavte si v\u00fdkonn\u00fd n\u00e1stroj, kter\u00fd by mohl dokon\u010dit pr\u00e1ci, zat\u00edmco vy byste se soust\u0159edili na strategi\u010dt\u011bj\u0161\u00ed \u010dinnosti - to je autonomie, kterou AI nab\u00edz\u00ed ve sv\u011bt\u011b podnik\u00e1n\u00ed. Umo\u017e\u0148uje v\u00e1m vzd\u00e1lit se, s jistotou, \u017ee pracuje nep\u0159etr\u017eit\u011b, optimalizuje procesy a poskytuje poznatky.<\/p>\n\n\n\n<p><\/p>\n\n\n\n<h3 class=\"wp-block-heading\"><strong>S\u00edla um\u011bl\u00e9 inteligence spo\u010d\u00edv\u00e1 v jej\u00ed p\u0159esnosti zalo\u017een\u00e9 na datech<\/strong><\/h3>\n\n\n\n<p>I kdy\u017e v\u00e1m elektrick\u00e9 n\u00e1\u0159ad\u00ed umo\u017e\u0148uje pracovat rychleji nebo efektivn\u011bji, st\u00e1le se jedn\u00e1 o n\u00e1\u0159ad\u00ed, jeho\u017e p\u0159esnost z\u00e1vis\u00ed na va\u0161em \u00fasudku. Um\u011bl\u00e1 inteligence v\u0161ak vynik\u00e1 v p\u0159esn\u00e9m rozhodov\u00e1n\u00ed na z\u00e1klad\u011b dat. P\u0159edstavte si, \u017ee pot\u0159ebujete pok\u00e1cet strom a spol\u00e9h\u00e1te se na hrub\u00fd v\u00fdkon motorov\u00e9 pily, ani\u017e byste v\u011bd\u011bli, pod jak\u00fdm \u00fahlem se k n\u011bmu nejbezpe\u010dn\u011bji nebo nejefektivn\u011bji p\u0159ibl\u00ed\u017eit. Um\u011bl\u00e1 inteligence tyto dohady eliminuje. Zpracov\u00e1v\u00e1 obrovsk\u00e9 mno\u017estv\u00ed dat a zaji\u0161\u0165uje, aby va\u0161e obchodn\u00ed rozhodnut\u00ed byla zalo\u017eena na empirick\u00fdch d\u016fkazech, nikoli na lidsk\u00fdch p\u0159edtuch\u00e1ch. V podnik\u00e1n\u00ed je p\u0159esnost \u010dasto cenn\u011bj\u0161\u00ed ne\u017e hrub\u00e1 s\u00edla a AI tuto p\u0159esnost poskytuje v pln\u00e9 m\u00ed\u0159e.<\/p>\n\n\n\n<p><\/p>\n\n\n\n<h3 class=\"wp-block-heading\"><strong>Um\u011bl\u00e1 inteligence se neust\u00e1le vyv\u00edj\u00ed - v\u00fdkonn\u00e9 n\u00e1stroje se nevyv\u00edjej\u00ed<\/strong><\/h3>\n\n\n\n<p>P\u0159iznejme si, \u017ee technologie vrta\u010dek a \u0159et\u011bzov\u00fdch pil se p\u0159\u00edli\u0161 nem\u011bn\u00ed. Jist\u011b, m\u016f\u017eete z\u00edskat lep\u0161\u00ed baterii nebo ergonomi\u010dt\u011bj\u0161\u00ed design, ale v j\u00e1dru jde o statick\u00e9 n\u00e1\u0159ad\u00ed. Naproti tomu um\u011bl\u00e1 inteligence je neust\u00e1le se vyv\u00edjej\u00edc\u00ed technologie. Se zdokonalov\u00e1n\u00edm technik strojov\u00e9ho u\u010den\u00ed a v\u00fdvojem nov\u00fdch algoritm\u016f se AI st\u00e1v\u00e1 schopn\u011bj\u0161\u00ed, p\u0159izp\u016fsobiv\u011bj\u0161\u00ed a relevantn\u011bj\u0161\u00ed pro nov\u00e9 obchodn\u00ed v\u00fdzvy. Tato schopnost v\u00fdvoje zaji\u0161\u0165uje, \u017ee AI z\u016fst\u00e1v\u00e1 \u0161pi\u010dkov\u00fdm n\u00e1strojem, kter\u00fd nen\u00ed omezov\u00e1n stejn\u00fdmi omezen\u00edmi jako tradi\u010dn\u00ed v\u00fdkonn\u00e9 n\u00e1stroje.<\/p>\n\n\n\n<p><\/p>\n\n\n\n<h3 class=\"wp-block-heading\"><strong>Um\u011bl\u00e1 inteligence mysl\u00ed - v\u00fdkonn\u00e9 n\u00e1stroje nemysl\u00ed<\/strong><\/h3>\n\n\n\n<p>Pravd\u011bpodobn\u011b nejv\u00fdznamn\u011bj\u0161\u00ed rozd\u00edl mezi um\u011blou inteligenc\u00ed a v\u00fdkonn\u00fdmi n\u00e1stroji spo\u010d\u00edv\u00e1 ve schopnosti um\u011bl\u00e9 inteligence \"myslet\". Zat\u00edmco motorov\u00e1 pila nebo vrta\u010dka jsou prodlou\u017een\u00edm lidsk\u00e9 pr\u00e1ce, um\u011bl\u00e1 inteligence p\u0159in\u00e1\u0161\u00ed \u00farove\u0148 pozn\u00e1n\u00ed, kter\u00e1 j\u00ed umo\u017e\u0148uje rozhodovat se, ur\u010dovat priority \u00fakol\u016f a dokonce p\u0159edv\u00eddat budouc\u00ed v\u00fdsledky. AI dok\u00e1\u017ee v datech identifikovat vzorce, kter\u00e9 \u010dlov\u011bk nevid\u00ed, a nab\u00edz\u00ed \u0159e\u0161en\u00ed a strategie, kter\u00e9 p\u0159esahuj\u00ed lidskou intuici. Nejde jen o pos\u00edlen\u00ed lidsk\u00fdch schopnost\u00ed - roz\u0161i\u0159uje je o \u00farove\u0148 inteligence, kter\u00e1 dramaticky m\u011bn\u00ed p\u0159\u00edstup k probl\u00e9m\u016fm.<\/p>\n\n\n\n<p><\/p>\n\n\n\n<h3 class=\"wp-block-heading\"><strong>Um\u011bl\u00e1 inteligence je kolaborativn\u00ed, ne jen operativn\u00ed<\/strong><\/h3>\n\n\n\n<p>Zat\u00edmco v\u00fdkonn\u00e9 n\u00e1stroje umo\u017e\u0148uj\u00ed lidem efektivn\u011bj\u0161\u00ed prov\u00e1d\u011bn\u00ed \u00fakol\u016f, um\u011bl\u00e1 inteligence umo\u017e\u0148uje spolupr\u00e1ci mezi lidskou kreativitou a strojovou inteligenc\u00ed. Nejde jen o rychlej\u0161\u00ed proveden\u00ed pr\u00e1ce - AI m\u016f\u017ee p\u0159in\u00e9st nov\u00e9 zp\u016fsoby p\u0159em\u00fd\u0161len\u00ed o probl\u00e9mech a navrhnout inovativn\u00ed \u0159e\u0161en\u00ed, kter\u00e1 by \u010dlov\u011bk nemusel vz\u00edt v \u00favahu. Tato synergie spolupr\u00e1ce prom\u011b\u0148uje podniky, proto\u017ee jim umo\u017e\u0148uje zkoumat kreativn\u00ed mo\u017enosti, zat\u00edmco AI se star\u00e1 o podklady zalo\u017een\u00e9 na datech.<\/p>\n\n\n\n<p><\/p>\n\n\n\n<h3 class=\"wp-block-heading\">Z\u00e1v\u011br: Um\u011bl\u00e1 inteligence je partner, ne jen n\u00e1stroj<\/h3>\n\n\n\n<p>Redukce um\u011bl\u00e9 inteligence do stejn\u00e9 kategorie jako elektrick\u00e9 n\u00e1\u0159ad\u00ed z\u00e1sadn\u011b opom\u00edj\u00ed jej\u00ed potenci\u00e1l. N\u00e1stroje jako vrta\u010dky a motorov\u00e9 pily jsou sice nepopirateln\u011b u\u017eite\u010dn\u00e9, ale chyb\u00ed jim schopnost p\u0159izp\u016fsoben\u00ed, u\u010den\u00ed a strategick\u00fd p\u0159ehled, kter\u00e9 AI p\u0159in\u00e1\u0161\u00ed. Um\u011bl\u00e1 inteligence nen\u00ed jen o tom d\u011blat v\u011bci rychleji nebo efektivn\u011bji - je o tom, \u017ee odemyk\u00e1 zcela nov\u00e9 mo\u017enosti a umo\u017e\u0148uje podnik\u016fm \u010dinit chyt\u0159ej\u0161\u00ed rozhodnut\u00ed zalo\u017een\u00e1 na datech a neust\u00e1le se vyv\u00edjet v neust\u00e1le se m\u011bn\u00edc\u00edm prost\u0159ed\u00ed.<\/p>\n\n\n\n<p>Nakonec AI nen\u00ed vrta\u010dka ani motorov\u00e1 pila - je to inteligentn\u00ed partner. A stejn\u011b jako ka\u017ed\u00fd dobr\u00fd partner dopl\u0148uje va\u0161e siln\u00e9 str\u00e1nky, u\u010d\u00ed se z va\u0161\u00ed zp\u011btn\u00e9 vazby a pom\u00e1h\u00e1 v\u00e1m dos\u00e1hnout v\u00edce, ne\u017e byste kdy dok\u00e1zali sami. A\u017e tedy p\u0159\u00ed\u0161t\u011b n\u011bkdo p\u0159irovn\u00e1 um\u011blou inteligenci k elektrick\u00e9mu n\u00e1\u0159ad\u00ed, laskav\u011b mu p\u0159ipome\u0148te, \u017ee um\u011bl\u00e1 inteligence je samostatn\u00e1 liga - ta, kter\u00e1 p\u0159em\u00fd\u0161l\u00ed, u\u010d\u00ed se a transformuje.<\/p>\n\n\n\n<p><\/p>\n\n\n\n<p><\/p>\n\n\n\n<p>Fotografie p\u0159evzata z Photo by\u00a0<a href=\"https:\/\/unsplash.com\/@ahsanization?utm_content=creditCopyText&amp;utm_medium=referral&amp;utm_source=unsplash\">Ahsanizace \u30c3<\/a><\/p>\n\n\n\n<p><\/p>","protected":false},"excerpt":{"rendered":"<p>ABSTRACT: Unlike power tools, AI learns, adapts, and offers predictive insights, operating autonomously to enhance decision-making and efficiency. Far from a simple aid, AI is a strategic partner, continuously evolving to optimize business processes and drive smarter, data-informed outcomes. Why AI is Not a Power Tool Like a Drill or Chainsaw Comparing AI to power [&hellip;]<\/p>","protected":false},"author":1,"featured_media":368,"parent":0,"menu_order":0,"comment_status":"closed","ping_status":"closed","template":"","meta":{"footnotes":""},"class_list":["post-367","page","type-page","status-publish","has-post-thumbnail","hentry"],"yoast_head":"<!-- This site is optimized with the Yoast SEO plugin v24.9 - https:\/\/yoast.com\/wordpress\/plugins\/seo\/ -->\n<title>Human-AI Work vs. Power Tools - Business Agility+AI<\/title>\n<meta name=\"description\" content=\"AI isn&#039;t just a tool like a drill; it&#039;s a strategic partner that learns, adapts, and enhances business decision-making, predictive insights and efficiency\" \/>\n<meta name=\"robots\" content=\"index, follow, max-snippet:-1, max-image-preview:large, max-video-preview:-1\" \/>\n<link rel=\"canonical\" href=\"https:\/\/businessagility.education\/blog\/cs\/human-ai-work-vs-power-tools\/\" \/>\n<meta property=\"og:locale\" content=\"cs_CZ\" \/>\n<meta property=\"og:type\" content=\"article\" \/>\n<meta property=\"og:title\" content=\"Human-AI Work vs. Power Tools - Business Agility+AI\" \/>\n<meta property=\"og:description\" content=\"AI isn&#039;t just a tool like a drill; it&#039;s a strategic partner that learns, adapts, and enhances business decision-making, predictive insights and efficiency\" \/>\n<meta property=\"og:url\" content=\"https:\/\/businessagility.education\/blog\/cs\/human-ai-work-vs-power-tools\/\" \/>\n<meta property=\"og:site_name\" content=\"Business Agility+AI\" \/>\n<meta property=\"article:modified_time\" content=\"2024-09-26T14:51:45+00:00\" \/>\n<meta property=\"og:image\" content=\"https:\/\/businessagility.education\/blog\/wp-content\/uploads\/2024\/09\/ai-vs-power-tools.jpg\" \/>\n\t<meta property=\"og:image:width\" content=\"926\" \/>\n\t<meta property=\"og:image:height\" content=\"757\" \/>\n\t<meta property=\"og:image:type\" content=\"image\/jpeg\" \/>\n<meta name=\"twitter:card\" content=\"summary_large_image\" \/>\n<meta name=\"twitter:label1\" content=\"Odhadovan\u00e1 doba \u010dten\u00ed\" \/>\n\t<meta name=\"twitter:data1\" content=\"5 minut\" \/>\n<script type=\"application\/ld+json\" class=\"yoast-schema-graph\">{\"@context\":\"https:\/\/schema.org\",\"@graph\":[{\"@type\":\"WebPage\",\"@id\":\"https:\/\/businessagility.education\/blog\/human-ai-work-vs-power-tools\/\",\"url\":\"https:\/\/businessagility.education\/blog\/human-ai-work-vs-power-tools\/\",\"name\":\"Human-AI Work vs. Power Tools - Business Agility+AI\",\"isPartOf\":{\"@id\":\"https:\/\/businessagility.education\/blog\/#website\"},\"primaryImageOfPage\":{\"@id\":\"https:\/\/businessagility.education\/blog\/human-ai-work-vs-power-tools\/#primaryimage\"},\"image\":{\"@id\":\"https:\/\/businessagility.education\/blog\/human-ai-work-vs-power-tools\/#primaryimage\"},\"thumbnailUrl\":\"https:\/\/businessagility.education\/blog\/wp-content\/uploads\/2024\/09\/ai-vs-power-tools.jpg\",\"datePublished\":\"2024-09-26T14:51:44+00:00\",\"dateModified\":\"2024-09-26T14:51:45+00:00\",\"description\":\"AI isn't just a tool like a drill; it's a strategic partner that learns, adapts, and enhances business decision-making, predictive insights and efficiency\",\"breadcrumb\":{\"@id\":\"https:\/\/businessagility.education\/blog\/human-ai-work-vs-power-tools\/#breadcrumb\"},\"inLanguage\":\"cs\",\"potentialAction\":[{\"@type\":\"ReadAction\",\"target\":[\"https:\/\/businessagility.education\/blog\/human-ai-work-vs-power-tools\/\"]}]},{\"@type\":\"ImageObject\",\"inLanguage\":\"cs\",\"@id\":\"https:\/\/businessagility.education\/blog\/human-ai-work-vs-power-tools\/#primaryimage\",\"url\":\"https:\/\/businessagility.education\/blog\/wp-content\/uploads\/2024\/09\/ai-vs-power-tools.jpg\",\"contentUrl\":\"https:\/\/businessagility.education\/blog\/wp-content\/uploads\/2024\/09\/ai-vs-power-tools.jpg\",\"width\":926,\"height\":757,\"caption\":\"ai vs power tools\"},{\"@type\":\"BreadcrumbList\",\"@id\":\"https:\/\/businessagility.education\/blog\/human-ai-work-vs-power-tools\/#breadcrumb\",\"itemListElement\":[{\"@type\":\"ListItem\",\"position\":1,\"name\":\"Home\",\"item\":\"https:\/\/businessagility.education\/blog\/\"},{\"@type\":\"ListItem\",\"position\":2,\"name\":\"Human-AI Work vs. Power Tools\"}]},{\"@type\":\"WebSite\",\"@id\":\"https:\/\/businessagility.education\/blog\/#website\",\"url\":\"https:\/\/businessagility.education\/blog\/\",\"name\":\"Business Agility+AI\",\"description\":\"The Business Agility + Artificial Intelligence Blog\",\"publisher\":{\"@id\":\"https:\/\/businessagility.education\/blog\/#organization\"},\"potentialAction\":[{\"@type\":\"SearchAction\",\"target\":{\"@type\":\"EntryPoint\",\"urlTemplate\":\"https:\/\/businessagility.education\/blog\/?s={search_term_string}\"},\"query-input\":{\"@type\":\"PropertyValueSpecification\",\"valueRequired\":true,\"valueName\":\"search_term_string\"}}],\"inLanguage\":\"cs\"},{\"@type\":\"Organization\",\"@id\":\"https:\/\/businessagility.education\/blog\/#organization\",\"name\":\"Business Agility+AI\",\"url\":\"https:\/\/businessagility.education\/blog\/\",\"logo\":{\"@type\":\"ImageObject\",\"inLanguage\":\"cs\",\"@id\":\"https:\/\/businessagility.education\/blog\/#\/schema\/logo\/image\/\",\"url\":\"https:\/\/businessagility.education\/blog\/wp-content\/uploads\/2022\/06\/business-agility-blog-logo.png\",\"contentUrl\":\"https:\/\/businessagility.education\/blog\/wp-content\/uploads\/2022\/06\/business-agility-blog-logo.png\",\"width\":200,\"height\":100,\"caption\":\"Business Agility+AI\"},\"image\":{\"@id\":\"https:\/\/businessagility.education\/blog\/#\/schema\/logo\/image\/\"}}]}<\/script>\n<!-- \/ Yoast SEO plugin. -->","yoast_head_json":{"title":"Human-AI Work vs. Power Tools - Business Agility+AI","description":"AI isn't just a tool like a drill; it's a strategic partner that learns, adapts, and enhances business decision-making, predictive insights and efficiency","robots":{"index":"index","follow":"follow","max-snippet":"max-snippet:-1","max-image-preview":"max-image-preview:large","max-video-preview":"max-video-preview:-1"},"canonical":"https:\/\/businessagility.education\/blog\/cs\/human-ai-work-vs-power-tools\/","og_locale":"cs_CZ","og_type":"article","og_title":"Human-AI Work vs. Power Tools - Business Agility+AI","og_description":"AI isn't just a tool like a drill; it's a strategic partner that learns, adapts, and enhances business decision-making, predictive insights and efficiency","og_url":"https:\/\/businessagility.education\/blog\/cs\/human-ai-work-vs-power-tools\/","og_site_name":"Business Agility+AI","article_modified_time":"2024-09-26T14:51:45+00:00","og_image":[{"width":926,"height":757,"url":"https:\/\/businessagility.education\/blog\/wp-content\/uploads\/2024\/09\/ai-vs-power-tools.jpg","type":"image\/jpeg"}],"twitter_card":"summary_large_image","twitter_misc":{"Odhadovan\u00e1 doba \u010dten\u00ed":"5 minut"},"schema":{"@context":"https:\/\/schema.org","@graph":[{"@type":"WebPage","@id":"https:\/\/businessagility.education\/blog\/human-ai-work-vs-power-tools\/","url":"https:\/\/businessagility.education\/blog\/human-ai-work-vs-power-tools\/","name":"Human-AI Work vs. Power Tools - Business Agility+AI","isPartOf":{"@id":"https:\/\/businessagility.education\/blog\/#website"},"primaryImageOfPage":{"@id":"https:\/\/businessagility.education\/blog\/human-ai-work-vs-power-tools\/#primaryimage"},"image":{"@id":"https:\/\/businessagility.education\/blog\/human-ai-work-vs-power-tools\/#primaryimage"},"thumbnailUrl":"https:\/\/businessagility.education\/blog\/wp-content\/uploads\/2024\/09\/ai-vs-power-tools.jpg","datePublished":"2024-09-26T14:51:44+00:00","dateModified":"2024-09-26T14:51:45+00:00","description":"AI isn't just a tool like a drill; it's a strategic partner that learns, adapts, and enhances business decision-making, predictive insights and efficiency","breadcrumb":{"@id":"https:\/\/businessagility.education\/blog\/human-ai-work-vs-power-tools\/#breadcrumb"},"inLanguage":"cs","potentialAction":[{"@type":"ReadAction","target":["https:\/\/businessagility.education\/blog\/human-ai-work-vs-power-tools\/"]}]},{"@type":"ImageObject","inLanguage":"cs","@id":"https:\/\/businessagility.education\/blog\/human-ai-work-vs-power-tools\/#primaryimage","url":"https:\/\/businessagility.education\/blog\/wp-content\/uploads\/2024\/09\/ai-vs-power-tools.jpg","contentUrl":"https:\/\/businessagility.education\/blog\/wp-content\/uploads\/2024\/09\/ai-vs-power-tools.jpg","width":926,"height":757,"caption":"ai vs power tools"},{"@type":"BreadcrumbList","@id":"https:\/\/businessagility.education\/blog\/human-ai-work-vs-power-tools\/#breadcrumb","itemListElement":[{"@type":"ListItem","position":1,"name":"Home","item":"https:\/\/businessagility.education\/blog\/"},{"@type":"ListItem","position":2,"name":"Human-AI Work vs. Power Tools"}]},{"@type":"WebSite","@id":"https:\/\/businessagility.education\/blog\/#website","url":"https:\/\/businessagility.education\/blog\/","name":"Business Agility+AI","description":"The Business Agility + Artificial Intelligence Blog","publisher":{"@id":"https:\/\/businessagility.education\/blog\/#organization"},"potentialAction":[{"@type":"SearchAction","target":{"@type":"EntryPoint","urlTemplate":"https:\/\/businessagility.education\/blog\/?s={search_term_string}"},"query-input":{"@type":"PropertyValueSpecification","valueRequired":true,"valueName":"search_term_string"}}],"inLanguage":"cs"},{"@type":"Organization","@id":"https:\/\/businessagility.education\/blog\/#organization","name":"Business Agility+AI","url":"https:\/\/businessagility.education\/blog\/","logo":{"@type":"ImageObject","inLanguage":"cs","@id":"https:\/\/businessagility.education\/blog\/#\/schema\/logo\/image\/","url":"https:\/\/businessagility.education\/blog\/wp-content\/uploads\/2022\/06\/business-agility-blog-logo.png","contentUrl":"https:\/\/businessagility.education\/blog\/wp-content\/uploads\/2022\/06\/business-agility-blog-logo.png","width":200,"height":100,"caption":"Business Agility+AI"},"image":{"@id":"https:\/\/businessagility.education\/blog\/#\/schema\/logo\/image\/"}}]}},"_links":{"self":[{"href":"https:\/\/businessagility.education\/blog\/cs\/wp-json\/wp\/v2\/pages\/367","targetHints":{"allow":["GET"]}}],"collection":[{"href":"https:\/\/businessagility.education\/blog\/cs\/wp-json\/wp\/v2\/pages"}],"about":[{"href":"https:\/\/businessagility.education\/blog\/cs\/wp-json\/wp\/v2\/types\/page"}],"author":[{"embeddable":true,"href":"https:\/\/businessagility.education\/blog\/cs\/wp-json\/wp\/v2\/users\/1"}],"replies":[{"embeddable":true,"href":"https:\/\/businessagility.education\/blog\/cs\/wp-json\/wp\/v2\/comments?post=367"}],"version-history":[{"count":1,"href":"https:\/\/businessagility.education\/blog\/cs\/wp-json\/wp\/v2\/pages\/367\/revisions"}],"predecessor-version":[{"id":369,"href":"https:\/\/businessagility.education\/blog\/cs\/wp-json\/wp\/v2\/pages\/367\/revisions\/369"}],"wp:featuredmedia":[{"embeddable":true,"href":"https:\/\/businessagility.education\/blog\/cs\/wp-json\/wp\/v2\/media\/368"}],"wp:attachment":[{"href":"https:\/\/businessagility.education\/blog\/cs\/wp-json\/wp\/v2\/media?parent=367"}],"curies":[{"name":"wp","href":"https:\/\/api.w.org\/{rel}","templated":true}]}}