{"id":297,"date":"2024-07-04T16:21:40","date_gmt":"2024-07-04T20:21:40","guid":{"rendered":"https:\/\/businessagility.education\/blog\/?page_id=297"},"modified":"2024-07-04T16:36:44","modified_gmt":"2024-07-04T20:36:44","slug":"ai-vs-know-it-all-brother-in-law","status":"publish","type":"page","link":"https:\/\/businessagility.education\/blog\/cs\/ai-vs-know-it-all-brother-in-law\/","title":{"rendered":"Um\u011bl\u00e1 inteligence vs. v\u0161ev\u011bdouc\u00ed \u0161vagr"},"content":{"rendered":"<p><\/p>\n\n\n\n<p>ABSTRAKT: Srovn\u00e1vat um\u011blou inteligenci se sv\u00fdm v\u0161ev\u011bdouc\u00edm \u0161vagrem je jako srovn\u00e1vat \u0161v\u00fdcarsk\u00fd arm\u00e1dn\u00ed n\u016f\u017e s rezavou l\u017e\u00edc\u00ed. Jist\u011b, v\u00e1\u0161 \u0161vagr m\u016f\u017ee m\u00edt historku pro ka\u017edou situaci - od toho, jak jednou zachr\u00e1nil Den d\u00edk\u016fvzd\u00e1n\u00ed bal\u00ed\u010dkem instantn\u00ed om\u00e1\u010dky, a\u017e po jeho \"geni\u00e1ln\u00ed\" n\u00e1pad investovat do Beanie Babies - ale p\u0159iznejme si, \u017ee jeho rady jsou stejn\u011b spolehliv\u00e9 jako p\u0159edpov\u011b\u010f po\u010das\u00ed od zlat\u00e9 rybky.<\/p>\n\n\n\n<p>Na druhou stranu, um\u011bl\u00e1 inteligence je jako super v\u00fdkonn\u00fd, nestrann\u00fd a nekone\u010dn\u011b znal\u00fd asistent, kter\u00fd se nikdy neunav\u00ed, nikdy se neh\u00e1d\u00e1 a v\u017edy m\u00e1 k dispozici data, kter\u00fdmi m\u016f\u017ee sv\u00e9 poznatky podlo\u017eit. Zat\u00edmco v\u00e1\u0161 \u0161vagr tr\u010d\u00ed v z\u00e1cp\u011b a sna\u017e\u00ed se vzpomenout si na d\u011bj toho jednoho filmu, AI se zab\u00fdv\u00e1 anal\u00fdzou rozs\u00e1hl\u00fdch soubor\u016f dat, poskytuje okam\u017eit\u00e9 a spolehliv\u00e9 odpov\u011bdi a neust\u00e1le se u\u010d\u00ed, aby udr\u017eela krok s trendy.<\/p>\n\n\n\n<p>Tak\u017ee a\u017e p\u0159\u00ed\u0161t\u011b v\u00e1\u0161 \u0161vagr spust\u00ed dal\u0161\u00ed ze sv\u00fdch nechvaln\u011b proslul\u00fdch p\u0159edn\u00e1\u0161ek, usm\u011bjte se a p\u0159ik\u00fdvn\u011bte s v\u011bdom\u00edm, \u017ee m\u00e1te um\u011blou inteligenci v z\u00e1loze, kter\u00e1 v\u00e1m poskytne objektivn\u00ed, v\u010dasn\u00e1 a daty podlo\u017een\u00e1 doporu\u010den\u00ed bez nevy\u017e\u00e1dan\u00fdch n\u00e1zor\u016f na v\u00e1\u0161 v\u00fdb\u011br barbecue om\u00e1\u010dky. Nakonec AI nen\u00ed jen dal\u0161\u00edm hlasem u j\u00eddeln\u00edho stolu; je to budoucnost informovan\u00fdch obchodn\u00edch rozhodnut\u00ed.<\/p>\n\n\n\n<p><\/p>\n\n\n\n<p><strong>Pro\u010d pr\u00e1ce s um\u011blou inteligenc\u00ed nen\u00ed v\u016fbec jako m\u00edt \u0161vagra, kter\u00fd v\u0161echno v\u00ed a zn\u00e1<\/strong><\/p>\n\n\n\n<p>B\u011b\u017en\u00e1 dne\u0161n\u00ed myln\u00e1 p\u0159edstava p\u0159irovn\u00e1v\u00e1 um\u011blou inteligenci k v\u0161ev\u011bdouc\u00edmu \u0161vagrovi - n\u011bkomu, kdo m\u00e1 odpov\u011b\u010f na v\u0161echno. Toto p\u0159irovn\u00e1n\u00ed je sice p\u0159\u00edstupn\u00e9, ale v z\u00e1sad\u011b chybn\u00e9 a stra\u0161n\u011b nep\u0159esn\u00e9. Poj\u010fme se do t\u00e9to myln\u00e9 p\u0159edstavy pono\u0159it a pod\u00edvejme se, pro\u010d je AI mnohem spolehliv\u011bj\u0161\u00ed ne\u017e v\u00e1\u0161 \u0161vagr, kter\u00fd v\u00ed v\u0161echno, od opravy auta po rady ohledn\u011b va\u0161eho milostn\u00e9ho \u017eivota.<\/p>\n\n\n\n<p><\/p>\n\n\n\n<figure class=\"wp-block-embed is-type-video is-provider-youtube wp-block-embed-youtube wp-embed-aspect-16-9 wp-has-aspect-ratio\"><div class=\"wp-block-embed__wrapper\">\n<iframe loading=\"lazy\" title=\"Um\u011bl\u00e1 inteligence vs. v\u0161ev\u011bdouc\u00ed \u0161vagr: Skute\u010dn\u00fd rozd\u00edl!\" width=\"580\" height=\"326\" src=\"https:\/\/www.youtube.com\/embed\/J1krF1DrT5Q?feature=oembed\" frameborder=\"0\" allow=\"accelerometer; autoplay; clipboard-write; encrypted-media; gyroscope; picture-in-picture; web-share\" referrerpolicy=\"strict-origin-when-cross-origin\" allowfullscreen><\/iframe>\n<\/div><\/figure>\n\n\n\n<p><\/p>\n\n\n\n<p><\/p>\n\n\n\n<h3 class=\"wp-block-heading\">Odli\u0161n\u00e1 povaha um\u011bl\u00e9 inteligence<\/h3>\n\n\n\n<p>Nejprve si pov\u011bzme n\u011bco o povaze znalost\u00ed. P\u0159edstavte si sv\u00e9ho \u0161vagra, jak u rodinn\u00e9 ve\u010de\u0159e b\u00e1sn\u00ed o v\u0161em mo\u017en\u00e9m, od nejlep\u0161\u00edho zp\u016fsobu p\u0159\u00edpravy krocana a\u017e po geopolitick\u00e9 d\u016fsledky v\u00fdvozu ban\u00e1n\u016f. Jeho znalosti jsou jist\u011b rozs\u00e1hl\u00e9, ale vych\u00e1zej\u00ed z osobn\u00edch zku\u0161enost\u00ed a subjektivn\u00edch n\u00e1zor\u016f. Naproti tomu znalostn\u00ed z\u00e1kladna um\u011bl\u00e9 inteligence vych\u00e1z\u00ed z rozs\u00e1hl\u00fdch soubor\u016f dat, kter\u00e9 zahrnuj\u00ed \u0161irokou \u0161k\u00e1lu ov\u011b\u0159en\u00fdch zdroj\u016f. AI zpracov\u00e1v\u00e1 informace ze strukturovan\u00fdch i nestrukturovan\u00fdch dat, co\u017e j\u00ed umo\u017e\u0148uje poskytovat komplexn\u00ed a vyv\u00e1\u017een\u00e9 znalosti. Zat\u00edmco v\u00e1\u0161 \u0161vagr v\u00e1m m\u016f\u017ee radit, abyste na ka\u017edou skvrnu pod sluncem pou\u017eili jedlou sodu, um\u011bl\u00e1 inteligence vych\u00e1z\u00ed z empirick\u00fdch dat a statistick\u00e9 anal\u00fdzy. Jin\u00fdmi slovy, AI pouze neodhaduje, ale v\u00ed.<\/p>\n\n\n\n<p><\/p>\n\n\n\n<h3 class=\"wp-block-heading\">Spolehlivost a objektivita<\/h3>\n\n\n\n<p>Nyn\u00ed se v\u011bnujme spolehlivosti a objektivit\u011b. Rady va\u0161eho \u0161vagra jsou \u010dasto zkreslen\u00e9 jeho p\u0159edsudky a chybami v \u00fasudku. Vzpom\u00edn\u00e1te si, jak v\u00e1m sebev\u011bdom\u011b tvrdil, \u017ee investice do Beanie Babies zajist\u00ed va\u0161i finan\u010dn\u00ed budoucnost? Jo, to moc ne. Syst\u00e9my um\u011bl\u00e9 inteligence se naproti tomu sna\u017e\u00ed minimalizovat zkreslen\u00ed vyu\u017eit\u00edm r\u016fzn\u00fdch soubor\u016f dat a pokro\u010dil\u00fdch algoritm\u016f. A\u010dkoli um\u011bl\u00e1 inteligence nen\u00ed zcela bez p\u0159edsudk\u016f (z\u00e1le\u017e\u00ed na datech, na kter\u00fdch byla vy\u0161kolena), obecn\u011b poskytuje objektivn\u011bj\u0161\u00ed a konzistentn\u011bj\u0161\u00ed v\u00fdstupy. Tato objektivita je p\u0159i p\u0159ij\u00edm\u00e1n\u00ed informovan\u00fdch obchodn\u00edch rozhodnut\u00ed kl\u00ed\u010dov\u00e1, proto\u017ee eliminuje variabilitu, kter\u00e1 je vlastn\u00ed lidsk\u00e9mu \u00fasudku. Um\u011bl\u00e1 inteligence v\u00e1s nezavede na cestu finan\u010dn\u00ed zk\u00e1zy s chybn\u00fdmi investi\u010dn\u00edmi tipy - poskytuje doporu\u010den\u00ed zalo\u017een\u00e1 na datech.<\/p>\n\n\n\n<p><\/p>\n\n\n\n<h3 class=\"wp-block-heading\">Rozs\u00e1hl\u00fd rozsah znalost\u00ed<\/h3>\n\n\n\n<p>Rozsah znalost\u00ed, kter\u00e9 m\u00e1 \u0161vagr k dispozici, je ze sv\u00e9 podstaty omezen osobn\u00edmi zku\u0161enostmi a odborn\u00fdmi znalostmi. P\u0159edstavte si to: zept\u00e1te se ho na kvantov\u00e9 po\u010d\u00edta\u010de a on v\u00e1m odpov\u00ed podrobn\u00fdm vysv\u011btlen\u00edm, pro\u010d byla VHS lep\u0161\u00ed ne\u017e Betamax. Je to sice z\u00e1bavn\u00e9, ale ne zrovna u\u017eite\u010dn\u00e9. Na druhou stranu um\u011bl\u00e1 inteligence dok\u00e1\u017ee rychle analyzovat informace nap\u0159\u00ed\u010d r\u016fzn\u00fdmi oblastmi a nab\u00eddnout poznatky i v oblastech, kde lidsk\u00e1 odbornost m\u016f\u017ee chyb\u011bt. Tento rozs\u00e1hl\u00fd z\u00e1b\u011br umo\u017e\u0148uje AI identifikovat vzorce, p\u0159edpov\u00eddat trendy a poskytovat relevantn\u00ed informace, kter\u00fdm se jednotlivec, bez ohledu na jeho znalosti, nem\u016f\u017ee vyrovnat.<\/p>\n\n\n\n<p><\/p>\n\n\n\n<h3 class=\"wp-block-heading\">Efektivita zpracov\u00e1n\u00ed a rychlost<\/h3>\n\n\n\n<p>Jednou z nejv\u00fdznamn\u011bj\u0161\u00edch v\u00fdhod um\u011bl\u00e9 inteligence je jej\u00ed rychlost zpracov\u00e1n\u00ed. Zat\u00edmco va\u0161emu \u0161vagrovi trv\u00e1, ne\u017e si vzpomene na informace a vyj\u00e1d\u0159\u00ed je, p\u0159i\u010dem\u017e se \u010dasto zastav\u00ed, aby prohodil zbyte\u010dnou anekdotu o sv\u00fdch slavn\u00fdch \u010dasech na st\u0159edn\u00ed \u0161kole, um\u011bl\u00e1 inteligence dok\u00e1\u017ee z\u00edskat a analyzovat data t\u00e9m\u011b\u0159 okam\u017eit\u011b. Tato efektivita zaji\u0161\u0165uje, \u017ee podniky dostanou v\u010dasn\u00e9 a relevantn\u00ed odpov\u011bdi, co\u017e umo\u017e\u0148uje rychl\u00e9 rozhodovac\u00ed procesy. V rychl\u00e9m obchodn\u00edm prost\u0159ed\u00ed m\u016f\u017ee b\u00fdt schopnost rychl\u00e9ho p\u0159\u00edstupu k informac\u00edm a rychl\u00e9ho jedn\u00e1n\u00ed na jejich z\u00e1klad\u011b rozhoduj\u00edc\u00edm faktorem pro z\u00edsk\u00e1n\u00ed konkuren\u010dn\u00ed v\u00fdhody. AI je jako superhrdina, kter\u00fd je v\u017edy na m\u00edst\u011b v\u010das, zat\u00edmco v\u00e1\u0161 \u0161vagr je pomocn\u00edk, kter\u00fd v\u011b\u010dn\u011b stoj\u00ed v z\u00e1cp\u011b.<\/p>\n\n\n\n<p><\/p>\n\n\n\n<h3 class=\"wp-block-heading\">Konzistence a \u0161k\u00e1lovatelnost<\/h3>\n\n\n\n<p>Lidsk\u00e9 rady jsou \u010dasto nekonzistentn\u00ed, ovlivn\u011bn\u00e9 n\u00e1ladou, kontextem a kognitivn\u00edmi p\u0159edsudky. V\u00e1\u0161 \u0161vagr nav\u00edc nem\u016f\u017ee \u0161k\u00e1lovat svou dostupnost, aby mohl odpov\u00eddat na v\u00edce dotaz\u016f sou\u010dasn\u011b. Um\u011bl\u00e1 inteligence v\u0161ak poskytuje konzistentn\u00ed odpov\u011bdi a dok\u00e1\u017ee zpracovat mnoho dotaz\u016f najednou. Tato \u0161k\u00e1lovatelnost zaji\u0161\u0165uje spolehliv\u00e9 slu\u017eby a podporu za v\u0161ech okolnost\u00ed, co\u017e z AI \u010din\u00ed neoceniteln\u00fd p\u0159\u00ednos pro podniky p\u016fsob\u00edc\u00ed ve velk\u00e9m m\u011b\u0159\u00edtku. P\u0159edstavte si, \u017ee se sna\u017e\u00edte z\u00edskat radu od sv\u00e9ho \u0161vagra, zat\u00edmco on \u017eongluje s povinnostmi grilov\u00e1n\u00ed, aktualizacemi fantasy fotbalu a debatou o nejlep\u0161\u00ed dek\u00e1d\u011b rockov\u00e9 hudby - nebude to konzistentn\u00ed ani spolehliv\u00e9.<\/p>\n\n\n\n<p><\/p>\n\n\n\n<h3 class=\"wp-block-heading\">Analytick\u00e9 poznatky p\u0159esahuj\u00edc\u00ed lidsk\u00e9 schopnosti<\/h3>\n\n\n\n<p>Schopnost um\u011bl\u00e9 inteligence prov\u00e1d\u011bt komplexn\u00ed anal\u00fdzy a identifikovat trendy p\u0159ekon\u00e1v\u00e1 lidsk\u00e9 schopnosti. Zat\u00edmco v\u00e1\u0161 \u0161vagr m\u016f\u017ee nab\u00eddnout cenn\u00e9 post\u0159ehy zalo\u017een\u00e9 na osobn\u00edch odborn\u00fdch znalostech, AI jde d\u00e1le t\u00edm, \u017ee vyu\u017e\u00edv\u00e1 pokro\u010dil\u00e9 algoritmy strojov\u00e9ho u\u010den\u00ed k anal\u00fdze dat, p\u0159edv\u00edd\u00e1n\u00ed v\u00fdsledk\u016f a doporu\u010dov\u00e1n\u00ed akc\u00ed. Tato analytick\u00e1 schopnost je v modern\u00edch podnic\u00edch nezbytn\u00e1 pro strategick\u00e9 pl\u00e1nov\u00e1n\u00ed a provozn\u00ed efektivitu. Je to jako srovn\u00e1vat baterku s maj\u00e1kem - ob\u011b vyd\u00e1vaj\u00ed sv\u011btlo, ale jedna v\u00e1s bezpe\u010dn\u011b dovede na b\u0159eh, zat\u00edmco druh\u00e1 v\u00e1m mo\u017en\u00e1 jen pom\u016f\u017ee naj\u00edt kl\u00ed\u010de ve tm\u011b.<\/p>\n\n\n\n<p><\/p>\n\n\n\n<h3 class=\"wp-block-heading\">Neust\u00e1l\u00e9 u\u010den\u00ed a zlep\u0161ov\u00e1n\u00ed<\/h3>\n\n\n\n<p>Syst\u00e9my um\u011bl\u00e9 inteligence jsou navr\u017eeny tak, aby se v pr\u016fb\u011bhu \u010dasu u\u010dily a zlep\u0161ovaly prost\u0159ednictv\u00edm strojov\u00e9ho u\u010den\u00ed a smy\u010dek zp\u011btn\u00e9 vazby. Toto neust\u00e1l\u00e9 zdokonalov\u00e1n\u00ed zaji\u0161\u0165uje, \u017ee um\u011bl\u00e1 inteligence z\u016fst\u00e1v\u00e1 v obraze s nejnov\u011bj\u0161\u00edmi informacemi a trendy, co\u017e zvy\u0161uje jej\u00ed efektivitu a spolehlivost. Naproti tomu lidsk\u00e9 u\u010den\u00ed je pomalej\u0161\u00ed a m\u00e9n\u011b systematick\u00e9. Vzpom\u00edn\u00e1te si, jak va\u0161emu \u0161vagrovi trvalo deset let, ne\u017e kone\u010dn\u011b p\u0159ijal, \u017ee \u00fazk\u00e9 d\u017e\u00edny jsou v m\u00f3d\u011b? Ano, um\u011bl\u00e1 inteligence je v tomto ohledu o n\u011bco rychlej\u0161\u00ed.<\/p>\n\n\n\n<p><\/p>\n\n\n\n<h3 class=\"wp-block-heading\">Nestrann\u00e9 a objektivn\u00ed rozhodov\u00e1n\u00ed<\/h3>\n\n\n\n<p>A kone\u010dn\u011b, c\u00edlem n\u00e1vrhu um\u011bl\u00e9 inteligence je eliminovat nebo minimalizovat p\u0159edpojatost a poskytovat nestrann\u011bj\u0161\u00ed a objektivn\u011bj\u0161\u00ed informace. Zat\u00edmco lidsk\u00e9 rady jsou \u010dasto ovlivn\u011bny osobn\u00edmi zku\u0161enostmi a emocemi, um\u011bl\u00e1 inteligence nab\u00edz\u00ed ur\u010ditou m\u00edru nezaujatosti, kter\u00e1 zaji\u0161\u0165uje, \u017ee rozhodnut\u00ed jsou zalo\u017eena na datech a logice. Tato nestrannost je obzvl\u00e1\u0161t\u011b cenn\u00e1 v obchodn\u00edm kontextu, kde je objektivn\u00ed rozhodov\u00e1n\u00ed rozhoduj\u00edc\u00ed pro \u00fasp\u011bch. Um\u011blou inteligenci nezaj\u00edm\u00e1, jestli ji ur\u00e1\u017e\u00ed v\u00e1\u0161 v\u00fdb\u011br barbecue om\u00e1\u010dky; prost\u011b v\u00e1m poskytne fakta.<\/p>\n\n\n\n<p><\/p>\n\n\n\n<h3 class=\"wp-block-heading\">Z\u00e1v\u011br<\/h3>\n\n\n\n<p>Z\u00e1v\u011brem lze \u0159\u00edci, \u017ee p\u0159irovn\u00e1n\u00ed um\u011bl\u00e9 inteligence k v\u0161ev\u011bdouc\u00edmu \u0161vagrovi nevystihuje hloubku, spolehlivost a nestrannost, kterou um\u011bl\u00e1 inteligence p\u0159in\u00e1\u0161\u00ed. D\u00edky sv\u00e9 datov\u00e9 povaze, analytick\u00fdm schopnostem, efektivit\u011b a neust\u00e1l\u00e9mu u\u010den\u00ed je AI nepostradateln\u00fdm n\u00e1strojem pro modern\u00ed podniky. Pochopen\u00edm t\u011bchto rozd\u00edl\u016f mohou podniky l\u00e9pe ocenit skute\u010dnou hodnotu AI a vyu\u017e\u00edt jej\u00ed pln\u00fd potenci\u00e1l k podpo\u0159e inovac\u00ed a r\u016fstu. Tak\u017ee a\u017e se v\u00e1m p\u0159\u00ed\u0161t\u011b bude \u0161vagr sna\u017eit nab\u00eddnout obchodn\u00ed radu, jen se usm\u011bjte a p\u0159ik\u00fdvn\u011bte s v\u011bdom\u00edm, \u017ee AI v\u00e1m kryje z\u00e1da logikou a daty - s v\u00fdjimkou nevy\u017e\u00e1dan\u00fdch n\u00e1zor\u016f na p\u00e9\u010di o v\u00e1\u0161 tr\u00e1vn\u00edk.<\/p>","protected":false},"excerpt":{"rendered":"<p>ABSTRAKT: Srovn\u00e1vat um\u011blou inteligenci se sv\u00fdm v\u0161ev\u011bdouc\u00edm \u0161vagrem je jako srovn\u00e1vat \u0161v\u00fdcarsk\u00fd arm\u00e1dn\u00ed n\u016f\u017e s rezavou l\u017e\u00edc\u00ed. Jist\u011b, v\u00e1\u0161 \u0161vagr m\u016f\u017ee m\u00edt p\u0159\u00edb\u011bh pro ka\u017edou situaci - od toho, jak jednou zachr\u00e1nil Den d\u00edk\u016fvzd\u00e1n\u00ed bal\u00ed\u010dkem instantn\u00ed om\u00e1\u010dky, a\u017e po jeho \"geni\u00e1ln\u00ed\" n\u00e1pad investovat do Beanie Babies - ale p\u0159iznejme si, \u017ee jeho rady jsou stejn\u011b [...]<\/p>","protected":false},"author":1,"featured_media":298,"parent":0,"menu_order":0,"comment_status":"closed","ping_status":"closed","template":"","meta":{"footnotes":""},"class_list":["post-297","page","type-page","status-publish","has-post-thumbnail","hentry"],"yoast_head":"<!-- This site is optimized with the Yoast SEO plugin v24.9 - https:\/\/yoast.com\/wordpress\/plugins\/seo\/ -->\n<title>AI vs. Know-It-All Brother-in-Law - Business Agility+AI Education<\/title>\n<meta name=\"description\" content=\"Comparing Artificial Intelligence AI to your know-it-all brother-in-law is like hoping to get a reliable weather forecast from a goldfish\" \/>\n<meta name=\"robots\" content=\"index, follow, max-snippet:-1, max-image-preview:large, max-video-preview:-1\" \/>\n<link rel=\"canonical\" href=\"https:\/\/businessagility.education\/blog\/cs\/ai-vs-know-it-all-brother-in-law\/\" \/>\n<meta property=\"og:locale\" content=\"cs_CZ\" \/>\n<meta property=\"og:type\" content=\"article\" \/>\n<meta property=\"og:title\" content=\"AI vs. Know-It-All Brother-in-Law - Business Agility+AI Education\" \/>\n<meta property=\"og:description\" content=\"Comparing Artificial Intelligence AI to your know-it-all brother-in-law is like hoping to get a reliable weather forecast from a goldfish\" \/>\n<meta property=\"og:url\" content=\"https:\/\/businessagility.education\/blog\/cs\/ai-vs-know-it-all-brother-in-law\/\" \/>\n<meta property=\"og:site_name\" content=\"Business Agility+AI\" \/>\n<meta property=\"article:modified_time\" content=\"2024-07-04T20:36:44+00:00\" \/>\n<meta property=\"og:image\" content=\"https:\/\/businessagility.education\/blog\/wp-content\/uploads\/2024\/07\/ai-vs-brother-in-law.png\" \/>\n\t<meta property=\"og:image:width\" content=\"1880\" \/>\n\t<meta property=\"og:image:height\" content=\"967\" \/>\n\t<meta property=\"og:image:type\" content=\"image\/png\" \/>\n<meta name=\"twitter:card\" content=\"summary_large_image\" \/>\n<meta name=\"twitter:label1\" content=\"Odhadovan\u00e1 doba \u010dten\u00ed\" \/>\n\t<meta name=\"twitter:data1\" content=\"6 minut\" \/>\n<script type=\"application\/ld+json\" class=\"yoast-schema-graph\">{\"@context\":\"https:\/\/schema.org\",\"@graph\":[{\"@type\":\"WebPage\",\"@id\":\"https:\/\/businessagility.education\/blog\/hi\/ai-vs-know-it-all-brother-in-law\/\",\"url\":\"https:\/\/businessagility.education\/blog\/hi\/ai-vs-know-it-all-brother-in-law\/\",\"name\":\"AI vs. Know-It-All Brother-in-Law - Business Agility+AI Education\",\"isPartOf\":{\"@id\":\"https:\/\/businessagility.education\/blog\/#website\"},\"primaryImageOfPage\":{\"@id\":\"https:\/\/businessagility.education\/blog\/hi\/ai-vs-know-it-all-brother-in-law\/#primaryimage\"},\"image\":{\"@id\":\"https:\/\/businessagility.education\/blog\/hi\/ai-vs-know-it-all-brother-in-law\/#primaryimage\"},\"thumbnailUrl\":\"https:\/\/businessagility.education\/blog\/wp-content\/uploads\/2024\/07\/ai-vs-brother-in-law.png\",\"datePublished\":\"2024-07-04T20:21:40+00:00\",\"dateModified\":\"2024-07-04T20:36:44+00:00\",\"description\":\"Comparing Artificial Intelligence AI to your know-it-all brother-in-law is like hoping to get a reliable weather forecast from a goldfish\",\"breadcrumb\":{\"@id\":\"https:\/\/businessagility.education\/blog\/hi\/ai-vs-know-it-all-brother-in-law\/#breadcrumb\"},\"inLanguage\":\"cs\",\"potentialAction\":[{\"@type\":\"ReadAction\",\"target\":[\"https:\/\/businessagility.education\/blog\/hi\/ai-vs-know-it-all-brother-in-law\/\"]}]},{\"@type\":\"ImageObject\",\"inLanguage\":\"cs\",\"@id\":\"https:\/\/businessagility.education\/blog\/hi\/ai-vs-know-it-all-brother-in-law\/#primaryimage\",\"url\":\"https:\/\/businessagility.education\/blog\/wp-content\/uploads\/2024\/07\/ai-vs-brother-in-law.png\",\"contentUrl\":\"https:\/\/businessagility.education\/blog\/wp-content\/uploads\/2024\/07\/ai-vs-brother-in-law.png\",\"width\":1880,\"height\":967,\"caption\":\"ai vs know-it-all brother-in-law\"},{\"@type\":\"BreadcrumbList\",\"@id\":\"https:\/\/businessagility.education\/blog\/hi\/ai-vs-know-it-all-brother-in-law\/#breadcrumb\",\"itemListElement\":[{\"@type\":\"ListItem\",\"position\":1,\"name\":\"Home\",\"item\":\"https:\/\/businessagility.education\/blog\/\"},{\"@type\":\"ListItem\",\"position\":2,\"name\":\"AI vs. Know-It-All Brother-in-Law\"}]},{\"@type\":\"WebSite\",\"@id\":\"https:\/\/businessagility.education\/blog\/#website\",\"url\":\"https:\/\/businessagility.education\/blog\/\",\"name\":\"Business Agility+AI\",\"description\":\"The Business Agility + Artificial Intelligence Blog\",\"publisher\":{\"@id\":\"https:\/\/businessagility.education\/blog\/#organization\"},\"potentialAction\":[{\"@type\":\"SearchAction\",\"target\":{\"@type\":\"EntryPoint\",\"urlTemplate\":\"https:\/\/businessagility.education\/blog\/?s={search_term_string}\"},\"query-input\":{\"@type\":\"PropertyValueSpecification\",\"valueRequired\":true,\"valueName\":\"search_term_string\"}}],\"inLanguage\":\"cs\"},{\"@type\":\"Organization\",\"@id\":\"https:\/\/businessagility.education\/blog\/#organization\",\"name\":\"Business Agility+AI\",\"url\":\"https:\/\/businessagility.education\/blog\/\",\"logo\":{\"@type\":\"ImageObject\",\"inLanguage\":\"cs\",\"@id\":\"https:\/\/businessagility.education\/blog\/#\/schema\/logo\/image\/\",\"url\":\"https:\/\/businessagility.education\/blog\/wp-content\/uploads\/2022\/06\/business-agility-blog-logo.png\",\"contentUrl\":\"https:\/\/businessagility.education\/blog\/wp-content\/uploads\/2022\/06\/business-agility-blog-logo.png\",\"width\":200,\"height\":100,\"caption\":\"Business Agility+AI\"},\"image\":{\"@id\":\"https:\/\/businessagility.education\/blog\/#\/schema\/logo\/image\/\"}}]}<\/script>\n<!-- \/ Yoast SEO plugin. -->","yoast_head_json":{"title":"AI vs. Know-It-All Brother-in-Law - Business Agility+AI Education","description":"Comparing Artificial Intelligence AI to your know-it-all brother-in-law is like hoping to get a reliable weather forecast from a goldfish","robots":{"index":"index","follow":"follow","max-snippet":"max-snippet:-1","max-image-preview":"max-image-preview:large","max-video-preview":"max-video-preview:-1"},"canonical":"https:\/\/businessagility.education\/blog\/cs\/ai-vs-know-it-all-brother-in-law\/","og_locale":"cs_CZ","og_type":"article","og_title":"AI vs. Know-It-All Brother-in-Law - Business Agility+AI Education","og_description":"Comparing Artificial Intelligence AI to your know-it-all brother-in-law is like hoping to get a reliable weather forecast from a goldfish","og_url":"https:\/\/businessagility.education\/blog\/cs\/ai-vs-know-it-all-brother-in-law\/","og_site_name":"Business Agility+AI","article_modified_time":"2024-07-04T20:36:44+00:00","og_image":[{"width":1880,"height":967,"url":"https:\/\/businessagility.education\/blog\/wp-content\/uploads\/2024\/07\/ai-vs-brother-in-law.png","type":"image\/png"}],"twitter_card":"summary_large_image","twitter_misc":{"Odhadovan\u00e1 doba \u010dten\u00ed":"6 minut"},"schema":{"@context":"https:\/\/schema.org","@graph":[{"@type":"WebPage","@id":"https:\/\/businessagility.education\/blog\/hi\/ai-vs-know-it-all-brother-in-law\/","url":"https:\/\/businessagility.education\/blog\/hi\/ai-vs-know-it-all-brother-in-law\/","name":"AI vs. Know-It-All Brother-in-Law - Business Agility+AI Education","isPartOf":{"@id":"https:\/\/businessagility.education\/blog\/#website"},"primaryImageOfPage":{"@id":"https:\/\/businessagility.education\/blog\/hi\/ai-vs-know-it-all-brother-in-law\/#primaryimage"},"image":{"@id":"https:\/\/businessagility.education\/blog\/hi\/ai-vs-know-it-all-brother-in-law\/#primaryimage"},"thumbnailUrl":"https:\/\/businessagility.education\/blog\/wp-content\/uploads\/2024\/07\/ai-vs-brother-in-law.png","datePublished":"2024-07-04T20:21:40+00:00","dateModified":"2024-07-04T20:36:44+00:00","description":"Comparing Artificial Intelligence AI to your know-it-all brother-in-law is like hoping to get a reliable weather forecast from a goldfish","breadcrumb":{"@id":"https:\/\/businessagility.education\/blog\/hi\/ai-vs-know-it-all-brother-in-law\/#breadcrumb"},"inLanguage":"cs","potentialAction":[{"@type":"ReadAction","target":["https:\/\/businessagility.education\/blog\/hi\/ai-vs-know-it-all-brother-in-law\/"]}]},{"@type":"ImageObject","inLanguage":"cs","@id":"https:\/\/businessagility.education\/blog\/hi\/ai-vs-know-it-all-brother-in-law\/#primaryimage","url":"https:\/\/businessagility.education\/blog\/wp-content\/uploads\/2024\/07\/ai-vs-brother-in-law.png","contentUrl":"https:\/\/businessagility.education\/blog\/wp-content\/uploads\/2024\/07\/ai-vs-brother-in-law.png","width":1880,"height":967,"caption":"ai vs know-it-all brother-in-law"},{"@type":"BreadcrumbList","@id":"https:\/\/businessagility.education\/blog\/hi\/ai-vs-know-it-all-brother-in-law\/#breadcrumb","itemListElement":[{"@type":"ListItem","position":1,"name":"Home","item":"https:\/\/businessagility.education\/blog\/"},{"@type":"ListItem","position":2,"name":"AI vs. Know-It-All Brother-in-Law"}]},{"@type":"WebSite","@id":"https:\/\/businessagility.education\/blog\/#website","url":"https:\/\/businessagility.education\/blog\/","name":"Business Agility+AI","description":"The Business Agility + Artificial Intelligence Blog","publisher":{"@id":"https:\/\/businessagility.education\/blog\/#organization"},"potentialAction":[{"@type":"SearchAction","target":{"@type":"EntryPoint","urlTemplate":"https:\/\/businessagility.education\/blog\/?s={search_term_string}"},"query-input":{"@type":"PropertyValueSpecification","valueRequired":true,"valueName":"search_term_string"}}],"inLanguage":"cs"},{"@type":"Organization","@id":"https:\/\/businessagility.education\/blog\/#organization","name":"Business Agility+AI","url":"https:\/\/businessagility.education\/blog\/","logo":{"@type":"ImageObject","inLanguage":"cs","@id":"https:\/\/businessagility.education\/blog\/#\/schema\/logo\/image\/","url":"https:\/\/businessagility.education\/blog\/wp-content\/uploads\/2022\/06\/business-agility-blog-logo.png","contentUrl":"https:\/\/businessagility.education\/blog\/wp-content\/uploads\/2022\/06\/business-agility-blog-logo.png","width":200,"height":100,"caption":"Business Agility+AI"},"image":{"@id":"https:\/\/businessagility.education\/blog\/#\/schema\/logo\/image\/"}}]}},"_links":{"self":[{"href":"https:\/\/businessagility.education\/blog\/cs\/wp-json\/wp\/v2\/pages\/297","targetHints":{"allow":["GET"]}}],"collection":[{"href":"https:\/\/businessagility.education\/blog\/cs\/wp-json\/wp\/v2\/pages"}],"about":[{"href":"https:\/\/businessagility.education\/blog\/cs\/wp-json\/wp\/v2\/types\/page"}],"author":[{"embeddable":true,"href":"https:\/\/businessagility.education\/blog\/cs\/wp-json\/wp\/v2\/users\/1"}],"replies":[{"embeddable":true,"href":"https:\/\/businessagility.education\/blog\/cs\/wp-json\/wp\/v2\/comments?post=297"}],"version-history":[{"count":2,"href":"https:\/\/businessagility.education\/blog\/cs\/wp-json\/wp\/v2\/pages\/297\/revisions"}],"predecessor-version":[{"id":300,"href":"https:\/\/businessagility.education\/blog\/cs\/wp-json\/wp\/v2\/pages\/297\/revisions\/300"}],"wp:featuredmedia":[{"embeddable":true,"href":"https:\/\/businessagility.education\/blog\/cs\/wp-json\/wp\/v2\/media\/298"}],"wp:attachment":[{"href":"https:\/\/businessagility.education\/blog\/cs\/wp-json\/wp\/v2\/media?parent=297"}],"curies":[{"name":"wp","href":"https:\/\/api.w.org\/{rel}","templated":true}]}}