{"id":250,"date":"2024-04-06T15:52:04","date_gmt":"2024-04-06T19:52:04","guid":{"rendered":"https:\/\/businessagility.education\/blog\/?page_id=250"},"modified":"2024-04-06T16:09:47","modified_gmt":"2024-04-06T20:09:47","slug":"ai-timeline","status":"publish","type":"page","link":"https:\/\/businessagility.education\/blog\/cs\/ai-timeline\/","title":{"rendered":"\u010casov\u00e1 osa AI"},"content":{"rendered":"<p>ABSTRAKT: V\u00fdvoj um\u011bl\u00e9 inteligence za\u010dal v 50. letech 20. stolet\u00ed z\u00e1kladn\u00edmi pracemi v oblasti symbolick\u00e9ho uva\u017eov\u00e1n\u00ed. V pr\u016fb\u011bhu desetilet\u00ed se roz\u0161\u00ed\u0159ila na expertn\u00ed syst\u00e9my a v 90. letech se posunula ke strojov\u00e9mu u\u010den\u00ed a neuronov\u00fdm s\u00edt\u00edm. Pr\u016flom v hlubok\u00e9m u\u010den\u00ed v roce 2000 a revoluce v hlubok\u00e9m u\u010den\u00ed v roce 2010, zejm\u00e9na s n\u00e1stupem transforma\u010dn\u00edch model\u016f, znamenaly v\u00fdznamn\u00e9 miln\u00edky. L\u00e9ta 2020 se zam\u011b\u0159uj\u00ed na zdokonalov\u00e1n\u00ed NLP a integraci multimod\u00e1ln\u00edch syst\u00e9m\u016f, co\u017e p\u0159ipravuje p\u016fdu pro budouc\u00ed v\u00fdvoj sm\u011brem k AGI. \u010casov\u00e1 osa spekuluje o pokroku v oblasti strojov\u00e9 empatie, kontextov\u00e9ho porozum\u011bn\u00ed a integrace specializovan\u00e9 um\u011bl\u00e9 inteligence, co\u017e nakonec povede k AGI a jej\u00edm hlubok\u00fdm spole\u010densk\u00fdm dopad\u016fm do roku 2060 (ale pravd\u011bpodobn\u011b mnohem d\u0159\u00edve).<\/p>\n\n\n\n<p><\/p>\n\n\n\n<h2 class=\"wp-block-heading\">V\u00fdvoj um\u011bl\u00e9 inteligence od roku 1950 a spekulace o roce 2060<\/h2>\n\n\n\n<p>Sledov\u00e1n\u00ed v\u00fdvoje um\u011bl\u00e9 inteligence (AI) od jej\u00edch z\u00e1klad\u016f v 50. letech 20. stolet\u00ed a\u017e po spekulativn\u00ed budoucnost um\u011bl\u00e9 obecn\u00e9 inteligence (AGI) a d\u00e1le poskytuje ucelen\u00fd pohled na to, jak se tento obor vyv\u00edjel a kam by mohl sm\u011b\u0159ovat. Tato \u010dasov\u00e1 osa zahrnuje v\u00fdznamn\u00e9 miln\u00edky, technologick\u00fd pokrok a p\u0159edpokl\u00e1danou cestu k dosa\u017een\u00ed pokro\u010dilej\u0161\u00edch schopnost\u00ed um\u011bl\u00e9 inteligence.<\/p>\n\n\n\n<p><\/p>\n\n\n\n<h3 class=\"wp-block-heading\">50.-60. l\u00e9ta 20. stolet\u00ed: \u00dasvit um\u011bl\u00e9 inteligence<\/h3>\n\n\n\n<ul class=\"wp-block-list\">\n<li><strong>Z\u00e1klad a optimismus<\/strong>: Na konferenci v Dartmouthu (1956) se objevuje term\u00edn \"um\u011bl\u00e1 inteligence\", kter\u00fd p\u0159edstavuje ofici\u00e1ln\u00ed po\u010d\u00e1tek um\u011bl\u00e9 inteligence jako oboru. Ran\u00e9 pr\u00e1ce se zam\u011b\u0159uj\u00ed na symbolick\u00e9 uva\u017eov\u00e1n\u00ed a \u0159e\u0161en\u00ed probl\u00e9m\u016f.<\/li>\n\n\n\n<li><strong>V\u00fdznamn\u00e9 miln\u00edky<\/strong>: V\u00fdvoj prvn\u00edch program\u016f um\u011bl\u00e9 inteligence, v\u010detn\u011b programu Arthura Samuela pro d\u00e1mu a programu Logic Theorist od Newella, Shawa a Simona.<\/li>\n<\/ul>\n\n\n\n<p><\/p>\n\n\n\n<h3 class=\"wp-block-heading\">70.-80. l\u00e9ta 20. stolet\u00ed: Expanze a diverzifikace<\/h3>\n\n\n\n<ul class=\"wp-block-list\">\n<li><strong>Syst\u00e9my zalo\u017een\u00e9 na pravidlech<\/strong>: V\u00fdzkum um\u011bl\u00e9 inteligence se roz\u0161i\u0159uje o expertn\u00ed syst\u00e9my, kter\u00e9 vyu\u017e\u00edvaj\u00ed p\u0159\u00edstupy zalo\u017een\u00e9 na pravidlech a napodobuj\u00ed rozhodovac\u00ed proces lidsk\u00fdch expert\u016f.<\/li>\n\n\n\n<li><strong>Prvn\u00ed v\u00fdzvy<\/strong>: Oblast um\u011bl\u00e9 inteligence za\u017e\u00edv\u00e1 prvn\u00ed \"zimu\", obdob\u00ed sn\u00ed\u017een\u00e9ho financov\u00e1n\u00ed a z\u00e1jmu, a to kv\u016fli omezen\u00edm prvn\u00edch technik p\u0159i \u0161k\u00e1lov\u00e1n\u00ed a zvl\u00e1d\u00e1n\u00ed nejistoty.<\/li>\n<\/ul>\n\n\n\n<p><\/p>\n\n\n\n<h3 class=\"wp-block-heading\">1990s: Vzestup strojov\u00e9ho u\u010den\u00ed<\/h3>\n\n\n\n<ul class=\"wp-block-list\">\n<li><strong>P\u0159echod na strojov\u00e9 u\u010den\u00ed<\/strong>: Zam\u011b\u0159en\u00ed se p\u0159esouv\u00e1 na v\u00fdvoj algoritm\u016f, kter\u00e9 se mohou u\u010dit z dat, co\u017e vede k o\u017eiven\u00ed v\u00fdzkumu a z\u00e1jmu o um\u011blou inteligenci.<\/li>\n\n\n\n<li><strong>Neuronov\u00e9 s\u00edt\u011b z\u00edsk\u00e1vaj\u00ed na popularit\u011b<\/strong>: Navzdory druh\u00e9 zim\u011b um\u011bl\u00e9 inteligence vytv\u00e1\u0159\u00ed z\u00e1kladn\u00ed pr\u00e1ce na neuronov\u00fdch s\u00edt\u00edch p\u0159edpoklady pro budouc\u00ed pr\u016flom v oblasti hlubok\u00e9ho u\u010den\u00ed.<\/li>\n<\/ul>\n\n\n\n<p><\/p>\n\n\n\n<h3 class=\"wp-block-heading\">2000s: Pr\u016flomy v hlubok\u00e9m u\u010den\u00ed<\/h3>\n\n\n\n<ul class=\"wp-block-list\">\n<li><strong>Pokroky v neuronov\u00fdch s\u00edt\u00edch<\/strong>: Kl\u00ed\u010dov\u00e9 objevy, v\u010detn\u011b v\u00fdvoje \u00fa\u010dinn\u00fdch technik tr\u00e9nov\u00e1n\u00ed hlubok\u00fdch neuronov\u00fdch s\u00edt\u00ed, vedou k v\u00fdznamn\u00e9mu zlep\u0161en\u00ed v \u00faloh\u00e1ch, jako je rozpozn\u00e1v\u00e1n\u00ed obrazu a \u0159e\u010di.<\/li>\n\n\n\n<li><strong>Obnoven\u00fd z\u00e1jem a investice<\/strong>: V\u00fdzkum um\u011bl\u00e9 inteligence z\u00edsk\u00e1v\u00e1 v\u00edce finan\u010dn\u00edch prost\u0159edk\u016f a technologick\u00e9 spole\u010dnosti za\u010d\u00ednaj\u00ed do um\u011bl\u00e9 inteligence v\u00fdrazn\u011b investovat.<\/li>\n<\/ul>\n\n\n\n<p><\/p>\n\n\n\n<h3 class=\"wp-block-heading\">2010s: Um\u011bl\u00e1 inteligence se st\u00e1v\u00e1 hlavn\u00edm proudem<\/h3>\n\n\n\n<ul class=\"wp-block-list\">\n<li><strong>Revoluce v hlubok\u00e9m u\u010den\u00ed<\/strong>: Technologie jako konvolu\u010dn\u00ed neuronov\u00e9 s\u00edt\u011b (CNN) a rekurentn\u00ed neuronov\u00e9 s\u00edt\u011b (RNN) jsou hnac\u00ed silou pokroku v oblasti po\u010d\u00edta\u010dov\u00e9ho vid\u011bn\u00ed a zpracov\u00e1n\u00ed p\u0159irozen\u00e9ho jazyka.<\/li>\n\n\n\n<li><strong>Hlavn\u00ed miln\u00edky<\/strong>: Syst\u00e9my um\u011bl\u00e9 inteligence dosahuj\u00ed v\u00fdkonnosti srovnateln\u00e9 s lidmi v rozpozn\u00e1v\u00e1n\u00ed obrazu, \u0159e\u010di a strategick\u00fdch hr\u00e1ch, jako je Go.<\/li>\n<\/ul>\n\n\n\n<p><\/p>\n\n\n\n<h3 class=\"wp-block-heading\">2017: \u00c9ra Transformers za\u010d\u00edn\u00e1<\/h3>\n\n\n\n<ul class=\"wp-block-list\">\n<li><strong>Zaveden\u00ed modelu transform\u00e1toru<\/strong>: Dokument \"Attention Is All You Need\" p\u0159in\u00e1\u0161\u00ed revoluci v NLP a stanovuje nov\u00e9 standardy v\u00fdkonnosti a efektivity.<\/li>\n<\/ul>\n\n\n\n<p><\/p>\n\n\n\n<h3 class=\"wp-block-heading\">2020s: Specializace a integrace<\/h3>\n\n\n\n<ul class=\"wp-block-list\">\n<li><strong>Pokra\u010duj\u00edc\u00ed pokrok v NLP<\/strong>: V\u00fdvoj a zdokonalov\u00e1n\u00ed model\u016f zalo\u017een\u00fdch na transform\u00e1torech, jako jsou GPT a BERT, zlep\u0161ov\u00e1n\u00ed porozum\u011bn\u00ed jazyku a schopnosti generov\u00e1n\u00ed.<\/li>\n\n\n\n<li><strong>Multimod\u00e1ln\u00ed syst\u00e9my um\u011bl\u00e9 inteligence<\/strong>: V\u00fdznamn\u00e9 pokroky v integraci r\u016fzn\u00fdch forem dat (text, obr\u00e1zky, hlas) pro zlep\u0161en\u00ed kontextov\u00e9ho porozum\u011bn\u00ed um\u011bl\u00e9 inteligence.<\/li>\n<\/ul>\n\n\n\n<p><\/p>\n\n\n\n<h3 class=\"wp-block-heading\">2030s: Teorie mysli a strojov\u00e1 empatie<\/h3>\n\n\n\n<ul class=\"wp-block-list\">\n<li><strong>Ran\u00e9 modely teorie mysli<\/strong>: Um\u011bl\u00e1 inteligence za\u010d\u00edn\u00e1 vykazovat z\u00e1kladn\u00ed schopnosti porozum\u011bt lidsk\u00fdm z\u00e1m\u011br\u016fm a emoc\u00edm v konkr\u00e9tn\u00edch souvislostech.<\/li>\n\n\n\n<li><strong>V\u00fdvoj empatick\u00e9 um\u011bl\u00e9 inteligence<\/strong>: Vyv\u00edjej\u00ed se syst\u00e9my um\u011bl\u00e9 inteligence, kter\u00e9 dok\u00e1\u017e\u00ed rozpoznat lidsk\u00e9 emoce a reagovat na n\u011b, a nach\u00e1zej\u00ed uplatn\u011bn\u00ed v oblasti z\u00e1kaznick\u00fdch slu\u017eeb a zdravotnictv\u00ed.<\/li>\n<\/ul>\n\n\n\n<p><\/p>\n\n\n\n<h3 class=\"wp-block-heading\">2040s: Pokro\u010dil\u00e9 porozum\u011bn\u00ed souvislostem<\/h3>\n\n\n\n<ul class=\"wp-block-list\">\n<li><strong>Sofistikovan\u00e1 kontextov\u00e1 um\u011bl\u00e1 inteligence<\/strong>: Um\u011bl\u00e1 inteligence dosahuje hlub\u0161\u00edho porozum\u011bn\u00ed slo\u017eit\u00fdm souvislostem, integruje v\u00edcesmyslov\u00e1 data a historick\u00e9 znalosti.<\/li>\n<\/ul>\n\n\n\n<p><\/p>\n\n\n\n<h3 class=\"wp-block-heading\">2050s: Cesta k AGI<\/h3>\n\n\n\n<ul class=\"wp-block-list\">\n<li><strong>Integrace specializovan\u00fdch syst\u00e9m\u016f um\u011bl\u00e9 inteligence<\/strong>: Snahy o spojen\u00ed specializovan\u00fdch UI do ucelen\u00fdch syst\u00e9m\u016f schopn\u00fdch u\u010dit se a uva\u017eovat pro obecn\u00e9 \u00fa\u010dely.<\/li>\n\n\n\n<li><strong>Vznikaj\u00ed prototypy syst\u00e9m\u016f AGI<\/strong>: Prototypy schopn\u00e9 autonomn\u011b vykon\u00e1vat \u0161irokou \u0161k\u00e1lu \u00fakol\u016f na \u00farovni \u010dlov\u011bka nebo bl\u00edzko n\u00ed.<\/li>\n<\/ul>\n\n\n\n<p><\/p>\n\n\n\n<h3 class=\"wp-block-heading\">2060 a d\u00e1le: Realizace AGI<\/h3>\n\n\n\n<ul class=\"wp-block-list\">\n<li><strong>AGI se st\u00e1v\u00e1 skute\u010dnost\u00ed<\/strong>: Syst\u00e9my AGI schopn\u00e9 mezioborov\u00fdch inovac\u00ed a kreativity m\u011bn\u00ed v\u011bdeck\u00fd v\u00fdzkum, vzd\u011bl\u00e1v\u00e1n\u00ed a pr\u016fmysl.<\/li>\n\n\n\n<li><strong>Spole\u010densk\u00e1 transformace<\/strong>: Vliv AGI vede k z\u00e1sadn\u00edm zm\u011bn\u00e1m ve fungov\u00e1n\u00ed spole\u010dnosti, v\u010detn\u011b ekonomiky, vzd\u011bl\u00e1v\u00e1n\u00ed a etiky.<\/li>\n<\/ul>\n\n\n\n<p><\/p>\n\n\n\n<h3 class=\"wp-block-heading\">\u00davahy a v\u00fdzvy<\/h3>\n\n\n\n<ul class=\"wp-block-list\">\n<li><strong>Etick\u00e9 a spole\u010densk\u00e9 d\u016fsledky<\/strong>: Cesta k AGI bude poznamen\u00e1na etick\u00fdmi debatami a pot\u0159ebou d\u016fkladn\u00e9 spr\u00e1vy, kter\u00e1 zajist\u00ed spravedliv\u00e9 rozd\u011blen\u00ed p\u0159\u00ednos\u016f AI.<\/li>\n\n\n\n<li><strong>Technologick\u00e9 nejistoty<\/strong>: P\u0159edpov\u011bdi se mohou m\u011bnit vzhledem k potenci\u00e1ln\u00edm pr\u016flom\u016fm, technologick\u00fdm p\u0159ek\u00e1\u017ek\u00e1m a dynamick\u00e9 povaze v\u00fdzkumu um\u011bl\u00e9 inteligence.<\/li>\n<\/ul>\n\n\n\n<p>Tato \u010dasov\u00e1 osa zachycuje v\u00fdvoj um\u011bl\u00e9 inteligence od jej\u00edch teoretick\u00fdch po\u010d\u00e1tk\u016f a\u017e po sou\u010dasn\u00fd stav a prom\u00edt\u00e1 se do budoucnosti, kdy AGI a dal\u0161\u00ed technologie mohou radik\u00e1ln\u011b zm\u011bnit n\u00e1\u0161 vztah k technologi\u00edm i k sob\u011b navz\u00e1jem.<\/p>\n\n\n\n<p><\/p>\n\n\n\n<p>Fotografie od&nbsp;<a href=\"https:\/\/unsplash.com\/@iceage26?utm_content=creditCopyText&amp;utm_medium=referral&amp;utm_source=unsplash\">Adrian Hernandez<\/a><\/p>","protected":false},"excerpt":{"rendered":"<p>ABSTRAKT: V\u00fdvoj um\u011bl\u00e9 inteligence za\u010dal v 50. letech 20. stolet\u00ed z\u00e1kladn\u00edmi pracemi v oblasti symbolick\u00e9ho uva\u017eov\u00e1n\u00ed. V pr\u016fb\u011bhu desetilet\u00ed se roz\u0161\u00ed\u0159ila na expertn\u00ed syst\u00e9my a v 90. letech se posunula ke strojov\u00e9mu u\u010den\u00ed a neuronov\u00fdm s\u00edt\u00edm. Pr\u016flom v hlubok\u00e9m u\u010den\u00ed v roce 2000 a revoluce v hlubok\u00e9m u\u010den\u00ed v roce 2010, zejm\u00e9na s p\u0159\u00edchodem transforma\u010dn\u00edch model\u016f, [...].<\/p>","protected":false},"author":1,"featured_media":251,"parent":0,"menu_order":0,"comment_status":"closed","ping_status":"closed","template":"","meta":{"footnotes":""},"class_list":["post-250","page","type-page","status-publish","has-post-thumbnail","hentry"],"yoast_head":"<!-- This site is optimized with the Yoast SEO plugin v24.9 - https:\/\/yoast.com\/wordpress\/plugins\/seo\/ -->\n<title>AI Timeline - Business Agility+AI<\/title>\n<meta name=\"description\" content=\"Evolution of Artificial Intelligence (AI) from its foundations in the 1950s to speculative future Artificial General Intelligence (AGI) 2060s\" \/>\n<meta name=\"robots\" content=\"index, follow, max-snippet:-1, max-image-preview:large, max-video-preview:-1\" \/>\n<link rel=\"canonical\" href=\"https:\/\/businessagility.education\/blog\/cs\/ai-timeline\/\" \/>\n<meta property=\"og:locale\" content=\"cs_CZ\" \/>\n<meta property=\"og:type\" content=\"article\" \/>\n<meta property=\"og:title\" content=\"AI Timeline - Business Agility+AI\" \/>\n<meta property=\"og:description\" content=\"Evolution of Artificial Intelligence (AI) from its foundations in the 1950s to speculative future Artificial General Intelligence (AGI) 2060s\" \/>\n<meta property=\"og:url\" content=\"https:\/\/businessagility.education\/blog\/cs\/ai-timeline\/\" \/>\n<meta property=\"og:site_name\" content=\"Business Agility+AI\" \/>\n<meta property=\"article:modified_time\" content=\"2024-04-06T20:09:47+00:00\" \/>\n<meta property=\"og:image\" content=\"https:\/\/businessagility.education\/blog\/wp-content\/uploads\/2024\/04\/ai-timeline-artificial-intelligence.jpg\" \/>\n\t<meta property=\"og:image:width\" content=\"640\" \/>\n\t<meta property=\"og:image:height\" content=\"426\" \/>\n\t<meta property=\"og:image:type\" content=\"image\/jpeg\" \/>\n<meta name=\"twitter:card\" content=\"summary_large_image\" \/>\n<meta name=\"twitter:label1\" content=\"Odhadovan\u00e1 doba \u010dten\u00ed\" \/>\n\t<meta name=\"twitter:data1\" content=\"4 minuty\" \/>\n<script type=\"application\/ld+json\" class=\"yoast-schema-graph\">{\"@context\":\"https:\/\/schema.org\",\"@graph\":[{\"@type\":\"WebPage\",\"@id\":\"https:\/\/businessagility.education\/blog\/ai-timeline\/\",\"url\":\"https:\/\/businessagility.education\/blog\/ai-timeline\/\",\"name\":\"AI Timeline - Business Agility+AI\",\"isPartOf\":{\"@id\":\"https:\/\/businessagility.education\/blog\/#website\"},\"primaryImageOfPage\":{\"@id\":\"https:\/\/businessagility.education\/blog\/ai-timeline\/#primaryimage\"},\"image\":{\"@id\":\"https:\/\/businessagility.education\/blog\/ai-timeline\/#primaryimage\"},\"thumbnailUrl\":\"https:\/\/businessagility.education\/blog\/wp-content\/uploads\/2024\/04\/ai-timeline-artificial-intelligence.jpg\",\"datePublished\":\"2024-04-06T19:52:04+00:00\",\"dateModified\":\"2024-04-06T20:09:47+00:00\",\"description\":\"Evolution of Artificial Intelligence (AI) from its foundations in the 1950s to speculative future Artificial General Intelligence (AGI) 2060s\",\"breadcrumb\":{\"@id\":\"https:\/\/businessagility.education\/blog\/ai-timeline\/#breadcrumb\"},\"inLanguage\":\"cs\",\"potentialAction\":[{\"@type\":\"ReadAction\",\"target\":[\"https:\/\/businessagility.education\/blog\/ai-timeline\/\"]}]},{\"@type\":\"ImageObject\",\"inLanguage\":\"cs\",\"@id\":\"https:\/\/businessagility.education\/blog\/ai-timeline\/#primaryimage\",\"url\":\"https:\/\/businessagility.education\/blog\/wp-content\/uploads\/2024\/04\/ai-timeline-artificial-intelligence.jpg\",\"contentUrl\":\"https:\/\/businessagility.education\/blog\/wp-content\/uploads\/2024\/04\/ai-timeline-artificial-intelligence.jpg\",\"width\":640,\"height\":426,\"caption\":\"ai timeline artificial intelligence\"},{\"@type\":\"BreadcrumbList\",\"@id\":\"https:\/\/businessagility.education\/blog\/ai-timeline\/#breadcrumb\",\"itemListElement\":[{\"@type\":\"ListItem\",\"position\":1,\"name\":\"Home\",\"item\":\"https:\/\/businessagility.education\/blog\/\"},{\"@type\":\"ListItem\",\"position\":2,\"name\":\"AI Timeline\"}]},{\"@type\":\"WebSite\",\"@id\":\"https:\/\/businessagility.education\/blog\/#website\",\"url\":\"https:\/\/businessagility.education\/blog\/\",\"name\":\"Business Agility+AI\",\"description\":\"The Business Agility + Artificial Intelligence Blog\",\"publisher\":{\"@id\":\"https:\/\/businessagility.education\/blog\/#organization\"},\"potentialAction\":[{\"@type\":\"SearchAction\",\"target\":{\"@type\":\"EntryPoint\",\"urlTemplate\":\"https:\/\/businessagility.education\/blog\/?s={search_term_string}\"},\"query-input\":{\"@type\":\"PropertyValueSpecification\",\"valueRequired\":true,\"valueName\":\"search_term_string\"}}],\"inLanguage\":\"cs\"},{\"@type\":\"Organization\",\"@id\":\"https:\/\/businessagility.education\/blog\/#organization\",\"name\":\"Business Agility+AI\",\"url\":\"https:\/\/businessagility.education\/blog\/\",\"logo\":{\"@type\":\"ImageObject\",\"inLanguage\":\"cs\",\"@id\":\"https:\/\/businessagility.education\/blog\/#\/schema\/logo\/image\/\",\"url\":\"https:\/\/businessagility.education\/blog\/wp-content\/uploads\/2022\/06\/business-agility-blog-logo.png\",\"contentUrl\":\"https:\/\/businessagility.education\/blog\/wp-content\/uploads\/2022\/06\/business-agility-blog-logo.png\",\"width\":200,\"height\":100,\"caption\":\"Business Agility+AI\"},\"image\":{\"@id\":\"https:\/\/businessagility.education\/blog\/#\/schema\/logo\/image\/\"}}]}<\/script>\n<!-- \/ Yoast SEO plugin. -->","yoast_head_json":{"title":"AI Timeline - Business Agility+AI","description":"Evolution of Artificial Intelligence (AI) from its foundations in the 1950s to speculative future Artificial General Intelligence (AGI) 2060s","robots":{"index":"index","follow":"follow","max-snippet":"max-snippet:-1","max-image-preview":"max-image-preview:large","max-video-preview":"max-video-preview:-1"},"canonical":"https:\/\/businessagility.education\/blog\/cs\/ai-timeline\/","og_locale":"cs_CZ","og_type":"article","og_title":"AI Timeline - Business Agility+AI","og_description":"Evolution of Artificial Intelligence (AI) from its foundations in the 1950s to speculative future Artificial General Intelligence (AGI) 2060s","og_url":"https:\/\/businessagility.education\/blog\/cs\/ai-timeline\/","og_site_name":"Business Agility+AI","article_modified_time":"2024-04-06T20:09:47+00:00","og_image":[{"width":640,"height":426,"url":"https:\/\/businessagility.education\/blog\/wp-content\/uploads\/2024\/04\/ai-timeline-artificial-intelligence.jpg","type":"image\/jpeg"}],"twitter_card":"summary_large_image","twitter_misc":{"Odhadovan\u00e1 doba \u010dten\u00ed":"4 minuty"},"schema":{"@context":"https:\/\/schema.org","@graph":[{"@type":"WebPage","@id":"https:\/\/businessagility.education\/blog\/ai-timeline\/","url":"https:\/\/businessagility.education\/blog\/ai-timeline\/","name":"AI Timeline - Business Agility+AI","isPartOf":{"@id":"https:\/\/businessagility.education\/blog\/#website"},"primaryImageOfPage":{"@id":"https:\/\/businessagility.education\/blog\/ai-timeline\/#primaryimage"},"image":{"@id":"https:\/\/businessagility.education\/blog\/ai-timeline\/#primaryimage"},"thumbnailUrl":"https:\/\/businessagility.education\/blog\/wp-content\/uploads\/2024\/04\/ai-timeline-artificial-intelligence.jpg","datePublished":"2024-04-06T19:52:04+00:00","dateModified":"2024-04-06T20:09:47+00:00","description":"Evolution of Artificial Intelligence (AI) from its foundations in the 1950s to speculative future Artificial General Intelligence (AGI) 2060s","breadcrumb":{"@id":"https:\/\/businessagility.education\/blog\/ai-timeline\/#breadcrumb"},"inLanguage":"cs","potentialAction":[{"@type":"ReadAction","target":["https:\/\/businessagility.education\/blog\/ai-timeline\/"]}]},{"@type":"ImageObject","inLanguage":"cs","@id":"https:\/\/businessagility.education\/blog\/ai-timeline\/#primaryimage","url":"https:\/\/businessagility.education\/blog\/wp-content\/uploads\/2024\/04\/ai-timeline-artificial-intelligence.jpg","contentUrl":"https:\/\/businessagility.education\/blog\/wp-content\/uploads\/2024\/04\/ai-timeline-artificial-intelligence.jpg","width":640,"height":426,"caption":"ai timeline artificial intelligence"},{"@type":"BreadcrumbList","@id":"https:\/\/businessagility.education\/blog\/ai-timeline\/#breadcrumb","itemListElement":[{"@type":"ListItem","position":1,"name":"Home","item":"https:\/\/businessagility.education\/blog\/"},{"@type":"ListItem","position":2,"name":"AI Timeline"}]},{"@type":"WebSite","@id":"https:\/\/businessagility.education\/blog\/#website","url":"https:\/\/businessagility.education\/blog\/","name":"Business Agility+AI","description":"The Business Agility + Artificial Intelligence Blog","publisher":{"@id":"https:\/\/businessagility.education\/blog\/#organization"},"potentialAction":[{"@type":"SearchAction","target":{"@type":"EntryPoint","urlTemplate":"https:\/\/businessagility.education\/blog\/?s={search_term_string}"},"query-input":{"@type":"PropertyValueSpecification","valueRequired":true,"valueName":"search_term_string"}}],"inLanguage":"cs"},{"@type":"Organization","@id":"https:\/\/businessagility.education\/blog\/#organization","name":"Business Agility+AI","url":"https:\/\/businessagility.education\/blog\/","logo":{"@type":"ImageObject","inLanguage":"cs","@id":"https:\/\/businessagility.education\/blog\/#\/schema\/logo\/image\/","url":"https:\/\/businessagility.education\/blog\/wp-content\/uploads\/2022\/06\/business-agility-blog-logo.png","contentUrl":"https:\/\/businessagility.education\/blog\/wp-content\/uploads\/2022\/06\/business-agility-blog-logo.png","width":200,"height":100,"caption":"Business Agility+AI"},"image":{"@id":"https:\/\/businessagility.education\/blog\/#\/schema\/logo\/image\/"}}]}},"_links":{"self":[{"href":"https:\/\/businessagility.education\/blog\/cs\/wp-json\/wp\/v2\/pages\/250","targetHints":{"allow":["GET"]}}],"collection":[{"href":"https:\/\/businessagility.education\/blog\/cs\/wp-json\/wp\/v2\/pages"}],"about":[{"href":"https:\/\/businessagility.education\/blog\/cs\/wp-json\/wp\/v2\/types\/page"}],"author":[{"embeddable":true,"href":"https:\/\/businessagility.education\/blog\/cs\/wp-json\/wp\/v2\/users\/1"}],"replies":[{"embeddable":true,"href":"https:\/\/businessagility.education\/blog\/cs\/wp-json\/wp\/v2\/comments?post=250"}],"version-history":[{"count":3,"href":"https:\/\/businessagility.education\/blog\/cs\/wp-json\/wp\/v2\/pages\/250\/revisions"}],"predecessor-version":[{"id":256,"href":"https:\/\/businessagility.education\/blog\/cs\/wp-json\/wp\/v2\/pages\/250\/revisions\/256"}],"wp:featuredmedia":[{"embeddable":true,"href":"https:\/\/businessagility.education\/blog\/cs\/wp-json\/wp\/v2\/media\/251"}],"wp:attachment":[{"href":"https:\/\/businessagility.education\/blog\/cs\/wp-json\/wp\/v2\/media?parent=250"}],"curies":[{"name":"wp","href":"https:\/\/api.w.org\/{rel}","templated":true}]}}