{"id":16,"date":"2022-04-15T17:45:34","date_gmt":"2022-04-15T21:45:34","guid":{"rendered":"https:\/\/businessagility.education\/blog\/?page_id=16"},"modified":"2022-04-15T17:45:34","modified_gmt":"2022-04-15T21:45:34","slug":"terms-and-conditions","status":"publish","type":"page","link":"https:\/\/businessagility.education\/blog\/cs\/terms-and-conditions\/","title":{"rendered":"Podm\u00ednky"},"content":{"rendered":"<h4 class=\"wp-block-heading\">Obecn\u00e9 podm\u00ednky pou\u017e\u00edv\u00e1n\u00ed<\/h4>\n\n\n\n<p>Pou\u017e\u00edv\u00e1n\u00edm t\u011bchto webov\u00fdch str\u00e1nek, <a href=\"https:\/\/businessagility.education\/\">businessagility.education<\/a> (M\u00cdSTO), souhlas\u00edte s podm\u00ednkami pou\u017e\u00edv\u00e1n\u00ed, kter\u00e9 se k n\u011bmu vztahuj\u00ed, a\u0165 u\u017e pro komer\u010dn\u00ed nebo nekomer\u010dn\u00ed pou\u017eit\u00ed. Pokud s podm\u00ednkami pou\u017e\u00edv\u00e1n\u00ed a z\u00e1sadami ochrany osobn\u00edch \u00fadaj\u016f nesouhlas\u00edte, nepou\u017e\u00edvejte na\u0161e webov\u00e9 str\u00e1nky. businessagility.education si vyhrazuje pr\u00e1vo kdykoli a bez p\u0159edchoz\u00edho upozorn\u011bn\u00ed zm\u011bnit, upravit, p\u0159idat nebo odstranit \u010d\u00e1sti t\u011bchto podm\u00ednek pou\u017e\u00edv\u00e1n\u00ed a ochrany osobn\u00edch \u00fadaj\u016f. Nep\u0159ij\u00edm\u00e1me \u017e\u00e1dn\u00e9 z\u00e1vazky ohledn\u011b p\u0159esnosti nebo spolehlivosti zobrazen\u00ed slu\u017eeb, produkt\u016f, tip\u016f, ozn\u00e1men\u00ed, prohl\u00e1\u0161en\u00ed nebo jin\u00fdch informac\u00ed zobrazen\u00fdch, sta\u017een\u00fdch nebo p\u0159en\u00e1\u0161en\u00fdch prost\u0159ednictv\u00edm slu\u017eby n\u00e1mi, na\u0161imi partnery, jak\u00fdmkoli obchodn\u00edkem a\/nebo zobrazen\u00edm , nebo jakoukoli jinou osobou \u010di subjektem. P\u0159eb\u00edr\u00e1te rizika, kter\u00e1 podstupujete t\u00edm, \u017ee se spol\u00e9h\u00e1te na jak\u00fdkoli n\u00e1zor, zobrazen\u00ed nebo informaci. Odkazy na jin\u00e9 webov\u00e9 str\u00e1nky, kter\u00e9 najdete na businessagility.education, stejn\u011b jako jeho dal\u0161\u00ed webov\u00e9 vlastnosti, nejsou potvrzen\u00edm jak\u00fdchkoli produkt\u016f nebo slu\u017eeb nab\u00edzen\u00fdch na stejn\u00fdch str\u00e1nk\u00e1ch, FrenchMarketing.ca neschv\u00e1lil ani neschv\u00e1lil informace na t\u011bchto str\u00e1nk\u00e1ch. Obchodn\u00ed podm\u00ednky se \u0159\u00edd\u00ed z\u00e1kony kanadsk\u00e9 provincie Quebec. V p\u0159\u00edpad\u011b soudn\u00edho st\u00edh\u00e1n\u00ed a\/nebo soudn\u00edho \u0159\u00edzen\u00ed souhlas\u00edte s t\u00edm, \u017ee n\u00e1s zprost\u00edte ve\u0161ker\u00e9 odpov\u011bdnosti a budete n\u00e1s h\u00e1jit na sv\u00e9 n\u00e1klady. Pokud by n\u011bkter\u00e9 z ustanoven\u00ed t\u011bchto podm\u00ednek pou\u017e\u00edv\u00e1n\u00ed bylo zru\u0161eno rozhodnut\u00edm soudu, zb\u00fdvaj\u00edc\u00ed ustanoven\u00ed z\u016fst\u00e1vaj\u00ed v platnosti a plat\u00ed i nad\u00e1le.<\/p>\n\n\n\n<h4 class=\"wp-block-heading\">Autorsk\u00e1 pr\u00e1va Podm\u00ednky pou\u017e\u00edv\u00e1n\u00ed<\/h4>\n\n\n\n<p>Nesm\u00edte kop\u00edrovat, zobrazovat, distribuovat ani jinak reprodukovat \u017e\u00e1dn\u00fd text, obr\u00e1zek nebo jin\u00fd form\u00e1t chr\u00e1n\u011bn\u00fd autorsk\u00fdmi pr\u00e1vy, kter\u00fd se nach\u00e1z\u00ed na na\u0161ich str\u00e1nk\u00e1ch.<\/p>\n\n\n\n<h4 class=\"wp-block-heading\">Omezen\u00ed odpov\u011bdnosti Podm\u00ednky pou\u017e\u00edv\u00e1n\u00ed<\/h4>\n\n\n\n<p>NENESEME ODPOV\u011aDNOST ZA \u0160KODY JAK\u00c9HOKOLI DRUHU VZNIKL\u00c9 V D\u016eSLEDKU POU\u017d\u00cdV\u00c1N\u00cd T\u011aCHTO STR\u00c1NEK. NEODPOV\u00cdD\u00c1ME ZA \u017d\u00c1DN\u00c9 N\u00c1SLEDN\u00c9 A\/NEBO N\u00c1HODN\u00c9 \u0160KODY VYPL\u00ddVAJ\u00cdC\u00cd Z VA\u0160EHO POU\u017d\u00cdV\u00c1N\u00cd SLU\u017dBY A STR\u00c1NEK.<\/p>","protected":false},"excerpt":{"rendered":"<p>V\u0161eobecn\u00e9 podm\u00ednky pou\u017e\u00edv\u00e1n\u00ed Pou\u017e\u00edv\u00e1n\u00edm t\u00e9to webov\u00e9 str\u00e1nky businessagility.education (d\u00e1le jen \"STR\u00c1NKA\") souhlas\u00edte s podm\u00ednkami jej\u00edho pou\u017e\u00edv\u00e1n\u00ed, a\u0165 u\u017e pro komer\u010dn\u00ed nebo nekomer\u010dn\u00ed \u00fa\u010dely. Pokud nesouhlas\u00edte s podm\u00ednkami pou\u017e\u00edv\u00e1n\u00ed a na\u0161imi z\u00e1sadami ochrany osobn\u00edch \u00fadaj\u016f, nepou\u017e\u00edvejte na\u0161e webov\u00e9 str\u00e1nky. businessagility.education si vyhrazuje pr\u00e1vo m\u011bnit, upravovat, p\u0159id\u00e1vat [...]<\/p>","protected":false},"author":1,"featured_media":0,"parent":0,"menu_order":0,"comment_status":"closed","ping_status":"closed","template":"","meta":{"footnotes":""},"class_list":["post-16","page","type-page","status-publish","hentry"],"yoast_head":"<!-- This site is optimized with the Yoast SEO plugin v24.9 - https:\/\/yoast.com\/wordpress\/plugins\/seo\/ -->\n<title>Terms - Business Agility+AI<\/title>\n<meta name=\"robots\" content=\"index, follow, max-snippet:-1, max-image-preview:large, max-video-preview:-1\" \/>\n<link rel=\"canonical\" href=\"https:\/\/businessagility.education\/blog\/cs\/terms-and-conditions\/\" \/>\n<meta property=\"og:locale\" content=\"cs_CZ\" \/>\n<meta property=\"og:type\" content=\"article\" \/>\n<meta property=\"og:title\" content=\"Terms - Business Agility+AI\" \/>\n<meta property=\"og:description\" content=\"General Terms of Use By using this website, businessagility.education (THE SITE), you agree to the terms of use relating to it, whether for commercial or non-commercial use. If you do not agree with the terms of use and our privacy policy, please do not use our website. businessagility.education reserves the right to change, modify, add [&hellip;]\" \/>\n<meta property=\"og:url\" content=\"https:\/\/businessagility.education\/blog\/cs\/terms-and-conditions\/\" \/>\n<meta property=\"og:site_name\" content=\"Business Agility+AI\" \/>\n<meta name=\"twitter:card\" content=\"summary_large_image\" \/>\n<meta name=\"twitter:label1\" content=\"Odhadovan\u00e1 doba \u010dten\u00ed\" \/>\n\t<meta name=\"twitter:data1\" content=\"2 minuty\" \/>\n<script type=\"application\/ld+json\" class=\"yoast-schema-graph\">{\"@context\":\"https:\/\/schema.org\",\"@graph\":[{\"@type\":\"WebPage\",\"@id\":\"https:\/\/businessagility.education\/blog\/terms-and-conditions\/\",\"url\":\"https:\/\/businessagility.education\/blog\/terms-and-conditions\/\",\"name\":\"Terms - Business Agility+AI\",\"isPartOf\":{\"@id\":\"https:\/\/businessagility.education\/blog\/#website\"},\"datePublished\":\"2022-04-15T21:45:34+00:00\",\"breadcrumb\":{\"@id\":\"https:\/\/businessagility.education\/blog\/terms-and-conditions\/#breadcrumb\"},\"inLanguage\":\"cs\",\"potentialAction\":[{\"@type\":\"ReadAction\",\"target\":[\"https:\/\/businessagility.education\/blog\/terms-and-conditions\/\"]}]},{\"@type\":\"BreadcrumbList\",\"@id\":\"https:\/\/businessagility.education\/blog\/terms-and-conditions\/#breadcrumb\",\"itemListElement\":[{\"@type\":\"ListItem\",\"position\":1,\"name\":\"Home\",\"item\":\"https:\/\/businessagility.education\/blog\/\"},{\"@type\":\"ListItem\",\"position\":2,\"name\":\"Terms\"}]},{\"@type\":\"WebSite\",\"@id\":\"https:\/\/businessagility.education\/blog\/#website\",\"url\":\"https:\/\/businessagility.education\/blog\/\",\"name\":\"Business Agility+AI\",\"description\":\"The Business Agility + Artificial Intelligence Blog\",\"publisher\":{\"@id\":\"https:\/\/businessagility.education\/blog\/#organization\"},\"potentialAction\":[{\"@type\":\"SearchAction\",\"target\":{\"@type\":\"EntryPoint\",\"urlTemplate\":\"https:\/\/businessagility.education\/blog\/?s={search_term_string}\"},\"query-input\":{\"@type\":\"PropertyValueSpecification\",\"valueRequired\":true,\"valueName\":\"search_term_string\"}}],\"inLanguage\":\"cs\"},{\"@type\":\"Organization\",\"@id\":\"https:\/\/businessagility.education\/blog\/#organization\",\"name\":\"Business Agility+AI\",\"url\":\"https:\/\/businessagility.education\/blog\/\",\"logo\":{\"@type\":\"ImageObject\",\"inLanguage\":\"cs\",\"@id\":\"https:\/\/businessagility.education\/blog\/#\/schema\/logo\/image\/\",\"url\":\"https:\/\/businessagility.education\/blog\/wp-content\/uploads\/2022\/06\/business-agility-blog-logo.png\",\"contentUrl\":\"https:\/\/businessagility.education\/blog\/wp-content\/uploads\/2022\/06\/business-agility-blog-logo.png\",\"width\":200,\"height\":100,\"caption\":\"Business Agility+AI\"},\"image\":{\"@id\":\"https:\/\/businessagility.education\/blog\/#\/schema\/logo\/image\/\"}}]}<\/script>\n<!-- \/ Yoast SEO plugin. -->","yoast_head_json":{"title":"Terms - Business Agility+AI","robots":{"index":"index","follow":"follow","max-snippet":"max-snippet:-1","max-image-preview":"max-image-preview:large","max-video-preview":"max-video-preview:-1"},"canonical":"https:\/\/businessagility.education\/blog\/cs\/terms-and-conditions\/","og_locale":"cs_CZ","og_type":"article","og_title":"Terms - Business Agility+AI","og_description":"General Terms of Use By using this website, businessagility.education (THE SITE), you agree to the terms of use relating to it, whether for commercial or non-commercial use. If you do not agree with the terms of use and our privacy policy, please do not use our website. businessagility.education reserves the right to change, modify, add [&hellip;]","og_url":"https:\/\/businessagility.education\/blog\/cs\/terms-and-conditions\/","og_site_name":"Business Agility+AI","twitter_card":"summary_large_image","twitter_misc":{"Odhadovan\u00e1 doba \u010dten\u00ed":"2 minuty"},"schema":{"@context":"https:\/\/schema.org","@graph":[{"@type":"WebPage","@id":"https:\/\/businessagility.education\/blog\/terms-and-conditions\/","url":"https:\/\/businessagility.education\/blog\/terms-and-conditions\/","name":"Terms - Business Agility+AI","isPartOf":{"@id":"https:\/\/businessagility.education\/blog\/#website"},"datePublished":"2022-04-15T21:45:34+00:00","breadcrumb":{"@id":"https:\/\/businessagility.education\/blog\/terms-and-conditions\/#breadcrumb"},"inLanguage":"cs","potentialAction":[{"@type":"ReadAction","target":["https:\/\/businessagility.education\/blog\/terms-and-conditions\/"]}]},{"@type":"BreadcrumbList","@id":"https:\/\/businessagility.education\/blog\/terms-and-conditions\/#breadcrumb","itemListElement":[{"@type":"ListItem","position":1,"name":"Home","item":"https:\/\/businessagility.education\/blog\/"},{"@type":"ListItem","position":2,"name":"Terms"}]},{"@type":"WebSite","@id":"https:\/\/businessagility.education\/blog\/#website","url":"https:\/\/businessagility.education\/blog\/","name":"Business Agility+AI","description":"The Business Agility + Artificial Intelligence Blog","publisher":{"@id":"https:\/\/businessagility.education\/blog\/#organization"},"potentialAction":[{"@type":"SearchAction","target":{"@type":"EntryPoint","urlTemplate":"https:\/\/businessagility.education\/blog\/?s={search_term_string}"},"query-input":{"@type":"PropertyValueSpecification","valueRequired":true,"valueName":"search_term_string"}}],"inLanguage":"cs"},{"@type":"Organization","@id":"https:\/\/businessagility.education\/blog\/#organization","name":"Business Agility+AI","url":"https:\/\/businessagility.education\/blog\/","logo":{"@type":"ImageObject","inLanguage":"cs","@id":"https:\/\/businessagility.education\/blog\/#\/schema\/logo\/image\/","url":"https:\/\/businessagility.education\/blog\/wp-content\/uploads\/2022\/06\/business-agility-blog-logo.png","contentUrl":"https:\/\/businessagility.education\/blog\/wp-content\/uploads\/2022\/06\/business-agility-blog-logo.png","width":200,"height":100,"caption":"Business Agility+AI"},"image":{"@id":"https:\/\/businessagility.education\/blog\/#\/schema\/logo\/image\/"}}]}},"_links":{"self":[{"href":"https:\/\/businessagility.education\/blog\/cs\/wp-json\/wp\/v2\/pages\/16","targetHints":{"allow":["GET"]}}],"collection":[{"href":"https:\/\/businessagility.education\/blog\/cs\/wp-json\/wp\/v2\/pages"}],"about":[{"href":"https:\/\/businessagility.education\/blog\/cs\/wp-json\/wp\/v2\/types\/page"}],"author":[{"embeddable":true,"href":"https:\/\/businessagility.education\/blog\/cs\/wp-json\/wp\/v2\/users\/1"}],"replies":[{"embeddable":true,"href":"https:\/\/businessagility.education\/blog\/cs\/wp-json\/wp\/v2\/comments?post=16"}],"version-history":[{"count":1,"href":"https:\/\/businessagility.education\/blog\/cs\/wp-json\/wp\/v2\/pages\/16\/revisions"}],"predecessor-version":[{"id":17,"href":"https:\/\/businessagility.education\/blog\/cs\/wp-json\/wp\/v2\/pages\/16\/revisions\/17"}],"wp:attachment":[{"href":"https:\/\/businessagility.education\/blog\/cs\/wp-json\/wp\/v2\/media?parent=16"}],"curies":[{"name":"wp","href":"https:\/\/api.w.org\/{rel}","templated":true}]}}