{"id":134,"date":"2022-08-12T13:10:26","date_gmt":"2022-08-12T17:10:26","guid":{"rendered":"https:\/\/businessagility.education\/blog\/?page_id=134"},"modified":"2022-08-12T13:10:27","modified_gmt":"2022-08-12T17:10:27","slug":"business-agility-ireland","status":"publish","type":"page","link":"https:\/\/businessagility.education\/blog\/cs\/business-agility-ireland\/","title":{"rendered":"Business Agility Ireland"},"content":{"rendered":"<figure class=\"wp-block-image size-full\"><img loading=\"lazy\" decoding=\"async\" width=\"640\" height=\"427\" src=\"https:\/\/businessagility.education\/blog\/wp-content\/uploads\/2022\/08\/business-agility-blog-ireland.png\" alt=\"Business Agility Ireland\" class=\"wp-image-135\" srcset=\"https:\/\/businessagility.education\/blog\/wp-content\/uploads\/2022\/08\/business-agility-blog-ireland.png 640w, https:\/\/businessagility.education\/blog\/wp-content\/uploads\/2022\/08\/business-agility-blog-ireland-300x200.png 300w, https:\/\/businessagility.education\/blog\/wp-content\/uploads\/2022\/08\/business-agility-blog-ireland-18x12.png 18w\" sizes=\"auto, (max-width: 640px) 100vw, 640px\" \/><\/figure>\n\n\n\n<h2 id=\"agilemarketingireland\">Agiln\u00ed marketing v Irsku<\/h2>\n\n\n\n<p>P\u0159ipravuje se p\u0159ehled literatury a p\u0159\u00edsp\u011bvky k souboru znalost\u00ed o agiln\u00edm marketingu z Irska.<\/p>\n\n\n\n<h2 class=\"wp-block-heading\">Sv\u011bt agiln\u00edho marketingu: Irsk\u00e9 univerzity<\/h2>\n\n\n\n<h3 class=\"wp-block-heading\">Trinity College Dublin, Irsko<\/h3>\n\n\n\n<h5 class=\"wp-block-heading\">Pokroky v teorii a praxi marketingu<\/h5>\n\n\n\n<p>Tento kurz zahrnuje relevantn\u00ed teoretick\u00e9 a historick\u00e9 aspekty marketingu, v\u010detn\u011b sou\u010dasn\u00fdch trend\u016f, jako jsou nap\u0159. <a href=\"https:\/\/www.tcd.ie\/business\/undergraduate\/module-outlines\/buu44550.php\">Agiln\u00ed marketing <\/a><\/p>\n\n\n\n<h2 class=\"wp-block-heading\">Souvisej\u00edc\u00ed t\u00e9mata agiln\u00edho v\u00fdzkumu<\/h2>\n\n\n\n<h4 class=\"wp-block-heading\">Agiln\u00ed marketing pro agiln\u00ed HR a agiln\u00ed HR pro agiln\u00ed marketing<\/h4>\n\n\n\n<h3 class=\"wp-block-heading\">Dublin City University, Irsko<\/h3>\n\n\n\n<h4 class=\"wp-block-heading\">Brian Harney a David G. Collings<\/h4>\n\n\n\n<h6 class=\"wp-block-heading\">2021<\/h6>\n\n\n\n<p>Dr. Harney a Dr. Collings za\u010d\u00ednaj\u00ed siln\u00fdm metakognitivn\u00edm spou\u0161t\u011b\u010dem prost\u0159ednictv\u00edm prezentace b\u00e1sn\u011b (Ridge, Lola. \"Ni\u010ditel\"), aby chyt\u0159e upoutali pozornost \u010dten\u00e1\u0159e a vytvo\u0159ili srovn\u00e1vac\u00ed z\u00e1kladnu pro zm\u011bny prob\u00edhaj\u00edc\u00ed v oblasti lidsk\u00fdch zdroj\u016f a reakce, kter\u00e9 jsou v oblasti lidsk\u00fdch zdroj\u016f vy\u017eadov\u00e1ny. <\/p>\n\n\n\n<p>Citace: (McMackin &amp; Heffernan, 2020), (Hewett &amp; Shantz, 2021).<\/p>\n\n\n\n<p>Harney, B., &amp; Collings, D. G. (2021). Navigace v m\u011bn\u00edc\u00ed se krajin\u011b \u0159\u00edzen\u00ed lidsk\u00fdch zdroj\u016f. <em>P\u0159ehled \u0159\u00edzen\u00ed lidsk\u00fdch zdroj\u016f<\/em><\/p>\n\n\n\n<p><a href=\"https:\/\/doi.org\/10.1016\/j.hrmr.2021.100824\">https:\/\/doi.org\/10.1016\/j.hrmr.2021.100824<\/a><\/p>\n\n\n\n<h4 class=\"wp-block-heading\">John McMackin a Margaret Heffernanov\u00e1<\/h4>\n\n\n\n<p><strong>2020<\/strong><\/p>\n\n\n\n<p>Dr. McMackin a Dr. Heffernan n\u00e1s seznamuj\u00ed s d\u016fle\u017eit\u00fdmi rozd\u00edly mezi HR pro agiln\u00ed a Agile pro HR.<\/p>\n\n\n\n<p>McMackin, J., &amp; Heffernan, M. (2020). Agile for hr: V praxi je to fajn, ale bude to fungovat i teoreticky? <em>P\u0159ehled \u0159\u00edzen\u00ed lidsk\u00fdch zdroj\u016f<\/em><\/p>\n\n\n\n<p><a href=\"https:\/\/doi.org\/10.1016\/j.hrmr.2020.100791\" target=\"_blank\" rel=\"noreferrer noopener\">https:\/\/doi.org\/10.1016\/j.hrmr.2020.100791<\/a><\/p>\n\n\n\n<p><\/p>\n\n\n\n<h3 class=\"wp-block-heading\">Trinity College Dublin, Irsko<\/h3>\n\n\n\n<h4 class=\"wp-block-heading\">Amanda Shantz (a Rebecca Hewett)<\/h4>\n\n\n\n<p>Dr. Shantz spole\u010dn\u011b s Dr. Rebeccou Hewett (Rotterdam School of Management, Erasmus University, Nizozemsko) podrobn\u011b popisuj\u00ed p\u0159\u00ednosy zohledn\u011bn\u00ed HR a spoluvytv\u00e1\u0159en\u00ed zainteresovan\u00fdch stran.<\/p>\n\n\n\n<p>Hewett, R. &amp; Shantz, A. (2021). Teorie spoluvytv\u00e1\u0159en\u00ed lidsk\u00fdch zdroj\u016f <em>P\u0159ehled \u0159\u00edzen\u00ed lidsk\u00fdch zdroj\u016f<\/em><\/p>\n\n\n\n<p><a href=\"https:\/\/doi.org\/10.1016\/j.hrmr.2021.100823\">https:\/\/doi.org\/10.1016\/j.hrmr.2021.100823<\/a><\/p>","protected":false},"excerpt":{"rendered":"<p>Agiln\u00ed marketing v Irsku P\u0159ipravuje se p\u0159ehled literatury a p\u0159\u00edsp\u011bvky k souboru znalost\u00ed o agiln\u00edm marketingu z Irska. Sv\u011bt agiln\u00edho marketingu: Tento kurz zahrnuje relevantn\u00ed teoretick\u00e9 a historick\u00e9 aspekty marketingu, v\u010detn\u011b sou\u010dasn\u00fdch trend\u016f, jako je agiln\u00ed marketing.<\/p>","protected":false},"author":1,"featured_media":0,"parent":0,"menu_order":0,"comment_status":"closed","ping_status":"closed","template":"","meta":{"footnotes":""},"class_list":["post-134","page","type-page","status-publish","hentry"],"yoast_head":"<!-- This site is optimized with the Yoast SEO plugin v24.9 - https:\/\/yoast.com\/wordpress\/plugins\/seo\/ -->\n<title>Business Agility Ireland - Agile HR, Agile Sales &amp; Marketing, Agile Finance<\/title>\n<meta name=\"description\" content=\"Business Agility Ireland, Agile Sales, Agile HR and Agile Marketing in Ireland Universities. Agility in Business Research and Education in Ireland\" \/>\n<meta name=\"robots\" content=\"index, follow, max-snippet:-1, max-image-preview:large, max-video-preview:-1\" \/>\n<link rel=\"canonical\" href=\"https:\/\/businessagility.education\/blog\/cs\/business-agility-ireland\/\" \/>\n<meta property=\"og:locale\" content=\"cs_CZ\" \/>\n<meta property=\"og:type\" content=\"article\" \/>\n<meta property=\"og:title\" content=\"Business Agility Ireland - Agile HR, Agile Sales &amp; Marketing, Agile Finance\" \/>\n<meta property=\"og:description\" content=\"Business Agility Ireland, Agile Sales, Agile HR and Agile Marketing in Ireland Universities. Agility in Business Research and Education in Ireland\" \/>\n<meta property=\"og:url\" content=\"https:\/\/businessagility.education\/blog\/cs\/business-agility-ireland\/\" \/>\n<meta property=\"og:site_name\" content=\"Business Agility+AI\" \/>\n<meta property=\"article:modified_time\" content=\"2022-08-12T17:10:27+00:00\" \/>\n<meta property=\"og:image\" content=\"https:\/\/businessagility.education\/blog\/wp-content\/uploads\/2022\/08\/business-agility-blog-ireland.png\" \/>\n<meta name=\"twitter:card\" content=\"summary_large_image\" \/>\n<meta name=\"twitter:label1\" content=\"Odhadovan\u00e1 doba \u010dten\u00ed\" \/>\n\t<meta name=\"twitter:data1\" content=\"2 minuty\" \/>\n<script type=\"application\/ld+json\" class=\"yoast-schema-graph\">{\"@context\":\"https:\/\/schema.org\",\"@graph\":[{\"@type\":\"WebPage\",\"@id\":\"https:\/\/businessagility.education\/blog\/business-agility-ireland\/\",\"url\":\"https:\/\/businessagility.education\/blog\/business-agility-ireland\/\",\"name\":\"Business Agility Ireland - Agile HR, Agile Sales & Marketing, Agile Finance\",\"isPartOf\":{\"@id\":\"https:\/\/businessagility.education\/blog\/#website\"},\"primaryImageOfPage\":{\"@id\":\"https:\/\/businessagility.education\/blog\/business-agility-ireland\/#primaryimage\"},\"image\":{\"@id\":\"https:\/\/businessagility.education\/blog\/business-agility-ireland\/#primaryimage\"},\"thumbnailUrl\":\"https:\/\/businessagility.education\/blog\/wp-content\/uploads\/2022\/08\/business-agility-blog-ireland.png\",\"datePublished\":\"2022-08-12T17:10:26+00:00\",\"dateModified\":\"2022-08-12T17:10:27+00:00\",\"description\":\"Business Agility Ireland, Agile Sales, Agile HR and Agile Marketing in Ireland Universities. Agility in Business Research and Education in Ireland\",\"breadcrumb\":{\"@id\":\"https:\/\/businessagility.education\/blog\/business-agility-ireland\/#breadcrumb\"},\"inLanguage\":\"cs\",\"potentialAction\":[{\"@type\":\"ReadAction\",\"target\":[\"https:\/\/businessagility.education\/blog\/business-agility-ireland\/\"]}]},{\"@type\":\"ImageObject\",\"inLanguage\":\"cs\",\"@id\":\"https:\/\/businessagility.education\/blog\/business-agility-ireland\/#primaryimage\",\"url\":\"https:\/\/businessagility.education\/blog\/wp-content\/uploads\/2022\/08\/business-agility-blog-ireland.png\",\"contentUrl\":\"https:\/\/businessagility.education\/blog\/wp-content\/uploads\/2022\/08\/business-agility-blog-ireland.png\"},{\"@type\":\"BreadcrumbList\",\"@id\":\"https:\/\/businessagility.education\/blog\/business-agility-ireland\/#breadcrumb\",\"itemListElement\":[{\"@type\":\"ListItem\",\"position\":1,\"name\":\"Home\",\"item\":\"https:\/\/businessagility.education\/blog\/\"},{\"@type\":\"ListItem\",\"position\":2,\"name\":\"Business Agility Ireland\"}]},{\"@type\":\"WebSite\",\"@id\":\"https:\/\/businessagility.education\/blog\/#website\",\"url\":\"https:\/\/businessagility.education\/blog\/\",\"name\":\"Business Agility+AI\",\"description\":\"The Business Agility + Artificial Intelligence Blog\",\"publisher\":{\"@id\":\"https:\/\/businessagility.education\/blog\/#organization\"},\"potentialAction\":[{\"@type\":\"SearchAction\",\"target\":{\"@type\":\"EntryPoint\",\"urlTemplate\":\"https:\/\/businessagility.education\/blog\/?s={search_term_string}\"},\"query-input\":{\"@type\":\"PropertyValueSpecification\",\"valueRequired\":true,\"valueName\":\"search_term_string\"}}],\"inLanguage\":\"cs\"},{\"@type\":\"Organization\",\"@id\":\"https:\/\/businessagility.education\/blog\/#organization\",\"name\":\"Business Agility+AI\",\"url\":\"https:\/\/businessagility.education\/blog\/\",\"logo\":{\"@type\":\"ImageObject\",\"inLanguage\":\"cs\",\"@id\":\"https:\/\/businessagility.education\/blog\/#\/schema\/logo\/image\/\",\"url\":\"https:\/\/businessagility.education\/blog\/wp-content\/uploads\/2022\/06\/business-agility-blog-logo.png\",\"contentUrl\":\"https:\/\/businessagility.education\/blog\/wp-content\/uploads\/2022\/06\/business-agility-blog-logo.png\",\"width\":200,\"height\":100,\"caption\":\"Business Agility+AI\"},\"image\":{\"@id\":\"https:\/\/businessagility.education\/blog\/#\/schema\/logo\/image\/\"}}]}<\/script>\n<!-- \/ Yoast SEO plugin. -->","yoast_head_json":{"title":"Business Agility Ireland - Agile HR, Agile Sales & Marketing, Agile Finance","description":"Business Agility Ireland, Agile Sales, Agile HR and Agile Marketing in Ireland Universities. Agility in Business Research and Education in Ireland","robots":{"index":"index","follow":"follow","max-snippet":"max-snippet:-1","max-image-preview":"max-image-preview:large","max-video-preview":"max-video-preview:-1"},"canonical":"https:\/\/businessagility.education\/blog\/cs\/business-agility-ireland\/","og_locale":"cs_CZ","og_type":"article","og_title":"Business Agility Ireland - Agile HR, Agile Sales & Marketing, Agile Finance","og_description":"Business Agility Ireland, Agile Sales, Agile HR and Agile Marketing in Ireland Universities. Agility in Business Research and Education in Ireland","og_url":"https:\/\/businessagility.education\/blog\/cs\/business-agility-ireland\/","og_site_name":"Business Agility+AI","article_modified_time":"2022-08-12T17:10:27+00:00","og_image":[{"url":"https:\/\/businessagility.education\/blog\/wp-content\/uploads\/2022\/08\/business-agility-blog-ireland.png","type":"","width":"","height":""}],"twitter_card":"summary_large_image","twitter_misc":{"Odhadovan\u00e1 doba \u010dten\u00ed":"2 minuty"},"schema":{"@context":"https:\/\/schema.org","@graph":[{"@type":"WebPage","@id":"https:\/\/businessagility.education\/blog\/business-agility-ireland\/","url":"https:\/\/businessagility.education\/blog\/business-agility-ireland\/","name":"Business Agility Ireland - Agile HR, Agile Sales & Marketing, Agile Finance","isPartOf":{"@id":"https:\/\/businessagility.education\/blog\/#website"},"primaryImageOfPage":{"@id":"https:\/\/businessagility.education\/blog\/business-agility-ireland\/#primaryimage"},"image":{"@id":"https:\/\/businessagility.education\/blog\/business-agility-ireland\/#primaryimage"},"thumbnailUrl":"https:\/\/businessagility.education\/blog\/wp-content\/uploads\/2022\/08\/business-agility-blog-ireland.png","datePublished":"2022-08-12T17:10:26+00:00","dateModified":"2022-08-12T17:10:27+00:00","description":"Business Agility Ireland, Agile Sales, Agile HR and Agile Marketing in Ireland Universities. Agility in Business Research and Education in Ireland","breadcrumb":{"@id":"https:\/\/businessagility.education\/blog\/business-agility-ireland\/#breadcrumb"},"inLanguage":"cs","potentialAction":[{"@type":"ReadAction","target":["https:\/\/businessagility.education\/blog\/business-agility-ireland\/"]}]},{"@type":"ImageObject","inLanguage":"cs","@id":"https:\/\/businessagility.education\/blog\/business-agility-ireland\/#primaryimage","url":"https:\/\/businessagility.education\/blog\/wp-content\/uploads\/2022\/08\/business-agility-blog-ireland.png","contentUrl":"https:\/\/businessagility.education\/blog\/wp-content\/uploads\/2022\/08\/business-agility-blog-ireland.png"},{"@type":"BreadcrumbList","@id":"https:\/\/businessagility.education\/blog\/business-agility-ireland\/#breadcrumb","itemListElement":[{"@type":"ListItem","position":1,"name":"Home","item":"https:\/\/businessagility.education\/blog\/"},{"@type":"ListItem","position":2,"name":"Business Agility Ireland"}]},{"@type":"WebSite","@id":"https:\/\/businessagility.education\/blog\/#website","url":"https:\/\/businessagility.education\/blog\/","name":"Business Agility+AI","description":"The Business Agility + Artificial Intelligence Blog","publisher":{"@id":"https:\/\/businessagility.education\/blog\/#organization"},"potentialAction":[{"@type":"SearchAction","target":{"@type":"EntryPoint","urlTemplate":"https:\/\/businessagility.education\/blog\/?s={search_term_string}"},"query-input":{"@type":"PropertyValueSpecification","valueRequired":true,"valueName":"search_term_string"}}],"inLanguage":"cs"},{"@type":"Organization","@id":"https:\/\/businessagility.education\/blog\/#organization","name":"Business Agility+AI","url":"https:\/\/businessagility.education\/blog\/","logo":{"@type":"ImageObject","inLanguage":"cs","@id":"https:\/\/businessagility.education\/blog\/#\/schema\/logo\/image\/","url":"https:\/\/businessagility.education\/blog\/wp-content\/uploads\/2022\/06\/business-agility-blog-logo.png","contentUrl":"https:\/\/businessagility.education\/blog\/wp-content\/uploads\/2022\/06\/business-agility-blog-logo.png","width":200,"height":100,"caption":"Business Agility+AI"},"image":{"@id":"https:\/\/businessagility.education\/blog\/#\/schema\/logo\/image\/"}}]}},"_links":{"self":[{"href":"https:\/\/businessagility.education\/blog\/cs\/wp-json\/wp\/v2\/pages\/134","targetHints":{"allow":["GET"]}}],"collection":[{"href":"https:\/\/businessagility.education\/blog\/cs\/wp-json\/wp\/v2\/pages"}],"about":[{"href":"https:\/\/businessagility.education\/blog\/cs\/wp-json\/wp\/v2\/types\/page"}],"author":[{"embeddable":true,"href":"https:\/\/businessagility.education\/blog\/cs\/wp-json\/wp\/v2\/users\/1"}],"replies":[{"embeddable":true,"href":"https:\/\/businessagility.education\/blog\/cs\/wp-json\/wp\/v2\/comments?post=134"}],"version-history":[{"count":1,"href":"https:\/\/businessagility.education\/blog\/cs\/wp-json\/wp\/v2\/pages\/134\/revisions"}],"predecessor-version":[{"id":136,"href":"https:\/\/businessagility.education\/blog\/cs\/wp-json\/wp\/v2\/pages\/134\/revisions\/136"}],"wp:attachment":[{"href":"https:\/\/businessagility.education\/blog\/cs\/wp-json\/wp\/v2\/media?parent=134"}],"curies":[{"name":"wp","href":"https:\/\/api.w.org\/{rel}","templated":true}]}}