{"id":131,"date":"2022-08-12T12:58:24","date_gmt":"2022-08-12T16:58:24","guid":{"rendered":"https:\/\/businessagility.education\/blog\/?page_id=131"},"modified":"2022-08-12T12:58:24","modified_gmt":"2022-08-12T16:58:24","slug":"business-agility-finland","status":"publish","type":"page","link":"https:\/\/businessagility.education\/blog\/cs\/business-agility-finland\/","title":{"rendered":"Business Agility Finsko"},"content":{"rendered":"<figure class=\"wp-block-image size-full\"><img loading=\"lazy\" decoding=\"async\" width=\"640\" height=\"427\" src=\"https:\/\/businessagility.education\/blog\/wp-content\/uploads\/2022\/08\/business-agility-blog-finland.png\" alt=\"business agility finland\" class=\"wp-image-132\" srcset=\"https:\/\/businessagility.education\/blog\/wp-content\/uploads\/2022\/08\/business-agility-blog-finland.png 640w, https:\/\/businessagility.education\/blog\/wp-content\/uploads\/2022\/08\/business-agility-blog-finland-300x200.png 300w, https:\/\/businessagility.education\/blog\/wp-content\/uploads\/2022\/08\/business-agility-blog-finland-18x12.png 18w\" sizes=\"auto, (max-width: 640px) 100vw, 640px\" \/><\/figure>\n\n\n\n<h2 id=\"agilemarketingfinland\">Agiln\u00ed marketing ve Finsku<\/h2>\n\n\n\n<p>P\u0159ehled literatury a p\u0159\u00edsp\u011bvky k souboru znalost\u00ed o agiln\u00edm marketingu z Finska se p\u0159ipravuje - T\u00e9mata: Agiln\u00ed marketing finsko ketter\u00e4 markkinointi.<\/p>\n\n\n\n<h2 class=\"wp-block-heading\">Sv\u011bt agiln\u00edho marketingu: Finsk\u00e9 univerzity<\/h2>\n\n\n\n<p>P\u0159ehled literatury o marketingov\u00e9 agilit\u011b na finsk\u00fdch univerzit\u00e1ch a v\u00fdzkumn\u00ed pracovn\u00edci ve Finsku, kte\u0159\u00ed p\u0159ij\u00edmaj\u00ed nebo vyjad\u0159uj\u00ed hodnoty Manifestu agiln\u00edho marketingu: \"L\u00f6yd\u00e4mme parempia tapoja tuottaa arvoa asiakkaillemme ja organisaatioillemme tekem\u00e4ll\u00e4 markkinointia uusilla tavoilla\" - <a href=\"https:\/\/agilemarketingmanifesto.org\/languages\/finnish\/\" target=\"_blank\" rel=\"noreferrer noopener\">https:\/\/agilemarketingmanifesto.org\/languages\/finnish\/<\/a><\/p>\n\n\n\n<h2 class=\"wp-block-heading\">V\u00fdzkum agiln\u00edho marketingu ve Finsku<\/h2>\n\n\n\n<h4 class=\"wp-block-heading\">Finsk\u00e9 univerzity: R\u016fstov\u00fd hacking<\/h4>\n\n\n\n<h3 class=\"wp-block-heading\">Univerzita aplikovan\u00fdch v\u011bd Haaga-Helia, Finsko<\/h3>\n\n\n\n<h4 class=\"wp-block-heading\"><strong>Marko M\u00e4ki a Tuija Toivola<\/strong><\/h4>\n\n\n\n<h6 class=\"wp-block-heading\">2021<\/h6>\n\n\n\n<p>\"Spole\u010dnost eCom pot\u0159ebuje strategie pro sv\u016fj zp\u016fsob fungov\u00e1n\u00ed spolu s agiln\u00edmi marketingov\u00fdmi taktikami a akcemi na vybran\u00fdch trz\u00edch.\"<\/p>\n\n\n\n<p>M\u00e4ki, M., &amp; Toivola, T. 2021. Global Market Entry for Finnish SME eCommerce Companies (Vstup finsk\u00fdch mal\u00fdch a st\u0159edn\u00edch podnik\u016f v oblasti elektronick\u00e9ho obchodu na glob\u00e1ln\u00ed trh).&nbsp;<em>P\u0159ehled \u0159\u00edzen\u00ed technologick\u00fdch inovac\u00ed<\/em>, 11(1): 11-21. <\/p>\n\n\n\n<p><a href=\"http:\/\/doi.org\/10.22215\/timreview\/1413\" target=\"_blank\" rel=\"noreferrer noopener\">http:\/\/doi.org\/10.22215\/timreview\/1413 <\/a><\/p>","protected":false},"excerpt":{"rendered":"<p>Agile Marketing in Finland The Literature Review and contributions to the Body of Knowledge on Agile Marketing from Finland is under Development &#8211; Topics: Agile marketing finland ketter\u00e4 markkinointi. Agile Marketing World: Finnish Universities Literature Review of Marketing Agility in Finnish Universities and Researchers in Finland embracing or expressing the Agile Marketing Manifesto Values: \u201cL\u00f6yd\u00e4mme [&hellip;]<\/p>","protected":false},"author":1,"featured_media":0,"parent":0,"menu_order":0,"comment_status":"closed","ping_status":"closed","template":"","meta":{"footnotes":""},"class_list":["post-131","page","type-page","status-publish","hentry"],"yoast_head":"<!-- This site is optimized with the Yoast SEO plugin v24.9 - https:\/\/yoast.com\/wordpress\/plugins\/seo\/ -->\n<title>Business Agility Finland - Agile HR, Agile Sales &amp; Marketing, Agile Finance<\/title>\n<meta name=\"description\" content=\"Business Agility, Agile Sales, Agile HR and Agile Marketing in Finland Universities. Agility in Business Research and Education in Finland\" \/>\n<meta name=\"robots\" content=\"index, follow, max-snippet:-1, max-image-preview:large, max-video-preview:-1\" \/>\n<link rel=\"canonical\" href=\"https:\/\/businessagility.education\/blog\/cs\/business-agility-finland\/\" \/>\n<meta property=\"og:locale\" content=\"cs_CZ\" \/>\n<meta property=\"og:type\" content=\"article\" \/>\n<meta property=\"og:title\" content=\"Business Agility Finland - Agile HR, Agile Sales &amp; Marketing, Agile Finance\" \/>\n<meta property=\"og:description\" content=\"Business Agility, Agile Sales, Agile HR and Agile Marketing in Finland Universities. Agility in Business Research and Education in Finland\" \/>\n<meta property=\"og:url\" content=\"https:\/\/businessagility.education\/blog\/cs\/business-agility-finland\/\" \/>\n<meta property=\"og:site_name\" content=\"Business Agility+AI\" \/>\n<meta property=\"og:image\" content=\"https:\/\/businessagility.education\/blog\/wp-content\/uploads\/2022\/08\/business-agility-blog-finland.png\" \/>\n<meta name=\"twitter:card\" content=\"summary_large_image\" \/>\n<meta name=\"twitter:label1\" content=\"Odhadovan\u00e1 doba \u010dten\u00ed\" \/>\n\t<meta name=\"twitter:data1\" content=\"1 minuta\" \/>\n<script type=\"application\/ld+json\" class=\"yoast-schema-graph\">{\"@context\":\"https:\/\/schema.org\",\"@graph\":[{\"@type\":\"WebPage\",\"@id\":\"https:\/\/businessagility.education\/blog\/business-agility-finland\/\",\"url\":\"https:\/\/businessagility.education\/blog\/business-agility-finland\/\",\"name\":\"Business Agility Finland - Agile HR, Agile Sales & Marketing, Agile Finance\",\"isPartOf\":{\"@id\":\"https:\/\/businessagility.education\/blog\/#website\"},\"primaryImageOfPage\":{\"@id\":\"https:\/\/businessagility.education\/blog\/business-agility-finland\/#primaryimage\"},\"image\":{\"@id\":\"https:\/\/businessagility.education\/blog\/business-agility-finland\/#primaryimage\"},\"thumbnailUrl\":\"https:\/\/businessagility.education\/blog\/wp-content\/uploads\/2022\/08\/business-agility-blog-finland.png\",\"datePublished\":\"2022-08-12T16:58:24+00:00\",\"description\":\"Business Agility, Agile Sales, Agile HR and Agile Marketing in Finland Universities. Agility in Business Research and Education in Finland\",\"breadcrumb\":{\"@id\":\"https:\/\/businessagility.education\/blog\/business-agility-finland\/#breadcrumb\"},\"inLanguage\":\"cs\",\"potentialAction\":[{\"@type\":\"ReadAction\",\"target\":[\"https:\/\/businessagility.education\/blog\/business-agility-finland\/\"]}]},{\"@type\":\"ImageObject\",\"inLanguage\":\"cs\",\"@id\":\"https:\/\/businessagility.education\/blog\/business-agility-finland\/#primaryimage\",\"url\":\"https:\/\/businessagility.education\/blog\/wp-content\/uploads\/2022\/08\/business-agility-blog-finland.png\",\"contentUrl\":\"https:\/\/businessagility.education\/blog\/wp-content\/uploads\/2022\/08\/business-agility-blog-finland.png\"},{\"@type\":\"BreadcrumbList\",\"@id\":\"https:\/\/businessagility.education\/blog\/business-agility-finland\/#breadcrumb\",\"itemListElement\":[{\"@type\":\"ListItem\",\"position\":1,\"name\":\"Home\",\"item\":\"https:\/\/businessagility.education\/blog\/\"},{\"@type\":\"ListItem\",\"position\":2,\"name\":\"Business Agility Finland\"}]},{\"@type\":\"WebSite\",\"@id\":\"https:\/\/businessagility.education\/blog\/#website\",\"url\":\"https:\/\/businessagility.education\/blog\/\",\"name\":\"Business Agility+AI\",\"description\":\"The Business Agility + Artificial Intelligence Blog\",\"publisher\":{\"@id\":\"https:\/\/businessagility.education\/blog\/#organization\"},\"potentialAction\":[{\"@type\":\"SearchAction\",\"target\":{\"@type\":\"EntryPoint\",\"urlTemplate\":\"https:\/\/businessagility.education\/blog\/?s={search_term_string}\"},\"query-input\":{\"@type\":\"PropertyValueSpecification\",\"valueRequired\":true,\"valueName\":\"search_term_string\"}}],\"inLanguage\":\"cs\"},{\"@type\":\"Organization\",\"@id\":\"https:\/\/businessagility.education\/blog\/#organization\",\"name\":\"Business Agility+AI\",\"url\":\"https:\/\/businessagility.education\/blog\/\",\"logo\":{\"@type\":\"ImageObject\",\"inLanguage\":\"cs\",\"@id\":\"https:\/\/businessagility.education\/blog\/#\/schema\/logo\/image\/\",\"url\":\"https:\/\/businessagility.education\/blog\/wp-content\/uploads\/2022\/06\/business-agility-blog-logo.png\",\"contentUrl\":\"https:\/\/businessagility.education\/blog\/wp-content\/uploads\/2022\/06\/business-agility-blog-logo.png\",\"width\":200,\"height\":100,\"caption\":\"Business Agility+AI\"},\"image\":{\"@id\":\"https:\/\/businessagility.education\/blog\/#\/schema\/logo\/image\/\"}}]}<\/script>\n<!-- \/ Yoast SEO plugin. -->","yoast_head_json":{"title":"Business Agility Finland - Agile HR, Agile Sales & Marketing, Agile Finance","description":"Business Agility, Agile Sales, Agile HR and Agile Marketing in Finland Universities. Agility in Business Research and Education in Finland","robots":{"index":"index","follow":"follow","max-snippet":"max-snippet:-1","max-image-preview":"max-image-preview:large","max-video-preview":"max-video-preview:-1"},"canonical":"https:\/\/businessagility.education\/blog\/cs\/business-agility-finland\/","og_locale":"cs_CZ","og_type":"article","og_title":"Business Agility Finland - Agile HR, Agile Sales & Marketing, Agile Finance","og_description":"Business Agility, Agile Sales, Agile HR and Agile Marketing in Finland Universities. Agility in Business Research and Education in Finland","og_url":"https:\/\/businessagility.education\/blog\/cs\/business-agility-finland\/","og_site_name":"Business Agility+AI","og_image":[{"url":"https:\/\/businessagility.education\/blog\/wp-content\/uploads\/2022\/08\/business-agility-blog-finland.png","type":"","width":"","height":""}],"twitter_card":"summary_large_image","twitter_misc":{"Odhadovan\u00e1 doba \u010dten\u00ed":"1 minuta"},"schema":{"@context":"https:\/\/schema.org","@graph":[{"@type":"WebPage","@id":"https:\/\/businessagility.education\/blog\/business-agility-finland\/","url":"https:\/\/businessagility.education\/blog\/business-agility-finland\/","name":"Business Agility Finland - Agile HR, Agile Sales & Marketing, Agile Finance","isPartOf":{"@id":"https:\/\/businessagility.education\/blog\/#website"},"primaryImageOfPage":{"@id":"https:\/\/businessagility.education\/blog\/business-agility-finland\/#primaryimage"},"image":{"@id":"https:\/\/businessagility.education\/blog\/business-agility-finland\/#primaryimage"},"thumbnailUrl":"https:\/\/businessagility.education\/blog\/wp-content\/uploads\/2022\/08\/business-agility-blog-finland.png","datePublished":"2022-08-12T16:58:24+00:00","description":"Business Agility, Agile Sales, Agile HR and Agile Marketing in Finland Universities. Agility in Business Research and Education in Finland","breadcrumb":{"@id":"https:\/\/businessagility.education\/blog\/business-agility-finland\/#breadcrumb"},"inLanguage":"cs","potentialAction":[{"@type":"ReadAction","target":["https:\/\/businessagility.education\/blog\/business-agility-finland\/"]}]},{"@type":"ImageObject","inLanguage":"cs","@id":"https:\/\/businessagility.education\/blog\/business-agility-finland\/#primaryimage","url":"https:\/\/businessagility.education\/blog\/wp-content\/uploads\/2022\/08\/business-agility-blog-finland.png","contentUrl":"https:\/\/businessagility.education\/blog\/wp-content\/uploads\/2022\/08\/business-agility-blog-finland.png"},{"@type":"BreadcrumbList","@id":"https:\/\/businessagility.education\/blog\/business-agility-finland\/#breadcrumb","itemListElement":[{"@type":"ListItem","position":1,"name":"Home","item":"https:\/\/businessagility.education\/blog\/"},{"@type":"ListItem","position":2,"name":"Business Agility Finland"}]},{"@type":"WebSite","@id":"https:\/\/businessagility.education\/blog\/#website","url":"https:\/\/businessagility.education\/blog\/","name":"Business Agility+AI","description":"The Business Agility + Artificial Intelligence Blog","publisher":{"@id":"https:\/\/businessagility.education\/blog\/#organization"},"potentialAction":[{"@type":"SearchAction","target":{"@type":"EntryPoint","urlTemplate":"https:\/\/businessagility.education\/blog\/?s={search_term_string}"},"query-input":{"@type":"PropertyValueSpecification","valueRequired":true,"valueName":"search_term_string"}}],"inLanguage":"cs"},{"@type":"Organization","@id":"https:\/\/businessagility.education\/blog\/#organization","name":"Business Agility+AI","url":"https:\/\/businessagility.education\/blog\/","logo":{"@type":"ImageObject","inLanguage":"cs","@id":"https:\/\/businessagility.education\/blog\/#\/schema\/logo\/image\/","url":"https:\/\/businessagility.education\/blog\/wp-content\/uploads\/2022\/06\/business-agility-blog-logo.png","contentUrl":"https:\/\/businessagility.education\/blog\/wp-content\/uploads\/2022\/06\/business-agility-blog-logo.png","width":200,"height":100,"caption":"Business Agility+AI"},"image":{"@id":"https:\/\/businessagility.education\/blog\/#\/schema\/logo\/image\/"}}]}},"_links":{"self":[{"href":"https:\/\/businessagility.education\/blog\/cs\/wp-json\/wp\/v2\/pages\/131","targetHints":{"allow":["GET"]}}],"collection":[{"href":"https:\/\/businessagility.education\/blog\/cs\/wp-json\/wp\/v2\/pages"}],"about":[{"href":"https:\/\/businessagility.education\/blog\/cs\/wp-json\/wp\/v2\/types\/page"}],"author":[{"embeddable":true,"href":"https:\/\/businessagility.education\/blog\/cs\/wp-json\/wp\/v2\/users\/1"}],"replies":[{"embeddable":true,"href":"https:\/\/businessagility.education\/blog\/cs\/wp-json\/wp\/v2\/comments?post=131"}],"version-history":[{"count":1,"href":"https:\/\/businessagility.education\/blog\/cs\/wp-json\/wp\/v2\/pages\/131\/revisions"}],"predecessor-version":[{"id":133,"href":"https:\/\/businessagility.education\/blog\/cs\/wp-json\/wp\/v2\/pages\/131\/revisions\/133"}],"wp:attachment":[{"href":"https:\/\/businessagility.education\/blog\/cs\/wp-json\/wp\/v2\/media?parent=131"}],"curies":[{"name":"wp","href":"https:\/\/api.w.org\/{rel}","templated":true}]}}