{"id":127,"date":"2022-08-12T12:17:05","date_gmt":"2022-08-12T16:17:05","guid":{"rendered":"https:\/\/businessagility.education\/blog\/?page_id=127"},"modified":"2026-03-06T17:38:08","modified_gmt":"2026-03-06T22:38:08","slug":"business-agility-canada","status":"publish","type":"page","link":"https:\/\/businessagility.education\/blog\/cs\/business-agility-canada\/","title":{"rendered":"Business Agility Kanada"},"content":{"rendered":"<figure class=\"wp-block-image size-full\"><img loading=\"lazy\" decoding=\"async\" width=\"640\" height=\"427\" src=\"https:\/\/businessagility.education\/blog\/wp-content\/uploads\/2022\/08\/business-agility-blog-canada.png\" alt=\"business agility in canada\" class=\"wp-image-128\" srcset=\"https:\/\/businessagility.education\/blog\/wp-content\/uploads\/2022\/08\/business-agility-blog-canada.png 640w, https:\/\/businessagility.education\/blog\/wp-content\/uploads\/2022\/08\/business-agility-blog-canada-300x200.png 300w, https:\/\/businessagility.education\/blog\/wp-content\/uploads\/2022\/08\/business-agility-blog-canada-18x12.png 18w\" sizes=\"auto, (max-width: 640px) 100vw, 640px\" \/><\/figure>\n\n\n\n<h2 class=\"wp-block-heading\" id=\"agilemarketingcanada\">Agiln\u00ed marketing v Kanad\u011b<\/h2>\n\n\n\n<h5 class=\"wp-block-heading\">Vzd\u011bl\u00e1v\u00e1n\u00ed v oblasti agiln\u00edho marketingu: Kanadsk\u00e9 univerzity - University of Toronto &amp; Concordia University<\/h5>\n\n\n\n<p><span style=\"font-size: revert;\">Z\u00e1jem o vzd\u011bl\u00e1v\u00e1n\u00ed v oblasti agiln\u00edho marketingu roste rychl\u00fdm tempem a v Kanad\u011b je nyn\u00ed na univerzit\u00e1ch nab\u00edzena \u0159ada kurz\u016f agiln\u00edho marketingu - konkr\u00e9tn\u011b pro studenty marketingu a profesory na univerzit\u00e1ch.<\/span><\/p>\n\n\n\n<p>Z\u00e1jem o vzd\u011bl\u00e1v\u00e1n\u00ed v oblasti agiln\u00edho marketingu roste rychl\u00fdm tempem a v Kanad\u011b jsou nyn\u00ed na univerzit\u00e1ch nab\u00edzeny dva kurzy agiln\u00edho marketingu - konkr\u00e9tn\u011b pro studenty marketingu a profesory na univerzit\u00e1ch.<\/p>\n\n\n\n<p>Kurzy \u00davod do agiln\u00edho marketingu jsou ur\u010deny market\u00e9r\u016fm, kte\u0159\u00ed cht\u011bj\u00ed za\u010d\u00edt svou cestu agiln\u00edho marketingu nebo \u0159e\u0161it pot\u0159ebu transformace marketingu prost\u0159ednictv\u00edm hodnot a princip\u016f zalo\u017een\u00fdch na agilit\u011b. P\u0159esn\u011bji \u0159e\u010deno, tyto kurzy vysv\u011btluj\u00ed, jak v marketingu vyu\u017e\u00edt s\u00edlu agility podnik\u00e1n\u00ed a vyhnout se zakotven\u00ed v silov\u00fdch struktur\u00e1ch - co\u017e br\u00e1n\u00ed v\u010dasn\u00e9 reakci na pot\u0159eby z\u00e1kazn\u00edk\u016f a nov\u00e9 p\u0159\u00edle\u017eitosti.<\/p>\n\n\n\n<p>Studenti b\u011bhem cel\u00e9ho semestru vykon\u00e1vaj\u00ed praktick\u00e9 \u010dinnosti, kter\u00e9 lze uplatnit v marketingu. To vede k rozvoji kompetenc\u00ed nezbytn\u00fdch pro zlep\u0161en\u00ed marketingov\u00fdch operac\u00ed prost\u0159ednictv\u00edm agility.<\/p>\n\n\n\n<h3 class=\"wp-block-heading\">Stav agiln\u00edho marketingu v Kanad\u011b<\/h3>\n\n\n\n<p>Kurzy Agility by m\u011bly b\u00fdt navr\u017eeny agiln\u00edm zp\u016fsobem s vyu\u017eit\u00edm osv\u011bd\u010den\u00fdch postup\u016f v oblasti vzd\u011bl\u00e1vac\u00edch technologi\u00ed, kurzy by m\u011bly b\u00fdt speci\u00e1ln\u011b navr\u017eeny tak, aby p\u0159in\u00e1\u0161ely lep\u0161\u00ed v\u00fdsledky u\u010den\u00ed prost\u0159ednictv\u00edm vyu\u017eit\u00ed a aplikace:<\/p>\n\n\n\n<p><strong>Z\u00e1\u017eitkov\u00e9 u\u010den\u00ed:<\/strong><br>-Ran\u00e9 sezn\u00e1men\u00ed s koncepty a n\u00e1sledn\u00e1 praktick\u00e1 cvi\u010den\u00ed a simulace<br>-Postupn\u00e9 navazov\u00e1n\u00ed na kl\u00ed\u010dov\u00e9 poznatky<\/p>\n\n\n\n<p><strong>Design Planning Sequence for Effective Evaluation (Wiggins):<\/strong><br>-Cvi\u010den\u00ed individu\u00e1ln\u00ed a skupinov\u00e1 - Formativn\u00ed a sumativn\u00ed hodnocen\u00ed<br>-Rubriky, kter\u00e9 pom\u00e1haj\u00ed posoudit pokrok \u017e\u00e1ka<\/p>\n\n\n\n<p><strong>Optimalizace po\u0159ad\u00ed kurz\u016f:<\/strong><br>-Sekvence navazuje na p\u0159edchoz\u00ed koncepty u\u010den\u00ed, jako je nap\u0159\u00edklad le\u0161en\u00ed (Vygotsky).<\/p>\n\n\n\n<p><strong>Metakognitivn\u00ed:<\/strong><br>-Aktivace p\u0159edchoz\u00edho u\u010den\u00ed na nov\u00e1 t\u00e9mata; od p\u0159\u00edstupn\u00e9ho ke slo\u017eit\u00e9mu<br>-\u010cas na reflexi na konci retrospektivy<\/p>\n\n\n\n<p><strong>Relevance Zvy\u0161ov\u00e1n\u00ed anga\u017eovanosti:<\/strong><br>-Lekto\u0159i mohou za\u010d\u00edt cestu agiln\u00edho marketingu a vytvo\u0159it si pl\u00e1n, aby urychlili p\u0159enos u\u010den\u00ed do re\u00e1ln\u00e9 pr\u00e1ce.<\/p>\n\n\n\n<p><\/p>\n\n\n\n<p><\/p>\n\n\n\n<h2 class=\"wp-block-heading\">Agiln\u00ed marketing na univerzit\u011b v Kanad\u011b<\/h2>\n\n\n\n<p><\/p>\n\n\n\n<h3 class=\"wp-block-heading\">Concordia University<\/h3>\n\n\n\n<h4 class=\"wp-block-heading\">Thomas Hormaza Dow<\/h4>\n\n\n\n<h6 class=\"wp-block-heading\">2021 Vzd\u011bl\u00e1v\u00e1n\u00ed a \u0161kolen\u00ed v oblasti agiln\u00edho marketingu<\/h6>\n\n\n\n<p>Kurz agiln\u00edho marketingu v Montrealu, Kanada<\/p>\n\n\n\n<h4 class=\"wp-block-heading\">POPIS KURZU AGILN\u00cdHO MARKETINGU CONCORDIA<\/h4>\n\n\n\n<p>V tomto kurzu se studenti sezn\u00e1m\u00ed s principy agiln\u00edho marketingu, hodnotami a s t\u00edm, jak se ka\u017ed\u00fd market\u00e9r p\u0159izp\u016fsobuje dne\u0161n\u00edmu tr\u017en\u00edmu prost\u0159ed\u00ed, kter\u00e9 je su\u017eov\u00e1no nest\u00e1lost\u00ed, nejistotou, slo\u017eitost\u00ed a nejednozna\u010dnost\u00ed. Studenti zjist\u00ed, jak se agiln\u00ed marketing prosazuje jako zp\u016fsob my\u0161len\u00ed, pr\u00e1ce a sd\u00edlen\u00ed v kanadsk\u00fdch organizac\u00edch s c\u00edlem poskytnout maxim\u00e1ln\u00ed hodnotu sv\u00e9 spole\u010dnosti a z\u00e1kazn\u00edk\u016fm.<\/p>\n\n\n\n<h4 class=\"wp-block-heading\">U\u010cEN\u00cd SE AGILN\u00cdMU MARKETINGU<\/h4>\n\n\n\n<ul class=\"wp-block-list\">\n<li>Market\u00e9\u0159i pochop\u00ed z\u00e1klady agiln\u00edho marketingu a zjist\u00ed, jak mohou agiln\u00ed hodnoty zm\u011bnit zp\u016fsob, jak\u00fdm v marketingu p\u0159em\u00fd\u0161l\u00edme, pracujeme a sd\u00edl\u00edme.<\/li>\n\n\n\n<li>Market\u00e9\u0159i budou v\u011bd\u011bt, jak realizovat minim\u00e1ln\u011b \u017eivotaschopn\u00e9 kampan\u011b, kter\u00e9 posiluj\u00ed d\u016fv\u011bru zalo\u017eenou na skute\u010dn\u00fdch pot\u0159eb\u00e1ch z\u00e1kazn\u00edk\u016f.<\/li>\n\n\n\n<li>Market\u00e9\u0159i budou v\u011bd\u011bt, jak rozli\u0161ovat mezi n\u00e1zory a ov\u011b\u0159en\u00fdmi poznatky prost\u0159ednictv\u00edm experiment\u016f zalo\u017een\u00fdch na datech.<\/li>\n\n\n\n<li>Market\u00e9\u0159i budou schopni vybrat marketingov\u00e9 pr\u00e1ce a kl\u00ed\u010dov\u00e9 ukazatele v\u00fdkonnosti, kter\u00e9 up\u0159ednost\u0148uj\u00ed hodnotu pro z\u00e1kazn\u00edka a zaji\u0161\u0165uj\u00ed vy\u0161\u0161\u00ed \u00farove\u0148 \u00fasp\u011bchu.<\/li>\n<\/ul>\n\n\n\n<p><a href=\"https:\/\/www.concordia.ca\/cce\/courses\/ceps-1128eo-intoduction-to-agile-marketing.html\" target=\"_blank\" rel=\"noreferrer noopener\">Concordia University Odkaz na kurz<\/a><\/p>\n\n\n\n<h4 class=\"wp-block-heading\">OT\u00c1ZKY PRO V\u00ddZKUM AGILN\u00cdHO MARKETINGU<\/h4>\n\n\n\n<p>Thomas Hormaza Dow V\u00fdzkumn\u00e9 projekty<\/p>\n\n\n\n<p><a href=\"https:\/\/www.researchgate.net\/project\/Crowdsourced-Creation-of-an-Agile-Sales-Manifesto\" target=\"_blank\" rel=\"noreferrer noopener\">Vytvo\u0159en\u00ed manifestu agiln\u00edho prodeje pomoc\u00ed crowdsourcingu<\/a><\/p>\n\n\n\n<h3 class=\"wp-block-heading\">Agiln\u00ed marketing v datov\u00e9 v\u011bd\u011b<\/h3>\n\n\n\n<h4 class=\"wp-block-heading\"><strong>University of British Columbia<\/strong><\/h4>\n\n\n\n<h6 class=\"wp-block-heading\">2021 Vzd\u011bl\u00e1v\u00e1n\u00ed v oblasti datov\u00e9 v\u011bdy a agiln\u00edho marketingu<\/h6>\n\n\n\n<p>Kurz agiln\u00edho marketingu pro datov\u00e9 v\u011bdce ve Vancouveru, Kanada<\/p>\n\n\n\n<h4 class=\"wp-block-heading\">POPIS KURZU AGILN\u00cdHO MARKETINGU UBC<\/h4>\n\n\n\n<p>Kurz se zab\u00fdv\u00e1 \u010dty\u0159mi z\u00e1kladn\u00edmi kameny, kter\u00e9 definuj\u00ed agiln\u00ed marketingov\u00fd projekt: iterativn\u00ed a inkrement\u00e1ln\u00ed dod\u00e1vky, empirick\u00e1 kontrola proces\u016f, samoorganizovan\u00e9 t\u00fdmy a informa\u010dn\u00ed z\u00e1\u0159i\u010de. \u00da\u010dastn\u00edci budou m\u00edt p\u0159\u00edle\u017eitost vyzkou\u0161et si r\u016fzn\u00e9 prvky agiln\u00edho marketingov\u00e9ho projektu, od iterativn\u00edho a inkrement\u00e1ln\u00edho doru\u010dov\u00e1n\u00ed a\u017e po empirickou kontrolu postupu prac\u00ed na projektu, a to ve vysoce interaktivn\u00edm prost\u0159ed\u00ed workshopu.<\/p>\n\n\n\n<h4 class=\"wp-block-heading\">U\u010cEN\u00cd SE AGILN\u00cdMU MARKETINGU<\/h4>\n\n\n\n<ul class=\"wp-block-list\">\n<li>Vypracov\u00e1n\u00ed podrobn\u00e9ho prohl\u00e1\u0161en\u00ed o rozsahu s up\u0159esn\u011bn\u00fdmi c\u00edli, v\u00fdstupy a z\u00e1kladn\u00edmi \u00fadaji pro \u0159\u00edzen\u00ed rozsahu.<\/li>\n\n\n\n<li>Identifikace kontroln\u00edch mechanism\u016f projektu pro dosa\u017een\u00ed \u00fasp\u011b\u0161n\u00e9ho projektu<\/li>\n\n\n\n<li>Nast\u00ednit kl\u00ed\u010dov\u00e9 aspekty efektivn\u00ed komunikace v r\u00e1mci projektu<\/li>\n\n\n\n<li>Ch\u00e1p\u00e1n\u00ed hodnoty iterativn\u00edho a inkrement\u00e1ln\u00edho v\u00fdvoje pro u\u010den\u00ed, \u0159\u00edzen\u00ed rizik a sledov\u00e1n\u00ed pokroku.<\/li>\n\n\n\n<li>Zjist\u011bte, jak vytvo\u0159it prost\u0159ed\u00ed podporuj\u00edc\u00ed vysokou v\u00fdkonnost.<\/li>\n\n\n\n<li>Sledov\u00e1n\u00ed a \u0159\u00edzen\u00ed iterativn\u00edho a postupn\u00e9ho projektu s mal\u00fdmi re\u017eijn\u00edmi n\u00e1klady.<\/li>\n<\/ul>\n\n\n\n<p><a href=\"https:\/\/continuingstudies.sauder.ubc.ca\/courses\/agile-marketing\/iv825\" target=\"_blank\" rel=\"noreferrer noopener\">Odkaz na kurz UBC<\/a> <\/p>","protected":false},"excerpt":{"rendered":"<p>Agiln\u00ed marketing v Kanad\u011b Vzd\u011bl\u00e1v\u00e1n\u00ed v oblasti agiln\u00edho marketingu: Z\u00e1jem o vzd\u011bl\u00e1v\u00e1n\u00ed v oblasti agiln\u00edho marketingu roste rychl\u00fdm tempem a v Kanad\u011b se nyn\u00ed nab\u00edz\u00ed \u0159ada kurz\u016f agiln\u00edho marketingu na univerzit\u00e1ch - konkr\u00e9tn\u011b pro studenty marketingu a profesory na univerzit\u00e1ch. Z\u00e1jem o agiln\u00ed marketingov\u00e9 vzd\u011bl\u00e1v\u00e1n\u00ed je [...]<\/p>","protected":false},"author":1,"featured_media":0,"parent":0,"menu_order":0,"comment_status":"closed","ping_status":"closed","template":"","meta":{"footnotes":""},"class_list":["post-127","page","type-page","status-publish","hentry"],"yoast_head":"<!-- This site is optimized with the Yoast SEO plugin v24.9 - https:\/\/yoast.com\/wordpress\/plugins\/seo\/ -->\n<title>Business Agility Canada - Agile HR, Agile Sales &amp; Marketing, Agile Finance<\/title>\n<meta name=\"description\" content=\"Business Agility, Agile Sales, Agile HR and Agile Marketing in Canadian Universities. Agility in Business Research and Education in Canada\" \/>\n<meta name=\"robots\" content=\"index, follow, max-snippet:-1, max-image-preview:large, max-video-preview:-1\" \/>\n<link rel=\"canonical\" href=\"https:\/\/businessagility.education\/blog\/cs\/business-agility-canada\/\" \/>\n<meta property=\"og:locale\" content=\"cs_CZ\" \/>\n<meta property=\"og:type\" content=\"article\" \/>\n<meta property=\"og:title\" content=\"Business Agility Canada - Agile HR, Agile Sales &amp; Marketing, Agile Finance\" \/>\n<meta property=\"og:description\" content=\"Business Agility, Agile Sales, Agile HR and Agile Marketing in Canadian Universities. Agility in Business Research and Education in Canada\" \/>\n<meta property=\"og:url\" content=\"https:\/\/businessagility.education\/blog\/cs\/business-agility-canada\/\" \/>\n<meta property=\"og:site_name\" content=\"Business Agility+AI\" \/>\n<meta property=\"article:modified_time\" content=\"2026-03-06T22:38:08+00:00\" \/>\n<meta property=\"og:image\" content=\"https:\/\/businessagility.education\/blog\/wp-content\/uploads\/2022\/08\/business-agility-blog-canada.png\" \/>\n\t<meta property=\"og:image:width\" content=\"640\" \/>\n\t<meta property=\"og:image:height\" content=\"427\" \/>\n\t<meta property=\"og:image:type\" content=\"image\/png\" \/>\n<meta name=\"twitter:card\" content=\"summary_large_image\" \/>\n<meta name=\"twitter:label1\" content=\"Odhadovan\u00e1 doba \u010dten\u00ed\" \/>\n\t<meta name=\"twitter:data1\" content=\"3 minuty\" \/>\n<script type=\"application\/ld+json\" class=\"yoast-schema-graph\">{\"@context\":\"https:\/\/schema.org\",\"@graph\":[{\"@type\":\"WebPage\",\"@id\":\"https:\/\/businessagility.education\/blog\/business-agility-canada\/\",\"url\":\"https:\/\/businessagility.education\/blog\/business-agility-canada\/\",\"name\":\"Business Agility Canada - Agile HR, Agile Sales & Marketing, Agile Finance\",\"isPartOf\":{\"@id\":\"https:\/\/businessagility.education\/blog\/#website\"},\"primaryImageOfPage\":{\"@id\":\"https:\/\/businessagility.education\/blog\/business-agility-canada\/#primaryimage\"},\"image\":{\"@id\":\"https:\/\/businessagility.education\/blog\/business-agility-canada\/#primaryimage\"},\"thumbnailUrl\":\"https:\/\/businessagility.education\/blog\/wp-content\/uploads\/2022\/08\/business-agility-blog-canada.png\",\"datePublished\":\"2022-08-12T16:17:05+00:00\",\"dateModified\":\"2026-03-06T22:38:08+00:00\",\"description\":\"Business Agility, Agile Sales, Agile HR and Agile Marketing in Canadian Universities. Agility in Business Research and Education in Canada\",\"breadcrumb\":{\"@id\":\"https:\/\/businessagility.education\/blog\/business-agility-canada\/#breadcrumb\"},\"inLanguage\":\"cs\",\"potentialAction\":[{\"@type\":\"ReadAction\",\"target\":[\"https:\/\/businessagility.education\/blog\/business-agility-canada\/\"]}]},{\"@type\":\"ImageObject\",\"inLanguage\":\"cs\",\"@id\":\"https:\/\/businessagility.education\/blog\/business-agility-canada\/#primaryimage\",\"url\":\"https:\/\/businessagility.education\/blog\/wp-content\/uploads\/2022\/08\/business-agility-blog-canada.png\",\"contentUrl\":\"https:\/\/businessagility.education\/blog\/wp-content\/uploads\/2022\/08\/business-agility-blog-canada.png\"},{\"@type\":\"BreadcrumbList\",\"@id\":\"https:\/\/businessagility.education\/blog\/business-agility-canada\/#breadcrumb\",\"itemListElement\":[{\"@type\":\"ListItem\",\"position\":1,\"name\":\"Home\",\"item\":\"https:\/\/businessagility.education\/blog\/\"},{\"@type\":\"ListItem\",\"position\":2,\"name\":\"Business Agility Canada\"}]},{\"@type\":\"WebSite\",\"@id\":\"https:\/\/businessagility.education\/blog\/#website\",\"url\":\"https:\/\/businessagility.education\/blog\/\",\"name\":\"Business Agility+AI\",\"description\":\"The Business Agility + Artificial Intelligence Blog\",\"publisher\":{\"@id\":\"https:\/\/businessagility.education\/blog\/#organization\"},\"potentialAction\":[{\"@type\":\"SearchAction\",\"target\":{\"@type\":\"EntryPoint\",\"urlTemplate\":\"https:\/\/businessagility.education\/blog\/?s={search_term_string}\"},\"query-input\":{\"@type\":\"PropertyValueSpecification\",\"valueRequired\":true,\"valueName\":\"search_term_string\"}}],\"inLanguage\":\"cs\"},{\"@type\":\"Organization\",\"@id\":\"https:\/\/businessagility.education\/blog\/#organization\",\"name\":\"Business Agility+AI\",\"url\":\"https:\/\/businessagility.education\/blog\/\",\"logo\":{\"@type\":\"ImageObject\",\"inLanguage\":\"cs\",\"@id\":\"https:\/\/businessagility.education\/blog\/#\/schema\/logo\/image\/\",\"url\":\"https:\/\/businessagility.education\/blog\/wp-content\/uploads\/2022\/06\/business-agility-blog-logo.png\",\"contentUrl\":\"https:\/\/businessagility.education\/blog\/wp-content\/uploads\/2022\/06\/business-agility-blog-logo.png\",\"width\":200,\"height\":100,\"caption\":\"Business Agility+AI\"},\"image\":{\"@id\":\"https:\/\/businessagility.education\/blog\/#\/schema\/logo\/image\/\"}}]}<\/script>\n<!-- \/ Yoast SEO plugin. -->","yoast_head_json":{"title":"Business Agility Canada - Agile HR, Agile Sales & Marketing, Agile Finance","description":"Business Agility, Agile Sales, Agile HR and Agile Marketing in Canadian Universities. Agility in Business Research and Education in Canada","robots":{"index":"index","follow":"follow","max-snippet":"max-snippet:-1","max-image-preview":"max-image-preview:large","max-video-preview":"max-video-preview:-1"},"canonical":"https:\/\/businessagility.education\/blog\/cs\/business-agility-canada\/","og_locale":"cs_CZ","og_type":"article","og_title":"Business Agility Canada - Agile HR, Agile Sales & Marketing, Agile Finance","og_description":"Business Agility, Agile Sales, Agile HR and Agile Marketing in Canadian Universities. Agility in Business Research and Education in Canada","og_url":"https:\/\/businessagility.education\/blog\/cs\/business-agility-canada\/","og_site_name":"Business Agility+AI","article_modified_time":"2026-03-06T22:38:08+00:00","og_image":[{"width":640,"height":427,"url":"https:\/\/businessagility.education\/blog\/wp-content\/uploads\/2022\/08\/business-agility-blog-canada.png","type":"image\/png"}],"twitter_card":"summary_large_image","twitter_misc":{"Odhadovan\u00e1 doba \u010dten\u00ed":"3 minuty"},"schema":{"@context":"https:\/\/schema.org","@graph":[{"@type":"WebPage","@id":"https:\/\/businessagility.education\/blog\/business-agility-canada\/","url":"https:\/\/businessagility.education\/blog\/business-agility-canada\/","name":"Business Agility Canada - Agile HR, Agile Sales & Marketing, Agile Finance","isPartOf":{"@id":"https:\/\/businessagility.education\/blog\/#website"},"primaryImageOfPage":{"@id":"https:\/\/businessagility.education\/blog\/business-agility-canada\/#primaryimage"},"image":{"@id":"https:\/\/businessagility.education\/blog\/business-agility-canada\/#primaryimage"},"thumbnailUrl":"https:\/\/businessagility.education\/blog\/wp-content\/uploads\/2022\/08\/business-agility-blog-canada.png","datePublished":"2022-08-12T16:17:05+00:00","dateModified":"2026-03-06T22:38:08+00:00","description":"Business Agility, Agile Sales, Agile HR and Agile Marketing in Canadian Universities. Agility in Business Research and Education in Canada","breadcrumb":{"@id":"https:\/\/businessagility.education\/blog\/business-agility-canada\/#breadcrumb"},"inLanguage":"cs","potentialAction":[{"@type":"ReadAction","target":["https:\/\/businessagility.education\/blog\/business-agility-canada\/"]}]},{"@type":"ImageObject","inLanguage":"cs","@id":"https:\/\/businessagility.education\/blog\/business-agility-canada\/#primaryimage","url":"https:\/\/businessagility.education\/blog\/wp-content\/uploads\/2022\/08\/business-agility-blog-canada.png","contentUrl":"https:\/\/businessagility.education\/blog\/wp-content\/uploads\/2022\/08\/business-agility-blog-canada.png"},{"@type":"BreadcrumbList","@id":"https:\/\/businessagility.education\/blog\/business-agility-canada\/#breadcrumb","itemListElement":[{"@type":"ListItem","position":1,"name":"Home","item":"https:\/\/businessagility.education\/blog\/"},{"@type":"ListItem","position":2,"name":"Business Agility Canada"}]},{"@type":"WebSite","@id":"https:\/\/businessagility.education\/blog\/#website","url":"https:\/\/businessagility.education\/blog\/","name":"Business Agility+AI","description":"The Business Agility + Artificial Intelligence Blog","publisher":{"@id":"https:\/\/businessagility.education\/blog\/#organization"},"potentialAction":[{"@type":"SearchAction","target":{"@type":"EntryPoint","urlTemplate":"https:\/\/businessagility.education\/blog\/?s={search_term_string}"},"query-input":{"@type":"PropertyValueSpecification","valueRequired":true,"valueName":"search_term_string"}}],"inLanguage":"cs"},{"@type":"Organization","@id":"https:\/\/businessagility.education\/blog\/#organization","name":"Business Agility+AI","url":"https:\/\/businessagility.education\/blog\/","logo":{"@type":"ImageObject","inLanguage":"cs","@id":"https:\/\/businessagility.education\/blog\/#\/schema\/logo\/image\/","url":"https:\/\/businessagility.education\/blog\/wp-content\/uploads\/2022\/06\/business-agility-blog-logo.png","contentUrl":"https:\/\/businessagility.education\/blog\/wp-content\/uploads\/2022\/06\/business-agility-blog-logo.png","width":200,"height":100,"caption":"Business Agility+AI"},"image":{"@id":"https:\/\/businessagility.education\/blog\/#\/schema\/logo\/image\/"}}]}},"_links":{"self":[{"href":"https:\/\/businessagility.education\/blog\/cs\/wp-json\/wp\/v2\/pages\/127","targetHints":{"allow":["GET"]}}],"collection":[{"href":"https:\/\/businessagility.education\/blog\/cs\/wp-json\/wp\/v2\/pages"}],"about":[{"href":"https:\/\/businessagility.education\/blog\/cs\/wp-json\/wp\/v2\/types\/page"}],"author":[{"embeddable":true,"href":"https:\/\/businessagility.education\/blog\/cs\/wp-json\/wp\/v2\/users\/1"}],"replies":[{"embeddable":true,"href":"https:\/\/businessagility.education\/blog\/cs\/wp-json\/wp\/v2\/comments?post=127"}],"version-history":[{"count":3,"href":"https:\/\/businessagility.education\/blog\/cs\/wp-json\/wp\/v2\/pages\/127\/revisions"}],"predecessor-version":[{"id":573,"href":"https:\/\/businessagility.education\/blog\/cs\/wp-json\/wp\/v2\/pages\/127\/revisions\/573"}],"wp:attachment":[{"href":"https:\/\/businessagility.education\/blog\/cs\/wp-json\/wp\/v2\/media?parent=127"}],"curies":[{"name":"wp","href":"https:\/\/api.w.org\/{rel}","templated":true}]}}